{"id":28,"date":"2017-06-28T12:58:21","date_gmt":"2017-06-28T12:58:21","guid":{"rendered":"http:\/\/www.ull.es\/masteres\/desarrollo-y-gestion-de-recursos-humanos\/?page_id=28"},"modified":"2018-09-26T09:27:29","modified_gmt":"2018-09-26T09:27:29","slug":"justificacion-del-titulo","status":"publish","type":"page","link":"https:\/\/www.ull.es\/masteres\/investigacion-en-filosofia\/fr\/justificacion-del-titulo\/","title":{"rendered":"Justification du titre"},"content":{"rendered":"<p>[vc_row][vc_column][vc_column_text]<\/p>\n<h1>Justificaci\u00f3n del t\u00edtulo<\/h1>\n<p>El M\u00e1ster Interuniversitario Universitario en Investigaci\u00f3n en Filosof\u00eda es un Programa Oficial de M\u00e1ster que surge de una transformaci\u00f3n de los m\u00e1steres en Filosof\u00eda ofrecidos por las diferentes universidades que participan. Por una parte, es una transformaci\u00f3n del Programa de M\u00e1ster en Filosof\u00eda Contempor\u00e1nea y sus presupuestos hist\u00f3ricos, impartido actualmente en la Facultad de Filosof\u00eda de la Universidad de Murcia (verificado por ANECA) y del M\u00e1ster de Investigaci\u00f3n en Filosof\u00eda, impartido en la Facultad de Filosof\u00eda de la Universidad de La Laguna (e igualmente verificado por ANECA). El m\u00e1ster es conjunto y \u00fanico para las 3 universidades. La oferta de todas las materias ser\u00e1 la misma para las 3 universidades.<\/p>\n<p>Hemos querido dise\u00f1ar un Programa Interuniversitario que permita por el n\u00famero de\u00a0profesores e investigadores participantes, fortalecer la orientaci\u00f3n investigadora y la\u00a0competitividad nacional e internacional. Queremos con la uni\u00f3n garantizar un liderazgo\u00a0en diferentes \u00e1mbitos de conocimiento filos\u00f3fico con una masa cr\u00edtica suficiente de\u00a0profesores y maestrandos. De hecho, mediante la suma de los recursos de las cuatro\u00a0universidades hemos conseguido:<\/p>\n<ul>\n<li>Un profesorado que cuenta con experiencia docente e investigadora acreditada,\u00a0capaz de desarrollar las especializaciones (en forma de especialidadades) que\u00a0contempla el Programa.<\/li>\n<li>Unos equipos de investigaci\u00f3n que acrediten financiaci\u00f3n p\u00fablica o privada en\u00a0sus l\u00edneas de investigaci\u00f3n y una producci\u00f3n cient\u00edfica de calidad.<\/li>\n<li>Un programa interuniversitario que representa una masa cr\u00edtica relevante dentro\u00a0de las cuatro \u00e1reas (\u00c9st\u00e9tica, \u00c9tica, Filosof\u00eda y L\u00f3gica) en la Filosof\u00eda como\u00a0instituci\u00f3n en Espa\u00f1a.<\/li>\n<\/ul>\n<p>[\/vc_column_text][\/vc_column][\/vc_row]<\/p>\n","protected":false},"excerpt":{"rendered":"<p>[vc_row][vc_column][vc_column_text] Justificaci\u00f3n del t\u00edtulo El M\u00e1ster Interuniversitario Universitario en Investigaci\u00f3n en Filosof\u00eda es un Programa Oficial de M\u00e1ster que surge de una transformaci\u00f3n de los m\u00e1steres en Filosof\u00eda ofrecidos por las diferentes universidades que participan. Por una parte, es una transformaci\u00f3n del Programa de M\u00e1ster en Filosof\u00eda Contempor\u00e1nea y sus presupuestos hist\u00f3ricos, impartido actualmente en&#8230;<\/p>\n","protected":false},"author":1,"featured_media":0,"parent":0,"menu_order":0,"comment_status":"closed","ping_status":"closed","template":"","meta":{"footnotes":""},"class_list":["post-28","page","type-page","status-publish","hentry"],"yoast_head":"<!-- This site is optimized with the Yoast SEO plugin v27.3 - https:\/\/yoast.com\/product\/yoast-seo-wordpress\/ -->\n<title>Justificaci\u00f3n del t\u00edtulo - M\u00e1ster Universitario en Investigaci\u00f3n en Filosof\u00eda<\/title>\n<meta name=\"robots\" content=\"index, follow, max-snippet:-1, max-image-preview:large, max-video-preview:-1\" \/>\n<link rel=\"canonical\" href=\"https:\/\/www.ull.es\/masteres\/investigacion-en-filosofia\/fr\/justificacion-del-titulo\/\" \/>\n<meta property=\"og:locale\" content=\"fr_FR\" \/>\n<meta property=\"og:type\" content=\"article\" \/>\n<meta property=\"og:title\" content=\"Justificaci\u00f3n del t\u00edtulo - M\u00e1ster Universitario en Investigaci\u00f3n en Filosof\u00eda\" \/>\n<meta property=\"og:description\" content=\"[vc_row][vc_column][vc_column_text] Justificaci\u00f3n del t\u00edtulo El M\u00e1ster Interuniversitario Universitario en Investigaci\u00f3n en Filosof\u00eda es un Programa Oficial de M\u00e1ster que surge de una transformaci\u00f3n de los m\u00e1steres en Filosof\u00eda ofrecidos por las diferentes universidades que participan. Por una parte, es una transformaci\u00f3n del Programa de M\u00e1ster en Filosof\u00eda Contempor\u00e1nea y sus presupuestos hist\u00f3ricos, impartido actualmente en...\" \/>\n<meta property=\"og:url\" content=\"https:\/\/www.ull.es\/masteres\/investigacion-en-filosofia\/fr\/justificacion-del-titulo\/\" \/>\n<meta property=\"og:site_name\" content=\"M\u00e1ster Universitario en Investigaci\u00f3n en Filosof\u00eda\" \/>\n<meta property=\"article:modified_time\" content=\"2018-09-26T09:27:29+00:00\" \/>\n<meta name=\"twitter:card\" content=\"summary_large_image\" \/>\n<meta name=\"twitter:label1\" content=\"Dur\u00e9e de lecture estim\u00e9e\" \/>\n\t<meta name=\"twitter:data1\" content=\"1 minute\" \/>\n<script type=\"application\/ld+json\" class=\"yoast-schema-graph\">{\"@context\":\"https:\\\/\\\/schema.org\",\"@graph\":[{\"@type\":\"WebPage\",\"@id\":\"https:\\\/\\\/www.ull.es\\\/masteres\\\/investigacion-en-filosofia\\\/en\\\/justificacion-del-titulo\\\/\",\"url\":\"https:\\\/\\\/www.ull.es\\\/masteres\\\/investigacion-en-filosofia\\\/en\\\/justificacion-del-titulo\\\/\",\"name\":\"Justificaci\u00f3n del t\u00edtulo - M\u00e1ster Universitario en Investigaci\u00f3n en Filosof\u00eda\",\"isPartOf\":{\"@id\":\"https:\\\/\\\/www.ull.es\\\/masteres\\\/investigacion-en-filosofia\\\/#website\"},\"datePublished\":\"2017-06-28T12:58:21+00:00\",\"dateModified\":\"2018-09-26T09:27:29+00:00\",\"breadcrumb\":{\"@id\":\"https:\\\/\\\/www.ull.es\\\/masteres\\\/investigacion-en-filosofia\\\/en\\\/justificacion-del-titulo\\\/#breadcrumb\"},\"inLanguage\":\"fr-FR\",\"potentialAction\":[{\"@type\":\"ReadAction\",\"target\":[\"https:\\\/\\\/www.ull.es\\\/masteres\\\/investigacion-en-filosofia\\\/en\\\/justificacion-del-titulo\\\/\"]}]},{\"@type\":\"BreadcrumbList\",\"@id\":\"https:\\\/\\\/www.ull.es\\\/masteres\\\/investigacion-en-filosofia\\\/en\\\/justificacion-del-titulo\\\/#breadcrumb\",\"itemListElement\":[{\"@type\":\"ListItem\",\"position\":1,\"name\":\"Portada\",\"item\":\"https:\\\/\\\/www.ull.es\\\/masteres\\\/investigacion-en-filosofia\\\/\"},{\"@type\":\"ListItem\",\"position\":2,\"name\":\"Justificaci\u00f3n del t\u00edtulo\"}]},{\"@type\":\"WebSite\",\"@id\":\"https:\\\/\\\/www.ull.es\\\/masteres\\\/investigacion-en-filosofia\\\/#website\",\"url\":\"https:\\\/\\\/www.ull.es\\\/masteres\\\/investigacion-en-filosofia\\\/\",\"name\":\"M\u00e1ster Universitario en Investigaci\u00f3n en Filosof\u00eda\",\"description\":\"\",\"potentialAction\":[{\"@type\":\"SearchAction\",\"target\":{\"@type\":\"EntryPoint\",\"urlTemplate\":\"https:\\\/\\\/www.ull.es\\\/masteres\\\/investigacion-en-filosofia\\\/?s={search_term_string}\"},\"query-input\":{\"@type\":\"PropertyValueSpecification\",\"valueRequired\":true,\"valueName\":\"search_term_string\"}}],\"inLanguage\":\"fr-FR\"}]}<\/script>\n<!-- \/ Yoast SEO plugin. -->","yoast_head_json":{"title":"Justification du titre - Master Recherche en Philosophie","robots":{"index":"index","follow":"follow","max-snippet":"max-snippet:-1","max-image-preview":"max-image-preview:large","max-video-preview":"max-video-preview:-1"},"canonical":"https:\/\/www.ull.es\/masteres\/investigacion-en-filosofia\/fr\/justificacion-del-titulo\/","og_locale":"fr_FR","og_type":"article","og_title":"Justificaci\u00f3n del t\u00edtulo - M\u00e1ster Universitario en Investigaci\u00f3n en Filosof\u00eda","og_description":"[vc_row][vc_column][vc_column_text] Justificaci\u00f3n del t\u00edtulo El M\u00e1ster Interuniversitario Universitario en Investigaci\u00f3n en Filosof\u00eda es un Programa Oficial de M\u00e1ster que surge de una transformaci\u00f3n de los m\u00e1steres en Filosof\u00eda ofrecidos por las diferentes universidades que participan. Por una parte, es una transformaci\u00f3n del Programa de M\u00e1ster en Filosof\u00eda Contempor\u00e1nea y sus presupuestos hist\u00f3ricos, impartido actualmente en...","og_url":"https:\/\/www.ull.es\/masteres\/investigacion-en-filosofia\/fr\/justificacion-del-titulo\/","og_site_name":"M\u00e1ster Universitario en Investigaci\u00f3n en Filosof\u00eda","article_modified_time":"2018-09-26T09:27:29+00:00","twitter_card":"summary_large_image","twitter_misc":{"Dur\u00e9e de lecture estim\u00e9e":"1 minute"},"schema":{"@context":"https:\/\/schema.org","@graph":[{"@type":"WebPage","@id":"https:\/\/www.ull.es\/masteres\/investigacion-en-filosofia\/en\/justificacion-del-titulo\/","url":"https:\/\/www.ull.es\/masteres\/investigacion-en-filosofia\/en\/justificacion-del-titulo\/","name":"Justification du titre - Master Recherche en Philosophie","isPartOf":{"@id":"https:\/\/www.ull.es\/masteres\/investigacion-en-filosofia\/#website"},"datePublished":"2017-06-28T12:58:21+00:00","dateModified":"2018-09-26T09:27:29+00:00","breadcrumb":{"@id":"https:\/\/www.ull.es\/masteres\/investigacion-en-filosofia\/en\/justificacion-del-titulo\/#breadcrumb"},"inLanguage":"fr-FR","potentialAction":[{"@type":"ReadAction","target":["https:\/\/www.ull.es\/masteres\/investigacion-en-filosofia\/en\/justificacion-del-titulo\/"]}]},{"@type":"BreadcrumbList","@id":"https:\/\/www.ull.es\/masteres\/investigacion-en-filosofia\/en\/justificacion-del-titulo\/#breadcrumb","itemListElement":[{"@type":"ListItem","position":1,"name":"Portada","item":"https:\/\/www.ull.es\/masteres\/investigacion-en-filosofia\/"},{"@type":"ListItem","position":2,"name":"Justificaci\u00f3n del t\u00edtulo"}]},{"@type":"WebSite","@id":"https:\/\/www.ull.es\/masteres\/investigacion-en-filosofia\/#website","url":"https:\/\/www.ull.es\/masteres\/investigacion-en-filosofia\/","name":"Master de Recherche en Philosophie","description":"","potentialAction":[{"@type":"SearchAction","target":{"@type":"EntryPoint","urlTemplate":"https:\/\/www.ull.es\/masteres\/investigacion-en-filosofia\/?s={search_term_string}"},"query-input":{"@type":"PropertyValueSpecification","valueRequired":true,"valueName":"search_term_string"}}],"inLanguage":"fr-FR"}]}},"_links":{"self":[{"href":"https:\/\/www.ull.es\/masteres\/investigacion-en-filosofia\/fr\/wp-json\/wp\/v2\/pages\/28","targetHints":{"allow":["GET"]}}],"collection":[{"href":"https:\/\/www.ull.es\/masteres\/investigacion-en-filosofia\/fr\/wp-json\/wp\/v2\/pages"}],"about":[{"href":"https:\/\/www.ull.es\/masteres\/investigacion-en-filosofia\/fr\/wp-json\/wp\/v2\/types\/page"}],"author":[{"embeddable":true,"href":"https:\/\/www.ull.es\/masteres\/investigacion-en-filosofia\/fr\/wp-json\/wp\/v2\/users\/1"}],"replies":[{"embeddable":true,"href":"https:\/\/www.ull.es\/masteres\/investigacion-en-filosofia\/fr\/wp-json\/wp\/v2\/comments?post=28"}],"version-history":[{"count":9,"href":"https:\/\/www.ull.es\/masteres\/investigacion-en-filosofia\/fr\/wp-json\/wp\/v2\/pages\/28\/revisions"}],"predecessor-version":[{"id":701,"href":"https:\/\/www.ull.es\/masteres\/investigacion-en-filosofia\/fr\/wp-json\/wp\/v2\/pages\/28\/revisions\/701"}],"wp:attachment":[{"href":"https:\/\/www.ull.es\/masteres\/investigacion-en-filosofia\/fr\/wp-json\/wp\/v2\/media?parent=28"}],"curies":[{"name":"wp","href":"https:\/\/api.w.org\/{rel}","templated":true}]}}