{"id":24,"date":"2017-06-28T12:52:52","date_gmt":"2017-06-28T12:52:52","guid":{"rendered":"http:\/\/www.ull.es\/masteres\/desarrollo-y-gestion-de-recursos-humanos\/?page_id=24"},"modified":"2025-07-23T07:18:00","modified_gmt":"2025-07-23T07:18:00","slug":"estructura-del-plan-de-estudios","status":"publish","type":"page","link":"https:\/\/www.ull.es\/masteres\/modelizacion-investigacion-matematica\/fr\/plan-de-estudios\/estructura-del-plan-de-estudios\/","title":{"rendered":"Structure du programme"},"content":{"rendered":"\n<div class=\"wp-block-stackable-columns alignfull stk-block-columns stk-block stk-2314a6b\" data-block-id=\"2314a6b\"><style>.stk-2314a6b {padding-bottom:0px !important;margin-top:-100px !important;margin-bottom:0px !important;}<\/style><div class=\"stk-row stk-inner-blocks stk-block-content stk-content-align stk-2314a6b-column alignfull\">\n<div class=\"wp-block-stackable-column stk-block-column stk-column stk-block stk-1d1764d\" data-v=\"4\" data-block-id=\"1d1764d\"><div class=\"stk-column-wrapper stk-block-column__content stk-container stk-1d1764d-container stk--no-background stk--no-padding\"><div class=\"stk-block-content stk-inner-blocks stk-1d1764d-inner-blocks\"><style id=\"depicter-1-inline-pre-css\">\n\n.depicter-1:not(.depicter-ready){\n\theight:450px;\n}\n\n\/***** Tablet *****\/\n@media screen and (max-width: 1024px){\n\n.depicter-1:not(.depicter-ready){\n\theight:700px;\n}\n\n}\n\/***** Mobile *****\/\n@media screen and (max-width: 767px){\n\n.depicter-1:not(.depicter-ready){\n\theight:450px;\n}\n\n}\n<\/style>\n<div id=\"depicter-1\" class=\"depicter depicter-document depicter-revert depicter-1 depicter-layout-fullwidth\">\n\n<div class=\"depicter-loading-container depicter-loading dotFlashing-dark\"><div class=\"depicter-loading-dark depicter-dot-flashing\">\n   <span><\/span>\n   <span><\/span>\n   <span><\/span>\n<\/div>\n<\/div>\n<div id=\"depicter-1-section-1\" class=\"depicter-section depicter-1-section-1\" data-name=\"Section 1\" data-type=\"section\" data-local-id=\"section-1\">\n<picture class=\"depicter-bg\">\n<source data-depicter-srcset=\"https:\/\/www.ull.es\/masteres\/modelizacion-investigacion-matematica\/wp-content\/uploads\/sites\/42\/2025\/06\/Headers-Masteres_Modelizacion-e-Investigacion-Matematica-768x248.jpg, https:\/\/www.ull.es\/masteres\/modelizacion-investigacion-matematica\/wp-content\/uploads\/sites\/42\/2025\/06\/Headers-Masteres_Modelizacion-e-Investigacion-Matematica.jpg 2x\" srcset=\"data:image\/gif;base64,R0lGODlhAQABAIAAAAAAAP\/\/\/yH5BAEAAAAALAAAAAABAAEAAAIBRAA7\" media=\"(max-width: 1024px)\" \/>\n\n<source data-depicter-srcset=\"https:\/\/www.ull.es\/masteres\/modelizacion-investigacion-matematica\/wp-content\/uploads\/sites\/42\/2025\/06\/Headers-Masteres_Modelizacion-e-Investigacion-Matematica.jpg, https:\/\/www.ull.es\/masteres\/modelizacion-investigacion-matematica\/wp-content\/uploads\/sites\/42\/2025\/06\/Headers-Masteres_Modelizacion-e-Investigacion-Matematica-1280x413.jpg 2x\" srcset=\"data:image\/gif;base64,R0lGODlhAQABAIAAAAAAAP\/\/\/yH5BAEAAAAALAAAAAABAAEAAAIBRAA7\" media=\"(min-width: 1025px)\" \/>\n<img decoding=\"async\" src=\"data:image\/gif;base64,R0lGODlhAQABAIAAAAAAAP\/\/\/yH5BAEAAAAALAAAAAABAAEAAAIBRAA7\" data-ken-burns=\"false\" data-tablet-ken-burns=\"false\" data-mobile-ken-burns=\"false\" alt=\"\" data-depicter-src=\"https:\/\/www.ull.es\/masteres\/modelizacion-investigacion-matematica\/wp-content\/uploads\/sites\/42\/2025\/06\/Headers-Masteres_Modelizacion-e-Investigacion-Matematica.jpg\" data-object-fit=\"custom,custom,\" data-object-position=\"center top,,\" data-crop=\"{'focalPoint':{'x':0.5,'y':0.5},'mediaSize':{'width':1394.6731234866829254315234720706939697265625,'height':450}}\" data-tablet-crop=\"{'focalPoint':{'x':0.5,'y':0.5},'mediaSize':{'width':2169.4915254237284898408688604831695556640625,'height':700}}\" data-mobile-crop=\"{'focalPoint':{'x':0.5,'y':0.5},'mediaSize':{'width':1394.6731234866829254315234720706939697265625,'height':450}}\" \/>\n<\/picture>\n\n\n<h1 id=\"depicter-1-element-5\" class=\"depicter-element depicter-layer depicter-1-element-5\" data-type=\"text\" data-wrap=\"true\" data-name=\"Text 2\" data-local-id=\"element-5\" data-offset=\"x:4px;y:57px;origin:tl\" data-tablet-offset=\"x:196px;y:38px;origin:tl\" data-mobile-offset=\"x:0px;y:57px;origin:tl\" data-width=\"1193px,633px,408px\" data-height=\"auto,auto,auto\" data-responsive-scale=\"true,,\">M\u00e1ster Universitario Modelizaci\u00f3n<br>e Investigaci\u00f3n Matem\u00e1tica. <br>Estad\u00edstica y Computaci\u00f3n (Interuniversitario)<br><\/h1>\n\n<div id=\"depicter-1-element-10\" class=\"depicter-element depicter-layer depicter-1-element-10\" data-type=\"shape\" data-wrap=\"true\" data-name=\"Shape 1\" data-local-id=\"element-10\" data-offset=\"x:4px;y:412px;origin:tl\" data-tablet-offset=\"x:189px;y:556px;origin:tl\" data-mobile-offset=\"x:0px;y:404px;origin:tl\" data-width=\"1193px,647px,396px\" data-height=\"8px,8px,8px\" data-responsive-scale=\"true,,\"><\/div>\n<\/div>\n<\/div>\n<script>\n(window.depicterSetups = window.depicterSetups || []).push(function(){\n\tDepicter.basePath = 'https:\/\/www.ull.es\/masteres\/modelizacion-investigacion-matematica\/wp-content\/plugins\/depicter\/resources\/scripts\/player\/';\n\tconst dpPlayer = Depicter.setup('.depicter-1',\n\t\t{\"width\":[\"1200\",\"1024\",\"360\"],\"height\":[\"450\",\"700\",\"450\"],\"view\":\"basic\",\"keepAspectRatio\":true,\"preload\":0,\"layout\":\"fullwidth\",\"rtl\":false,\"initAfterAppear\":false,\"ajaxApiUrl\":\"https:\\\/\\\/www.ull.es\\\/masteres\\\/modelizacion-investigacion-matematica\\\/wp-admin\\\/admin-ajax.php\",\"mouseSwipe\":true,\"touchSwipe\":true,\"useWatermark\":false}\n\t);\n});\n<\/script><\/div><\/div><\/div>\n<\/div><\/div>\n\n\n\n<div class=\"wp-block-stackable-columns alignfull stk-block-columns stk--hide-mobile stk-block stk-6394276 stk-block-background\" data-block-id=\"6394276\"><style>.stk-6394276 {background-color:#fa6199 !important;padding-top:50px !important;padding-right:0px !important;padding-bottom:1px !important;padding-left:0px !important;margin-top:-40px !important;margin-bottom:0px !important;}.stk-6394276:before{background-color:#fa6199 !important;}<\/style><div class=\"stk-row stk-inner-blocks stk-block-content stk-content-align stk-6394276-column alignfull\">\n<div class=\"wp-block-stackable-column stk-block-column stk-column stk-block stk-8a66885\" data-v=\"4\" data-block-id=\"8a66885\"><div class=\"stk-column-wrapper stk-block-column__content stk-container stk-8a66885-container stk--no-background stk--no-padding\"><div class=\"stk-block-content stk-inner-blocks stk-8a66885-inner-blocks\">\n<div class=\"wp-block-stackable-spacer stk-block-spacer stk--no-padding stk-block stk-bc89b3e\" data-block-id=\"bc89b3e\"><style>.stk-bc89b3e {height:0px !important;}<\/style><\/div>\n<\/div><\/div><\/div>\n<\/div><\/div>\n\n\n\n<div class=\"wp-block-stackable-columns stk-block-columns stk-block stk-8b59b96\" data-block-id=\"8b59b96\"><style>.stk-8b59b96 .stk--block-align-8b59b96{align-items:flex-start !important;}.stk-8b59b96 {margin-top:50px !important;}.stk-8b59b96-column{--stk-columns-spacing:0px !important;--stk-column-gap:50px !important;}@media screen and (max-width: 767px){.stk-8b59b96-column{row-gap:var(--stk--preset--spacing--60, 2.25rem) !important;}}<\/style><div class=\"stk-row stk-inner-blocks stk--block-align-8b59b96 stk-block-content stk-content-align stk-8b59b96-column\">\n<div class=\"wp-block-stackable-column stk-block-column stk-column stk-block stk-dbb7e15\" data-v=\"4\" data-block-id=\"dbb7e15\"><style>@media screen and (min-width: 768px){.stk-dbb7e15 {flex:var(--stk-flex-grow, 1) 1 66.7% !important;}}<\/style><div class=\"stk-column-wrapper stk-block-column__content stk-container stk-dbb7e15-container stk--no-background stk--no-padding\"><div class=\"stk-block-content stk-inner-blocks stk-dbb7e15-inner-blocks\">\n<div class=\"wp-block-stackable-heading stk-block-heading stk-block-heading--v2 stk-block stk-cc0239e\" id=\"complementos-de-formacion\" data-block-id=\"cc0239e\"><style>.stk-cc0239e .stk-block-heading__text{color:#fa6199 !important;font-weight:500 !important;}<\/style><h1 class=\"stk-block-heading__text has-text-color\">Plan de estudios<\/h1><\/div>\n\n\n\n<h1>Estructura del plan de estudios<\/h1>\nLa planificaci\u00f3n de las ense\u00f1anzas supone la vertebraci\u00f3n de contenidos, sistemas y metodolog\u00edas que hacen posible la adquisici\u00f3n de los conocimientos, capacidades, habilidades y destrezas b\u00e1sicas necesarias para que los estudiantes puedan desarrollar su actividad en cualquiera de las l\u00edneas especificadas en el perfil profesional definido para la titulaci\u00f3n.\n\nEl plan de estudios estructurado en m\u00f3dulos\/materias y asignaturas est\u00e1 elaborado en base al marco normativo para la ordenaci\u00f3n y verificaci\u00f3n de las ense\u00f1anzas universitarias oficiales \u2013el RD 1393\/2007- y las directrices desarrolladas por la Universidad de La Laguna.\n<h1>Estructura<\/h1>\nSi desea consultar las gu\u00edas docentes, <a href=\"https:\/\/www.ehu.eus\/es\/web\/master\/master-modelizacion-investigacion-matematica-estadistica-computacion\/programa\" target=\"_blank\" rel=\"noopener\" target=\"_blank\" rel=\"noopener\">pinche aqu\u00ed<\/a>.\n<table class=\"grales\" width=\"100%\">\n<tbody>\n<tr>\n<th class=\"bluecolumn\" width=\"5%\">C\u00f3digo<\/th>\n<th class=\"bluecolumn\" width=\"75%\">Asignatura<\/th>\n<th class=\"bluecolumn\" width=\"5%\">Tipolog\u00eda<\/th>\n<th class=\"bluecolumn\" width=\"5%\">Cr\u00e9ditos<\/th>\n<th class=\"bluecolumn\" width=\"5%\">Curso<\/th>\n<th class=\"bluecolumn\" width=\"5%\">Cuatrimestre<\/th>\n<\/tr>\n<tr class=\"trAsig0\">\n<td class=\"tdAsig\"><\/td>\n<td class=\"tdAsig\">Deber\u00e1n cursarse 48 cr\u00e9ditos optativos<\/td>\n<td class=\"tdAsig\"><\/td>\n<td class=\"tdAsig\"><\/td>\n<td class=\"tdAsig\"><\/td>\n<td class=\"tdAsig\"><\/td>\n<\/tr>\n<tr class=\"trAsig1\">\n<td class=\"tdAsig\">295681106<\/td>\n<td class=\"tdAsig\">An\u00e1lisis Funcional y de Fourier<\/td>\n<td class=\"tdAsig\">Optativa<\/td>\n<td class=\"tdAsig\">6<\/td>\n<td class=\"tdAsig\">1\u00ba<\/td>\n<td class=\"tdAsig\">1\u00ba<\/td>\n<\/tr>\n<tr class=\"trAsig0\">\n<td class=\"tdAsig\">295681101<\/td>\n<td class=\"tdAsig\">Bases de Datos y Programaci\u00f3n Orientada a Objetos<\/td>\n<td class=\"tdAsig\">Optativa<\/td>\n<td class=\"tdAsig\">6<\/td>\n<td class=\"tdAsig\">1\u00ba<\/td>\n<td class=\"tdAsig\">1\u00ba<\/td>\n<\/tr>\n<tr class=\"trAsig1\">\n<td class=\"tdAsig\">295681109<\/td>\n<td class=\"tdAsig\">Ecuaciones en Derivadas Parciales<\/td>\n<td class=\"tdAsig\">Optativa<\/td>\n<td class=\"tdAsig\">6<\/td>\n<td class=\"tdAsig\">1\u00ba<\/td>\n<td class=\"tdAsig\">1\u00ba<\/td>\n<\/tr>\n<tr class=\"trAsig0\">\n<td class=\"tdAsig\">295681102<\/td>\n<td class=\"tdAsig\">Modelizaci\u00f3n Estad\u00edstica<\/td>\n<td class=\"tdAsig\">Optativa<\/td>\n<td class=\"tdAsig\">6<\/td>\n<td class=\"tdAsig\">1\u00ba<\/td>\n<td class=\"tdAsig\">1\u00ba<\/td>\n<\/tr>\n<tr class=\"trAsig1\">\n<td class=\"tdAsig\">295681108<\/td>\n<td class=\"tdAsig\">Modelos de Log\u00edstica<\/td>\n<td class=\"tdAsig\">Optativa<\/td>\n<td class=\"tdAsig\">6<\/td>\n<td class=\"tdAsig\">1\u00ba<\/td>\n<td class=\"tdAsig\">2\u00ba<\/td>\n<\/tr>\n<tr class=\"trAsig0\">\n<td class=\"tdAsig\">295681105<\/td>\n<td class=\"tdAsig\">M\u00e9todos Num\u00e9ricos en F\u00edsica e Ingenier\u00eda<\/td>\n<td class=\"tdAsig\">Optativa<\/td>\n<td class=\"tdAsig\">6<\/td>\n<td class=\"tdAsig\">1\u00ba<\/td>\n<td class=\"tdAsig\">2\u00ba<\/td>\n<\/tr>\n<tr class=\"trAsig1\">\n<td class=\"tdAsig\">295681107<\/td>\n<td class=\"tdAsig\">Series Temporales<\/td>\n<td class=\"tdAsig\">Optativa<\/td>\n<td class=\"tdAsig\">6<\/td>\n<td class=\"tdAsig\">1\u00ba<\/td>\n<td class=\"tdAsig\">1\u00ba<\/td>\n<\/tr>\n<tr class=\"trAsig0\">\n<td class=\"tdAsig\">295681104<\/td>\n<td class=\"tdAsig\">Teor\u00eda de Control<\/td>\n<td class=\"tdAsig\">Optativa<\/td>\n<td class=\"tdAsig\">6<\/td>\n<td class=\"tdAsig\">1\u00ba<\/td>\n<td class=\"tdAsig\">1\u00ba<\/td>\n<\/tr>\n<tr class=\"trAsig1\">\n<td class=\"tdAsig\">295681103<\/td>\n<td class=\"tdAsig\">T\u00e9cnicas Cl\u00e1sicas de Optimizaci\u00f3n<\/td>\n<td class=\"tdAsig\">Optativa<\/td>\n<td class=\"tdAsig\">6<\/td>\n<td class=\"tdAsig\">1\u00ba<\/td>\n<td class=\"tdAsig\">1\u00ba<\/td>\n<\/tr>\n<tr class=\"trAsig0\">\n<td class=\"tdAsig\">295681201<\/td>\n<td class=\"tdAsig\">Algoritmos Bioinspirados y T\u00e9cnicas de Computaci\u00f3n Evolutiva<\/td>\n<td class=\"tdAsig\">Optativa<\/td>\n<td class=\"tdAsig\">6<\/td>\n<td class=\"tdAsig\">1\u00ba<\/td>\n<td class=\"tdAsig\">2\u00ba<\/td>\n<\/tr>\n<tr class=\"trAsig1\">\n<td class=\"tdAsig\">295681204<\/td>\n<td class=\"tdAsig\">Codificaci\u00f3n y Criptograf\u00eda<\/td>\n<td class=\"tdAsig\">Optativa<\/td>\n<td class=\"tdAsig\">6<\/td>\n<td class=\"tdAsig\">1\u00ba<\/td>\n<td class=\"tdAsig\">1\u00ba<\/td>\n<\/tr>\n<tr class=\"trAsig0\">\n<td class=\"tdAsig\">295681202<\/td>\n<td class=\"tdAsig\">Din\u00e1mica no Lineal y Aplicaciones<\/td>\n<td class=\"tdAsig\">Optativa<\/td>\n<td class=\"tdAsig\">6<\/td>\n<td class=\"tdAsig\">1\u00ba<\/td>\n<td class=\"tdAsig\">2\u00ba<\/td>\n<\/tr>\n<tr class=\"trAsig1\">\n<td class=\"tdAsig\">295681203<\/td>\n<td class=\"tdAsig\">Dise\u00f1o Geom\u00e9trico Asistido por Ordenador<\/td>\n<td class=\"tdAsig\">Optativa<\/td>\n<td class=\"tdAsig\">6<\/td>\n<td class=\"tdAsig\">1\u00ba<\/td>\n<td class=\"tdAsig\">2\u00ba<\/td>\n<\/tr>\n<tr class=\"trAsig0\">\n<td class=\"tdAsig\">295681207<\/td>\n<td class=\"tdAsig\">Geometr\u00eda de Variedades<\/td>\n<td class=\"tdAsig\">Optativa<\/td>\n<td class=\"tdAsig\">6<\/td>\n<td class=\"tdAsig\">1\u00ba<\/td>\n<td class=\"tdAsig\">2\u00ba<\/td>\n<\/tr>\n<tr class=\"trAsig1\">\n<td class=\"tdAsig\">295681212<\/td>\n<td class=\"tdAsig\">Grupos y Representaciones<\/td>\n<td class=\"tdAsig\">Optativa<\/td>\n<td class=\"tdAsig\">6<\/td>\n<td class=\"tdAsig\">1\u00ba<\/td>\n<td class=\"tdAsig\">1\u00ba<\/td>\n<\/tr>\n<tr class=\"trAsig0\">\n<td class=\"tdAsig\">295681210<\/td>\n<td class=\"tdAsig\">Introducci\u00f3n a la Miner\u00eda de Datos<\/td>\n<td class=\"tdAsig\">Optativa<\/td>\n<td class=\"tdAsig\">6<\/td>\n<td class=\"tdAsig\">1\u00ba<\/td>\n<td class=\"tdAsig\">2\u00ba<\/td>\n<\/tr>\n<tr class=\"trAsig1\">\n<td class=\"tdAsig\">295681205<\/td>\n<td class=\"tdAsig\">Procesamiento de la Se\u00f1al y de la Imagen<\/td>\n<td class=\"tdAsig\">Optativa<\/td>\n<td class=\"tdAsig\">6<\/td>\n<td class=\"tdAsig\">1\u00ba<\/td>\n<td class=\"tdAsig\">2\u00ba<\/td>\n<\/tr>\n<tr class=\"trAsig0\">\n<td class=\"tdAsig\">295681211<\/td>\n<td class=\"tdAsig\">Procesos Estoc\u00e1sticos y Probabilidad<\/td>\n<td class=\"tdAsig\">Optativa<\/td>\n<td class=\"tdAsig\">6<\/td>\n<td class=\"tdAsig\">1\u00ba<\/td>\n<td class=\"tdAsig\">2\u00ba<\/td>\n<\/tr>\n<tr class=\"trAsig1\">\n<td class=\"tdAsig\">295681206<\/td>\n<td class=\"tdAsig\">Programaci\u00f3n Cient\u00edfica y \u00c1lgebra Computacional<\/td>\n<td class=\"tdAsig\">Optativa<\/td>\n<td class=\"tdAsig\">6<\/td>\n<td class=\"tdAsig\">1\u00ba<\/td>\n<td class=\"tdAsig\">2\u00ba<\/td>\n<\/tr>\n<tr class=\"trAsig0\">\n<td class=\"tdAsig\">295681208<\/td>\n<td class=\"tdAsig\">Topolog\u00eda Algebraica<\/td>\n<td class=\"tdAsig\">Optativa<\/td>\n<td class=\"tdAsig\">6<\/td>\n<td class=\"tdAsig\">1\u00ba<\/td>\n<td class=\"tdAsig\">2\u00ba<\/td>\n<\/tr>\n<tr class=\"trAsig1\">\n<td class=\"tdAsig\">295681209<\/td>\n<td class=\"tdAsig\">Trabajo Fin de M\u00e1ster<\/td>\n<td class=\"tdAsig\">Obligatoria<\/td>\n<td class=\"tdAsig\">12<\/td>\n<td class=\"tdAsig\">1\u00ba<\/td>\n<td class=\"tdAsig\">2\u00ba<\/td>\n<\/tr>\n<\/tbody>\n<\/table>\n<\/div><\/div><\/div>\n\n\n\n<div class=\"wp-block-stackable-column stk-block-column stk-column stk-block stk-53ec762\" data-v=\"4\" data-block-id=\"53ec762\"><style>.stk-53ec762-inner-blocks{row-gap:0px !important;}.stk-53ec762 {padding-top:0px !important;padding-right:0px !important;padding-bottom:0px !important;padding-left:0px !important;}@media screen and (min-width: 768px){.stk-53ec762 {flex:var(--stk-flex-grow, 1) 1 33.3% !important;}}<\/style><div class=\"stk-column-wrapper stk-block-column__content stk-container stk-53ec762-container stk--no-background stk--no-padding\"><div class=\"stk-block-content stk-inner-blocks stk-53ec762-inner-blocks\">\n\n<ul class=\"widget-box\">\n<li class='contacto-header'>Informaci\u00f3n de contacto<\/li><li><i class=\"fa fa-map-marker\"><\/i> Avda. Astrof\u00edsico Francisco S\u00e1nchez, SN. Edificio Calabaza \u2013 AN.2D Apdo. 456 38200 San Crist\u00f3bal de La Laguna<\/li><li><i class=\"fa fa-envelope\"><\/i>  <a href=mailto:master.matematica@ull.es>master.matematica@ull.es<\/a><\/li><li><i class=\"fa fa-archive\"><\/i><a href=\"https:\/\/sede.ull.es\/ecivilis-site\/catalog\/showProcedure\/484\"> Procedimiento para quejas, sugerencias y felicitaciones<\/a><\/li>\n<\/ul>\n\n\n<\/div><\/div><\/div>\n<\/div><\/div>\n","protected":false},"excerpt":{"rendered":"<p>Structure du programme d&#039;\u00e9tudes La planification du programme d&#039;\u00e9tudes implique la structuration du contenu, des syst\u00e8mes et des m\u00e9thodologies qui permettent aux \u00e9tudiants d&#039;acqu\u00e9rir les connaissances, les comp\u00e9tences, les aptitudes et les aptitudes de base n\u00e9cessaires pour d\u00e9velopper leur carri\u00e8re dans l&#039;un des domaines sp\u00e9cifi\u00e9s dans le profil professionnel d\u00e9fini pour le domaine choisi.<\/p>","protected":false},"author":1,"featured_media":0,"parent":270,"menu_order":0,"comment_status":"closed","ping_status":"closed","template":"templates\/template-frontpage.php","meta":{"footnotes":""},"class_list":["post-24","page","type-page","status-publish","hentry"],"yoast_head":"<!-- This site is optimized with the Yoast SEO plugin v27.3 - https:\/\/yoast.com\/product\/yoast-seo-wordpress\/ -->\n<title>Estructura del plan de estudios - M\u00e1ster Universitario en Modelizaci\u00f3n e Investigaci\u00f3n Matem\u00e1tica, Estad\u00edstica y Computaci\u00f3n<\/title>\n<meta name=\"robots\" content=\"index, follow, max-snippet:-1, max-image-preview:large, max-video-preview:-1\" \/>\n<link rel=\"canonical\" href=\"https:\/\/www.ull.es\/masteres\/modelizacion-investigacion-matematica\/fr\/plan-de-estudios\/estructura-del-plan-de-estudios\/\" \/>\n<meta property=\"og:locale\" content=\"fr_FR\" \/>\n<meta property=\"og:type\" content=\"article\" \/>\n<meta property=\"og:title\" content=\"Estructura del plan de estudios - M\u00e1ster Universitario en Modelizaci\u00f3n e Investigaci\u00f3n Matem\u00e1tica, Estad\u00edstica y Computaci\u00f3n\" \/>\n<meta property=\"og:description\" content=\"Plan de estudios Estructura del plan de estudios La planificaci\u00f3n de las ense\u00f1anzas supone la vertebraci\u00f3n de contenidos, sistemas y metodolog\u00edas que hacen posible la adquisici\u00f3n de los conocimientos, capacidades, habilidades y destrezas b\u00e1sicas necesarias para que los estudiantes puedan desarrollar su actividad en cualquiera de las l\u00edneas especificadas en el perfil profesional definido para...\" \/>\n<meta property=\"og:url\" content=\"https:\/\/www.ull.es\/masteres\/modelizacion-investigacion-matematica\/fr\/plan-de-estudios\/estructura-del-plan-de-estudios\/\" \/>\n<meta property=\"og:site_name\" content=\"M\u00e1ster Universitario en Modelizaci\u00f3n e Investigaci\u00f3n Matem\u00e1tica, Estad\u00edstica y Computaci\u00f3n\" \/>\n<meta property=\"article:modified_time\" content=\"2025-07-23T07:18:00+00:00\" \/>\n<meta name=\"twitter:card\" content=\"summary_large_image\" \/>\n<meta name=\"twitter:label1\" content=\"Dur\u00e9e de lecture estim\u00e9e\" \/>\n\t<meta name=\"twitter:data1\" content=\"2 minutes\" \/>\n<script type=\"application\/ld+json\" class=\"yoast-schema-graph\">{\"@context\":\"https:\\\/\\\/schema.org\",\"@graph\":[{\"@type\":\"WebPage\",\"@id\":\"https:\\\/\\\/www.ull.es\\\/masteres\\\/modelizacion-investigacion-matematica\\\/plan-de-estudios\\\/estructura-del-plan-de-estudios\\\/\",\"url\":\"https:\\\/\\\/www.ull.es\\\/masteres\\\/modelizacion-investigacion-matematica\\\/plan-de-estudios\\\/estructura-del-plan-de-estudios\\\/\",\"name\":\"Estructura del plan de estudios - M\u00e1ster Universitario en Modelizaci\u00f3n e Investigaci\u00f3n Matem\u00e1tica, Estad\u00edstica y Computaci\u00f3n\",\"isPartOf\":{\"@id\":\"https:\\\/\\\/www.ull.es\\\/masteres\\\/modelizacion-investigacion-matematica\\\/#website\"},\"datePublished\":\"2017-06-28T12:52:52+00:00\",\"dateModified\":\"2025-07-23T07:18:00+00:00\",\"breadcrumb\":{\"@id\":\"https:\\\/\\\/www.ull.es\\\/masteres\\\/modelizacion-investigacion-matematica\\\/plan-de-estudios\\\/estructura-del-plan-de-estudios\\\/#breadcrumb\"},\"inLanguage\":\"fr-FR\",\"potentialAction\":[{\"@type\":\"ReadAction\",\"target\":[\"https:\\\/\\\/www.ull.es\\\/masteres\\\/modelizacion-investigacion-matematica\\\/plan-de-estudios\\\/estructura-del-plan-de-estudios\\\/\"]}]},{\"@type\":\"BreadcrumbList\",\"@id\":\"https:\\\/\\\/www.ull.es\\\/masteres\\\/modelizacion-investigacion-matematica\\\/plan-de-estudios\\\/estructura-del-plan-de-estudios\\\/#breadcrumb\",\"itemListElement\":[{\"@type\":\"ListItem\",\"position\":1,\"name\":\"Portada\",\"item\":\"https:\\\/\\\/www.ull.es\\\/masteres\\\/modelizacion-investigacion-matematica\\\/\"},{\"@type\":\"ListItem\",\"position\":2,\"name\":\"Plan de estudios\",\"item\":\"https:\\\/\\\/www.ull.es\\\/masteres\\\/modelizacion-investigacion-matematica\\\/plan-de-estudios\\\/\"},{\"@type\":\"ListItem\",\"position\":3,\"name\":\"Estructura del plan de estudios\"}]},{\"@type\":\"WebSite\",\"@id\":\"https:\\\/\\\/www.ull.es\\\/masteres\\\/modelizacion-investigacion-matematica\\\/#website\",\"url\":\"https:\\\/\\\/www.ull.es\\\/masteres\\\/modelizacion-investigacion-matematica\\\/\",\"name\":\"M\u00e1ster Universitario en Modelizaci\u00f3n e Investigaci\u00f3n Matem\u00e1tica, Estad\u00edstica y Computaci\u00f3n\",\"description\":\"\",\"potentialAction\":[{\"@type\":\"SearchAction\",\"target\":{\"@type\":\"EntryPoint\",\"urlTemplate\":\"https:\\\/\\\/www.ull.es\\\/masteres\\\/modelizacion-investigacion-matematica\\\/?s={search_term_string}\"},\"query-input\":{\"@type\":\"PropertyValueSpecification\",\"valueRequired\":true,\"valueName\":\"search_term_string\"}}],\"inLanguage\":\"fr-FR\"}]}<\/script>\n<!-- \/ Yoast SEO plugin. -->","yoast_head_json":{"title":"Structure du programme - Master en mod\u00e9lisation et recherche math\u00e9matiques, statistique et informatique","robots":{"index":"index","follow":"follow","max-snippet":"max-snippet:-1","max-image-preview":"max-image-preview:large","max-video-preview":"max-video-preview:-1"},"canonical":"https:\/\/www.ull.es\/masteres\/modelizacion-investigacion-matematica\/fr\/plan-de-estudios\/estructura-del-plan-de-estudios\/","og_locale":"fr_FR","og_type":"article","og_title":"Estructura del plan de estudios - M\u00e1ster Universitario en Modelizaci\u00f3n e Investigaci\u00f3n Matem\u00e1tica, Estad\u00edstica y Computaci\u00f3n","og_description":"Plan de estudios Estructura del plan de estudios La planificaci\u00f3n de las ense\u00f1anzas supone la vertebraci\u00f3n de contenidos, sistemas y metodolog\u00edas que hacen posible la adquisici\u00f3n de los conocimientos, capacidades, habilidades y destrezas b\u00e1sicas necesarias para que los estudiantes puedan desarrollar su actividad en cualquiera de las l\u00edneas especificadas en el perfil profesional definido para...","og_url":"https:\/\/www.ull.es\/masteres\/modelizacion-investigacion-matematica\/fr\/plan-de-estudios\/estructura-del-plan-de-estudios\/","og_site_name":"M\u00e1ster Universitario en Modelizaci\u00f3n e Investigaci\u00f3n Matem\u00e1tica, Estad\u00edstica y Computaci\u00f3n","article_modified_time":"2025-07-23T07:18:00+00:00","twitter_card":"summary_large_image","twitter_misc":{"Dur\u00e9e de lecture estim\u00e9e":"2 minutes"},"schema":{"@context":"https:\/\/schema.org","@graph":[{"@type":"WebPage","@id":"https:\/\/www.ull.es\/masteres\/modelizacion-investigacion-matematica\/plan-de-estudios\/estructura-del-plan-de-estudios\/","url":"https:\/\/www.ull.es\/masteres\/modelizacion-investigacion-matematica\/plan-de-estudios\/estructura-del-plan-de-estudios\/","name":"Structure du programme - Master en mod\u00e9lisation et recherche math\u00e9matiques, statistique et informatique","isPartOf":{"@id":"https:\/\/www.ull.es\/masteres\/modelizacion-investigacion-matematica\/#website"},"datePublished":"2017-06-28T12:52:52+00:00","dateModified":"2025-07-23T07:18:00+00:00","breadcrumb":{"@id":"https:\/\/www.ull.es\/masteres\/modelizacion-investigacion-matematica\/plan-de-estudios\/estructura-del-plan-de-estudios\/#breadcrumb"},"inLanguage":"fr-FR","potentialAction":[{"@type":"ReadAction","target":["https:\/\/www.ull.es\/masteres\/modelizacion-investigacion-matematica\/plan-de-estudios\/estructura-del-plan-de-estudios\/"]}]},{"@type":"BreadcrumbList","@id":"https:\/\/www.ull.es\/masteres\/modelizacion-investigacion-matematica\/plan-de-estudios\/estructura-del-plan-de-estudios\/#breadcrumb","itemListElement":[{"@type":"ListItem","position":1,"name":"Portada","item":"https:\/\/www.ull.es\/masteres\/modelizacion-investigacion-matematica\/"},{"@type":"ListItem","position":2,"name":"Plan de estudios","item":"https:\/\/www.ull.es\/masteres\/modelizacion-investigacion-matematica\/plan-de-estudios\/"},{"@type":"ListItem","position":3,"name":"Estructura del plan de estudios"}]},{"@type":"WebSite","@id":"https:\/\/www.ull.es\/masteres\/modelizacion-investigacion-matematica\/#website","url":"https:\/\/www.ull.es\/masteres\/modelizacion-investigacion-matematica\/","name":"Master en Mod\u00e9lisation et Recherche Math\u00e9matique, Statistique et Informatique","description":"","potentialAction":[{"@type":"SearchAction","target":{"@type":"EntryPoint","urlTemplate":"https:\/\/www.ull.es\/masteres\/modelizacion-investigacion-matematica\/?s={search_term_string}"},"query-input":{"@type":"PropertyValueSpecification","valueRequired":true,"valueName":"search_term_string"}}],"inLanguage":"fr-FR"}]}},"_links":{"self":[{"href":"https:\/\/www.ull.es\/masteres\/modelizacion-investigacion-matematica\/fr\/wp-json\/wp\/v2\/pages\/24","targetHints":{"allow":["GET"]}}],"collection":[{"href":"https:\/\/www.ull.es\/masteres\/modelizacion-investigacion-matematica\/fr\/wp-json\/wp\/v2\/pages"}],"about":[{"href":"https:\/\/www.ull.es\/masteres\/modelizacion-investigacion-matematica\/fr\/wp-json\/wp\/v2\/types\/page"}],"author":[{"embeddable":true,"href":"https:\/\/www.ull.es\/masteres\/modelizacion-investigacion-matematica\/fr\/wp-json\/wp\/v2\/users\/1"}],"replies":[{"embeddable":true,"href":"https:\/\/www.ull.es\/masteres\/modelizacion-investigacion-matematica\/fr\/wp-json\/wp\/v2\/comments?post=24"}],"version-history":[{"count":13,"href":"https:\/\/www.ull.es\/masteres\/modelizacion-investigacion-matematica\/fr\/wp-json\/wp\/v2\/pages\/24\/revisions"}],"predecessor-version":[{"id":963,"href":"https:\/\/www.ull.es\/masteres\/modelizacion-investigacion-matematica\/fr\/wp-json\/wp\/v2\/pages\/24\/revisions\/963"}],"up":[{"embeddable":true,"href":"https:\/\/www.ull.es\/masteres\/modelizacion-investigacion-matematica\/fr\/wp-json\/wp\/v2\/pages\/270"}],"wp:attachment":[{"href":"https:\/\/www.ull.es\/masteres\/modelizacion-investigacion-matematica\/fr\/wp-json\/wp\/v2\/media?parent=24"}],"curies":[{"name":"wp","href":"https:\/\/api.w.org\/{rel}","templated":true}]}}