{"id":28,"date":"2017-06-28T12:58:21","date_gmt":"2017-06-28T12:58:21","guid":{"rendered":"http:\/\/www.ull.es\/masteres\/desarrollo-y-gestion-de-recursos-humanos\/?page_id=28"},"modified":"2018-09-25T12:49:47","modified_gmt":"2018-09-25T12:49:47","slug":"justificacion-del-titulo","status":"publish","type":"page","link":"https:\/\/www.ull.es\/masteres\/nanociencia-nanotecnologia-molecular\/en\/justificacion-del-titulo\/","title":{"rendered":"Justification of the title"},"content":{"rendered":"<p>[vc_row][vc_column][vc_column_text]<\/p>\n<h1>Justificaci\u00f3n del t\u00edtulo<\/h1>\n<p>El M\u00e1ster en Nanociencia y Nanotecnolog\u00eda Molecular responde al perfil acad\u00e9mico e\u00a0investigador a trav\u00e9s de una oferta de asignaturas en \u00e1reas cient\u00edficas y tecnol\u00f3gicas de inter\u00e9s\u00a0actual como son la Electr\u00f3nica Molecular, el Nanomagnetismo y la Espintr\u00f3nica Molecular, la\u00a0Qu\u00edmica Supramolecular, la F\u00edsica de Superficies, o la Ciencia de los Materiales Moleculares.\u00a0La orientaci\u00f3n \u201cmolecular\u201d de este master en Nanociencia lo hace \u00fanico a nivel nacional y\u00a0permite desarrollar aquellos aspectos de la nanociencia que se encuentran en la intersecci\u00f3n\u00a0entre la f\u00edsica, la qu\u00edmica y la biolog\u00eda\/medicina, haci\u00e9ndolo realmente multidisciplinar.<\/p>\n<p>El car\u00e1cter interuniversitario del M\u00e1ster:<\/p>\n<ul>\n<li>posibilita la movilidad de los estudiantes en\u00a0actividades de formaci\u00f3n programadas en las distintas sedes (presentaci\u00f3n p\u00fablica de trabajos,\u00a0ciclos de conferencias, exposici\u00f3n de trabajos y otros eventos);<\/li>\n<li>dota al m\u00e1ster de un nivel\u00a0cient\u00edfico y de una multidisciplinaridad no alcanzable por ninguna de las universidades por\u00a0separado, ya que consigue reunir una plantilla de profesorado formada por los mejores\u00a0investigadores de cada una de las universidades participantes;<\/li>\n<li>favorece la consolidaci\u00f3n en\u00a0Espa\u00f1a de una comunidad de j\u00f3venes cient\u00edficos formados en esta \u00e1rea de investigaci\u00f3n\u00a0estrat\u00e9gica;<\/li>\n<li>propicia la movilidad de los estudiantes en las distintas sedes para la\u00a0realizaci\u00f3n de determinadas fases del proyecto de investigaci\u00f3n.<\/li>\n<\/ul>\n<p>[\/vc_column_text][\/vc_column][\/vc_row]<\/p>\n","protected":false},"excerpt":{"rendered":"<p>[vc_row][vc_column][vc_column_text] Justificaci\u00f3n del t\u00edtulo El M\u00e1ster en Nanociencia y Nanotecnolog\u00eda Molecular responde al perfil acad\u00e9mico e\u00a0investigador a trav\u00e9s de una oferta de asignaturas en \u00e1reas cient\u00edficas y tecnol\u00f3gicas de inter\u00e9s\u00a0actual como son la Electr\u00f3nica Molecular, el Nanomagnetismo y la Espintr\u00f3nica Molecular, la\u00a0Qu\u00edmica Supramolecular, la F\u00edsica de Superficies, o la Ciencia de los Materiales Moleculares.\u00a0La orientaci\u00f3n&#8230;<\/p>\n","protected":false},"author":1,"featured_media":0,"parent":0,"menu_order":0,"comment_status":"closed","ping_status":"closed","template":"","meta":{"footnotes":""},"class_list":["post-28","page","type-page","status-publish","hentry"],"yoast_head":"<!-- This site is optimized with the Yoast SEO plugin v27.3 - https:\/\/yoast.com\/product\/yoast-seo-wordpress\/ -->\n<title>Justificaci\u00f3n del t\u00edtulo - M\u00e1ster Universitario en Nanociencia y Nanotecnolog\u00eda Molecular<\/title>\n<meta name=\"robots\" content=\"index, follow, max-snippet:-1, max-image-preview:large, max-video-preview:-1\" \/>\n<link rel=\"canonical\" href=\"https:\/\/www.ull.es\/masteres\/nanociencia-nanotecnologia-molecular\/en\/justificacion-del-titulo\/\" \/>\n<meta property=\"og:locale\" content=\"en_GB\" \/>\n<meta property=\"og:type\" content=\"article\" \/>\n<meta property=\"og:title\" content=\"Justificaci\u00f3n del t\u00edtulo - M\u00e1ster Universitario en Nanociencia y Nanotecnolog\u00eda Molecular\" \/>\n<meta property=\"og:description\" content=\"[vc_row][vc_column][vc_column_text] Justificaci\u00f3n del t\u00edtulo El M\u00e1ster en Nanociencia y Nanotecnolog\u00eda Molecular responde al perfil acad\u00e9mico e\u00a0investigador a trav\u00e9s de una oferta de asignaturas en \u00e1reas cient\u00edficas y tecnol\u00f3gicas de inter\u00e9s\u00a0actual como son la Electr\u00f3nica Molecular, el Nanomagnetismo y la Espintr\u00f3nica Molecular, la\u00a0Qu\u00edmica Supramolecular, la F\u00edsica de Superficies, o la Ciencia de los Materiales Moleculares.\u00a0La orientaci\u00f3n...\" \/>\n<meta property=\"og:url\" content=\"https:\/\/www.ull.es\/masteres\/nanociencia-nanotecnologia-molecular\/en\/justificacion-del-titulo\/\" \/>\n<meta property=\"og:site_name\" content=\"M\u00e1ster Universitario en Nanociencia y Nanotecnolog\u00eda Molecular\" \/>\n<meta property=\"article:modified_time\" content=\"2018-09-25T12:49:47+00:00\" \/>\n<meta name=\"twitter:card\" content=\"summary_large_image\" \/>\n<meta name=\"twitter:label1\" content=\"Estimated reading time\" \/>\n\t<meta name=\"twitter:data1\" content=\"1 minute\" \/>\n<script type=\"application\/ld+json\" class=\"yoast-schema-graph\">{\"@context\":\"https:\\\/\\\/schema.org\",\"@graph\":[{\"@type\":\"WebPage\",\"@id\":\"https:\\\/\\\/www.ull.es\\\/masteres\\\/nanociencia-nanotecnologia-molecular\\\/fr\\\/justificacion-del-titulo\\\/\",\"url\":\"https:\\\/\\\/www.ull.es\\\/masteres\\\/nanociencia-nanotecnologia-molecular\\\/fr\\\/justificacion-del-titulo\\\/\",\"name\":\"Justificaci\u00f3n del t\u00edtulo - M\u00e1ster Universitario en Nanociencia y Nanotecnolog\u00eda Molecular\",\"isPartOf\":{\"@id\":\"https:\\\/\\\/www.ull.es\\\/masteres\\\/nanociencia-nanotecnologia-molecular\\\/en\\\/#website\"},\"datePublished\":\"2017-06-28T12:58:21+00:00\",\"dateModified\":\"2018-09-25T12:49:47+00:00\",\"breadcrumb\":{\"@id\":\"https:\\\/\\\/www.ull.es\\\/masteres\\\/nanociencia-nanotecnologia-molecular\\\/fr\\\/justificacion-del-titulo\\\/#breadcrumb\"},\"inLanguage\":\"en-GB\",\"potentialAction\":[{\"@type\":\"ReadAction\",\"target\":[\"https:\\\/\\\/www.ull.es\\\/masteres\\\/nanociencia-nanotecnologia-molecular\\\/fr\\\/justificacion-del-titulo\\\/\"]}]},{\"@type\":\"BreadcrumbList\",\"@id\":\"https:\\\/\\\/www.ull.es\\\/masteres\\\/nanociencia-nanotecnologia-molecular\\\/fr\\\/justificacion-del-titulo\\\/#breadcrumb\",\"itemListElement\":[{\"@type\":\"ListItem\",\"position\":1,\"name\":\"Portada\",\"item\":\"https:\\\/\\\/www.ull.es\\\/masteres\\\/nanociencia-nanotecnologia-molecular\\\/en\\\/\"},{\"@type\":\"ListItem\",\"position\":2,\"name\":\"Justificaci\u00f3n del t\u00edtulo\"}]},{\"@type\":\"WebSite\",\"@id\":\"https:\\\/\\\/www.ull.es\\\/masteres\\\/nanociencia-nanotecnologia-molecular\\\/en\\\/#website\",\"url\":\"https:\\\/\\\/www.ull.es\\\/masteres\\\/nanociencia-nanotecnologia-molecular\\\/en\\\/\",\"name\":\"M\u00e1ster Universitario en Nanociencia y Nanotecnolog\u00eda Molecular\",\"description\":\"\",\"potentialAction\":[{\"@type\":\"SearchAction\",\"target\":{\"@type\":\"EntryPoint\",\"urlTemplate\":\"https:\\\/\\\/www.ull.es\\\/masteres\\\/nanociencia-nanotecnologia-molecular\\\/en\\\/?s={search_term_string}\"},\"query-input\":{\"@type\":\"PropertyValueSpecification\",\"valueRequired\":true,\"valueName\":\"search_term_string\"}}],\"inLanguage\":\"en-GB\"}]}<\/script>\n<!-- \/ Yoast SEO plugin. -->","yoast_head_json":{"title":"Title Justification - Master&#039;s Degree in Nanoscience and Molecular Nanotechnology","robots":{"index":"index","follow":"follow","max-snippet":"max-snippet:-1","max-image-preview":"max-image-preview:large","max-video-preview":"max-video-preview:-1"},"canonical":"https:\/\/www.ull.es\/masteres\/nanociencia-nanotecnologia-molecular\/en\/justificacion-del-titulo\/","og_locale":"en_GB","og_type":"article","og_title":"Justificaci\u00f3n del t\u00edtulo - M\u00e1ster Universitario en Nanociencia y Nanotecnolog\u00eda Molecular","og_description":"[vc_row][vc_column][vc_column_text] Justificaci\u00f3n del t\u00edtulo El M\u00e1ster en Nanociencia y Nanotecnolog\u00eda Molecular responde al perfil acad\u00e9mico e\u00a0investigador a trav\u00e9s de una oferta de asignaturas en \u00e1reas cient\u00edficas y tecnol\u00f3gicas de inter\u00e9s\u00a0actual como son la Electr\u00f3nica Molecular, el Nanomagnetismo y la Espintr\u00f3nica Molecular, la\u00a0Qu\u00edmica Supramolecular, la F\u00edsica de Superficies, o la Ciencia de los Materiales Moleculares.\u00a0La orientaci\u00f3n...","og_url":"https:\/\/www.ull.es\/masteres\/nanociencia-nanotecnologia-molecular\/en\/justificacion-del-titulo\/","og_site_name":"M\u00e1ster Universitario en Nanociencia y Nanotecnolog\u00eda Molecular","article_modified_time":"2018-09-25T12:49:47+00:00","twitter_card":"summary_large_image","twitter_misc":{"Estimated reading time":"1 minute"},"schema":{"@context":"https:\/\/schema.org","@graph":[{"@type":"WebPage","@id":"https:\/\/www.ull.es\/masteres\/nanociencia-nanotecnologia-molecular\/fr\/justificacion-del-titulo\/","url":"https:\/\/www.ull.es\/masteres\/nanociencia-nanotecnologia-molecular\/fr\/justificacion-del-titulo\/","name":"Title Justification - Master&#039;s Degree in Nanoscience and Molecular Nanotechnology","isPartOf":{"@id":"https:\/\/www.ull.es\/masteres\/nanociencia-nanotecnologia-molecular\/en\/#website"},"datePublished":"2017-06-28T12:58:21+00:00","dateModified":"2018-09-25T12:49:47+00:00","breadcrumb":{"@id":"https:\/\/www.ull.es\/masteres\/nanociencia-nanotecnologia-molecular\/fr\/justificacion-del-titulo\/#breadcrumb"},"inLanguage":"en-GB","potentialAction":[{"@type":"ReadAction","target":["https:\/\/www.ull.es\/masteres\/nanociencia-nanotecnologia-molecular\/fr\/justificacion-del-titulo\/"]}]},{"@type":"BreadcrumbList","@id":"https:\/\/www.ull.es\/masteres\/nanociencia-nanotecnologia-molecular\/fr\/justificacion-del-titulo\/#breadcrumb","itemListElement":[{"@type":"ListItem","position":1,"name":"Portada","item":"https:\/\/www.ull.es\/masteres\/nanociencia-nanotecnologia-molecular\/en\/"},{"@type":"ListItem","position":2,"name":"Justificaci\u00f3n del t\u00edtulo"}]},{"@type":"WebSite","@id":"https:\/\/www.ull.es\/masteres\/nanociencia-nanotecnologia-molecular\/en\/#website","url":"https:\/\/www.ull.es\/masteres\/nanociencia-nanotecnologia-molecular\/en\/","name":"Master&#039;s Degree in Nanoscience and Molecular Nanotechnology","description":"","potentialAction":[{"@type":"SearchAction","target":{"@type":"EntryPoint","urlTemplate":"https:\/\/www.ull.es\/masteres\/nanociencia-nanotecnologia-molecular\/en\/?s={search_term_string}"},"query-input":{"@type":"PropertyValueSpecification","valueRequired":true,"valueName":"search_term_string"}}],"inLanguage":"en-GB"}]}},"_links":{"self":[{"href":"https:\/\/www.ull.es\/masteres\/nanociencia-nanotecnologia-molecular\/en\/wp-json\/wp\/v2\/pages\/28","targetHints":{"allow":["GET"]}}],"collection":[{"href":"https:\/\/www.ull.es\/masteres\/nanociencia-nanotecnologia-molecular\/en\/wp-json\/wp\/v2\/pages"}],"about":[{"href":"https:\/\/www.ull.es\/masteres\/nanociencia-nanotecnologia-molecular\/en\/wp-json\/wp\/v2\/types\/page"}],"author":[{"embeddable":true,"href":"https:\/\/www.ull.es\/masteres\/nanociencia-nanotecnologia-molecular\/en\/wp-json\/wp\/v2\/users\/1"}],"replies":[{"embeddable":true,"href":"https:\/\/www.ull.es\/masteres\/nanociencia-nanotecnologia-molecular\/en\/wp-json\/wp\/v2\/comments?post=28"}],"version-history":[{"count":8,"href":"https:\/\/www.ull.es\/masteres\/nanociencia-nanotecnologia-molecular\/en\/wp-json\/wp\/v2\/pages\/28\/revisions"}],"predecessor-version":[{"id":712,"href":"https:\/\/www.ull.es\/masteres\/nanociencia-nanotecnologia-molecular\/en\/wp-json\/wp\/v2\/pages\/28\/revisions\/712"}],"wp:attachment":[{"href":"https:\/\/www.ull.es\/masteres\/nanociencia-nanotecnologia-molecular\/en\/wp-json\/wp\/v2\/media?parent=28"}],"curies":[{"name":"wp","href":"https:\/\/api.w.org\/{rel}","templated":true}]}}