{"id":16,"date":"2017-06-28T12:47:07","date_gmt":"2017-06-28T12:47:07","guid":{"rendered":"http:\/\/www.ull.es\/masteres\/desarrollo-y-gestion-de-recursos-humanos\/?page_id=16"},"modified":"2018-06-21T09:47:40","modified_gmt":"2018-06-21T09:47:40","slug":"sistema-de-garantia-interna-de-calidad","status":"publish","type":"page","link":"https:\/\/www.ull.es\/masteres\/necesidades-especificas-apoyo-educativo\/calidad-y-resultados\/sistema-de-garantia-interna-de-calidad\/","title":{"rendered":"Sistema de Garant\u00eda Interna de Calidad"},"content":{"rendered":"<p>[vc_row][vc_column][vc_column_text]<\/p>\n<h1>Sistema de Garant\u00eda Interna de Calidad<\/h1>\n<p>El SGIC del centro cuenta con certificaci\u00f3n positiva del dise\u00f1o, atendiendo a las directrices establecidas por la Agencia Nacional de Evaluaci\u00f3n de la Calidad y la Acreditaci\u00f3n (ANECA) dentro del Programa AUDIT.<\/p>\n<p>El SGIC integra los procedimientos a nivel t\u00edtulo que dan respuesta espec\u00edfica al apartado 9 del Anexo 1 del RD 1393\/2007 de la memoria de verificaci\u00f3n de las titulaciones oficiales (evaluaci\u00f3n de la calidad de la ense\u00f1anza, el profesorado, pr\u00e1cticas externa, movilidad, satisfacci\u00f3n grupos inter\u00e9s, etc.) lo que garantiza la recogida y an\u00e1lisis continuo de informaci\u00f3n y de los resultados relevantes para la gesti\u00f3n eficaz del t\u00edtulo.<\/p>\n<p>Toda la informaci\u00f3n relativa al SGIC del Centro, que en estos momentos est\u00e1 en fase de implantaci\u00f3n del dise\u00f1o, la pueden obtener a trav\u00e9s del siguiente enlace, que est\u00e1 disponible en la Web del Centro, siguiendo lo establecido en el procedimiento para la Informaci\u00f3n P\u00fablica:<\/p>\n<p><a href=\"https:\/\/www.ull.es\/centros\/facultad-ciencias-salud\/informacion-general\/sistema-de-garantia-de-calidad\/\" target=\"_blank\" rel=\"noopener\" target=\"_blank\" rel=\"noopener\">Acceso al Sistema de Garant\u00eda Interna de Calidad del Centro<\/a>.[\/vc_column_text][\/vc_column][\/vc_row]<\/p>\n","protected":false},"excerpt":{"rendered":"<p>[vc_row][vc_column][vc_column_text] Sistema de Garant\u00eda Interna de Calidad El SGIC del centro cuenta con certificaci\u00f3n positiva del dise\u00f1o, atendiendo a las directrices establecidas por la Agencia Nacional de Evaluaci\u00f3n de la Calidad y la Acreditaci\u00f3n (ANECA) dentro del Programa AUDIT. El SGIC integra los procedimientos a nivel t\u00edtulo que dan respuesta espec\u00edfica al apartado 9 del&#8230;<\/p>\n","protected":false},"author":1,"featured_media":0,"parent":261,"menu_order":0,"comment_status":"closed","ping_status":"closed","template":"","meta":{"footnotes":""},"class_list":["post-16","page","type-page","status-publish","hentry"],"yoast_head":"<!-- This site is optimized with the Yoast SEO plugin v27.2 - https:\/\/yoast.com\/product\/yoast-seo-wordpress\/ -->\n<title>Sistema de Garant\u00eda Interna de Calidad - M\u00e1ster Universitario en Necesidades Espec\u00edficas de Apoyo Educativo<\/title>\n<meta name=\"robots\" content=\"index, follow, max-snippet:-1, max-image-preview:large, max-video-preview:-1\" \/>\n<link rel=\"canonical\" href=\"https:\/\/www.ull.es\/masteres\/necesidades-especificas-apoyo-educativo\/calidad-y-resultados\/sistema-de-garantia-interna-de-calidad\/\" \/>\n<meta property=\"og:locale\" content=\"es_ES\" \/>\n<meta property=\"og:type\" content=\"article\" \/>\n<meta property=\"og:title\" content=\"Sistema de Garant\u00eda Interna de Calidad - M\u00e1ster Universitario en Necesidades Espec\u00edficas de Apoyo Educativo\" \/>\n<meta property=\"og:description\" content=\"[vc_row][vc_column][vc_column_text] Sistema de Garant\u00eda Interna de Calidad El SGIC del centro cuenta con certificaci\u00f3n positiva del dise\u00f1o, atendiendo a las directrices establecidas por la Agencia Nacional de Evaluaci\u00f3n de la Calidad y la Acreditaci\u00f3n (ANECA) dentro del Programa AUDIT. El SGIC integra los procedimientos a nivel t\u00edtulo que dan respuesta espec\u00edfica al apartado 9 del...\" \/>\n<meta property=\"og:url\" content=\"https:\/\/www.ull.es\/masteres\/necesidades-especificas-apoyo-educativo\/calidad-y-resultados\/sistema-de-garantia-interna-de-calidad\/\" \/>\n<meta property=\"og:site_name\" content=\"M\u00e1ster Universitario en Necesidades Espec\u00edficas de Apoyo Educativo\" \/>\n<meta property=\"article:modified_time\" content=\"2018-06-21T09:47:40+00:00\" \/>\n<meta name=\"twitter:card\" content=\"summary_large_image\" \/>\n<meta name=\"twitter:label1\" content=\"Tiempo de lectura\" \/>\n\t<meta name=\"twitter:data1\" content=\"1 minuto\" \/>\n<script type=\"application\/ld+json\" class=\"yoast-schema-graph\">{\"@context\":\"https:\/\/schema.org\",\"@graph\":[{\"@type\":\"WebPage\",\"@id\":\"https:\/\/www.ull.es\/masteres\/necesidades-especificas-apoyo-educativo\/calidad-y-resultados\/sistema-de-garantia-interna-de-calidad\/\",\"url\":\"https:\/\/www.ull.es\/masteres\/necesidades-especificas-apoyo-educativo\/calidad-y-resultados\/sistema-de-garantia-interna-de-calidad\/\",\"name\":\"Sistema de Garant\u00eda Interna de Calidad - M\u00e1ster Universitario en Necesidades Espec\u00edficas de Apoyo Educativo\",\"isPartOf\":{\"@id\":\"https:\/\/www.ull.es\/masteres\/necesidades-especificas-apoyo-educativo\/#website\"},\"datePublished\":\"2017-06-28T12:47:07+00:00\",\"dateModified\":\"2018-06-21T09:47:40+00:00\",\"breadcrumb\":{\"@id\":\"https:\/\/www.ull.es\/masteres\/necesidades-especificas-apoyo-educativo\/calidad-y-resultados\/sistema-de-garantia-interna-de-calidad\/#breadcrumb\"},\"inLanguage\":\"es\",\"potentialAction\":[{\"@type\":\"ReadAction\",\"target\":[\"https:\/\/www.ull.es\/masteres\/necesidades-especificas-apoyo-educativo\/calidad-y-resultados\/sistema-de-garantia-interna-de-calidad\/\"]}]},{\"@type\":\"BreadcrumbList\",\"@id\":\"https:\/\/www.ull.es\/masteres\/necesidades-especificas-apoyo-educativo\/calidad-y-resultados\/sistema-de-garantia-interna-de-calidad\/#breadcrumb\",\"itemListElement\":[{\"@type\":\"ListItem\",\"position\":1,\"name\":\"Portada\",\"item\":\"https:\/\/www.ull.es\/masteres\/necesidades-especificas-apoyo-educativo\/\"},{\"@type\":\"ListItem\",\"position\":2,\"name\":\"Calidad y resultados\",\"item\":\"https:\/\/www.ull.es\/masteres\/necesidades-especificas-apoyo-educativo\/calidad-y-resultados\/\"},{\"@type\":\"ListItem\",\"position\":3,\"name\":\"Sistema de Garant\u00eda Interna de Calidad\"}]},{\"@type\":\"WebSite\",\"@id\":\"https:\/\/www.ull.es\/masteres\/necesidades-especificas-apoyo-educativo\/#website\",\"url\":\"https:\/\/www.ull.es\/masteres\/necesidades-especificas-apoyo-educativo\/\",\"name\":\"M\u00e1ster Universitario en Necesidades Espec\u00edficas de Apoyo Educativo\",\"description\":\"\",\"potentialAction\":[{\"@type\":\"SearchAction\",\"target\":{\"@type\":\"EntryPoint\",\"urlTemplate\":\"https:\/\/www.ull.es\/masteres\/necesidades-especificas-apoyo-educativo\/?s={search_term_string}\"},\"query-input\":{\"@type\":\"PropertyValueSpecification\",\"valueRequired\":true,\"valueName\":\"search_term_string\"}}],\"inLanguage\":\"es\"}]}<\/script>\n<!-- \/ Yoast SEO plugin. -->","yoast_head_json":{"title":"Sistema de Garant\u00eda Interna de Calidad - M\u00e1ster Universitario en Necesidades Espec\u00edficas de Apoyo Educativo","robots":{"index":"index","follow":"follow","max-snippet":"max-snippet:-1","max-image-preview":"max-image-preview:large","max-video-preview":"max-video-preview:-1"},"canonical":"https:\/\/www.ull.es\/masteres\/necesidades-especificas-apoyo-educativo\/calidad-y-resultados\/sistema-de-garantia-interna-de-calidad\/","og_locale":"es_ES","og_type":"article","og_title":"Sistema de Garant\u00eda Interna de Calidad - M\u00e1ster Universitario en Necesidades Espec\u00edficas de Apoyo Educativo","og_description":"[vc_row][vc_column][vc_column_text] Sistema de Garant\u00eda Interna de Calidad El SGIC del centro cuenta con certificaci\u00f3n positiva del dise\u00f1o, atendiendo a las directrices establecidas por la Agencia Nacional de Evaluaci\u00f3n de la Calidad y la Acreditaci\u00f3n (ANECA) dentro del Programa AUDIT. El SGIC integra los procedimientos a nivel t\u00edtulo que dan respuesta espec\u00edfica al apartado 9 del...","og_url":"https:\/\/www.ull.es\/masteres\/necesidades-especificas-apoyo-educativo\/calidad-y-resultados\/sistema-de-garantia-interna-de-calidad\/","og_site_name":"M\u00e1ster Universitario en Necesidades Espec\u00edficas de Apoyo Educativo","article_modified_time":"2018-06-21T09:47:40+00:00","twitter_card":"summary_large_image","twitter_misc":{"Tiempo de lectura":"1 minuto"},"schema":{"@context":"https:\/\/schema.org","@graph":[{"@type":"WebPage","@id":"https:\/\/www.ull.es\/masteres\/necesidades-especificas-apoyo-educativo\/calidad-y-resultados\/sistema-de-garantia-interna-de-calidad\/","url":"https:\/\/www.ull.es\/masteres\/necesidades-especificas-apoyo-educativo\/calidad-y-resultados\/sistema-de-garantia-interna-de-calidad\/","name":"Sistema de Garant\u00eda Interna de Calidad - M\u00e1ster Universitario en Necesidades Espec\u00edficas de Apoyo Educativo","isPartOf":{"@id":"https:\/\/www.ull.es\/masteres\/necesidades-especificas-apoyo-educativo\/#website"},"datePublished":"2017-06-28T12:47:07+00:00","dateModified":"2018-06-21T09:47:40+00:00","breadcrumb":{"@id":"https:\/\/www.ull.es\/masteres\/necesidades-especificas-apoyo-educativo\/calidad-y-resultados\/sistema-de-garantia-interna-de-calidad\/#breadcrumb"},"inLanguage":"es","potentialAction":[{"@type":"ReadAction","target":["https:\/\/www.ull.es\/masteres\/necesidades-especificas-apoyo-educativo\/calidad-y-resultados\/sistema-de-garantia-interna-de-calidad\/"]}]},{"@type":"BreadcrumbList","@id":"https:\/\/www.ull.es\/masteres\/necesidades-especificas-apoyo-educativo\/calidad-y-resultados\/sistema-de-garantia-interna-de-calidad\/#breadcrumb","itemListElement":[{"@type":"ListItem","position":1,"name":"Portada","item":"https:\/\/www.ull.es\/masteres\/necesidades-especificas-apoyo-educativo\/"},{"@type":"ListItem","position":2,"name":"Calidad y resultados","item":"https:\/\/www.ull.es\/masteres\/necesidades-especificas-apoyo-educativo\/calidad-y-resultados\/"},{"@type":"ListItem","position":3,"name":"Sistema de Garant\u00eda Interna de Calidad"}]},{"@type":"WebSite","@id":"https:\/\/www.ull.es\/masteres\/necesidades-especificas-apoyo-educativo\/#website","url":"https:\/\/www.ull.es\/masteres\/necesidades-especificas-apoyo-educativo\/","name":"M\u00e1ster Universitario en Necesidades Espec\u00edficas de Apoyo Educativo","description":"","potentialAction":[{"@type":"SearchAction","target":{"@type":"EntryPoint","urlTemplate":"https:\/\/www.ull.es\/masteres\/necesidades-especificas-apoyo-educativo\/?s={search_term_string}"},"query-input":{"@type":"PropertyValueSpecification","valueRequired":true,"valueName":"search_term_string"}}],"inLanguage":"es"}]}},"_links":{"self":[{"href":"https:\/\/www.ull.es\/masteres\/necesidades-especificas-apoyo-educativo\/wp-json\/wp\/v2\/pages\/16","targetHints":{"allow":["GET"]}}],"collection":[{"href":"https:\/\/www.ull.es\/masteres\/necesidades-especificas-apoyo-educativo\/wp-json\/wp\/v2\/pages"}],"about":[{"href":"https:\/\/www.ull.es\/masteres\/necesidades-especificas-apoyo-educativo\/wp-json\/wp\/v2\/types\/page"}],"author":[{"embeddable":true,"href":"https:\/\/www.ull.es\/masteres\/necesidades-especificas-apoyo-educativo\/wp-json\/wp\/v2\/users\/1"}],"replies":[{"embeddable":true,"href":"https:\/\/www.ull.es\/masteres\/necesidades-especificas-apoyo-educativo\/wp-json\/wp\/v2\/comments?post=16"}],"version-history":[{"count":10,"href":"https:\/\/www.ull.es\/masteres\/necesidades-especificas-apoyo-educativo\/wp-json\/wp\/v2\/pages\/16\/revisions"}],"predecessor-version":[{"id":658,"href":"https:\/\/www.ull.es\/masteres\/necesidades-especificas-apoyo-educativo\/wp-json\/wp\/v2\/pages\/16\/revisions\/658"}],"up":[{"embeddable":true,"href":"https:\/\/www.ull.es\/masteres\/necesidades-especificas-apoyo-educativo\/wp-json\/wp\/v2\/pages\/261"}],"wp:attachment":[{"href":"https:\/\/www.ull.es\/masteres\/necesidades-especificas-apoyo-educativo\/wp-json\/wp\/v2\/media?parent=16"}],"curies":[{"name":"wp","href":"https:\/\/api.w.org\/{rel}","templated":true}]}}