{"id":20,"date":"2017-06-28T12:48:33","date_gmt":"2017-06-28T12:48:33","guid":{"rendered":"http:\/\/www.ull.es\/masteres\/desarrollo-y-gestion-de-recursos-humanos\/?page_id=20"},"modified":"2018-06-12T08:56:25","modified_gmt":"2018-06-12T08:56:25","slug":"trabajo-fin-de-master","status":"publish","type":"page","link":"https:\/\/www.ull.es\/masteres\/necesidades-especificas-apoyo-educativo\/plan-de-estudios\/trabajo-fin-de-master\/","title":{"rendered":"Trabajo Fin de M\u00e1ster"},"content":{"rendered":"<p>[vc_row][vc_column][vc_column_text]<\/p>\n<h1>Trabajo de Fin de M\u00e1ster<\/h1>\n<p>[\/vc_column_text][vc_column_text]La asignatura de Trabajo Fin de M\u00e1ster (TFM) es de car\u00e1cter obligatorio y resulta clave en la titulaci\u00f3n, dado que en ella se recoge la evaluaci\u00f3n de un gran n\u00famero de competencias espec\u00edficas y gen\u00e9ricas de la titulaci\u00f3n, tal y como puede observarse en la Gu\u00eda Docente correspondiente.<\/p>\n<p>El Trabajo fin de M\u00e1ster (TFM) supone la realizaci\u00f3n, presentaci\u00f3n y defensa, de un ejercicio original realizado individualmente ante un tribunal universitario, consistente en un proyecto integral de Ingenier\u00eda en Inform\u00e1tica en el que se sinteticen las competencias adquiridas en las ense\u00f1anzas.<\/p>\n<p>A trav\u00e9s de la plantilla, formulario y\/o informe de evaluaci\u00f3n de los resultados de aprendizaje, los tribunales encargados de la evaluaci\u00f3n del TFM valoran el alcance de la adquisici\u00f3n de las competencias del t\u00edtulo y resultados del aprendizaje.<\/p>\n<p><strong>Requisitos generales para la realizaci\u00f3n del TFM<\/strong><\/p>\n<p>Para la realizaci\u00f3n del Trabajo Fin de M\u00e1ster el alumnado deber\u00e1 cumplir los siguientes requisitos generales:<\/p>\n<ul>\n<li>Cualquier requisito acad\u00e9mico establecido por el t\u00edtulo en su Memoria de Verificaci\u00f3n\/Modificaci\u00f3n y en la gu\u00eda docente de la asignatura.<\/li>\n<\/ul>\n<p>[\/vc_column_text][vc_tta_accordion style=\u00bbflat\u00bb shape=\u00bbsquare\u00bb c_icon=\u00bbchevron\u00bb c_position=\u00bbright\u00bb active_section=\u00bb\u00bb no_fill=\u00bbtrue\u00bb][vc_tta_section title=\u00bbOrganizaci\u00f3n del TFM\u00bb tab_id=\u00bborganizacion-tfm\u00bb][vc_column_text]Para asegurar la adecuaci\u00f3n de los TFM a las caracter\u00edsticas del T\u00edtulo los estudiantes cuentan con la orientaci\u00f3n y direcci\u00f3n de sus trabajos a trav\u00e9s de uno o dos tutores asignados de entre la relaci\u00f3n de tutores y temas propuestos, de los cuales al menos uno pertenecer\u00e1 a la plantilla docente de la Universidad de La Laguna que imparta docencia en el M\u00e1ster y que actuar\u00e1 como tutor principal si el segundo tutor es personal externo a la Universidad de La Laguna.<\/p>\n<p>La Comisi\u00f3n Acad\u00e9mica del M\u00e1ster aprobar\u00e1 un listado con los temas que el estudiantado pueda solicitar para realizar su TFM, los tutores de los mismos, los criterios de asignaci\u00f3n, la composici\u00f3n del tribunal de evaluaci\u00f3n, que, en su caso, juzgar\u00eda el correspondiente TFM y unas normas b\u00e1sicas de estilo, extensi\u00f3n y estructura que debe tener la memoria del TFM. El n\u00famero de trabajos propuestos para la realizaci\u00f3n del TFM deber\u00e1 ser como m\u00ednimo igual al n\u00famero de plazas ofertadas en el m\u00e1ster.<\/p>\n<p>Para mejorar el desarrollo de la asignatura y facilitar la elaboraci\u00f3n de la Memoria\/Informe de TFM y defensa p\u00fablica de la misma, se establecen criterios espec\u00edficos que pueden consultarse en la Gu\u00eda Docente de la Asignatura, en el reglamento de TFM e instrucciones publicadas al efecto.<\/p>\n<p>El TFM concluir\u00e1 con la defensa del mismo, que ser\u00e1 necesariamente p\u00fablica. Los tribunales estar\u00e1n formados por profesores que impartan docencia en esa titulaci\u00f3n, designando entre ellos a un presidente y un secretario.<br \/>\n<a href=\"https:\/\/www.ull.es\/masteres\/trabajo-de-fin-de-master\/\" target=\"_blank\" rel=\"noopener\" target=\"_blank\" rel=\"noopener\">M\u00e1s informaci\u00f3n.<\/a>[\/vc_column_text][\/vc_tta_section][vc_tta_section title=\u00bbNormativa\u00bb tab_id=\u00bbnormativa\u00bb][vc_column_text]<\/p>\n<ul>\n<li><a href=\"https:\/\/riull.ull.es\/xmlui\/bitstream\/handle\/915\/3785\/Version%20integrada%20bolet%C3%ADn%20n%C3%BAmero%2014.pdf.pdf?sequence=1&amp;isAllowed=y\" target=\"_blank\" rel=\"noopener\"><span style=\"font-weight: 400;\">Reglamento de Ense\u00f1anzas Oficiales de M\u00e1ster Universitario de la Universidad de La Laguna<\/span><span style=\"font-weight: 400;\"> (Acuerdo aprobado en Consejo de Gobierno de 30\/11\/2016)<\/span><\/a><\/li>\n<\/ul>\n<p>[\/vc_column_text][\/vc_tta_section][vc_tta_section title=\u00bbOferta\u00bb tab_id=\u00bboferta\u00bb][vc_column_text]Oferta Trabajo Fin de M\u00e1ster, curso 2018-2019.[\/vc_column_text][\/vc_tta_section][vc_tta_section title=\u00bbAsignaci\u00f3n \u00bb tab_id=\u00bbasignacion\u00bb][vc_column_text]Asignaci\u00f3n Trabajo de Fin de M\u00e1ster, curso 2018-2019[\/vc_column_text][\/vc_tta_section][vc_tta_section title=\u00bbLectura y Defensa\u00bb tab_id=\u00bblectura-defensa\u00bb][vc_column_text]Lectura y Defensa Trabajo de Fin de M\u00e1ster, curso 2018-2019. (Junio)[\/vc_column_text][\/vc_tta_section][\/vc_tta_accordion][\/vc_column][\/vc_row]<\/p>\n","protected":false},"excerpt":{"rendered":"<p>[vc_row][vc_column][vc_column_text] Trabajo de Fin de M\u00e1ster [\/vc_column_text][vc_column_text]La asignatura de Trabajo Fin de M\u00e1ster (TFM) es de car\u00e1cter obligatorio y resulta clave en la titulaci\u00f3n, dado que en ella se recoge la evaluaci\u00f3n de un gran n\u00famero de competencias espec\u00edficas y gen\u00e9ricas de la titulaci\u00f3n, tal y como puede observarse en la Gu\u00eda Docente correspondiente. El&#8230;<\/p>\n","protected":false},"author":1,"featured_media":0,"parent":270,"menu_order":3,"comment_status":"closed","ping_status":"closed","template":"","meta":{"footnotes":""},"class_list":["post-20","page","type-page","status-publish","hentry"],"yoast_head":"<!-- This site is optimized with the Yoast SEO plugin v27.2 - https:\/\/yoast.com\/product\/yoast-seo-wordpress\/ -->\n<title>Trabajo Fin de M\u00e1ster - M\u00e1ster Universitario en Necesidades Espec\u00edficas de Apoyo Educativo<\/title>\n<meta name=\"robots\" content=\"index, follow, max-snippet:-1, max-image-preview:large, max-video-preview:-1\" \/>\n<link rel=\"canonical\" href=\"https:\/\/www.ull.es\/masteres\/necesidades-especificas-apoyo-educativo\/plan-de-estudios\/trabajo-fin-de-master\/\" \/>\n<meta property=\"og:locale\" content=\"es_ES\" \/>\n<meta property=\"og:type\" content=\"article\" \/>\n<meta property=\"og:title\" content=\"Trabajo Fin de M\u00e1ster - M\u00e1ster Universitario en Necesidades Espec\u00edficas de Apoyo Educativo\" \/>\n<meta property=\"og:description\" content=\"[vc_row][vc_column][vc_column_text] Trabajo de Fin de M\u00e1ster [\/vc_column_text][vc_column_text]La asignatura de Trabajo Fin de M\u00e1ster (TFM) es de car\u00e1cter obligatorio y resulta clave en la titulaci\u00f3n, dado que en ella se recoge la evaluaci\u00f3n de un gran n\u00famero de competencias espec\u00edficas y gen\u00e9ricas de la titulaci\u00f3n, tal y como puede observarse en la Gu\u00eda Docente correspondiente. El...\" \/>\n<meta property=\"og:url\" content=\"https:\/\/www.ull.es\/masteres\/necesidades-especificas-apoyo-educativo\/plan-de-estudios\/trabajo-fin-de-master\/\" \/>\n<meta property=\"og:site_name\" content=\"M\u00e1ster Universitario en Necesidades Espec\u00edficas de Apoyo Educativo\" \/>\n<meta property=\"article:modified_time\" content=\"2018-06-12T08:56:25+00:00\" \/>\n<meta name=\"twitter:card\" content=\"summary_large_image\" \/>\n<meta name=\"twitter:label1\" content=\"Tiempo de lectura\" \/>\n\t<meta name=\"twitter:data1\" content=\"3 minutos\" \/>\n<script type=\"application\/ld+json\" class=\"yoast-schema-graph\">{\"@context\":\"https:\/\/schema.org\",\"@graph\":[{\"@type\":\"WebPage\",\"@id\":\"https:\/\/www.ull.es\/masteres\/necesidades-especificas-apoyo-educativo\/plan-de-estudios\/trabajo-fin-de-master\/\",\"url\":\"https:\/\/www.ull.es\/masteres\/necesidades-especificas-apoyo-educativo\/plan-de-estudios\/trabajo-fin-de-master\/\",\"name\":\"Trabajo Fin de M\u00e1ster - M\u00e1ster Universitario en Necesidades Espec\u00edficas de Apoyo Educativo\",\"isPartOf\":{\"@id\":\"https:\/\/www.ull.es\/masteres\/necesidades-especificas-apoyo-educativo\/#website\"},\"datePublished\":\"2017-06-28T12:48:33+00:00\",\"dateModified\":\"2018-06-12T08:56:25+00:00\",\"breadcrumb\":{\"@id\":\"https:\/\/www.ull.es\/masteres\/necesidades-especificas-apoyo-educativo\/plan-de-estudios\/trabajo-fin-de-master\/#breadcrumb\"},\"inLanguage\":\"es\",\"potentialAction\":[{\"@type\":\"ReadAction\",\"target\":[\"https:\/\/www.ull.es\/masteres\/necesidades-especificas-apoyo-educativo\/plan-de-estudios\/trabajo-fin-de-master\/\"]}]},{\"@type\":\"BreadcrumbList\",\"@id\":\"https:\/\/www.ull.es\/masteres\/necesidades-especificas-apoyo-educativo\/plan-de-estudios\/trabajo-fin-de-master\/#breadcrumb\",\"itemListElement\":[{\"@type\":\"ListItem\",\"position\":1,\"name\":\"Portada\",\"item\":\"https:\/\/www.ull.es\/masteres\/necesidades-especificas-apoyo-educativo\/\"},{\"@type\":\"ListItem\",\"position\":2,\"name\":\"Plan de estudios\",\"item\":\"https:\/\/www.ull.es\/masteres\/necesidades-especificas-apoyo-educativo\/plan-de-estudios\/\"},{\"@type\":\"ListItem\",\"position\":3,\"name\":\"Trabajo Fin de M\u00e1ster\"}]},{\"@type\":\"WebSite\",\"@id\":\"https:\/\/www.ull.es\/masteres\/necesidades-especificas-apoyo-educativo\/#website\",\"url\":\"https:\/\/www.ull.es\/masteres\/necesidades-especificas-apoyo-educativo\/\",\"name\":\"M\u00e1ster Universitario en Necesidades Espec\u00edficas de Apoyo Educativo\",\"description\":\"\",\"potentialAction\":[{\"@type\":\"SearchAction\",\"target\":{\"@type\":\"EntryPoint\",\"urlTemplate\":\"https:\/\/www.ull.es\/masteres\/necesidades-especificas-apoyo-educativo\/?s={search_term_string}\"},\"query-input\":{\"@type\":\"PropertyValueSpecification\",\"valueRequired\":true,\"valueName\":\"search_term_string\"}}],\"inLanguage\":\"es\"}]}<\/script>\n<!-- \/ Yoast SEO plugin. -->","yoast_head_json":{"title":"Trabajo Fin de M\u00e1ster - M\u00e1ster Universitario en Necesidades Espec\u00edficas de Apoyo Educativo","robots":{"index":"index","follow":"follow","max-snippet":"max-snippet:-1","max-image-preview":"max-image-preview:large","max-video-preview":"max-video-preview:-1"},"canonical":"https:\/\/www.ull.es\/masteres\/necesidades-especificas-apoyo-educativo\/plan-de-estudios\/trabajo-fin-de-master\/","og_locale":"es_ES","og_type":"article","og_title":"Trabajo Fin de M\u00e1ster - M\u00e1ster Universitario en Necesidades Espec\u00edficas de Apoyo Educativo","og_description":"[vc_row][vc_column][vc_column_text] Trabajo de Fin de M\u00e1ster [\/vc_column_text][vc_column_text]La asignatura de Trabajo Fin de M\u00e1ster (TFM) es de car\u00e1cter obligatorio y resulta clave en la titulaci\u00f3n, dado que en ella se recoge la evaluaci\u00f3n de un gran n\u00famero de competencias espec\u00edficas y gen\u00e9ricas de la titulaci\u00f3n, tal y como puede observarse en la Gu\u00eda Docente correspondiente. El...","og_url":"https:\/\/www.ull.es\/masteres\/necesidades-especificas-apoyo-educativo\/plan-de-estudios\/trabajo-fin-de-master\/","og_site_name":"M\u00e1ster Universitario en Necesidades Espec\u00edficas de Apoyo Educativo","article_modified_time":"2018-06-12T08:56:25+00:00","twitter_card":"summary_large_image","twitter_misc":{"Tiempo de lectura":"3 minutos"},"schema":{"@context":"https:\/\/schema.org","@graph":[{"@type":"WebPage","@id":"https:\/\/www.ull.es\/masteres\/necesidades-especificas-apoyo-educativo\/plan-de-estudios\/trabajo-fin-de-master\/","url":"https:\/\/www.ull.es\/masteres\/necesidades-especificas-apoyo-educativo\/plan-de-estudios\/trabajo-fin-de-master\/","name":"Trabajo Fin de M\u00e1ster - M\u00e1ster Universitario en Necesidades Espec\u00edficas de Apoyo Educativo","isPartOf":{"@id":"https:\/\/www.ull.es\/masteres\/necesidades-especificas-apoyo-educativo\/#website"},"datePublished":"2017-06-28T12:48:33+00:00","dateModified":"2018-06-12T08:56:25+00:00","breadcrumb":{"@id":"https:\/\/www.ull.es\/masteres\/necesidades-especificas-apoyo-educativo\/plan-de-estudios\/trabajo-fin-de-master\/#breadcrumb"},"inLanguage":"es","potentialAction":[{"@type":"ReadAction","target":["https:\/\/www.ull.es\/masteres\/necesidades-especificas-apoyo-educativo\/plan-de-estudios\/trabajo-fin-de-master\/"]}]},{"@type":"BreadcrumbList","@id":"https:\/\/www.ull.es\/masteres\/necesidades-especificas-apoyo-educativo\/plan-de-estudios\/trabajo-fin-de-master\/#breadcrumb","itemListElement":[{"@type":"ListItem","position":1,"name":"Portada","item":"https:\/\/www.ull.es\/masteres\/necesidades-especificas-apoyo-educativo\/"},{"@type":"ListItem","position":2,"name":"Plan de estudios","item":"https:\/\/www.ull.es\/masteres\/necesidades-especificas-apoyo-educativo\/plan-de-estudios\/"},{"@type":"ListItem","position":3,"name":"Trabajo Fin de M\u00e1ster"}]},{"@type":"WebSite","@id":"https:\/\/www.ull.es\/masteres\/necesidades-especificas-apoyo-educativo\/#website","url":"https:\/\/www.ull.es\/masteres\/necesidades-especificas-apoyo-educativo\/","name":"M\u00e1ster Universitario en Necesidades Espec\u00edficas de Apoyo Educativo","description":"","potentialAction":[{"@type":"SearchAction","target":{"@type":"EntryPoint","urlTemplate":"https:\/\/www.ull.es\/masteres\/necesidades-especificas-apoyo-educativo\/?s={search_term_string}"},"query-input":{"@type":"PropertyValueSpecification","valueRequired":true,"valueName":"search_term_string"}}],"inLanguage":"es"}]}},"_links":{"self":[{"href":"https:\/\/www.ull.es\/masteres\/necesidades-especificas-apoyo-educativo\/wp-json\/wp\/v2\/pages\/20","targetHints":{"allow":["GET"]}}],"collection":[{"href":"https:\/\/www.ull.es\/masteres\/necesidades-especificas-apoyo-educativo\/wp-json\/wp\/v2\/pages"}],"about":[{"href":"https:\/\/www.ull.es\/masteres\/necesidades-especificas-apoyo-educativo\/wp-json\/wp\/v2\/types\/page"}],"author":[{"embeddable":true,"href":"https:\/\/www.ull.es\/masteres\/necesidades-especificas-apoyo-educativo\/wp-json\/wp\/v2\/users\/1"}],"replies":[{"embeddable":true,"href":"https:\/\/www.ull.es\/masteres\/necesidades-especificas-apoyo-educativo\/wp-json\/wp\/v2\/comments?post=20"}],"version-history":[{"count":12,"href":"https:\/\/www.ull.es\/masteres\/necesidades-especificas-apoyo-educativo\/wp-json\/wp\/v2\/pages\/20\/revisions"}],"predecessor-version":[{"id":639,"href":"https:\/\/www.ull.es\/masteres\/necesidades-especificas-apoyo-educativo\/wp-json\/wp\/v2\/pages\/20\/revisions\/639"}],"up":[{"embeddable":true,"href":"https:\/\/www.ull.es\/masteres\/necesidades-especificas-apoyo-educativo\/wp-json\/wp\/v2\/pages\/270"}],"wp:attachment":[{"href":"https:\/\/www.ull.es\/masteres\/necesidades-especificas-apoyo-educativo\/wp-json\/wp\/v2\/media?parent=20"}],"curies":[{"name":"wp","href":"https:\/\/api.w.org\/{rel}","templated":true}]}}