{"id":24,"date":"2017-06-28T12:52:52","date_gmt":"2017-06-28T12:52:52","guid":{"rendered":"http:\/\/www.ull.es\/masteres\/desarrollo-y-gestion-de-recursos-humanos\/?page_id=24"},"modified":"2018-06-21T09:43:54","modified_gmt":"2018-06-21T09:43:54","slug":"estructura-del-plan-de-estudios","status":"publish","type":"page","link":"https:\/\/www.ull.es\/masteres\/necesidades-especificas-apoyo-educativo\/plan-de-estudios\/estructura-del-plan-de-estudios\/","title":{"rendered":"Estructura del Plan de Estudios"},"content":{"rendered":"<p>[vc_row][vc_column][vc_column_text]<\/p>\n<h1>Estructura del Plan de Estudios<\/h1>\n<p>[\/vc_column_text][vc_column_text]La planificaci\u00f3n de las ense\u00f1anzas supone la vertebraci\u00f3n de contenidos, sistemas y metodolog\u00edas que hacen posible la adquisici\u00f3n de los conocimientos, capacidades, habilidades y destrezas b\u00e1sicas necesarias para que los estudiantes puedan desarrollar su actividad en cualquiera de las l\u00edneas especificadas en el perfil profesional definido para la titulaci\u00f3n.<\/p>\n<p>El plan de estudios estructurado en m\u00f3dulos\/materias y asignaturas est\u00e1 elaborado en base al marco normativo para la ordenaci\u00f3n y verificaci\u00f3n de las ense\u00f1anzas universitarias oficiales \u2013el RD 1393\/2007- y las directrices desarrolladas por la Universidad de La Laguna.<\/p>\n<h2>Estructura<\/h2>\n<table class=\"grales\" width=\"100%\">\n<tbody>\n<tr>\n<th class=\"bluecolumn\" width=\"5%\">C\u00f3digo<\/th>\n<th class=\"bluecolumn\" width=\"75%\">Asignatura<\/th>\n<th class=\"bluecolumn\" width=\"5%\">Tipolog\u00eda<\/th>\n<th class=\"bluecolumn\" width=\"5%\">Cr\u00e9ditos<\/th>\n<th class=\"bluecolumn\" width=\"5%\">Curso<\/th>\n<th class=\"bluecolumn\" width=\"5%\">Cuatrimestre<\/th>\n<\/tr>\n<tr class=\"trAsig0\">\n<td class=\"tdAsig\"><\/td>\n<td class=\"tdAsig\"><b>ASIGNATURAS COMUNES<\/b><\/td>\n<td class=\"tdAsig\"><\/td>\n<td class=\"tdAsig\"><\/td>\n<td class=\"tdAsig\"><\/td>\n<td class=\"tdAsig\"><\/td>\n<\/tr>\n<tr class=\"trAsig1\">\n<td class=\"tdAsig\"><\/td>\n<td class=\"tdAsig\">Necesidades espec\u00edficas de apoyo<br \/>\neducativo<\/td>\n<td class=\"tdAsig\">Obligatoria<\/td>\n<td class=\"tdAsig\">6<\/td>\n<td class=\"tdAsig\">1\u00ba<\/td>\n<td class=\"tdAsig\">1\u00ba<\/td>\n<\/tr>\n<tr class=\"trAsig0\">\n<td class=\"tdAsig\"><\/td>\n<td class=\"tdAsig\">Neuropsicolog\u00eda de las necesidades<br \/>\nespec\u00edficas de apoyo educativo<\/td>\n<td class=\"tdAsig\">Obligatoria<\/td>\n<td class=\"tdAsig\">3<\/td>\n<td class=\"tdAsig\">1\u00ba<\/td>\n<td class=\"tdAsig\">1\u00ba<\/td>\n<\/tr>\n<tr class=\"trAsig1\">\n<td class=\"tdAsig\"><\/td>\n<td class=\"tdAsig\">Evaluaci\u00f3n de la Eficacia de los<br \/>\nProgramas de Intervenci\u00f3n<\/td>\n<td class=\"tdAsig\">Obligatoria<\/td>\n<td class=\"tdAsig\">3<\/td>\n<td class=\"tdAsig\">1\u00ba<\/td>\n<td class=\"tdAsig\">1\u00ba<\/td>\n<\/tr>\n<tr class=\"trAsig0\">\n<td class=\"tdAsig\"><\/td>\n<td class=\"tdAsig\">Materiales y recursos en tecnolog\u00eda de la informaci\u00f3n y comunicaci\u00f3n en las necesidades espec\u00edficas de apoyo educativo<\/td>\n<td class=\"tdAsig\">Obligatoria<\/td>\n<td class=\"tdAsig\">3<\/td>\n<td class=\"tdAsig\">1\u00ba<\/td>\n<td class=\"tdAsig\">1\u00ba<\/td>\n<\/tr>\n<tr class=\"trAsig1\">\n<td class=\"tdAsig\"><\/td>\n<td class=\"tdAsig\">Motivaci\u00f3n y educaci\u00f3n emocional<\/td>\n<td class=\"tdAsig\">Obligatoria<\/td>\n<td class=\"tdAsig\">3<\/td>\n<td class=\"tdAsig\">1\u00ba<\/td>\n<td class=\"tdAsig\">1\u00ba<\/td>\n<\/tr>\n<tr class=\"trAsig0\">\n<td class=\"tdAsig\"><\/td>\n<td class=\"tdAsig\">Pr\u00e1cticas Externas<\/td>\n<td class=\"tdAsig\">Obligatoria<\/td>\n<td class=\"tdAsig\">12<\/td>\n<td class=\"tdAsig\">1\u00ba<\/td>\n<td class=\"tdAsig\">Anual<\/td>\n<\/tr>\n<tr class=\"trAsig1\">\n<td class=\"tdAsig\"><\/td>\n<td class=\"tdAsig\">Trabajo de Fin de M\u00e1ster<\/td>\n<td class=\"tdAsig\">Obligatoria<\/td>\n<td class=\"tdAsig\">6<\/td>\n<td class=\"tdAsig\">1\u00ba<\/td>\n<td class=\"tdAsig\">2\u00ba<\/td>\n<\/tr>\n<tr class=\"trAsig0\">\n<td class=\"tdAsig\"><\/td>\n<td class=\"tdAsig\"><strong>ESPECIALIDAD EN ATENCI\u00d3N A LA DIVERSIDAD EDUCATIVA<br \/>\n<\/strong><\/td>\n<td class=\"tdAsig\"><\/td>\n<td class=\"tdAsig\"><\/td>\n<td class=\"tdAsig\"><\/td>\n<td class=\"tdAsig\"><\/td>\n<\/tr>\n<tr class=\"trAsig1\">\n<td class=\"tdAsig\"><\/td>\n<td class=\"tdAsig\">Evaluaci\u00f3n de las Necesidades<br \/>\nespec\u00edficas de apoyo educativo<\/td>\n<td class=\"tdAsig\">\u00a0(Obligatoria de especialidad)<\/td>\n<td class=\"tdAsig\">6<\/td>\n<td class=\"tdAsig\">1\u00ba<\/td>\n<td class=\"tdAsig\">2\u00ba<\/td>\n<\/tr>\n<tr class=\"trAsig1\">\n<td class=\"tdAsig\"><\/td>\n<td class=\"tdAsig\">Intervenci\u00f3n en dislexia, disgraf\u00eda y discalculia<\/td>\n<td class=\"tdAsig\">(Obligatoria de especialidad)<\/td>\n<td class=\"tdAsig\">6<\/td>\n<td class=\"tdAsig\">1\u00ba<\/td>\n<td class=\"tdAsig\">2\u00ba<\/td>\n<\/tr>\n<tr class=\"trAsig0\">\n<td class=\"tdAsig\"><\/td>\n<td class=\"tdAsig\">Evaluaci\u00f3n e intervenci\u00f3n en el trastorno por d\u00e9ficit de atenci\u00f3n con hiperactividad<\/td>\n<td class=\"tdAsig\">(Obligatoria de especialidad)<\/td>\n<td class=\"tdAsig\">3<\/td>\n<td class=\"tdAsig\">1\u00ba<\/td>\n<td class=\"tdAsig\">2\u00ba<\/td>\n<\/tr>\n<tr class=\"trAsig1\">\n<td class=\"tdAsig\"><\/td>\n<td class=\"tdAsig\">Lectura, escritura y c\u00e1lculo<\/td>\n<td class=\"tdAsig\">(Obligatoria de especialidad)<\/td>\n<td class=\"tdAsig\">3<\/td>\n<td class=\"tdAsig\">1\u00ba<\/td>\n<td class=\"tdAsig\">2\u00ba<\/td>\n<\/tr>\n<tr class=\"trAsig0\">\n<td class=\"tdAsig\"><\/td>\n<td class=\"tdAsig\">Diagn\u00f3stico del alumnado cultural y ling\u00fc\u00edsticamente diverso<\/td>\n<td class=\"tdAsig\">(Obligatoria de especialidad)<\/td>\n<td class=\"tdAsig\">3<\/td>\n<td class=\"tdAsig\">1\u00ba<\/td>\n<td class=\"tdAsig\">2\u00ba<\/td>\n<\/tr>\n<tr class=\"trAsig0\">\n<td class=\"tdAsig\"><\/td>\n<td class=\"tdAsig\">Identificaci\u00f3n e intervenci\u00f3n en Altas capacidades intelectuales<\/td>\n<td class=\"tdAsig\">(Obligatoria de especialidad)<\/td>\n<td class=\"tdAsig\">3<\/td>\n<td class=\"tdAsig\">1\u00ba<\/td>\n<td class=\"tdAsig\">2\u00ba<\/td>\n<\/tr>\n<tr class=\"trAsig0\">\n<td class=\"tdAsig\"><\/td>\n<td class=\"tdAsig\"><strong>ESPECIALIDAD EN COMUNICACI\u00d3N Y LENGUAJE<\/strong><\/td>\n<td class=\"tdAsig\"><\/td>\n<td class=\"tdAsig\"><\/td>\n<td class=\"tdAsig\"><\/td>\n<td class=\"tdAsig\"><\/td>\n<\/tr>\n<tr class=\"trAsig0\">\n<td class=\"tdAsig\"><\/td>\n<td class=\"tdAsig\">Biling\u00fcismo y aprendizaje de segunda lengua<\/td>\n<td class=\"tdAsig\">(Obligatoria de especialidad)<\/td>\n<td class=\"tdAsig\">3<\/td>\n<td class=\"tdAsig\">1\u00ba<\/td>\n<td class=\"tdAsig\">2\u00ba<\/td>\n<\/tr>\n<tr class=\"trAsig0\">\n<td class=\"tdAsig\"><\/td>\n<td class=\"tdAsig\">Alteraciones del lenguaje en enfermedades neurodegenerativas y adquiridas<\/td>\n<td class=\"tdAsig\">(Obligatoria de especialidad)<\/td>\n<td class=\"tdAsig\">3<\/td>\n<td class=\"tdAsig\">1\u00ba<\/td>\n<td class=\"tdAsig\">2\u00ba<\/td>\n<\/tr>\n<tr class=\"trAsig0\">\n<td class=\"tdAsig\"><\/td>\n<td class=\"tdAsig\">Identificaci\u00f3n, evaluaci\u00f3n y diagn\u00f3stico de los Trastornos de la Comunicaci\u00f3n y Lenguaje<\/td>\n<td class=\"tdAsig\">(Obligatoria de especialidad)<\/td>\n<td class=\"tdAsig\">3<\/td>\n<td class=\"tdAsig\">1\u00ba<\/td>\n<td class=\"tdAsig\">2\u00ba<\/td>\n<\/tr>\n<tr class=\"trAsig0\">\n<td class=\"tdAsig\"><\/td>\n<td class=\"tdAsig\">Bases neurol\u00f3gicas del lenguaje<\/td>\n<td class=\"tdAsig\">(Obligatoria de especialidad)<\/td>\n<td class=\"tdAsig\">3<\/td>\n<td class=\"tdAsig\">1\u00ba<\/td>\n<td class=\"tdAsig\">1\u00ba<\/td>\n<\/tr>\n<tr class=\"trAsig0\">\n<td class=\"tdAsig\"><\/td>\n<td class=\"tdAsig\">Intervenci\u00f3n del lenguaje en el Trastorno del Espectro Autista y otros Trastornos Generalizados del Desarrollo<\/td>\n<td class=\"tdAsig\">(Obligatoria de especialidad)<\/td>\n<td class=\"tdAsig\">3<\/td>\n<td class=\"tdAsig\">1\u00ba<\/td>\n<td class=\"tdAsig\">2\u00ba<\/td>\n<\/tr>\n<tr class=\"trAsig0\">\n<td class=\"tdAsig\"><\/td>\n<td class=\"tdAsig\">An\u00e1lisis de la voz<\/td>\n<td class=\"tdAsig\">(Obligatoria de especialidad)<\/td>\n<td class=\"tdAsig\">3<\/td>\n<td class=\"tdAsig\">1\u00ba<\/td>\n<td class=\"tdAsig\">2\u00ba<\/td>\n<\/tr>\n<tr class=\"trAsig0\">\n<td class=\"tdAsig\"><\/td>\n<td class=\"tdAsig\">Neuroeducaci\u00f3n en Implantes cocleares<\/td>\n<td class=\"tdAsig\">(Obligatoria de especialidad)<\/td>\n<td class=\"tdAsig\">3<\/td>\n<td class=\"tdAsig\">1\u00ba<\/td>\n<td class=\"tdAsig\">2\u00ba<\/td>\n<\/tr>\n<tr class=\"trAsig0\">\n<td class=\"tdAsig\"><\/td>\n<td class=\"tdAsig\">Discapacidad auditiva: diagn\u00f3stico e intervenci\u00f3n<\/td>\n<td class=\"tdAsig\">(Obligatoria de especialidad)<\/td>\n<td class=\"tdAsig\">3<\/td>\n<td class=\"tdAsig\">1\u00ba<\/td>\n<td class=\"tdAsig\">2\u00ba<\/td>\n<\/tr>\n<\/tbody>\n<\/table>\n<p>[\/vc_column_text][\/vc_column][\/vc_row]<\/p>\n","protected":false},"excerpt":{"rendered":"<p>[vc_row][vc_column][vc_column_text] Estructura del Plan de Estudios [\/vc_column_text][vc_column_text]La planificaci\u00f3n de las ense\u00f1anzas supone la vertebraci\u00f3n de contenidos, sistemas y metodolog\u00edas que hacen posible la adquisici\u00f3n de los conocimientos, capacidades, habilidades y destrezas b\u00e1sicas necesarias para que los estudiantes puedan desarrollar su actividad en cualquiera de las l\u00edneas especificadas en el perfil profesional definido para la titulaci\u00f3n&#8230;.<\/p>\n","protected":false},"author":1,"featured_media":0,"parent":270,"menu_order":0,"comment_status":"closed","ping_status":"closed","template":"","meta":{"footnotes":""},"class_list":["post-24","page","type-page","status-publish","hentry"],"yoast_head":"<!-- This site is optimized with the Yoast SEO plugin v27.2 - https:\/\/yoast.com\/product\/yoast-seo-wordpress\/ -->\n<title>Estructura del Plan de Estudios - M\u00e1ster Universitario en Necesidades Espec\u00edficas de Apoyo Educativo<\/title>\n<meta name=\"robots\" content=\"index, follow, max-snippet:-1, max-image-preview:large, max-video-preview:-1\" \/>\n<link rel=\"canonical\" href=\"https:\/\/www.ull.es\/masteres\/necesidades-especificas-apoyo-educativo\/plan-de-estudios\/estructura-del-plan-de-estudios\/\" \/>\n<meta property=\"og:locale\" content=\"es_ES\" \/>\n<meta property=\"og:type\" content=\"article\" \/>\n<meta property=\"og:title\" content=\"Estructura del Plan de Estudios - M\u00e1ster Universitario en Necesidades Espec\u00edficas de Apoyo Educativo\" \/>\n<meta property=\"og:description\" content=\"[vc_row][vc_column][vc_column_text] Estructura del Plan de Estudios [\/vc_column_text][vc_column_text]La planificaci\u00f3n de las ense\u00f1anzas supone la vertebraci\u00f3n de contenidos, sistemas y metodolog\u00edas que hacen posible la adquisici\u00f3n de los conocimientos, capacidades, habilidades y destrezas b\u00e1sicas necesarias para que los estudiantes puedan desarrollar su actividad en cualquiera de las l\u00edneas especificadas en el perfil profesional definido para la titulaci\u00f3n....\" \/>\n<meta property=\"og:url\" content=\"https:\/\/www.ull.es\/masteres\/necesidades-especificas-apoyo-educativo\/plan-de-estudios\/estructura-del-plan-de-estudios\/\" \/>\n<meta property=\"og:site_name\" content=\"M\u00e1ster Universitario en Necesidades Espec\u00edficas de Apoyo Educativo\" \/>\n<meta property=\"article:modified_time\" content=\"2018-06-21T09:43:54+00:00\" \/>\n<meta name=\"twitter:card\" content=\"summary_large_image\" \/>\n<meta name=\"twitter:label1\" content=\"Tiempo de lectura\" \/>\n\t<meta name=\"twitter:data1\" content=\"2 minutos\" \/>\n<script type=\"application\/ld+json\" class=\"yoast-schema-graph\">{\"@context\":\"https:\/\/schema.org\",\"@graph\":[{\"@type\":\"WebPage\",\"@id\":\"https:\/\/www.ull.es\/masteres\/necesidades-especificas-apoyo-educativo\/plan-de-estudios\/estructura-del-plan-de-estudios\/\",\"url\":\"https:\/\/www.ull.es\/masteres\/necesidades-especificas-apoyo-educativo\/plan-de-estudios\/estructura-del-plan-de-estudios\/\",\"name\":\"Estructura del Plan de Estudios - M\u00e1ster Universitario en Necesidades Espec\u00edficas de Apoyo Educativo\",\"isPartOf\":{\"@id\":\"https:\/\/www.ull.es\/masteres\/necesidades-especificas-apoyo-educativo\/#website\"},\"datePublished\":\"2017-06-28T12:52:52+00:00\",\"dateModified\":\"2018-06-21T09:43:54+00:00\",\"breadcrumb\":{\"@id\":\"https:\/\/www.ull.es\/masteres\/necesidades-especificas-apoyo-educativo\/plan-de-estudios\/estructura-del-plan-de-estudios\/#breadcrumb\"},\"inLanguage\":\"es\",\"potentialAction\":[{\"@type\":\"ReadAction\",\"target\":[\"https:\/\/www.ull.es\/masteres\/necesidades-especificas-apoyo-educativo\/plan-de-estudios\/estructura-del-plan-de-estudios\/\"]}]},{\"@type\":\"BreadcrumbList\",\"@id\":\"https:\/\/www.ull.es\/masteres\/necesidades-especificas-apoyo-educativo\/plan-de-estudios\/estructura-del-plan-de-estudios\/#breadcrumb\",\"itemListElement\":[{\"@type\":\"ListItem\",\"position\":1,\"name\":\"Portada\",\"item\":\"https:\/\/www.ull.es\/masteres\/necesidades-especificas-apoyo-educativo\/\"},{\"@type\":\"ListItem\",\"position\":2,\"name\":\"Plan de estudios\",\"item\":\"https:\/\/www.ull.es\/masteres\/necesidades-especificas-apoyo-educativo\/plan-de-estudios\/\"},{\"@type\":\"ListItem\",\"position\":3,\"name\":\"Estructura del Plan de Estudios\"}]},{\"@type\":\"WebSite\",\"@id\":\"https:\/\/www.ull.es\/masteres\/necesidades-especificas-apoyo-educativo\/#website\",\"url\":\"https:\/\/www.ull.es\/masteres\/necesidades-especificas-apoyo-educativo\/\",\"name\":\"M\u00e1ster Universitario en Necesidades Espec\u00edficas de Apoyo Educativo\",\"description\":\"\",\"potentialAction\":[{\"@type\":\"SearchAction\",\"target\":{\"@type\":\"EntryPoint\",\"urlTemplate\":\"https:\/\/www.ull.es\/masteres\/necesidades-especificas-apoyo-educativo\/?s={search_term_string}\"},\"query-input\":{\"@type\":\"PropertyValueSpecification\",\"valueRequired\":true,\"valueName\":\"search_term_string\"}}],\"inLanguage\":\"es\"}]}<\/script>\n<!-- \/ Yoast SEO plugin. -->","yoast_head_json":{"title":"Estructura del Plan de Estudios - M\u00e1ster Universitario en Necesidades Espec\u00edficas de Apoyo Educativo","robots":{"index":"index","follow":"follow","max-snippet":"max-snippet:-1","max-image-preview":"max-image-preview:large","max-video-preview":"max-video-preview:-1"},"canonical":"https:\/\/www.ull.es\/masteres\/necesidades-especificas-apoyo-educativo\/plan-de-estudios\/estructura-del-plan-de-estudios\/","og_locale":"es_ES","og_type":"article","og_title":"Estructura del Plan de Estudios - M\u00e1ster Universitario en Necesidades Espec\u00edficas de Apoyo Educativo","og_description":"[vc_row][vc_column][vc_column_text] Estructura del Plan de Estudios [\/vc_column_text][vc_column_text]La planificaci\u00f3n de las ense\u00f1anzas supone la vertebraci\u00f3n de contenidos, sistemas y metodolog\u00edas que hacen posible la adquisici\u00f3n de los conocimientos, capacidades, habilidades y destrezas b\u00e1sicas necesarias para que los estudiantes puedan desarrollar su actividad en cualquiera de las l\u00edneas especificadas en el perfil profesional definido para la titulaci\u00f3n....","og_url":"https:\/\/www.ull.es\/masteres\/necesidades-especificas-apoyo-educativo\/plan-de-estudios\/estructura-del-plan-de-estudios\/","og_site_name":"M\u00e1ster Universitario en Necesidades Espec\u00edficas de Apoyo Educativo","article_modified_time":"2018-06-21T09:43:54+00:00","twitter_card":"summary_large_image","twitter_misc":{"Tiempo de lectura":"2 minutos"},"schema":{"@context":"https:\/\/schema.org","@graph":[{"@type":"WebPage","@id":"https:\/\/www.ull.es\/masteres\/necesidades-especificas-apoyo-educativo\/plan-de-estudios\/estructura-del-plan-de-estudios\/","url":"https:\/\/www.ull.es\/masteres\/necesidades-especificas-apoyo-educativo\/plan-de-estudios\/estructura-del-plan-de-estudios\/","name":"Estructura del Plan de Estudios - M\u00e1ster Universitario en Necesidades Espec\u00edficas de Apoyo Educativo","isPartOf":{"@id":"https:\/\/www.ull.es\/masteres\/necesidades-especificas-apoyo-educativo\/#website"},"datePublished":"2017-06-28T12:52:52+00:00","dateModified":"2018-06-21T09:43:54+00:00","breadcrumb":{"@id":"https:\/\/www.ull.es\/masteres\/necesidades-especificas-apoyo-educativo\/plan-de-estudios\/estructura-del-plan-de-estudios\/#breadcrumb"},"inLanguage":"es","potentialAction":[{"@type":"ReadAction","target":["https:\/\/www.ull.es\/masteres\/necesidades-especificas-apoyo-educativo\/plan-de-estudios\/estructura-del-plan-de-estudios\/"]}]},{"@type":"BreadcrumbList","@id":"https:\/\/www.ull.es\/masteres\/necesidades-especificas-apoyo-educativo\/plan-de-estudios\/estructura-del-plan-de-estudios\/#breadcrumb","itemListElement":[{"@type":"ListItem","position":1,"name":"Portada","item":"https:\/\/www.ull.es\/masteres\/necesidades-especificas-apoyo-educativo\/"},{"@type":"ListItem","position":2,"name":"Plan de estudios","item":"https:\/\/www.ull.es\/masteres\/necesidades-especificas-apoyo-educativo\/plan-de-estudios\/"},{"@type":"ListItem","position":3,"name":"Estructura del Plan de Estudios"}]},{"@type":"WebSite","@id":"https:\/\/www.ull.es\/masteres\/necesidades-especificas-apoyo-educativo\/#website","url":"https:\/\/www.ull.es\/masteres\/necesidades-especificas-apoyo-educativo\/","name":"M\u00e1ster Universitario en Necesidades Espec\u00edficas de Apoyo Educativo","description":"","potentialAction":[{"@type":"SearchAction","target":{"@type":"EntryPoint","urlTemplate":"https:\/\/www.ull.es\/masteres\/necesidades-especificas-apoyo-educativo\/?s={search_term_string}"},"query-input":{"@type":"PropertyValueSpecification","valueRequired":true,"valueName":"search_term_string"}}],"inLanguage":"es"}]}},"_links":{"self":[{"href":"https:\/\/www.ull.es\/masteres\/necesidades-especificas-apoyo-educativo\/wp-json\/wp\/v2\/pages\/24","targetHints":{"allow":["GET"]}}],"collection":[{"href":"https:\/\/www.ull.es\/masteres\/necesidades-especificas-apoyo-educativo\/wp-json\/wp\/v2\/pages"}],"about":[{"href":"https:\/\/www.ull.es\/masteres\/necesidades-especificas-apoyo-educativo\/wp-json\/wp\/v2\/types\/page"}],"author":[{"embeddable":true,"href":"https:\/\/www.ull.es\/masteres\/necesidades-especificas-apoyo-educativo\/wp-json\/wp\/v2\/users\/1"}],"replies":[{"embeddable":true,"href":"https:\/\/www.ull.es\/masteres\/necesidades-especificas-apoyo-educativo\/wp-json\/wp\/v2\/comments?post=24"}],"version-history":[{"count":11,"href":"https:\/\/www.ull.es\/masteres\/necesidades-especificas-apoyo-educativo\/wp-json\/wp\/v2\/pages\/24\/revisions"}],"predecessor-version":[{"id":657,"href":"https:\/\/www.ull.es\/masteres\/necesidades-especificas-apoyo-educativo\/wp-json\/wp\/v2\/pages\/24\/revisions\/657"}],"up":[{"embeddable":true,"href":"https:\/\/www.ull.es\/masteres\/necesidades-especificas-apoyo-educativo\/wp-json\/wp\/v2\/pages\/270"}],"wp:attachment":[{"href":"https:\/\/www.ull.es\/masteres\/necesidades-especificas-apoyo-educativo\/wp-json\/wp\/v2\/media?parent=24"}],"curies":[{"name":"wp","href":"https:\/\/api.w.org\/{rel}","templated":true}]}}