{"id":272,"date":"2017-07-11T13:22:52","date_gmt":"2017-07-11T13:22:52","guid":{"rendered":"http:\/\/www.ull.es\/masteres\/desarrollo-y-gestion-de-recursos-humanos\/?page_id=272"},"modified":"2018-06-22T08:43:36","modified_gmt":"2018-06-22T08:43:36","slug":"horarios-y-calendario-examenes","status":"publish","type":"page","link":"https:\/\/www.ull.es\/masteres\/necesidades-especificas-apoyo-educativo\/informacion-academica\/horarios-y-calendario-examenes\/","title":{"rendered":"Horarios y Calendario Ex\u00e1menes"},"content":{"rendered":"<p>[vc_row][vc_column css=\u00bb.vc_custom_1509105790109{padding-right: 50px !important;}\u00bb][vc_column_text]<\/p>\n<h1>Horarios<\/h1>\n<p>[\/vc_column_text][vc_column_text]<\/p>\n<ul>\n<li><a href=\"https:\/\/docs.google.com\/document\/d\/e\/2PACX-1vQbEhcdd8bbLVXUJoRXoWoV9P6yj-WaNHQDCreqdQDCJcV7jctELCaJJ0LhIbA1dvFq9dgSFPVe7SKi\/pub\" target=\"_blank\" rel=\"noopener\" target=\"_blank\" rel=\"noopener\">Horario curso acad\u00e9mico 2018\/2019<\/a><\/li>\n<\/ul>\n<p>[\/vc_column_text][vc_separator css=\u00bb.vc_custom_1498735993013{margin-top: 50px !important;margin-bottom: 50px !important;}\u00bb][vc_column_text]<\/p>\n<h1>Calendario de ex\u00e1menes<\/h1>\n<ul>\n<li><a href=\"https:\/\/docs.google.com\/document\/d\/e\/2PACX-1vR7qJjnz5cG4CEwGAySjY1c5uj0Ij-Yc2nkYgJmb627RA59nRKDlGi7gPEbbn5XT_fVx_4CMRxyuGaq\/pub\" target=\"_blank\" rel=\"noopener\" target=\"_blank\" rel=\"noopener\">Calendario de ex\u00e1menes 2018\/2019<\/a><\/li>\n<\/ul>\n<p>[\/vc_column_text][vc_separator css=\u00bb.vc_custom_1498735993013{margin-top: 50px !important;margin-bottom: 50px !important;}\u00bb][vc_column_text]<\/p>\n<h1>Calendario de acad\u00e9mico<\/h1>\n<p>[\/vc_column_text][vc_column_text]<\/p>\n<ul>\n<li><a href=\"https:\/\/www.ull.es\/estudios-docencia\/calendario-academico\" target=\"_blank\" rel=\"noopener\">Acceso al calendario acad\u00e9mico oficial de la ULL<\/a><\/li>\n<\/ul>\n<p>[\/vc_column_text][\/vc_column][\/vc_row]<\/p>\n","protected":false},"excerpt":{"rendered":"<p>[vc_row][vc_column css=\u00bb.vc_custom_1509105790109{padding-right: 50px !important;}\u00bb][vc_column_text] Horarios [\/vc_column_text][vc_column_text] Horario curso acad\u00e9mico 2018\/2019 [\/vc_column_text][vc_separator css=\u00bb.vc_custom_1498735993013{margin-top: 50px !important;margin-bottom: 50px !important;}\u00bb][vc_column_text] Calendario de ex\u00e1menes Calendario de ex\u00e1menes 2018\/2019 [\/vc_column_text][vc_separator css=\u00bb.vc_custom_1498735993013{margin-top: 50px !important;margin-bottom: 50px !important;}\u00bb][vc_column_text] Calendario de acad\u00e9mico [\/vc_column_text][vc_column_text] Acceso al calendario acad\u00e9mico oficial de la ULL [\/vc_column_text][\/vc_column][\/vc_row]<\/p>\n","protected":false},"author":1,"featured_media":0,"parent":252,"menu_order":4,"comment_status":"closed","ping_status":"closed","template":"","meta":{"footnotes":""},"class_list":["post-272","page","type-page","status-publish","hentry"],"yoast_head":"<!-- This site is optimized with the Yoast SEO plugin v27.2 - https:\/\/yoast.com\/product\/yoast-seo-wordpress\/ -->\n<title>Horarios y Calendario Ex\u00e1menes - M\u00e1ster Universitario en Necesidades Espec\u00edficas de Apoyo Educativo<\/title>\n<meta name=\"robots\" content=\"index, follow, max-snippet:-1, max-image-preview:large, max-video-preview:-1\" \/>\n<link rel=\"canonical\" href=\"https:\/\/www.ull.es\/masteres\/necesidades-especificas-apoyo-educativo\/informacion-academica\/horarios-y-calendario-examenes\/\" \/>\n<meta property=\"og:locale\" content=\"es_ES\" \/>\n<meta property=\"og:type\" content=\"article\" \/>\n<meta property=\"og:title\" content=\"Horarios y Calendario Ex\u00e1menes - M\u00e1ster Universitario en Necesidades Espec\u00edficas de Apoyo Educativo\" \/>\n<meta property=\"og:description\" content=\"[vc_row][vc_column css=\u00bb.vc_custom_1509105790109{padding-right: 50px !important;}\u00bb][vc_column_text] Horarios [\/vc_column_text][vc_column_text] Horario curso acad\u00e9mico 2018\/2019 [\/vc_column_text][vc_separator css=\u00bb.vc_custom_1498735993013{margin-top: 50px !important;margin-bottom: 50px !important;}\u00bb][vc_column_text] Calendario de ex\u00e1menes Calendario de ex\u00e1menes 2018\/2019 [\/vc_column_text][vc_separator css=\u00bb.vc_custom_1498735993013{margin-top: 50px !important;margin-bottom: 50px !important;}\u00bb][vc_column_text] Calendario de acad\u00e9mico [\/vc_column_text][vc_column_text] Acceso al calendario acad\u00e9mico oficial de la ULL [\/vc_column_text][\/vc_column][\/vc_row]\" \/>\n<meta property=\"og:url\" content=\"https:\/\/www.ull.es\/masteres\/necesidades-especificas-apoyo-educativo\/informacion-academica\/horarios-y-calendario-examenes\/\" \/>\n<meta property=\"og:site_name\" content=\"M\u00e1ster Universitario en Necesidades Espec\u00edficas de Apoyo Educativo\" \/>\n<meta property=\"article:modified_time\" content=\"2018-06-22T08:43:36+00:00\" \/>\n<meta name=\"twitter:card\" content=\"summary_large_image\" \/>\n<script type=\"application\/ld+json\" class=\"yoast-schema-graph\">{\"@context\":\"https:\/\/schema.org\",\"@graph\":[{\"@type\":\"WebPage\",\"@id\":\"https:\/\/www.ull.es\/masteres\/necesidades-especificas-apoyo-educativo\/informacion-academica\/horarios-y-calendario-examenes\/\",\"url\":\"https:\/\/www.ull.es\/masteres\/necesidades-especificas-apoyo-educativo\/informacion-academica\/horarios-y-calendario-examenes\/\",\"name\":\"Horarios y Calendario Ex\u00e1menes - M\u00e1ster Universitario en Necesidades Espec\u00edficas de Apoyo Educativo\",\"isPartOf\":{\"@id\":\"https:\/\/www.ull.es\/masteres\/necesidades-especificas-apoyo-educativo\/#website\"},\"datePublished\":\"2017-07-11T13:22:52+00:00\",\"dateModified\":\"2018-06-22T08:43:36+00:00\",\"breadcrumb\":{\"@id\":\"https:\/\/www.ull.es\/masteres\/necesidades-especificas-apoyo-educativo\/informacion-academica\/horarios-y-calendario-examenes\/#breadcrumb\"},\"inLanguage\":\"es\",\"potentialAction\":[{\"@type\":\"ReadAction\",\"target\":[\"https:\/\/www.ull.es\/masteres\/necesidades-especificas-apoyo-educativo\/informacion-academica\/horarios-y-calendario-examenes\/\"]}]},{\"@type\":\"BreadcrumbList\",\"@id\":\"https:\/\/www.ull.es\/masteres\/necesidades-especificas-apoyo-educativo\/informacion-academica\/horarios-y-calendario-examenes\/#breadcrumb\",\"itemListElement\":[{\"@type\":\"ListItem\",\"position\":1,\"name\":\"Portada\",\"item\":\"https:\/\/www.ull.es\/masteres\/necesidades-especificas-apoyo-educativo\/\"},{\"@type\":\"ListItem\",\"position\":2,\"name\":\"Informaci\u00f3n Acad\u00e9mica\",\"item\":\"https:\/\/www.ull.es\/masteres\/necesidades-especificas-apoyo-educativo\/informacion-academica\/\"},{\"@type\":\"ListItem\",\"position\":3,\"name\":\"Horarios y Calendario Ex\u00e1menes\"}]},{\"@type\":\"WebSite\",\"@id\":\"https:\/\/www.ull.es\/masteres\/necesidades-especificas-apoyo-educativo\/#website\",\"url\":\"https:\/\/www.ull.es\/masteres\/necesidades-especificas-apoyo-educativo\/\",\"name\":\"M\u00e1ster Universitario en Necesidades Espec\u00edficas de Apoyo Educativo\",\"description\":\"\",\"potentialAction\":[{\"@type\":\"SearchAction\",\"target\":{\"@type\":\"EntryPoint\",\"urlTemplate\":\"https:\/\/www.ull.es\/masteres\/necesidades-especificas-apoyo-educativo\/?s={search_term_string}\"},\"query-input\":{\"@type\":\"PropertyValueSpecification\",\"valueRequired\":true,\"valueName\":\"search_term_string\"}}],\"inLanguage\":\"es\"}]}<\/script>\n<!-- \/ Yoast SEO plugin. -->","yoast_head_json":{"title":"Horarios y Calendario Ex\u00e1menes - M\u00e1ster Universitario en Necesidades Espec\u00edficas de Apoyo Educativo","robots":{"index":"index","follow":"follow","max-snippet":"max-snippet:-1","max-image-preview":"max-image-preview:large","max-video-preview":"max-video-preview:-1"},"canonical":"https:\/\/www.ull.es\/masteres\/necesidades-especificas-apoyo-educativo\/informacion-academica\/horarios-y-calendario-examenes\/","og_locale":"es_ES","og_type":"article","og_title":"Horarios y Calendario Ex\u00e1menes - M\u00e1ster Universitario en Necesidades Espec\u00edficas de Apoyo Educativo","og_description":"[vc_row][vc_column css=\u00bb.vc_custom_1509105790109{padding-right: 50px !important;}\u00bb][vc_column_text] Horarios [\/vc_column_text][vc_column_text] Horario curso acad\u00e9mico 2018\/2019 [\/vc_column_text][vc_separator css=\u00bb.vc_custom_1498735993013{margin-top: 50px !important;margin-bottom: 50px !important;}\u00bb][vc_column_text] Calendario de ex\u00e1menes Calendario de ex\u00e1menes 2018\/2019 [\/vc_column_text][vc_separator css=\u00bb.vc_custom_1498735993013{margin-top: 50px !important;margin-bottom: 50px !important;}\u00bb][vc_column_text] Calendario de acad\u00e9mico [\/vc_column_text][vc_column_text] Acceso al calendario acad\u00e9mico oficial de la ULL [\/vc_column_text][\/vc_column][\/vc_row]","og_url":"https:\/\/www.ull.es\/masteres\/necesidades-especificas-apoyo-educativo\/informacion-academica\/horarios-y-calendario-examenes\/","og_site_name":"M\u00e1ster Universitario en Necesidades Espec\u00edficas de Apoyo Educativo","article_modified_time":"2018-06-22T08:43:36+00:00","twitter_card":"summary_large_image","schema":{"@context":"https:\/\/schema.org","@graph":[{"@type":"WebPage","@id":"https:\/\/www.ull.es\/masteres\/necesidades-especificas-apoyo-educativo\/informacion-academica\/horarios-y-calendario-examenes\/","url":"https:\/\/www.ull.es\/masteres\/necesidades-especificas-apoyo-educativo\/informacion-academica\/horarios-y-calendario-examenes\/","name":"Horarios y Calendario Ex\u00e1menes - M\u00e1ster Universitario en Necesidades Espec\u00edficas de Apoyo Educativo","isPartOf":{"@id":"https:\/\/www.ull.es\/masteres\/necesidades-especificas-apoyo-educativo\/#website"},"datePublished":"2017-07-11T13:22:52+00:00","dateModified":"2018-06-22T08:43:36+00:00","breadcrumb":{"@id":"https:\/\/www.ull.es\/masteres\/necesidades-especificas-apoyo-educativo\/informacion-academica\/horarios-y-calendario-examenes\/#breadcrumb"},"inLanguage":"es","potentialAction":[{"@type":"ReadAction","target":["https:\/\/www.ull.es\/masteres\/necesidades-especificas-apoyo-educativo\/informacion-academica\/horarios-y-calendario-examenes\/"]}]},{"@type":"BreadcrumbList","@id":"https:\/\/www.ull.es\/masteres\/necesidades-especificas-apoyo-educativo\/informacion-academica\/horarios-y-calendario-examenes\/#breadcrumb","itemListElement":[{"@type":"ListItem","position":1,"name":"Portada","item":"https:\/\/www.ull.es\/masteres\/necesidades-especificas-apoyo-educativo\/"},{"@type":"ListItem","position":2,"name":"Informaci\u00f3n Acad\u00e9mica","item":"https:\/\/www.ull.es\/masteres\/necesidades-especificas-apoyo-educativo\/informacion-academica\/"},{"@type":"ListItem","position":3,"name":"Horarios y Calendario Ex\u00e1menes"}]},{"@type":"WebSite","@id":"https:\/\/www.ull.es\/masteres\/necesidades-especificas-apoyo-educativo\/#website","url":"https:\/\/www.ull.es\/masteres\/necesidades-especificas-apoyo-educativo\/","name":"M\u00e1ster Universitario en Necesidades Espec\u00edficas de Apoyo Educativo","description":"","potentialAction":[{"@type":"SearchAction","target":{"@type":"EntryPoint","urlTemplate":"https:\/\/www.ull.es\/masteres\/necesidades-especificas-apoyo-educativo\/?s={search_term_string}"},"query-input":{"@type":"PropertyValueSpecification","valueRequired":true,"valueName":"search_term_string"}}],"inLanguage":"es"}]}},"_links":{"self":[{"href":"https:\/\/www.ull.es\/masteres\/necesidades-especificas-apoyo-educativo\/wp-json\/wp\/v2\/pages\/272","targetHints":{"allow":["GET"]}}],"collection":[{"href":"https:\/\/www.ull.es\/masteres\/necesidades-especificas-apoyo-educativo\/wp-json\/wp\/v2\/pages"}],"about":[{"href":"https:\/\/www.ull.es\/masteres\/necesidades-especificas-apoyo-educativo\/wp-json\/wp\/v2\/types\/page"}],"author":[{"embeddable":true,"href":"https:\/\/www.ull.es\/masteres\/necesidades-especificas-apoyo-educativo\/wp-json\/wp\/v2\/users\/1"}],"replies":[{"embeddable":true,"href":"https:\/\/www.ull.es\/masteres\/necesidades-especificas-apoyo-educativo\/wp-json\/wp\/v2\/comments?post=272"}],"version-history":[{"count":24,"href":"https:\/\/www.ull.es\/masteres\/necesidades-especificas-apoyo-educativo\/wp-json\/wp\/v2\/pages\/272\/revisions"}],"predecessor-version":[{"id":672,"href":"https:\/\/www.ull.es\/masteres\/necesidades-especificas-apoyo-educativo\/wp-json\/wp\/v2\/pages\/272\/revisions\/672"}],"up":[{"embeddable":true,"href":"https:\/\/www.ull.es\/masteres\/necesidades-especificas-apoyo-educativo\/wp-json\/wp\/v2\/pages\/252"}],"wp:attachment":[{"href":"https:\/\/www.ull.es\/masteres\/necesidades-especificas-apoyo-educativo\/wp-json\/wp\/v2\/media?parent=272"}],"curies":[{"name":"wp","href":"https:\/\/api.w.org\/{rel}","templated":true}]}}