{"id":287,"date":"2017-07-11T13:41:17","date_gmt":"2017-07-11T13:41:17","guid":{"rendered":"http:\/\/www.ull.es\/masteres\/desarrollo-y-gestion-de-recursos-humanos\/?page_id=287"},"modified":"2018-06-12T08:59:43","modified_gmt":"2018-06-12T08:59:43","slug":"profesorado","status":"publish","type":"page","link":"https:\/\/www.ull.es\/masteres\/necesidades-especificas-apoyo-educativo\/profesorado-y-recursos\/profesorado\/","title":{"rendered":"Profesorado"},"content":{"rendered":"<p>[vc_row][vc_column][vc_column_text]<\/p>\n<h1>Profesorado<\/h1>\n<p>[\/vc_column_text][vc_column_text]Puede consultar el profesorado que imparte docencia en el t\u00edtulo y su breve Curriculum Vitae docente, investigador y profesional a trav\u00e9s desde el siguiente enlace:<\/p>\n<ul>\n<li>Acceso al profesorado de la titulaci\u00f3n<\/li>\n<\/ul>\n<p>Asimismo, vinculado a las gu\u00edas docentes de cada asignatura tambi\u00e9n puede acceder al breve Curriculum Vitae del profesorado responsable:<\/p>\n<ul>\n<li>Acceso al portal de Gu\u00edas Docentes<\/li>\n<\/ul>\n<p>[\/vc_column_text][\/vc_column][\/vc_row]<\/p>\n","protected":false},"excerpt":{"rendered":"<p>[vc_row][vc_column][vc_column_text] Profesorado [\/vc_column_text][vc_column_text]Puede consultar el profesorado que imparte docencia en el t\u00edtulo y su breve Curriculum Vitae docente, investigador y profesional a trav\u00e9s desde el siguiente enlace: Acceso al profesorado de la titulaci\u00f3n Asimismo, vinculado a las gu\u00edas docentes de cada asignatura tambi\u00e9n puede acceder al breve Curriculum Vitae del profesorado responsable: Acceso al portal&#8230;<\/p>\n","protected":false},"author":1,"featured_media":0,"parent":285,"menu_order":0,"comment_status":"closed","ping_status":"closed","template":"","meta":{"footnotes":""},"class_list":["post-287","page","type-page","status-publish","hentry"],"yoast_head":"<!-- This site is optimized with the Yoast SEO plugin v27.2 - https:\/\/yoast.com\/product\/yoast-seo-wordpress\/ -->\n<title>Profesorado - M\u00e1ster Universitario en Necesidades Espec\u00edficas de Apoyo Educativo<\/title>\n<meta name=\"robots\" content=\"index, follow, max-snippet:-1, max-image-preview:large, max-video-preview:-1\" \/>\n<link rel=\"canonical\" href=\"https:\/\/www.ull.es\/masteres\/necesidades-especificas-apoyo-educativo\/profesorado-y-recursos\/profesorado\/\" \/>\n<meta property=\"og:locale\" content=\"es_ES\" \/>\n<meta property=\"og:type\" content=\"article\" \/>\n<meta property=\"og:title\" content=\"Profesorado - M\u00e1ster Universitario en Necesidades Espec\u00edficas de Apoyo Educativo\" \/>\n<meta property=\"og:description\" content=\"[vc_row][vc_column][vc_column_text] Profesorado [\/vc_column_text][vc_column_text]Puede consultar el profesorado que imparte docencia en el t\u00edtulo y su breve Curriculum Vitae docente, investigador y profesional a trav\u00e9s desde el siguiente enlace: Acceso al profesorado de la titulaci\u00f3n Asimismo, vinculado a las gu\u00edas docentes de cada asignatura tambi\u00e9n puede acceder al breve Curriculum Vitae del profesorado responsable: Acceso al portal...\" \/>\n<meta property=\"og:url\" content=\"https:\/\/www.ull.es\/masteres\/necesidades-especificas-apoyo-educativo\/profesorado-y-recursos\/profesorado\/\" \/>\n<meta property=\"og:site_name\" content=\"M\u00e1ster Universitario en Necesidades Espec\u00edficas de Apoyo Educativo\" \/>\n<meta property=\"article:modified_time\" content=\"2018-06-12T08:59:43+00:00\" \/>\n<meta name=\"twitter:card\" content=\"summary_large_image\" \/>\n<script type=\"application\/ld+json\" class=\"yoast-schema-graph\">{\"@context\":\"https:\/\/schema.org\",\"@graph\":[{\"@type\":\"WebPage\",\"@id\":\"https:\/\/www.ull.es\/masteres\/necesidades-especificas-apoyo-educativo\/profesorado-y-recursos\/profesorado\/\",\"url\":\"https:\/\/www.ull.es\/masteres\/necesidades-especificas-apoyo-educativo\/profesorado-y-recursos\/profesorado\/\",\"name\":\"Profesorado - M\u00e1ster Universitario en Necesidades Espec\u00edficas de Apoyo Educativo\",\"isPartOf\":{\"@id\":\"https:\/\/www.ull.es\/masteres\/necesidades-especificas-apoyo-educativo\/#website\"},\"datePublished\":\"2017-07-11T13:41:17+00:00\",\"dateModified\":\"2018-06-12T08:59:43+00:00\",\"breadcrumb\":{\"@id\":\"https:\/\/www.ull.es\/masteres\/necesidades-especificas-apoyo-educativo\/profesorado-y-recursos\/profesorado\/#breadcrumb\"},\"inLanguage\":\"es\",\"potentialAction\":[{\"@type\":\"ReadAction\",\"target\":[\"https:\/\/www.ull.es\/masteres\/necesidades-especificas-apoyo-educativo\/profesorado-y-recursos\/profesorado\/\"]}]},{\"@type\":\"BreadcrumbList\",\"@id\":\"https:\/\/www.ull.es\/masteres\/necesidades-especificas-apoyo-educativo\/profesorado-y-recursos\/profesorado\/#breadcrumb\",\"itemListElement\":[{\"@type\":\"ListItem\",\"position\":1,\"name\":\"Portada\",\"item\":\"https:\/\/www.ull.es\/masteres\/necesidades-especificas-apoyo-educativo\/\"},{\"@type\":\"ListItem\",\"position\":2,\"name\":\"Profesorado y recursos\",\"item\":\"https:\/\/www.ull.es\/masteres\/necesidades-especificas-apoyo-educativo\/profesorado-y-recursos\/\"},{\"@type\":\"ListItem\",\"position\":3,\"name\":\"Profesorado\"}]},{\"@type\":\"WebSite\",\"@id\":\"https:\/\/www.ull.es\/masteres\/necesidades-especificas-apoyo-educativo\/#website\",\"url\":\"https:\/\/www.ull.es\/masteres\/necesidades-especificas-apoyo-educativo\/\",\"name\":\"M\u00e1ster Universitario en Necesidades Espec\u00edficas de Apoyo Educativo\",\"description\":\"\",\"potentialAction\":[{\"@type\":\"SearchAction\",\"target\":{\"@type\":\"EntryPoint\",\"urlTemplate\":\"https:\/\/www.ull.es\/masteres\/necesidades-especificas-apoyo-educativo\/?s={search_term_string}\"},\"query-input\":{\"@type\":\"PropertyValueSpecification\",\"valueRequired\":true,\"valueName\":\"search_term_string\"}}],\"inLanguage\":\"es\"}]}<\/script>\n<!-- \/ Yoast SEO plugin. -->","yoast_head_json":{"title":"Profesorado - M\u00e1ster Universitario en Necesidades Espec\u00edficas de Apoyo Educativo","robots":{"index":"index","follow":"follow","max-snippet":"max-snippet:-1","max-image-preview":"max-image-preview:large","max-video-preview":"max-video-preview:-1"},"canonical":"https:\/\/www.ull.es\/masteres\/necesidades-especificas-apoyo-educativo\/profesorado-y-recursos\/profesorado\/","og_locale":"es_ES","og_type":"article","og_title":"Profesorado - M\u00e1ster Universitario en Necesidades Espec\u00edficas de Apoyo Educativo","og_description":"[vc_row][vc_column][vc_column_text] Profesorado [\/vc_column_text][vc_column_text]Puede consultar el profesorado que imparte docencia en el t\u00edtulo y su breve Curriculum Vitae docente, investigador y profesional a trav\u00e9s desde el siguiente enlace: Acceso al profesorado de la titulaci\u00f3n Asimismo, vinculado a las gu\u00edas docentes de cada asignatura tambi\u00e9n puede acceder al breve Curriculum Vitae del profesorado responsable: Acceso al portal...","og_url":"https:\/\/www.ull.es\/masteres\/necesidades-especificas-apoyo-educativo\/profesorado-y-recursos\/profesorado\/","og_site_name":"M\u00e1ster Universitario en Necesidades Espec\u00edficas de Apoyo Educativo","article_modified_time":"2018-06-12T08:59:43+00:00","twitter_card":"summary_large_image","schema":{"@context":"https:\/\/schema.org","@graph":[{"@type":"WebPage","@id":"https:\/\/www.ull.es\/masteres\/necesidades-especificas-apoyo-educativo\/profesorado-y-recursos\/profesorado\/","url":"https:\/\/www.ull.es\/masteres\/necesidades-especificas-apoyo-educativo\/profesorado-y-recursos\/profesorado\/","name":"Profesorado - M\u00e1ster Universitario en Necesidades Espec\u00edficas de Apoyo Educativo","isPartOf":{"@id":"https:\/\/www.ull.es\/masteres\/necesidades-especificas-apoyo-educativo\/#website"},"datePublished":"2017-07-11T13:41:17+00:00","dateModified":"2018-06-12T08:59:43+00:00","breadcrumb":{"@id":"https:\/\/www.ull.es\/masteres\/necesidades-especificas-apoyo-educativo\/profesorado-y-recursos\/profesorado\/#breadcrumb"},"inLanguage":"es","potentialAction":[{"@type":"ReadAction","target":["https:\/\/www.ull.es\/masteres\/necesidades-especificas-apoyo-educativo\/profesorado-y-recursos\/profesorado\/"]}]},{"@type":"BreadcrumbList","@id":"https:\/\/www.ull.es\/masteres\/necesidades-especificas-apoyo-educativo\/profesorado-y-recursos\/profesorado\/#breadcrumb","itemListElement":[{"@type":"ListItem","position":1,"name":"Portada","item":"https:\/\/www.ull.es\/masteres\/necesidades-especificas-apoyo-educativo\/"},{"@type":"ListItem","position":2,"name":"Profesorado y recursos","item":"https:\/\/www.ull.es\/masteres\/necesidades-especificas-apoyo-educativo\/profesorado-y-recursos\/"},{"@type":"ListItem","position":3,"name":"Profesorado"}]},{"@type":"WebSite","@id":"https:\/\/www.ull.es\/masteres\/necesidades-especificas-apoyo-educativo\/#website","url":"https:\/\/www.ull.es\/masteres\/necesidades-especificas-apoyo-educativo\/","name":"M\u00e1ster Universitario en Necesidades Espec\u00edficas de Apoyo Educativo","description":"","potentialAction":[{"@type":"SearchAction","target":{"@type":"EntryPoint","urlTemplate":"https:\/\/www.ull.es\/masteres\/necesidades-especificas-apoyo-educativo\/?s={search_term_string}"},"query-input":{"@type":"PropertyValueSpecification","valueRequired":true,"valueName":"search_term_string"}}],"inLanguage":"es"}]}},"_links":{"self":[{"href":"https:\/\/www.ull.es\/masteres\/necesidades-especificas-apoyo-educativo\/wp-json\/wp\/v2\/pages\/287","targetHints":{"allow":["GET"]}}],"collection":[{"href":"https:\/\/www.ull.es\/masteres\/necesidades-especificas-apoyo-educativo\/wp-json\/wp\/v2\/pages"}],"about":[{"href":"https:\/\/www.ull.es\/masteres\/necesidades-especificas-apoyo-educativo\/wp-json\/wp\/v2\/types\/page"}],"author":[{"embeddable":true,"href":"https:\/\/www.ull.es\/masteres\/necesidades-especificas-apoyo-educativo\/wp-json\/wp\/v2\/users\/1"}],"replies":[{"embeddable":true,"href":"https:\/\/www.ull.es\/masteres\/necesidades-especificas-apoyo-educativo\/wp-json\/wp\/v2\/comments?post=287"}],"version-history":[{"count":6,"href":"https:\/\/www.ull.es\/masteres\/necesidades-especificas-apoyo-educativo\/wp-json\/wp\/v2\/pages\/287\/revisions"}],"predecessor-version":[{"id":641,"href":"https:\/\/www.ull.es\/masteres\/necesidades-especificas-apoyo-educativo\/wp-json\/wp\/v2\/pages\/287\/revisions\/641"}],"up":[{"embeddable":true,"href":"https:\/\/www.ull.es\/masteres\/necesidades-especificas-apoyo-educativo\/wp-json\/wp\/v2\/pages\/285"}],"wp:attachment":[{"href":"https:\/\/www.ull.es\/masteres\/necesidades-especificas-apoyo-educativo\/wp-json\/wp\/v2\/media?parent=287"}],"curies":[{"name":"wp","href":"https:\/\/api.w.org\/{rel}","templated":true}]}}