{"id":290,"date":"2017-07-11T13:42:33","date_gmt":"2017-07-11T13:42:33","guid":{"rendered":"http:\/\/www.ull.es\/masteres\/desarrollo-y-gestion-de-recursos-humanos\/?page_id=290"},"modified":"2018-07-10T10:03:59","modified_gmt":"2018-07-10T10:03:59","slug":"personal-de-apoyo-a-la-docencia","status":"publish","type":"page","link":"https:\/\/www.ull.es\/masteres\/necesidades-especificas-apoyo-educativo\/profesorado-y-recursos\/personal-de-apoyo-a-la-docencia\/","title":{"rendered":"Personal de Apoyo a la Docencia"},"content":{"rendered":"<p>[vc_row][vc_column][vc_column_text]<\/p>\n<h1>Personal de Apoyo a la Docencia<\/h1>\n<p>[\/vc_column_text][vc_column_text]<span style=\"font-weight: 400;\">El personal de apoyo que participa en el t\u00edtulo est\u00e1 compuesto, fundamentalmente, por personal de administraci\u00f3n y servicios (PAS) del Centro\/Secci\u00f3n en el que se imparte el t\u00edtulo, de los departamentos con docencia en la titulaci\u00f3n <\/span><span style=\"font-weight: 400;\">y, en el caso de los m\u00e1steres, principalmente por el actual equipo de administraci\u00f3n de la Escuela de Doctorado y Estudios de Posgrado.<\/span><\/p>\n<p><span style=\"font-weight: 400;\">En concreto, entre el personal de apoyo que participa en actividades formativas o colabora en tareas de soporte a la docencia en el t\u00edtulo se cuenta con t\u00e9cnicos y oficiales de laboratorios\/talleres\u2026 (PAS laboral departamento), personal de secretar\u00eda y conserjer\u00eda, biblioteca, etc. Asimismo, se cuenta con otro personal de apoyo, como lo\/as becarios\/as de las aulas de inform\u00e1tica de las que dispone el t\u00edtulo para su docencia.<\/span><\/p>\n<p><span style=\"font-weight: 400;\">Puede consultar la informaci\u00f3n en los siguientes enlaces:<\/span><\/p>\n<ul>\n<li style=\"font-weight: 400;\"><a href=\"https:\/\/www.ull.es\/centros\/escuela-doctorado-estudios-posgrado\/informacion-general\/\" target=\"_blank\" rel=\"noopener\" target=\"_blank\" rel=\"noopener\"><span style=\"font-weight: 400;\">Equipo de Administraci\u00f3n del Centro\/Secci\u00f3n<\/span><\/a><\/li>\n<li style=\"font-weight: 400;\"><a href=\"https:\/\/www.ull.es\/centros\/facultad-ciencias-salud\/informacion-general\/\" target=\"_blank\" rel=\"noopener\" target=\"_blank\" rel=\"noopener\"><span style=\"font-weight: 400;\">Porter\u00eda \/ Conserjer\u00eda<\/span><\/a><\/li>\n<li style=\"font-weight: 400;\"><span style=\"font-weight: 400;\">Personal de apoyo de los Departamentos implicados en la docencia:<\/span><\/li>\n<li style=\"font-weight: 400;\">Otros: <a href=\"http:\/\/bbtk.ull.es\/view\/institucional\/bbtk\/Bibliotecas_y_servicios\/es\" target=\"_blank\" rel=\"noopener\" target=\"_blank\" rel=\"noopener\">Biblioteca<\/a>, personal investigador, <a href=\"https:\/\/aulas.ull.es\/aulas\/psicologia\/inicio\" target=\"_blank\" rel=\"noopener\" target=\"_blank\" rel=\"noopener\">becarios de aulas de inform\u00e1tica<\/a>, etc.<\/li>\n<\/ul>\n<p>[\/vc_column_text][\/vc_column][\/vc_row]<\/p>\n","protected":false},"excerpt":{"rendered":"<p>[vc_row][vc_column][vc_column_text] Personal de Apoyo a la Docencia [\/vc_column_text][vc_column_text]El personal de apoyo que participa en el t\u00edtulo est\u00e1 compuesto, fundamentalmente, por personal de administraci\u00f3n y servicios (PAS) del Centro\/Secci\u00f3n en el que se imparte el t\u00edtulo, de los departamentos con docencia en la titulaci\u00f3n y, en el caso de los m\u00e1steres, principalmente por el actual equipo&#8230;<\/p>\n","protected":false},"author":1,"featured_media":0,"parent":285,"menu_order":1,"comment_status":"closed","ping_status":"closed","template":"","meta":{"footnotes":""},"class_list":["post-290","page","type-page","status-publish","hentry"],"yoast_head":"<!-- This site is optimized with the Yoast SEO plugin v27.2 - https:\/\/yoast.com\/product\/yoast-seo-wordpress\/ -->\n<title>Personal de Apoyo a la Docencia - M\u00e1ster Universitario en Necesidades Espec\u00edficas de Apoyo Educativo<\/title>\n<meta name=\"robots\" content=\"index, follow, max-snippet:-1, max-image-preview:large, max-video-preview:-1\" \/>\n<link rel=\"canonical\" href=\"https:\/\/www.ull.es\/masteres\/necesidades-especificas-apoyo-educativo\/profesorado-y-recursos\/personal-de-apoyo-a-la-docencia\/\" \/>\n<meta property=\"og:locale\" content=\"es_ES\" \/>\n<meta property=\"og:type\" content=\"article\" \/>\n<meta property=\"og:title\" content=\"Personal de Apoyo a la Docencia - M\u00e1ster Universitario en Necesidades Espec\u00edficas de Apoyo Educativo\" \/>\n<meta property=\"og:description\" content=\"[vc_row][vc_column][vc_column_text] Personal de Apoyo a la Docencia [\/vc_column_text][vc_column_text]El personal de apoyo que participa en el t\u00edtulo est\u00e1 compuesto, fundamentalmente, por personal de administraci\u00f3n y servicios (PAS) del Centro\/Secci\u00f3n en el que se imparte el t\u00edtulo, de los departamentos con docencia en la titulaci\u00f3n y, en el caso de los m\u00e1steres, principalmente por el actual equipo...\" \/>\n<meta property=\"og:url\" content=\"https:\/\/www.ull.es\/masteres\/necesidades-especificas-apoyo-educativo\/profesorado-y-recursos\/personal-de-apoyo-a-la-docencia\/\" \/>\n<meta property=\"og:site_name\" content=\"M\u00e1ster Universitario en Necesidades Espec\u00edficas de Apoyo Educativo\" \/>\n<meta property=\"article:modified_time\" content=\"2018-07-10T10:03:59+00:00\" \/>\n<meta name=\"twitter:card\" content=\"summary_large_image\" \/>\n<meta name=\"twitter:label1\" content=\"Tiempo de lectura\" \/>\n\t<meta name=\"twitter:data1\" content=\"1 minuto\" \/>\n<script type=\"application\/ld+json\" class=\"yoast-schema-graph\">{\"@context\":\"https:\/\/schema.org\",\"@graph\":[{\"@type\":\"WebPage\",\"@id\":\"https:\/\/www.ull.es\/masteres\/necesidades-especificas-apoyo-educativo\/profesorado-y-recursos\/personal-de-apoyo-a-la-docencia\/\",\"url\":\"https:\/\/www.ull.es\/masteres\/necesidades-especificas-apoyo-educativo\/profesorado-y-recursos\/personal-de-apoyo-a-la-docencia\/\",\"name\":\"Personal de Apoyo a la Docencia - M\u00e1ster Universitario en Necesidades Espec\u00edficas de Apoyo Educativo\",\"isPartOf\":{\"@id\":\"https:\/\/www.ull.es\/masteres\/necesidades-especificas-apoyo-educativo\/#website\"},\"datePublished\":\"2017-07-11T13:42:33+00:00\",\"dateModified\":\"2018-07-10T10:03:59+00:00\",\"breadcrumb\":{\"@id\":\"https:\/\/www.ull.es\/masteres\/necesidades-especificas-apoyo-educativo\/profesorado-y-recursos\/personal-de-apoyo-a-la-docencia\/#breadcrumb\"},\"inLanguage\":\"es\",\"potentialAction\":[{\"@type\":\"ReadAction\",\"target\":[\"https:\/\/www.ull.es\/masteres\/necesidades-especificas-apoyo-educativo\/profesorado-y-recursos\/personal-de-apoyo-a-la-docencia\/\"]}]},{\"@type\":\"BreadcrumbList\",\"@id\":\"https:\/\/www.ull.es\/masteres\/necesidades-especificas-apoyo-educativo\/profesorado-y-recursos\/personal-de-apoyo-a-la-docencia\/#breadcrumb\",\"itemListElement\":[{\"@type\":\"ListItem\",\"position\":1,\"name\":\"Portada\",\"item\":\"https:\/\/www.ull.es\/masteres\/necesidades-especificas-apoyo-educativo\/\"},{\"@type\":\"ListItem\",\"position\":2,\"name\":\"Profesorado y recursos\",\"item\":\"https:\/\/www.ull.es\/masteres\/necesidades-especificas-apoyo-educativo\/profesorado-y-recursos\/\"},{\"@type\":\"ListItem\",\"position\":3,\"name\":\"Personal de Apoyo a la Docencia\"}]},{\"@type\":\"WebSite\",\"@id\":\"https:\/\/www.ull.es\/masteres\/necesidades-especificas-apoyo-educativo\/#website\",\"url\":\"https:\/\/www.ull.es\/masteres\/necesidades-especificas-apoyo-educativo\/\",\"name\":\"M\u00e1ster Universitario en Necesidades Espec\u00edficas de Apoyo Educativo\",\"description\":\"\",\"potentialAction\":[{\"@type\":\"SearchAction\",\"target\":{\"@type\":\"EntryPoint\",\"urlTemplate\":\"https:\/\/www.ull.es\/masteres\/necesidades-especificas-apoyo-educativo\/?s={search_term_string}\"},\"query-input\":{\"@type\":\"PropertyValueSpecification\",\"valueRequired\":true,\"valueName\":\"search_term_string\"}}],\"inLanguage\":\"es\"}]}<\/script>\n<!-- \/ Yoast SEO plugin. -->","yoast_head_json":{"title":"Personal de Apoyo a la Docencia - M\u00e1ster Universitario en Necesidades Espec\u00edficas de Apoyo Educativo","robots":{"index":"index","follow":"follow","max-snippet":"max-snippet:-1","max-image-preview":"max-image-preview:large","max-video-preview":"max-video-preview:-1"},"canonical":"https:\/\/www.ull.es\/masteres\/necesidades-especificas-apoyo-educativo\/profesorado-y-recursos\/personal-de-apoyo-a-la-docencia\/","og_locale":"es_ES","og_type":"article","og_title":"Personal de Apoyo a la Docencia - M\u00e1ster Universitario en Necesidades Espec\u00edficas de Apoyo Educativo","og_description":"[vc_row][vc_column][vc_column_text] Personal de Apoyo a la Docencia [\/vc_column_text][vc_column_text]El personal de apoyo que participa en el t\u00edtulo est\u00e1 compuesto, fundamentalmente, por personal de administraci\u00f3n y servicios (PAS) del Centro\/Secci\u00f3n en el que se imparte el t\u00edtulo, de los departamentos con docencia en la titulaci\u00f3n y, en el caso de los m\u00e1steres, principalmente por el actual equipo...","og_url":"https:\/\/www.ull.es\/masteres\/necesidades-especificas-apoyo-educativo\/profesorado-y-recursos\/personal-de-apoyo-a-la-docencia\/","og_site_name":"M\u00e1ster Universitario en Necesidades Espec\u00edficas de Apoyo Educativo","article_modified_time":"2018-07-10T10:03:59+00:00","twitter_card":"summary_large_image","twitter_misc":{"Tiempo de lectura":"1 minuto"},"schema":{"@context":"https:\/\/schema.org","@graph":[{"@type":"WebPage","@id":"https:\/\/www.ull.es\/masteres\/necesidades-especificas-apoyo-educativo\/profesorado-y-recursos\/personal-de-apoyo-a-la-docencia\/","url":"https:\/\/www.ull.es\/masteres\/necesidades-especificas-apoyo-educativo\/profesorado-y-recursos\/personal-de-apoyo-a-la-docencia\/","name":"Personal de Apoyo a la Docencia - M\u00e1ster Universitario en Necesidades Espec\u00edficas de Apoyo Educativo","isPartOf":{"@id":"https:\/\/www.ull.es\/masteres\/necesidades-especificas-apoyo-educativo\/#website"},"datePublished":"2017-07-11T13:42:33+00:00","dateModified":"2018-07-10T10:03:59+00:00","breadcrumb":{"@id":"https:\/\/www.ull.es\/masteres\/necesidades-especificas-apoyo-educativo\/profesorado-y-recursos\/personal-de-apoyo-a-la-docencia\/#breadcrumb"},"inLanguage":"es","potentialAction":[{"@type":"ReadAction","target":["https:\/\/www.ull.es\/masteres\/necesidades-especificas-apoyo-educativo\/profesorado-y-recursos\/personal-de-apoyo-a-la-docencia\/"]}]},{"@type":"BreadcrumbList","@id":"https:\/\/www.ull.es\/masteres\/necesidades-especificas-apoyo-educativo\/profesorado-y-recursos\/personal-de-apoyo-a-la-docencia\/#breadcrumb","itemListElement":[{"@type":"ListItem","position":1,"name":"Portada","item":"https:\/\/www.ull.es\/masteres\/necesidades-especificas-apoyo-educativo\/"},{"@type":"ListItem","position":2,"name":"Profesorado y recursos","item":"https:\/\/www.ull.es\/masteres\/necesidades-especificas-apoyo-educativo\/profesorado-y-recursos\/"},{"@type":"ListItem","position":3,"name":"Personal de Apoyo a la Docencia"}]},{"@type":"WebSite","@id":"https:\/\/www.ull.es\/masteres\/necesidades-especificas-apoyo-educativo\/#website","url":"https:\/\/www.ull.es\/masteres\/necesidades-especificas-apoyo-educativo\/","name":"M\u00e1ster Universitario en Necesidades Espec\u00edficas de Apoyo Educativo","description":"","potentialAction":[{"@type":"SearchAction","target":{"@type":"EntryPoint","urlTemplate":"https:\/\/www.ull.es\/masteres\/necesidades-especificas-apoyo-educativo\/?s={search_term_string}"},"query-input":{"@type":"PropertyValueSpecification","valueRequired":true,"valueName":"search_term_string"}}],"inLanguage":"es"}]}},"_links":{"self":[{"href":"https:\/\/www.ull.es\/masteres\/necesidades-especificas-apoyo-educativo\/wp-json\/wp\/v2\/pages\/290","targetHints":{"allow":["GET"]}}],"collection":[{"href":"https:\/\/www.ull.es\/masteres\/necesidades-especificas-apoyo-educativo\/wp-json\/wp\/v2\/pages"}],"about":[{"href":"https:\/\/www.ull.es\/masteres\/necesidades-especificas-apoyo-educativo\/wp-json\/wp\/v2\/types\/page"}],"author":[{"embeddable":true,"href":"https:\/\/www.ull.es\/masteres\/necesidades-especificas-apoyo-educativo\/wp-json\/wp\/v2\/users\/1"}],"replies":[{"embeddable":true,"href":"https:\/\/www.ull.es\/masteres\/necesidades-especificas-apoyo-educativo\/wp-json\/wp\/v2\/comments?post=290"}],"version-history":[{"count":11,"href":"https:\/\/www.ull.es\/masteres\/necesidades-especificas-apoyo-educativo\/wp-json\/wp\/v2\/pages\/290\/revisions"}],"predecessor-version":[{"id":676,"href":"https:\/\/www.ull.es\/masteres\/necesidades-especificas-apoyo-educativo\/wp-json\/wp\/v2\/pages\/290\/revisions\/676"}],"up":[{"embeddable":true,"href":"https:\/\/www.ull.es\/masteres\/necesidades-especificas-apoyo-educativo\/wp-json\/wp\/v2\/pages\/285"}],"wp:attachment":[{"href":"https:\/\/www.ull.es\/masteres\/necesidades-especificas-apoyo-educativo\/wp-json\/wp\/v2\/media?parent=290"}],"curies":[{"name":"wp","href":"https:\/\/api.w.org\/{rel}","templated":true}]}}