{"id":292,"date":"2017-07-11T13:43:14","date_gmt":"2017-07-11T13:43:14","guid":{"rendered":"http:\/\/www.ull.es\/masteres\/desarrollo-y-gestion-de-recursos-humanos\/?page_id=292"},"modified":"2018-06-21T09:38:30","modified_gmt":"2018-06-21T09:38:30","slug":"recursos-materiales-e-infraestructuras","status":"publish","type":"page","link":"https:\/\/www.ull.es\/masteres\/necesidades-especificas-apoyo-educativo\/profesorado-y-recursos\/recursos-materiales-e-infraestructuras\/","title":{"rendered":"Recursos materiales e infraestructuras"},"content":{"rendered":"<p>[vc_row][vc_column][vc_column_text]<\/p>\n<h1>Recursos materiales e infraestructuras<\/h1>\n<p>[\/vc_column_text][vc_column_text]La titulaci\u00f3n dispone de los espacios y los equipamientos necesarios propios del centro\/secci\u00f3n en la que se imparte, disponiendo de las aulas, los seminarios, laboratorios y dem\u00e1s recursos materiales asignados a la docencia te\u00f3rica y pr\u00e1ctica del t\u00edtulo, de distinta capacidad en funci\u00f3n de las actividades formativas que en ellas se desarrollan y del tama\u00f1o medio del grupo.<\/p>\n<p>Adem\u00e1s, se cuenta con los espacios generales del centro\/secci\u00f3n para llevar a cabo el resto de actividades: sal\u00f3n de actos, aulas de inform\u00e1tica, salas de estudio, biblioteca, etc.<\/p>\n<p>Puede consultar la informaci\u00f3n en el siguiente enlace: <a href=\"https:\/\/www.ull.es\/centros\/facultad-ciencias-salud\/informacion-general\/infraestructuras-y-servicios\/\" target=\"_blank\" rel=\"noopener\" target=\"_blank\" rel=\"noopener\">Infraestructuras del Centro<\/a>[\/vc_column_text][\/vc_column][\/vc_row]<\/p>\n","protected":false},"excerpt":{"rendered":"<p>[vc_row][vc_column][vc_column_text] Recursos materiales e infraestructuras [\/vc_column_text][vc_column_text]La titulaci\u00f3n dispone de los espacios y los equipamientos necesarios propios del centro\/secci\u00f3n en la que se imparte, disponiendo de las aulas, los seminarios, laboratorios y dem\u00e1s recursos materiales asignados a la docencia te\u00f3rica y pr\u00e1ctica del t\u00edtulo, de distinta capacidad en funci\u00f3n de las actividades formativas que en ellas&#8230;<\/p>\n","protected":false},"author":1,"featured_media":0,"parent":285,"menu_order":2,"comment_status":"closed","ping_status":"closed","template":"","meta":{"footnotes":""},"class_list":["post-292","page","type-page","status-publish","hentry"],"yoast_head":"<!-- This site is optimized with the Yoast SEO plugin v27.2 - https:\/\/yoast.com\/product\/yoast-seo-wordpress\/ -->\n<title>Recursos materiales e infraestructuras - M\u00e1ster Universitario en Necesidades Espec\u00edficas de Apoyo Educativo<\/title>\n<meta name=\"robots\" content=\"index, follow, max-snippet:-1, max-image-preview:large, max-video-preview:-1\" \/>\n<link rel=\"canonical\" href=\"https:\/\/www.ull.es\/masteres\/necesidades-especificas-apoyo-educativo\/profesorado-y-recursos\/recursos-materiales-e-infraestructuras\/\" \/>\n<meta property=\"og:locale\" content=\"es_ES\" \/>\n<meta property=\"og:type\" content=\"article\" \/>\n<meta property=\"og:title\" content=\"Recursos materiales e infraestructuras - M\u00e1ster Universitario en Necesidades Espec\u00edficas de Apoyo Educativo\" \/>\n<meta property=\"og:description\" content=\"[vc_row][vc_column][vc_column_text] Recursos materiales e infraestructuras [\/vc_column_text][vc_column_text]La titulaci\u00f3n dispone de los espacios y los equipamientos necesarios propios del centro\/secci\u00f3n en la que se imparte, disponiendo de las aulas, los seminarios, laboratorios y dem\u00e1s recursos materiales asignados a la docencia te\u00f3rica y pr\u00e1ctica del t\u00edtulo, de distinta capacidad en funci\u00f3n de las actividades formativas que en ellas...\" \/>\n<meta property=\"og:url\" content=\"https:\/\/www.ull.es\/masteres\/necesidades-especificas-apoyo-educativo\/profesorado-y-recursos\/recursos-materiales-e-infraestructuras\/\" \/>\n<meta property=\"og:site_name\" content=\"M\u00e1ster Universitario en Necesidades Espec\u00edficas de Apoyo Educativo\" \/>\n<meta property=\"article:modified_time\" content=\"2018-06-21T09:38:30+00:00\" \/>\n<meta name=\"twitter:card\" content=\"summary_large_image\" \/>\n<meta name=\"twitter:label1\" content=\"Tiempo de lectura\" \/>\n\t<meta name=\"twitter:data1\" content=\"1 minuto\" \/>\n<script type=\"application\/ld+json\" class=\"yoast-schema-graph\">{\"@context\":\"https:\/\/schema.org\",\"@graph\":[{\"@type\":\"WebPage\",\"@id\":\"https:\/\/www.ull.es\/masteres\/necesidades-especificas-apoyo-educativo\/profesorado-y-recursos\/recursos-materiales-e-infraestructuras\/\",\"url\":\"https:\/\/www.ull.es\/masteres\/necesidades-especificas-apoyo-educativo\/profesorado-y-recursos\/recursos-materiales-e-infraestructuras\/\",\"name\":\"Recursos materiales e infraestructuras - M\u00e1ster Universitario en Necesidades Espec\u00edficas de Apoyo Educativo\",\"isPartOf\":{\"@id\":\"https:\/\/www.ull.es\/masteres\/necesidades-especificas-apoyo-educativo\/#website\"},\"datePublished\":\"2017-07-11T13:43:14+00:00\",\"dateModified\":\"2018-06-21T09:38:30+00:00\",\"breadcrumb\":{\"@id\":\"https:\/\/www.ull.es\/masteres\/necesidades-especificas-apoyo-educativo\/profesorado-y-recursos\/recursos-materiales-e-infraestructuras\/#breadcrumb\"},\"inLanguage\":\"es\",\"potentialAction\":[{\"@type\":\"ReadAction\",\"target\":[\"https:\/\/www.ull.es\/masteres\/necesidades-especificas-apoyo-educativo\/profesorado-y-recursos\/recursos-materiales-e-infraestructuras\/\"]}]},{\"@type\":\"BreadcrumbList\",\"@id\":\"https:\/\/www.ull.es\/masteres\/necesidades-especificas-apoyo-educativo\/profesorado-y-recursos\/recursos-materiales-e-infraestructuras\/#breadcrumb\",\"itemListElement\":[{\"@type\":\"ListItem\",\"position\":1,\"name\":\"Portada\",\"item\":\"https:\/\/www.ull.es\/masteres\/necesidades-especificas-apoyo-educativo\/\"},{\"@type\":\"ListItem\",\"position\":2,\"name\":\"Profesorado y recursos\",\"item\":\"https:\/\/www.ull.es\/masteres\/necesidades-especificas-apoyo-educativo\/profesorado-y-recursos\/\"},{\"@type\":\"ListItem\",\"position\":3,\"name\":\"Recursos materiales e infraestructuras\"}]},{\"@type\":\"WebSite\",\"@id\":\"https:\/\/www.ull.es\/masteres\/necesidades-especificas-apoyo-educativo\/#website\",\"url\":\"https:\/\/www.ull.es\/masteres\/necesidades-especificas-apoyo-educativo\/\",\"name\":\"M\u00e1ster Universitario en Necesidades Espec\u00edficas de Apoyo Educativo\",\"description\":\"\",\"potentialAction\":[{\"@type\":\"SearchAction\",\"target\":{\"@type\":\"EntryPoint\",\"urlTemplate\":\"https:\/\/www.ull.es\/masteres\/necesidades-especificas-apoyo-educativo\/?s={search_term_string}\"},\"query-input\":{\"@type\":\"PropertyValueSpecification\",\"valueRequired\":true,\"valueName\":\"search_term_string\"}}],\"inLanguage\":\"es\"}]}<\/script>\n<!-- \/ Yoast SEO plugin. -->","yoast_head_json":{"title":"Recursos materiales e infraestructuras - M\u00e1ster Universitario en Necesidades Espec\u00edficas de Apoyo Educativo","robots":{"index":"index","follow":"follow","max-snippet":"max-snippet:-1","max-image-preview":"max-image-preview:large","max-video-preview":"max-video-preview:-1"},"canonical":"https:\/\/www.ull.es\/masteres\/necesidades-especificas-apoyo-educativo\/profesorado-y-recursos\/recursos-materiales-e-infraestructuras\/","og_locale":"es_ES","og_type":"article","og_title":"Recursos materiales e infraestructuras - M\u00e1ster Universitario en Necesidades Espec\u00edficas de Apoyo Educativo","og_description":"[vc_row][vc_column][vc_column_text] Recursos materiales e infraestructuras [\/vc_column_text][vc_column_text]La titulaci\u00f3n dispone de los espacios y los equipamientos necesarios propios del centro\/secci\u00f3n en la que se imparte, disponiendo de las aulas, los seminarios, laboratorios y dem\u00e1s recursos materiales asignados a la docencia te\u00f3rica y pr\u00e1ctica del t\u00edtulo, de distinta capacidad en funci\u00f3n de las actividades formativas que en ellas...","og_url":"https:\/\/www.ull.es\/masteres\/necesidades-especificas-apoyo-educativo\/profesorado-y-recursos\/recursos-materiales-e-infraestructuras\/","og_site_name":"M\u00e1ster Universitario en Necesidades Espec\u00edficas de Apoyo Educativo","article_modified_time":"2018-06-21T09:38:30+00:00","twitter_card":"summary_large_image","twitter_misc":{"Tiempo de lectura":"1 minuto"},"schema":{"@context":"https:\/\/schema.org","@graph":[{"@type":"WebPage","@id":"https:\/\/www.ull.es\/masteres\/necesidades-especificas-apoyo-educativo\/profesorado-y-recursos\/recursos-materiales-e-infraestructuras\/","url":"https:\/\/www.ull.es\/masteres\/necesidades-especificas-apoyo-educativo\/profesorado-y-recursos\/recursos-materiales-e-infraestructuras\/","name":"Recursos materiales e infraestructuras - M\u00e1ster Universitario en Necesidades Espec\u00edficas de Apoyo Educativo","isPartOf":{"@id":"https:\/\/www.ull.es\/masteres\/necesidades-especificas-apoyo-educativo\/#website"},"datePublished":"2017-07-11T13:43:14+00:00","dateModified":"2018-06-21T09:38:30+00:00","breadcrumb":{"@id":"https:\/\/www.ull.es\/masteres\/necesidades-especificas-apoyo-educativo\/profesorado-y-recursos\/recursos-materiales-e-infraestructuras\/#breadcrumb"},"inLanguage":"es","potentialAction":[{"@type":"ReadAction","target":["https:\/\/www.ull.es\/masteres\/necesidades-especificas-apoyo-educativo\/profesorado-y-recursos\/recursos-materiales-e-infraestructuras\/"]}]},{"@type":"BreadcrumbList","@id":"https:\/\/www.ull.es\/masteres\/necesidades-especificas-apoyo-educativo\/profesorado-y-recursos\/recursos-materiales-e-infraestructuras\/#breadcrumb","itemListElement":[{"@type":"ListItem","position":1,"name":"Portada","item":"https:\/\/www.ull.es\/masteres\/necesidades-especificas-apoyo-educativo\/"},{"@type":"ListItem","position":2,"name":"Profesorado y recursos","item":"https:\/\/www.ull.es\/masteres\/necesidades-especificas-apoyo-educativo\/profesorado-y-recursos\/"},{"@type":"ListItem","position":3,"name":"Recursos materiales e infraestructuras"}]},{"@type":"WebSite","@id":"https:\/\/www.ull.es\/masteres\/necesidades-especificas-apoyo-educativo\/#website","url":"https:\/\/www.ull.es\/masteres\/necesidades-especificas-apoyo-educativo\/","name":"M\u00e1ster Universitario en Necesidades Espec\u00edficas de Apoyo Educativo","description":"","potentialAction":[{"@type":"SearchAction","target":{"@type":"EntryPoint","urlTemplate":"https:\/\/www.ull.es\/masteres\/necesidades-especificas-apoyo-educativo\/?s={search_term_string}"},"query-input":{"@type":"PropertyValueSpecification","valueRequired":true,"valueName":"search_term_string"}}],"inLanguage":"es"}]}},"_links":{"self":[{"href":"https:\/\/www.ull.es\/masteres\/necesidades-especificas-apoyo-educativo\/wp-json\/wp\/v2\/pages\/292","targetHints":{"allow":["GET"]}}],"collection":[{"href":"https:\/\/www.ull.es\/masteres\/necesidades-especificas-apoyo-educativo\/wp-json\/wp\/v2\/pages"}],"about":[{"href":"https:\/\/www.ull.es\/masteres\/necesidades-especificas-apoyo-educativo\/wp-json\/wp\/v2\/types\/page"}],"author":[{"embeddable":true,"href":"https:\/\/www.ull.es\/masteres\/necesidades-especificas-apoyo-educativo\/wp-json\/wp\/v2\/users\/1"}],"replies":[{"embeddable":true,"href":"https:\/\/www.ull.es\/masteres\/necesidades-especificas-apoyo-educativo\/wp-json\/wp\/v2\/comments?post=292"}],"version-history":[{"count":5,"href":"https:\/\/www.ull.es\/masteres\/necesidades-especificas-apoyo-educativo\/wp-json\/wp\/v2\/pages\/292\/revisions"}],"predecessor-version":[{"id":653,"href":"https:\/\/www.ull.es\/masteres\/necesidades-especificas-apoyo-educativo\/wp-json\/wp\/v2\/pages\/292\/revisions\/653"}],"up":[{"embeddable":true,"href":"https:\/\/www.ull.es\/masteres\/necesidades-especificas-apoyo-educativo\/wp-json\/wp\/v2\/pages\/285"}],"wp:attachment":[{"href":"https:\/\/www.ull.es\/masteres\/necesidades-especificas-apoyo-educativo\/wp-json\/wp\/v2\/media?parent=292"}],"curies":[{"name":"wp","href":"https:\/\/api.w.org\/{rel}","templated":true}]}}