{"id":294,"date":"2017-07-11T13:43:55","date_gmt":"2017-07-11T13:43:55","guid":{"rendered":"http:\/\/www.ull.es\/masteres\/desarrollo-y-gestion-de-recursos-humanos\/?page_id=294"},"modified":"2017-11-23T11:10:40","modified_gmt":"2017-11-23T11:10:40","slug":"servicios","status":"publish","type":"page","link":"https:\/\/www.ull.es\/masteres\/necesidades-especificas-apoyo-educativo\/profesorado-y-recursos\/servicios\/","title":{"rendered":"Servicios"},"content":{"rendered":"<p>[vc_row][vc_column][vc_column_text]<\/p>\n<h1>Servicios<\/h1>\n<p>[\/vc_column_text][vc_column_text]El alumnado de la titulaci\u00f3n cuenta tanto con los servicios disponibles en el centro como los generales a disposici\u00f3n de toda la comunidad universitaria. Puede acceder a los mismos a trav\u00e9s del <a href=\"https:\/\/www.ull.es\/la-universidad\/servicios-universitarios\" target=\"_blank\" rel=\"noopener\">siguiente enlace<\/a>.<\/p>\n<p>Desde el apartado \u201cVive la ULL\u201d de la web principal de la ULL, puede acceder a la informaci\u00f3n de otros servicios y actividades universitarias: cultura y extensi\u00f3n, participaci\u00f3n, otros enlaces de inter\u00e9s, etc.[\/vc_column_text][\/vc_column][\/vc_row]<\/p>\n","protected":false},"excerpt":{"rendered":"<p>[vc_row][vc_column][vc_column_text] Servicios [\/vc_column_text][vc_column_text]El alumnado de la titulaci\u00f3n cuenta tanto con los servicios disponibles en el centro como los generales a disposici\u00f3n de toda la comunidad universitaria. Puede acceder a los mismos a trav\u00e9s del siguiente enlace. Desde el apartado \u201cVive la ULL\u201d de la web principal de la ULL, puede acceder a la informaci\u00f3n de&#8230;<\/p>\n","protected":false},"author":1,"featured_media":0,"parent":285,"menu_order":3,"comment_status":"closed","ping_status":"closed","template":"","meta":{"footnotes":""},"class_list":["post-294","page","type-page","status-publish","hentry"],"yoast_head":"<!-- This site is optimized with the Yoast SEO plugin v27.2 - https:\/\/yoast.com\/product\/yoast-seo-wordpress\/ -->\n<title>Servicios - M\u00e1ster Universitario en Necesidades Espec\u00edficas de Apoyo Educativo<\/title>\n<meta name=\"robots\" content=\"index, follow, max-snippet:-1, max-image-preview:large, max-video-preview:-1\" \/>\n<link rel=\"canonical\" href=\"https:\/\/www.ull.es\/masteres\/necesidades-especificas-apoyo-educativo\/profesorado-y-recursos\/servicios\/\" \/>\n<meta property=\"og:locale\" content=\"es_ES\" \/>\n<meta property=\"og:type\" content=\"article\" \/>\n<meta property=\"og:title\" content=\"Servicios - M\u00e1ster Universitario en Necesidades Espec\u00edficas de Apoyo Educativo\" \/>\n<meta property=\"og:description\" content=\"[vc_row][vc_column][vc_column_text] Servicios [\/vc_column_text][vc_column_text]El alumnado de la titulaci\u00f3n cuenta tanto con los servicios disponibles en el centro como los generales a disposici\u00f3n de toda la comunidad universitaria. Puede acceder a los mismos a trav\u00e9s del siguiente enlace. Desde el apartado \u201cVive la ULL\u201d de la web principal de la ULL, puede acceder a la informaci\u00f3n de...\" \/>\n<meta property=\"og:url\" content=\"https:\/\/www.ull.es\/masteres\/necesidades-especificas-apoyo-educativo\/profesorado-y-recursos\/servicios\/\" \/>\n<meta property=\"og:site_name\" content=\"M\u00e1ster Universitario en Necesidades Espec\u00edficas de Apoyo Educativo\" \/>\n<meta property=\"article:modified_time\" content=\"2017-11-23T11:10:40+00:00\" \/>\n<meta name=\"twitter:card\" content=\"summary_large_image\" \/>\n<script type=\"application\/ld+json\" class=\"yoast-schema-graph\">{\"@context\":\"https:\/\/schema.org\",\"@graph\":[{\"@type\":\"WebPage\",\"@id\":\"https:\/\/www.ull.es\/masteres\/necesidades-especificas-apoyo-educativo\/profesorado-y-recursos\/servicios\/\",\"url\":\"https:\/\/www.ull.es\/masteres\/necesidades-especificas-apoyo-educativo\/profesorado-y-recursos\/servicios\/\",\"name\":\"Servicios - M\u00e1ster Universitario en Necesidades Espec\u00edficas de Apoyo Educativo\",\"isPartOf\":{\"@id\":\"https:\/\/www.ull.es\/masteres\/necesidades-especificas-apoyo-educativo\/#website\"},\"datePublished\":\"2017-07-11T13:43:55+00:00\",\"dateModified\":\"2017-11-23T11:10:40+00:00\",\"breadcrumb\":{\"@id\":\"https:\/\/www.ull.es\/masteres\/necesidades-especificas-apoyo-educativo\/profesorado-y-recursos\/servicios\/#breadcrumb\"},\"inLanguage\":\"es\",\"potentialAction\":[{\"@type\":\"ReadAction\",\"target\":[\"https:\/\/www.ull.es\/masteres\/necesidades-especificas-apoyo-educativo\/profesorado-y-recursos\/servicios\/\"]}]},{\"@type\":\"BreadcrumbList\",\"@id\":\"https:\/\/www.ull.es\/masteres\/necesidades-especificas-apoyo-educativo\/profesorado-y-recursos\/servicios\/#breadcrumb\",\"itemListElement\":[{\"@type\":\"ListItem\",\"position\":1,\"name\":\"Portada\",\"item\":\"https:\/\/www.ull.es\/masteres\/necesidades-especificas-apoyo-educativo\/\"},{\"@type\":\"ListItem\",\"position\":2,\"name\":\"Profesorado y recursos\",\"item\":\"https:\/\/www.ull.es\/masteres\/necesidades-especificas-apoyo-educativo\/profesorado-y-recursos\/\"},{\"@type\":\"ListItem\",\"position\":3,\"name\":\"Servicios\"}]},{\"@type\":\"WebSite\",\"@id\":\"https:\/\/www.ull.es\/masteres\/necesidades-especificas-apoyo-educativo\/#website\",\"url\":\"https:\/\/www.ull.es\/masteres\/necesidades-especificas-apoyo-educativo\/\",\"name\":\"M\u00e1ster Universitario en Necesidades Espec\u00edficas de Apoyo Educativo\",\"description\":\"\",\"potentialAction\":[{\"@type\":\"SearchAction\",\"target\":{\"@type\":\"EntryPoint\",\"urlTemplate\":\"https:\/\/www.ull.es\/masteres\/necesidades-especificas-apoyo-educativo\/?s={search_term_string}\"},\"query-input\":{\"@type\":\"PropertyValueSpecification\",\"valueRequired\":true,\"valueName\":\"search_term_string\"}}],\"inLanguage\":\"es\"}]}<\/script>\n<!-- \/ Yoast SEO plugin. -->","yoast_head_json":{"title":"Servicios - M\u00e1ster Universitario en Necesidades Espec\u00edficas de Apoyo Educativo","robots":{"index":"index","follow":"follow","max-snippet":"max-snippet:-1","max-image-preview":"max-image-preview:large","max-video-preview":"max-video-preview:-1"},"canonical":"https:\/\/www.ull.es\/masteres\/necesidades-especificas-apoyo-educativo\/profesorado-y-recursos\/servicios\/","og_locale":"es_ES","og_type":"article","og_title":"Servicios - M\u00e1ster Universitario en Necesidades Espec\u00edficas de Apoyo Educativo","og_description":"[vc_row][vc_column][vc_column_text] Servicios [\/vc_column_text][vc_column_text]El alumnado de la titulaci\u00f3n cuenta tanto con los servicios disponibles en el centro como los generales a disposici\u00f3n de toda la comunidad universitaria. Puede acceder a los mismos a trav\u00e9s del siguiente enlace. Desde el apartado \u201cVive la ULL\u201d de la web principal de la ULL, puede acceder a la informaci\u00f3n de...","og_url":"https:\/\/www.ull.es\/masteres\/necesidades-especificas-apoyo-educativo\/profesorado-y-recursos\/servicios\/","og_site_name":"M\u00e1ster Universitario en Necesidades Espec\u00edficas de Apoyo Educativo","article_modified_time":"2017-11-23T11:10:40+00:00","twitter_card":"summary_large_image","schema":{"@context":"https:\/\/schema.org","@graph":[{"@type":"WebPage","@id":"https:\/\/www.ull.es\/masteres\/necesidades-especificas-apoyo-educativo\/profesorado-y-recursos\/servicios\/","url":"https:\/\/www.ull.es\/masteres\/necesidades-especificas-apoyo-educativo\/profesorado-y-recursos\/servicios\/","name":"Servicios - M\u00e1ster Universitario en Necesidades Espec\u00edficas de Apoyo Educativo","isPartOf":{"@id":"https:\/\/www.ull.es\/masteres\/necesidades-especificas-apoyo-educativo\/#website"},"datePublished":"2017-07-11T13:43:55+00:00","dateModified":"2017-11-23T11:10:40+00:00","breadcrumb":{"@id":"https:\/\/www.ull.es\/masteres\/necesidades-especificas-apoyo-educativo\/profesorado-y-recursos\/servicios\/#breadcrumb"},"inLanguage":"es","potentialAction":[{"@type":"ReadAction","target":["https:\/\/www.ull.es\/masteres\/necesidades-especificas-apoyo-educativo\/profesorado-y-recursos\/servicios\/"]}]},{"@type":"BreadcrumbList","@id":"https:\/\/www.ull.es\/masteres\/necesidades-especificas-apoyo-educativo\/profesorado-y-recursos\/servicios\/#breadcrumb","itemListElement":[{"@type":"ListItem","position":1,"name":"Portada","item":"https:\/\/www.ull.es\/masteres\/necesidades-especificas-apoyo-educativo\/"},{"@type":"ListItem","position":2,"name":"Profesorado y recursos","item":"https:\/\/www.ull.es\/masteres\/necesidades-especificas-apoyo-educativo\/profesorado-y-recursos\/"},{"@type":"ListItem","position":3,"name":"Servicios"}]},{"@type":"WebSite","@id":"https:\/\/www.ull.es\/masteres\/necesidades-especificas-apoyo-educativo\/#website","url":"https:\/\/www.ull.es\/masteres\/necesidades-especificas-apoyo-educativo\/","name":"M\u00e1ster Universitario en Necesidades Espec\u00edficas de Apoyo Educativo","description":"","potentialAction":[{"@type":"SearchAction","target":{"@type":"EntryPoint","urlTemplate":"https:\/\/www.ull.es\/masteres\/necesidades-especificas-apoyo-educativo\/?s={search_term_string}"},"query-input":{"@type":"PropertyValueSpecification","valueRequired":true,"valueName":"search_term_string"}}],"inLanguage":"es"}]}},"_links":{"self":[{"href":"https:\/\/www.ull.es\/masteres\/necesidades-especificas-apoyo-educativo\/wp-json\/wp\/v2\/pages\/294","targetHints":{"allow":["GET"]}}],"collection":[{"href":"https:\/\/www.ull.es\/masteres\/necesidades-especificas-apoyo-educativo\/wp-json\/wp\/v2\/pages"}],"about":[{"href":"https:\/\/www.ull.es\/masteres\/necesidades-especificas-apoyo-educativo\/wp-json\/wp\/v2\/types\/page"}],"author":[{"embeddable":true,"href":"https:\/\/www.ull.es\/masteres\/necesidades-especificas-apoyo-educativo\/wp-json\/wp\/v2\/users\/1"}],"replies":[{"embeddable":true,"href":"https:\/\/www.ull.es\/masteres\/necesidades-especificas-apoyo-educativo\/wp-json\/wp\/v2\/comments?post=294"}],"version-history":[{"count":2,"href":"https:\/\/www.ull.es\/masteres\/necesidades-especificas-apoyo-educativo\/wp-json\/wp\/v2\/pages\/294\/revisions"}],"predecessor-version":[{"id":504,"href":"https:\/\/www.ull.es\/masteres\/necesidades-especificas-apoyo-educativo\/wp-json\/wp\/v2\/pages\/294\/revisions\/504"}],"up":[{"embeddable":true,"href":"https:\/\/www.ull.es\/masteres\/necesidades-especificas-apoyo-educativo\/wp-json\/wp\/v2\/pages\/285"}],"wp:attachment":[{"href":"https:\/\/www.ull.es\/masteres\/necesidades-especificas-apoyo-educativo\/wp-json\/wp\/v2\/media?parent=294"}],"curies":[{"name":"wp","href":"https:\/\/api.w.org\/{rel}","templated":true}]}}