{"id":38,"date":"2017-06-28T13:01:07","date_gmt":"2017-06-28T13:01:07","guid":{"rendered":"http:\/\/www.ull.es\/masteres\/desarrollo-y-gestion-de-recursos-humanos\/?page_id=38"},"modified":"2018-06-12T08:53:42","modified_gmt":"2018-06-12T08:53:42","slug":"competencias","status":"publish","type":"page","link":"https:\/\/www.ull.es\/masteres\/necesidades-especificas-apoyo-educativo\/plan-de-estudios\/competencias\/","title":{"rendered":"Competencias"},"content":{"rendered":"<p>[vc_row][vc_column][vc_column_text]<\/p>\n<h1>Competencias<\/h1>\n<p><span style=\"font-weight: 400;\">Las competencias son el conjunto de conocimientos, habilidades y actitudes a adquirir por los estudiantes, a lo largo de la titulaci\u00f3n, orientadas a la preparaci\u00f3n del ejercicio de actividades de car\u00e1cter profesional.<\/span>[\/vc_column_text][\/vc_column][\/vc_row][vc_row][vc_column][vc_tta_accordion shape=\u00bbsquare\u00bb c_icon=\u00bbchevron\u00bb c_position=\u00bbright\u00bb active_section=\u00bb\u00bb no_fill=\u00bbtrue\u00bb collapsible_all=\u00bbtrue\u00bb][vc_tta_section title=\u00bbCompetencias B\u00e1sicas\u00bb tab_id=\u00bbcompetencias-basicas\u00bb][vc_column_text]CB6 &#8211; Poseer y comprender conocimientos que aporten una base u oportunidad de ser originales en el desarrollo y\/o aplicaci\u00f3n de ideas, a menudo en un contexto de investigaci\u00f3n.<\/p>\n<p>CB7 &#8211; Que los estudiantes sepan aplicar los conocimientos adquiridos y su capacidad de resoluci\u00f3n de problemas en entornos nuevos o poco conocidos dentro de contextos m\u00e1s amplios (o multidisciplinares) relacionados con su \u00e1rea de estudio.<\/p>\n<p>CB8 &#8211; Que los estudiantes sean capaces de integrar conocimientos y enfrentarse a la complejidad de formular juicios a partir de una informaci\u00f3n que, siendo incompleta o limitada, incluya reflexiones sobre las responsabilidades sociales y \u00e9ticas vinculadas a la aplicaci\u00f3n de sus conocimientos y juicios.<\/p>\n<p>CB9 &#8211; Que los estudiantes sepan comunicar sus conclusiones y los conocimientos y razones \u00faltimas que las sustentan a p\u00fablicos especializados y no especializados de un modo claro y sin ambig\u00fcedades.<\/p>\n<p>CB10 &#8211; Que los estudiantes posean las habilidades de aprendizaje que les permitan continuar estudiando de un modo que habr\u00e1 de ser en gran medida autodirigido o aut\u00f3nomo.[\/vc_column_text][\/vc_tta_section][vc_tta_section title=\u00bbCompetencias Generales\u00bb tab_id=\u00bbcompetencias-generales\u00bb][vc_column_text]C.G.1. &#8211; Asimilar aquellos conocimientos que permitan realizar acciones de evaluaci\u00f3n e intervenci\u00f3n en las necesidades espec\u00edficas de apoyo educativo y en los trastornos del lenguaje.<\/p>\n<p>C.G.2. &#8211; Aprender el desarrollo y funcionamiento cerebral como ente del que dimanan todas nuestras capacidades.<\/p>\n<p>C.G.3. &#8211; Aplicar las habilidades y destrezas profesionales que son propias del \u00e1mbito de intervenci\u00f3n en las necesidades espec\u00edficas de apoyo educativo y en los trastornos del lenguaje hablado y escrito.[\/vc_column_text][\/vc_tta_section][vc_tta_section title=\u00bbCompetencias transversales\u00bb tab_id=\u00bbcompetencias-transversales\u00bb][vc_column_text]T1 &#8211; Ser capaz de cooperar con otras personas y organizaciones en la realizaci\u00f3n de funciones y tareas propias de su perfil profesional, con una actitud reflexiva sobre sus propias competencias profesionales y una actitud comprensiva y emp\u00e1tica hacia las competencias de otros profesionales.<\/p>\n<p>T2 &#8211; Ser capaz de contribuir a la mejora continua de su profesi\u00f3n as\u00ed como de las organizaciones en las que desarrolla sus pr\u00e1cticas a trav\u00e9s de la participaci\u00f3n activa en procesos de investigaci\u00f3n, desarrollo e innovaci\u00f3n que puedan contribuir a la mejora de la sociedad.[\/vc_column_text][\/vc_tta_section][vc_tta_section title=\u00bbCompetencias Espec\u00edficas\u00bb tab_id=\u00bbcompetencias-especificas\u00bb][vc_column_text]C.E.1. &#8211; Conocer las bases conceptuales y metodol\u00f3gicas de los procesos de intervenci\u00f3n en el alumnado que presenta Necesidades Espec\u00edficas de Apoyo Educativo (NEAE), y en los trastornos del lenguaje priorizando aquellos que han sido validados por los resultados de investigaci\u00f3n en el campo de la neurociencia.<\/p>\n<p>C.E.2. &#8211; Comprender las distintas conceptualizaciones de Necesidades Espec\u00edficas de Apoyo Educativo seg\u00fan la perspectiva te\u00f3rica que se adopte y sus implicaciones en los criterios de identificaci\u00f3n y clasificaci\u00f3n de las mismas.<\/p>\n<p>C.E.3. &#8211; Comprender las distintas conceptualizaciones de Trastornos espec\u00edficos del lenguaje seg\u00fan la clasificaciones internacionales.\u00a0 Aprendiendo su identificaci\u00f3n y la clasificaci\u00f3n de los mismos.<\/p>\n<p>C.E.4. &#8211; Conocer las caracter\u00edsticas neuropsicol\u00f3gicas, cognitivas y conductuales de los alumnos con NEAE derivadas de altas capacidades, TDAH, dislexia, disgraf\u00eda, discalculia, diversidad cultural y ling\u00fc\u00edstica, trastornos del espectro autista, hipoacusia, sordera, alteraciones del neurodesarrollo, etc.<\/p>\n<p>C.E.5. &#8211; Comprender las bases neurobiol\u00f3gicas de los procesos cognitivos implicados en las NEAE y en los trastornos del lenguaje.<\/p>\n<p>C.E.6. &#8211; Relacionar las teor\u00edas cognitivas que explican las NEAE con los hallazgos en el campo de la neurociencia.<\/p>\n<p>C.E.7. &#8211; Conocer las estrategias e instrumentos de recogida de informaci\u00f3n en el proceso de diagn\u00f3stico de las dificultades de aprendizaje y otras NEAE, tanto en la funci\u00f3n preventiva como correctiva.<\/p>\n<p>C.E.8. &#8211; Conocer las estrategias e instrumentos de recogida de informaci\u00f3n en el proceso de diagn\u00f3stico de los trastornos del lenguaje hablado y escrito, tanto en la funci\u00f3n preventiva como correctiva.<\/p>\n<p>C.E.9. &#8211; Dominar diferentes estrategias e instrumentos de recogida de informaci\u00f3n para el proceso de diagn\u00f3stico de las NEAE y de los trastornos del lenguaje hablado y escrito.<\/p>\n<p>C.E.10. &#8211; Seleccionar los instrumentos adecuados de recogida de informaci\u00f3n para el estudio de las dificultades espec\u00edficas de aprendizaje (i.e., dislexia, disgraf\u00eda, discalculia, etc.) y de los trastornos del lenguaje hablado y escrito.<\/p>\n<p>C.E.11. &#8211; Ser capaz de aplicar correctamente los criterios de diagn\u00f3stico establecidos internacionalmente para la identificaci\u00f3n de las dificultades de aprendizaje y de los trastornos del lenguaje el habla y la voz.<\/p>\n<p>C.E.12. &#8211; Aplicar instrumentos de exploraci\u00f3n de caracter\u00edsticas neuropsicol\u00f3gicas, cognitivas y conductuales de los alumnos con dificultades de aprendizaje y su coexistencia con otras NEAE (altas capacidades, TDAH, etc.) y en los trastornos del lenguaje el habla y la voz.<\/p>\n<p>C.E.13. &#8211; Ser capaz de establecer un plan de intervenci\u00f3n a partir del diagn\u00f3stico realizado.<\/p>\n<p>C.E.14. &#8211; Orientar y asesorar a otros profesionales en los programas de intervenci\u00f3n dirigidos a poblaciones con NEAE o con trastornos del lenguaje el habla y la voz.[\/vc_column_text][\/vc_tta_section][\/vc_tta_accordion][\/vc_column][\/vc_row]<\/p>\n","protected":false},"excerpt":{"rendered":"<p>[vc_row][vc_column][vc_column_text] Competencias Las competencias son el conjunto de conocimientos, habilidades y actitudes a adquirir por los estudiantes, a lo largo de la titulaci\u00f3n, orientadas a la preparaci\u00f3n del ejercicio de actividades de car\u00e1cter profesional.[\/vc_column_text][\/vc_column][\/vc_row][vc_row][vc_column][vc_tta_accordion shape=\u00bbsquare\u00bb c_icon=\u00bbchevron\u00bb c_position=\u00bbright\u00bb active_section=\u00bb\u00bb no_fill=\u00bbtrue\u00bb collapsible_all=\u00bbtrue\u00bb][vc_tta_section title=\u00bbCompetencias B\u00e1sicas\u00bb tab_id=\u00bbcompetencias-basicas\u00bb][vc_column_text]CB6 &#8211; Poseer y comprender conocimientos que aporten una base u oportunidad de&#8230;<\/p>\n","protected":false},"author":1,"featured_media":0,"parent":270,"menu_order":1,"comment_status":"closed","ping_status":"closed","template":"","meta":{"footnotes":""},"class_list":["post-38","page","type-page","status-publish","hentry"],"yoast_head":"<!-- This site is optimized with the Yoast SEO plugin v27.3 - https:\/\/yoast.com\/product\/yoast-seo-wordpress\/ -->\n<title>Competencias - M\u00e1ster Universitario en Necesidades Espec\u00edficas de Apoyo Educativo<\/title>\n<meta name=\"robots\" content=\"index, follow, max-snippet:-1, max-image-preview:large, max-video-preview:-1\" \/>\n<link rel=\"canonical\" href=\"https:\/\/www.ull.es\/masteres\/necesidades-especificas-apoyo-educativo\/plan-de-estudios\/competencias\/\" \/>\n<meta property=\"og:locale\" content=\"es_ES\" \/>\n<meta property=\"og:type\" content=\"article\" \/>\n<meta property=\"og:title\" content=\"Competencias - M\u00e1ster Universitario en Necesidades Espec\u00edficas de Apoyo Educativo\" \/>\n<meta property=\"og:description\" content=\"[vc_row][vc_column][vc_column_text] Competencias Las competencias son el conjunto de conocimientos, habilidades y actitudes a adquirir por los estudiantes, a lo largo de la titulaci\u00f3n, orientadas a la preparaci\u00f3n del ejercicio de actividades de car\u00e1cter profesional.[\/vc_column_text][\/vc_column][\/vc_row][vc_row][vc_column][vc_tta_accordion shape=\u00bbsquare\u00bb c_icon=\u00bbchevron\u00bb c_position=\u00bbright\u00bb active_section=\u00bb\u00bb no_fill=\u00bbtrue\u00bb collapsible_all=\u00bbtrue\u00bb][vc_tta_section title=\u00bbCompetencias B\u00e1sicas\u00bb tab_id=\u00bbcompetencias-basicas\u00bb][vc_column_text]CB6 &#8211; Poseer y comprender conocimientos que aporten una base u oportunidad de...\" \/>\n<meta property=\"og:url\" content=\"https:\/\/www.ull.es\/masteres\/necesidades-especificas-apoyo-educativo\/plan-de-estudios\/competencias\/\" \/>\n<meta property=\"og:site_name\" content=\"M\u00e1ster Universitario en Necesidades Espec\u00edficas de Apoyo Educativo\" \/>\n<meta property=\"article:modified_time\" content=\"2018-06-12T08:53:42+00:00\" \/>\n<meta name=\"twitter:card\" content=\"summary_large_image\" \/>\n<meta name=\"twitter:label1\" content=\"Tiempo de lectura\" \/>\n\t<meta name=\"twitter:data1\" content=\"5 minutos\" \/>\n<script type=\"application\/ld+json\" class=\"yoast-schema-graph\">{\"@context\":\"https:\\\/\\\/schema.org\",\"@graph\":[{\"@type\":\"WebPage\",\"@id\":\"https:\\\/\\\/www.ull.es\\\/masteres\\\/necesidades-especificas-apoyo-educativo\\\/plan-de-estudios\\\/competencias\\\/\",\"url\":\"https:\\\/\\\/www.ull.es\\\/masteres\\\/necesidades-especificas-apoyo-educativo\\\/plan-de-estudios\\\/competencias\\\/\",\"name\":\"Competencias - M\u00e1ster Universitario en Necesidades Espec\u00edficas de Apoyo Educativo\",\"isPartOf\":{\"@id\":\"https:\\\/\\\/www.ull.es\\\/masteres\\\/necesidades-especificas-apoyo-educativo\\\/#website\"},\"datePublished\":\"2017-06-28T13:01:07+00:00\",\"dateModified\":\"2018-06-12T08:53:42+00:00\",\"breadcrumb\":{\"@id\":\"https:\\\/\\\/www.ull.es\\\/masteres\\\/necesidades-especificas-apoyo-educativo\\\/plan-de-estudios\\\/competencias\\\/#breadcrumb\"},\"inLanguage\":\"es\",\"potentialAction\":[{\"@type\":\"ReadAction\",\"target\":[\"https:\\\/\\\/www.ull.es\\\/masteres\\\/necesidades-especificas-apoyo-educativo\\\/plan-de-estudios\\\/competencias\\\/\"]}]},{\"@type\":\"BreadcrumbList\",\"@id\":\"https:\\\/\\\/www.ull.es\\\/masteres\\\/necesidades-especificas-apoyo-educativo\\\/plan-de-estudios\\\/competencias\\\/#breadcrumb\",\"itemListElement\":[{\"@type\":\"ListItem\",\"position\":1,\"name\":\"Portada\",\"item\":\"https:\\\/\\\/www.ull.es\\\/masteres\\\/necesidades-especificas-apoyo-educativo\\\/\"},{\"@type\":\"ListItem\",\"position\":2,\"name\":\"Plan de estudios\",\"item\":\"https:\\\/\\\/www.ull.es\\\/masteres\\\/necesidades-especificas-apoyo-educativo\\\/plan-de-estudios\\\/\"},{\"@type\":\"ListItem\",\"position\":3,\"name\":\"Competencias\"}]},{\"@type\":\"WebSite\",\"@id\":\"https:\\\/\\\/www.ull.es\\\/masteres\\\/necesidades-especificas-apoyo-educativo\\\/#website\",\"url\":\"https:\\\/\\\/www.ull.es\\\/masteres\\\/necesidades-especificas-apoyo-educativo\\\/\",\"name\":\"M\u00e1ster Universitario en Necesidades Espec\u00edficas de Apoyo Educativo\",\"description\":\"\",\"potentialAction\":[{\"@type\":\"SearchAction\",\"target\":{\"@type\":\"EntryPoint\",\"urlTemplate\":\"https:\\\/\\\/www.ull.es\\\/masteres\\\/necesidades-especificas-apoyo-educativo\\\/?s={search_term_string}\"},\"query-input\":{\"@type\":\"PropertyValueSpecification\",\"valueRequired\":true,\"valueName\":\"search_term_string\"}}],\"inLanguage\":\"es\"}]}<\/script>\n<!-- \/ Yoast SEO plugin. -->","yoast_head_json":{"title":"Competencias - M\u00e1ster Universitario en Necesidades Espec\u00edficas de Apoyo Educativo","robots":{"index":"index","follow":"follow","max-snippet":"max-snippet:-1","max-image-preview":"max-image-preview:large","max-video-preview":"max-video-preview:-1"},"canonical":"https:\/\/www.ull.es\/masteres\/necesidades-especificas-apoyo-educativo\/plan-de-estudios\/competencias\/","og_locale":"es_ES","og_type":"article","og_title":"Competencias - M\u00e1ster Universitario en Necesidades Espec\u00edficas de Apoyo Educativo","og_description":"[vc_row][vc_column][vc_column_text] Competencias Las competencias son el conjunto de conocimientos, habilidades y actitudes a adquirir por los estudiantes, a lo largo de la titulaci\u00f3n, orientadas a la preparaci\u00f3n del ejercicio de actividades de car\u00e1cter profesional.[\/vc_column_text][\/vc_column][\/vc_row][vc_row][vc_column][vc_tta_accordion shape=\u00bbsquare\u00bb c_icon=\u00bbchevron\u00bb c_position=\u00bbright\u00bb active_section=\u00bb\u00bb no_fill=\u00bbtrue\u00bb collapsible_all=\u00bbtrue\u00bb][vc_tta_section title=\u00bbCompetencias B\u00e1sicas\u00bb tab_id=\u00bbcompetencias-basicas\u00bb][vc_column_text]CB6 &#8211; Poseer y comprender conocimientos que aporten una base u oportunidad de...","og_url":"https:\/\/www.ull.es\/masteres\/necesidades-especificas-apoyo-educativo\/plan-de-estudios\/competencias\/","og_site_name":"M\u00e1ster Universitario en Necesidades Espec\u00edficas de Apoyo Educativo","article_modified_time":"2018-06-12T08:53:42+00:00","twitter_card":"summary_large_image","twitter_misc":{"Tiempo de lectura":"5 minutos"},"schema":{"@context":"https:\/\/schema.org","@graph":[{"@type":"WebPage","@id":"https:\/\/www.ull.es\/masteres\/necesidades-especificas-apoyo-educativo\/plan-de-estudios\/competencias\/","url":"https:\/\/www.ull.es\/masteres\/necesidades-especificas-apoyo-educativo\/plan-de-estudios\/competencias\/","name":"Competencias - M\u00e1ster Universitario en Necesidades Espec\u00edficas de Apoyo Educativo","isPartOf":{"@id":"https:\/\/www.ull.es\/masteres\/necesidades-especificas-apoyo-educativo\/#website"},"datePublished":"2017-06-28T13:01:07+00:00","dateModified":"2018-06-12T08:53:42+00:00","breadcrumb":{"@id":"https:\/\/www.ull.es\/masteres\/necesidades-especificas-apoyo-educativo\/plan-de-estudios\/competencias\/#breadcrumb"},"inLanguage":"es","potentialAction":[{"@type":"ReadAction","target":["https:\/\/www.ull.es\/masteres\/necesidades-especificas-apoyo-educativo\/plan-de-estudios\/competencias\/"]}]},{"@type":"BreadcrumbList","@id":"https:\/\/www.ull.es\/masteres\/necesidades-especificas-apoyo-educativo\/plan-de-estudios\/competencias\/#breadcrumb","itemListElement":[{"@type":"ListItem","position":1,"name":"Portada","item":"https:\/\/www.ull.es\/masteres\/necesidades-especificas-apoyo-educativo\/"},{"@type":"ListItem","position":2,"name":"Plan de estudios","item":"https:\/\/www.ull.es\/masteres\/necesidades-especificas-apoyo-educativo\/plan-de-estudios\/"},{"@type":"ListItem","position":3,"name":"Competencias"}]},{"@type":"WebSite","@id":"https:\/\/www.ull.es\/masteres\/necesidades-especificas-apoyo-educativo\/#website","url":"https:\/\/www.ull.es\/masteres\/necesidades-especificas-apoyo-educativo\/","name":"M\u00e1ster Universitario en Necesidades Espec\u00edficas de Apoyo Educativo","description":"","potentialAction":[{"@type":"SearchAction","target":{"@type":"EntryPoint","urlTemplate":"https:\/\/www.ull.es\/masteres\/necesidades-especificas-apoyo-educativo\/?s={search_term_string}"},"query-input":{"@type":"PropertyValueSpecification","valueRequired":true,"valueName":"search_term_string"}}],"inLanguage":"es"}]}},"_links":{"self":[{"href":"https:\/\/www.ull.es\/masteres\/necesidades-especificas-apoyo-educativo\/wp-json\/wp\/v2\/pages\/38","targetHints":{"allow":["GET"]}}],"collection":[{"href":"https:\/\/www.ull.es\/masteres\/necesidades-especificas-apoyo-educativo\/wp-json\/wp\/v2\/pages"}],"about":[{"href":"https:\/\/www.ull.es\/masteres\/necesidades-especificas-apoyo-educativo\/wp-json\/wp\/v2\/types\/page"}],"author":[{"embeddable":true,"href":"https:\/\/www.ull.es\/masteres\/necesidades-especificas-apoyo-educativo\/wp-json\/wp\/v2\/users\/1"}],"replies":[{"embeddable":true,"href":"https:\/\/www.ull.es\/masteres\/necesidades-especificas-apoyo-educativo\/wp-json\/wp\/v2\/comments?post=38"}],"version-history":[{"count":10,"href":"https:\/\/www.ull.es\/masteres\/necesidades-especificas-apoyo-educativo\/wp-json\/wp\/v2\/pages\/38\/revisions"}],"predecessor-version":[{"id":638,"href":"https:\/\/www.ull.es\/masteres\/necesidades-especificas-apoyo-educativo\/wp-json\/wp\/v2\/pages\/38\/revisions\/638"}],"up":[{"embeddable":true,"href":"https:\/\/www.ull.es\/masteres\/necesidades-especificas-apoyo-educativo\/wp-json\/wp\/v2\/pages\/270"}],"wp:attachment":[{"href":"https:\/\/www.ull.es\/masteres\/necesidades-especificas-apoyo-educativo\/wp-json\/wp\/v2\/media?parent=38"}],"curies":[{"name":"wp","href":"https:\/\/api.w.org\/{rel}","templated":true}]}}