{"id":921,"date":"2024-02-22T09:28:15","date_gmt":"2024-02-22T09:28:15","guid":{"rendered":"https:\/\/www.ull.es\/masteres\/psicologia-general-sanitaria\/?page_id=921"},"modified":"2026-04-08T10:59:50","modified_gmt":"2026-04-08T10:59:50","slug":"acceso-y-solicitud-de-reconocimiento-creditos-sanitarios-a-estudiantes-extranjeros","status":"publish","type":"page","link":"https:\/\/www.ull.es\/masteres\/psicologia-general-sanitaria\/en\/acceso-y-solicitud-de-reconocimiento-creditos-sanitarios-a-estudiantes-extranjeros\/","title":{"rendered":"Access and Application for Recognition of Health Credits for Foreign Students"},"content":{"rendered":"<h1 class=\"wp-block-heading\"><b>Application for Recognition of Health Credits for access by foreign students<\/b><\/h1>\n\n\n\n<p><span style=\"font-weight: 400\">According to the Organic Law of the University System, any official foreign university degree in Psychology that meets the requirements established in Order CNU\/1309\/2018, of December 5, will be valid for access to the Master&#039;s Degree in General Health Psychology. This order includes that at least 90 ECTS credits of compulsory subjects be linked to Health Psychology.&nbsp;<\/span><\/p>\n\n\n\n<p><span style=\"font-weight: 400\">These 90 credits must be recognized by Spanish universities, in our case by the University of La Laguna.<\/span><span style=\"font-weight: 400\">, <\/span><span style=\"font-weight: 400\">according to the Resolution of November 16, 2023, of the General Secretariat of Universities, which publishes the Agreement of the Council of Universities, which establishes recommendations for the accreditation of compliance with the requirements established in Order CNU \/ 1309\/2018, of December 5, for access to the Master&#039;s Degree in General Health Psychology in foreign official university degrees in Psychology (BOE No. 298, December 14, 2023). The evaluation criteria for these applications can be found at the end of the document.&nbsp;<\/span><\/p>\n\n\n\n<p><span style=\"font-weight: 400\">The procedure to be followed by those interested in proving this compliance is as follows:<\/span><\/p>\n\n\n\n<p><span style=\"font-weight: 400\">1.- Submit the accreditation application through <\/span><b>General application addressed to the Postgraduate Studies Office of the ULL<\/b> <span style=\"font-weight: 400\">via the following link: \u00a0<\/span><a href=\"https:\/\/sede.ull.es\/ecivilis-site\/catalog\/showProcedure\/229\" target=\"_blank\" rel=\"noopener\"><span style=\"font-weight: 400\">Electronic Headquarters \u2013 General Application (ull.es)<\/span><\/a> with a deadline of <strong>April 27, 2026<\/strong>.<\/p>\n\n\n\n<p><span style=\"font-weight: 400\">2.- In the application, you will have to <\/span><b>attach<\/b><span style=\"font-weight: 400\"> (in the space reserved for this purpose in the general application), <\/span><b>compulsorily<\/b><span style=\"font-weight: 400\">, <\/span><b>the following documents<\/b><span style=\"font-weight: 400\">:&nbsp;<\/span><\/p>\n\n\n\n<ol class=\"wp-block-list\">\n<li><span style=\"font-weight: 400\">Document proving the identity and nationality of the applicant, issued by the competent authorities of the country of origin or provenance.&nbsp;<\/span><\/li>\n\n\n\n<li><span style=\"font-weight: 400\">In the case of residents in Spanish territory, declaration by the applicant authorizing the verification and checking of his\/her identity in accordance with the provisions of Royal Decree 522\/2006, of April 28, which abolishes the requirement to provide photocopies of identity documents in administrative procedures of the General State Administration and its linked or dependent public bodies.&nbsp;<\/span><\/li>\n\n\n\n<li><span style=\"font-weight: 400\">Title for which accreditation is requested, or the certification proving its issuance (*).<\/span><\/li>\n\n\n\n<li><span style=\"font-weight: 400\">Academic certification of the studies carried out by the applicant to obtain the degree, stating, among other things, the official duration in academic years of the study plan followed, the subjects taken, the workload of each of them and, where applicable, the corresponding ECTS credits obtained (European Credit Transfer and Accumulation System). (*)<\/span><\/li>\n\n\n\n<li>Proof of payment of the corresponding fee, if required in the validation procedure carried out by the universities.<\/li>\n\n\n\n<li>If the file is requested through a representative, it will be necessary to provide proof of such representation.<\/li>\n\n\n\n<li>Responsible declaration in which the interested party declares the veracity of the data provided, as well as being in possession of the original documentation required in the requested procedure. Said documentation may be requested by the competent body at any time during the procedure, as well as requesting clarifications or, where appropriate, additional documentation deemed necessary to verify the requirements and assess the application.<\/li>\n\n\n\n<li><span style=\"font-weight: 400\">Application form for analysis of the file specifying the subjects to be accredited for the 90 ECTS in health.<\/span><\/li>\n\n\n\n<li><span style=\"font-weight: 400\">Programs or teaching guides for the subjects and\/or courses to accredit the 90 ECTS in health.<\/span><\/li>\n<\/ol>\n\n\n\n<p><span style=\"font-weight: 400\">(*) The documents indicated in sections 3 and 4 must be legalized through diplomatic channels or, where applicable, by means of an apostille under the Hague Convention. This requirement does not apply to documents issued by the authorities of Member States of the European Union or signatories to the Agreement on the European Economic Area and Switzerland. (**) The documentation of<span style=\"color: #3d3d3d\">will have to go<\/span>&nbsp;<span style=\"color: #3d3d3d\">accompanied<\/span>, where applicable, of the corresponding official translation into Spanish.<\/span><\/p>\n\n\n\n<p><b>Assessment criteria<\/b><\/p>\n\n\n\n<ol class=\"wp-block-list\">\n<li><span style=\"font-weight: 400\"> The recognizable degree must be of the same academic level as the Spanish Bachelor&#039;s degree in Psychology.<\/span><\/li>\n\n\n\n<li><span style=\"font-weight: 400\"> The degree must have a minimum of 180 ECTS credits, or 1,800 teaching hours if the degree is not organized in ECTS credits, and be designed to acquire skills or learning outcomes specific to Psychology.&nbsp;<\/span><\/li>\n\n\n\n<li><span style=\"font-weight: 400\"> Applicants with a Bachelor&#039;s or Master&#039;s degree in Psychology with a duration of 180 credits, or 1800 teaching hours if not organized in ECTS credits, may incorporate other official postgraduate studies in Psychology for the analysis of subjects related to Health Psychology.<\/span><\/li>\n\n\n\n<li><span style=\"font-weight: 400\"> The foreign degree must give access to Master&#039;s studies or equivalent level in the country of origin.<\/span><\/li>\n\n\n\n<li><span style=\"font-weight: 400\"> The contents of the degree must include a minimum of 90 credits or 900 teaching hours if the degree is not organized into ECTS credits that can be considered of a health nature, assessing their suitability in accordance with the object of study of psychology included in the thematic areas of the State Research Agency:&nbsp;<\/span>\n<ol class=\"wp-block-list\">\n<li><span style=\"font-weight: 400\">Basic Psychology Area. Minimum of 12 credits or 120 teaching hours if the degree is not organized in ECTS credits in relation to learning processes, memory, perception, attention, language, thought, intelligence, motivation, emotion or executive functions.<\/span><\/li>\n\n\n\n<li><span style=\"font-weight: 400\">Area of Psychobiology. Minimum of 12 credits or 120 teaching hours if the degree is not organized in ECTS credits in relation to biological foundations of behavior, physiological psychology, psychopharmacology, cognitive and affective neuroscience, neuropsychology and ethology.&nbsp;<\/span><\/li>\n\n\n\n<li><span style=\"font-weight: 400\">Area of Personality, Assessment and Psychological Treatments. Minimum of 30 credits or 300 teaching hours if the degree is not organized in ECTS credits in relation to personality psychology, individual differences, clinical and health psychology, psychopathology, mental and behavioral disorders, lifestyles and healthy habits, methods of assessment of psychological variables and psychodiagnosis, methods of psychotherapeutic intervention and prevention of problems of psychological functioning.&nbsp;<\/span><\/li>\n\n\n\n<li><span style=\"font-weight: 400\">Area of Social Psychology. Minimum of 12 credits or 120 teaching hours if the degree is not organized in ECTS credits in relation to the study of social interaction between individuals and between groups in diverse social contexts and the influence of the physical and social context on the behavior of people and groups, covering the study of attitudes, emotions, norms, prejudices, conflict, discrimination and social influence, communication and persuasion, culture, violence, prosocial behavior, psychosocial intervention, social cognition as well as the work context, organizational behavior and human resource development.<\/span><\/li>\n\n\n\n<li><span style=\"font-weight: 400\">Area of Developmental and Educational Psychology. Minimum of 12 credits or 120 teaching hours if the degree is not organized in ECTS credits in relation to processes of behavioral, emotional, social and\/or cognitive change throughout the life cycle; neurodevelopmental disorders, learning difficulties, educational and instructional psychology, analyzing the psychological processes of teaching-learning in educational contexts, as well as ways to optimize them.<\/span><\/li>\n\n\n\n<li><span style=\"font-weight: 400\">Area of Behavioral Sciences Methodology. Minimum of 12 credits or 120 teaching hours if the degree is not organized in ECTS credits in relation to statistics, data analysis applied to behavioral sciences, psychometrics and research designs.&nbsp;<\/span><\/li>\n<\/ol>\n<\/li>\n<\/ol>","protected":false},"excerpt":{"rendered":"<p>Solicitud de Reconocimiento de Cr\u00e9ditos Sanitarios para acceso de estudiantes extranjeros Con la Ley Org\u00e1nica del Sistema Universitario, ser\u00e1 v\u00e1lido para el acceso al M\u00e1ster en Psicolog\u00eda General Sanitaria cualquier t\u00edtulo universitario oficial extranjero de Psicolog\u00eda que cumpla con los requisitos establecidos en la Orden CNU\/1309\/2018, de 5 de diciembre. Esta orden incluye que, al&#8230;<\/p>","protected":false},"author":9,"featured_media":0,"parent":0,"menu_order":0,"comment_status":"closed","ping_status":"closed","template":"templates\/template-frontpage.php","meta":{"footnotes":""},"class_list":["post-921","page","type-page","status-publish","hentry"],"yoast_head":"<!-- This site is optimized with the Yoast SEO plugin v27.3 - https:\/\/yoast.com\/product\/yoast-seo-wordpress\/ -->\n<title>Acceso y Solicitud de Reconocimiento Cr\u00e9ditos Sanitarios a Estudiantes Extranjeros - Psicolog\u00eda General Sanitaria<\/title>\n<meta name=\"robots\" content=\"index, follow, max-snippet:-1, max-image-preview:large, max-video-preview:-1\" \/>\n<link rel=\"canonical\" href=\"https:\/\/www.ull.es\/masteres\/psicologia-general-sanitaria\/en\/acceso-y-solicitud-de-reconocimiento-creditos-sanitarios-a-estudiantes-extranjeros\/\" \/>\n<meta property=\"og:locale\" content=\"en_GB\" \/>\n<meta property=\"og:type\" content=\"article\" \/>\n<meta property=\"og:title\" content=\"Acceso y Solicitud de Reconocimiento Cr\u00e9ditos Sanitarios a Estudiantes Extranjeros - Psicolog\u00eda General Sanitaria\" \/>\n<meta property=\"og:description\" content=\"Solicitud de Reconocimiento de Cr\u00e9ditos Sanitarios para acceso de estudiantes extranjeros Con la Ley Org\u00e1nica del Sistema Universitario, ser\u00e1 v\u00e1lido para el acceso al M\u00e1ster en Psicolog\u00eda General Sanitaria cualquier t\u00edtulo universitario oficial extranjero de Psicolog\u00eda que cumpla con los requisitos establecidos en la Orden CNU\/1309\/2018, de 5 de diciembre. Esta orden incluye que, al...\" \/>\n<meta property=\"og:url\" content=\"https:\/\/www.ull.es\/masteres\/psicologia-general-sanitaria\/en\/acceso-y-solicitud-de-reconocimiento-creditos-sanitarios-a-estudiantes-extranjeros\/\" \/>\n<meta property=\"og:site_name\" content=\"Psicolog\u00eda General Sanitaria\" \/>\n<meta property=\"article:modified_time\" content=\"2026-04-08T10:59:50+00:00\" \/>\n<meta name=\"twitter:card\" content=\"summary_large_image\" \/>\n<meta name=\"twitter:label1\" content=\"Estimated reading time\" \/>\n\t<meta name=\"twitter:data1\" content=\"6 minutes\" \/>\n<script type=\"application\/ld+json\" class=\"yoast-schema-graph\">{\"@context\":\"https:\\\/\\\/schema.org\",\"@graph\":[{\"@type\":\"WebPage\",\"@id\":\"https:\\\/\\\/www.ull.es\\\/masteres\\\/psicologia-general-sanitaria\\\/acceso-y-solicitud-de-reconocimiento-creditos-sanitarios-a-estudiantes-extranjeros\\\/\",\"url\":\"https:\\\/\\\/www.ull.es\\\/masteres\\\/psicologia-general-sanitaria\\\/acceso-y-solicitud-de-reconocimiento-creditos-sanitarios-a-estudiantes-extranjeros\\\/\",\"name\":\"Acceso y Solicitud de Reconocimiento Cr\u00e9ditos Sanitarios a Estudiantes Extranjeros - Psicolog\u00eda General Sanitaria\",\"isPartOf\":{\"@id\":\"https:\\\/\\\/www.ull.es\\\/masteres\\\/psicologia-general-sanitaria\\\/#website\"},\"datePublished\":\"2024-02-22T09:28:15+00:00\",\"dateModified\":\"2026-04-08T10:59:50+00:00\",\"breadcrumb\":{\"@id\":\"https:\\\/\\\/www.ull.es\\\/masteres\\\/psicologia-general-sanitaria\\\/acceso-y-solicitud-de-reconocimiento-creditos-sanitarios-a-estudiantes-extranjeros\\\/#breadcrumb\"},\"inLanguage\":\"en-GB\",\"potentialAction\":[{\"@type\":\"ReadAction\",\"target\":[\"https:\\\/\\\/www.ull.es\\\/masteres\\\/psicologia-general-sanitaria\\\/acceso-y-solicitud-de-reconocimiento-creditos-sanitarios-a-estudiantes-extranjeros\\\/\"]}]},{\"@type\":\"BreadcrumbList\",\"@id\":\"https:\\\/\\\/www.ull.es\\\/masteres\\\/psicologia-general-sanitaria\\\/acceso-y-solicitud-de-reconocimiento-creditos-sanitarios-a-estudiantes-extranjeros\\\/#breadcrumb\",\"itemListElement\":[{\"@type\":\"ListItem\",\"position\":1,\"name\":\"Portada\",\"item\":\"https:\\\/\\\/www.ull.es\\\/masteres\\\/psicologia-general-sanitaria\\\/\"},{\"@type\":\"ListItem\",\"position\":2,\"name\":\"Acceso y Solicitud de Reconocimiento Cr\u00e9ditos Sanitarios a Estudiantes Extranjeros\"}]},{\"@type\":\"WebSite\",\"@id\":\"https:\\\/\\\/www.ull.es\\\/masteres\\\/psicologia-general-sanitaria\\\/#website\",\"url\":\"https:\\\/\\\/www.ull.es\\\/masteres\\\/psicologia-general-sanitaria\\\/\",\"name\":\"Psicolog\u00eda General Sanitaria\",\"description\":\"\",\"potentialAction\":[{\"@type\":\"SearchAction\",\"target\":{\"@type\":\"EntryPoint\",\"urlTemplate\":\"https:\\\/\\\/www.ull.es\\\/masteres\\\/psicologia-general-sanitaria\\\/?s={search_term_string}\"},\"query-input\":{\"@type\":\"PropertyValueSpecification\",\"valueRequired\":true,\"valueName\":\"search_term_string\"}}],\"inLanguage\":\"en-GB\"}]}<\/script>\n<!-- \/ Yoast SEO plugin. -->","yoast_head_json":{"title":"Access and Application for Recognition of Health Credits for Foreign Students - General Health Psychology","robots":{"index":"index","follow":"follow","max-snippet":"max-snippet:-1","max-image-preview":"max-image-preview:large","max-video-preview":"max-video-preview:-1"},"canonical":"https:\/\/www.ull.es\/masteres\/psicologia-general-sanitaria\/en\/acceso-y-solicitud-de-reconocimiento-creditos-sanitarios-a-estudiantes-extranjeros\/","og_locale":"en_GB","og_type":"article","og_title":"Acceso y Solicitud de Reconocimiento Cr\u00e9ditos Sanitarios a Estudiantes Extranjeros - Psicolog\u00eda General Sanitaria","og_description":"Solicitud de Reconocimiento de Cr\u00e9ditos Sanitarios para acceso de estudiantes extranjeros Con la Ley Org\u00e1nica del Sistema Universitario, ser\u00e1 v\u00e1lido para el acceso al M\u00e1ster en Psicolog\u00eda General Sanitaria cualquier t\u00edtulo universitario oficial extranjero de Psicolog\u00eda que cumpla con los requisitos establecidos en la Orden CNU\/1309\/2018, de 5 de diciembre. Esta orden incluye que, al...","og_url":"https:\/\/www.ull.es\/masteres\/psicologia-general-sanitaria\/en\/acceso-y-solicitud-de-reconocimiento-creditos-sanitarios-a-estudiantes-extranjeros\/","og_site_name":"Psicolog\u00eda General Sanitaria","article_modified_time":"2026-04-08T10:59:50+00:00","twitter_card":"summary_large_image","twitter_misc":{"Estimated reading time":"6 minutes"},"schema":{"@context":"https:\/\/schema.org","@graph":[{"@type":"WebPage","@id":"https:\/\/www.ull.es\/masteres\/psicologia-general-sanitaria\/acceso-y-solicitud-de-reconocimiento-creditos-sanitarios-a-estudiantes-extranjeros\/","url":"https:\/\/www.ull.es\/masteres\/psicologia-general-sanitaria\/acceso-y-solicitud-de-reconocimiento-creditos-sanitarios-a-estudiantes-extranjeros\/","name":"Access and Application for Recognition of Health Credits for Foreign Students - General Health Psychology","isPartOf":{"@id":"https:\/\/www.ull.es\/masteres\/psicologia-general-sanitaria\/#website"},"datePublished":"2024-02-22T09:28:15+00:00","dateModified":"2026-04-08T10:59:50+00:00","breadcrumb":{"@id":"https:\/\/www.ull.es\/masteres\/psicologia-general-sanitaria\/acceso-y-solicitud-de-reconocimiento-creditos-sanitarios-a-estudiantes-extranjeros\/#breadcrumb"},"inLanguage":"en-GB","potentialAction":[{"@type":"ReadAction","target":["https:\/\/www.ull.es\/masteres\/psicologia-general-sanitaria\/acceso-y-solicitud-de-reconocimiento-creditos-sanitarios-a-estudiantes-extranjeros\/"]}]},{"@type":"BreadcrumbList","@id":"https:\/\/www.ull.es\/masteres\/psicologia-general-sanitaria\/acceso-y-solicitud-de-reconocimiento-creditos-sanitarios-a-estudiantes-extranjeros\/#breadcrumb","itemListElement":[{"@type":"ListItem","position":1,"name":"Portada","item":"https:\/\/www.ull.es\/masteres\/psicologia-general-sanitaria\/"},{"@type":"ListItem","position":2,"name":"Acceso y Solicitud de Reconocimiento Cr\u00e9ditos Sanitarios a Estudiantes Extranjeros"}]},{"@type":"WebSite","@id":"https:\/\/www.ull.es\/masteres\/psicologia-general-sanitaria\/#website","url":"https:\/\/www.ull.es\/masteres\/psicologia-general-sanitaria\/","name":"General Health Psychology","description":"","potentialAction":[{"@type":"SearchAction","target":{"@type":"EntryPoint","urlTemplate":"https:\/\/www.ull.es\/masteres\/psicologia-general-sanitaria\/?s={search_term_string}"},"query-input":{"@type":"PropertyValueSpecification","valueRequired":true,"valueName":"search_term_string"}}],"inLanguage":"en-GB"}]}},"_links":{"self":[{"href":"https:\/\/www.ull.es\/masteres\/psicologia-general-sanitaria\/en\/wp-json\/wp\/v2\/pages\/921","targetHints":{"allow":["GET"]}}],"collection":[{"href":"https:\/\/www.ull.es\/masteres\/psicologia-general-sanitaria\/en\/wp-json\/wp\/v2\/pages"}],"about":[{"href":"https:\/\/www.ull.es\/masteres\/psicologia-general-sanitaria\/en\/wp-json\/wp\/v2\/types\/page"}],"author":[{"embeddable":true,"href":"https:\/\/www.ull.es\/masteres\/psicologia-general-sanitaria\/en\/wp-json\/wp\/v2\/users\/9"}],"replies":[{"embeddable":true,"href":"https:\/\/www.ull.es\/masteres\/psicologia-general-sanitaria\/en\/wp-json\/wp\/v2\/comments?post=921"}],"version-history":[{"count":11,"href":"https:\/\/www.ull.es\/masteres\/psicologia-general-sanitaria\/en\/wp-json\/wp\/v2\/pages\/921\/revisions"}],"predecessor-version":[{"id":1088,"href":"https:\/\/www.ull.es\/masteres\/psicologia-general-sanitaria\/en\/wp-json\/wp\/v2\/pages\/921\/revisions\/1088"}],"wp:attachment":[{"href":"https:\/\/www.ull.es\/masteres\/psicologia-general-sanitaria\/en\/wp-json\/wp\/v2\/media?parent=921"}],"curies":[{"name":"wp","href":"https:\/\/api.w.org\/{rel}","templated":true}]}}