{"id":921,"date":"2024-02-22T09:28:15","date_gmt":"2024-02-22T09:28:15","guid":{"rendered":"https:\/\/www.ull.es\/masteres\/psicologia-general-sanitaria\/?page_id=921"},"modified":"2026-04-08T10:59:50","modified_gmt":"2026-04-08T10:59:50","slug":"acceso-y-solicitud-de-reconocimiento-creditos-sanitarios-a-estudiantes-extranjeros","status":"publish","type":"page","link":"https:\/\/www.ull.es\/masteres\/psicologia-general-sanitaria\/fr\/acceso-y-solicitud-de-reconocimiento-creditos-sanitarios-a-estudiantes-extranjeros\/","title":{"rendered":"Acc\u00e8s et demande de reconnaissance des cr\u00e9dits sant\u00e9 pour les \u00e9tudiants \u00e9trangers"},"content":{"rendered":"<h1 class=\"wp-block-heading\"><b>Demande de reconnaissance de cr\u00e9dits sant\u00e9 pour acc\u00e8s des \u00e9tudiants \u00e9trangers<\/b><\/h1>\n\n\n\n<p><span style=\"font-weight: 400\">Avec la Loi Organique du Syst\u00e8me Universitaire, tout dipl\u00f4me universitaire \u00e9tranger officiel en Psychologie r\u00e9pondant aux exigences \u00e9tablies dans l&#039;Ordonnance CNU\/1309\/2018 du 5 d\u00e9cembre sera valable pour l&#039;acc\u00e8s au Master en Psychologie G\u00e9n\u00e9rale de la Sant\u00e9. Cet arr\u00eat\u00e9 pr\u00e9voit qu&#039;au moins 90 cr\u00e9dits ECTS de mati\u00e8res obligatoires sont li\u00e9s \u00e0 la psychologie de la sant\u00e9.&nbsp;<\/span><\/p>\n\n\n\n<p><span style=\"font-weight: 400\">Ces 90 cr\u00e9dits doivent \u00eatre reconnus par les universit\u00e9s espagnoles, dans notre cas par l&#039;Universit\u00e9 de La Laguna.<\/span><span style=\"font-weight: 400\">, <\/span><span style=\"font-weight: 400\">conform\u00e9ment \u00e0 la R\u00e9solution du 16 novembre 2023 du Secr\u00e9tariat G\u00e9n\u00e9ral des Universit\u00e9s, par laquelle est publi\u00e9 l&#039;Accord du Conseil des Universit\u00e9s, qui \u00e9tablit des recommandations pour l&#039;accr\u00e9ditation du respect des exigences \u00e9tablies dans l&#039;Ordonnance CNU\/1309\/2018, du 5 d\u00e9cembre, pour l&#039;acc\u00e8s au Master en psychologie g\u00e9n\u00e9rale de la sant\u00e9 dans les dipl\u00f4mes universitaires officiels \u00e9trangers en psychologie (BOE num\u00e9ro 298, 14 d\u00e9cembre 2023). Les crit\u00e8res d&#039;\u00e9valuation de ces candidatures se trouvent \u00e0 la fin du document.&nbsp;<\/span><\/p>\n\n\n\n<p><span style=\"font-weight: 400\">La proc\u00e9dure que doivent suivre ceux qui souhaitent prouver cette conformit\u00e9 est la suivante\u00a0:<\/span><\/p>\n\n\n\n<p><span style=\"font-weight: 400\">1.- Soumettre la demande d&#039;accr\u00e9ditation via <\/span><b>Candidature g\u00e9n\u00e9rale adress\u00e9e au Bureau des \u00e9tudes sup\u00e9rieures de l&#039;ULL<\/b> <span style=\"font-weight: 400\">via le lien suivant : \u00a0<\/span><a href=\"https:\/\/sede.ull.es\/ecivilis-site\/catalog\/showProcedure\/229\" target=\"_blank\" rel=\"noopener\"><span style=\"font-weight: 400\">Bureau \u00e9lectronique \u2013 Application g\u00e9n\u00e9rale (ull.es)<\/span><\/a> avec une date limite de <strong>27 avril 2026<\/strong>.<\/p>\n\n\n\n<p><span style=\"font-weight: 400\">2.- Dans l&#039;application, vous devrez <\/span><b>attacher<\/b><span style=\"font-weight: 400\"> (dans l&#039;espace r\u00e9serv\u00e9 \u00e0 cet effet dans l&#039;application g\u00e9n\u00e9rale), <\/span><b>obligatoire<\/b><span style=\"font-weight: 400\">, <\/span><b>les documents suivants<\/b><span style=\"font-weight: 400\">:&nbsp;<\/span><\/p>\n\n\n\n<ol class=\"wp-block-list\">\n<li><span style=\"font-weight: 400\">Document prouvant l&#039;identit\u00e9 et la nationalit\u00e9 du demandeur, d\u00e9livr\u00e9 par les autorit\u00e9s comp\u00e9tentes du pays d&#039;origine ou de provenance.&nbsp;<\/span><\/li>\n\n\n\n<li><span style=\"font-weight: 400\">Dans le cas des r\u00e9sidents sur le territoire espagnol, d\u00e9claration du demandeur autorisant la v\u00e9rification et la v\u00e9rification de leur identit\u00e9 conform\u00e9ment aux dispositions du d\u00e9cret royal 522\/2006 du 28 avril, qui \u00e9limine la fourniture de photocopies des pi\u00e8ces d&#039;identit\u00e9 dans les proc\u00e9dures administratives. proc\u00e9dures de l&#039;Administration G\u00e9n\u00e9rale de l&#039;\u00c9tat et de ses organismes publics li\u00e9s ou d\u00e9pendants.&nbsp;<\/span><\/li>\n\n\n\n<li><span style=\"font-weight: 400\">Titre dont l&#039;accr\u00e9ditation est demand\u00e9e, ou l&#039;attestation accr\u00e9ditant sa d\u00e9livrance (*).<\/span><\/li>\n\n\n\n<li><span style=\"font-weight: 400\">Attestation acad\u00e9mique des \u00e9tudes r\u00e9alis\u00e9es par le candidat pour l&#039;obtention du dipl\u00f4me, qui comprend, entre autres, la dur\u00e9e officielle en ann\u00e9es acad\u00e9miques du plan d&#039;\u00e9tudes suivi, les mati\u00e8res suivies, la charge de travail de chacun d&#039;eux et, le cas \u00e9ch\u00e9ant, le cr\u00e9dits ECTS correspondants obtenus (Syst\u00e8me europ\u00e9en de transfert et d&#039;accumulation de cr\u00e9dits). (*)<\/span><\/li>\n\n\n\n<li>Accr\u00e9ditation du paiement des frais correspondants, si requis dans la proc\u00e9dure de validation effectu\u00e9e par les universit\u00e9s.<\/li>\n\n\n\n<li>Si le dossier est demand\u00e9 par repr\u00e9sentation, il sera n\u00e9cessaire de fournir une accr\u00e9ditation de cette repr\u00e9sentation.<\/li>\n\n\n\n<li>D\u00e9claration responsable dans laquelle la personne int\u00e9ress\u00e9e d\u00e9clare la v\u00e9racit\u00e9 des donn\u00e9es fournies, ainsi que le fait d&#039;\u00eatre en possession de la documentation originale requise dans la proc\u00e9dure demand\u00e9e. Ces documents peuvent \u00eatre exig\u00e9s par l&#039;organisme comp\u00e9tent \u00e0 tout moment de la proc\u00e9dure, ainsi que pour demander des \u00e9claircissements ou, le cas \u00e9ch\u00e9ant, des documents suppl\u00e9mentaires jug\u00e9s n\u00e9cessaires pour v\u00e9rifier les exigences et \u00e9valuer la demande.<\/li>\n\n\n\n<li><span style=\"font-weight: 400\">Formulaire de demande d&#039;analyse de dossier pr\u00e9cisant les mati\u00e8res soumises \u00e0 accr\u00e9ditation des 90 ECTS sant\u00e9.<\/span><\/li>\n\n\n\n<li><span style=\"font-weight: 400\">Programmes ou guides p\u00e9dagogiques des mati\u00e8res et\/ou mati\u00e8res pour accr\u00e9diter les 90 ECTS sant\u00e9.<\/span><\/li>\n<\/ol>\n\n\n\n<p><span style=\"font-weight: 400\">(*) Les documents mentionn\u00e9s aux sections 3 et 4 doivent \u00eatre l\u00e9galis\u00e9s par voie diplomatique ou, le cas \u00e9ch\u00e9ant, par apostille conform\u00e9ment \u00e0 la Convention de La Haye. Cette exigence ne s\u2019applique pas aux documents d\u00e9livr\u00e9s par les autorit\u00e9s des \u00c9tats membres de l\u2019Union europ\u00e9enne ou des \u00c9tats signataires de l\u2019Accord sur l\u2019Espace \u00e9conomique europ\u00e9en et de la Suisse. (**) La documentation de<span style=\"color: #3d3d3d\">devra y aller<\/span>&nbsp;<span style=\"color: #3d3d3d\">accompagn\u00e9<\/span>, le cas \u00e9ch\u00e9ant, de la traduction officielle correspondante en espagnol.<\/span><\/p>\n\n\n\n<p><b>Crit\u00e8res d&#039;\u00e9valuation<\/b><\/p>\n\n\n\n<ol class=\"wp-block-list\">\n<li><span style=\"font-weight: 400\"> Le dipl\u00f4me reconnaissable doit avoir le m\u00eame niveau acad\u00e9mique que le dipl\u00f4me espagnol en psychologie.<\/span><\/li>\n\n\n\n<li><span style=\"font-weight: 400\"> Le dipl\u00f4me doit comporter un minimum de 180 cr\u00e9dits ECTS, ou 1800 heures d&#039;enseignement si le dipl\u00f4me n&#039;est pas organis\u00e9 en cr\u00e9dits ECTS, et \u00eatre con\u00e7u de mani\u00e8re \u00e0 acqu\u00e9rir des comp\u00e9tences ou des acquis d&#039;apprentissage sp\u00e9cifiques \u00e0 la psychologie.&nbsp;<\/span><\/li>\n\n\n\n<li><span style=\"font-weight: 400\"> Les candidats titulaires d&#039;un baccalaur\u00e9at en psychologie d&#039;une dur\u00e9e de 180 cr\u00e9dits, ou 1800 heures d&#039;enseignement s&#039;ils ne sont pas organis\u00e9s en cr\u00e9dits ECTS, peuvent int\u00e9grer d&#039;autres \u00e9tudes sup\u00e9rieures officielles en psychologie pour l&#039;analyse de sujets li\u00e9s \u00e0 la psychologie de la sant\u00e9.<\/span><\/li>\n\n\n\n<li><span style=\"font-weight: 400\"> Le dipl\u00f4me \u00e9tranger doit donner acc\u00e8s \u00e0 des \u00e9tudes de Master ou de niveau \u00e9quivalent dans votre pays d&#039;origine.<\/span><\/li>\n\n\n\n<li><span style=\"font-weight: 400\"> Le contenu du dipl\u00f4me doit comprendre un minimum de 90 cr\u00e9dits ou 900 heures d&#039;enseignement si le dipl\u00f4me n&#039;est pas organis\u00e9 en cr\u00e9dits ECTS pouvant \u00eatre consid\u00e9r\u00e9s comme ayant un caract\u00e8re de sant\u00e9, en \u00e9valuant leur ad\u00e9quation en fonction de l&#039;objet d&#039;\u00e9tude de psychologie inclus dans la th\u00e9matique. domaines de l&#039;Agence nationale de recherche :&nbsp;<\/span>\n<ol class=\"wp-block-list\">\n<li><span style=\"font-weight: 400\">Domaine de psychologie de base. Minimum de 12 cr\u00e9dits ou 120 heures d&#039;enseignement si le dipl\u00f4me n&#039;est pas organis\u00e9 en cr\u00e9dits ECTS en relation avec les processus d&#039;apprentissage, la m\u00e9moire, la perception, l&#039;attention, le langage, la pens\u00e9e, l&#039;intelligence, la motivation, l&#039;\u00e9motion ou les fonctions ex\u00e9cutives.<\/span><\/li>\n\n\n\n<li><span style=\"font-weight: 400\">Domaine de Psychobiologie. Minimum de 12 cr\u00e9dits ou 120 heures d&#039;enseignement si le dipl\u00f4me n&#039;est pas organis\u00e9 en cr\u00e9dits ECTS en relation avec les fondements biologiques du comportement, la psychologie physiologique, la psychopharmacologie, les neurosciences cognitives et affectives, la neuropsychologie et l&#039;\u00e9thologie.&nbsp;<\/span><\/li>\n\n\n\n<li><span style=\"font-weight: 400\">Domaine de la personnalit\u00e9, de l&#039;\u00e9valuation et des traitements psychologiques. Minimum de 30 cr\u00e9dits ou 300 heures d&#039;enseignement si le dipl\u00f4me n&#039;est pas organis\u00e9 en cr\u00e9dits ECTS en relation avec la psychologie de la personnalit\u00e9, les diff\u00e9rences individuelles, la psychologie clinique et de la sant\u00e9, la psychopathologie, les troubles mentaux et comportementaux, les modes de vie et habitudes saines, les m\u00e9thodes d&#039;\u00e9valuation des variables psychologiques et psychodiagnostic, m\u00e9thodes d&#039;intervention psychoth\u00e9rapeutique et pr\u00e9vention des probl\u00e8mes de fonctionnement psychologique.&nbsp;<\/span><\/li>\n\n\n\n<li><span style=\"font-weight: 400\">Domaine de psychologie sociale. Minimum de 12 cr\u00e9dits ou 120 heures d&#039;enseignement si le dipl\u00f4me n&#039;est pas organis\u00e9 en cr\u00e9dits ECTS en relation avec l&#039;\u00e9tude des interactions sociales entre individus et entre groupes dans divers contextes sociaux et de l&#039;influence du contexte physique et social sur le comportement des personnes et des groupes , couvrant l&#039;\u00e9tude des attitudes, des \u00e9motions, des normes, des pr\u00e9jug\u00e9s, des conflits, de la discrimination et de l&#039;influence sociale, de la communication et de la persuasion, de la culture, de la violence, du comportement prosocial, de l&#039;intervention psychosociale, de la cognition sociale ainsi que du contexte de travail, du comportement d\u00e9veloppement organisationnel et des ressources humaines.<\/span><\/li>\n\n\n\n<li><span style=\"font-weight: 400\">Domaine de psychologie \u00e9volutionniste et p\u00e9dagogique. Minimum de 12 cr\u00e9dits ou 120 heures d&#039;enseignement si le dipl\u00f4me n&#039;est pas organis\u00e9 en cr\u00e9dits ECTS en relation avec les processus de changement comportemental, \u00e9motionnel, social et\/ou cognitif tout au long du cycle de vie ; troubles neurod\u00e9veloppementaux, difficult\u00e9s d&#039;apprentissage, psychologie \u00e9ducative et enseignement, analyse des processus psychologiques d&#039;enseignement-apprentissage dans des contextes \u00e9ducatifs, ainsi que les moyens de les optimiser.<\/span><\/li>\n\n\n\n<li><span style=\"font-weight: 400\">Domaine de m\u00e9thodologie des sciences du comportement. Minimum de 12 cr\u00e9dits ou 120 heures d&#039;enseignement si le dipl\u00f4me n&#039;est pas organis\u00e9 en cr\u00e9dits ECTS en mati\u00e8re de statistiques, d&#039;analyse de donn\u00e9es appliqu\u00e9es aux sciences du comportement, de psychom\u00e9trie et de conception de recherche.&nbsp;<\/span><\/li>\n<\/ol>\n<\/li>\n<\/ol>","protected":false},"excerpt":{"rendered":"<p>Solicitud de Reconocimiento de Cr\u00e9ditos Sanitarios para acceso de estudiantes extranjeros Con la Ley Org\u00e1nica del Sistema Universitario, ser\u00e1 v\u00e1lido para el acceso al M\u00e1ster en Psicolog\u00eda General Sanitaria cualquier t\u00edtulo universitario oficial extranjero de Psicolog\u00eda que cumpla con los requisitos establecidos en la Orden CNU\/1309\/2018, de 5 de diciembre. Esta orden incluye que, al&#8230;<\/p>","protected":false},"author":9,"featured_media":0,"parent":0,"menu_order":0,"comment_status":"closed","ping_status":"closed","template":"templates\/template-frontpage.php","meta":{"footnotes":""},"class_list":["post-921","page","type-page","status-publish","hentry"],"yoast_head":"<!-- This site is optimized with the Yoast SEO plugin v27.3 - https:\/\/yoast.com\/product\/yoast-seo-wordpress\/ -->\n<title>Acceso y Solicitud de Reconocimiento Cr\u00e9ditos Sanitarios a Estudiantes Extranjeros - Psicolog\u00eda General Sanitaria<\/title>\n<meta name=\"robots\" content=\"index, follow, max-snippet:-1, max-image-preview:large, max-video-preview:-1\" \/>\n<link rel=\"canonical\" href=\"https:\/\/www.ull.es\/masteres\/psicologia-general-sanitaria\/fr\/acceso-y-solicitud-de-reconocimiento-creditos-sanitarios-a-estudiantes-extranjeros\/\" \/>\n<meta property=\"og:locale\" content=\"fr_FR\" \/>\n<meta property=\"og:type\" content=\"article\" \/>\n<meta property=\"og:title\" content=\"Acceso y Solicitud de Reconocimiento Cr\u00e9ditos Sanitarios a Estudiantes Extranjeros - Psicolog\u00eda General Sanitaria\" \/>\n<meta property=\"og:description\" content=\"Solicitud de Reconocimiento de Cr\u00e9ditos Sanitarios para acceso de estudiantes extranjeros Con la Ley Org\u00e1nica del Sistema Universitario, ser\u00e1 v\u00e1lido para el acceso al M\u00e1ster en Psicolog\u00eda General Sanitaria cualquier t\u00edtulo universitario oficial extranjero de Psicolog\u00eda que cumpla con los requisitos establecidos en la Orden CNU\/1309\/2018, de 5 de diciembre. Esta orden incluye que, al...\" \/>\n<meta property=\"og:url\" content=\"https:\/\/www.ull.es\/masteres\/psicologia-general-sanitaria\/fr\/acceso-y-solicitud-de-reconocimiento-creditos-sanitarios-a-estudiantes-extranjeros\/\" \/>\n<meta property=\"og:site_name\" content=\"Psicolog\u00eda General Sanitaria\" \/>\n<meta property=\"article:modified_time\" content=\"2026-04-08T10:59:50+00:00\" \/>\n<meta name=\"twitter:card\" content=\"summary_large_image\" \/>\n<meta name=\"twitter:label1\" content=\"Dur\u00e9e de lecture estim\u00e9e\" \/>\n\t<meta name=\"twitter:data1\" content=\"6 minutes\" \/>\n<script type=\"application\/ld+json\" class=\"yoast-schema-graph\">{\"@context\":\"https:\\\/\\\/schema.org\",\"@graph\":[{\"@type\":\"WebPage\",\"@id\":\"https:\\\/\\\/www.ull.es\\\/masteres\\\/psicologia-general-sanitaria\\\/acceso-y-solicitud-de-reconocimiento-creditos-sanitarios-a-estudiantes-extranjeros\\\/\",\"url\":\"https:\\\/\\\/www.ull.es\\\/masteres\\\/psicologia-general-sanitaria\\\/acceso-y-solicitud-de-reconocimiento-creditos-sanitarios-a-estudiantes-extranjeros\\\/\",\"name\":\"Acceso y Solicitud de Reconocimiento Cr\u00e9ditos Sanitarios a Estudiantes Extranjeros - Psicolog\u00eda General Sanitaria\",\"isPartOf\":{\"@id\":\"https:\\\/\\\/www.ull.es\\\/masteres\\\/psicologia-general-sanitaria\\\/#website\"},\"datePublished\":\"2024-02-22T09:28:15+00:00\",\"dateModified\":\"2026-04-08T10:59:50+00:00\",\"breadcrumb\":{\"@id\":\"https:\\\/\\\/www.ull.es\\\/masteres\\\/psicologia-general-sanitaria\\\/acceso-y-solicitud-de-reconocimiento-creditos-sanitarios-a-estudiantes-extranjeros\\\/#breadcrumb\"},\"inLanguage\":\"fr-FR\",\"potentialAction\":[{\"@type\":\"ReadAction\",\"target\":[\"https:\\\/\\\/www.ull.es\\\/masteres\\\/psicologia-general-sanitaria\\\/acceso-y-solicitud-de-reconocimiento-creditos-sanitarios-a-estudiantes-extranjeros\\\/\"]}]},{\"@type\":\"BreadcrumbList\",\"@id\":\"https:\\\/\\\/www.ull.es\\\/masteres\\\/psicologia-general-sanitaria\\\/acceso-y-solicitud-de-reconocimiento-creditos-sanitarios-a-estudiantes-extranjeros\\\/#breadcrumb\",\"itemListElement\":[{\"@type\":\"ListItem\",\"position\":1,\"name\":\"Portada\",\"item\":\"https:\\\/\\\/www.ull.es\\\/masteres\\\/psicologia-general-sanitaria\\\/\"},{\"@type\":\"ListItem\",\"position\":2,\"name\":\"Acceso y Solicitud de Reconocimiento Cr\u00e9ditos Sanitarios a Estudiantes Extranjeros\"}]},{\"@type\":\"WebSite\",\"@id\":\"https:\\\/\\\/www.ull.es\\\/masteres\\\/psicologia-general-sanitaria\\\/#website\",\"url\":\"https:\\\/\\\/www.ull.es\\\/masteres\\\/psicologia-general-sanitaria\\\/\",\"name\":\"Psicolog\u00eda General Sanitaria\",\"description\":\"\",\"potentialAction\":[{\"@type\":\"SearchAction\",\"target\":{\"@type\":\"EntryPoint\",\"urlTemplate\":\"https:\\\/\\\/www.ull.es\\\/masteres\\\/psicologia-general-sanitaria\\\/?s={search_term_string}\"},\"query-input\":{\"@type\":\"PropertyValueSpecification\",\"valueRequired\":true,\"valueName\":\"search_term_string\"}}],\"inLanguage\":\"fr-FR\"}]}<\/script>\n<!-- \/ Yoast SEO plugin. -->","yoast_head_json":{"title":"Acc\u00e8s et demande de reconnaissance des cr\u00e9dits de sant\u00e9 pour les \u00e9tudiants \u00e9trangers - Psychologie g\u00e9n\u00e9rale de la sant\u00e9","robots":{"index":"index","follow":"follow","max-snippet":"max-snippet:-1","max-image-preview":"max-image-preview:large","max-video-preview":"max-video-preview:-1"},"canonical":"https:\/\/www.ull.es\/masteres\/psicologia-general-sanitaria\/fr\/acceso-y-solicitud-de-reconocimiento-creditos-sanitarios-a-estudiantes-extranjeros\/","og_locale":"fr_FR","og_type":"article","og_title":"Acceso y Solicitud de Reconocimiento Cr\u00e9ditos Sanitarios a Estudiantes Extranjeros - Psicolog\u00eda General Sanitaria","og_description":"Solicitud de Reconocimiento de Cr\u00e9ditos Sanitarios para acceso de estudiantes extranjeros Con la Ley Org\u00e1nica del Sistema Universitario, ser\u00e1 v\u00e1lido para el acceso al M\u00e1ster en Psicolog\u00eda General Sanitaria cualquier t\u00edtulo universitario oficial extranjero de Psicolog\u00eda que cumpla con los requisitos establecidos en la Orden CNU\/1309\/2018, de 5 de diciembre. Esta orden incluye que, al...","og_url":"https:\/\/www.ull.es\/masteres\/psicologia-general-sanitaria\/fr\/acceso-y-solicitud-de-reconocimiento-creditos-sanitarios-a-estudiantes-extranjeros\/","og_site_name":"Psicolog\u00eda General Sanitaria","article_modified_time":"2026-04-08T10:59:50+00:00","twitter_card":"summary_large_image","twitter_misc":{"Dur\u00e9e de lecture estim\u00e9e":"6 minutes"},"schema":{"@context":"https:\/\/schema.org","@graph":[{"@type":"WebPage","@id":"https:\/\/www.ull.es\/masteres\/psicologia-general-sanitaria\/acceso-y-solicitud-de-reconocimiento-creditos-sanitarios-a-estudiantes-extranjeros\/","url":"https:\/\/www.ull.es\/masteres\/psicologia-general-sanitaria\/acceso-y-solicitud-de-reconocimiento-creditos-sanitarios-a-estudiantes-extranjeros\/","name":"Acc\u00e8s et demande de reconnaissance des cr\u00e9dits de sant\u00e9 pour les \u00e9tudiants \u00e9trangers - Psychologie g\u00e9n\u00e9rale de la sant\u00e9","isPartOf":{"@id":"https:\/\/www.ull.es\/masteres\/psicologia-general-sanitaria\/#website"},"datePublished":"2024-02-22T09:28:15+00:00","dateModified":"2026-04-08T10:59:50+00:00","breadcrumb":{"@id":"https:\/\/www.ull.es\/masteres\/psicologia-general-sanitaria\/acceso-y-solicitud-de-reconocimiento-creditos-sanitarios-a-estudiantes-extranjeros\/#breadcrumb"},"inLanguage":"fr-FR","potentialAction":[{"@type":"ReadAction","target":["https:\/\/www.ull.es\/masteres\/psicologia-general-sanitaria\/acceso-y-solicitud-de-reconocimiento-creditos-sanitarios-a-estudiantes-extranjeros\/"]}]},{"@type":"BreadcrumbList","@id":"https:\/\/www.ull.es\/masteres\/psicologia-general-sanitaria\/acceso-y-solicitud-de-reconocimiento-creditos-sanitarios-a-estudiantes-extranjeros\/#breadcrumb","itemListElement":[{"@type":"ListItem","position":1,"name":"Portada","item":"https:\/\/www.ull.es\/masteres\/psicologia-general-sanitaria\/"},{"@type":"ListItem","position":2,"name":"Acceso y Solicitud de Reconocimiento Cr\u00e9ditos Sanitarios a Estudiantes Extranjeros"}]},{"@type":"WebSite","@id":"https:\/\/www.ull.es\/masteres\/psicologia-general-sanitaria\/#website","url":"https:\/\/www.ull.es\/masteres\/psicologia-general-sanitaria\/","name":"Psychologie g\u00e9n\u00e9rale de la sant\u00e9","description":"","potentialAction":[{"@type":"SearchAction","target":{"@type":"EntryPoint","urlTemplate":"https:\/\/www.ull.es\/masteres\/psicologia-general-sanitaria\/?s={search_term_string}"},"query-input":{"@type":"PropertyValueSpecification","valueRequired":true,"valueName":"search_term_string"}}],"inLanguage":"fr-FR"}]}},"_links":{"self":[{"href":"https:\/\/www.ull.es\/masteres\/psicologia-general-sanitaria\/fr\/wp-json\/wp\/v2\/pages\/921","targetHints":{"allow":["GET"]}}],"collection":[{"href":"https:\/\/www.ull.es\/masteres\/psicologia-general-sanitaria\/fr\/wp-json\/wp\/v2\/pages"}],"about":[{"href":"https:\/\/www.ull.es\/masteres\/psicologia-general-sanitaria\/fr\/wp-json\/wp\/v2\/types\/page"}],"author":[{"embeddable":true,"href":"https:\/\/www.ull.es\/masteres\/psicologia-general-sanitaria\/fr\/wp-json\/wp\/v2\/users\/9"}],"replies":[{"embeddable":true,"href":"https:\/\/www.ull.es\/masteres\/psicologia-general-sanitaria\/fr\/wp-json\/wp\/v2\/comments?post=921"}],"version-history":[{"count":11,"href":"https:\/\/www.ull.es\/masteres\/psicologia-general-sanitaria\/fr\/wp-json\/wp\/v2\/pages\/921\/revisions"}],"predecessor-version":[{"id":1088,"href":"https:\/\/www.ull.es\/masteres\/psicologia-general-sanitaria\/fr\/wp-json\/wp\/v2\/pages\/921\/revisions\/1088"}],"wp:attachment":[{"href":"https:\/\/www.ull.es\/masteres\/psicologia-general-sanitaria\/fr\/wp-json\/wp\/v2\/media?parent=921"}],"curies":[{"name":"wp","href":"https:\/\/api.w.org\/{rel}","templated":true}]}}