{"id":28,"date":"2017-06-28T12:58:21","date_gmt":"2017-06-28T12:58:21","guid":{"rendered":"http:\/\/www.ull.es\/masteres\/desarrollo-y-gestion-de-recursos-humanos\/?page_id=28"},"modified":"2017-10-24T13:12:41","modified_gmt":"2017-10-24T13:12:41","slug":"justificacion-del-titulo","status":"publish","type":"page","link":"https:\/\/www.ull.es\/masteres\/psicologia-general-sanitaria\/justificacion-del-titulo\/","title":{"rendered":"Justificaci\u00f3n del t\u00edtulo"},"content":{"rendered":"<h1>Justificaci\u00f3n del t\u00edtulo<\/h1>\n<p>El Grado en Psicolog\u00eda es el nivel b\u00e1sico de formaci\u00f3n que habilita para ejercer como Psic\u00f3logo en Espa\u00f1a, y no tiene por s\u00ed solo reconocimiento como profesi\u00f3n sanitaria, por tanto, sus egresados pueden legalmente desarrollar todas las competencias profesionales psicol\u00f3gicas, excepto aquellas que impliquen valorar e intervenir sobre la salud en el \u00e1mbito sanitario. Estas competencias ya han quedado enmarcadas en la Ley General de Salud P\u00fablica (<a href=\"http:\/\/www.boe.es\/boe\/dias\/2011\/10\/05\/pdfs\/BOE-A-2011-15623.pdf\" target=\"_blank\" rel=\"noopener\" target=\"_blank\" rel=\"noopener\">BOE 33\/2011<\/a>) que estipula la obligatoriedad de cursar una formaci\u00f3n de posgrado en Psicolog\u00eda General Sanitaria para poder ser reconocido como Psic\u00f3logo General Sanitario.<\/p>\n<p>La disposici\u00f3n adicional s\u00e9ptima de dicha ley, de 4 de octubre, conforma la profesi\u00f3n de Psic\u00f3logo General Sanitario como profesi\u00f3n regulada, cuyo ejercicio requiere estar en posesi\u00f3n del correspondiente t\u00edtulo oficial de M\u00e1ster, obtenido, en este caso, de acuerdo con lo previsto en el art\u00edculo 15.4 del referido Real Decreto 1393\/2007, de 29 de octubre, conforme a las condiciones establecidas en el Acuerdo de Consejo de Ministros de 31 de mayo de 2013, publicado en el \u00abBolet\u00edn Oficial del Estado\u00bb de 4 de junio de 2013.<\/p>\n<p>La orden ministerial por la que se establecen los requisitos de verificaci\u00f3n del master (BOE ECD\/1070\/2013) al amparo de los acuerdos a los que han llegado los distintos agentes de la Psicolog\u00eda Espa\u00f1ola (Conferencia de Decanos de Psicolog\u00eda, Consejo de Colegios de Psic\u00f3logos de Espa\u00f1a, el Ministerio de Educaci\u00f3n y Ministerio de Sanidad del Gobierno de Espa\u00f1a) estipula las caracter\u00edsticas b\u00e1sicas que ha de contener dicho master, para poder desarrollar la actividad profesional psicol\u00f3gica por cuenta propia o ajena en el sector sanitario, realizando investigaciones, evaluaciones o intervenciones sobre cualquier aspecto del comportamiento relacionado con la salud, en el marco de lo establecido en la Ley.<\/p>\n<p>En las \u00faltimas d\u00e9cadas, cada vez son m\u00e1s numerosos los profesionales e investigadores que orientan su trabajo no ya hacia escenarios sanitarios tradicionales sino hacia otros que podr\u00edan ser considerados como emergentes. La ley General de Salud P\u00fablica no hace sino responder al incremento espectacular que los servicios psicol\u00f3gicos sanitarios han experimentado, lo cual permite aventurar una creciente demanda de estos profesionales y, consecuentemente, una tambi\u00e9n creciente petici\u00f3n de formaci\u00f3n especializada y de calidad que contemple nuevos contextos de intervenci\u00f3n sanitaria, conjuntamente con los contextos tradicionales ya afianzados.<\/p>\n<p>Diversos estudios muestran que la Psicolog\u00eda Sanitaria ocupa el lugar m\u00e1s relevante en importancia social como actividad profesional de los psic\u00f3logos (Santolaya, Berdullas y Fern\u00e1ndez, 2002). Por otro lado existe evidencia de la incompleta construcci\u00f3n integrada de competencias de orden acad\u00e9mico y profesional en la titulaci\u00f3n de grado y en la pr\u00e1ctica profesional (Roe, 2004). En este contexto la Ley General de Salud P\u00fablica enmarca una nueva regulaci\u00f3n profesional en la psicolog\u00eda que hace obligatorio cursar los estudios de master para la acreditaci\u00f3n profesional del Psic\u00f3logo como Sanitario Generalista.<\/p>\n<p>Ahondando en los \u00e1mbitos o contextos de actuaci\u00f3n del Psic\u00f3logo General Sanitario, se ha de se\u00f1alar que las funciones profesionales de \u00e9ste est\u00e1n relacionadas con un gran n\u00famero de actividades relativas a pr\u00e1cticas preventivas e interventivas en contextos muy diferentes, tanto en aquellos en los que los distintos elementos contextuales (agentes, contenidos, formatos de interacci\u00f3n, organizaci\u00f3n de espacios, tiempos y materiales) est\u00e1n dispuestos, de forma intencional y prioritaria, para lograr determinadas finalidades sanitarias, como en aquellos otros que, sin tener como foco central de su actividad una finalidad sanitaria, ofrecen determinados servicios y programas complementarios que si responden a ese prop\u00f3sito. La siguiente lista comprende aquellos contextos en los que en la actualidad, se puede producir una intervenci\u00f3n profesional de naturaleza psicosanitaria:<\/p>\n<p>\u00c1mbito de la salud y calidad de vida:<\/p>\n<ul>\n<li>Centros de atenci\u00f3n temprana y hospitalaria en general no concertada.<\/li>\n<li>Centros y servicios que centran su actividad en la tercera edad.<\/li>\n<li>Gabinetes Cl\u00ednico-Psicol\u00f3gicos<\/li>\n<\/ul>\n<p>\u00c1mbito de reinserci\u00f3n social:<\/p>\n<ul>\n<li>Centros penitenciarios.<\/li>\n<li>Centros y servicios que centran su actividad en j\u00f3venes en situaci\u00f3n de riesgo y desamparo.<\/li>\n<li>Centros y servicios que atienden a colectivos de emigrantes y a personas pertenecientes a minor\u00edas \u00e9tnicas.<\/li>\n<li>Centros y servicios que se ocupan de personas en situaci\u00f3n de marginaci\u00f3n social.<\/li>\n<li>Centros y servicios de car\u00e1cter jur\u00eddico: juzgados de menores, adopci\u00f3n y acogida, maltrato y violencia de g\u00e9nero, mediaci\u00f3n familiar, etc.<\/li>\n<\/ul>\n<p>\u00c1mbito del ocio y cultura:<\/p>\n<ul>\n<li>Centros y servicios de car\u00e1cter recreativo: parques infantiles, parques tem\u00e1ticos, etc.<\/li>\n<\/ul>\n<p>\u00c1mbito de actualizaci\u00f3n laboral y profesional:<\/p>\n<ul>\n<li>Centros y servicios dedicados a la formaci\u00f3n profesional y a la prevenci\u00f3n de accidentes.<\/li>\n<li>Centros de reconocimientos.<\/li>\n<li>Centros y servicios dedicados al dise\u00f1o, elaboraci\u00f3n y desarrollo de programas de educaci\u00f3n virtual (e-learning).<\/li>\n<li>Centros y servicios centrados en la inserci\u00f3n laboral.<\/li>\n<\/ul>\n<p>\u00c1mbito de medios de comunicaci\u00f3n social:<\/p>\n<ul>\n<li>Centros y servicios editoriales.<\/li>\n<li>Centros y servicios dedicados al dise\u00f1o, elaboraci\u00f3n y desarrollo de recursos psicosanitarios en soporte digital: programas multimedia, recursos telem\u00e1ticos (Internet), etc..<\/li>\n<li>Centros y servicios dedicados al dise\u00f1o, elaboraci\u00f3n y desarrollo de programas psicosanitarios radiof\u00f3nicos.<\/li>\n<li>Centros y servicios dedicados al dise\u00f1o, elaboraci\u00f3n y desarrollo de programas psicosanitarios televisivos.<\/li>\n<\/ul>\n<p>Puede observarse, pues, que la demanda de orientaci\u00f3n, asesoramiento e intervenci\u00f3n de estos profesionales deja de limitarse al \u00e1mbito sanitario m\u00e1s formal (en sus diversas etapas) y se extiende en los \u00faltimos tiempos a otros contextos, por lo que los sectores profesionales en los que van a desarrollar su labor los psic\u00f3logos sanitarios se ampl\u00edan cada d\u00eda. Ello demanda que la Psicolog\u00eda General Sanitaria cuente con una ense\u00f1anza de postgrado reglada que permita dar respuesta a muy diversas necesidades y demandas.<\/p>\n<p>As\u00ed pues, y tal como viene siendo tradici\u00f3n en los pa\u00edses de la Uni\u00f3n Europea y en USA, parece justificado y necesario \u2013tanto por razones, profesionales como acad\u00e9micas y de investigaci\u00f3n-proponer la especializaci\u00f3n a trav\u00e9s de un m\u00e1ster en Psicolog\u00eda General Sanitaria.<\/p>\n<p><a href=\"https:\/\/drive.google.com\/open?id=0Bxi8Rp1_THQzWWh4LVlPdVN6cUk\" target=\"_blank\" rel=\"noopener\" target=\"_blank\" rel=\"noopener\">Procedimientos de consulta externos e internos para la elaboraci\u00f3n del plan de estudios.<\/a><\/p>\n","protected":false},"excerpt":{"rendered":"<p>Justificaci\u00f3n del t\u00edtulo El Grado en Psicolog\u00eda es el nivel b\u00e1sico de formaci\u00f3n que habilita para ejercer como Psic\u00f3logo en Espa\u00f1a, y no tiene por s\u00ed solo reconocimiento como profesi\u00f3n sanitaria, por tanto, sus egresados pueden legalmente desarrollar todas las competencias profesionales psicol\u00f3gicas, excepto aquellas que impliquen valorar e intervenir sobre la salud en el&#8230;<\/p>\n","protected":false},"author":1,"featured_media":0,"parent":0,"menu_order":0,"comment_status":"closed","ping_status":"closed","template":"","meta":{"footnotes":""},"class_list":["post-28","page","type-page","status-publish","hentry"],"yoast_head":"<!-- This site is optimized with the Yoast SEO plugin v27.3 - https:\/\/yoast.com\/product\/yoast-seo-wordpress\/ -->\n<title>Justificaci\u00f3n del t\u00edtulo - Psicolog\u00eda General Sanitaria<\/title>\n<meta name=\"robots\" content=\"index, follow, max-snippet:-1, max-image-preview:large, max-video-preview:-1\" \/>\n<link rel=\"canonical\" href=\"https:\/\/www.ull.es\/masteres\/psicologia-general-sanitaria\/justificacion-del-titulo\/\" \/>\n<meta property=\"og:locale\" content=\"es_ES\" \/>\n<meta property=\"og:type\" content=\"article\" \/>\n<meta property=\"og:title\" content=\"Justificaci\u00f3n del t\u00edtulo - Psicolog\u00eda General Sanitaria\" \/>\n<meta property=\"og:description\" content=\"Justificaci\u00f3n del t\u00edtulo El Grado en Psicolog\u00eda es el nivel b\u00e1sico de formaci\u00f3n que habilita para ejercer como Psic\u00f3logo en Espa\u00f1a, y no tiene por s\u00ed solo reconocimiento como profesi\u00f3n sanitaria, por tanto, sus egresados pueden legalmente desarrollar todas las competencias profesionales psicol\u00f3gicas, excepto aquellas que impliquen valorar e intervenir sobre la salud en el...\" \/>\n<meta property=\"og:url\" content=\"https:\/\/www.ull.es\/masteres\/psicologia-general-sanitaria\/justificacion-del-titulo\/\" \/>\n<meta property=\"og:site_name\" content=\"Psicolog\u00eda General Sanitaria\" \/>\n<meta property=\"article:modified_time\" content=\"2017-10-24T13:12:41+00:00\" \/>\n<meta name=\"twitter:card\" content=\"summary_large_image\" \/>\n<meta name=\"twitter:label1\" content=\"Tiempo de lectura\" \/>\n\t<meta name=\"twitter:data1\" content=\"5 minutos\" \/>\n<script type=\"application\/ld+json\" class=\"yoast-schema-graph\">{\"@context\":\"https:\\\/\\\/schema.org\",\"@graph\":[{\"@type\":\"WebPage\",\"@id\":\"https:\\\/\\\/www.ull.es\\\/masteres\\\/psicologia-general-sanitaria\\\/justificacion-del-titulo\\\/\",\"url\":\"https:\\\/\\\/www.ull.es\\\/masteres\\\/psicologia-general-sanitaria\\\/justificacion-del-titulo\\\/\",\"name\":\"Justificaci\u00f3n del t\u00edtulo - Psicolog\u00eda General Sanitaria\",\"isPartOf\":{\"@id\":\"https:\\\/\\\/www.ull.es\\\/masteres\\\/psicologia-general-sanitaria\\\/#website\"},\"datePublished\":\"2017-06-28T12:58:21+00:00\",\"dateModified\":\"2017-10-24T13:12:41+00:00\",\"breadcrumb\":{\"@id\":\"https:\\\/\\\/www.ull.es\\\/masteres\\\/psicologia-general-sanitaria\\\/justificacion-del-titulo\\\/#breadcrumb\"},\"inLanguage\":\"es\",\"potentialAction\":[{\"@type\":\"ReadAction\",\"target\":[\"https:\\\/\\\/www.ull.es\\\/masteres\\\/psicologia-general-sanitaria\\\/justificacion-del-titulo\\\/\"]}]},{\"@type\":\"BreadcrumbList\",\"@id\":\"https:\\\/\\\/www.ull.es\\\/masteres\\\/psicologia-general-sanitaria\\\/justificacion-del-titulo\\\/#breadcrumb\",\"itemListElement\":[{\"@type\":\"ListItem\",\"position\":1,\"name\":\"Portada\",\"item\":\"https:\\\/\\\/www.ull.es\\\/masteres\\\/psicologia-general-sanitaria\\\/\"},{\"@type\":\"ListItem\",\"position\":2,\"name\":\"Justificaci\u00f3n del t\u00edtulo\"}]},{\"@type\":\"WebSite\",\"@id\":\"https:\\\/\\\/www.ull.es\\\/masteres\\\/psicologia-general-sanitaria\\\/#website\",\"url\":\"https:\\\/\\\/www.ull.es\\\/masteres\\\/psicologia-general-sanitaria\\\/\",\"name\":\"Psicolog\u00eda General Sanitaria\",\"description\":\"\",\"potentialAction\":[{\"@type\":\"SearchAction\",\"target\":{\"@type\":\"EntryPoint\",\"urlTemplate\":\"https:\\\/\\\/www.ull.es\\\/masteres\\\/psicologia-general-sanitaria\\\/?s={search_term_string}\"},\"query-input\":{\"@type\":\"PropertyValueSpecification\",\"valueRequired\":true,\"valueName\":\"search_term_string\"}}],\"inLanguage\":\"es\"}]}<\/script>\n<!-- \/ Yoast SEO plugin. -->","yoast_head_json":{"title":"Justificaci\u00f3n del t\u00edtulo - Psicolog\u00eda General Sanitaria","robots":{"index":"index","follow":"follow","max-snippet":"max-snippet:-1","max-image-preview":"max-image-preview:large","max-video-preview":"max-video-preview:-1"},"canonical":"https:\/\/www.ull.es\/masteres\/psicologia-general-sanitaria\/justificacion-del-titulo\/","og_locale":"es_ES","og_type":"article","og_title":"Justificaci\u00f3n del t\u00edtulo - Psicolog\u00eda General Sanitaria","og_description":"Justificaci\u00f3n del t\u00edtulo El Grado en Psicolog\u00eda es el nivel b\u00e1sico de formaci\u00f3n que habilita para ejercer como Psic\u00f3logo en Espa\u00f1a, y no tiene por s\u00ed solo reconocimiento como profesi\u00f3n sanitaria, por tanto, sus egresados pueden legalmente desarrollar todas las competencias profesionales psicol\u00f3gicas, excepto aquellas que impliquen valorar e intervenir sobre la salud en el...","og_url":"https:\/\/www.ull.es\/masteres\/psicologia-general-sanitaria\/justificacion-del-titulo\/","og_site_name":"Psicolog\u00eda General Sanitaria","article_modified_time":"2017-10-24T13:12:41+00:00","twitter_card":"summary_large_image","twitter_misc":{"Tiempo de lectura":"5 minutos"},"schema":{"@context":"https:\/\/schema.org","@graph":[{"@type":"WebPage","@id":"https:\/\/www.ull.es\/masteres\/psicologia-general-sanitaria\/justificacion-del-titulo\/","url":"https:\/\/www.ull.es\/masteres\/psicologia-general-sanitaria\/justificacion-del-titulo\/","name":"Justificaci\u00f3n del t\u00edtulo - Psicolog\u00eda General Sanitaria","isPartOf":{"@id":"https:\/\/www.ull.es\/masteres\/psicologia-general-sanitaria\/#website"},"datePublished":"2017-06-28T12:58:21+00:00","dateModified":"2017-10-24T13:12:41+00:00","breadcrumb":{"@id":"https:\/\/www.ull.es\/masteres\/psicologia-general-sanitaria\/justificacion-del-titulo\/#breadcrumb"},"inLanguage":"es","potentialAction":[{"@type":"ReadAction","target":["https:\/\/www.ull.es\/masteres\/psicologia-general-sanitaria\/justificacion-del-titulo\/"]}]},{"@type":"BreadcrumbList","@id":"https:\/\/www.ull.es\/masteres\/psicologia-general-sanitaria\/justificacion-del-titulo\/#breadcrumb","itemListElement":[{"@type":"ListItem","position":1,"name":"Portada","item":"https:\/\/www.ull.es\/masteres\/psicologia-general-sanitaria\/"},{"@type":"ListItem","position":2,"name":"Justificaci\u00f3n del t\u00edtulo"}]},{"@type":"WebSite","@id":"https:\/\/www.ull.es\/masteres\/psicologia-general-sanitaria\/#website","url":"https:\/\/www.ull.es\/masteres\/psicologia-general-sanitaria\/","name":"Psicolog\u00eda General Sanitaria","description":"","potentialAction":[{"@type":"SearchAction","target":{"@type":"EntryPoint","urlTemplate":"https:\/\/www.ull.es\/masteres\/psicologia-general-sanitaria\/?s={search_term_string}"},"query-input":{"@type":"PropertyValueSpecification","valueRequired":true,"valueName":"search_term_string"}}],"inLanguage":"es"}]}},"_links":{"self":[{"href":"https:\/\/www.ull.es\/masteres\/psicologia-general-sanitaria\/wp-json\/wp\/v2\/pages\/28","targetHints":{"allow":["GET"]}}],"collection":[{"href":"https:\/\/www.ull.es\/masteres\/psicologia-general-sanitaria\/wp-json\/wp\/v2\/pages"}],"about":[{"href":"https:\/\/www.ull.es\/masteres\/psicologia-general-sanitaria\/wp-json\/wp\/v2\/types\/page"}],"author":[{"embeddable":true,"href":"https:\/\/www.ull.es\/masteres\/psicologia-general-sanitaria\/wp-json\/wp\/v2\/users\/1"}],"replies":[{"embeddable":true,"href":"https:\/\/www.ull.es\/masteres\/psicologia-general-sanitaria\/wp-json\/wp\/v2\/comments?post=28"}],"version-history":[{"count":5,"href":"https:\/\/www.ull.es\/masteres\/psicologia-general-sanitaria\/wp-json\/wp\/v2\/pages\/28\/revisions"}],"predecessor-version":[{"id":469,"href":"https:\/\/www.ull.es\/masteres\/psicologia-general-sanitaria\/wp-json\/wp\/v2\/pages\/28\/revisions\/469"}],"wp:attachment":[{"href":"https:\/\/www.ull.es\/masteres\/psicologia-general-sanitaria\/wp-json\/wp\/v2\/media?parent=28"}],"curies":[{"name":"wp","href":"https:\/\/api.w.org\/{rel}","templated":true}]}}