{"id":921,"date":"2024-02-22T09:28:15","date_gmt":"2024-02-22T09:28:15","guid":{"rendered":"https:\/\/www.ull.es\/masteres\/psicologia-general-sanitaria\/?page_id=921"},"modified":"2026-04-08T10:59:50","modified_gmt":"2026-04-08T10:59:50","slug":"acceso-y-solicitud-de-reconocimiento-creditos-sanitarios-a-estudiantes-extranjeros","status":"publish","type":"page","link":"https:\/\/www.ull.es\/masteres\/psicologia-general-sanitaria\/acceso-y-solicitud-de-reconocimiento-creditos-sanitarios-a-estudiantes-extranjeros\/","title":{"rendered":"Acceso y Solicitud de Reconocimiento Cr\u00e9ditos Sanitarios a Estudiantes Extranjeros"},"content":{"rendered":"\n<h1 class=\"wp-block-heading\"><b>Solicitud de Reconocimiento de Cr\u00e9ditos Sanitarios para acceso de estudiantes extranjeros<\/b><\/h1>\n\n\n\n<p><span style=\"font-weight: 400\">Con la Ley Org\u00e1nica del Sistema Universitario, ser\u00e1 v\u00e1lido para el acceso al M\u00e1ster en Psicolog\u00eda General Sanitaria cualquier t\u00edtulo universitario oficial extranjero de Psicolog\u00eda que cumpla con los requisitos establecidos en la Orden CNU\/1309\/2018, de 5 de diciembre. Esta orden incluye que, al menos, 90 cr\u00e9ditos ECTS de materias obligatorias est\u00e9n vinculadas a la Psicolog\u00eda de la Salud.&nbsp;<\/span><\/p>\n\n\n\n<p><span style=\"font-weight: 400\">Estos 90 cr\u00e9ditos han de ser reconocidos por las universidades espa\u00f1olas, en nuestro caso por la Universidad de La Laguna<\/span><span style=\"font-weight: 400\">, <\/span><span style=\"font-weight: 400\">seg\u00fan la Resoluci\u00f3n de 16 de noviembre de 2023, de la Secretar\u00eda General de Universidades, por la que se publica el Acuerdo del Consejo de Universidades, por el que se establecen recomendaciones para la acreditaci\u00f3n del cumplimiento de los requisitos establecidos en la Orden CNU\/1309\/2018, de 5 de diciembre, para el acceso al M\u00e1ster en Psicolog\u00eda General Sanitaria en los t\u00edtulos universitarios oficiales extranjeros de Psicolog\u00eda (BOE n\u00fam 298, 14 de diciembre de 2023). Los criterios de valoraci\u00f3n de estas solicitudes se encuentran al final del documento.&nbsp;<\/span><\/p>\n\n\n\n<p><span style=\"font-weight: 400\">El procedimiento que deber\u00e1n seguir aquellas personas interesadas en acreditar este cumplimiento es el siguiente:<\/span><\/p>\n\n\n\n<p><span style=\"font-weight: 400\">1.- Presentar la solicitud de acreditaci\u00f3n mediante <\/span><b>solicitud general dirigida al Negociado de Estudios de Posgrado de la ULL<\/b> <span style=\"font-weight: 400\">a trav\u00e9s del siguiente enlace: \u00a0<\/span><a href=\"https:\/\/sede.ull.es\/ecivilis-site\/catalog\/showProcedure\/229\" target=\"_blank\" rel=\"noopener\"><span style=\"font-weight: 400\">Sede electr\u00f3nica &#8211; Solicitud General (ull.es)<\/span><\/a> teniendo como fecha l\u00edmite el <strong>27 de abril del 2026<\/strong>.<\/p>\n\n\n\n<p><span style=\"font-weight: 400\">2.- En la solicitud, tendr\u00e1 que <\/span><b>adjuntar<\/b><span style=\"font-weight: 400\"> (en el espacio que hay reservado para ello en la solicitud general), <\/span><b>obligatoriamente<\/b><span style=\"font-weight: 400\">, <\/span><b>los siguientes documentos<\/b><span style=\"font-weight: 400\">:&nbsp;<\/span><\/p>\n\n\n\n<ol class=\"wp-block-list\">\n<li><span style=\"font-weight: 400\">Documento que acredite la identidad y nacionalidad de la persona solicitante, expedido por las autoridades competentes del pa\u00eds de origen o de procedencia.&nbsp;<\/span><\/li>\n\n\n\n<li><span style=\"font-weight: 400\">En el caso de residentes en territorio espa\u00f1ol, declaraci\u00f3n de la persona solicitante autorizando la comprobaci\u00f3n y verificaci\u00f3n de su identidad conforme a lo dispuesto en el Real Decreto 522\/2006, de 28 de abril, por el que se suprime la aportaci\u00f3n de fotocopias de documentos de identidad en los procedimientos administrativos de la Administraci\u00f3n General del Estado y de sus organismos p\u00fablicos vinculados o dependientes.&nbsp;<\/span><\/li>\n\n\n\n<li><span style=\"font-weight: 400\">T\u00edtulo cuya acreditaci\u00f3n se solicita, o de la certificaci\u00f3n acreditativa de su expedici\u00f3n (*).<\/span><\/li>\n\n\n\n<li><span style=\"font-weight: 400\">Certificaci\u00f3n acad\u00e9mica de los estudios realizados por la persona solicitante para la obtenci\u00f3n del t\u00edtulo, en la que consten, entre otros extremos, la duraci\u00f3n oficial en a\u00f1os acad\u00e9micos del plan de estudios seguido, las asignaturas cursadas, la carga horaria de cada una de ellas y, en su caso, los correspondientes cr\u00e9ditos ECTS obtenidos (European Credit Transfer and Accumulation System). (*)<\/span><\/li>\n\n\n\n<li>Acreditaci\u00f3n del pago de la tasa correspondiente, si as\u00ed se requiere en el procedimiento de convalidaci\u00f3n realizado por las universidades.<\/li>\n\n\n\n<li>Si el expediente es solicitado por medio de una representaci\u00f3n, ser\u00e1 necesario aportar la acreditaci\u00f3n de tal representaci\u00f3n.<\/li>\n\n\n\n<li>Declaraci\u00f3n responsable en que la persona interesada manifieste la veracidad de los datos que aporta, as\u00ed como de estar en posesi\u00f3n de la documentaci\u00f3n original requerida en el procedimiento solicitado. Dicha documentaci\u00f3n podr\u00e1 ser requerida por el \u00f3rgano competente en cualquier momento del procedimiento, as\u00ed como solicitar las aclaraciones o, en su caso, la documentaci\u00f3n adicional que se estime necesaria para la comprobaci\u00f3n de los requisitos y la valoraci\u00f3n de la solicitud.<\/li>\n\n\n\n<li><span style=\"font-weight: 400\">Formulario de solicitud de an\u00e1lisis del expediente especificando las asignaturas objeto de acreditaci\u00f3n de los 90 ECTS sanitarios.<\/span><\/li>\n\n\n\n<li><span style=\"font-weight: 400\">Programas o gu\u00edas docentes de las materias y\/o asignaturas para acreditar los 90 ECTS sanitarios.<\/span><\/li>\n<\/ol>\n\n\n\n<p><span style=\"font-weight: 400\">(*) Los documentos indicados en los apartados 3 y 4 deber\u00e1n presentarse legalizados por v\u00eda diplom\u00e1tica o, en su caso, mediante la apostilla del Convenio de La Haya. Este requisito no se exigir\u00e1 a los documentos expedidos por las autoridades de los Estados miembros de la Uni\u00f3n Europea o signatarios del Acuerdo sobre el Espacio Econ\u00f3mico Europeo y Suiza. (**)&nbsp;La documentaci\u00f3n de<span style=\"color: #3d3d3d\">ber\u00e1 ir<\/span>&nbsp;<span style=\"color: #3d3d3d\">acompa\u00f1ada<\/span>, en su caso, de la correspondiente traducci\u00f3n oficial al castellano.<\/span><\/p>\n\n\n\n<p><b>Criterios de valoraci\u00f3n<\/b><\/p>\n\n\n\n<ol class=\"wp-block-list\">\n<li><span style=\"font-weight: 400\"> El t\u00edtulo reconocible debe tener el mismo nivel acad\u00e9mico que el t\u00edtulo espa\u00f1ol de Grado en Psicolog\u00eda.<\/span><\/li>\n\n\n\n<li><span style=\"font-weight: 400\"> El t\u00edtulo debe tener un m\u00ednimo de 180 cr\u00e9ditos ECTS, o 1800 horas lectivas en caso de no estar organizado el t\u00edtulo en cr\u00e9ditos ECTS, y estar dise\u00f1ado para que se adquieran competencias o resultados de aprendizaje propios de la Psicolog\u00eda.&nbsp;<\/span><\/li>\n\n\n\n<li><span style=\"font-weight: 400\"> Las personas solicitantes con t\u00edtulos de Grado o licenciatura en Psicolog\u00eda con una duraci\u00f3n de 180 cr\u00e9ditos, o 1800 horas lectivas en caso de no estar organizado en cr\u00e9ditos ECTS, podr\u00e1n incorporar otros estudios oficiales de postgrado en Psicolog\u00eda para el an\u00e1lisis de las materias vinculadas a la Psicolog\u00eda de la Salud.<\/span><\/li>\n\n\n\n<li><span style=\"font-weight: 400\"> El t\u00edtulo extranjero debe dar acceso a estudios de M\u00e1ster o nivel equivalente en su pa\u00eds de origen.<\/span><\/li>\n\n\n\n<li><span style=\"font-weight: 400\"> Los contenidos del t\u00edtulo han de incluir un m\u00ednimo de 90 cr\u00e9ditos o 900 horas lectivas en caso de no estar organizado el t\u00edtulo en cr\u00e9ditos ECTS que puedan ser considerados de car\u00e1cter sanitario, valorando su adecuaci\u00f3n de acuerdo con el objeto de estudio de la psicolog\u00eda recogido en las \u00e1reas tem\u00e1ticas de la Agencia Estatal de Investigaci\u00f3n:&nbsp;<\/span>\n<ol class=\"wp-block-list\">\n<li><span style=\"font-weight: 400\">\u00c1rea de Psicolog\u00eda B\u00e1sica. M\u00ednimo de 12 cr\u00e9ditos o 120 horas lectivas en caso de no estar organizado el t\u00edtulo en cr\u00e9ditos ECTS con relaci\u00f3n a procesos de aprendizaje, memoria, percepci\u00f3n, atenci\u00f3n, lenguaje, pensamiento, inteligencia, motivaci\u00f3n, emoci\u00f3n o funciones ejecutivas.<\/span><\/li>\n\n\n\n<li><span style=\"font-weight: 400\">\u00c1rea de Psicobiolog\u00eda. M\u00ednimo de 12 cr\u00e9ditos o 120 horas lectivas en caso de no estar organizado el t\u00edtulo en cr\u00e9ditos ECTS con relaci\u00f3n a fundamentos biol\u00f3gicos de la conducta, psicolog\u00eda fisiol\u00f3gica, psicofarmacolog\u00eda, neurociencia cognitiva y afectiva, neuropsicolog\u00eda y etolog\u00eda.&nbsp;<\/span><\/li>\n\n\n\n<li><span style=\"font-weight: 400\">\u00c1rea de Personalidad, Evaluaci\u00f3n y Tratamientos Psicol\u00f3gicos. M\u00ednimo de 30 cr\u00e9ditos o 300 horas lectivas en caso de no estar organizado el t\u00edtulo en cr\u00e9ditos ECTS con relaci\u00f3n a psicolog\u00eda de la personalidad, diferencias individuales, psicolog\u00eda cl\u00ednica y de la salud, psicopatolog\u00eda, trastornos mentales y del comportamiento, estilos de vida y h\u00e1bitos saludables, m\u00e9todos de evaluaci\u00f3n de variables psicol\u00f3gicas y psicodiagn\u00f3stico, m\u00e9todos de intervenci\u00f3n psicoterap\u00e9utica y de prevenci\u00f3n de problemas de funcionamiento psicol\u00f3gico.&nbsp;<\/span><\/li>\n\n\n\n<li><span style=\"font-weight: 400\">\u00c1rea de Psicolog\u00eda Social. M\u00ednimo de 12 cr\u00e9ditos o 120 horas lectivas en caso de no estar organizado el t\u00edtulo en cr\u00e9ditos ECTS con relaci\u00f3n al estudio de la interacci\u00f3n social entre individuos y entre grupos en diversos contextos sociales y la influencia del contexto f\u00edsico y social sobre el comportamiento de personas y grupos, abarcando el estudio de las actitudes, emociones, normas, prejuicios, conflicto, discriminaci\u00f3n e influencia social, comunicaci\u00f3n y persuasi\u00f3n, cultura, violencia, conducta prosocial, intervenci\u00f3n psicosocial, cognici\u00f3n social as\u00ed como el contexto del trabajo, la conducta organizacional y el desarrollo de recursos humanos.<\/span><\/li>\n\n\n\n<li><span style=\"font-weight: 400\">\u00c1rea de Psicolog\u00eda Evolutiva y de la Educaci\u00f3n. M\u00ednimo de 12 cr\u00e9ditos o 120 horas lectivas en caso de no estar organizado el t\u00edtulo en cr\u00e9ditos ECTS con relaci\u00f3n a procesos de cambio comportamental, emocional, social y\/o cognitivo a lo largo del ciclo vital; trastornos del neurodesarrollo, dificultades en el aprendizaje, psicolog\u00eda de la educaci\u00f3n e instrucci\u00f3n, analizando los procesos psicol\u00f3gicos de ense\u00f1anza-aprendizaje en contextos educativos, as\u00ed como las formas de optimizarlos.<\/span><\/li>\n\n\n\n<li><span style=\"font-weight: 400\">\u00c1rea de Metodolog\u00eda de las Ciencias del Comportamiento. M\u00ednimo de 12 cr\u00e9ditos o 120 horas lectivas en caso de no estar organizado el t\u00edtulo en cr\u00e9ditos ECTS con relaci\u00f3n a estad\u00edstica, an\u00e1lisis de datos aplicados a ciencias del comportamiento, psicometr\u00eda y dise\u00f1os de investigaci\u00f3n.&nbsp;<\/span><\/li>\n<\/ol>\n<\/li>\n<\/ol>\n","protected":false},"excerpt":{"rendered":"<p>Solicitud de Reconocimiento de Cr\u00e9ditos Sanitarios para acceso de estudiantes extranjeros Con la Ley Org\u00e1nica del Sistema Universitario, ser\u00e1 v\u00e1lido para el acceso al M\u00e1ster en Psicolog\u00eda General Sanitaria cualquier t\u00edtulo universitario oficial extranjero de Psicolog\u00eda que cumpla con los requisitos establecidos en la Orden CNU\/1309\/2018, de 5 de diciembre. Esta orden incluye que, al&#8230;<\/p>\n","protected":false},"author":9,"featured_media":0,"parent":0,"menu_order":0,"comment_status":"closed","ping_status":"closed","template":"templates\/template-frontpage.php","meta":{"footnotes":""},"class_list":["post-921","page","type-page","status-publish","hentry"],"yoast_head":"<!-- This site is optimized with the Yoast SEO plugin v27.3 - https:\/\/yoast.com\/product\/yoast-seo-wordpress\/ -->\n<title>Acceso y Solicitud de Reconocimiento Cr\u00e9ditos Sanitarios a Estudiantes Extranjeros - Psicolog\u00eda General Sanitaria<\/title>\n<meta name=\"robots\" content=\"index, follow, max-snippet:-1, max-image-preview:large, max-video-preview:-1\" \/>\n<link rel=\"canonical\" href=\"https:\/\/www.ull.es\/masteres\/psicologia-general-sanitaria\/acceso-y-solicitud-de-reconocimiento-creditos-sanitarios-a-estudiantes-extranjeros\/\" \/>\n<meta property=\"og:locale\" content=\"es_ES\" \/>\n<meta property=\"og:type\" content=\"article\" \/>\n<meta property=\"og:title\" content=\"Acceso y Solicitud de Reconocimiento Cr\u00e9ditos Sanitarios a Estudiantes Extranjeros - Psicolog\u00eda General Sanitaria\" \/>\n<meta property=\"og:description\" content=\"Solicitud de Reconocimiento de Cr\u00e9ditos Sanitarios para acceso de estudiantes extranjeros Con la Ley Org\u00e1nica del Sistema Universitario, ser\u00e1 v\u00e1lido para el acceso al M\u00e1ster en Psicolog\u00eda General Sanitaria cualquier t\u00edtulo universitario oficial extranjero de Psicolog\u00eda que cumpla con los requisitos establecidos en la Orden CNU\/1309\/2018, de 5 de diciembre. Esta orden incluye que, al...\" \/>\n<meta property=\"og:url\" content=\"https:\/\/www.ull.es\/masteres\/psicologia-general-sanitaria\/acceso-y-solicitud-de-reconocimiento-creditos-sanitarios-a-estudiantes-extranjeros\/\" \/>\n<meta property=\"og:site_name\" content=\"Psicolog\u00eda General Sanitaria\" \/>\n<meta property=\"article:modified_time\" content=\"2026-04-08T10:59:50+00:00\" \/>\n<meta name=\"twitter:card\" content=\"summary_large_image\" \/>\n<meta name=\"twitter:label1\" content=\"Tiempo de lectura\" \/>\n\t<meta name=\"twitter:data1\" content=\"6 minutos\" \/>\n<script type=\"application\/ld+json\" class=\"yoast-schema-graph\">{\"@context\":\"https:\\\/\\\/schema.org\",\"@graph\":[{\"@type\":\"WebPage\",\"@id\":\"https:\\\/\\\/www.ull.es\\\/masteres\\\/psicologia-general-sanitaria\\\/acceso-y-solicitud-de-reconocimiento-creditos-sanitarios-a-estudiantes-extranjeros\\\/\",\"url\":\"https:\\\/\\\/www.ull.es\\\/masteres\\\/psicologia-general-sanitaria\\\/acceso-y-solicitud-de-reconocimiento-creditos-sanitarios-a-estudiantes-extranjeros\\\/\",\"name\":\"Acceso y Solicitud de Reconocimiento Cr\u00e9ditos Sanitarios a Estudiantes Extranjeros - Psicolog\u00eda General Sanitaria\",\"isPartOf\":{\"@id\":\"https:\\\/\\\/www.ull.es\\\/masteres\\\/psicologia-general-sanitaria\\\/#website\"},\"datePublished\":\"2024-02-22T09:28:15+00:00\",\"dateModified\":\"2026-04-08T10:59:50+00:00\",\"breadcrumb\":{\"@id\":\"https:\\\/\\\/www.ull.es\\\/masteres\\\/psicologia-general-sanitaria\\\/acceso-y-solicitud-de-reconocimiento-creditos-sanitarios-a-estudiantes-extranjeros\\\/#breadcrumb\"},\"inLanguage\":\"es\",\"potentialAction\":[{\"@type\":\"ReadAction\",\"target\":[\"https:\\\/\\\/www.ull.es\\\/masteres\\\/psicologia-general-sanitaria\\\/acceso-y-solicitud-de-reconocimiento-creditos-sanitarios-a-estudiantes-extranjeros\\\/\"]}]},{\"@type\":\"BreadcrumbList\",\"@id\":\"https:\\\/\\\/www.ull.es\\\/masteres\\\/psicologia-general-sanitaria\\\/acceso-y-solicitud-de-reconocimiento-creditos-sanitarios-a-estudiantes-extranjeros\\\/#breadcrumb\",\"itemListElement\":[{\"@type\":\"ListItem\",\"position\":1,\"name\":\"Portada\",\"item\":\"https:\\\/\\\/www.ull.es\\\/masteres\\\/psicologia-general-sanitaria\\\/\"},{\"@type\":\"ListItem\",\"position\":2,\"name\":\"Acceso y Solicitud de Reconocimiento Cr\u00e9ditos Sanitarios a Estudiantes Extranjeros\"}]},{\"@type\":\"WebSite\",\"@id\":\"https:\\\/\\\/www.ull.es\\\/masteres\\\/psicologia-general-sanitaria\\\/#website\",\"url\":\"https:\\\/\\\/www.ull.es\\\/masteres\\\/psicologia-general-sanitaria\\\/\",\"name\":\"Psicolog\u00eda General Sanitaria\",\"description\":\"\",\"potentialAction\":[{\"@type\":\"SearchAction\",\"target\":{\"@type\":\"EntryPoint\",\"urlTemplate\":\"https:\\\/\\\/www.ull.es\\\/masteres\\\/psicologia-general-sanitaria\\\/?s={search_term_string}\"},\"query-input\":{\"@type\":\"PropertyValueSpecification\",\"valueRequired\":true,\"valueName\":\"search_term_string\"}}],\"inLanguage\":\"es\"}]}<\/script>\n<!-- \/ Yoast SEO plugin. -->","yoast_head_json":{"title":"Acceso y Solicitud de Reconocimiento Cr\u00e9ditos Sanitarios a Estudiantes Extranjeros - Psicolog\u00eda General Sanitaria","robots":{"index":"index","follow":"follow","max-snippet":"max-snippet:-1","max-image-preview":"max-image-preview:large","max-video-preview":"max-video-preview:-1"},"canonical":"https:\/\/www.ull.es\/masteres\/psicologia-general-sanitaria\/acceso-y-solicitud-de-reconocimiento-creditos-sanitarios-a-estudiantes-extranjeros\/","og_locale":"es_ES","og_type":"article","og_title":"Acceso y Solicitud de Reconocimiento Cr\u00e9ditos Sanitarios a Estudiantes Extranjeros - Psicolog\u00eda General Sanitaria","og_description":"Solicitud de Reconocimiento de Cr\u00e9ditos Sanitarios para acceso de estudiantes extranjeros Con la Ley Org\u00e1nica del Sistema Universitario, ser\u00e1 v\u00e1lido para el acceso al M\u00e1ster en Psicolog\u00eda General Sanitaria cualquier t\u00edtulo universitario oficial extranjero de Psicolog\u00eda que cumpla con los requisitos establecidos en la Orden CNU\/1309\/2018, de 5 de diciembre. Esta orden incluye que, al...","og_url":"https:\/\/www.ull.es\/masteres\/psicologia-general-sanitaria\/acceso-y-solicitud-de-reconocimiento-creditos-sanitarios-a-estudiantes-extranjeros\/","og_site_name":"Psicolog\u00eda General Sanitaria","article_modified_time":"2026-04-08T10:59:50+00:00","twitter_card":"summary_large_image","twitter_misc":{"Tiempo de lectura":"6 minutos"},"schema":{"@context":"https:\/\/schema.org","@graph":[{"@type":"WebPage","@id":"https:\/\/www.ull.es\/masteres\/psicologia-general-sanitaria\/acceso-y-solicitud-de-reconocimiento-creditos-sanitarios-a-estudiantes-extranjeros\/","url":"https:\/\/www.ull.es\/masteres\/psicologia-general-sanitaria\/acceso-y-solicitud-de-reconocimiento-creditos-sanitarios-a-estudiantes-extranjeros\/","name":"Acceso y Solicitud de Reconocimiento Cr\u00e9ditos Sanitarios a Estudiantes Extranjeros - Psicolog\u00eda General Sanitaria","isPartOf":{"@id":"https:\/\/www.ull.es\/masteres\/psicologia-general-sanitaria\/#website"},"datePublished":"2024-02-22T09:28:15+00:00","dateModified":"2026-04-08T10:59:50+00:00","breadcrumb":{"@id":"https:\/\/www.ull.es\/masteres\/psicologia-general-sanitaria\/acceso-y-solicitud-de-reconocimiento-creditos-sanitarios-a-estudiantes-extranjeros\/#breadcrumb"},"inLanguage":"es","potentialAction":[{"@type":"ReadAction","target":["https:\/\/www.ull.es\/masteres\/psicologia-general-sanitaria\/acceso-y-solicitud-de-reconocimiento-creditos-sanitarios-a-estudiantes-extranjeros\/"]}]},{"@type":"BreadcrumbList","@id":"https:\/\/www.ull.es\/masteres\/psicologia-general-sanitaria\/acceso-y-solicitud-de-reconocimiento-creditos-sanitarios-a-estudiantes-extranjeros\/#breadcrumb","itemListElement":[{"@type":"ListItem","position":1,"name":"Portada","item":"https:\/\/www.ull.es\/masteres\/psicologia-general-sanitaria\/"},{"@type":"ListItem","position":2,"name":"Acceso y Solicitud de Reconocimiento Cr\u00e9ditos Sanitarios a Estudiantes Extranjeros"}]},{"@type":"WebSite","@id":"https:\/\/www.ull.es\/masteres\/psicologia-general-sanitaria\/#website","url":"https:\/\/www.ull.es\/masteres\/psicologia-general-sanitaria\/","name":"Psicolog\u00eda General Sanitaria","description":"","potentialAction":[{"@type":"SearchAction","target":{"@type":"EntryPoint","urlTemplate":"https:\/\/www.ull.es\/masteres\/psicologia-general-sanitaria\/?s={search_term_string}"},"query-input":{"@type":"PropertyValueSpecification","valueRequired":true,"valueName":"search_term_string"}}],"inLanguage":"es"}]}},"_links":{"self":[{"href":"https:\/\/www.ull.es\/masteres\/psicologia-general-sanitaria\/wp-json\/wp\/v2\/pages\/921","targetHints":{"allow":["GET"]}}],"collection":[{"href":"https:\/\/www.ull.es\/masteres\/psicologia-general-sanitaria\/wp-json\/wp\/v2\/pages"}],"about":[{"href":"https:\/\/www.ull.es\/masteres\/psicologia-general-sanitaria\/wp-json\/wp\/v2\/types\/page"}],"author":[{"embeddable":true,"href":"https:\/\/www.ull.es\/masteres\/psicologia-general-sanitaria\/wp-json\/wp\/v2\/users\/9"}],"replies":[{"embeddable":true,"href":"https:\/\/www.ull.es\/masteres\/psicologia-general-sanitaria\/wp-json\/wp\/v2\/comments?post=921"}],"version-history":[{"count":11,"href":"https:\/\/www.ull.es\/masteres\/psicologia-general-sanitaria\/wp-json\/wp\/v2\/pages\/921\/revisions"}],"predecessor-version":[{"id":1088,"href":"https:\/\/www.ull.es\/masteres\/psicologia-general-sanitaria\/wp-json\/wp\/v2\/pages\/921\/revisions\/1088"}],"wp:attachment":[{"href":"https:\/\/www.ull.es\/masteres\/psicologia-general-sanitaria\/wp-json\/wp\/v2\/media?parent=921"}],"curies":[{"name":"wp","href":"https:\/\/api.w.org\/{rel}","templated":true}]}}