{"id":24,"date":"2017-06-28T12:52:52","date_gmt":"2017-06-28T12:52:52","guid":{"rendered":"http:\/\/www.ull.es\/masteres\/desarrollo-y-gestion-de-recursos-humanos\/?page_id=24"},"modified":"2025-07-23T07:37:05","modified_gmt":"2025-07-23T07:37:05","slug":"estructura-del-plan-de-estudios","status":"publish","type":"page","link":"https:\/\/www.ull.es\/masteres\/quimica\/en\/plan-de-estudios\/estructura-del-plan-de-estudios\/","title":{"rendered":"Curriculum structure"},"content":{"rendered":"\n<div class=\"wp-block-stackable-columns alignfull stk-block-columns stk-block stk-2314a6b\" data-block-id=\"2314a6b\"><style>.stk-2314a6b {padding-bottom:0px !important;margin-top:-100px !important;margin-bottom:0px !important;}<\/style><div class=\"stk-row stk-inner-blocks stk-block-content stk-content-align stk-2314a6b-column alignfull\">\n<div class=\"wp-block-stackable-column stk-block-column stk-column stk-block stk-1d1764d\" data-v=\"4\" data-block-id=\"1d1764d\"><div class=\"stk-column-wrapper stk-block-column__content stk-container stk-1d1764d-container stk--no-background stk--no-padding\"><div class=\"stk-block-content stk-inner-blocks stk-1d1764d-inner-blocks\"><style id=\"depicter-1-inline-pre-css\">\n\n.depicter-1:not(.depicter-ready){\n\theight:450px;\n}\n\n\/***** Tablet *****\/\n@media screen and (max-width: 1024px){\n\n.depicter-1:not(.depicter-ready){\n\theight:700px;\n}\n\n}\n\/***** Mobile *****\/\n@media screen and (max-width: 767px){\n\n.depicter-1:not(.depicter-ready){\n\theight:360px;\n}\n\n}\n<\/style>\n<div id=\"depicter-1\" class=\"depicter depicter-document depicter-revert depicter-1 depicter-layout-fullwidth\">\n\n<div class=\"depicter-loading-container depicter-loading dotFlashing-dark\"><div class=\"depicter-loading-dark depicter-dot-flashing\">\n   <span><\/span>\n   <span><\/span>\n   <span><\/span>\n<\/div>\n<\/div>\n<div id=\"depicter-1-section-1\" class=\"depicter-section depicter-1-section-1\" data-name=\"Section 1\" data-type=\"section\" data-local-id=\"section-1\">\n<picture class=\"depicter-bg\">\n<source data-depicter-srcset=\"https:\/\/www.ull.es\/masteres\/quimica\/wp-content\/uploads\/sites\/31\/2025\/06\/Headers-Masteres_Quimica-768x248.jpg, https:\/\/www.ull.es\/masteres\/quimica\/wp-content\/uploads\/sites\/31\/2025\/06\/Headers-Masteres_Quimica.jpg 2x\" srcset=\"data:image\/gif;base64,R0lGODlhAQABAIAAAAAAAP\/\/\/yH5BAEAAAAALAAAAAABAAEAAAIBRAA7\" media=\"(max-width: 1024px)\" \/>\n\n<source data-depicter-srcset=\"https:\/\/www.ull.es\/masteres\/quimica\/wp-content\/uploads\/sites\/31\/2025\/06\/Headers-Masteres_Quimica.jpg, https:\/\/www.ull.es\/masteres\/quimica\/wp-content\/uploads\/sites\/31\/2025\/06\/Headers-Masteres_Quimica-1280x413.jpg 2x\" srcset=\"data:image\/gif;base64,R0lGODlhAQABAIAAAAAAAP\/\/\/yH5BAEAAAAALAAAAAABAAEAAAIBRAA7\" media=\"(min-width: 1025px)\" \/>\n<img decoding=\"async\" src=\"data:image\/gif;base64,R0lGODlhAQABAIAAAAAAAP\/\/\/yH5BAEAAAAALAAAAAABAAEAAAIBRAA7\" data-ken-burns=\"false\" data-tablet-ken-burns=\"false\" data-mobile-ken-burns=\"false\" alt=\"\" data-depicter-src=\"https:\/\/www.ull.es\/masteres\/quimica\/wp-content\/uploads\/sites\/31\/2025\/06\/Headers-Masteres_Quimica.jpg\" data-object-fit=\"custom,custom,\" data-object-position=\"center top,,\" data-crop=\"{'focalPoint':{'x':0.5,'y':0.5},'mediaSize':{'width':1394.6731234866829254315234720706939697265625,'height':450}}\" data-tablet-crop=\"{'focalPoint':{'x':0.5,'y':0.5},'mediaSize':{'width':2169.4915254237284898408688604831695556640625,'height':700}}\" data-mobile-crop=\"{'focalPoint':{'x':0.5,'y':0.5},'mediaSize':{'width':1394.6731234866829254315234720706939697265625,'height':450}}\" \/>\n<\/picture>\n\n\n<h1 id=\"depicter-1-element-5\" class=\"depicter-element depicter-layer depicter-1-element-5\" data-type=\"text\" data-wrap=\"true\" data-name=\"Text 2\" data-local-id=\"element-5\" data-offset=\"x:0px;y:183px;origin:tl\" data-tablet-offset=\"x:196px;y:278px;origin:tl\" data-mobile-offset=\"x:-20px;y:132px;origin:tl\" data-width=\"1200px,633px,399px\" data-height=\"auto,auto,auto\" data-responsive-scale=\"true,,\">M\u00e1ster Universitario en Qu\u00edmica<br><\/h1>\n\n<div id=\"depicter-1-element-10\" class=\"depicter-element depicter-layer depicter-1-element-10\" data-type=\"shape\" data-wrap=\"true\" data-name=\"Shape 1\" data-local-id=\"element-10\" data-offset=\"x:0px;y:273px;origin:tl\" data-tablet-offset=\"x:189px;y:455px;origin:tl\" data-mobile-offset=\"x:-20px;y:245px;origin:tl\" data-width=\"1124px,647px,408px\" data-height=\"8px,8px,8px\" data-responsive-scale=\"true,,\"><\/div>\n<\/div>\n<\/div>\n<script>\n(window.depicterSetups = window.depicterSetups || []).push(function(){\n\tDepicter.basePath = 'https:\/\/www.ull.es\/masteres\/quimica\/wp-content\/plugins\/depicter\/resources\/scripts\/player\/';\n\tconst dpPlayer = Depicter.setup('.depicter-1',\n\t\t{\"width\":[\"1200\",\"1024\",\"360\"],\"height\":[\"450\",\"700\",\"360\"],\"view\":\"basic\",\"keepAspectRatio\":true,\"preload\":0,\"layout\":\"fullwidth\",\"rtl\":false,\"initAfterAppear\":false,\"ajaxApiUrl\":\"https:\\\/\\\/www.ull.es\\\/masteres\\\/quimica\\\/wp-admin\\\/admin-ajax.php\",\"mouseSwipe\":true,\"touchSwipe\":true,\"useWatermark\":false}\n\t);\n});\n<\/script><\/div><\/div><\/div>\n<\/div><\/div>\n\n\n\n<div class=\"wp-block-stackable-columns alignfull stk-block-columns stk--hide-mobile stk-block stk-6394276 stk-block-background\" data-block-id=\"6394276\"><style>.stk-6394276 {background-color:#fa6199 !important;padding-top:50px !important;padding-right:0px !important;padding-bottom:1px !important;padding-left:0px !important;margin-top:-40px !important;margin-bottom:0px !important;}.stk-6394276:before{background-color:#fa6199 !important;}<\/style><div class=\"stk-row stk-inner-blocks stk-block-content stk-content-align stk-6394276-column alignfull\">\n<div class=\"wp-block-stackable-column stk-block-column stk-column stk-block stk-8a66885\" data-v=\"4\" data-block-id=\"8a66885\"><div class=\"stk-column-wrapper stk-block-column__content stk-container stk-8a66885-container stk--no-background stk--no-padding\"><div class=\"stk-block-content stk-inner-blocks stk-8a66885-inner-blocks\">\n<div class=\"wp-block-stackable-spacer stk-block-spacer stk--no-padding stk-block stk-bc89b3e\" data-block-id=\"bc89b3e\"><style>.stk-bc89b3e {height:0px !important;}<\/style><\/div>\n<\/div><\/div><\/div>\n<\/div><\/div>\n\n\n\n<div class=\"wp-block-stackable-columns stk-block-columns stk-block stk-8b59b96\" data-block-id=\"8b59b96\"><style>.stk-8b59b96 .stk--block-align-8b59b96{align-items:flex-start !important;}.stk-8b59b96 {margin-top:50px !important;}.stk-8b59b96-column{--stk-columns-spacing:0px !important;--stk-column-gap:50px !important;}@media screen and (max-width: 767px){.stk-8b59b96-column{row-gap:var(--stk--preset--spacing--60, 2.25rem) !important;}}<\/style><div class=\"stk-row stk-inner-blocks stk--block-align-8b59b96 stk-block-content stk-content-align stk-8b59b96-column\">\n<div class=\"wp-block-stackable-column stk-block-column stk-column stk-block stk-dbb7e15\" data-v=\"4\" data-block-id=\"dbb7e15\"><style>@media screen and (min-width: 768px){.stk-dbb7e15 {flex:var(--stk-flex-grow, 1) 1 66.7% !important;}}<\/style><div class=\"stk-column-wrapper stk-block-column__content stk-container stk-dbb7e15-container stk--no-background stk--no-padding\"><div class=\"stk-block-content stk-inner-blocks stk-dbb7e15-inner-blocks\">\n<div class=\"wp-block-stackable-heading stk-block-heading stk-block-heading--v2 stk-block stk-cc0239e\" id=\"complementos-de-formacion\" data-block-id=\"cc0239e\"><style>.stk-cc0239e .stk-block-heading__text{color:#fa6199 !important;font-weight:500 !important;}<\/style><h1 class=\"stk-block-heading__text has-text-color\">Estructura del plan de estudios<\/h1><\/div>\n\n\n\n<div class=\"wp-block-stackable-text stk-block-text stk-block stk-6bf6b27\" data-block-id=\"6bf6b27\"><p class=\"stk-block-text__text\">La planificaci\u00f3n de las ense\u00f1anzas supone la vertebraci\u00f3n de contenidos, sistemas y metodolog\u00edas que hacen posible la adquisici\u00f3n de los conocimientos, capacidades, habilidades y destrezas b\u00e1sicas necesarias para que los estudiantes puedan desarrollar su actividad en cualquiera de las l\u00edneas especificadas en el perfil profesional definido para la titulaci\u00f3n.<\/p><\/div>\n\n\n\n<p>El plan de estudios estructurado en m\u00f3dulos\/materias y asignaturas est\u00e1 elaborado en base al marco normativo para la ordenaci\u00f3n y verificaci\u00f3n de las ense\u00f1anzas universitarias oficiales -el Real Decreto 1393\/2007, modificado por Real Decreto 861\/2010, Anexo I, apartado 5.1. Estructura de las ense\u00f1anzas- y las directrices desarrolladas por la Universidad de La Laguna.<\/p>\n\n\n\n<div class=\"wp-block-stackable-heading stk-block-heading stk-block-heading--v2 stk-block stk-80d276d\" id=\"complementos-de-formacion\" data-block-id=\"80d276d\"><style>.stk-80d276d .stk-block-heading__text{color:#fa6199 !important;font-weight:500 !important;}<\/style><h1 class=\"stk-block-heading__text has-text-color\">Estructura<\/h1><\/div>\n\n\n\nSi desea consultar el hist\u00f3rico de las gu\u00edas docentes, selecci\u00f3nelo accediendo al <a href=\"https:\/\/www.ull.es\/apps\/guias\/guias\/view_degree\/589\/\" target=\"_blank\" rel=\"noopener noreferrer\" target=\"_blank\" rel=\"noopener\">Portal e-gu\u00eda ULL<\/a> (una vez seleccionada la asignatura, haga clic en curso acad\u00e9mico para visualizar cursos anteriores).\n\n1.Distribuci\u00f3n general del plan de estudios en cr\u00e9ditos ECTS por tipo de materia:\n<ul>\n \t<li>Obligatorias:\u00a0 30<\/li>\n \t<li>Optativas: 18<\/li>\n \t<li>Trabajo fin de m\u00e1ster: 12<\/li>\n \t<li>\u00a0Cr\u00e9ditos totales: 60<\/li>\n<\/ul>\n2. Contenido del plan de estudios: M\u00f3dulo Materia\/Asignatura Car\u00e1cter ECTS\n<table width=\"652\">\n<tbody>\n<tr>\n<td width=\"130\"><strong>M\u00f3dulo<\/strong><\/td>\n<td width=\"314\"><strong>Asignatura<\/strong><\/td>\n<td width=\"80\"><strong>Cr\u00e9ditos ECTS<\/strong><\/td>\n<td width=\"76\"><strong>Car\u00e1cter<\/strong><\/td>\n<td width=\"52\"><strong>Cuatr.<\/strong><\/td>\n<\/tr>\n<tr>\n<td rowspan=\"10\" width=\"130\"><strong>\u00a0<\/strong>\n\n<strong>\u00a0<\/strong>\n\n<strong>\u00a0<\/strong>\n\n<strong>\u00a0<\/strong>\n\n<strong>\u00a0<\/strong>\n\n<strong>General<\/strong><\/td>\n<td width=\"314\">Sistemas de Gesti\u00f3n de Calidad en los Laboratorios<\/td>\n<td width=\"80\">3<\/td>\n<td width=\"76\">OB<\/td>\n<td width=\"52\">1<\/td>\n<\/tr>\n<tr>\n<td width=\"314\">Dise\u00f1o de Experimentos y An\u00e1lisis de Datos<\/td>\n<td width=\"80\">3<\/td>\n<td width=\"76\">OB<\/td>\n<td width=\"52\">1<\/td>\n<\/tr>\n<tr>\n<td width=\"314\">Superficies: Estructuras y T\u00e9cnicas para su Caracterizaci\u00f3n<\/td>\n<td width=\"80\">3<\/td>\n<td width=\"76\">OB<\/td>\n<td width=\"52\">1<\/td>\n<\/tr>\n<tr>\n<td width=\"314\">M\u00e9todos Electroqu\u00edmicos<\/td>\n<td width=\"80\">3<\/td>\n<td width=\"76\">OB<\/td>\n<td width=\"52\">1<\/td>\n<\/tr>\n<tr>\n<td width=\"314\">Laboratorio de Caracterizaci\u00f3n de S\u00f3lidos<\/td>\n<td width=\"80\">3<\/td>\n<td width=\"76\">OB<\/td>\n<td width=\"52\">1<\/td>\n<\/tr>\n<tr>\n<td width=\"314\">Materiales Inorg\u00e1nicos Avanzados<\/td>\n<td width=\"80\">3<\/td>\n<td width=\"76\">OB<\/td>\n<td width=\"52\">1<\/td>\n<\/tr>\n<tr>\n<td width=\"314\">Determinaci\u00f3n Estructural<\/td>\n<td width=\"80\">3<\/td>\n<td width=\"76\">OB<\/td>\n<td width=\"52\">1<\/td>\n<\/tr>\n<tr>\n<td width=\"314\">Qu\u00edmica de los Procesos Biol\u00f3gicos<\/td>\n<td width=\"80\">3<\/td>\n<td width=\"76\">OB<\/td>\n<td width=\"52\">1<\/td>\n<\/tr>\n<tr>\n<td width=\"314\">Planificaci\u00f3n, Evaluaci\u00f3n y Gesti\u00f3n de Proyectos<\/td>\n<td width=\"80\">3<\/td>\n<td width=\"76\">OB<\/td>\n<td width=\"52\">1<\/td>\n<\/tr>\n<tr>\n<td width=\"314\">Pr\u00e1cticas en Instrumentaci\u00f3n Especializada<\/td>\n<td width=\"80\">3<\/td>\n<td width=\"76\">OB<\/td>\n<td width=\"52\">1<\/td>\n<\/tr>\n<tr>\n<td colspan=\"4\" width=\"600\"><\/td>\n<td width=\"52\"><\/td>\n<\/tr>\n<tr>\n<td rowspan=\"9\" width=\"130\"><strong>\u00a0<\/strong>\n\n<strong>\u00a0<\/strong>\n\n<strong>Qu\u00edmica Medioambiental, Agroalimentaria y Materiales<\/strong><\/td>\n<td width=\"314\">Microextracci\u00f3n y Nuevos Materiales. Aplicaciones Anal\u00edticas<\/td>\n<td width=\"80\">3<\/td>\n<td width=\"76\">OP<\/td>\n<td width=\"52\">2<\/td>\n<\/tr>\n<tr>\n<td width=\"314\">Cromatograf\u00eda y T\u00e9cnicas Afines<\/td>\n<td width=\"80\">3<\/td>\n<td width=\"76\">OP<\/td>\n<td width=\"52\">2<\/td>\n<\/tr>\n<tr>\n<td width=\"314\">Aplicaciones del An\u00e1lisis Multivariante en Qu\u00edmica Anal\u00edtica, Agroalimentaria y Medioambiental<\/td>\n<td width=\"80\">3<\/td>\n<td width=\"76\">OP<\/td>\n<td width=\"52\">2<\/td>\n<\/tr>\n<tr>\n<td width=\"314\">Materiales y Medioambiente<\/td>\n<td width=\"80\">3<\/td>\n<td width=\"76\">OP<\/td>\n<td width=\"52\">2<\/td>\n<\/tr>\n<tr>\n<td width=\"314\">Qu\u00edmica Computacional<\/td>\n<td width=\"80\">3<\/td>\n<td width=\"76\">OP<\/td>\n<td width=\"52\">2<\/td>\n<\/tr>\n<tr>\n<td width=\"314\">Laboratorio Avanzado en Electroqu\u00edmica<\/td>\n<td width=\"80\">3<\/td>\n<td width=\"76\">OP<\/td>\n<td width=\"52\">2<\/td>\n<\/tr>\n<tr>\n<td width=\"314\">Aplicaciones de los Compuestos de Coordinaci\u00f3n<\/td>\n<td width=\"80\">3<\/td>\n<td width=\"76\">OP<\/td>\n<td width=\"52\">2<\/td>\n<\/tr>\n<tr>\n<td width=\"314\">Laboratorio Avanzado en Qu\u00edmica Inorg\u00e1nica<\/td>\n<td width=\"80\">3<\/td>\n<td width=\"76\">OP<\/td>\n<td width=\"52\">2<\/td>\n<\/tr>\n<tr>\n<td width=\"314\">Aplicaciones de los Materiales Micro y Nano Estructurados<\/td>\n<td width=\"80\">3<\/td>\n<td width=\"76\">OP<\/td>\n<td width=\"52\">2<\/td>\n<\/tr>\n<tr>\n<td colspan=\"4\" width=\"600\"><\/td>\n<td width=\"52\"><\/td>\n<\/tr>\n<tr>\n<td rowspan=\"5\" width=\"130\"><strong>\u00a0<\/strong>\n\n<strong>\u00a0<\/strong>\n\n<strong>Qu\u00edmica Org\u00e1nica <\/strong><\/td>\n<td width=\"314\">Qu\u00edmica Org\u00e1nica Computacional<\/td>\n<td width=\"80\">3<\/td>\n<td width=\"76\">OP<\/td>\n<td width=\"52\">2<\/td>\n<\/tr>\n<tr>\n<td width=\"314\">Avances en Qu\u00edmica Bio-Org\u00e1nica<\/td>\n<td width=\"80\">3<\/td>\n<td width=\"76\">OP<\/td>\n<td width=\"52\">2<\/td>\n<\/tr>\n<tr>\n<td width=\"314\">Aplicaciones Sint\u00e9ticas de los Compuestos Organomet\u00e1licos<\/td>\n<td width=\"80\">3<\/td>\n<td width=\"76\">OP<\/td>\n<td width=\"52\">2<\/td>\n<\/tr>\n<tr>\n<td width=\"314\">Estrategias en S\u00edntesis Org\u00e1nica<\/td>\n<td width=\"80\">6<\/td>\n<td width=\"76\">OP<\/td>\n<td width=\"52\">2<\/td>\n<\/tr>\n<tr>\n<td width=\"314\">Qu\u00edmica Supramolecular y Nanociencia<\/td>\n<td width=\"80\">3<\/td>\n<td width=\"76\">OP<\/td>\n<td width=\"52\">2<\/td>\n<\/tr>\n<tr>\n<td colspan=\"4\" width=\"600\"><\/td>\n<td width=\"52\"><\/td>\n<\/tr>\n<tr>\n<td width=\"130\"><strong>Trabajo Fin de M\u00e1ster<\/strong><\/td>\n<td width=\"314\">Trabajo Fin de M\u00e1ster<\/td>\n<td width=\"80\">12<\/td>\n<td width=\"76\">TFM<\/td>\n<td width=\"52\">2<\/td>\n<\/tr>\n<\/tbody>\n<\/table>\n<\/div><\/div><\/div>\n\n\n\n<div class=\"wp-block-stackable-column stk-block-column stk-column stk-block stk-53ec762\" data-v=\"4\" data-block-id=\"53ec762\"><style>.stk-53ec762-inner-blocks{row-gap:0px !important;}.stk-53ec762 {padding-top:0px !important;padding-right:0px !important;padding-bottom:0px !important;padding-left:0px !important;}@media screen and (min-width: 768px){.stk-53ec762 {flex:var(--stk-flex-grow, 1) 1 33.3% !important;}}<\/style><div class=\"stk-column-wrapper stk-block-column__content stk-container stk-53ec762-container stk--no-background stk--no-padding\"><div class=\"stk-block-content stk-inner-blocks stk-53ec762-inner-blocks\">\n\n<ul class=\"widget-box\">\n<li class='contacto-header'>Informaci\u00f3n de contacto<\/li><li><i class=\"fa fa-map-marker\"><\/i> Avda. Astrof\u00edsico Francisco S\u00e1nchez, SN. Edificio Calabaza \u2013 AN.2D Apdo. 456 38200 San Crist\u00f3bal de La Laguna<\/li><li><i class=\"fa fa-envelope\"><\/i>  <a href=mailto:master.quimica@ull.es>master.quimica@ull.es<\/a><\/li><li><i class=\"fa fa-archive\"><\/i><a href=\"https:\/\/sede.ull.es\/ecivilis-site\/catalog\/showProcedure\/484\"> Procedimiento para quejas, sugerencias y felicitaciones<\/a><\/li>\n<\/ul>\n\n\n<\/div><\/div><\/div>\n<\/div><\/div>\n","protected":false},"excerpt":{"rendered":"<p>Curriculum Structure Curriculum planning involves the structuring of content, systems, and methodologies that enable students to acquire the basic knowledge, skills, abilities, and skills necessary for them to pursue their careers in any of the areas specified in the professional profile defined for their degree. The\u2026<\/p>","protected":false},"author":1,"featured_media":0,"parent":270,"menu_order":0,"comment_status":"closed","ping_status":"closed","template":"templates\/template-frontpage.php","meta":{"footnotes":""},"class_list":["post-24","page","type-page","status-publish","hentry"],"yoast_head":"<!-- This site is optimized with the Yoast SEO plugin v27.3 - https:\/\/yoast.com\/product\/yoast-seo-wordpress\/ -->\n<title>Estructura del plan de estudios - M\u00e1ster Universitario en Qu\u00edmica<\/title>\n<meta name=\"robots\" content=\"index, follow, max-snippet:-1, max-image-preview:large, max-video-preview:-1\" \/>\n<link rel=\"canonical\" href=\"https:\/\/www.ull.es\/masteres\/quimica\/en\/plan-de-estudios\/estructura-del-plan-de-estudios\/\" \/>\n<meta property=\"og:locale\" content=\"en_GB\" \/>\n<meta property=\"og:type\" content=\"article\" \/>\n<meta property=\"og:title\" content=\"Estructura del plan de estudios - M\u00e1ster Universitario en Qu\u00edmica\" \/>\n<meta property=\"og:description\" content=\"Estructura del plan de estudios La planificaci\u00f3n de las ense\u00f1anzas supone la vertebraci\u00f3n de contenidos, sistemas y metodolog\u00edas que hacen posible la adquisici\u00f3n de los conocimientos, capacidades, habilidades y destrezas b\u00e1sicas necesarias para que los estudiantes puedan desarrollar su actividad en cualquiera de las l\u00edneas especificadas en el perfil profesional definido para la titulaci\u00f3n. El...\" \/>\n<meta property=\"og:url\" content=\"https:\/\/www.ull.es\/masteres\/quimica\/en\/plan-de-estudios\/estructura-del-plan-de-estudios\/\" \/>\n<meta property=\"og:site_name\" content=\"M\u00e1ster Universitario en Qu\u00edmica\" \/>\n<meta property=\"article:modified_time\" content=\"2025-07-23T07:37:05+00:00\" \/>\n<meta name=\"twitter:card\" content=\"summary_large_image\" \/>\n<meta name=\"twitter:label1\" content=\"Estimated reading time\" \/>\n\t<meta name=\"twitter:data1\" content=\"2 minutes\" \/>\n<script type=\"application\/ld+json\" class=\"yoast-schema-graph\">{\"@context\":\"https:\\\/\\\/schema.org\",\"@graph\":[{\"@type\":\"WebPage\",\"@id\":\"https:\\\/\\\/www.ull.es\\\/masteres\\\/quimica\\\/plan-de-estudios\\\/estructura-del-plan-de-estudios\\\/\",\"url\":\"https:\\\/\\\/www.ull.es\\\/masteres\\\/quimica\\\/plan-de-estudios\\\/estructura-del-plan-de-estudios\\\/\",\"name\":\"Estructura del plan de estudios - M\u00e1ster Universitario en Qu\u00edmica\",\"isPartOf\":{\"@id\":\"https:\\\/\\\/www.ull.es\\\/masteres\\\/quimica\\\/en\\\/#website\"},\"datePublished\":\"2017-06-28T12:52:52+00:00\",\"dateModified\":\"2025-07-23T07:37:05+00:00\",\"breadcrumb\":{\"@id\":\"https:\\\/\\\/www.ull.es\\\/masteres\\\/quimica\\\/plan-de-estudios\\\/estructura-del-plan-de-estudios\\\/#breadcrumb\"},\"inLanguage\":\"en-GB\",\"potentialAction\":[{\"@type\":\"ReadAction\",\"target\":[\"https:\\\/\\\/www.ull.es\\\/masteres\\\/quimica\\\/plan-de-estudios\\\/estructura-del-plan-de-estudios\\\/\"]}]},{\"@type\":\"BreadcrumbList\",\"@id\":\"https:\\\/\\\/www.ull.es\\\/masteres\\\/quimica\\\/plan-de-estudios\\\/estructura-del-plan-de-estudios\\\/#breadcrumb\",\"itemListElement\":[{\"@type\":\"ListItem\",\"position\":1,\"name\":\"Portada\",\"item\":\"https:\\\/\\\/www.ull.es\\\/masteres\\\/quimica\\\/en\\\/\"},{\"@type\":\"ListItem\",\"position\":2,\"name\":\"Plan de estudios\",\"item\":\"https:\\\/\\\/www.ull.es\\\/masteres\\\/quimica\\\/plan-de-estudios\\\/\"},{\"@type\":\"ListItem\",\"position\":3,\"name\":\"Estructura del plan de estudios\"}]},{\"@type\":\"WebSite\",\"@id\":\"https:\\\/\\\/www.ull.es\\\/masteres\\\/quimica\\\/en\\\/#website\",\"url\":\"https:\\\/\\\/www.ull.es\\\/masteres\\\/quimica\\\/en\\\/\",\"name\":\"M\u00e1ster Universitario en Qu\u00edmica\",\"description\":\"\",\"potentialAction\":[{\"@type\":\"SearchAction\",\"target\":{\"@type\":\"EntryPoint\",\"urlTemplate\":\"https:\\\/\\\/www.ull.es\\\/masteres\\\/quimica\\\/en\\\/?s={search_term_string}\"},\"query-input\":{\"@type\":\"PropertyValueSpecification\",\"valueRequired\":true,\"valueName\":\"search_term_string\"}}],\"inLanguage\":\"en-GB\"}]}<\/script>\n<!-- \/ Yoast SEO plugin. -->","yoast_head_json":{"title":"Curriculum Structure - Master&#039;s Degree in Chemistry","robots":{"index":"index","follow":"follow","max-snippet":"max-snippet:-1","max-image-preview":"max-image-preview:large","max-video-preview":"max-video-preview:-1"},"canonical":"https:\/\/www.ull.es\/masteres\/quimica\/en\/plan-de-estudios\/estructura-del-plan-de-estudios\/","og_locale":"en_GB","og_type":"article","og_title":"Estructura del plan de estudios - M\u00e1ster Universitario en Qu\u00edmica","og_description":"Estructura del plan de estudios La planificaci\u00f3n de las ense\u00f1anzas supone la vertebraci\u00f3n de contenidos, sistemas y metodolog\u00edas que hacen posible la adquisici\u00f3n de los conocimientos, capacidades, habilidades y destrezas b\u00e1sicas necesarias para que los estudiantes puedan desarrollar su actividad en cualquiera de las l\u00edneas especificadas en el perfil profesional definido para la titulaci\u00f3n. El...","og_url":"https:\/\/www.ull.es\/masteres\/quimica\/en\/plan-de-estudios\/estructura-del-plan-de-estudios\/","og_site_name":"M\u00e1ster Universitario en Qu\u00edmica","article_modified_time":"2025-07-23T07:37:05+00:00","twitter_card":"summary_large_image","twitter_misc":{"Estimated reading time":"2 minutes"},"schema":{"@context":"https:\/\/schema.org","@graph":[{"@type":"WebPage","@id":"https:\/\/www.ull.es\/masteres\/quimica\/plan-de-estudios\/estructura-del-plan-de-estudios\/","url":"https:\/\/www.ull.es\/masteres\/quimica\/plan-de-estudios\/estructura-del-plan-de-estudios\/","name":"Curriculum Structure - Master&#039;s Degree in Chemistry","isPartOf":{"@id":"https:\/\/www.ull.es\/masteres\/quimica\/en\/#website"},"datePublished":"2017-06-28T12:52:52+00:00","dateModified":"2025-07-23T07:37:05+00:00","breadcrumb":{"@id":"https:\/\/www.ull.es\/masteres\/quimica\/plan-de-estudios\/estructura-del-plan-de-estudios\/#breadcrumb"},"inLanguage":"en-GB","potentialAction":[{"@type":"ReadAction","target":["https:\/\/www.ull.es\/masteres\/quimica\/plan-de-estudios\/estructura-del-plan-de-estudios\/"]}]},{"@type":"BreadcrumbList","@id":"https:\/\/www.ull.es\/masteres\/quimica\/plan-de-estudios\/estructura-del-plan-de-estudios\/#breadcrumb","itemListElement":[{"@type":"ListItem","position":1,"name":"Portada","item":"https:\/\/www.ull.es\/masteres\/quimica\/en\/"},{"@type":"ListItem","position":2,"name":"Plan de estudios","item":"https:\/\/www.ull.es\/masteres\/quimica\/plan-de-estudios\/"},{"@type":"ListItem","position":3,"name":"Estructura del plan de estudios"}]},{"@type":"WebSite","@id":"https:\/\/www.ull.es\/masteres\/quimica\/en\/#website","url":"https:\/\/www.ull.es\/masteres\/quimica\/en\/","name":"Master&#039;s Degree in Chemistry","description":"","potentialAction":[{"@type":"SearchAction","target":{"@type":"EntryPoint","urlTemplate":"https:\/\/www.ull.es\/masteres\/quimica\/en\/?s={search_term_string}"},"query-input":{"@type":"PropertyValueSpecification","valueRequired":true,"valueName":"search_term_string"}}],"inLanguage":"en-GB"}]}},"_links":{"self":[{"href":"https:\/\/www.ull.es\/masteres\/quimica\/en\/wp-json\/wp\/v2\/pages\/24","targetHints":{"allow":["GET"]}}],"collection":[{"href":"https:\/\/www.ull.es\/masteres\/quimica\/en\/wp-json\/wp\/v2\/pages"}],"about":[{"href":"https:\/\/www.ull.es\/masteres\/quimica\/en\/wp-json\/wp\/v2\/types\/page"}],"author":[{"embeddable":true,"href":"https:\/\/www.ull.es\/masteres\/quimica\/en\/wp-json\/wp\/v2\/users\/1"}],"replies":[{"embeddable":true,"href":"https:\/\/www.ull.es\/masteres\/quimica\/en\/wp-json\/wp\/v2\/comments?post=24"}],"version-history":[{"count":18,"href":"https:\/\/www.ull.es\/masteres\/quimica\/en\/wp-json\/wp\/v2\/pages\/24\/revisions"}],"predecessor-version":[{"id":1028,"href":"https:\/\/www.ull.es\/masteres\/quimica\/en\/wp-json\/wp\/v2\/pages\/24\/revisions\/1028"}],"up":[{"embeddable":true,"href":"https:\/\/www.ull.es\/masteres\/quimica\/en\/wp-json\/wp\/v2\/pages\/270"}],"wp:attachment":[{"href":"https:\/\/www.ull.es\/masteres\/quimica\/en\/wp-json\/wp\/v2\/media?parent=24"}],"curies":[{"name":"wp","href":"https:\/\/api.w.org\/{rel}","templated":true}]}}