{"id":28,"date":"2017-06-28T12:58:21","date_gmt":"2017-06-28T12:58:21","guid":{"rendered":"http:\/\/www.ull.es\/masteres\/desarrollo-y-gestion-de-recursos-humanos\/?page_id=28"},"modified":"2018-09-26T09:45:38","modified_gmt":"2018-09-26T09:45:38","slug":"justificacion-del-titulo","status":"publish","type":"page","link":"https:\/\/www.ull.es\/masteres\/quimica\/fr\/justificacion-del-titulo\/","title":{"rendered":"Justification du titre"},"content":{"rendered":"<p>[vc_row][vc_column][vc_column_text]<\/p>\n<h1>Justificaci\u00f3n del t\u00edtulo<\/h1>\n<p>El objetivo principal del M\u00e1ster, que tienen una clara orientaci\u00f3n investigadora, es proporcionar una formaci\u00f3n que capacite al graduado, a trav\u00e9s de una ense\u00f1anza marcadamente pr\u00e1ctica y aplicada, para su iniciaci\u00f3n en la investigaci\u00f3n y, as\u00ed mismo, facilite su inserci\u00f3n en un entorno profesional.<\/p>\n<p>El M\u00e1ster pretende proporcionar a aquellos alumnos que vayan a realizar la tesis doctoral, las competencias que necesita un profesional de la investigaci\u00f3n, ya que posee materias dirigidas hacia los aspectos m\u00e1s novedosos y concretos de la qu\u00edmica interdisciplinar actual. En este sentido, uno de los objetivos generales ser\u00e1 la adquisici\u00f3n o actualizaci\u00f3n de conocimientos avanzados en diversos aspectos de la qu\u00edmica en su vertiente multidisciplinar, as\u00ed como la iniciaci\u00f3n a la investigaci\u00f3n.<\/p>\n<p>La existencia de estos centros oficiales de investigaci\u00f3n, as\u00ed como un n\u00famero creciente de grandes empresas con departamentos de investigaci\u00f3n, aconseja ofrecer este tipo de formaci\u00f3n, que adem\u00e1s de un conocimiento profundo de las distintas ramas de la Qu\u00edmica suministra las habilidades necesarias para llevar a cabo investigaciones y estudios detallados en cualquiera de los distintos campos de aplicaci\u00f3n.<\/p>\n<p>Se pretende formar profesionales que re\u00fanan las cualidades de esp\u00edritu cient\u00edfico cr\u00edtico, habilidad pr\u00e1ctica en el laboratorio, capacidad de comunicaci\u00f3n y de trabajo en equipo que capaciten en el desenvolvimiento del alumno en su \u00e1mbito de trabajo de forma aut\u00f3noma. El M\u00e1ster ha sido dise\u00f1ado dentro del entorno socioecon\u00f3mico pr\u00f3ximo, en el que los titulados encontrar\u00e1n su inserci\u00f3n laboral.<\/p>\n<p>Por otro lado, el M\u00e1ster tambi\u00e9n se ha pensado tambi\u00e9n en la actualizaci\u00f3n de conocimientos y en la formaci\u00f3n a lo largo de toda la vida de los profesionales qu\u00edmicos de los diversos sectores en diferentes campos (calidad, corrosi\u00f3n, nuevos materiales, \u2026).<\/p>\n<p>El M\u00e1ster que ahora se propone pretende, por un lado, complementar la formaci\u00f3n de los futuros qu\u00edmicos que han cursado los estudio de Grado actualmente implantado, de menor duraci\u00f3n que los anteriores de Licenciatura y por otro, iniciarles en la actividad investigadora y proporcionarles conocimiento, habilidades y destrezas relacionados con la Qu\u00edmica y vinculados con las nuevas exigencias y demandas de un mercado globalizado. El alumno, una vez finalizado el M\u00e1ster, poseer\u00e1 un bagaje de conocimientos y una experiencia, que le facilitar\u00e1 su entrada en el campo de la investigaci\u00f3n o su inserci\u00f3n en el mundo laboral.[\/vc_column_text][\/vc_column][\/vc_row]<\/p>\n","protected":false},"excerpt":{"rendered":"<p>[vc_row][vc_column][vc_column_text] Justificaci\u00f3n del t\u00edtulo El objetivo principal del M\u00e1ster, que tienen una clara orientaci\u00f3n investigadora, es proporcionar una formaci\u00f3n que capacite al graduado, a trav\u00e9s de una ense\u00f1anza marcadamente pr\u00e1ctica y aplicada, para su iniciaci\u00f3n en la investigaci\u00f3n y, as\u00ed mismo, facilite su inserci\u00f3n en un entorno profesional. El M\u00e1ster pretende proporcionar a aquellos alumnos&#8230;<\/p>\n","protected":false},"author":1,"featured_media":0,"parent":0,"menu_order":0,"comment_status":"closed","ping_status":"closed","template":"","meta":{"footnotes":""},"class_list":["post-28","page","type-page","status-publish","hentry"],"yoast_head":"<!-- This site is optimized with the Yoast SEO plugin v27.3 - https:\/\/yoast.com\/product\/yoast-seo-wordpress\/ -->\n<title>Justificaci\u00f3n del t\u00edtulo - M\u00e1ster Universitario en Qu\u00edmica<\/title>\n<meta name=\"robots\" content=\"index, follow, max-snippet:-1, max-image-preview:large, max-video-preview:-1\" \/>\n<link rel=\"canonical\" href=\"https:\/\/www.ull.es\/masteres\/quimica\/fr\/justificacion-del-titulo\/\" \/>\n<meta property=\"og:locale\" content=\"fr_FR\" \/>\n<meta property=\"og:type\" content=\"article\" \/>\n<meta property=\"og:title\" content=\"Justificaci\u00f3n del t\u00edtulo - M\u00e1ster Universitario en Qu\u00edmica\" \/>\n<meta property=\"og:description\" content=\"[vc_row][vc_column][vc_column_text] Justificaci\u00f3n del t\u00edtulo El objetivo principal del M\u00e1ster, que tienen una clara orientaci\u00f3n investigadora, es proporcionar una formaci\u00f3n que capacite al graduado, a trav\u00e9s de una ense\u00f1anza marcadamente pr\u00e1ctica y aplicada, para su iniciaci\u00f3n en la investigaci\u00f3n y, as\u00ed mismo, facilite su inserci\u00f3n en un entorno profesional. El M\u00e1ster pretende proporcionar a aquellos alumnos...\" \/>\n<meta property=\"og:url\" content=\"https:\/\/www.ull.es\/masteres\/quimica\/fr\/justificacion-del-titulo\/\" \/>\n<meta property=\"og:site_name\" content=\"M\u00e1ster Universitario en Qu\u00edmica\" \/>\n<meta property=\"article:modified_time\" content=\"2018-09-26T09:45:38+00:00\" \/>\n<meta name=\"twitter:card\" content=\"summary_large_image\" \/>\n<meta name=\"twitter:label1\" content=\"Dur\u00e9e de lecture estim\u00e9e\" \/>\n\t<meta name=\"twitter:data1\" content=\"2 minutes\" \/>\n<script type=\"application\/ld+json\" class=\"yoast-schema-graph\">{\"@context\":\"https:\\\/\\\/schema.org\",\"@graph\":[{\"@type\":\"WebPage\",\"@id\":\"https:\\\/\\\/www.ull.es\\\/masteres\\\/quimica\\\/justificacion-del-titulo\\\/\",\"url\":\"https:\\\/\\\/www.ull.es\\\/masteres\\\/quimica\\\/justificacion-del-titulo\\\/\",\"name\":\"Justificaci\u00f3n del t\u00edtulo - M\u00e1ster Universitario en Qu\u00edmica\",\"isPartOf\":{\"@id\":\"https:\\\/\\\/www.ull.es\\\/masteres\\\/quimica\\\/en\\\/#website\"},\"datePublished\":\"2017-06-28T12:58:21+00:00\",\"dateModified\":\"2018-09-26T09:45:38+00:00\",\"breadcrumb\":{\"@id\":\"https:\\\/\\\/www.ull.es\\\/masteres\\\/quimica\\\/justificacion-del-titulo\\\/#breadcrumb\"},\"inLanguage\":\"fr-FR\",\"potentialAction\":[{\"@type\":\"ReadAction\",\"target\":[\"https:\\\/\\\/www.ull.es\\\/masteres\\\/quimica\\\/justificacion-del-titulo\\\/\"]}]},{\"@type\":\"BreadcrumbList\",\"@id\":\"https:\\\/\\\/www.ull.es\\\/masteres\\\/quimica\\\/justificacion-del-titulo\\\/#breadcrumb\",\"itemListElement\":[{\"@type\":\"ListItem\",\"position\":1,\"name\":\"Portada\",\"item\":\"https:\\\/\\\/www.ull.es\\\/masteres\\\/quimica\\\/en\\\/\"},{\"@type\":\"ListItem\",\"position\":2,\"name\":\"Justificaci\u00f3n del t\u00edtulo\"}]},{\"@type\":\"WebSite\",\"@id\":\"https:\\\/\\\/www.ull.es\\\/masteres\\\/quimica\\\/en\\\/#website\",\"url\":\"https:\\\/\\\/www.ull.es\\\/masteres\\\/quimica\\\/en\\\/\",\"name\":\"M\u00e1ster Universitario en Qu\u00edmica\",\"description\":\"\",\"potentialAction\":[{\"@type\":\"SearchAction\",\"target\":{\"@type\":\"EntryPoint\",\"urlTemplate\":\"https:\\\/\\\/www.ull.es\\\/masteres\\\/quimica\\\/en\\\/?s={search_term_string}\"},\"query-input\":{\"@type\":\"PropertyValueSpecification\",\"valueRequired\":true,\"valueName\":\"search_term_string\"}}],\"inLanguage\":\"fr-FR\"}]}<\/script>\n<!-- \/ Yoast SEO plugin. -->","yoast_head_json":{"title":"Justification du titre - Master en chimie","robots":{"index":"index","follow":"follow","max-snippet":"max-snippet:-1","max-image-preview":"max-image-preview:large","max-video-preview":"max-video-preview:-1"},"canonical":"https:\/\/www.ull.es\/masteres\/quimica\/fr\/justificacion-del-titulo\/","og_locale":"fr_FR","og_type":"article","og_title":"Justificaci\u00f3n del t\u00edtulo - M\u00e1ster Universitario en Qu\u00edmica","og_description":"[vc_row][vc_column][vc_column_text] Justificaci\u00f3n del t\u00edtulo El objetivo principal del M\u00e1ster, que tienen una clara orientaci\u00f3n investigadora, es proporcionar una formaci\u00f3n que capacite al graduado, a trav\u00e9s de una ense\u00f1anza marcadamente pr\u00e1ctica y aplicada, para su iniciaci\u00f3n en la investigaci\u00f3n y, as\u00ed mismo, facilite su inserci\u00f3n en un entorno profesional. El M\u00e1ster pretende proporcionar a aquellos alumnos...","og_url":"https:\/\/www.ull.es\/masteres\/quimica\/fr\/justificacion-del-titulo\/","og_site_name":"M\u00e1ster Universitario en Qu\u00edmica","article_modified_time":"2018-09-26T09:45:38+00:00","twitter_card":"summary_large_image","twitter_misc":{"Dur\u00e9e de lecture estim\u00e9e":"2 minutes"},"schema":{"@context":"https:\/\/schema.org","@graph":[{"@type":"WebPage","@id":"https:\/\/www.ull.es\/masteres\/quimica\/justificacion-del-titulo\/","url":"https:\/\/www.ull.es\/masteres\/quimica\/justificacion-del-titulo\/","name":"Justification du titre - Master en chimie","isPartOf":{"@id":"https:\/\/www.ull.es\/masteres\/quimica\/en\/#website"},"datePublished":"2017-06-28T12:58:21+00:00","dateModified":"2018-09-26T09:45:38+00:00","breadcrumb":{"@id":"https:\/\/www.ull.es\/masteres\/quimica\/justificacion-del-titulo\/#breadcrumb"},"inLanguage":"fr-FR","potentialAction":[{"@type":"ReadAction","target":["https:\/\/www.ull.es\/masteres\/quimica\/justificacion-del-titulo\/"]}]},{"@type":"BreadcrumbList","@id":"https:\/\/www.ull.es\/masteres\/quimica\/justificacion-del-titulo\/#breadcrumb","itemListElement":[{"@type":"ListItem","position":1,"name":"Portada","item":"https:\/\/www.ull.es\/masteres\/quimica\/en\/"},{"@type":"ListItem","position":2,"name":"Justificaci\u00f3n del t\u00edtulo"}]},{"@type":"WebSite","@id":"https:\/\/www.ull.es\/masteres\/quimica\/en\/#website","url":"https:\/\/www.ull.es\/masteres\/quimica\/en\/","name":"Master en Chimie","description":"","potentialAction":[{"@type":"SearchAction","target":{"@type":"EntryPoint","urlTemplate":"https:\/\/www.ull.es\/masteres\/quimica\/en\/?s={search_term_string}"},"query-input":{"@type":"PropertyValueSpecification","valueRequired":true,"valueName":"search_term_string"}}],"inLanguage":"fr-FR"}]}},"_links":{"self":[{"href":"https:\/\/www.ull.es\/masteres\/quimica\/fr\/wp-json\/wp\/v2\/pages\/28","targetHints":{"allow":["GET"]}}],"collection":[{"href":"https:\/\/www.ull.es\/masteres\/quimica\/fr\/wp-json\/wp\/v2\/pages"}],"about":[{"href":"https:\/\/www.ull.es\/masteres\/quimica\/fr\/wp-json\/wp\/v2\/types\/page"}],"author":[{"embeddable":true,"href":"https:\/\/www.ull.es\/masteres\/quimica\/fr\/wp-json\/wp\/v2\/users\/1"}],"replies":[{"embeddable":true,"href":"https:\/\/www.ull.es\/masteres\/quimica\/fr\/wp-json\/wp\/v2\/comments?post=28"}],"version-history":[{"count":8,"href":"https:\/\/www.ull.es\/masteres\/quimica\/fr\/wp-json\/wp\/v2\/pages\/28\/revisions"}],"predecessor-version":[{"id":715,"href":"https:\/\/www.ull.es\/masteres\/quimica\/fr\/wp-json\/wp\/v2\/pages\/28\/revisions\/715"}],"wp:attachment":[{"href":"https:\/\/www.ull.es\/masteres\/quimica\/fr\/wp-json\/wp\/v2\/media?parent=28"}],"curies":[{"name":"wp","href":"https:\/\/api.w.org\/{rel}","templated":true}]}}