{"id":28,"date":"2017-06-28T12:58:21","date_gmt":"2017-06-28T12:58:21","guid":{"rendered":"http:\/\/www.ull.es\/masteres\/desarrollo-y-gestion-de-recursos-humanos\/?page_id=28"},"modified":"2018-02-26T11:24:33","modified_gmt":"2018-02-26T11:24:33","slug":"justificacion-del-titulo","status":"publish","type":"page","link":"https:\/\/www.ull.es\/masteres\/seguridad-calidad-alimentos\/en\/justificacion-del-titulo\/","title":{"rendered":"Justification of the title"},"content":{"rendered":"<p>[vc_row][vc_column][vc_column_text]<\/p>\n<h1>Justificaci\u00f3n del t\u00edtulo<\/h1>\n<div id=\"divBody\">\n<div id=\"divContent\">\n<p>La calidad y la seguridad alimentaria garantizan que los alimentos lleguen a los\u00a0consumidores en las condiciones adecuadas para su consumo, La legislaci\u00f3n nacional y\u00a0supranacional y su desarrollo normativo han derivado en un nivel de exigencia a las\u00a0administraciones y empresas que obligan al sector de la alimentaci\u00f3n a contar, cada vez m\u00e1s,\u00a0con expertos en estas materias que permitan asegurar el cumplimiento de la normativa en\u00a0estos campos y, consecuentemente, evitar los riesgos que para la salud p\u00fablica podr\u00eda suponer\u00a0el incumplimiento de los requisitos de calidad y seguridad exigidos a la industria alimentaria.<\/p>\n<p>Las Universidades forman a los profesionales que tradicionalmente se ocupan de estas\u00a0materias como farmac\u00e9uticos, veterinarios, m\u00e9dicos, qu\u00edmicos, bi\u00f3logos, tecn\u00f3logos de los\u00a0alimentos (CTA) que se incorporaron a este campo de ejercicio profesional, pero que todas\u00a0carecen de ciertas competencias que solo un master especializado en la calidad y seguridad de\u00a0los alimentos puede aportarles.<\/p>\n<p>Este Programa, de car\u00e1cter interdepartamental, integra a profesorado cuya actividad docente\u00a0e investigadora est\u00e1 relacionada con distintos campos de la seguridad y calidad de los\u00a0alimentos. Tambi\u00e9n cuenta con la colaboraci\u00f3n de profesionales de la administraci\u00f3n\u00a0sanitaria de la Comunidad Aut\u00f3noma de Canarias, as\u00ed como de representantes del sector empresarial con responsabilidades en materia de inspecci\u00f3n y control de la calidad de los alimentos. Los convenios de colaboraci\u00f3n con diferentes instituciones p\u00fablicas y empresas del sector alimentario permitir\u00e1n al alumno conocer in situ los procedimientos, normas y t\u00e9cnicas que se estudian en el programa formativo y que complementar\u00e1n su formaci\u00f3n para cumplir los objetivos que permitir\u00e1n a los alumnos conseguir su Titulaci\u00f3n cuyo Suplemento Europeo se expedir\u00e1 de acuerdo a la normativa establecida al efecto por la Universidad de La Laguna.<\/p>\n<\/div>\n<\/div>\n<p>[\/vc_column_text][\/vc_column][\/vc_row]<\/p>\n","protected":false},"excerpt":{"rendered":"<p>[vc_row][vc_column][vc_column_text] Justificaci\u00f3n del t\u00edtulo La calidad y la seguridad alimentaria garantizan que los alimentos lleguen a los\u00a0consumidores en las condiciones adecuadas para su consumo, La legislaci\u00f3n nacional y\u00a0supranacional y su desarrollo normativo han derivado en un nivel de exigencia a las\u00a0administraciones y empresas que obligan al sector de la alimentaci\u00f3n a contar, cada vez m\u00e1s,\u00a0con&#8230;<\/p>\n","protected":false},"author":1,"featured_media":0,"parent":0,"menu_order":0,"comment_status":"closed","ping_status":"closed","template":"","meta":{"footnotes":""},"class_list":["post-28","page","type-page","status-publish","hentry"],"yoast_head":"<!-- This site is optimized with the Yoast SEO plugin v27.2 - https:\/\/yoast.com\/product\/yoast-seo-wordpress\/ -->\n<title>Justificaci\u00f3n del t\u00edtulo - M\u00e1ster Universitario en Seguridad y Calidad de los Alimentos<\/title>\n<meta name=\"robots\" content=\"index, follow, max-snippet:-1, max-image-preview:large, max-video-preview:-1\" \/>\n<link rel=\"canonical\" href=\"https:\/\/www.ull.es\/masteres\/seguridad-calidad-alimentos\/en\/justificacion-del-titulo\/\" \/>\n<meta property=\"og:locale\" content=\"en_GB\" \/>\n<meta property=\"og:type\" content=\"article\" \/>\n<meta property=\"og:title\" content=\"Justificaci\u00f3n del t\u00edtulo - M\u00e1ster Universitario en Seguridad y Calidad de los Alimentos\" \/>\n<meta property=\"og:description\" content=\"[vc_row][vc_column][vc_column_text] Justificaci\u00f3n del t\u00edtulo La calidad y la seguridad alimentaria garantizan que los alimentos lleguen a los\u00a0consumidores en las condiciones adecuadas para su consumo, La legislaci\u00f3n nacional y\u00a0supranacional y su desarrollo normativo han derivado en un nivel de exigencia a las\u00a0administraciones y empresas que obligan al sector de la alimentaci\u00f3n a contar, cada vez m\u00e1s,\u00a0con...\" \/>\n<meta property=\"og:url\" content=\"https:\/\/www.ull.es\/masteres\/seguridad-calidad-alimentos\/en\/justificacion-del-titulo\/\" \/>\n<meta property=\"og:site_name\" content=\"M\u00e1ster Universitario en Seguridad y Calidad de los Alimentos\" \/>\n<meta property=\"article:modified_time\" content=\"2018-02-26T11:24:33+00:00\" \/>\n<meta name=\"twitter:card\" content=\"summary_large_image\" \/>\n<meta name=\"twitter:label1\" content=\"Estimated reading time\" \/>\n\t<meta name=\"twitter:data1\" content=\"2 minutes\" \/>\n<script type=\"application\/ld+json\" class=\"yoast-schema-graph\">{\"@context\":\"https:\/\/schema.org\",\"@graph\":[{\"@type\":\"WebPage\",\"@id\":\"https:\/\/www.ull.es\/masteres\/seguridad-calidad-alimentos\/justificacion-del-titulo\/\",\"url\":\"https:\/\/www.ull.es\/masteres\/seguridad-calidad-alimentos\/justificacion-del-titulo\/\",\"name\":\"Justificaci\u00f3n del t\u00edtulo - M\u00e1ster Universitario en Seguridad y Calidad de los Alimentos\",\"isPartOf\":{\"@id\":\"https:\/\/www.ull.es\/masteres\/seguridad-calidad-alimentos\/fr\/#website\"},\"datePublished\":\"2017-06-28T12:58:21+00:00\",\"dateModified\":\"2018-02-26T11:24:33+00:00\",\"breadcrumb\":{\"@id\":\"https:\/\/www.ull.es\/masteres\/seguridad-calidad-alimentos\/justificacion-del-titulo\/#breadcrumb\"},\"inLanguage\":\"en-GB\",\"potentialAction\":[{\"@type\":\"ReadAction\",\"target\":[\"https:\/\/www.ull.es\/masteres\/seguridad-calidad-alimentos\/justificacion-del-titulo\/\"]}]},{\"@type\":\"BreadcrumbList\",\"@id\":\"https:\/\/www.ull.es\/masteres\/seguridad-calidad-alimentos\/justificacion-del-titulo\/#breadcrumb\",\"itemListElement\":[{\"@type\":\"ListItem\",\"position\":1,\"name\":\"Portada\",\"item\":\"https:\/\/www.ull.es\/masteres\/seguridad-calidad-alimentos\/fr\/\"},{\"@type\":\"ListItem\",\"position\":2,\"name\":\"Justificaci\u00f3n del t\u00edtulo\"}]},{\"@type\":\"WebSite\",\"@id\":\"https:\/\/www.ull.es\/masteres\/seguridad-calidad-alimentos\/fr\/#website\",\"url\":\"https:\/\/www.ull.es\/masteres\/seguridad-calidad-alimentos\/fr\/\",\"name\":\"M\u00e1ster Universitario en Seguridad y Calidad de los Alimentos\",\"description\":\"\",\"potentialAction\":[{\"@type\":\"SearchAction\",\"target\":{\"@type\":\"EntryPoint\",\"urlTemplate\":\"https:\/\/www.ull.es\/masteres\/seguridad-calidad-alimentos\/fr\/?s={search_term_string}\"},\"query-input\":{\"@type\":\"PropertyValueSpecification\",\"valueRequired\":true,\"valueName\":\"search_term_string\"}}],\"inLanguage\":\"en-GB\"}]}<\/script>\n<!-- \/ Yoast SEO plugin. -->","yoast_head_json":{"title":"Title Justification - Master&#039;s Degree in Food Safety and Quality","robots":{"index":"index","follow":"follow","max-snippet":"max-snippet:-1","max-image-preview":"max-image-preview:large","max-video-preview":"max-video-preview:-1"},"canonical":"https:\/\/www.ull.es\/masteres\/seguridad-calidad-alimentos\/en\/justificacion-del-titulo\/","og_locale":"en_GB","og_type":"article","og_title":"Justificaci\u00f3n del t\u00edtulo - M\u00e1ster Universitario en Seguridad y Calidad de los Alimentos","og_description":"[vc_row][vc_column][vc_column_text] Justificaci\u00f3n del t\u00edtulo La calidad y la seguridad alimentaria garantizan que los alimentos lleguen a los\u00a0consumidores en las condiciones adecuadas para su consumo, La legislaci\u00f3n nacional y\u00a0supranacional y su desarrollo normativo han derivado en un nivel de exigencia a las\u00a0administraciones y empresas que obligan al sector de la alimentaci\u00f3n a contar, cada vez m\u00e1s,\u00a0con...","og_url":"https:\/\/www.ull.es\/masteres\/seguridad-calidad-alimentos\/en\/justificacion-del-titulo\/","og_site_name":"M\u00e1ster Universitario en Seguridad y Calidad de los Alimentos","article_modified_time":"2018-02-26T11:24:33+00:00","twitter_card":"summary_large_image","twitter_misc":{"Estimated reading time":"2 minutes"},"schema":{"@context":"https:\/\/schema.org","@graph":[{"@type":"WebPage","@id":"https:\/\/www.ull.es\/masteres\/seguridad-calidad-alimentos\/justificacion-del-titulo\/","url":"https:\/\/www.ull.es\/masteres\/seguridad-calidad-alimentos\/justificacion-del-titulo\/","name":"Title Justification - Master&#039;s Degree in Food Safety and Quality","isPartOf":{"@id":"https:\/\/www.ull.es\/masteres\/seguridad-calidad-alimentos\/fr\/#website"},"datePublished":"2017-06-28T12:58:21+00:00","dateModified":"2018-02-26T11:24:33+00:00","breadcrumb":{"@id":"https:\/\/www.ull.es\/masteres\/seguridad-calidad-alimentos\/justificacion-del-titulo\/#breadcrumb"},"inLanguage":"en-GB","potentialAction":[{"@type":"ReadAction","target":["https:\/\/www.ull.es\/masteres\/seguridad-calidad-alimentos\/justificacion-del-titulo\/"]}]},{"@type":"BreadcrumbList","@id":"https:\/\/www.ull.es\/masteres\/seguridad-calidad-alimentos\/justificacion-del-titulo\/#breadcrumb","itemListElement":[{"@type":"ListItem","position":1,"name":"Portada","item":"https:\/\/www.ull.es\/masteres\/seguridad-calidad-alimentos\/fr\/"},{"@type":"ListItem","position":2,"name":"Justificaci\u00f3n del t\u00edtulo"}]},{"@type":"WebSite","@id":"https:\/\/www.ull.es\/masteres\/seguridad-calidad-alimentos\/fr\/#website","url":"https:\/\/www.ull.es\/masteres\/seguridad-calidad-alimentos\/fr\/","name":"Master&#039;s Degree in Food Safety and Quality","description":"","potentialAction":[{"@type":"SearchAction","target":{"@type":"EntryPoint","urlTemplate":"https:\/\/www.ull.es\/masteres\/seguridad-calidad-alimentos\/fr\/?s={search_term_string}"},"query-input":{"@type":"PropertyValueSpecification","valueRequired":true,"valueName":"search_term_string"}}],"inLanguage":"en-GB"}]}},"_links":{"self":[{"href":"https:\/\/www.ull.es\/masteres\/seguridad-calidad-alimentos\/en\/wp-json\/wp\/v2\/pages\/28","targetHints":{"allow":["GET"]}}],"collection":[{"href":"https:\/\/www.ull.es\/masteres\/seguridad-calidad-alimentos\/en\/wp-json\/wp\/v2\/pages"}],"about":[{"href":"https:\/\/www.ull.es\/masteres\/seguridad-calidad-alimentos\/en\/wp-json\/wp\/v2\/types\/page"}],"author":[{"embeddable":true,"href":"https:\/\/www.ull.es\/masteres\/seguridad-calidad-alimentos\/en\/wp-json\/wp\/v2\/users\/1"}],"replies":[{"embeddable":true,"href":"https:\/\/www.ull.es\/masteres\/seguridad-calidad-alimentos\/en\/wp-json\/wp\/v2\/comments?post=28"}],"version-history":[{"count":10,"href":"https:\/\/www.ull.es\/masteres\/seguridad-calidad-alimentos\/en\/wp-json\/wp\/v2\/pages\/28\/revisions"}],"predecessor-version":[{"id":658,"href":"https:\/\/www.ull.es\/masteres\/seguridad-calidad-alimentos\/en\/wp-json\/wp\/v2\/pages\/28\/revisions\/658"}],"wp:attachment":[{"href":"https:\/\/www.ull.es\/masteres\/seguridad-calidad-alimentos\/en\/wp-json\/wp\/v2\/media?parent=28"}],"curies":[{"name":"wp","href":"https:\/\/api.w.org\/{rel}","templated":true}]}}