{"id":28,"date":"2017-06-28T12:58:21","date_gmt":"2017-06-28T12:58:21","guid":{"rendered":"http:\/\/www.ull.es\/masteres\/desarrollo-y-gestion-de-recursos-humanos\/?page_id=28"},"modified":"2018-02-14T10:29:03","modified_gmt":"2018-02-14T10:29:03","slug":"justificacion-del-titulo","status":"publish","type":"page","link":"https:\/\/www.ull.es\/masteres\/teoria-historia-arte-gestion-cultural\/en\/justificacion-del-titulo\/","title":{"rendered":"Justification of the title"},"content":{"rendered":"<p>[vc_row][vc_column][vc_column_text]<\/p>\n<h1>Justificaci\u00f3n del t\u00edtulo<\/h1>\n<p>El M\u00e1ster Universitario se propone con la finalidad de proporcionar una formaci\u00f3n de car\u00e1cter profesionalizante y de investigaci\u00f3n en Teor\u00eda e Historia del Arte y Gesti\u00f3n Cultural a titulados y licenciados en artes y humanidades orientados a la gesti\u00f3n cultural.<\/p>\n<p>Este M\u00e1ster Universitario es una adaptaci\u00f3n de los estudios contenidos en el Programa de doctorado Escenarios abiertos: lo multicultural en el arte y en la m\u00fasica, cuya \u00faltima edici\u00f3n se produjo en el curso acad\u00e9mico 2008-2009, y se ofert\u00f3 como T\u00edtulo Propio con la denominaci\u00f3n de M\u00e1ster en Estudios Avanzados de Teor\u00eda e Historia del arte y de la m\u00fasica, y Gesti\u00f3n Cultural el curso acad\u00e9mico 2009-2010.<\/p>\n<p>\u2022 El t\u00edtulo tiene una orientaci\u00f3n acad\u00e9mica como complemento de formaci\u00f3n de la titulaci\u00f3n de Grado y de la actual Licenciatura a extinguir mediante la adquisici\u00f3n de competencias profesionales complementarias de los contenidos generales del grado en cuestiones relacionadas con las \u00e1reas de trabajo de las artes en \u00e1mbitos vinculados con arquitectura, urbanismo, artes figurativas, m\u00fasica, historia del cine y las artes audiovisuales, la museolog\u00eda y la gesti\u00f3n del patrimonio.<\/p>\n<p>\u2022 La titulaci\u00f3n consta de un itinerario te\u00f3rico orientado a las actividades de investigaci\u00f3n en teor\u00eda e historia del arte y otro itinerario conducente a la especializaci\u00f3n en gesti\u00f3n cultural. Mediante la creaci\u00f3n de ambos itinerarios se garantizan dos itinerarios, uno en una vertiente profesionalizante y otro que permite la posterior incorporaci\u00f3n a actividades investigadoras.<\/p>\n<p>\u2022 El inter\u00e9s profesionalizante se orienta a una formaci\u00f3n especializada en teor\u00eda e historia de las artes que responde a la creciente demanda en mediaci\u00f3n cultural en las artes desde la perspectiva de las relaciones con los p\u00fablicos, el mercado del arte, la cultura como espect\u00e1culo vivo y la realizaci\u00f3n de exposiciones, en el \u00e1mbito local, regional, nacional e internacional. Desde esta perspectiva del t\u00edtulo se orienta a formar t\u00e9cnicos de proyectos culturales con dominio de los recursos multimedia, la mediaci\u00f3n cultural, la gesti\u00f3n de proyectos y con conocimientos en teor\u00eda e historia del arte.<\/p>\n<p>\u2022 El inter\u00e9s cient\u00edfico se basa en las diferentes \u00e1reas de trabajo propias de las l\u00edneas de investigaci\u00f3n b\u00e1sica y aplicada de las artes y su interpretaci\u00f3n contempor\u00e1nea propias de la disciplina en la actualidad. Es el marco formativo que garantiza la continuidad necesaria de la investigaci\u00f3n en historia de las artes del grupo de investigaci\u00f3n del programa de doctorado de Historia del arte del distrito, con un historial anterior a la creaci\u00f3n de la titulaci\u00f3n de la Licenciatura en Historia del Arte.<\/p>\n<p>\u2022 Ambas vertientes propuestas se justifican por la demanda social y profesional en la disciplina de la Historia del arte, que se ha visto incrementada en Espa\u00f1a y en el \u00e1mbito de la Comunidad Aut\u00f3noma de Canarias a ra\u00edz del desarrollo del marco competencial articulado por la Constituci\u00f3n, la Ley del Patrimonio Hist\u00f3rico Espa\u00f1ol y el proceso de transferencias a las Comunidades Aut\u00f3nomas. La demanda de profesionales de la disciplina de Historia del arte ha sido creciente con relaci\u00f3n a las labores de investigaci\u00f3n, divulgaci\u00f3n cient\u00edfica y difusi\u00f3n del patrimonio hist\u00f3rico y cultural.<\/p>\n<p>\u2022 Ambas orientaciones en la justificaci\u00f3n del t\u00edtulo desde una perspectiva profesional e investigadora est\u00e1n garantizadas por los contenidos te\u00f3rico-pr\u00e1cticos docentes programados, y especialmente, por el Plan de pr\u00e1cticas externas y el Trabajo Fin de M\u00e1ster asociado a \u00e9stas, cuyas evidencias se incluyen mediante los documentos cuya tramitaci\u00f3n se ha completado con los principales centros p\u00fablicos y algunos privados de la Comunidad Aut\u00f3noma de Canarias. A destacar los escritos de apoyo de Tea-Tenerife Espacio de las artes dependiente del Cabildo Insular de Tenerife, el Caam-Centro Atl\u00e1ntico de Arte Moderno dependiente del Cabildo Insular de Gran Canaria y el Centro de Arte La Regenta de Las Palmas de Gran Canaria, dependiente de la Viceconsejer\u00eda de Cultura y Deportes del Gobierno de Canarias, el apoyo institucional del Viceconsejero de Cultura del Gobierno de Canarias, o el manifestado por Artemisa Ediciones.[\/vc_column_text][\/vc_column][\/vc_row]<\/p>\n","protected":false},"excerpt":{"rendered":"<p>[vc_row][vc_column][vc_column_text] Justificaci\u00f3n del t\u00edtulo El M\u00e1ster Universitario se propone con la finalidad de proporcionar una formaci\u00f3n de car\u00e1cter profesionalizante y de investigaci\u00f3n en Teor\u00eda e Historia del Arte y Gesti\u00f3n Cultural a titulados y licenciados en artes y humanidades orientados a la gesti\u00f3n cultural. Este M\u00e1ster Universitario es una adaptaci\u00f3n de los estudios contenidos en&#8230;<\/p>\n","protected":false},"author":1,"featured_media":0,"parent":0,"menu_order":0,"comment_status":"closed","ping_status":"closed","template":"","meta":{"footnotes":""},"class_list":["post-28","page","type-page","status-publish","hentry"],"yoast_head":"<!-- This site is optimized with the Yoast SEO plugin v27.4 - https:\/\/yoast.com\/product\/yoast-seo-wordpress\/ -->\n<title>Justificaci\u00f3n del t\u00edtulo - M\u00e1ster Universitario en Teor\u00eda e Historia del Arte y Gesti\u00f3n Cultural<\/title>\n<meta name=\"robots\" content=\"index, follow, max-snippet:-1, max-image-preview:large, max-video-preview:-1\" \/>\n<link rel=\"canonical\" href=\"https:\/\/www.ull.es\/masteres\/teoria-historia-arte-gestion-cultural\/en\/justificacion-del-titulo\/\" \/>\n<meta property=\"og:locale\" content=\"en_GB\" \/>\n<meta property=\"og:type\" content=\"article\" \/>\n<meta property=\"og:title\" content=\"Justificaci\u00f3n del t\u00edtulo - M\u00e1ster Universitario en Teor\u00eda e Historia del Arte y Gesti\u00f3n Cultural\" \/>\n<meta property=\"og:description\" content=\"[vc_row][vc_column][vc_column_text] Justificaci\u00f3n del t\u00edtulo El M\u00e1ster Universitario se propone con la finalidad de proporcionar una formaci\u00f3n de car\u00e1cter profesionalizante y de investigaci\u00f3n en Teor\u00eda e Historia del Arte y Gesti\u00f3n Cultural a titulados y licenciados en artes y humanidades orientados a la gesti\u00f3n cultural. Este M\u00e1ster Universitario es una adaptaci\u00f3n de los estudios contenidos en...\" \/>\n<meta property=\"og:url\" content=\"https:\/\/www.ull.es\/masteres\/teoria-historia-arte-gestion-cultural\/en\/justificacion-del-titulo\/\" \/>\n<meta property=\"og:site_name\" content=\"M\u00e1ster Universitario en Teor\u00eda e Historia del Arte y Gesti\u00f3n Cultural\" \/>\n<meta property=\"article:modified_time\" content=\"2018-02-14T10:29:03+00:00\" \/>\n<meta name=\"twitter:card\" content=\"summary_large_image\" \/>\n<meta name=\"twitter:label1\" content=\"Estimated reading time\" \/>\n\t<meta name=\"twitter:data1\" content=\"4 minutes\" \/>\n<script type=\"application\/ld+json\" class=\"yoast-schema-graph\">{\"@context\":\"https:\\\/\\\/schema.org\",\"@graph\":[{\"@type\":\"WebPage\",\"@id\":\"https:\\\/\\\/www.ull.es\\\/masteres\\\/teoria-historia-arte-gestion-cultural\\\/justificacion-del-titulo\\\/\",\"url\":\"https:\\\/\\\/www.ull.es\\\/masteres\\\/teoria-historia-arte-gestion-cultural\\\/justificacion-del-titulo\\\/\",\"name\":\"Justificaci\u00f3n del t\u00edtulo - M\u00e1ster Universitario en Teor\u00eda e Historia del Arte y Gesti\u00f3n Cultural\",\"isPartOf\":{\"@id\":\"https:\\\/\\\/www.ull.es\\\/masteres\\\/teoria-historia-arte-gestion-cultural\\\/#website\"},\"datePublished\":\"2017-06-28T12:58:21+00:00\",\"dateModified\":\"2018-02-14T10:29:03+00:00\",\"breadcrumb\":{\"@id\":\"https:\\\/\\\/www.ull.es\\\/masteres\\\/teoria-historia-arte-gestion-cultural\\\/justificacion-del-titulo\\\/#breadcrumb\"},\"inLanguage\":\"en-GB\",\"potentialAction\":[{\"@type\":\"ReadAction\",\"target\":[\"https:\\\/\\\/www.ull.es\\\/masteres\\\/teoria-historia-arte-gestion-cultural\\\/justificacion-del-titulo\\\/\"]}]},{\"@type\":\"BreadcrumbList\",\"@id\":\"https:\\\/\\\/www.ull.es\\\/masteres\\\/teoria-historia-arte-gestion-cultural\\\/justificacion-del-titulo\\\/#breadcrumb\",\"itemListElement\":[{\"@type\":\"ListItem\",\"position\":1,\"name\":\"Portada\",\"item\":\"https:\\\/\\\/www.ull.es\\\/masteres\\\/teoria-historia-arte-gestion-cultural\\\/\"},{\"@type\":\"ListItem\",\"position\":2,\"name\":\"Justificaci\u00f3n del t\u00edtulo\"}]},{\"@type\":\"WebSite\",\"@id\":\"https:\\\/\\\/www.ull.es\\\/masteres\\\/teoria-historia-arte-gestion-cultural\\\/#website\",\"url\":\"https:\\\/\\\/www.ull.es\\\/masteres\\\/teoria-historia-arte-gestion-cultural\\\/\",\"name\":\"M\u00e1ster Universitario en Teor\u00eda e Historia del Arte y Gesti\u00f3n Cultural\",\"description\":\"\",\"potentialAction\":[{\"@type\":\"SearchAction\",\"target\":{\"@type\":\"EntryPoint\",\"urlTemplate\":\"https:\\\/\\\/www.ull.es\\\/masteres\\\/teoria-historia-arte-gestion-cultural\\\/?s={search_term_string}\"},\"query-input\":{\"@type\":\"PropertyValueSpecification\",\"valueRequired\":true,\"valueName\":\"search_term_string\"}}],\"inLanguage\":\"en-GB\"}]}<\/script>\n<!-- \/ Yoast SEO plugin. -->","yoast_head_json":{"title":"Title Justification - Master&#039;s Degree in Theory and History of Art and Cultural Management","robots":{"index":"index","follow":"follow","max-snippet":"max-snippet:-1","max-image-preview":"max-image-preview:large","max-video-preview":"max-video-preview:-1"},"canonical":"https:\/\/www.ull.es\/masteres\/teoria-historia-arte-gestion-cultural\/en\/justificacion-del-titulo\/","og_locale":"en_GB","og_type":"article","og_title":"Justificaci\u00f3n del t\u00edtulo - M\u00e1ster Universitario en Teor\u00eda e Historia del Arte y Gesti\u00f3n Cultural","og_description":"[vc_row][vc_column][vc_column_text] Justificaci\u00f3n del t\u00edtulo El M\u00e1ster Universitario se propone con la finalidad de proporcionar una formaci\u00f3n de car\u00e1cter profesionalizante y de investigaci\u00f3n en Teor\u00eda e Historia del Arte y Gesti\u00f3n Cultural a titulados y licenciados en artes y humanidades orientados a la gesti\u00f3n cultural. Este M\u00e1ster Universitario es una adaptaci\u00f3n de los estudios contenidos en...","og_url":"https:\/\/www.ull.es\/masteres\/teoria-historia-arte-gestion-cultural\/en\/justificacion-del-titulo\/","og_site_name":"M\u00e1ster Universitario en Teor\u00eda e Historia del Arte y Gesti\u00f3n Cultural","article_modified_time":"2018-02-14T10:29:03+00:00","twitter_card":"summary_large_image","twitter_misc":{"Estimated reading time":"4 minutes"},"schema":{"@context":"https:\/\/schema.org","@graph":[{"@type":"WebPage","@id":"https:\/\/www.ull.es\/masteres\/teoria-historia-arte-gestion-cultural\/justificacion-del-titulo\/","url":"https:\/\/www.ull.es\/masteres\/teoria-historia-arte-gestion-cultural\/justificacion-del-titulo\/","name":"Title Justification - Master&#039;s Degree in Theory and History of Art and Cultural Management","isPartOf":{"@id":"https:\/\/www.ull.es\/masteres\/teoria-historia-arte-gestion-cultural\/#website"},"datePublished":"2017-06-28T12:58:21+00:00","dateModified":"2018-02-14T10:29:03+00:00","breadcrumb":{"@id":"https:\/\/www.ull.es\/masteres\/teoria-historia-arte-gestion-cultural\/justificacion-del-titulo\/#breadcrumb"},"inLanguage":"en-GB","potentialAction":[{"@type":"ReadAction","target":["https:\/\/www.ull.es\/masteres\/teoria-historia-arte-gestion-cultural\/justificacion-del-titulo\/"]}]},{"@type":"BreadcrumbList","@id":"https:\/\/www.ull.es\/masteres\/teoria-historia-arte-gestion-cultural\/justificacion-del-titulo\/#breadcrumb","itemListElement":[{"@type":"ListItem","position":1,"name":"Portada","item":"https:\/\/www.ull.es\/masteres\/teoria-historia-arte-gestion-cultural\/"},{"@type":"ListItem","position":2,"name":"Justificaci\u00f3n del t\u00edtulo"}]},{"@type":"WebSite","@id":"https:\/\/www.ull.es\/masteres\/teoria-historia-arte-gestion-cultural\/#website","url":"https:\/\/www.ull.es\/masteres\/teoria-historia-arte-gestion-cultural\/","name":"Master&#039;s Degree in Theory and History of Art and Cultural Management","description":"","potentialAction":[{"@type":"SearchAction","target":{"@type":"EntryPoint","urlTemplate":"https:\/\/www.ull.es\/masteres\/teoria-historia-arte-gestion-cultural\/?s={search_term_string}"},"query-input":{"@type":"PropertyValueSpecification","valueRequired":true,"valueName":"search_term_string"}}],"inLanguage":"en-GB"}]}},"_links":{"self":[{"href":"https:\/\/www.ull.es\/masteres\/teoria-historia-arte-gestion-cultural\/en\/wp-json\/wp\/v2\/pages\/28","targetHints":{"allow":["GET"]}}],"collection":[{"href":"https:\/\/www.ull.es\/masteres\/teoria-historia-arte-gestion-cultural\/en\/wp-json\/wp\/v2\/pages"}],"about":[{"href":"https:\/\/www.ull.es\/masteres\/teoria-historia-arte-gestion-cultural\/en\/wp-json\/wp\/v2\/types\/page"}],"author":[{"embeddable":true,"href":"https:\/\/www.ull.es\/masteres\/teoria-historia-arte-gestion-cultural\/en\/wp-json\/wp\/v2\/users\/1"}],"replies":[{"embeddable":true,"href":"https:\/\/www.ull.es\/masteres\/teoria-historia-arte-gestion-cultural\/en\/wp-json\/wp\/v2\/comments?post=28"}],"version-history":[{"count":10,"href":"https:\/\/www.ull.es\/masteres\/teoria-historia-arte-gestion-cultural\/en\/wp-json\/wp\/v2\/pages\/28\/revisions"}],"predecessor-version":[{"id":656,"href":"https:\/\/www.ull.es\/masteres\/teoria-historia-arte-gestion-cultural\/en\/wp-json\/wp\/v2\/pages\/28\/revisions\/656"}],"wp:attachment":[{"href":"https:\/\/www.ull.es\/masteres\/teoria-historia-arte-gestion-cultural\/en\/wp-json\/wp\/v2\/media?parent=28"}],"curies":[{"name":"wp","href":"https:\/\/api.w.org\/{rel}","templated":true}]}}