{"id":18,"date":"2017-06-28T12:47:36","date_gmt":"2017-06-28T12:47:36","guid":{"rendered":"http:\/\/www.ull.es\/masteres\/desarrollo-y-gestion-de-recursos-humanos\/?page_id=18"},"modified":"2025-07-23T06:34:58","modified_gmt":"2025-07-23T06:34:58","slug":"apoyo-orientacion-y-tutorias","status":"publish","type":"page","link":"https:\/\/www.ull.es\/masteres\/uso-y-gestion-patrimonio-cultural\/fr\/informacion-academica\/apoyo-orientacion-y-tutorias\/","title":{"rendered":"Accompagnement, orientation et tutorat"},"content":{"rendered":"\n<div class=\"wp-block-stackable-columns alignfull stk-block-columns stk-block stk-2314a6b\" data-block-id=\"2314a6b\"><style>.stk-2314a6b {padding-bottom:0px !important;margin-top:-100px !important;margin-bottom:0px !important;}<\/style><div class=\"stk-row stk-inner-blocks stk-block-content stk-content-align stk-2314a6b-column alignfull\">\n<div class=\"wp-block-stackable-column stk-block-column stk-column stk-block stk-1d1764d\" data-v=\"4\" data-block-id=\"1d1764d\"><div class=\"stk-column-wrapper stk-block-column__content stk-container stk-1d1764d-container stk--no-background stk--no-padding\"><div class=\"stk-block-content stk-inner-blocks stk-1d1764d-inner-blocks\"><style id=\"depicter-1-inline-pre-css\">\n\n.depicter-1:not(.depicter-ready){\n\theight:450px;\n}\n\n\/***** Tablet *****\/\n@media screen and (max-width: 1024px){\n\n.depicter-1:not(.depicter-ready){\n\theight:700px;\n}\n\n}\n\/***** Mobile *****\/\n@media screen and (max-width: 767px){\n\n.depicter-1:not(.depicter-ready){\n\theight:360px;\n}\n\n}\n<\/style>\n<div id=\"depicter-1\" class=\"depicter depicter-document depicter-revert depicter-1 depicter-layout-fullwidth\">\n\n<div class=\"depicter-loading-container depicter-loading dotFlashing-dark\"><div class=\"depicter-loading-dark depicter-dot-flashing\">\n   <span><\/span>\n   <span><\/span>\n   <span><\/span>\n<\/div>\n<\/div>\n<div id=\"depicter-1-section-1\" class=\"depicter-section depicter-1-section-1\" data-name=\"Section 1\" data-type=\"section\" data-local-id=\"section-1\">\n<picture class=\"depicter-bg\">\n<source data-depicter-srcset=\"https:\/\/www.ull.es\/masteres\/uso-y-gestion-patrimonio-cultural\/wp-content\/uploads\/sites\/13\/2025\/06\/Headers-Masteres_Uso-y-Gestion-del-Patrimonio-Cultural-1063-768x248.jpg, https:\/\/www.ull.es\/masteres\/uso-y-gestion-patrimonio-cultural\/wp-content\/uploads\/sites\/13\/2025\/06\/Headers-Masteres_Uso-y-Gestion-del-Patrimonio-Cultural-1063.jpg 2x\" srcset=\"data:image\/gif;base64,R0lGODlhAQABAIAAAAAAAP\/\/\/yH5BAEAAAAALAAAAAABAAEAAAIBRAA7\" media=\"(max-width: 1024px)\" \/>\n\n<source data-depicter-srcset=\"https:\/\/www.ull.es\/masteres\/uso-y-gestion-patrimonio-cultural\/wp-content\/uploads\/sites\/13\/2025\/06\/Headers-Masteres_Uso-y-Gestion-del-Patrimonio-Cultural-1063.jpg, https:\/\/www.ull.es\/masteres\/uso-y-gestion-patrimonio-cultural\/wp-content\/uploads\/sites\/13\/2025\/06\/Headers-Masteres_Uso-y-Gestion-del-Patrimonio-Cultural-1063-1280x413.jpg 2x\" srcset=\"data:image\/gif;base64,R0lGODlhAQABAIAAAAAAAP\/\/\/yH5BAEAAAAALAAAAAABAAEAAAIBRAA7\" media=\"(min-width: 1025px)\" \/>\n<img decoding=\"async\" src=\"data:image\/gif;base64,R0lGODlhAQABAIAAAAAAAP\/\/\/yH5BAEAAAAALAAAAAABAAEAAAIBRAA7\" data-ken-burns=\"false\" data-tablet-ken-burns=\"false\" data-mobile-ken-burns=\"false\" alt=\"\" data-depicter-src=\"https:\/\/www.ull.es\/masteres\/uso-y-gestion-patrimonio-cultural\/wp-content\/uploads\/sites\/13\/2025\/06\/Headers-Masteres_Uso-y-Gestion-del-Patrimonio-Cultural-1063.jpg\" data-object-fit=\"custom,custom,\" data-object-position=\"center top,,\" data-crop=\"{'focalPoint':{'x':0.5,'y':0.5},'mediaSize':{'width':1394.6731234866829254315234720706939697265625,'height':450}}\" data-tablet-crop=\"{'focalPoint':{'x':0.5,'y':0.5},'mediaSize':{'width':2169.4915254237284898408688604831695556640625,'height':700}}\" data-mobile-crop=\"{'focalPoint':{'x':0.5,'y':0.5},'mediaSize':{'width':2293.46246973365623489371500909328460693359375,'height':740}}\" \/>\n<\/picture>\n\n\n<h1 id=\"depicter-1-element-5\" class=\"depicter-element depicter-layer depicter-1-element-5\" data-type=\"text\" data-wrap=\"true\" data-name=\"Text 2\" data-local-id=\"element-5\" data-offset=\"x:0px;y:141px;origin:tl\" data-tablet-offset=\"x:196px;y:223px;origin:tl\" data-mobile-offset=\"x:-16px;y:108px;origin:tl\" data-width=\"1200px,633px,408px\" data-height=\"auto,auto,auto\" data-responsive-scale=\"true,,\">M\u00e1ster Universitario en Uso y Gesti\u00f3n del Patrimonio Cultural<br><\/h1>\n\n<div id=\"depicter-1-element-10\" class=\"depicter-element depicter-layer depicter-1-element-10\" data-type=\"shape\" data-wrap=\"true\" data-name=\"Shape 1\" data-local-id=\"element-10\" data-offset=\"x:0px;y:309px;origin:tl\" data-tablet-offset=\"x:189px;y:455px;origin:tl\" data-mobile-offset=\"x:-16px;y:265px;origin:tl\" data-width=\"1102px,647px,408px\" data-height=\"8px,8px,8px\" data-responsive-scale=\"true,,\"><\/div>\n<\/div>\n<\/div>\n<script>\n(window.depicterSetups = window.depicterSetups || []).push(function(){\n\tDepicter.basePath = 'https:\/\/www.ull.es\/masteres\/uso-y-gestion-patrimonio-cultural\/wp-content\/plugins\/depicter\/resources\/scripts\/player\/';\n\tconst dpPlayer = Depicter.setup('.depicter-1',\n\t\t{\"width\":[\"1200\",\"1024\",\"360\"],\"height\":[\"450\",\"700\",\"360\"],\"view\":\"basic\",\"keepAspectRatio\":true,\"preload\":0,\"layout\":\"fullwidth\",\"rtl\":false,\"initAfterAppear\":false,\"ajaxApiUrl\":\"https:\\\/\\\/www.ull.es\\\/masteres\\\/uso-y-gestion-patrimonio-cultural\\\/wp-admin\\\/admin-ajax.php\",\"mouseSwipe\":true,\"touchSwipe\":true,\"useWatermark\":false}\n\t);\n});\n<\/script><\/div><\/div><\/div>\n<\/div><\/div>\n\n\n\n<div class=\"wp-block-stackable-columns alignfull stk-block-columns stk--hide-mobile stk-block stk-6394276 stk-block-background\" data-block-id=\"6394276\"><style>.stk-6394276 {background-color:#fa6199 !important;padding-top:50px !important;padding-right:0px !important;padding-bottom:1px !important;padding-left:0px !important;margin-top:-40px !important;margin-bottom:0px !important;}.stk-6394276:before{background-color:#fa6199 !important;}<\/style><div class=\"stk-row stk-inner-blocks stk-block-content stk-content-align stk-6394276-column alignfull\">\n<div class=\"wp-block-stackable-column stk-block-column stk-column stk-block stk-8a66885\" data-v=\"4\" data-block-id=\"8a66885\"><div class=\"stk-column-wrapper stk-block-column__content stk-container stk-8a66885-container stk--no-background stk--no-padding\"><div class=\"stk-block-content stk-inner-blocks stk-8a66885-inner-blocks\">\n<div class=\"wp-block-stackable-spacer stk-block-spacer stk--no-padding stk-block stk-bc89b3e\" data-block-id=\"bc89b3e\"><style>.stk-bc89b3e {height:0px !important;}<\/style><\/div>\n<\/div><\/div><\/div>\n<\/div><\/div>\n\n\n\n<div class=\"wp-block-stackable-columns stk-block-columns stk-block stk-8b59b96\" data-block-id=\"8b59b96\"><style>.stk-8b59b96 .stk--block-align-8b59b96{align-items:flex-start !important;}.stk-8b59b96 {margin-top:50px !important;}.stk-8b59b96-column{--stk-columns-spacing:0px !important;--stk-column-gap:50px !important;}@media screen and (max-width: 767px){.stk-8b59b96-column{row-gap:var(--stk--preset--spacing--60, 2.25rem) !important;}}<\/style><div class=\"stk-row stk-inner-blocks stk--block-align-8b59b96 stk-block-content stk-content-align stk-8b59b96-column\">\n<div class=\"wp-block-stackable-column stk-block-column stk-column stk-block stk-dbb7e15\" data-v=\"4\" data-block-id=\"dbb7e15\"><style>@media screen and (min-width: 768px){.stk-dbb7e15 {flex:var(--stk-flex-grow, 1) 1 66.7% !important;}}<\/style><div class=\"stk-column-wrapper stk-block-column__content stk-container stk-dbb7e15-container stk--no-background stk--no-padding\"><div class=\"stk-block-content stk-inner-blocks stk-dbb7e15-inner-blocks\">\n<div class=\"wp-block-stackable-heading stk-block-heading stk-block-heading--v2 stk-block stk-cc0239e\" id=\"complementos-de-formacion\" data-block-id=\"cc0239e\"><style>.stk-cc0239e .stk-block-heading__text{color:#fa6199 !important;font-weight:500 !important;}<\/style><h1 class=\"stk-block-heading__text has-text-color\">Orientaci\u00f3n y tutorizaci\u00f3n<\/h1><\/div>\n\n\n\n<div class=\"wp-block-stackable-text stk-block-text stk-block stk-0522ffa\" data-block-id=\"0522ffa\"><p class=\"stk-block-text__text\">La Comisi\u00f3n Acad\u00e9mica del T\u00edtulo, prestar\u00e1 su apoyo constante al alumnado matriculado, cuya tutela de t\u00edtulo ser\u00e1 asumida por la coordinaci\u00f3n del m\u00e1ster. Nos referimos a un seguimiento y coordinaci\u00f3n de los procesos de tutela en los distintos \u00e1mbitos de compromiso tutorial:<\/p><\/div>\n\n\n\n<p>A nivel Institucional dentro el Plan de Acci\u00f3n Tutorial del Centro.<\/p>\n\n\n\n<p>A nivel del T\u00edtulo:<\/p>\n\n\n\n<ul class=\"wp-block-list\">\n<li>La tutela docente de cada una de las asignaturas,<\/li>\n\n\n\n<li>La tutela acad\u00e9mica y la tutela profesional de las pr\u00e1cticas externas,<\/li>\n\n\n\n<li>La tutela del Trabajo Fin de M\u00e1ster.<\/li>\n<\/ul>\n\n\n\n<p>La Coordinaci\u00f3n del M\u00e1ster llevar\u00e1 de manera conjunta todas las acciones de coordinaci\u00f3n de cara a lograr la coherencia necesaria para el apoyo al alumnado en todo su proceso formativo, donde el trabajo individualizado ha de contar con la corresponsabilidad de todas las partes implicadas en su formaci\u00f3n.Organizar\u00e1 las reuniones grupales con tutores en distintos momentos del proceso formativo.<\/p>\n\n\n\n<p>Las pr\u00e1cticas externas se encuentran reguladas en nuestra universidad por la Normativa de Gesti\u00f3n de Pr\u00e1cticas externas del estudiantado de la Universidad de la Laguna. Los aspectos que se extraen de esta normativa de inter\u00e9s al apoyo del estudiante son sobre todo los siguientes:<\/p>\n\n\n\n<p>\u00ab1. Designar y comunicar al centro responsable de la titulaci\u00f3n, las personas que se ocupar\u00e1n de ejercer como tutores o tutoras de pr\u00e1cticas, quienes deber\u00e1n ser profesionales de la plantilla de la empresa, instituci\u00f3n u organismo.<\/p>\n\n\n\n<p>2. Los\/as tutores\/as externos a la ULL, en coordinaci\u00f3n con los\/as tutores\/as acad\u00e9micos de la titulaci\u00f3n, asignar\u00e1n las tareas a realizar por el alumnado, prestar\u00e1n asistencia al mismo en lo que fuese preciso para el desarrollo de las actividades a realizar, facilitar\u00e1n los medios materiales necesarios para el desarrollo de las pr\u00e1cticas y participar\u00e1n en la evaluaci\u00f3n de su aprovechamiento en los t\u00e9rminos preestablecidos para la misma.<\/p>\n\n\n\n<p>3. Los\/as tutores\/as externos\/as a la titulaci\u00f3n han de realizar la evaluaci\u00f3n del rendimiento del alumnado a su cargo, as\u00ed como comunicar a la tutor\u00eda acad\u00e9mica los resultados de dicha evaluaci\u00f3n.<\/p>\n\n\n\n<p>4. Cumplir la programaci\u00f3n de las actividades formativas previamente acordadas con la Universidad y establecidas en la Gu\u00eda Docente que ha de figurar como Anexo al Convenio o Acuerdo suscrito con la ULL.\u00bb<\/p>\n\n\n\n<p>Para la efectiva aplicaci\u00f3n de estos puntos de la normativa se determina lo siguiente para el M\u00e1ster:<\/p>\n\n\n\n<p>Adem\u00e1s, se realizar\u00e1n actividades de orientaci\u00f3n de cara al aprovechamiento de recursos de I+D+i que ofrecen las universidades, como la visita a centros tecnol\u00f3gicos, informaci\u00f3n sobre los grupos de investigaci\u00f3n, centros de documentaci\u00f3n, etc.<\/p>\n\n\n\n<p>Se encargar\u00e1 la comisi\u00f3n acad\u00e9mica de dar difusi\u00f3n a la lista de centros receptores de pr\u00e1cticas para que el alumnado pueda elegir los centros de su preferencia. La comisi\u00f3n determinar\u00e1 la asignaci\u00f3n de centros, considerando la baremaci\u00f3n del expediente presentado por el alumnado en la fase de preinscripci\u00f3n en el caso de que haya conflicto de intereses. As\u00ed pues, se les asignar\u00e1 una empresa o instituci\u00f3n, con las que se haya suscrito previamente un convenio para la realizaci\u00f3n de las pr\u00e1cticas. Para la tutela de Pr\u00e1cticas contar\u00e1 con el tutor acad\u00e9mico y el tutor-externo supervisor (profesional que trabaja en el centro colaborador de pr\u00e1cticas).<\/p>\n\n\n\n<p>El tutor-acad\u00e9mico de pr\u00e1cticas ser\u00e1 un profesor universitario del M\u00e1ster con docencia asignada en la asignatura de pr\u00e1cticas externas. Tendr\u00e1 como funci\u00f3n principal apoyar el proceso formativo del alumnado asignado para tutelas las pr\u00e1cticas.<\/p>\n\n\n\n<p>La comisi\u00f3n acad\u00e9mica del m\u00e1ster ser\u00e1 la encargada de llevar a cabo la asignaci\u00f3n de profesor tutor-acad\u00e9mico de pr\u00e1cticas al alumnado correspondiente acorde con su carga docente en la asignatura.<\/p>\n\n\n\n<p>El tutor acad\u00e9mico contactar\u00e1 con los centros concertados a trav\u00e9s del tutor-externo supervisor correspondiente, orientar\u00e1 al alumnado de forma individualizada mediante tutor\u00edas durante el proceso y en la realizaci\u00f3n de la memoria de pr\u00e1cticas. Participar\u00e1 en seminario inicial y final de pr\u00e1cticas con todo el alumnado y tutores acad\u00e9micos implicados en las pr\u00e1cticas de cara a intercambiar experiencias.<\/p>\n\n\n\n<p>Respecto al tutor-externo ser\u00eda el profesional que ejerce su actividad laboral en los centros de pr\u00e1cticas mediante los convenios establecidos con el M\u00e1ster. El tutor acad\u00e9mico y el tutor-externo dise\u00f1ar\u00e1n para el alumnado el plan individual de pr\u00e1cticas que se rige por la gu\u00eda docente de la asignatura.<\/p>\n\n\n\n<p>En cuanto al TFM, se dispondr\u00e1 al inicio del curso listado de \u00e1mbitos tem\u00e1ticos para realizar el trabajo fin de m\u00e1ster. Elaborar\u00e1 la relaci\u00f3n de temas la Comisi\u00f3n del M\u00e1ster en coordinaci\u00f3n con el profesorado que tutela el Trabajo Fin de M\u00e1ster, que podr\u00e1 tutelar hasta dos trabajos. El alumnado puede elegir uno de los temas propuestos pudiendo desarrollar su fase de validaci\u00f3n durante el per\u00edodo de pr\u00e1cticas externas, por lo que se requiere una coordinaci\u00f3n entre la tutela acad\u00e9mico de pr\u00e1cticas y la tutela del TFM. El trabajo fin de m\u00e1ster se rige por el Reglamento de Ense\u00f1anzas Oficiales de M\u00e1ster Universitario en la ULL (BOC N\u00ba91, de 9 de mayo de 2012).<\/p>\n\n\n\n<p>Adem\u00e1s de las actividades relacionadas con la recepci\u00f3n de nuevos alumnos y su tutela a lo largo del proceso formativo y el sistema de Acci\u00f3n Tutorial del Centro, se organizan varias actividades de apoyo y orientaci\u00f3n: actividades de apoyo a la docencia y a la orientaci\u00f3n profesional en forma de charlas, seminarios, visitas, ciclos de conferencias, talleres, etc.<\/p>\n\n\n\n<p>La biblioteca de la Facultad de Bellas Artes de la ULL organiza tambi\u00e9n a lo largo del primer semestre actividades de orientaci\u00f3n, informaci\u00f3n, b\u00fasqueda, gesti\u00f3n y manejo de recursos bibliogr\u00e1ficos.<\/p>\n<\/div><\/div><\/div>\n\n\n\n<div class=\"wp-block-stackable-column stk-block-column stk-column stk-block stk-53ec762\" data-v=\"4\" data-block-id=\"53ec762\"><style>.stk-53ec762-inner-blocks{row-gap:0px !important;}.stk-53ec762 {padding-top:0px !important;padding-right:0px !important;padding-bottom:0px !important;padding-left:0px !important;}@media screen and (min-width: 768px){.stk-53ec762 {flex:var(--stk-flex-grow, 1) 1 33.3% !important;}}<\/style><div class=\"stk-column-wrapper stk-block-column__content stk-container stk-53ec762-container stk--no-background stk--no-padding\"><div class=\"stk-block-content stk-inner-blocks stk-53ec762-inner-blocks\">\n\n<ul class=\"widget-box\">\n<li class='contacto-header'>Informaci\u00f3n de contacto<\/li><li><i class=\"fa fa-map-marker\"><\/i> Avda. Astrof\u00edsico Francisco S\u00e1nchez, SN. Edificio Calabaza \u2013 AN.2D Apdo. 456 38200 San Crist\u00f3bal de La Laguna<\/li><li><i class=\"fa fa-envelope\"><\/i>  <a href=mailto:master.usogestionpatrimonio@ull.es>master.usogestionpatrimonio@ull.es<\/a><\/li><li><i class=\"fa fa-archive\"><\/i><a href=\"https:\/\/sede.ull.es\/ecivilis-site\/catalog\/showProcedure\/484\"> Procedimiento para quejas, sugerencias y felicitaciones<\/a><\/li>\n<\/ul>\n\n\n<\/div><\/div><\/div>\n<\/div><\/div>\n","protected":false},"excerpt":{"rendered":"<p>Orientation et tutorat\u00a0: Le comit\u00e9 acad\u00e9mique du master assure un accompagnement continu des \u00e9tudiants inscrits, dont le cursus est supervis\u00e9 par le coordinateur du master. Il assure notamment le suivi et la coordination des processus de tutorat dans les diff\u00e9rents domaines d&#039;intervention\u00a0: au niveau institutionnel, dans le cadre du plan d&#039;action de tutorat du master\u2026<\/p>","protected":false},"author":1,"featured_media":0,"parent":252,"menu_order":7,"comment_status":"closed","ping_status":"closed","template":"templates\/template-frontpage.php","meta":{"footnotes":""},"class_list":["post-18","page","type-page","status-publish","hentry"],"yoast_head":"<!-- This site is optimized with the Yoast SEO plugin v27.3 - https:\/\/yoast.com\/product\/yoast-seo-wordpress\/ -->\n<title>Apoyo, orientaci\u00f3n y tutor\u00edas - Uso y Gesti\u00f3n del Patrimonio Cultural<\/title>\n<meta name=\"robots\" content=\"index, follow, max-snippet:-1, max-image-preview:large, max-video-preview:-1\" \/>\n<link rel=\"canonical\" href=\"https:\/\/www.ull.es\/masteres\/uso-y-gestion-patrimonio-cultural\/fr\/informacion-academica\/apoyo-orientacion-y-tutorias\/\" \/>\n<meta property=\"og:locale\" content=\"fr_FR\" \/>\n<meta property=\"og:type\" content=\"article\" \/>\n<meta property=\"og:title\" content=\"Apoyo, orientaci\u00f3n y tutor\u00edas - Uso y Gesti\u00f3n del Patrimonio Cultural\" \/>\n<meta property=\"og:description\" content=\"Orientaci\u00f3n y tutorizaci\u00f3n La Comisi\u00f3n Acad\u00e9mica del T\u00edtulo, prestar\u00e1 su apoyo constante al alumnado matriculado, cuya tutela de t\u00edtulo ser\u00e1 asumida por la coordinaci\u00f3n del m\u00e1ster. Nos referimos a un seguimiento y coordinaci\u00f3n de los procesos de tutela en los distintos \u00e1mbitos de compromiso tutorial: A nivel Institucional dentro el Plan de Acci\u00f3n Tutorial del...\" \/>\n<meta property=\"og:url\" content=\"https:\/\/www.ull.es\/masteres\/uso-y-gestion-patrimonio-cultural\/fr\/informacion-academica\/apoyo-orientacion-y-tutorias\/\" \/>\n<meta property=\"og:site_name\" content=\"Uso y Gesti\u00f3n del Patrimonio Cultural\" \/>\n<meta property=\"article:modified_time\" content=\"2025-07-23T06:34:58+00:00\" \/>\n<meta name=\"twitter:card\" content=\"summary_large_image\" \/>\n<meta name=\"twitter:label1\" content=\"Dur\u00e9e de lecture estim\u00e9e\" \/>\n\t<meta name=\"twitter:data1\" content=\"5 minutes\" \/>\n<script type=\"application\/ld+json\" class=\"yoast-schema-graph\">{\"@context\":\"https:\\\/\\\/schema.org\",\"@graph\":[{\"@type\":\"WebPage\",\"@id\":\"https:\\\/\\\/www.ull.es\\\/masteres\\\/uso-y-gestion-patrimonio-cultural\\\/fr\\\/informacion-academica\\\/apoyo-orientacion-y-tutorias\\\/\",\"url\":\"https:\\\/\\\/www.ull.es\\\/masteres\\\/uso-y-gestion-patrimonio-cultural\\\/fr\\\/informacion-academica\\\/apoyo-orientacion-y-tutorias\\\/\",\"name\":\"Apoyo, orientaci\u00f3n y tutor\u00edas - Uso y Gesti\u00f3n del Patrimonio Cultural\",\"isPartOf\":{\"@id\":\"https:\\\/\\\/www.ull.es\\\/masteres\\\/uso-y-gestion-patrimonio-cultural\\\/#website\"},\"datePublished\":\"2017-06-28T12:47:36+00:00\",\"dateModified\":\"2025-07-23T06:34:58+00:00\",\"breadcrumb\":{\"@id\":\"https:\\\/\\\/www.ull.es\\\/masteres\\\/uso-y-gestion-patrimonio-cultural\\\/fr\\\/informacion-academica\\\/apoyo-orientacion-y-tutorias\\\/#breadcrumb\"},\"inLanguage\":\"fr-FR\",\"potentialAction\":[{\"@type\":\"ReadAction\",\"target\":[\"https:\\\/\\\/www.ull.es\\\/masteres\\\/uso-y-gestion-patrimonio-cultural\\\/fr\\\/informacion-academica\\\/apoyo-orientacion-y-tutorias\\\/\"]}]},{\"@type\":\"BreadcrumbList\",\"@id\":\"https:\\\/\\\/www.ull.es\\\/masteres\\\/uso-y-gestion-patrimonio-cultural\\\/fr\\\/informacion-academica\\\/apoyo-orientacion-y-tutorias\\\/#breadcrumb\",\"itemListElement\":[{\"@type\":\"ListItem\",\"position\":1,\"name\":\"Portada\",\"item\":\"https:\\\/\\\/www.ull.es\\\/masteres\\\/uso-y-gestion-patrimonio-cultural\\\/\"},{\"@type\":\"ListItem\",\"position\":2,\"name\":\"Informaci\u00f3n Acad\u00e9mica\",\"item\":\"https:\\\/\\\/www.ull.es\\\/masteres\\\/uso-y-gestion-patrimonio-cultural\\\/fr\\\/informacion-academica\\\/\"},{\"@type\":\"ListItem\",\"position\":3,\"name\":\"Apoyo, orientaci\u00f3n y tutor\u00edas\"}]},{\"@type\":\"WebSite\",\"@id\":\"https:\\\/\\\/www.ull.es\\\/masteres\\\/uso-y-gestion-patrimonio-cultural\\\/#website\",\"url\":\"https:\\\/\\\/www.ull.es\\\/masteres\\\/uso-y-gestion-patrimonio-cultural\\\/\",\"name\":\"Uso y Gesti\u00f3n del Patrimonio Cultural\",\"description\":\"\",\"potentialAction\":[{\"@type\":\"SearchAction\",\"target\":{\"@type\":\"EntryPoint\",\"urlTemplate\":\"https:\\\/\\\/www.ull.es\\\/masteres\\\/uso-y-gestion-patrimonio-cultural\\\/?s={search_term_string}\"},\"query-input\":{\"@type\":\"PropertyValueSpecification\",\"valueRequired\":true,\"valueName\":\"search_term_string\"}}],\"inLanguage\":\"fr-FR\"}]}<\/script>\n<!-- \/ Yoast SEO plugin. -->","yoast_head_json":{"title":"Accompagnement, orientation et tutorat - Utilisation et gestion du patrimoine culturel","robots":{"index":"index","follow":"follow","max-snippet":"max-snippet:-1","max-image-preview":"max-image-preview:large","max-video-preview":"max-video-preview:-1"},"canonical":"https:\/\/www.ull.es\/masteres\/uso-y-gestion-patrimonio-cultural\/fr\/informacion-academica\/apoyo-orientacion-y-tutorias\/","og_locale":"fr_FR","og_type":"article","og_title":"Apoyo, orientaci\u00f3n y tutor\u00edas - Uso y Gesti\u00f3n del Patrimonio Cultural","og_description":"Orientaci\u00f3n y tutorizaci\u00f3n La Comisi\u00f3n Acad\u00e9mica del T\u00edtulo, prestar\u00e1 su apoyo constante al alumnado matriculado, cuya tutela de t\u00edtulo ser\u00e1 asumida por la coordinaci\u00f3n del m\u00e1ster. Nos referimos a un seguimiento y coordinaci\u00f3n de los procesos de tutela en los distintos \u00e1mbitos de compromiso tutorial: A nivel Institucional dentro el Plan de Acci\u00f3n Tutorial del...","og_url":"https:\/\/www.ull.es\/masteres\/uso-y-gestion-patrimonio-cultural\/fr\/informacion-academica\/apoyo-orientacion-y-tutorias\/","og_site_name":"Uso y Gesti\u00f3n del Patrimonio Cultural","article_modified_time":"2025-07-23T06:34:58+00:00","twitter_card":"summary_large_image","twitter_misc":{"Dur\u00e9e de lecture estim\u00e9e":"5 minutes"},"schema":{"@context":"https:\/\/schema.org","@graph":[{"@type":"WebPage","@id":"https:\/\/www.ull.es\/masteres\/uso-y-gestion-patrimonio-cultural\/fr\/informacion-academica\/apoyo-orientacion-y-tutorias\/","url":"https:\/\/www.ull.es\/masteres\/uso-y-gestion-patrimonio-cultural\/fr\/informacion-academica\/apoyo-orientacion-y-tutorias\/","name":"Accompagnement, orientation et tutorat - Utilisation et gestion du patrimoine culturel","isPartOf":{"@id":"https:\/\/www.ull.es\/masteres\/uso-y-gestion-patrimonio-cultural\/#website"},"datePublished":"2017-06-28T12:47:36+00:00","dateModified":"2025-07-23T06:34:58+00:00","breadcrumb":{"@id":"https:\/\/www.ull.es\/masteres\/uso-y-gestion-patrimonio-cultural\/fr\/informacion-academica\/apoyo-orientacion-y-tutorias\/#breadcrumb"},"inLanguage":"fr-FR","potentialAction":[{"@type":"ReadAction","target":["https:\/\/www.ull.es\/masteres\/uso-y-gestion-patrimonio-cultural\/fr\/informacion-academica\/apoyo-orientacion-y-tutorias\/"]}]},{"@type":"BreadcrumbList","@id":"https:\/\/www.ull.es\/masteres\/uso-y-gestion-patrimonio-cultural\/fr\/informacion-academica\/apoyo-orientacion-y-tutorias\/#breadcrumb","itemListElement":[{"@type":"ListItem","position":1,"name":"Portada","item":"https:\/\/www.ull.es\/masteres\/uso-y-gestion-patrimonio-cultural\/"},{"@type":"ListItem","position":2,"name":"Informaci\u00f3n Acad\u00e9mica","item":"https:\/\/www.ull.es\/masteres\/uso-y-gestion-patrimonio-cultural\/fr\/informacion-academica\/"},{"@type":"ListItem","position":3,"name":"Apoyo, orientaci\u00f3n y tutor\u00edas"}]},{"@type":"WebSite","@id":"https:\/\/www.ull.es\/masteres\/uso-y-gestion-patrimonio-cultural\/#website","url":"https:\/\/www.ull.es\/masteres\/uso-y-gestion-patrimonio-cultural\/","name":"Utilisation et gestion du patrimoine culturel","description":"","potentialAction":[{"@type":"SearchAction","target":{"@type":"EntryPoint","urlTemplate":"https:\/\/www.ull.es\/masteres\/uso-y-gestion-patrimonio-cultural\/?s={search_term_string}"},"query-input":{"@type":"PropertyValueSpecification","valueRequired":true,"valueName":"search_term_string"}}],"inLanguage":"fr-FR"}]}},"_links":{"self":[{"href":"https:\/\/www.ull.es\/masteres\/uso-y-gestion-patrimonio-cultural\/fr\/wp-json\/wp\/v2\/pages\/18","targetHints":{"allow":["GET"]}}],"collection":[{"href":"https:\/\/www.ull.es\/masteres\/uso-y-gestion-patrimonio-cultural\/fr\/wp-json\/wp\/v2\/pages"}],"about":[{"href":"https:\/\/www.ull.es\/masteres\/uso-y-gestion-patrimonio-cultural\/fr\/wp-json\/wp\/v2\/types\/page"}],"author":[{"embeddable":true,"href":"https:\/\/www.ull.es\/masteres\/uso-y-gestion-patrimonio-cultural\/fr\/wp-json\/wp\/v2\/users\/1"}],"replies":[{"embeddable":true,"href":"https:\/\/www.ull.es\/masteres\/uso-y-gestion-patrimonio-cultural\/fr\/wp-json\/wp\/v2\/comments?post=18"}],"version-history":[{"count":3,"href":"https:\/\/www.ull.es\/masteres\/uso-y-gestion-patrimonio-cultural\/fr\/wp-json\/wp\/v2\/pages\/18\/revisions"}],"predecessor-version":[{"id":902,"href":"https:\/\/www.ull.es\/masteres\/uso-y-gestion-patrimonio-cultural\/fr\/wp-json\/wp\/v2\/pages\/18\/revisions\/902"}],"up":[{"embeddable":true,"href":"https:\/\/www.ull.es\/masteres\/uso-y-gestion-patrimonio-cultural\/fr\/wp-json\/wp\/v2\/pages\/252"}],"wp:attachment":[{"href":"https:\/\/www.ull.es\/masteres\/uso-y-gestion-patrimonio-cultural\/fr\/wp-json\/wp\/v2\/media?parent=18"}],"curies":[{"name":"wp","href":"https:\/\/api.w.org\/{rel}","templated":true}]}}