{"id":42,"date":"2017-06-28T13:01:59","date_gmt":"2017-06-28T13:01:59","guid":{"rendered":"http:\/\/www.ull.es\/masteres\/desarrollo-y-gestion-de-recursos-humanos\/?page_id=42"},"modified":"2025-08-26T09:51:23","modified_gmt":"2025-08-26T09:51:23","slug":"coordinacion-docente","status":"publish","type":"page","link":"https:\/\/www.ull.es\/masteres\/uso-y-gestion-patrimonio-cultural\/fr\/informacion-academica\/coordinacion-docente\/","title":{"rendered":"Coordination p\u00e9dagogique"},"content":{"rendered":"\n<div class=\"wp-block-stackable-columns alignfull stk-block-columns stk-block stk-2314a6b\" data-block-id=\"2314a6b\"><style>.stk-2314a6b {padding-bottom:0px !important;margin-top:-100px !important;margin-bottom:0px !important;}<\/style><div class=\"stk-row stk-inner-blocks stk-block-content stk-content-align stk-2314a6b-column alignfull\">\n<div class=\"wp-block-stackable-column stk-block-column stk-column stk-block stk-1d1764d\" data-v=\"4\" data-block-id=\"1d1764d\"><div class=\"stk-column-wrapper stk-block-column__content stk-container stk-1d1764d-container stk--no-background stk--no-padding\"><div class=\"stk-block-content stk-inner-blocks stk-1d1764d-inner-blocks\"><style id=\"depicter-1-inline-pre-css\">\n\n.depicter-1:not(.depicter-ready){\n\theight:450px;\n}\n\n\/***** Tablet *****\/\n@media screen and (max-width: 1024px){\n\n.depicter-1:not(.depicter-ready){\n\theight:700px;\n}\n\n}\n\/***** Mobile *****\/\n@media screen and (max-width: 767px){\n\n.depicter-1:not(.depicter-ready){\n\theight:360px;\n}\n\n}\n<\/style>\n<div id=\"depicter-1\" class=\"depicter depicter-document depicter-revert depicter-1 depicter-layout-fullwidth\">\n\n<div class=\"depicter-loading-container depicter-loading dotFlashing-dark\"><div class=\"depicter-loading-dark depicter-dot-flashing\">\n   <span><\/span>\n   <span><\/span>\n   <span><\/span>\n<\/div>\n<\/div>\n<div id=\"depicter-1-section-1\" class=\"depicter-section depicter-1-section-1\" data-name=\"Section 1\" data-type=\"section\" data-local-id=\"section-1\">\n<picture class=\"depicter-bg\">\n<source data-depicter-srcset=\"https:\/\/www.ull.es\/masteres\/uso-y-gestion-patrimonio-cultural\/wp-content\/uploads\/sites\/13\/2025\/06\/Headers-Masteres_Uso-y-Gestion-del-Patrimonio-Cultural-1063-768x248.jpg, https:\/\/www.ull.es\/masteres\/uso-y-gestion-patrimonio-cultural\/wp-content\/uploads\/sites\/13\/2025\/06\/Headers-Masteres_Uso-y-Gestion-del-Patrimonio-Cultural-1063.jpg 2x\" srcset=\"data:image\/gif;base64,R0lGODlhAQABAIAAAAAAAP\/\/\/yH5BAEAAAAALAAAAAABAAEAAAIBRAA7\" media=\"(max-width: 1024px)\" \/>\n\n<source data-depicter-srcset=\"https:\/\/www.ull.es\/masteres\/uso-y-gestion-patrimonio-cultural\/wp-content\/uploads\/sites\/13\/2025\/06\/Headers-Masteres_Uso-y-Gestion-del-Patrimonio-Cultural-1063.jpg, https:\/\/www.ull.es\/masteres\/uso-y-gestion-patrimonio-cultural\/wp-content\/uploads\/sites\/13\/2025\/06\/Headers-Masteres_Uso-y-Gestion-del-Patrimonio-Cultural-1063-1280x413.jpg 2x\" srcset=\"data:image\/gif;base64,R0lGODlhAQABAIAAAAAAAP\/\/\/yH5BAEAAAAALAAAAAABAAEAAAIBRAA7\" media=\"(min-width: 1025px)\" \/>\n<img decoding=\"async\" src=\"data:image\/gif;base64,R0lGODlhAQABAIAAAAAAAP\/\/\/yH5BAEAAAAALAAAAAABAAEAAAIBRAA7\" data-ken-burns=\"false\" data-tablet-ken-burns=\"false\" data-mobile-ken-burns=\"false\" alt=\"\" data-depicter-src=\"https:\/\/www.ull.es\/masteres\/uso-y-gestion-patrimonio-cultural\/wp-content\/uploads\/sites\/13\/2025\/06\/Headers-Masteres_Uso-y-Gestion-del-Patrimonio-Cultural-1063.jpg\" data-object-fit=\"custom,custom,\" data-object-position=\"center top,,\" data-crop=\"{'focalPoint':{'x':0.5,'y':0.5},'mediaSize':{'width':1394.6731234866829254315234720706939697265625,'height':450}}\" data-tablet-crop=\"{'focalPoint':{'x':0.5,'y':0.5},'mediaSize':{'width':2169.4915254237284898408688604831695556640625,'height':700}}\" data-mobile-crop=\"{'focalPoint':{'x':0.5,'y':0.5},'mediaSize':{'width':2293.46246973365623489371500909328460693359375,'height':740}}\" \/>\n<\/picture>\n\n\n<h1 id=\"depicter-1-element-5\" class=\"depicter-element depicter-layer depicter-1-element-5\" data-type=\"text\" data-wrap=\"true\" data-name=\"Text 2\" data-local-id=\"element-5\" data-offset=\"x:0px;y:141px;origin:tl\" data-tablet-offset=\"x:196px;y:223px;origin:tl\" data-mobile-offset=\"x:-16px;y:108px;origin:tl\" data-width=\"1200px,633px,408px\" data-height=\"auto,auto,auto\" data-responsive-scale=\"true,,\">M\u00e1ster Universitario en Uso y Gesti\u00f3n del Patrimonio Cultural<br><\/h1>\n\n<div id=\"depicter-1-element-10\" class=\"depicter-element depicter-layer depicter-1-element-10\" data-type=\"shape\" data-wrap=\"true\" data-name=\"Shape 1\" data-local-id=\"element-10\" data-offset=\"x:0px;y:309px;origin:tl\" data-tablet-offset=\"x:189px;y:455px;origin:tl\" data-mobile-offset=\"x:-16px;y:265px;origin:tl\" data-width=\"1102px,647px,408px\" data-height=\"8px,8px,8px\" data-responsive-scale=\"true,,\"><\/div>\n<\/div>\n<\/div>\n<script>\n(window.depicterSetups = window.depicterSetups || []).push(function(){\n\tDepicter.basePath = 'https:\/\/www.ull.es\/masteres\/uso-y-gestion-patrimonio-cultural\/wp-content\/plugins\/depicter\/resources\/scripts\/player\/';\n\tconst dpPlayer = Depicter.setup('.depicter-1',\n\t\t{\"width\":[\"1200\",\"1024\",\"360\"],\"height\":[\"450\",\"700\",\"360\"],\"view\":\"basic\",\"keepAspectRatio\":true,\"preload\":0,\"layout\":\"fullwidth\",\"rtl\":false,\"initAfterAppear\":false,\"ajaxApiUrl\":\"https:\\\/\\\/www.ull.es\\\/masteres\\\/uso-y-gestion-patrimonio-cultural\\\/wp-admin\\\/admin-ajax.php\",\"mouseSwipe\":true,\"touchSwipe\":true,\"useWatermark\":false}\n\t);\n});\n<\/script><\/div><\/div><\/div>\n<\/div><\/div>\n\n\n\n<div class=\"wp-block-stackable-columns alignfull stk-block-columns stk--hide-mobile stk-block stk-6394276 stk-block-background\" data-block-id=\"6394276\"><style>.stk-6394276 {background-color:#fa6199 !important;padding-top:50px !important;padding-right:0px !important;padding-bottom:1px !important;padding-left:0px !important;margin-top:-40px !important;margin-bottom:0px !important;}.stk-6394276:before{background-color:#fa6199 !important;}<\/style><div class=\"stk-row stk-inner-blocks stk-block-content stk-content-align stk-6394276-column alignfull\">\n<div class=\"wp-block-stackable-column stk-block-column stk-column stk-block stk-8a66885\" data-v=\"4\" data-block-id=\"8a66885\"><div class=\"stk-column-wrapper stk-block-column__content stk-container stk-8a66885-container stk--no-background stk--no-padding\"><div class=\"stk-block-content stk-inner-blocks stk-8a66885-inner-blocks\">\n<div class=\"wp-block-stackable-spacer stk-block-spacer stk--no-padding stk-block stk-bc89b3e\" data-block-id=\"bc89b3e\"><style>.stk-bc89b3e {height:0px !important;}<\/style><\/div>\n<\/div><\/div><\/div>\n<\/div><\/div>\n\n\n\n<div class=\"wp-block-stackable-columns stk-block-columns stk-block stk-8b59b96\" data-block-id=\"8b59b96\"><style>.stk-8b59b96 .stk--block-align-8b59b96{align-items:flex-start !important;}.stk-8b59b96 {margin-top:50px !important;}.stk-8b59b96-column{--stk-columns-spacing:0px !important;--stk-column-gap:50px !important;}@media screen and (max-width: 767px){.stk-8b59b96-column{row-gap:var(--stk--preset--spacing--60, 2.25rem) !important;}}<\/style><div class=\"stk-row stk-inner-blocks stk--block-align-8b59b96 stk-block-content stk-content-align stk-8b59b96-column\">\n<div class=\"wp-block-stackable-column stk-block-column stk-column stk-block stk-dbb7e15\" data-v=\"4\" data-block-id=\"dbb7e15\"><style>@media screen and (min-width: 768px){.stk-dbb7e15 {flex:var(--stk-flex-grow, 1) 1 66.7% !important;}}<\/style><div class=\"stk-column-wrapper stk-block-column__content stk-container stk-dbb7e15-container stk--no-background stk--no-padding\"><div class=\"stk-block-content stk-inner-blocks stk-dbb7e15-inner-blocks\">\n<div class=\"wp-block-stackable-heading stk-block-heading stk-block-heading--v2 stk-block stk-cc0239e\" id=\"complementos-de-formacion\" data-block-id=\"cc0239e\"><style>.stk-cc0239e .stk-block-heading__text{color:#fa6199 !important;font-weight:500 !important;}<\/style><h1 class=\"stk-block-heading__text has-text-color\">Coordinaci\u00f3n docente<\/h1><\/div>\n\n\n\n<div class=\"wp-block-stackable-text stk-block-text stk-block stk-95513a5\" data-block-id=\"95513a5\"><p class=\"stk-block-text__text\">El t\u00edtulo cuenta con las estructuras de coordinaci\u00f3n necesarias en sus diferentes niveles para garantizar que se organiza y desarrolla de manera adecuada. As\u00ed, para articular la coordinaci\u00f3n horizontal y vertical a nivel titulaci\u00f3n se cuenta con:<br>Direcci\u00f3n de Titulaci\u00f3n<br>Coordinaci\u00f3n de Titulaci\u00f3n, asimismo, responsable de evaluaci\u00f3n y tutela del alumnado<br>Comisi\u00f3n Acad\u00e9mica de Titulaci\u00f3n<br>Comisi\u00f3n \u00a0Docente del Profesorado, formada por el conjunto del profesorado<br>Coordinador\/a de Asignatura, puede consultarse en la gu\u00eda docente correspondiente.<br>Las citadas estructuras cuentan con los mecanismos de funcionamiento, coordinaci\u00f3n y reuniones peri\u00f3dicas para realizar el an\u00e1lisis del desarrollo de la titulaci\u00f3n.<\/p><\/div>\n\n\n\n<div class=\"wp-block-stackable-divider stk-block-divider stk-block stk-73fad38\" data-block-id=\"73fad38\"><style>.stk-73fad38 hr.stk-block-divider__hr{width:100% !important;}<\/style><hr class=\"stk-block-divider__hr\" \/><\/div>\n\n\n\n<div class=\"wp-block-stackable-heading stk-block-heading stk-block-heading--v2 stk-block stk-aa27de7\" id=\"complementos-de-formacion\" data-block-id=\"aa27de7\"><style>.stk-aa27de7 .stk-block-heading__text{color:#fa6199 !important;font-weight:500 !important;}<\/style><h1 class=\"stk-block-heading__text has-text-color\">Direcci\u00f3n y comisi\u00f3n acad\u00e9mica<\/h1><\/div>\n\n\n\n<style>\n    .shortcode-equipo h2 {\n        margin-bottom: 10px !important;\n    }\n<\/style>\n\n<div class=\"shortcode-equipo\">\n    <h2>Equipo de direcci\u00f3n<\/h2><dl><dt><strong>Direcci\u00f3n acad\u00e9mica:<\/strong><\/dt><dd><a href='https:\/\/www.ull.es\/directorio\/search\/?busqueda=Mar\u00eda Victoria Batista P\u00e9rez' target='_blank'>Mar\u00eda Victoria Batista P\u00e9rez<\/a><\/dd><dt><strong>Direcci\u00f3n Honoraria<\/strong><\/dt><dd> <a href='https:\/\/www.ull.es\/directorio\/search\/?busqueda=Francisco Aznar Vallejo (Profesor Honorario)' target='_blank'>Francisco Aznar Vallejo (Profesor Honorario)<\/a><\/dd><dt><strong>Direcci\u00f3n y coordinaci\u00f3n Acad\u00e9mica<\/strong><\/dt><dd> <a href='https:\/\/www.ull.es\/directorio\/search\/?busqueda=Mar\u00eda Victoria Batista P\u00e9rez' target='_blank'>Mar\u00eda Victoria Batista P\u00e9rez<\/a><\/dd><dt><strong>Direcci\u00f3n y coordinaci\u00f3n acad\u00e9mica<\/strong><\/dt><dd> <a href='https:\/\/www.ull.es\/directorio\/search\/?busqueda=Mar\u00eda Victoria Batista P\u00e9rez' target='_blank'>Mar\u00eda Victoria Batista P\u00e9rez<\/a><\/dd><\/dl><h2>Comisi\u00f3n acad\u00e9mica<\/h2><dl><dt><strong>Comisi\u00f3n acad\u00e9mica<\/strong><\/dt><dd> <a href='https:\/\/www.ull.es\/directorio\/search\/?busqueda=Francisco Aznar Vallejo' target='_blank'>Francisco Aznar Vallejo<\/a><\/dd><dd> <a href='https:\/\/www.ull.es\/directorio\/search\/?busqueda=Mar\u00eda Victoria Batista P\u00e9rez' target='_blank'>Mar\u00eda Victoria Batista P\u00e9rez<\/a><\/dd><dd> <a href='https:\/\/www.ull.es\/directorio\/search\/?busqueda=Jos\u00e9 Luis Rivero Ceballos' target='_blank'>Jos\u00e9 Luis Rivero Ceballos<\/a><\/dd><dd> <a href='https:\/\/www.ull.es\/directorio\/search\/?busqueda=Jes\u00fas Francisco Hern\u00e1ndez Hern\u00e1ndez' target='_blank'>Jes\u00fas Francisco Hern\u00e1ndez Hern\u00e1ndez<\/a><\/dd><dd> <a href='https:\/\/www.ull.es\/directorio\/search\/?busqueda=Mar\u00eda Luisa Hodgson Torres' target='_blank'>Mar\u00eda Luisa Hodgson Torres<\/a><\/dd><dd> <a href='https:\/\/www.ull.es\/directorio\/search\/?busqueda=M\u00aa Esther Ch\u00e1vez \u00c1lvarez' target='_blank'>M\u00aa Esther Ch\u00e1vez \u00c1lvarez<\/a><\/dd><dd> <a href='https:\/\/www.ull.es\/directorio\/search\/?busqueda=Jos\u00e9 Manuel Alonso L\u00f3pez' target='_blank'>Jos\u00e9 Manuel Alonso L\u00f3pez<\/a><\/dd><\/dl>\n<\/div>\n\n\n\n\n<h2 style=\"color:black !important\"><b>Otras Comisiones<\/b><\/h2>\n<a href=\"https:\/\/www.ull.es\/centros\/escuela-doctorado-estudios-posgrado\/informacion-general\/consejo-de-direccion\/#comisiones\" target=\"_blank\" rel=\"noopener\">Puede consultar las Comisiones vinculadas a la titulaci\u00f3n, accediendo al apartado correspondiente de la web de Centro\u00a0<\/a>\n<\/div><\/div><\/div>\n\n\n\n<div class=\"wp-block-stackable-column stk-block-column stk-column stk-block stk-53ec762\" data-v=\"4\" data-block-id=\"53ec762\"><style>.stk-53ec762-inner-blocks{row-gap:0px !important;}.stk-53ec762 {padding-top:0px !important;padding-right:0px !important;padding-bottom:0px !important;padding-left:0px !important;}@media screen and (min-width: 768px){.stk-53ec762 {flex:var(--stk-flex-grow, 1) 1 33.3% !important;}}<\/style><div class=\"stk-column-wrapper stk-block-column__content stk-container stk-53ec762-container stk--no-background stk--no-padding\"><div class=\"stk-block-content stk-inner-blocks stk-53ec762-inner-blocks\">\n\n<ul class=\"widget-box\">\n<li class='contacto-header'>Informaci\u00f3n de contacto<\/li><li><i class=\"fa fa-map-marker\"><\/i> Avda. Astrof\u00edsico Francisco S\u00e1nchez, SN. Edificio Calabaza \u2013 AN.2D Apdo. 456 38200 San Crist\u00f3bal de La Laguna<\/li><li><i class=\"fa fa-envelope\"><\/i>  <a href=mailto:master.usogestionpatrimonio@ull.es>master.usogestionpatrimonio@ull.es<\/a><\/li><li><i class=\"fa fa-archive\"><\/i><a href=\"https:\/\/sede.ull.es\/ecivilis-site\/catalog\/showProcedure\/484\"> Procedimiento para quejas, sugerencias y felicitaciones<\/a><\/li>\n<\/ul>\n\n\n<\/div><\/div><\/div>\n<\/div><\/div>\n","protected":false},"excerpt":{"rendered":"<p>Coordination p\u00e9dagogique\u00a0: Le programme d\u2019\u00e9tudes dispose des structures de coordination n\u00e9cessaires \u00e0 ses diff\u00e9rents niveaux pour assurer une organisation et un d\u00e9veloppement harmonieux. La coordination horizontale et verticale au niveau du programme est assur\u00e9e par les services suivants\u00a0: la Direction du programme, la Coordination du programme, le responsable de l\u2019\u00e9valuation et de l\u2019encadrement des \u00e9tudiants, le Comit\u00e9 acad\u00e9mique du programme, le Comit\u00e9 p\u00e9dagogique\u2026<\/p>","protected":false},"author":1,"featured_media":0,"parent":252,"menu_order":6,"comment_status":"closed","ping_status":"closed","template":"templates\/template-frontpage.php","meta":{"footnotes":""},"class_list":["post-42","page","type-page","status-publish","hentry"],"yoast_head":"<!-- This site is optimized with the Yoast SEO plugin v27.3 - https:\/\/yoast.com\/product\/yoast-seo-wordpress\/ -->\n<title>Coordinaci\u00f3n docente - Uso y Gesti\u00f3n del Patrimonio Cultural<\/title>\n<meta name=\"robots\" content=\"index, follow, max-snippet:-1, max-image-preview:large, max-video-preview:-1\" \/>\n<link rel=\"canonical\" href=\"https:\/\/www.ull.es\/masteres\/uso-y-gestion-patrimonio-cultural\/fr\/informacion-academica\/coordinacion-docente\/\" \/>\n<meta property=\"og:locale\" content=\"fr_FR\" \/>\n<meta property=\"og:type\" content=\"article\" \/>\n<meta property=\"og:title\" content=\"Coordinaci\u00f3n docente - Uso y Gesti\u00f3n del Patrimonio Cultural\" \/>\n<meta property=\"og:description\" content=\"Coordinaci\u00f3n docente El t\u00edtulo cuenta con las estructuras de coordinaci\u00f3n necesarias en sus diferentes niveles para garantizar que se organiza y desarrolla de manera adecuada. As\u00ed, para articular la coordinaci\u00f3n horizontal y vertical a nivel titulaci\u00f3n se cuenta con:Direcci\u00f3n de Titulaci\u00f3nCoordinaci\u00f3n de Titulaci\u00f3n, asimismo, responsable de evaluaci\u00f3n y tutela del alumnadoComisi\u00f3n Acad\u00e9mica de Titulaci\u00f3nComisi\u00f3n \u00a0Docente...\" \/>\n<meta property=\"og:url\" content=\"https:\/\/www.ull.es\/masteres\/uso-y-gestion-patrimonio-cultural\/fr\/informacion-academica\/coordinacion-docente\/\" \/>\n<meta property=\"og:site_name\" content=\"Uso y Gesti\u00f3n del Patrimonio Cultural\" \/>\n<meta property=\"article:modified_time\" content=\"2025-08-26T09:51:23+00:00\" \/>\n<meta name=\"twitter:card\" content=\"summary_large_image\" \/>\n<meta name=\"twitter:label1\" content=\"Dur\u00e9e de lecture estim\u00e9e\" \/>\n\t<meta name=\"twitter:data1\" content=\"1 minute\" \/>\n<script type=\"application\/ld+json\" class=\"yoast-schema-graph\">{\"@context\":\"https:\\\/\\\/schema.org\",\"@graph\":[{\"@type\":\"WebPage\",\"@id\":\"https:\\\/\\\/www.ull.es\\\/masteres\\\/uso-y-gestion-patrimonio-cultural\\\/fr\\\/informacion-academica\\\/coordinacion-docente\\\/\",\"url\":\"https:\\\/\\\/www.ull.es\\\/masteres\\\/uso-y-gestion-patrimonio-cultural\\\/fr\\\/informacion-academica\\\/coordinacion-docente\\\/\",\"name\":\"Coordinaci\u00f3n docente - Uso y Gesti\u00f3n del Patrimonio Cultural\",\"isPartOf\":{\"@id\":\"https:\\\/\\\/www.ull.es\\\/masteres\\\/uso-y-gestion-patrimonio-cultural\\\/#website\"},\"datePublished\":\"2017-06-28T13:01:59+00:00\",\"dateModified\":\"2025-08-26T09:51:23+00:00\",\"breadcrumb\":{\"@id\":\"https:\\\/\\\/www.ull.es\\\/masteres\\\/uso-y-gestion-patrimonio-cultural\\\/fr\\\/informacion-academica\\\/coordinacion-docente\\\/#breadcrumb\"},\"inLanguage\":\"fr-FR\",\"potentialAction\":[{\"@type\":\"ReadAction\",\"target\":[\"https:\\\/\\\/www.ull.es\\\/masteres\\\/uso-y-gestion-patrimonio-cultural\\\/fr\\\/informacion-academica\\\/coordinacion-docente\\\/\"]}]},{\"@type\":\"BreadcrumbList\",\"@id\":\"https:\\\/\\\/www.ull.es\\\/masteres\\\/uso-y-gestion-patrimonio-cultural\\\/fr\\\/informacion-academica\\\/coordinacion-docente\\\/#breadcrumb\",\"itemListElement\":[{\"@type\":\"ListItem\",\"position\":1,\"name\":\"Portada\",\"item\":\"https:\\\/\\\/www.ull.es\\\/masteres\\\/uso-y-gestion-patrimonio-cultural\\\/\"},{\"@type\":\"ListItem\",\"position\":2,\"name\":\"Informaci\u00f3n Acad\u00e9mica\",\"item\":\"https:\\\/\\\/www.ull.es\\\/masteres\\\/uso-y-gestion-patrimonio-cultural\\\/fr\\\/informacion-academica\\\/\"},{\"@type\":\"ListItem\",\"position\":3,\"name\":\"Coordinaci\u00f3n docente\"}]},{\"@type\":\"WebSite\",\"@id\":\"https:\\\/\\\/www.ull.es\\\/masteres\\\/uso-y-gestion-patrimonio-cultural\\\/#website\",\"url\":\"https:\\\/\\\/www.ull.es\\\/masteres\\\/uso-y-gestion-patrimonio-cultural\\\/\",\"name\":\"Uso y Gesti\u00f3n del Patrimonio Cultural\",\"description\":\"\",\"potentialAction\":[{\"@type\":\"SearchAction\",\"target\":{\"@type\":\"EntryPoint\",\"urlTemplate\":\"https:\\\/\\\/www.ull.es\\\/masteres\\\/uso-y-gestion-patrimonio-cultural\\\/?s={search_term_string}\"},\"query-input\":{\"@type\":\"PropertyValueSpecification\",\"valueRequired\":true,\"valueName\":\"search_term_string\"}}],\"inLanguage\":\"fr-FR\"}]}<\/script>\n<!-- \/ Yoast SEO plugin. -->","yoast_head_json":{"title":"Coordination p\u00e9dagogique - Utilisation et gestion du patrimoine culturel","robots":{"index":"index","follow":"follow","max-snippet":"max-snippet:-1","max-image-preview":"max-image-preview:large","max-video-preview":"max-video-preview:-1"},"canonical":"https:\/\/www.ull.es\/masteres\/uso-y-gestion-patrimonio-cultural\/fr\/informacion-academica\/coordinacion-docente\/","og_locale":"fr_FR","og_type":"article","og_title":"Coordinaci\u00f3n docente - Uso y Gesti\u00f3n del Patrimonio Cultural","og_description":"Coordinaci\u00f3n docente El t\u00edtulo cuenta con las estructuras de coordinaci\u00f3n necesarias en sus diferentes niveles para garantizar que se organiza y desarrolla de manera adecuada. As\u00ed, para articular la coordinaci\u00f3n horizontal y vertical a nivel titulaci\u00f3n se cuenta con:Direcci\u00f3n de Titulaci\u00f3nCoordinaci\u00f3n de Titulaci\u00f3n, asimismo, responsable de evaluaci\u00f3n y tutela del alumnadoComisi\u00f3n Acad\u00e9mica de Titulaci\u00f3nComisi\u00f3n \u00a0Docente...","og_url":"https:\/\/www.ull.es\/masteres\/uso-y-gestion-patrimonio-cultural\/fr\/informacion-academica\/coordinacion-docente\/","og_site_name":"Uso y Gesti\u00f3n del Patrimonio Cultural","article_modified_time":"2025-08-26T09:51:23+00:00","twitter_card":"summary_large_image","twitter_misc":{"Dur\u00e9e de lecture estim\u00e9e":"1 minute"},"schema":{"@context":"https:\/\/schema.org","@graph":[{"@type":"WebPage","@id":"https:\/\/www.ull.es\/masteres\/uso-y-gestion-patrimonio-cultural\/fr\/informacion-academica\/coordinacion-docente\/","url":"https:\/\/www.ull.es\/masteres\/uso-y-gestion-patrimonio-cultural\/fr\/informacion-academica\/coordinacion-docente\/","name":"Coordination p\u00e9dagogique - Utilisation et gestion du patrimoine culturel","isPartOf":{"@id":"https:\/\/www.ull.es\/masteres\/uso-y-gestion-patrimonio-cultural\/#website"},"datePublished":"2017-06-28T13:01:59+00:00","dateModified":"2025-08-26T09:51:23+00:00","breadcrumb":{"@id":"https:\/\/www.ull.es\/masteres\/uso-y-gestion-patrimonio-cultural\/fr\/informacion-academica\/coordinacion-docente\/#breadcrumb"},"inLanguage":"fr-FR","potentialAction":[{"@type":"ReadAction","target":["https:\/\/www.ull.es\/masteres\/uso-y-gestion-patrimonio-cultural\/fr\/informacion-academica\/coordinacion-docente\/"]}]},{"@type":"BreadcrumbList","@id":"https:\/\/www.ull.es\/masteres\/uso-y-gestion-patrimonio-cultural\/fr\/informacion-academica\/coordinacion-docente\/#breadcrumb","itemListElement":[{"@type":"ListItem","position":1,"name":"Portada","item":"https:\/\/www.ull.es\/masteres\/uso-y-gestion-patrimonio-cultural\/"},{"@type":"ListItem","position":2,"name":"Informaci\u00f3n Acad\u00e9mica","item":"https:\/\/www.ull.es\/masteres\/uso-y-gestion-patrimonio-cultural\/fr\/informacion-academica\/"},{"@type":"ListItem","position":3,"name":"Coordinaci\u00f3n docente"}]},{"@type":"WebSite","@id":"https:\/\/www.ull.es\/masteres\/uso-y-gestion-patrimonio-cultural\/#website","url":"https:\/\/www.ull.es\/masteres\/uso-y-gestion-patrimonio-cultural\/","name":"Utilisation et gestion du patrimoine culturel","description":"","potentialAction":[{"@type":"SearchAction","target":{"@type":"EntryPoint","urlTemplate":"https:\/\/www.ull.es\/masteres\/uso-y-gestion-patrimonio-cultural\/?s={search_term_string}"},"query-input":{"@type":"PropertyValueSpecification","valueRequired":true,"valueName":"search_term_string"}}],"inLanguage":"fr-FR"}]}},"_links":{"self":[{"href":"https:\/\/www.ull.es\/masteres\/uso-y-gestion-patrimonio-cultural\/fr\/wp-json\/wp\/v2\/pages\/42","targetHints":{"allow":["GET"]}}],"collection":[{"href":"https:\/\/www.ull.es\/masteres\/uso-y-gestion-patrimonio-cultural\/fr\/wp-json\/wp\/v2\/pages"}],"about":[{"href":"https:\/\/www.ull.es\/masteres\/uso-y-gestion-patrimonio-cultural\/fr\/wp-json\/wp\/v2\/types\/page"}],"author":[{"embeddable":true,"href":"https:\/\/www.ull.es\/masteres\/uso-y-gestion-patrimonio-cultural\/fr\/wp-json\/wp\/v2\/users\/1"}],"replies":[{"embeddable":true,"href":"https:\/\/www.ull.es\/masteres\/uso-y-gestion-patrimonio-cultural\/fr\/wp-json\/wp\/v2\/comments?post=42"}],"version-history":[{"count":15,"href":"https:\/\/www.ull.es\/masteres\/uso-y-gestion-patrimonio-cultural\/fr\/wp-json\/wp\/v2\/pages\/42\/revisions"}],"predecessor-version":[{"id":934,"href":"https:\/\/www.ull.es\/masteres\/uso-y-gestion-patrimonio-cultural\/fr\/wp-json\/wp\/v2\/pages\/42\/revisions\/934"}],"up":[{"embeddable":true,"href":"https:\/\/www.ull.es\/masteres\/uso-y-gestion-patrimonio-cultural\/fr\/wp-json\/wp\/v2\/pages\/252"}],"wp:attachment":[{"href":"https:\/\/www.ull.es\/masteres\/uso-y-gestion-patrimonio-cultural\/fr\/wp-json\/wp\/v2\/media?parent=42"}],"curies":[{"name":"wp","href":"https:\/\/api.w.org\/{rel}","templated":true}]}}