{"id":14,"date":"2023-10-17T15:16:31","date_gmt":"2023-10-17T15:16:31","guid":{"rendered":"https:\/\/www.ull.es\/observatorio-formacion-empleo\/?page_id=14"},"modified":"2025-09-10T11:43:06","modified_gmt":"2025-09-10T11:43:06","slug":"inicio","status":"publish","type":"page","link":"https:\/\/www.ull.es\/observatorio-formacion-empleo\/fr\/","title":{"rendered":"Commencer"},"content":{"rendered":"<div class=\"wp-block-stackable-columns alignfull stk-block-columns stk-block stk-3ba562c\" data-block-id=\"3ba562c\"><style>.stk-3ba562c {margin-top:-30px !important;margin-bottom:80px !important;}@media screen and (max-width: 767px){.stk-3ba562c {margin-top:-55px !important;}}<\/style><div class=\"stk-row stk-inner-blocks stk-block-content stk-content-align stk-3ba562c-column alignfull\">\n<div class=\"wp-block-stackable-column stk-block-column stk-column stk-block stk-b2c7652\" data-v=\"4\" data-block-id=\"b2c7652\"><div class=\"stk-column-wrapper stk-block-column__content stk-container stk-b2c7652-container stk--no-background stk--no-padding\"><div class=\"stk-block-content stk-inner-blocks stk-b2c7652-inner-blocks\">\n<div class=\"wp-block-stackable-carousel stk-block-carousel stk--is-slide stk--arrows-justify-space-between stk--arrows-align-center stk-block stk-2da8302\" data-slides-to-show=\"\" data-block-id=\"2da8302\"><style>.stk-2da8302 {--gap:0px !important;}.stk-2da8302 .stk-block-carousel__button{background:#5c068c !important;fill:#ffffff !important;}.stk-2da8302 .stk-block-carousel__button svg.ugb-custom-icon :is(g, path, rect, polygon, ellipse){fill:#ffffff !important;}<\/style><div class=\"stk-block-carousel__content-wrapper\"><div class=\"stk-row stk-inner-blocks stk-block-content stk-block-carousel__slider-wrapper stk-content-align stk-2da8302-column\"><div class=\"stk-block-carousel__slider\" role=\"list\" data-autoplay=\"4000\" data-label-slide-of=\"Slide %%d of %%d\">\n<div class=\"wp-block-stackable-column stk-block-column stk-column stk-block stk-d03c74a stk-block-background stk--has-background-overlay\" data-v=\"4\" data-block-id=\"d03c74a\"><style>.stk-d03c74a-inner-blocks{align-items:center !important;}.stk-d03c74a {background-image:url(http:\/\/www.ull.es\/observatorio-formacion-empleo\/wp-content\/uploads\/sites\/21\/2023\/10\/124.jpg) !important;background-position:top left !important;min-height:0px !important;align-items:center !important;display:flex !important;}.stk-d03c74a-container{min-height:0px !important;}<\/style><div class=\"stk-column-wrapper stk-block-column__content stk-container stk-d03c74a-container stk--no-background stk--no-padding\"><div class=\"stk--column-flex stk-block-content stk-inner-blocks stk-d03c74a-inner-blocks\">\n<div class=\"wp-block-stackable-heading stk-block-heading stk-block-heading--v2 stk-block stk-4dedf98\" id=\"observatorio-de-formacion-y-empleo\" data-block-id=\"4dedf98\"><style>.stk-4dedf98 .stk-block-heading__text{font-size:45px !important;color:#ffffff !important;font-weight:600 !important;font-family:\"Montserrat\", Sans-serif !important;}@media screen and (max-width: 1023px){.stk-4dedf98 .stk-block-heading__text{font-size:45px !important;}}<\/style><h2 class=\"stk-block-heading__text has-text-color has-text-align-center\">Observatoire de la formation et de l&#039;emploi<\/h2><\/div>\n\n\n\n<div class=\"wp-block-stackable-heading aligncenter stk-block-heading stk-block-heading--v2 stk-block stk-52d2f22 animated fadeIn delay-2s\" id=\"una-apuesta-para-impulsar-el-crecimiento-profesional-y-personal-a-lo-largo-de-la-vida\" data-block-id=\"52d2f22\"><style>.stk-52d2f22 {max-width:500px !important;min-width:auto !important;}.stk-52d2f22 .stk-block-heading__text{font-size:25px !important;color:#ffffff !important;font-weight:600 !important;font-family:\"Montserrat\", Sans-serif !important;}@media screen and (max-width: 1023px){.stk-52d2f22 .stk-block-heading__text{font-size:25px !important;}}<\/style><h2 class=\"stk-block-heading__text has-text-color has-text-align-center\">Un engagement \u00e0 promouvoir la croissance professionnelle et personnelle tout au long de la vie<\/h2><\/div>\n<\/div><\/div><\/div>\n\n\n\n<div class=\"wp-block-stackable-column stk-block-column stk-column stk-block stk-0670f19 stk-block-background stk--has-background-overlay\" data-v=\"4\" data-block-id=\"0670f19\"><style>.stk-0670f19-inner-blocks{align-items:center !important;}.stk-0670f19 {background-image:url(http:\/\/www.ull.es\/observatorio-formacion-empleo\/wp-content\/uploads\/sites\/21\/2023\/10\/123.jpg) !important;background-position:top left !important;min-height:500px !important;align-items:center !important;display:flex !important;}<\/style><div class=\"stk-column-wrapper stk-block-column__content stk-container stk-0670f19-container stk--no-background stk--no-padding\"><div class=\"stk--column-flex stk-block-content stk-inner-blocks stk-0670f19-inner-blocks\">\n<div class=\"wp-block-stackable-heading stk-block-heading stk-block-heading--v2 stk-block stk-a7545bd\" id=\"observatorio-de-formacion-y-empleo\" data-block-id=\"a7545bd\"><style>.stk-a7545bd .stk-block-heading__text{font-size:45px !important;color:#ffffff !important;font-weight:600 !important;font-family:\"Montserrat\", Sans-serif !important;}@media screen and (max-width: 1023px){.stk-a7545bd .stk-block-heading__text{font-size:45px !important;}}<\/style><h2 class=\"stk-block-heading__text has-text-color has-text-align-center\">Observatoire de la formation et de l&#039;emploi<\/h2><\/div>\n\n\n\n<div class=\"wp-block-stackable-heading aligncenter stk-block-heading stk-block-heading--v2 stk-block stk-668a7f6 animated fadeIn delay-4s\" id=\"la-universidad-de-la-laguna-por-la-mejora-de-la-empleabilidad-y-el-desarrollo-sostenible-de-canarias\" data-block-id=\"668a7f6\"><style>.stk-668a7f6 {max-width:500px !important;min-width:auto !important;}.stk-668a7f6 .stk-block-heading__text{font-size:25px !important;color:#ffffff !important;font-weight:600 !important;font-family:\"Montserrat\", Sans-serif !important;}@media screen and (max-width: 1023px){.stk-668a7f6 .stk-block-heading__text{font-size:25px !important;}}<\/style><h2 class=\"stk-block-heading__text has-text-color has-text-align-center\">L&#039;Universit\u00e9 de La Laguna pour l&#039;am\u00e9lioration de l&#039;employabilit\u00e9 et du d\u00e9veloppement durable aux \u00eeles Canaries<\/h2><\/div>\n<\/div><\/div><\/div>\n\n\n\n<div class=\"wp-block-stackable-column stk-block-column stk-column stk-block stk-1385b28 stk-block-background stk--has-background-overlay\" data-v=\"4\" data-block-id=\"1385b28\"><style>.stk-1385b28-inner-blocks{align-items:center !important;}.stk-1385b28 {background-image:url(http:\/\/www.ull.es\/observatorio-formacion-empleo\/wp-content\/uploads\/sites\/21\/2023\/10\/125.jpg) !important;min-height:500px !important;align-items:center !important;display:flex !important;}<\/style><div class=\"stk-column-wrapper stk-block-column__content stk-container stk-1385b28-container stk--no-background stk--no-padding\"><div class=\"stk--column-flex stk-block-content stk-inner-blocks stk-1385b28-inner-blocks\">\n<div class=\"wp-block-stackable-heading stk-block-heading stk-block-heading--v2 stk-block stk-5ec5266\" id=\"observatorio-de-formacion-y-empleo\" data-block-id=\"5ec5266\"><style>.stk-5ec5266 .stk-block-heading__text{font-size:45px !important;color:#ffffff !important;font-weight:600 !important;font-family:\"Montserrat\", Sans-serif !important;}@media screen and (max-width: 1023px){.stk-5ec5266 .stk-block-heading__text{font-size:45px !important;}}<\/style><h2 class=\"stk-block-heading__text has-text-color has-text-align-center\">Observatoire de la formation et de l&#039;emploi<\/h2><\/div>\n\n\n\n<div class=\"wp-block-stackable-heading aligncenter stk-block-heading stk-block-heading--v2 stk-block stk-7a2db15 animated fadeIn o-anim-custom-delay o-anim-value-delay-6s\" id=\"construyendo-conocimiento-para-una-educacion-y-empleo-de-calidad\" data-block-id=\"7a2db15\"><style>.stk-7a2db15 {max-width:500px !important;min-width:auto !important;}.stk-7a2db15 .stk-block-heading__text{font-size:25px !important;color:#ffffff !important;font-weight:600 !important;font-family:\"Montserrat\", Sans-serif !important;}@media screen and (max-width: 1023px){.stk-7a2db15 .stk-block-heading__text{font-size:25px !important;}}<\/style><h2 class=\"stk-block-heading__text has-text-color has-text-align-center\">D\u00e9velopper les connaissances pour une \u00e9ducation et un emploi de qualit\u00e9<\/h2><\/div>\n<\/div><\/div><\/div>\n<\/div><div class=\"stk-block-carousel__buttons\"><button class=\"stk-block-carousel__button stk-block-carousel__button__prev\" aria-label=\"Diapositive pr\u00e9c\u00e9dente\"><svg aria-hidden=\"true\" data-prefix=\"fas\" data-icon=\"chevron-left\" class=\"svg-inline--fa fa-chevron-left\" xmlns=\"http:\/\/www.w3.org\/2000\/svg\" viewbox=\"0 0 320 512\" width=\"32\" height=\"32\"><path d=\"M34.52 239.03L228.87 44.69c9.37-9.37 24.57-9.37 33.94 0l22.67 22.67c9.36 9.36 9.37 24.52.04 33.9L131.49 256l154.02 154.75c9.34 9.38 9.32 24.54-.04 33.9l-22.67 22.67c-9.37 9.37-24.57 9.37-33.94 0L34.52 272.97c-9.37-9.37-9.37-24.57 0-33.94z\"><\/path><\/svg><\/button><button class=\"stk-block-carousel__button stk-block-carousel__button__next\" aria-label=\"Diapositive suivante\"><svg aria-hidden=\"true\" data-prefix=\"fas\" data-icon=\"chevron-right\" class=\"svg-inline--fa fa-chevron-right\" xmlns=\"http:\/\/www.w3.org\/2000\/svg\" viewbox=\"0 0 320 512\" width=\"32\" height=\"32\"><path d=\"M285.476 272.971L91.132 467.314c-9.373 9.373-24.569 9.373-33.941 0l-22.667-22.667c-9.357-9.357-9.375-24.522-.04-33.901L188.505 256 34.484 101.255c-9.335-9.379-9.317-24.544.04-33.901l22.667-22.667c9.373-9.373 24.569-9.373 33.941 0L285.475 239.03c9.373 9.372 9.373 24.568.001 33.941z\"><\/path><\/svg><\/button><\/div><\/div><\/div><\/div>\n<\/div><\/div><\/div>\n<\/div><\/div>\n\n\n\n<div class=\"wp-block-stackable-columns alignwide stk-block-columns stk-block stk-d971ec8\" data-block-id=\"d971ec8\"><style>.stk-d971ec8 {margin-bottom:23px !important;}<\/style><div class=\"stk-row stk-inner-blocks stk-block-content stk-content-align stk-d971ec8-column alignwide\">\n<div class=\"wp-block-stackable-column stk-block-column stk-column stk-block stk-72f793a\" data-v=\"4\" data-block-id=\"72f793a\"><div class=\"stk-column-wrapper stk-block-column__content stk-container stk-72f793a-container stk--no-background stk--no-padding\"><div class=\"stk-block-content stk-inner-blocks stk-72f793a-inner-blocks\">\n<div class=\"wp-block-stackable-heading stk-block-heading stk-block-heading--v2 stk-block stk-40b7231\" id=\"estadisticas-y-datos\" data-block-id=\"40b7231\"><style>.stk-40b7231 {padding-left:12% !important;margin-bottom:12px !important;}.stk-40b7231 .stk-block-heading__text{font-size:26px !important;color:#5c068c !important;font-weight:600 !important;font-family:\"Montserrat\", Sans-serif !important;}@media screen and (max-width: 1023px){.stk-40b7231 .stk-block-heading__text{font-size:26px !important;}}<\/style><h2 class=\"stk-block-heading__text has-text-color\">Statistiques et donn\u00e9es<\/h2><\/div>\n\n\n\n<div class=\"wp-block-stackable-image stk-block-image stk-block stk-988aeed\" data-block-id=\"988aeed\"><style>.stk-988aeed {border-top-left-radius:15px !important;border-top-right-radius:15px !important;border-bottom-right-radius:15px !important;border-bottom-left-radius:15px !important;overflow:hidden !important;}.stk-988aeed .stk-img-wrapper{width:75% !important;}.stk-988aeed .stk-img-wrapper img{border-radius:10px !important;}<\/style><figure><a class=\"stk-link\" href=\"https:\/\/www.ull.es\/observatorio-formacion-empleo\/estadisticas-y-datos\/\" target=\"_blank\" rel=\"noopener\"><span class=\"stk-img-wrapper stk-image--shape-stretch\"><img loading=\"lazy\" decoding=\"async\" class=\"stk-img wp-image-32\" src=\"http:\/\/www.ull.es\/observatorio-formacion-empleo\/wp-content\/uploads\/sites\/21\/2023\/10\/empresarios-que-trabajan-finanzas-contabilidad-analizan-financi.jpg\" width=\"1500\" height=\"988\" srcset=\"https:\/\/www.ull.es\/observatorio-formacion-empleo\/wp-content\/uploads\/sites\/21\/2023\/10\/empresarios-que-trabajan-finanzas-contabilidad-analizan-financi.jpg 1500w, https:\/\/www.ull.es\/observatorio-formacion-empleo\/wp-content\/uploads\/sites\/21\/2023\/10\/empresarios-que-trabajan-finanzas-contabilidad-analizan-financi-300x198.jpg 300w, https:\/\/www.ull.es\/observatorio-formacion-empleo\/wp-content\/uploads\/sites\/21\/2023\/10\/empresarios-que-trabajan-finanzas-contabilidad-analizan-financi-1024x674.jpg 1024w, https:\/\/www.ull.es\/observatorio-formacion-empleo\/wp-content\/uploads\/sites\/21\/2023\/10\/empresarios-que-trabajan-finanzas-contabilidad-analizan-financi-768x506.jpg 768w, https:\/\/www.ull.es\/observatorio-formacion-empleo\/wp-content\/uploads\/sites\/21\/2023\/10\/empresarios-que-trabajan-finanzas-contabilidad-analizan-financi-375x247.jpg 375w, https:\/\/www.ull.es\/observatorio-formacion-empleo\/wp-content\/uploads\/sites\/21\/2023\/10\/empresarios-que-trabajan-finanzas-contabilidad-analizan-financi-750x494.jpg 750w, https:\/\/www.ull.es\/observatorio-formacion-empleo\/wp-content\/uploads\/sites\/21\/2023\/10\/empresarios-que-trabajan-finanzas-contabilidad-analizan-financi-1140x751.jpg 1140w\" sizes=\"auto, (max-width: 1500px) 100vw, 1500px\" \/><\/span><\/a><\/figure><\/div>\n<\/div><\/div><\/div>\n\n\n\n<div class=\"wp-block-stackable-column stk-block-column stk-column stk-block stk-949c8fe\" data-v=\"4\" data-block-id=\"949c8fe\"><div class=\"stk-column-wrapper stk-block-column__content stk-container stk-949c8fe-container stk--no-background stk--no-padding\"><div class=\"stk-block-content stk-inner-blocks stk-949c8fe-inner-blocks\">\n<div class=\"wp-block-stackable-heading stk-block-heading stk-block-heading--v2 stk-block stk-b9751ff\" id=\"estudios-y-publicaciones\" data-block-id=\"b9751ff\"><style>.stk-b9751ff {padding-left:12% !important;margin-bottom:12px !important;}.stk-b9751ff .stk-block-heading__text{font-size:26px !important;color:#5c068c !important;font-weight:600 !important;font-family:\"Montserrat\", Sans-serif !important;}@media screen and (max-width: 1023px){.stk-b9751ff .stk-block-heading__text{font-size:26px !important;}}<\/style><h2 class=\"stk-block-heading__text has-text-color\">\u00c9tudes et publications<\/h2><\/div>\n\n\n\n<div class=\"wp-block-stackable-image stk-block-image stk-block stk-8b419f3\" data-block-id=\"8b419f3\"><style>.stk-8b419f3 {border-top-left-radius:15px !important;border-top-right-radius:15px !important;border-bottom-right-radius:15px !important;border-bottom-left-radius:15px !important;overflow:hidden !important;}.stk-8b419f3 .stk-img-wrapper{width:75% !important;}.stk-8b419f3 .stk-img-wrapper img{border-radius:10px !important;}<\/style><figure><a class=\"stk-link\" href=\"https:\/\/www.ull.es\/observatorio-formacion-empleo\/estudios-y-publicaciones\/\" target=\"_blank\" rel=\"noopener\"><span class=\"stk-img-wrapper stk-image--shape-stretch\"><img loading=\"lazy\" decoding=\"async\" class=\"stk-img wp-image-31\" src=\"http:\/\/www.ull.es\/observatorio-formacion-empleo\/wp-content\/uploads\/sites\/21\/2023\/10\/cerrar-gente-estudiando-juntos.jpg\" width=\"1500\" height=\"1001\" srcset=\"https:\/\/www.ull.es\/observatorio-formacion-empleo\/wp-content\/uploads\/sites\/21\/2023\/10\/cerrar-gente-estudiando-juntos.jpg 1500w, https:\/\/www.ull.es\/observatorio-formacion-empleo\/wp-content\/uploads\/sites\/21\/2023\/10\/cerrar-gente-estudiando-juntos-300x200.jpg 300w, https:\/\/www.ull.es\/observatorio-formacion-empleo\/wp-content\/uploads\/sites\/21\/2023\/10\/cerrar-gente-estudiando-juntos-1024x683.jpg 1024w, https:\/\/www.ull.es\/observatorio-formacion-empleo\/wp-content\/uploads\/sites\/21\/2023\/10\/cerrar-gente-estudiando-juntos-768x513.jpg 768w, https:\/\/www.ull.es\/observatorio-formacion-empleo\/wp-content\/uploads\/sites\/21\/2023\/10\/cerrar-gente-estudiando-juntos-375x250.jpg 375w, https:\/\/www.ull.es\/observatorio-formacion-empleo\/wp-content\/uploads\/sites\/21\/2023\/10\/cerrar-gente-estudiando-juntos-750x501.jpg 750w, https:\/\/www.ull.es\/observatorio-formacion-empleo\/wp-content\/uploads\/sites\/21\/2023\/10\/cerrar-gente-estudiando-juntos-1140x761.jpg 1140w\" sizes=\"auto, (max-width: 1500px) 100vw, 1500px\" \/><\/span><\/a><\/figure><\/div>\n<\/div><\/div><\/div>\n<\/div><\/div>\n\n\n\n<div class=\"wp-block-stackable-columns stk-block-columns stk-block stk-d09dd88\" data-block-id=\"d09dd88\"><div class=\"stk-row stk-inner-blocks stk-block-content stk-content-align stk-d09dd88-column\">\n<div class=\"wp-block-stackable-column stk-block-column stk-column stk-block stk-889a27a\" data-v=\"4\" data-block-id=\"889a27a\"><div class=\"stk-column-wrapper stk-block-column__content stk-container stk-889a27a-container stk--no-background stk--no-padding\"><div class=\"has-text-align-left stk-block-content stk-inner-blocks stk-889a27a-inner-blocks\">\n<h2 class=\"wp-block-heading has-text-align-center\">NOUVELLES<\/h2>\n<\/div><\/div><\/div>\n<\/div><\/div>\n\n\n\n<div class=\"wp-block-stackable-posts stk-block-posts has-text-align-left stk--has-container stk-block stk-27e5fb5 is-style-default\" data-v=\"2\" data-block-id=\"27e5fb5\"><style>.stk-27e5fb5 {--stk-columns:1 !important;--stk-column-gap:0px !important;box-shadow:none !important;border-style:solid !important;border-top-width:0px !important;border-right-width:0px !important;border-bottom-width:0px !important;border-left-width:0px !important;}.stk-27e5fb5-container .stk-block-posts__image-link{margin-bottom:13px !important;}.stk-27e5fb5 .stk-block-posts__title{margin-bottom:14px !important;}.stk-27e5fb5 .stk-block-posts__category{margin-bottom:0px !important;}.stk-27e5fb5 .stk-block-posts__excerpt{margin-bottom:0px !important;}.stk-27e5fb5-container{max-width:1500px !important;min-width:auto !important;}.stk-27e5fb5 .stk-img-wrapper{width:100% !important;height:282px !important;filter:drop-shadow(none) !important;--stk-gradient-overlay:0.3 !important;}.stk-27e5fb5 .stk-img-wrapper img{transform:scale(1) !important;border-radius:0px !important;object-position:51% 50% !important;object-fit:contain !important;}.stk-27e5fb5 .stk-img-wrapper::after, .stk-27e5fb5 .stk-img-wrapper::before{mix-blend-mode:normal !important;}.stk-27e5fb5 .stk-block-posts__items{row-gap:0px !important;}<\/style><div class=\"stk-inner-blocks stk-content-align stk-27e5fb5-column\"><div class=\"stk-block-posts__items\"><\/div><div class=\"stk-inner-blocks\"><\/div><\/div><\/div>","protected":false},"excerpt":{"rendered":"<p>Statistiques et donn\u00e9es \u00c9tudes et publications ACTUALIT\u00c9S<\/p>","protected":false},"author":60,"featured_media":0,"parent":0,"menu_order":0,"comment_status":"closed","ping_status":"closed","template":"templates\/template-frontpage.php","meta":{"footnotes":""},"class_list":["post-14","page","type-page","status-publish","hentry"],"_links":{"self":[{"href":"https:\/\/www.ull.es\/observatorio-formacion-empleo\/fr\/wp-json\/wp\/v2\/pages\/14","targetHints":{"allow":["GET"]}}],"collection":[{"href":"https:\/\/www.ull.es\/observatorio-formacion-empleo\/fr\/wp-json\/wp\/v2\/pages"}],"about":[{"href":"https:\/\/www.ull.es\/observatorio-formacion-empleo\/fr\/wp-json\/wp\/v2\/types\/page"}],"author":[{"embeddable":true,"href":"https:\/\/www.ull.es\/observatorio-formacion-empleo\/fr\/wp-json\/wp\/v2\/users\/60"}],"replies":[{"embeddable":true,"href":"https:\/\/www.ull.es\/observatorio-formacion-empleo\/fr\/wp-json\/wp\/v2\/comments?post=14"}],"version-history":[{"count":156,"href":"https:\/\/www.ull.es\/observatorio-formacion-empleo\/fr\/wp-json\/wp\/v2\/pages\/14\/revisions"}],"predecessor-version":[{"id":554,"href":"https:\/\/www.ull.es\/observatorio-formacion-empleo\/fr\/wp-json\/wp\/v2\/pages\/14\/revisions\/554"}],"wp:attachment":[{"href":"https:\/\/www.ull.es\/observatorio-formacion-empleo\/fr\/wp-json\/wp\/v2\/media?parent=14"}],"curies":[{"name":"wp","href":"https:\/\/api.w.org\/{rel}","templated":true}]}}