{"id":28,"date":"2023-10-18T10:36:14","date_gmt":"2023-10-18T10:36:14","guid":{"rendered":"https:\/\/www.ull.es\/observatorio-formacion-empleo\/?page_id=28"},"modified":"2025-11-17T12:18:46","modified_gmt":"2025-11-17T12:18:46","slug":"estadisticas-y-datos","status":"publish","type":"page","link":"https:\/\/www.ull.es\/observatorio-formacion-empleo\/fr\/estadisticas-y-datos\/","title":{"rendered":"Statistiques et donn\u00e9es"},"content":{"rendered":"<div class=\"wp-block-stackable-columns alignfull stk-block-columns stk-block stk-046da40 stk-block-background stk--has-background-overlay\" data-block-id=\"046da40\"><style>.stk-046da40 {background-color:#00000054 !important;background-image:url(http:\/\/www.ull.es\/observatorio-formacion-empleo\/wp-content\/uploads\/sites\/21\/2023\/10\/1200x800_0021_.jpg) !important;background-position:center center !important;min-height:300px !important;align-items:center !important;margin-top:-30px !important;margin-bottom:0px !important;display:flex !important;}.stk-046da40:before{background-color:#00000054 !important;opacity:0.5 !important;}<\/style><div class=\"stk-row stk-inner-blocks stk-block-content stk-content-align stk-046da40-column alignfull\">\n<div class=\"wp-block-stackable-column stk-block-column stk-column stk-block stk-2aca950\" data-v=\"4\" data-block-id=\"2aca950\"><div class=\"stk-column-wrapper stk-block-column__content stk-container stk-2aca950-container stk--no-background stk--no-padding\"><div class=\"stk-block-content stk-inner-blocks stk-2aca950-inner-blocks\">\n<div class=\"wp-block-stackable-heading stk-block-heading stk-block-heading--v2 stk-block stk-47073ce\" id=\"estadisticas-y-datos\" data-block-id=\"47073ce\"><style>.stk-47073ce .stk-block-heading__text{text-shadow:-3px 3px 4px #3b016cc2 !important;font-size:35px !important;color:#ffffff !important;font-weight:600 !important;font-family:\"Montserrat\", Sans-serif !important;}@media screen and (max-width: 1023px){.stk-47073ce .stk-block-heading__text{font-size:35px !important;}}<\/style><h2 class=\"stk-block-heading__text has-text-color has-text-align-center\">Statistiques et donn\u00e9es<\/h2><\/div>\n<\/div><\/div><\/div>\n<\/div><\/div>\n\n\n\n<div class=\"wp-block-stackable-columns alignfull stk-block-columns stk-block stk-0359e53\" data-block-id=\"0359e53\"><style>.stk-0359e53 {margin-top:var(--stk--preset--spacing--70, 3.38rem) !important;margin-bottom:var(--stk--preset--spacing--70, 3.38rem) !important;}<\/style><div class=\"stk-row stk-inner-blocks stk-block-content stk-content-align stk-0359e53-column alignwide\">\n<div class=\"wp-block-stackable-column stk-block-column stk-column stk-block stk-63c526d\" data-v=\"4\" data-block-id=\"63c526d\"><div class=\"stk-column-wrapper stk-block-column__content stk-container stk-63c526d-container stk--no-background stk--no-padding\"><div class=\"stk-block-content stk-inner-blocks stk-63c526d-inner-blocks\">\n<div class=\"wp-block-stackable-columns stk-block-columns stk-block stk-20e8b2c\" data-block-id=\"20e8b2c\"><div class=\"stk-row stk-inner-blocks stk-block-content stk-content-align stk-20e8b2c-column\">\n<div class=\"wp-block-stackable-column stk-block-column stk-column stk-block stk-4773b65\" data-v=\"4\" data-block-id=\"4773b65\"><div class=\"stk-column-wrapper stk-block-column__content stk-container stk-4773b65-container stk--no-background stk--no-padding\"><div class=\"stk-block-content stk-inner-blocks stk-4773b65-inner-blocks\">\n<div class=\"wp-block-group is-nowrap is-layout-flex wp-container-core-group-is-layout-ad2f72ca wp-block-group-is-layout-flex\">\n<div class=\"wp-block-stackable-card stk-block-card stk-block stk-1254f71 is-style-default\" data-v=\"2\" data-block-id=\"1254f71\"><style>.stk-1254f71 {border-style:solid !important;}.stk-1254f71 .stk-block-card__image img{transform:scale(1) !important;object-position:52% 4% !important;}<\/style><div class=\"stk--no-padding stk-container stk-1254f71-container stk-hover-parent\"><figure class=\"stk-block-card__image stk-img-wrapper stk-image--shape-stretch\"><img loading=\"lazy\" decoding=\"async\" class=\"stk-img wp-image-582\" src=\"http:\/\/www.ull.es\/observatorio-formacion-empleo\/wp-content\/uploads\/sites\/21\/2025\/09\/image.jpg\" width=\"624\" height=\"869\" srcset=\"https:\/\/www.ull.es\/observatorio-formacion-empleo\/wp-content\/uploads\/sites\/21\/2025\/09\/image.jpg 624w, https:\/\/www.ull.es\/observatorio-formacion-empleo\/wp-content\/uploads\/sites\/21\/2025\/09\/image-215x300.jpg 215w, https:\/\/www.ull.es\/observatorio-formacion-empleo\/wp-content\/uploads\/sites\/21\/2025\/09\/image-9x12.jpg 9w, https:\/\/www.ull.es\/observatorio-formacion-empleo\/wp-content\/uploads\/sites\/21\/2025\/09\/image-375x522.jpg 375w\" sizes=\"auto, (max-width: 624px) 100vw, 624px\" \/><\/figure><div class=\"stk-container-padding stk-block-card__content\"><div class=\"stk-block-content stk-inner-blocks stk-1254f71-inner-blocks\">\n<div class=\"wp-block-stackable-heading stk-block-heading stk-block-heading--v2 stk-block stk-400a443\" id=\"c-title-3-placeholder\" data-block-id=\"400a443\"><h3 class=\"stk-block-heading__text\"><strong><a href=\"https:\/\/app.powerbi.com\/view?r=eyJrIjoiMDBhYTI4NTgtMTNjNy00ZDNmLTllYTctZDFmZmQwM2RmMjNhIiwidCI6IjMyOGJkMzc4LTJiNDItNDAyMS05ODQyLTgyN2FiNmU4M2Y0ZiIsImMiOjh9\" data-type=\"link\" data-id=\"https:\/\/app.powerbi.com\/view?r=eyJrIjoiMDBhYTI4NTgtMTNjNy00ZDNmLTllYTctZDFmZmQwM2RmMjNhIiwidCI6IjMyOGJkMzc4LTJiNDItNDAyMS05ODQyLTgyN2FiNmU4M2Y0ZiIsImMiOjh9\" target=\"_blank\" rel=\"noreferrer noopener\">Analyse de la relation entre la formation et le march\u00e9 du travail \u00e0 travers l&#039;EPA (2025)<\/a><\/strong><a href=\"https:\/\/app.powerbi.com\/view?r=eyJrIjoiZTAzMDE2YTYtMDYwMS00YTUwLTk3MWMtNWNmMTIyNzFhNGUwIiwidCI6IjMyOGJkMzc4LTJiNDItNDAyMS05ODQyLTgyN2FiNmU4M2Y0ZiIsImMiOjh9&amp;pageName=e51a167960ac80c251e1\" data-type=\"link\" data-id=\"https:\/\/app.powerbi.com\/view?r=eyJrIjoiZTAzMDE2YTYtMDYwMS00YTUwLTk3MWMtNWNmMTIyNzFhNGUwIiwidCI6IjMyOGJkMzc4LTJiNDItNDAyMS05ODQyLTgyN2FiNmU4M2Y0ZiIsImMiOjh9&amp;pageName=e51a167960ac80c251e1\" target=\"_blank\" rel=\"noreferrer noopener\"><strong>)<\/strong><\/a><\/h3><\/div>\n\n\n\n<div class=\"wp-block-stackable-subtitle stk-block-subtitle stk-block stk-e625489\" data-block-id=\"e625489\"><p class=\"stk-block-subtitle__text stk-subtitle\">Power BI<\/p><\/div>\n\n\n\n<div class=\"wp-block-stackable-text stk-block-text stk-block stk-e27d450\" data-block-id=\"e27d450\"><p class=\"stk-block-text__text\">La relation entre la formation et le march\u00e9 du travail aux niveaux national et r\u00e9gional est analys\u00e9e \u00e0 l&#039;aide de l&#039;Enqu\u00eate sur la population active de l&#039;INE.<\/p><\/div>\n\n\n\n<div class=\"wp-block-stackable-button-group stk-block-button-group stk-block stk-11a250d\" data-block-id=\"11a250d\"><div class=\"stk-row stk-inner-blocks stk-block-content stk-button-group\">\n<div class=\"wp-block-stackable-button stk-block-button stk-block stk-6c837fc\" data-block-id=\"6c837fc\"><a class=\"stk-link stk-button stk--hover-effect-darken\" href=\"https:\/\/app.powerbi.com\/view?r=eyJrIjoiMDBhYTI4NTgtMTNjNy00ZDNmLTllYTctZDFmZmQwM2RmMjNhIiwidCI6IjMyOGJkMzc4LTJiNDItNDAyMS05ODQyLTgyN2FiNmU4M2Y0ZiIsImMiOjh9\" target=\"_blank\" rel=\"noreferrer noopener\"><span class=\"stk-button__inner-text\">Voir la ressource<\/span><\/a><\/div>\n<\/div><\/div>\n<\/div><\/div><\/div><\/div>\n<\/div>\n\n\n\n<div class=\"wp-block-group is-nowrap is-layout-flex wp-container-core-group-is-layout-ad2f72ca wp-block-group-is-layout-flex\">\n<div class=\"wp-block-group is-nowrap is-layout-flex wp-container-core-group-is-layout-ad2f72ca wp-block-group-is-layout-flex\">\n<div class=\"wp-block-stackable-card stk-block-card stk-block stk-fa3b446 is-style-default\" data-v=\"2\" data-block-id=\"fa3b446\"><style>.stk-fa3b446 {border-style:solid !important;}<\/style><div class=\"stk--no-padding stk-container stk-fa3b446-container stk-hover-parent\"><figure class=\"stk-block-card__image stk-img-wrapper stk-image--shape-stretch\"><img loading=\"lazy\" decoding=\"async\" class=\"stk-img wp-image-32\" src=\"http:\/\/www.ull.es\/observatorio-formacion-empleo\/wp-content\/uploads\/sites\/21\/2023\/10\/empresarios-que-trabajan-finanzas-contabilidad-analizan-financi.jpg\" width=\"1500\" height=\"988\" srcset=\"https:\/\/www.ull.es\/observatorio-formacion-empleo\/wp-content\/uploads\/sites\/21\/2023\/10\/empresarios-que-trabajan-finanzas-contabilidad-analizan-financi.jpg 1500w, https:\/\/www.ull.es\/observatorio-formacion-empleo\/wp-content\/uploads\/sites\/21\/2023\/10\/empresarios-que-trabajan-finanzas-contabilidad-analizan-financi-300x198.jpg 300w, https:\/\/www.ull.es\/observatorio-formacion-empleo\/wp-content\/uploads\/sites\/21\/2023\/10\/empresarios-que-trabajan-finanzas-contabilidad-analizan-financi-1024x674.jpg 1024w, https:\/\/www.ull.es\/observatorio-formacion-empleo\/wp-content\/uploads\/sites\/21\/2023\/10\/empresarios-que-trabajan-finanzas-contabilidad-analizan-financi-768x506.jpg 768w, https:\/\/www.ull.es\/observatorio-formacion-empleo\/wp-content\/uploads\/sites\/21\/2023\/10\/empresarios-que-trabajan-finanzas-contabilidad-analizan-financi-375x247.jpg 375w, https:\/\/www.ull.es\/observatorio-formacion-empleo\/wp-content\/uploads\/sites\/21\/2023\/10\/empresarios-que-trabajan-finanzas-contabilidad-analizan-financi-750x494.jpg 750w, https:\/\/www.ull.es\/observatorio-formacion-empleo\/wp-content\/uploads\/sites\/21\/2023\/10\/empresarios-que-trabajan-finanzas-contabilidad-analizan-financi-1140x751.jpg 1140w\" sizes=\"auto, (max-width: 1500px) 100vw, 1500px\" \/><\/figure><div class=\"stk-container-padding stk-block-card__content\"><div class=\"stk-block-content stk-inner-blocks stk-fa3b446-inner-blocks\">\n<div class=\"wp-block-stackable-heading stk-block-heading stk-block-heading--v2 stk-block stk-5928718\" id=\"c-title-3-placeholder\" data-block-id=\"5928718\"><h3 class=\"stk-block-heading__text\"><strong><a href=\"https:\/\/app.powerbi.com\/view?r=eyJrIjoiNDZjMDA1ZjktOTljYy00ODJiLTllNDAtOWFiZGE2NTcwYjc4IiwidCI6IjgxMWVlMDc2LWVmNGMtNGJhMC1iNjQxLTJiZTI1N2VlNmI5YiIsImMiOjh9\" data-type=\"link\" data-id=\"https:\/\/app.powerbi.com\/view?r=eyJrIjoiZTAzMDE2YTYtMDYwMS00YTUwLTk3MWMtNWNmMTIyNzFhNGUwIiwidCI6IjMyOGJkMzc4LTJiNDItNDAyMS05ODQyLTgyN2FiNmU4M2Y0ZiIsImMiOjh9&amp;pageName=e51a167960ac80c251e1\" target=\"_blank\" rel=\"noreferrer noopener\">Analyse interactive des m\u00e9tiers des dipl\u00f4m\u00e9s de l&#039;ULL (2020)<\/a><\/strong><\/h3><\/div>\n\n\n\n<div class=\"wp-block-stackable-subtitle stk-block-subtitle stk-block stk-176cf32\" data-block-id=\"176cf32\"><p class=\"stk-block-subtitle__text stk-subtitle\">Power BI<\/p><\/div>\n\n\n\n<div class=\"wp-block-stackable-text stk-block-text stk-block stk-256006c\" data-block-id=\"256006c\"><p class=\"stk-block-text__text\">Les caract\u00e9ristiques des premiers et derniers emplois enregistr\u00e9s aux \u00eeles Canaries pour les dipl\u00f4m\u00e9s de l&#039;Universit\u00e9 de La Laguna sont analys\u00e9es.<\/p><\/div>\n\n\n\n<div class=\"wp-block-stackable-button-group stk-block-button-group stk-block stk-2777e12\" data-block-id=\"2777e12\"><div class=\"stk-row stk-inner-blocks stk-block-content stk-button-group\">\n<div class=\"wp-block-stackable-button stk-block-button stk-block stk-50b2b82\" data-block-id=\"50b2b82\"><a class=\"stk-link stk-button stk--hover-effect-darken\" href=\"https:\/\/app.powerbi.com\/view?r=eyJrIjoiNDZjMDA1ZjktOTljYy00ODJiLTllNDAtOWFiZGE2NTcwYjc4IiwidCI6IjgxMWVlMDc2LWVmNGMtNGJhMC1iNjQxLTJiZTI1N2VlNmI5YiIsImMiOjh9\" target=\"_blank\" rel=\"noreferrer noopener\"><span class=\"stk-button__inner-text\">Voir la ressource<\/span><\/a><\/div>\n<\/div><\/div>\n<\/div><\/div><\/div><\/div>\n<\/div>\n<\/div>\n<\/div><\/div><\/div>\n\n\n\n<div class=\"wp-block-stackable-column stk-block-column stk-column stk-block stk-3c6c818\" data-v=\"4\" data-block-id=\"3c6c818\"><div class=\"stk-column-wrapper stk-block-column__content stk-container stk-3c6c818-container stk--no-background stk--no-padding\"><div class=\"stk-block-content stk-inner-blocks stk-3c6c818-inner-blocks\">\n<div class=\"wp-block-stackable-card stk-block-card stk-block stk-ac41f7a is-style-default\" data-v=\"2\" data-block-id=\"ac41f7a\"><style>.stk-ac41f7a {border-style:solid !important;}.stk-ac41f7a .stk-block-card__image img{object-position:50% 8% !important;}<\/style><div class=\"stk--no-padding stk-container stk-ac41f7a-container stk-hover-parent\"><figure class=\"stk-block-card__image stk-img-wrapper stk-image--shape-stretch\"><img loading=\"lazy\" decoding=\"async\" class=\"stk-img wp-image-573\" src=\"https:\/\/www.ull.es\/observatorio-formacion-empleo\/wp-content\/uploads\/sites\/21\/2025\/09\/LIBRO.png\" width=\"522\" height=\"727\" srcset=\"https:\/\/www.ull.es\/observatorio-formacion-empleo\/wp-content\/uploads\/sites\/21\/2025\/09\/LIBRO.png 522w, https:\/\/www.ull.es\/observatorio-formacion-empleo\/wp-content\/uploads\/sites\/21\/2025\/09\/LIBRO-215x300.png 215w, https:\/\/www.ull.es\/observatorio-formacion-empleo\/wp-content\/uploads\/sites\/21\/2025\/09\/LIBRO-9x12.png 9w, https:\/\/www.ull.es\/observatorio-formacion-empleo\/wp-content\/uploads\/sites\/21\/2025\/09\/LIBRO-375x522.png 375w\" sizes=\"auto, (max-width: 522px) 100vw, 522px\" \/><\/figure><div class=\"stk-container-padding stk-block-card__content\"><div class=\"stk-block-content stk-inner-blocks stk-ac41f7a-inner-blocks\">\n<div class=\"wp-block-stackable-heading stk-block-heading stk-block-heading--v2 stk-block stk-cd869ca\" id=\"c-title-2-placeholder\" data-block-id=\"cd869ca\"><h3 class=\"stk-block-heading__text\"><strong><a href=\"https:\/\/idus.us.es\/server\/api\/core\/bitstreams\/f7a38bf0-d615-4dd5-8e93-30e7fdda4a70\/content\" data-type=\"link\" data-id=\"https:\/\/idus.us.es\/server\/api\/core\/bitstreams\/f7a38bf0-d615-4dd5-8e93-30e7fdda4a70\/content\" target=\"_blank\" rel=\"noreferrer noopener\">Talents universitaires et commerciaux\u00a0: \u00e9valuation des profils, recrutement et avenir de l\u2019emploi en Espagne (2025)<\/a><\/strong><\/h3><\/div>\n\n\n\n<div class=\"wp-block-stackable-subtitle stk-block-subtitle stk-block stk-6be329b\" data-block-id=\"6be329b\"><p class=\"stk-block-subtitle__text stk-subtitle\">PDF et Power BI<\/p><\/div>\n\n\n\n<div class=\"wp-block-stackable-text stk-block-text stk-block stk-fc82fae\" data-block-id=\"fc82fae\"><p class=\"stk-block-text__text\">\u00c9tude publi\u00e9e par McGraw-Hill Espagne en collaboration avec le&nbsp;<a href=\"https:\/\/www.crue.org\/\" target=\"_blank\" rel=\"noreferrer noopener\">Universit\u00e9s espagnoles CRUE<\/a>, a d\u00e9j\u00e0 son&nbsp;<strong>\u00e9dition num\u00e9rique en PDF<\/strong>, qui compl\u00e8te la version papier r\u00e9cemment publi\u00e9e. <br>Propuls\u00e9 par le&nbsp;<a href=\"https:\/\/www.crue.org\/comision-sectorial\/asuntos-estudiantiles\/\" target=\"_blank\" rel=\"noreferrer noopener\">Sous-groupe d&#039;observation du groupe d&#039;emploi de la commission des affaires \u00e9tudiantes du CRUE<\/a>Cet ouvrage, en sept chapitres, rassemble les points de vue de pr\u00e8s de 7\u00a0000 entreprises espagnoles sur la formation, les comp\u00e9tences et les profils des dipl\u00f4m\u00e9s universitaires, ainsi que sur les relations universit\u00e9s-entreprises, les processus de s\u00e9lection des talents et les pr\u00e9visions d&#039;embauche. Ce projet a mobilis\u00e9 plus de 50 universit\u00e9s publiques et priv\u00e9es dans le cadre d&#039;un effort conjoint in\u00e9dit en Espagne.<\/p><\/div>\n\n\n\n<div class=\"wp-block-stackable-button-group stk-block-button-group stk-block stk-6d916fa\" data-block-id=\"6d916fa\"><style>.stk-6d916fa {margin-bottom:11px !important;}<\/style><div class=\"stk-row stk-inner-blocks has-text-align-left stk-block-content stk-button-group\">\n<div class=\"wp-block-stackable-button stk-block-button has-text-align-left stk-block stk-770c6a8\" data-block-id=\"770c6a8\"><a class=\"stk-link stk-button stk--hover-effect-darken\" href=\"https:\/\/idus.us.es\/server\/api\/core\/bitstreams\/f7a38bf0-d615-4dd5-8e93-30e7fdda4a70\/content\" target=\"_blank\" rel=\"noreferrer noopener\"><span class=\"stk-button__inner-text\">Voir la ressource<\/span><\/a><\/div>\n<\/div><\/div>\n\n\n\n<div class=\"wp-block-stackable-button-group stk-block-button-group stk-block stk-d0fced8\" data-block-id=\"d0fced8\"><div class=\"stk-row stk-inner-blocks stk-block-content stk-button-group\">\n<div class=\"wp-block-stackable-button stk-block-button stk-block stk-3830510\" data-block-id=\"3830510\"><a class=\"stk-link stk-button stk--hover-effect-darken\" href=\"https:\/\/app.powerbi.com\/view?r=eyJrIjoiNWMxYmQ5MGItNWU1ZS00YTAzLTkyZTMtYmJmN2Y4ZmJkZWRkIiwidCI6IjMyOGJkMzc4LTJiNDItNDAyMS05ODQyLTgyN2FiNmU4M2Y0ZiIsImMiOjh9\" target=\"_blank\" rel=\"noreferrer noopener\"><span class=\"stk-button__inner-text\">Panneau d&#039;affichage   <\/span><\/a><\/div>\n<\/div><\/div>\n\n\n\n<div class=\"wp-block-buttons is-layout-flex wp-block-buttons-is-layout-flex\"><\/div>\n<\/div><\/div><\/div><\/div>\n<\/div><\/div><\/div>\n\n\n\n<div class=\"wp-block-stackable-column stk-block-column stk-column stk-block stk-7a0564c\" data-v=\"4\" data-block-id=\"7a0564c\"><div class=\"stk-column-wrapper stk-block-column__content stk-container stk-7a0564c-container stk--no-background stk--no-padding\"><div class=\"stk-block-content stk-inner-blocks stk-7a0564c-inner-blocks\">\n<div class=\"wp-block-stackable-card stk-block-card stk-block stk-b86afcd is-style-default\" data-v=\"2\" data-block-id=\"b86afcd\"><style>.stk-b86afcd {border-style:solid !important;}<\/style><div class=\"stk--no-padding stk-container stk-b86afcd-container stk-hover-parent\"><figure class=\"stk-block-card__image stk-img-wrapper stk-image--shape-stretch\"><img loading=\"lazy\" decoding=\"async\" class=\"stk-img wp-image-74\" src=\"http:\/\/www.ull.es\/observatorio-formacion-empleo\/wp-content\/uploads\/sites\/21\/2023\/10\/1200x800_0000_c.jpg\" width=\"1200\" height=\"800\" srcset=\"https:\/\/www.ull.es\/observatorio-formacion-empleo\/wp-content\/uploads\/sites\/21\/2023\/10\/1200x800_0000_c.jpg 1200w, https:\/\/www.ull.es\/observatorio-formacion-empleo\/wp-content\/uploads\/sites\/21\/2023\/10\/1200x800_0000_c-300x200.jpg 300w, https:\/\/www.ull.es\/observatorio-formacion-empleo\/wp-content\/uploads\/sites\/21\/2023\/10\/1200x800_0000_c-1024x683.jpg 1024w, https:\/\/www.ull.es\/observatorio-formacion-empleo\/wp-content\/uploads\/sites\/21\/2023\/10\/1200x800_0000_c-768x512.jpg 768w, https:\/\/www.ull.es\/observatorio-formacion-empleo\/wp-content\/uploads\/sites\/21\/2023\/10\/1200x800_0000_c-375x250.jpg 375w, https:\/\/www.ull.es\/observatorio-formacion-empleo\/wp-content\/uploads\/sites\/21\/2023\/10\/1200x800_0000_c-750x500.jpg 750w, https:\/\/www.ull.es\/observatorio-formacion-empleo\/wp-content\/uploads\/sites\/21\/2023\/10\/1200x800_0000_c-1140x760.jpg 1140w\" sizes=\"auto, (max-width: 1200px) 100vw, 1200px\" \/><\/figure><div class=\"stk-container-padding stk-block-card__content\"><div class=\"stk-block-content stk-inner-blocks stk-b86afcd-inner-blocks\">\n<div class=\"wp-block-stackable-heading stk-block-heading stk-block-heading--v2 stk-block stk-955c627\" id=\"c-title-2-placeholder\" data-block-id=\"955c627\"><h3 class=\"stk-block-heading__text\"><strong><a href=\"https:\/\/app.powerbi.com\/view?r=eyJrIjoiZTAzMDE2YTYtMDYwMS00YTUwLTk3MWMtNWNmMTIyNzFhNGUwIiwidCI6IjMyOGJkMzc4LTJiNDItNDAyMS05ODQyLTgyN2FiNmU4M2Y0ZiIsImMiOjh9&amp;pageName=e51a167960ac80c251e1\" data-type=\"link\" data-id=\"https:\/\/app.powerbi.com\/view?r=eyJrIjoiNDZjMDA1ZjktOTljYy00ODJiLTllNDAtOWFiZGE2NTcwYjc4IiwidCI6IjgxMWVlMDc2LWVmNGMtNGJhMC1iNjQxLTJiZTI1N2VlNmI5YiIsImMiOjh9\" target=\"_blank\" rel=\"noreferrer noopener\">Enqu\u00eate de suivi et d&#039;\u00e9valuation des parcours scolaires et professionnels des dipl\u00f4m\u00e9s de l&#039;ULL (2025)<\/a><\/strong><\/h3><\/div>\n\n\n\n<div class=\"wp-block-stackable-subtitle stk-block-subtitle stk-block stk-8c59e8c\" data-block-id=\"8c59e8c\"><p class=\"stk-block-subtitle__text stk-subtitle\">Power BI<\/p><\/div>\n\n\n\n<div class=\"wp-block-stackable-text stk-block-text stk-block stk-281cde4\" data-block-id=\"281cde4\"><p class=\"stk-block-text__text\">Enqu\u00eate annuelle men\u00e9e aupr\u00e8s des dipl\u00f4m\u00e9s il y a trois ans pour comprendre leur parcours scolaire et professionnel apr\u00e8s l&#039;obtention de leur dipl\u00f4me, recueillir des informations sur le degr\u00e9 d&#039;ad\u00e9quation entre leurs \u00e9tudes et leur emploi, et leur niveau de satisfaction \u00e0 l&#039;\u00e9gard de leur dipl\u00f4me et de l&#039;exp\u00e9rience universitaire en g\u00e9n\u00e9ral.<\/p><\/div>\n\n\n\n<div class=\"wp-block-stackable-button-group stk-block-button-group stk-block stk-5c1ce32\" data-block-id=\"5c1ce32\"><div class=\"stk-row stk-inner-blocks stk-block-content stk-button-group\">\n<div class=\"wp-block-stackable-button stk-block-button stk-block stk-ff1282d\" data-block-id=\"ff1282d\"><a class=\"stk-link stk-button stk--hover-effect-darken\" href=\"https:\/\/app.powerbi.com\/view?r=eyJrIjoiZTAzMDE2YTYtMDYwMS00YTUwLTk3MWMtNWNmMTIyNzFhNGUwIiwidCI6IjMyOGJkMzc4LTJiNDItNDAyMS05ODQyLTgyN2FiNmU4M2Y0ZiIsImMiOjh9&amp;pageName=e51a167960ac80c251e1\" target=\"_blank\" rel=\"noreferrer noopener\"><span class=\"stk-button__inner-text\">Voir la ressource<\/span><\/a><\/div>\n<\/div><\/div>\n<\/div><\/div><\/div><\/div>\n<\/div><\/div><\/div>\n\n\n\n<div class=\"wp-block-stackable-column stk-block-column stk-column stk-block stk-18c2739\" data-v=\"4\" data-block-id=\"18c2739\"><div class=\"stk-column-wrapper stk-block-column__content stk-container stk-18c2739-container stk--no-background stk--no-padding\"><div class=\"stk-block-content stk-inner-blocks stk-18c2739-inner-blocks\">\n<div class=\"wp-block-stackable-card stk-block-card stk-block stk-6839c35 is-style-default\" data-v=\"2\" data-block-id=\"6839c35\"><style>.stk-6839c35 {border-style:solid !important;}.stk-6839c35 .stk-block-card__content{padding-top:32px !important;padding-right:32px !important;padding-bottom:32px !important;padding-left:32px !important;}.stk-6839c35 .stk-block-card__image img{object-fit:cover !important;}<\/style><div class=\"stk--no-padding stk-container stk-6839c35-container stk-hover-parent\"><figure class=\"stk-block-card__image stk-img-wrapper stk-image--shape-stretch\"><img loading=\"lazy\" decoding=\"async\" class=\"stk-img wp-image-75\" src=\"http:\/\/www.ull.es\/observatorio-formacion-empleo\/wp-content\/uploads\/sites\/21\/2023\/10\/1200x800_0001_.jpg\" width=\"1200\" height=\"800\" srcset=\"https:\/\/www.ull.es\/observatorio-formacion-empleo\/wp-content\/uploads\/sites\/21\/2023\/10\/1200x800_0001_.jpg 1200w, https:\/\/www.ull.es\/observatorio-formacion-empleo\/wp-content\/uploads\/sites\/21\/2023\/10\/1200x800_0001_-300x200.jpg 300w, https:\/\/www.ull.es\/observatorio-formacion-empleo\/wp-content\/uploads\/sites\/21\/2023\/10\/1200x800_0001_-1024x683.jpg 1024w, https:\/\/www.ull.es\/observatorio-formacion-empleo\/wp-content\/uploads\/sites\/21\/2023\/10\/1200x800_0001_-768x512.jpg 768w, https:\/\/www.ull.es\/observatorio-formacion-empleo\/wp-content\/uploads\/sites\/21\/2023\/10\/1200x800_0001_-375x250.jpg 375w, https:\/\/www.ull.es\/observatorio-formacion-empleo\/wp-content\/uploads\/sites\/21\/2023\/10\/1200x800_0001_-750x500.jpg 750w, https:\/\/www.ull.es\/observatorio-formacion-empleo\/wp-content\/uploads\/sites\/21\/2023\/10\/1200x800_0001_-1140x760.jpg 1140w\" sizes=\"auto, (max-width: 1200px) 100vw, 1200px\" \/><\/figure><div class=\"stk-container-padding stk-block-card__content\"><div class=\"stk-block-content stk-inner-blocks stk-6839c35-inner-blocks\">\n<div class=\"wp-block-stackable-heading stk-block-heading stk-block-heading--v2 stk-block stk-b9578fd\" id=\"c-title-1-placeholder\" data-block-id=\"b9578fd\"><h3 class=\"stk-block-heading__text\"><strong><a href=\"https:\/\/app.powerbi.com\/view?r=eyJrIjoiMjc3OThiMzEtYmM2Zi00YTVmLWFlYTgtYTE2NjI4ZTUwNTUyIiwidCI6IjMyOGJkMzc4LTJiNDItNDAyMS05ODQyLTgyN2FiNmU4M2Y0ZiIsImMiOjh9\" data-type=\"link\" data-id=\"https:\/\/app.powerbi.com\/view?r=eyJrIjoiMjc3OThiMzEtYmM2Zi00YTVmLWFlYTgtYTE2NjI4ZTUwNTUyIiwidCI6IjMyOGJkMzc4LTJiNDItNDAyMS05ODQyLTgyN2FiNmU4M2Y0ZiIsImMiOjh9\" target=\"_blank\" rel=\"noopener\">Analyse interactive de l&#039;insertion professionnelle des dipl\u00f4m\u00e9s de l&#039;enseignement sup\u00e9rieur des \u00eeles Canaries (2025)<\/a><\/strong>)<\/h3><\/div>\n\n\n\n<div class=\"wp-block-stackable-subtitle stk-block-subtitle stk-block stk-aaf3b23\" data-block-id=\"aaf3b23\"><p class=\"stk-block-subtitle__text stk-subtitle\">Power BI<\/p><\/div>\n\n\n\n<div class=\"wp-block-stackable-text stk-block-text stk-block stk-df1218a\" data-block-id=\"df1218a\"><p class=\"stk-block-text__text\">Cet outil permet d&#039;analyser et de comparer les indicateurs d&#039;emploi des diff\u00e9rents dipl\u00f4mes d&#039;enseignement sup\u00e9rieur propos\u00e9s dans les \u00e9tablissements publics des \u00eeles Canaries en utilisant les statistiques de placement professionnel compil\u00e9es par l&#039;Institut de statistique des \u00eeles Canaries.<\/p><\/div>\n\n\n\n<div class=\"wp-block-stackable-button-group stk-block-button-group stk-block stk-00a0113\" data-block-id=\"00a0113\"><div class=\"stk-row stk-inner-blocks stk-block-content stk-button-group\">\n<div class=\"wp-block-stackable-button stk-block-button stk-block stk-5e622bc\" data-block-id=\"5e622bc\"><a class=\"stk-link stk-button stk--hover-effect-darken\" href=\"https:\/\/app.powerbi.com\/view?r=eyJrIjoiMjc3OThiMzEtYmM2Zi00YTVmLWFlYTgtYTE2NjI4ZTUwNTUyIiwidCI6IjMyOGJkMzc4LTJiNDItNDAyMS05ODQyLTgyN2FiNmU4M2Y0ZiIsImMiOjh9\" title=\"Voir la ressource\" target=\"_blank\" rel=\"noreferrer noopener\"><span class=\"stk-button__inner-text\">Voir la ressource<\/span><\/a><\/div>\n<\/div><\/div>\n<\/div><\/div><\/div><\/div>\n<\/div><\/div><\/div>\n<\/div><\/div>\n<\/div><\/div><\/div>\n<\/div><\/div>\n\n\n\n<p><\/p>","protected":false},"excerpt":{"rendered":"<p>Statistiques et donn\u00e9es\u00a0: Analyse du lien entre \u00e9ducation et march\u00e9 du travail \u00e0 l\u2019aide de l\u2019EPA (2025) Power BI. Cette analyse examine le lien entre \u00e9ducation et march\u00e9 du travail aux niveaux national et r\u00e9gional \u00e0 partir des donn\u00e9es de l\u2019Enqu\u00eate sur les forces de travail de l\u2019Institut national de la statistique espagnol (INE). Voir la ressource\u00a0: Analyse interactive des professions des dipl\u00f4m\u00e9s\u2026<\/p>","protected":false},"author":60,"featured_media":0,"parent":0,"menu_order":0,"comment_status":"closed","ping_status":"closed","template":"templates\/template-frontpage.php","meta":{"footnotes":""},"class_list":["post-28","page","type-page","status-publish","hentry"],"_links":{"self":[{"href":"https:\/\/www.ull.es\/observatorio-formacion-empleo\/fr\/wp-json\/wp\/v2\/pages\/28","targetHints":{"allow":["GET"]}}],"collection":[{"href":"https:\/\/www.ull.es\/observatorio-formacion-empleo\/fr\/wp-json\/wp\/v2\/pages"}],"about":[{"href":"https:\/\/www.ull.es\/observatorio-formacion-empleo\/fr\/wp-json\/wp\/v2\/types\/page"}],"author":[{"embeddable":true,"href":"https:\/\/www.ull.es\/observatorio-formacion-empleo\/fr\/wp-json\/wp\/v2\/users\/60"}],"replies":[{"embeddable":true,"href":"https:\/\/www.ull.es\/observatorio-formacion-empleo\/fr\/wp-json\/wp\/v2\/comments?post=28"}],"version-history":[{"count":62,"href":"https:\/\/www.ull.es\/observatorio-formacion-empleo\/fr\/wp-json\/wp\/v2\/pages\/28\/revisions"}],"predecessor-version":[{"id":596,"href":"https:\/\/www.ull.es\/observatorio-formacion-empleo\/fr\/wp-json\/wp\/v2\/pages\/28\/revisions\/596"}],"wp:attachment":[{"href":"https:\/\/www.ull.es\/observatorio-formacion-empleo\/fr\/wp-json\/wp\/v2\/media?parent=28"}],"curies":[{"name":"wp","href":"https:\/\/api.w.org\/{rel}","templated":true}]}}