{"id":123,"date":"2023-10-19T11:00:33","date_gmt":"2023-10-19T11:00:33","guid":{"rendered":"https:\/\/www.ull.es\/observatorio-formacion-empleo\/?page_id=123"},"modified":"2025-09-10T11:47:12","modified_gmt":"2025-09-10T11:47:12","slug":"estudios-y-publicaciones","status":"publish","type":"page","link":"https:\/\/www.ull.es\/observatorio-formacion-empleo\/estudios-y-publicaciones\/","title":{"rendered":"Estudios y Publicaciones"},"content":{"rendered":"\n<div class=\"wp-block-stackable-columns alignfull stk-block-columns stk-block stk-046da40 stk-block-background stk--has-background-overlay\" data-block-id=\"046da40\"><style>.stk-046da40 {background-color:#00000054 !important;background-image:url(http:\/\/www.ull.es\/observatorio-formacion-empleo\/wp-content\/uploads\/sites\/21\/2023\/10\/1200x800_0004_.jpg) !important;background-position:bottom center !important;min-height:300px !important;align-items:center !important;margin-top:-30px !important;display:flex !important;}.stk-046da40:before{background-color:#00000054 !important;opacity:0.5 !important;}<\/style><div class=\"stk-row stk-inner-blocks stk-block-content stk-content-align stk-046da40-column alignfull\">\n<div class=\"wp-block-stackable-column stk-block-column stk-column stk-block stk-2aca950\" data-v=\"4\" data-block-id=\"2aca950\"><div class=\"stk-column-wrapper stk-block-column__content stk-container stk-2aca950-container stk--no-background stk--no-padding\"><div class=\"stk-block-content stk-inner-blocks stk-2aca950-inner-blocks\">\n<div class=\"wp-block-stackable-heading stk-block-heading stk-block-heading--v2 stk-block stk-47073ce\" id=\"estudios-y-publicaciones\" data-block-id=\"47073ce\"><style>.stk-47073ce .stk-block-heading__text{text-shadow:-3px 3px 4px #3b016cc2 !important;font-size:35px !important;color:#ffffff !important;font-weight:600 !important;font-family:\"Montserrat\", Sans-serif !important;}@media screen and (max-width: 1023px){.stk-47073ce .stk-block-heading__text{font-size:35px !important;}}<\/style><h2 class=\"stk-block-heading__text has-text-color has-text-align-center\">Estudios y Publicaciones<\/h2><\/div>\n<\/div><\/div><\/div>\n<\/div><\/div>\n\n\n\n<div class=\"wp-block-stackable-columns alignfull stk-block-columns stk-block stk-d1a69df\" data-block-id=\"d1a69df\"><style>.stk-d1a69df .stk--block-align-d1a69df{align-items:center !important;}.stk-d1a69df {margin-top:20px !important;margin-bottom:20px !important;}.stk-d1a69df-column{max-width:1140px !important;min-width:auto !important;margin-right:auto !important;margin-left:auto !important;--stk-columns-spacing:0px !important;--stk-column-gap:50px !important;}<\/style><div class=\"stk-row stk-inner-blocks stk--block-align-d1a69df stk-block-content stk-content-align stk-d1a69df-column alignwide\">\n<div class=\"wp-block-stackable-column stk-block-column stk-column stk-block stk-de5ceb3\" data-v=\"4\" data-block-id=\"de5ceb3\"><div class=\"stk-column-wrapper stk-block-column__content stk-container stk-de5ceb3-container stk--no-background stk--no-padding\"><div class=\"stk-block-content stk-inner-blocks stk-de5ceb3-inner-blocks\">\n<div class=\"wp-block-stackable-heading stk-block-heading stk-block-heading--v2 stk-block stk-f7892c4\" id=\"estudios-y-publicaciones-propias\" data-block-id=\"f7892c4\"><style>.stk-f7892c4 {margin-bottom:20px !important;}.stk-f7892c4 .stk-block-heading__text{font-size:20px !important;color:#5c068c !important;font-weight:600 !important;font-family:\"Montserrat\", Sans-serif !important;}@media screen and (max-width: 1023px){.stk-f7892c4 .stk-block-heading__text{font-size:20px !important;}}<\/style><h2 class=\"stk-block-heading__text has-text-color\">Estudios y publicaciones propias<\/h2><\/div>\n\n\n\n<div class=\"wp-block-stackable-icon-list stk-block-icon-list stk-block stk-70e1cbf\" data-block-id=\"70e1cbf\"><style>.stk-70e1cbf {--stk-icon-list-row-gap:5px !important;--stk-icon-list-icon-size:6px !important;}<\/style><svg style=\"display:none\"><defs><g id=\"stk-icon-list__icon-svg-def-70e1cbf\"><svg xmlns=\"http:\/\/www.w3.org\/2000\/svg\" viewBox=\"0 0 512 512\"><path d=\"M256 512A256 256 0 1 0 256 0a256 256 0 1 0 0 512z\"\/><\/svg><\/g><\/defs><\/svg><ul class=\"stk-block-icon-list__ul stk-block-icon-list--column\">\n<li class=\"wp-block-stackable-icon-list-item stk-block-icon-list-item stk-block stk-1a09067\" data-block-id=\"1a09067\"><div class=\"stk-block-icon-list-item__content\"><span class=\"stk--svg-wrapper\"><div class=\"stk--inner-svg\"><svg aria-hidden=\"true\" width=\"32\" height=\"32\"><use xlink:href=\"#stk-icon-list__icon-svg-def-70e1cbf\"><\/use><\/svg><\/div><\/span><span class=\"stk-block-icon-list-item__text\"><a href=\"https:\/\/drive.google.com\/file\/d\/1-5e6qNTvaj1v2BujEMMK5FjbmYmUr6vn\/preview\" target=\"_blank\" rel=\"noreferrer noopener\" target=\"_blank\" rel=\"noopener\">Satisfacci\u00f3n de los beneficiarios e impacto del Programa Cataliza III<\/a><\/span><\/div><\/li>\n\n\n\n<li class=\"wp-block-stackable-icon-list-item stk-block-icon-list-item stk-block stk-13227ef\" data-block-id=\"13227ef\"><div class=\"stk-block-icon-list-item__content\"><span class=\"stk--svg-wrapper\"><div class=\"stk--inner-svg\"><svg aria-hidden=\"true\" width=\"32\" height=\"32\"><use xlink:href=\"#stk-icon-list__icon-svg-def-70e1cbf\"><\/use><\/svg><\/div><\/span><span class=\"stk-block-icon-list-item__text\"><a href=\"https:\/\/drive.google.com\/open?id=1LqiCiD_xEVx92M9ZU7SpDr7xCWjzH3B_\" target=\"_blank\" rel=\"noreferrer noopener\" target=\"_blank\" rel=\"noopener\">Indicadores de inserci\u00f3n laboral del Programa Cataliza III<\/a><\/span><\/div><\/li>\n\n\n\n<li class=\"wp-block-stackable-icon-list-item stk-block-icon-list-item stk-block stk-7d61e5f\" data-block-id=\"7d61e5f\"><div class=\"stk-block-icon-list-item__content\"><span class=\"stk--svg-wrapper\"><div class=\"stk--inner-svg\"><svg aria-hidden=\"true\" width=\"32\" height=\"32\"><use xlink:href=\"#stk-icon-list__icon-svg-def-70e1cbf\"><\/use><\/svg><\/div><\/span><span class=\"stk-block-icon-list-item__text\"><a href=\"https:\/\/drive.google.com\/file\/d\/1dYUTaTLwS4S7or-wIu98OJUSo79NhUj2\/preview\" target=\"_blank\" rel=\"noreferrer noopener\" target=\"_blank\" rel=\"noopener\">Valoraci\u00f3n del Servicio de Orientaci\u00f3n y Acompa\u00f1amiento Laboral de la Fundaci\u00f3n General de la Universidad de La Laguna \u2013 2018<\/a><\/span><\/div><\/li>\n\n\n\n<li class=\"wp-block-stackable-icon-list-item stk-block-icon-list-item stk-block stk-a29bd80\" data-block-id=\"a29bd80\"><div class=\"stk-block-icon-list-item__content\"><span class=\"stk--svg-wrapper\"><div class=\"stk--inner-svg\"><svg aria-hidden=\"true\" width=\"32\" height=\"32\"><use xlink:href=\"#stk-icon-list__icon-svg-def-70e1cbf\"><\/use><\/svg><\/div><\/span><span class=\"stk-block-icon-list-item__text\"><a href=\"https:\/\/drive.google.com\/file\/d\/17as_QmDgkgGdd6_8OWzA4fVvqzFCwU5f\/preview\" target=\"_blank\" rel=\"noreferrer noopener\" target=\"_blank\" rel=\"noopener\">Algunas notas sobre empleo universitario<\/a><\/span><\/div><\/li>\n\n\n\n<li class=\"wp-block-stackable-icon-list-item stk-block-icon-list-item stk-block stk-08b7354\" data-block-id=\"08b7354\"><div class=\"stk-block-icon-list-item__content\"><span class=\"stk--svg-wrapper\"><div class=\"stk--inner-svg\"><svg aria-hidden=\"true\" width=\"32\" height=\"32\"><use xlink:href=\"#stk-icon-list__icon-svg-def-70e1cbf\"><\/use><\/svg><\/div><\/span><span class=\"stk-block-icon-list-item__text\"><a href=\"https:\/\/drive.google.com\/file\/d\/1yZGsEsEPfsc_E9IZJMraQEBKz4Y7fF-Z\/preview\" target=\"_blank\" rel=\"noreferrer noopener\" target=\"_blank\" rel=\"noopener\">Evaluaci\u00f3n del Subprograma de Fomento del Empleo<\/a><\/span><\/div><\/li>\n\n\n\n<li class=\"wp-block-stackable-icon-list-item stk-block-icon-list-item stk-block stk-5ecde0f\" data-block-id=\"5ecde0f\"><div class=\"stk-block-icon-list-item__content\"><span class=\"stk--svg-wrapper\"><div class=\"stk--inner-svg\"><svg aria-hidden=\"true\" width=\"32\" height=\"32\"><use xlink:href=\"#stk-icon-list__icon-svg-def-70e1cbf\"><\/use><\/svg><\/div><\/span><span class=\"stk-block-icon-list-item__text\"><a href=\"https:\/\/drive.google.com\/file\/d\/1W5I1SPN9p6Aty0R_v6yzo5IeYsSkNX9S\/preview\" target=\"_blank\" rel=\"noreferrer noopener\" target=\"_blank\" rel=\"noopener\">Evaluaci\u00f3n del Programa de Empleo por Cuenta Propia<\/a><\/span><\/div><\/li>\n\n\n\n<li class=\"wp-block-stackable-icon-list-item stk-block-icon-list-item stk-block stk-fd777f7\" data-block-id=\"fd777f7\"><div class=\"stk-block-icon-list-item__content\"><span class=\"stk--svg-wrapper\"><div class=\"stk--inner-svg\"><svg aria-hidden=\"true\" width=\"32\" height=\"32\"><use xlink:href=\"#stk-icon-list__icon-svg-def-70e1cbf\"><\/use><\/svg><\/div><\/span><span class=\"stk-block-icon-list-item__text\"><a href=\"https:\/\/drive.google.com\/file\/d\/1ssofTwncRcjjj1TnocVFjkz0Xj8mZrsx\/preview\" target=\"_blank\" rel=\"noreferrer noopener\" target=\"_blank\" rel=\"noopener\">Satisfacci\u00f3n de los usuarios del Servicio de Acompa\u00f1amiento y Orientaci\u00f3n Laboral 2016_2017<\/a><\/span><\/div><\/li>\n\n\n\n<li class=\"wp-block-stackable-icon-list-item stk-block-icon-list-item stk-block stk-8c4778a\" data-block-id=\"8c4778a\"><div class=\"stk-block-icon-list-item__content\"><span class=\"stk--svg-wrapper\"><div class=\"stk--inner-svg\"><svg aria-hidden=\"true\" width=\"32\" height=\"32\"><use xlink:href=\"#stk-icon-list__icon-svg-def-70e1cbf\"><\/use><\/svg><\/div><\/span><span class=\"stk-block-icon-list-item__text\"><a href=\"https:\/\/drive.google.com\/file\/d\/15OwPdE0XUq5S779brKT-_FuAhPKfqE9V\/preview\" target=\"_blank\" rel=\"noreferrer noopener\" target=\"_blank\" rel=\"noopener\">Perfil de Usuario del Servicio de Acompa\u00f1amiento y Orientaci\u00f3n Laboral 2016_2017<\/a><\/span><\/div><\/li>\n\n\n\n<li class=\"wp-block-stackable-icon-list-item stk-block-icon-list-item stk-block stk-ba42127\" data-block-id=\"ba42127\"><div class=\"stk-block-icon-list-item__content\"><span class=\"stk--svg-wrapper\"><div class=\"stk--inner-svg\"><svg aria-hidden=\"true\" width=\"32\" height=\"32\"><use xlink:href=\"#stk-icon-list__icon-svg-def-70e1cbf\"><\/use><\/svg><\/div><\/span><span class=\"stk-block-icon-list-item__text\"><a href=\"https:\/\/drive.google.com\/file\/d\/1kEbUG3K4hiQFNc38dl4AGF97cDQxLKsJ\/preview\" target=\"_blank\" rel=\"noreferrer noopener\" target=\"_blank\" rel=\"noopener\">Ajuste del empleo universitario en funci\u00f3n del g\u00e9nero, la rama de conocimiento y el sector<\/a><\/span><\/div><\/li>\n\n\n\n<li class=\"wp-block-stackable-icon-list-item stk-block-icon-list-item stk-block stk-7299c9f\" data-block-id=\"7299c9f\"><div class=\"stk-block-icon-list-item__content\"><span class=\"stk--svg-wrapper\"><div class=\"stk--inner-svg\"><svg aria-hidden=\"true\" width=\"32\" height=\"32\"><use xlink:href=\"#stk-icon-list__icon-svg-def-70e1cbf\"><\/use><\/svg><\/div><\/span><span class=\"stk-block-icon-list-item__text\"><a href=\"https:\/\/drive.google.com\/file\/d\/1eR91wm_6TANbf49ySeC3OfUTVqyAHG_B\/preview\" target=\"_blank\" rel=\"noreferrer noopener\" target=\"_blank\" rel=\"noopener\">Sondeo de las necesidades formativas del tejido empresarial canario<\/a><\/span><\/div><\/li>\n\n\n\n<li class=\"wp-block-stackable-icon-list-item stk-block-icon-list-item stk-block stk-3fed535\" data-block-id=\"3fed535\"><div class=\"stk-block-icon-list-item__content\"><span class=\"stk--svg-wrapper\"><div class=\"stk--inner-svg\"><svg aria-hidden=\"true\" width=\"32\" height=\"32\"><use xlink:href=\"#stk-icon-list__icon-svg-def-70e1cbf\"><\/use><\/svg><\/div><\/span><span class=\"stk-block-icon-list-item__text\"><a href=\"https:\/\/drive.google.com\/file\/d\/0B_SHXICXk7NUc3F3U2M0eFAyVU0\/view?usp=sharing\" target=\"_blank\" rel=\"noreferrer noopener\" target=\"_blank\" rel=\"noopener\">Demanda formativa de las personas asesoradas por el Servicio de Emprendimiento de la FGULL<\/a><\/span><\/div><\/li>\n\n\n\n<li class=\"wp-block-stackable-icon-list-item stk-block-icon-list-item stk-block stk-f95e185\" data-block-id=\"f95e185\"><div class=\"stk-block-icon-list-item__content\"><span class=\"stk--svg-wrapper\"><div class=\"stk--inner-svg\"><svg aria-hidden=\"true\" width=\"32\" height=\"32\"><use xlink:href=\"#stk-icon-list__icon-svg-def-70e1cbf\"><\/use><\/svg><\/div><\/span><span class=\"stk-block-icon-list-item__text\"><a href=\"https:\/\/drive.google.com\/file\/d\/0B_SHXICXk7NUUm1lMjJZU1prcU0\/view?usp=sharing\" target=\"_blank\" rel=\"noreferrer noopener\" target=\"_blank\" rel=\"noopener\">Diagn\u00f3stico del Tejido Empresarial de San Crist\u00f3bal de La Laguna<\/a>&nbsp;(<a href=\"https:\/\/drive.google.com\/file\/d\/0B_SHXICXk7NUWUJ6aXp1UUNEUzA\/view?usp=sharing\" target=\"_blank\" rel=\"noreferrer noopener\" target=\"_blank\" rel=\"noopener\">Resumen<\/a>)<\/span><\/div><\/li>\n\n\n\n<li class=\"wp-block-stackable-icon-list-item stk-block-icon-list-item stk-block stk-ca3f7ef\" data-block-id=\"ca3f7ef\"><div class=\"stk-block-icon-list-item__content\"><span class=\"stk--svg-wrapper\"><div class=\"stk--inner-svg\"><svg aria-hidden=\"true\" width=\"32\" height=\"32\"><use xlink:href=\"#stk-icon-list__icon-svg-def-70e1cbf\"><\/use><\/svg><\/div><\/span><span class=\"stk-block-icon-list-item__text\"><a href=\"https:\/\/drive.google.com\/file\/d\/0B_SHXICXk7NUbWtRXzQzbkhmN3M\/view?usp=sharing\" target=\"_blank\" rel=\"noreferrer noopener\" target=\"_blank\" rel=\"noopener\">Las empresas valoran el programa DISA<\/a><\/span><\/div><\/li>\n\n\n\n<li class=\"wp-block-stackable-icon-list-item stk-block-icon-list-item stk-block stk-ee069d2\" data-block-id=\"ee069d2\"><div class=\"stk-block-icon-list-item__content\"><span class=\"stk--svg-wrapper\"><div class=\"stk--inner-svg\"><svg aria-hidden=\"true\" width=\"32\" height=\"32\"><use xlink:href=\"#stk-icon-list__icon-svg-def-70e1cbf\"><\/use><\/svg><\/div><\/span><span class=\"stk-block-icon-list-item__text\"><a href=\"https:\/\/drive.google.com\/file\/d\/0B_SHXICXk7NUcEljZUxoLUtXUUE\/view?usp=sharing\" target=\"_blank\" rel=\"noreferrer noopener\" target=\"_blank\" rel=\"noopener\">Informe satisfacci\u00f3n e impacto del Programa de Pr\u00e1cticas Santander CRUE-CEPYME<\/a><\/span><\/div><\/li>\n\n\n\n<li class=\"wp-block-stackable-icon-list-item stk-block-icon-list-item stk-block stk-f483c58\" data-block-id=\"f483c58\"><div class=\"stk-block-icon-list-item__content\"><span class=\"stk--svg-wrapper\"><div class=\"stk--inner-svg\"><svg aria-hidden=\"true\" width=\"32\" height=\"32\"><use xlink:href=\"#stk-icon-list__icon-svg-def-70e1cbf\"><\/use><\/svg><\/div><\/span><span class=\"stk-block-icon-list-item__text\"><a href=\"https:\/\/drive.google.com\/file\/d\/0B_SHXICXk7NUM2VrS19IbTFUU0U\/view?usp=sharing\" target=\"_blank\" rel=\"noreferrer noopener\" target=\"_blank\" rel=\"noopener\">Diagn\u00f3stico del tejido empresarial de Gu\u00eda de Isora<\/a>&nbsp;(<a href=\"https:\/\/drive.google.com\/a\/fg.ull.es\/file\/d\/0B_SHXICXk7NUV2ZLc21KemdUWEE\/view?usp=sharing\" target=\"_blank\" rel=\"noreferrer noopener\" target=\"_blank\" rel=\"noopener\">Resumen<\/a>)<\/span><\/div><\/li>\n\n\n\n<li class=\"wp-block-stackable-icon-list-item stk-block-icon-list-item stk-block stk-a85d0d5\" data-block-id=\"a85d0d5\"><div class=\"stk-block-icon-list-item__content\"><span class=\"stk--svg-wrapper\"><div class=\"stk--inner-svg\"><svg aria-hidden=\"true\" width=\"32\" height=\"32\"><use xlink:href=\"#stk-icon-list__icon-svg-def-70e1cbf\"><\/use><\/svg><\/div><\/span><span class=\"stk-block-icon-list-item__text\"><a href=\"https:\/\/drive.google.com\/file\/d\/1kEbUG3K4hiQFNc38dl4AGF97cDQxLKsJ\/preview\" target=\"_blank\" rel=\"noreferrer noopener\" target=\"_blank\" rel=\"noopener\">Ajuste entre estudio y empleo<\/a><\/span><\/div><\/li>\n\n\n\n<li class=\"wp-block-stackable-icon-list-item stk-block-icon-list-item stk-block stk-c61da6c\" data-block-id=\"c61da6c\"><div class=\"stk-block-icon-list-item__content\"><span class=\"stk--svg-wrapper\"><div class=\"stk--inner-svg\"><svg aria-hidden=\"true\" width=\"32\" height=\"32\"><use xlink:href=\"#stk-icon-list__icon-svg-def-70e1cbf\"><\/use><\/svg><\/div><\/span><span class=\"stk-block-icon-list-item__text\"><a href=\"https:\/\/drive.google.com\/file\/d\/0B_SHXICXk7NUbVY2cDJMX0ZJenc\/view?usp=sharing\" target=\"_blank\" rel=\"noreferrer noopener\" target=\"_blank\" rel=\"noopener\">An\u00e1lisis de la satisfacci\u00f3n de los beneficiarios del programa Cataliza II<\/a><\/span><\/div><\/li>\n<\/ul><\/div>\n<\/div><\/div><\/div>\n<\/div><\/div>\n\n\n\n<div class=\"wp-block-stackable-columns alignfull stk-block-columns stk-block stk-624ff55 stk-block-background\" data-block-id=\"624ff55\"><style>.stk-624ff55 .stk--block-align-624ff55{align-items:center !important;}.stk-624ff55 {background-color:#fdefd9 !important;margin-top:20px !important;margin-bottom:-80px !important;}.stk-624ff55:before{background-color:#fdefd9 !important;}.stk-624ff55-column{max-width:1140px !important;min-width:auto !important;margin-right:auto !important;margin-left:auto !important;--stk-columns-spacing:0px !important;--stk-column-gap:50px !important;}<\/style><div class=\"stk-row stk-inner-blocks stk--block-align-624ff55 stk-block-content stk-content-align stk-624ff55-column alignwide\">\n<div class=\"wp-block-stackable-column stk-block-column stk-column stk-block stk-8f60d39\" data-v=\"4\" data-block-id=\"8f60d39\"><style>@media screen and (min-width: 768px){.stk-8f60d39 {flex:var(--stk-flex-grow, 1) 1 calc(40% - var(--stk-column-gap, 0px) * 1 \/ 2 ) !important;}}<\/style><div class=\"stk-column-wrapper stk-block-column__content stk-container stk-8f60d39-container stk--no-background stk--no-padding\"><div class=\"stk-block-content stk-inner-blocks stk-8f60d39-inner-blocks\">\n<div class=\"wp-block-stackable-image stk-block-image stk-block stk-4de1174\" data-block-id=\"4de1174\"><style>.stk-4de1174 .stk-img-wrapper img{border-radius:8px !important;}<\/style><figure><span class=\"stk-img-wrapper stk-image--shape-stretch\"><img loading=\"lazy\" decoding=\"async\" class=\"stk-img wp-image-45\" src=\"http:\/\/www.ull.es\/observatorio-formacion-empleo\/wp-content\/uploads\/sites\/21\/2023\/10\/pexels-rdne-stock-project-9034968.jpg\" width=\"1280\" height=\"853\" srcset=\"https:\/\/www.ull.es\/observatorio-formacion-empleo\/wp-content\/uploads\/sites\/21\/2023\/10\/pexels-rdne-stock-project-9034968.jpg 1280w, https:\/\/www.ull.es\/observatorio-formacion-empleo\/wp-content\/uploads\/sites\/21\/2023\/10\/pexels-rdne-stock-project-9034968-300x200.jpg 300w, https:\/\/www.ull.es\/observatorio-formacion-empleo\/wp-content\/uploads\/sites\/21\/2023\/10\/pexels-rdne-stock-project-9034968-1024x682.jpg 1024w, https:\/\/www.ull.es\/observatorio-formacion-empleo\/wp-content\/uploads\/sites\/21\/2023\/10\/pexels-rdne-stock-project-9034968-768x512.jpg 768w, https:\/\/www.ull.es\/observatorio-formacion-empleo\/wp-content\/uploads\/sites\/21\/2023\/10\/pexels-rdne-stock-project-9034968-375x250.jpg 375w, https:\/\/www.ull.es\/observatorio-formacion-empleo\/wp-content\/uploads\/sites\/21\/2023\/10\/pexels-rdne-stock-project-9034968-750x500.jpg 750w, https:\/\/www.ull.es\/observatorio-formacion-empleo\/wp-content\/uploads\/sites\/21\/2023\/10\/pexels-rdne-stock-project-9034968-1140x760.jpg 1140w\" sizes=\"auto, (max-width: 1280px) 100vw, 1280px\" \/><\/span><\/figure><\/div>\n<\/div><\/div><\/div>\n\n\n\n<div class=\"wp-block-stackable-column stk-block-column stk-column stk-block stk-57b9010\" data-v=\"4\" data-block-id=\"57b9010\"><style>@media screen and (min-width: 768px){.stk-57b9010 {flex:var(--stk-flex-grow, 1) 1 calc(60% - var(--stk-column-gap, 0px) * 1 \/ 2 ) !important;}}<\/style><div class=\"stk-column-wrapper stk-block-column__content stk-container stk-57b9010-container stk--no-background stk--no-padding\"><div class=\"stk-block-content stk-inner-blocks stk-57b9010-inner-blocks\">\n<div class=\"wp-block-stackable-heading stk-block-heading stk-block-heading--v2 stk-block stk-56e96d1\" id=\"estudios-y-publicaciones-externas\" data-block-id=\"56e96d1\"><style>.stk-56e96d1 {margin-bottom:20px !important;}.stk-56e96d1 .stk-block-heading__text{font-size:20px !important;color:#5c068c !important;font-weight:600 !important;font-family:\"Montserrat\", Sans-serif !important;}@media screen and (max-width: 1023px){.stk-56e96d1 .stk-block-heading__text{font-size:20px !important;}}<\/style><h2 class=\"stk-block-heading__text has-text-color\">Estudios y publicaciones externas<\/h2><\/div>\n\n\n\n<div class=\"wp-block-stackable-icon-list stk-block-icon-list stk-block stk-9df7679\" data-block-id=\"9df7679\"><style>.stk-9df7679 {--stk-icon-list-row-gap:5px !important;--stk-icon-list-icon-size:6px !important;}<\/style><svg style=\"display:none\"><defs><g id=\"stk-icon-list__icon-svg-def-9df7679\"><svg xmlns=\"http:\/\/www.w3.org\/2000\/svg\" viewBox=\"0 0 512 512\"><path d=\"M256 512A256 256 0 1 0 256 0a256 256 0 1 0 0 512z\"\/><\/svg><\/g><\/defs><\/svg><ul class=\"stk-block-icon-list__ul stk-block-icon-list--column\">\n<li class=\"wp-block-stackable-icon-list-item stk-block-icon-list-item stk-block stk-d2b0f02\" data-block-id=\"d2b0f02\"><div class=\"stk-block-icon-list-item__content\"><span class=\"stk--svg-wrapper\"><div class=\"stk--inner-svg\"><svg aria-hidden=\"true\" width=\"32\" height=\"32\"><use xlink:href=\"#stk-icon-list__icon-svg-def-9df7679\"><\/use><\/svg><\/div><\/span><span class=\"stk-block-icon-list-item__text\"><a href=\"https:\/\/www.fundacioncyd.org\/publicaciones\/informe-cyd\/\" target=\"_blank\" rel=\"noreferrer noopener\" target=\"_blank\" rel=\"noopener\"><em>Informe CYD<\/em><\/a><\/span><\/div><\/li>\n\n\n\n<li class=\"wp-block-stackable-icon-list-item stk-block-icon-list-item stk-block stk-a91392c\" data-block-id=\"a91392c\"><div class=\"stk-block-icon-list-item__content\"><span class=\"stk--svg-wrapper\"><div class=\"stk--inner-svg\"><svg aria-hidden=\"true\" width=\"32\" height=\"32\"><use xlink:href=\"#stk-icon-list__icon-svg-def-9df7679\"><\/use><\/svg><\/div><\/span><span class=\"stk-block-icon-list-item__text\"><a href=\"https:\/\/www.fbbva.es\/wp-content\/uploads\/2023\/05\/FBBVA-Ivie_U-Ranking_Informe_Insercion_laboral_2023_def.pdf\" target=\"_blank\" rel=\"noreferrer noopener\" target=\"_blank\" rel=\"noopener\"><em>An\u00e1lisis de la Inserci\u00f3n laboral de los Universitarios<\/em><\/a><\/span><\/div><\/li>\n\n\n\n<li class=\"wp-block-stackable-icon-list-item stk-block-icon-list-item stk-block stk-b40ffa9\" data-block-id=\"b40ffa9\"><div class=\"stk-block-icon-list-item__content\"><span class=\"stk--svg-wrapper\"><div class=\"stk--inner-svg\"><svg aria-hidden=\"true\" width=\"32\" height=\"32\"><use xlink:href=\"#stk-icon-list__icon-svg-def-9df7679\"><\/use><\/svg><\/div><\/span><span class=\"stk-block-icon-list-item__text\"><a href=\"https:\/\/www.fbbva.es\/wp-content\/uploads\/2023\/05\/FBBVA-Ivie_U-Ranking_Informe_Insercion_laboral_2023_def.pdf\" target=\"_blank\" rel=\"noreferrer noopener\" target=\"_blank\" rel=\"noopener\"><em>Itinerarios de inserci\u00f3n laboral y factores determinantes de la empleabilidad<\/em><\/a><\/span><\/div><\/li>\n\n\n\n<li class=\"wp-block-stackable-icon-list-item stk-block-icon-list-item stk-block stk-e0257a7\" data-block-id=\"e0257a7\"><div class=\"stk-block-icon-list-item__content\"><span class=\"stk--svg-wrapper\"><div class=\"stk--inner-svg\"><svg aria-hidden=\"true\" width=\"32\" height=\"32\"><use xlink:href=\"#stk-icon-list__icon-svg-def-9df7679\"><\/use><\/svg><\/div><\/span><span class=\"stk-block-icon-list-item__text\"><a href=\"https:\/\/www.aneca.es\/documents\/20123\/134274\/INFORME_empleabilidad_210908.pdf\/8ff2c48a-87ef-b34a-12a2-ce26a1af2b6e?t=1669106818753\" target=\"_blank\" rel=\"noreferrer noopener\" target=\"_blank\" rel=\"noopener\"><em>Marco para la autoevaluaci\u00f3n de las universidades en materia de empleo y empleabilidad<\/em><\/a><\/span><\/div><\/li>\n\n\n\n<li class=\"wp-block-stackable-icon-list-item stk-block-icon-list-item stk-block stk-a67f163\" data-block-id=\"a67f163\"><div class=\"stk-block-icon-list-item__content\"><span class=\"stk--svg-wrapper\"><div class=\"stk--inner-svg\"><svg aria-hidden=\"true\" width=\"32\" height=\"32\"><use xlink:href=\"#stk-icon-list__icon-svg-def-9df7679\"><\/use><\/svg><\/div><\/span><span class=\"stk-block-icon-list-item__text\"><a href=\"https:\/\/www.aneca.es\/documents\/20123\/134274\/publi_competencias_090303.pdf\/7907a3ae-a611-c0bd-7b80-e7cb5e97fc68?t=1671442712872\" target=\"_blank\" rel=\"noreferrer noopener\" target=\"_blank\" rel=\"noopener\"><em>El debate sobre las competencias: analiza los puntos de vista de j\u00f3venes titulados y empleadores sobre la problem\u00e1tica de la inserci\u00f3n laboral.<\/em><\/a><\/span><\/div><\/li>\n<\/ul><\/div>\n<\/div><\/div><\/div>\n<\/div><\/div>\n","protected":false},"excerpt":{"rendered":"<p>Estudios y Publicaciones Estudios y publicaciones propias Estudios y publicaciones externas<\/p>\n","protected":false},"author":60,"featured_media":0,"parent":0,"menu_order":0,"comment_status":"closed","ping_status":"closed","template":"templates\/template-frontpage.php","meta":{"footnotes":""},"class_list":["post-123","page","type-page","status-publish","hentry"],"_links":{"self":[{"href":"https:\/\/www.ull.es\/observatorio-formacion-empleo\/wp-json\/wp\/v2\/pages\/123","targetHints":{"allow":["GET"]}}],"collection":[{"href":"https:\/\/www.ull.es\/observatorio-formacion-empleo\/wp-json\/wp\/v2\/pages"}],"about":[{"href":"https:\/\/www.ull.es\/observatorio-formacion-empleo\/wp-json\/wp\/v2\/types\/page"}],"author":[{"embeddable":true,"href":"https:\/\/www.ull.es\/observatorio-formacion-empleo\/wp-json\/wp\/v2\/users\/60"}],"replies":[{"embeddable":true,"href":"https:\/\/www.ull.es\/observatorio-formacion-empleo\/wp-json\/wp\/v2\/comments?post=123"}],"version-history":[{"count":36,"href":"https:\/\/www.ull.es\/observatorio-formacion-empleo\/wp-json\/wp\/v2\/pages\/123\/revisions"}],"predecessor-version":[{"id":558,"href":"https:\/\/www.ull.es\/observatorio-formacion-empleo\/wp-json\/wp\/v2\/pages\/123\/revisions\/558"}],"wp:attachment":[{"href":"https:\/\/www.ull.es\/observatorio-formacion-empleo\/wp-json\/wp\/v2\/media?parent=123"}],"curies":[{"name":"wp","href":"https:\/\/api.w.org\/{rel}","templated":true}]}}