{"id":143,"date":"2023-10-19T11:42:50","date_gmt":"2023-10-19T11:42:50","guid":{"rendered":"https:\/\/www.ull.es\/observatorio-formacion-empleo\/?page_id=143"},"modified":"2025-09-10T11:48:44","modified_gmt":"2025-09-10T11:48:44","slug":"contacto-2","status":"publish","type":"page","link":"https:\/\/www.ull.es\/observatorio-formacion-empleo\/contacto-2\/","title":{"rendered":"Contacto"},"content":{"rendered":"\n<div class=\"wp-block-stackable-columns alignfull stk-block-columns stk-block stk-046da40 stk-block-background stk--has-background-overlay\" data-block-id=\"046da40\"><style>.stk-046da40 {background-color:#00000054 !important;background-image:url(http:\/\/www.ull.es\/observatorio-formacion-empleo\/wp-content\/uploads\/sites\/21\/2023\/10\/1200x800_0012_.jpg) !important;background-position:center center !important;min-height:300px !important;align-items:center !important;margin-top:-30px !important;display:flex !important;}.stk-046da40:before{background-color:#00000054 !important;opacity:0.5 !important;}<\/style><div class=\"stk-row stk-inner-blocks stk-block-content stk-content-align stk-046da40-column alignfull\">\n<div class=\"wp-block-stackable-column stk-block-column stk-column stk-block stk-2aca950\" data-v=\"4\" data-block-id=\"2aca950\"><div class=\"stk-column-wrapper stk-block-column__content stk-container stk-2aca950-container stk--no-background stk--no-padding\"><div class=\"stk-block-content stk-inner-blocks stk-2aca950-inner-blocks\">\n<div class=\"wp-block-stackable-heading stk-block-heading stk-block-heading--v2 stk-block stk-47073ce\" id=\"contacto\" data-block-id=\"47073ce\"><style>.stk-47073ce .stk-block-heading__text{text-shadow:-3px 3px 4px #3b016cc2 !important;font-size:35px !important;color:#ffffff !important;font-weight:600 !important;font-family:\"Montserrat\", Sans-serif !important;}@media screen and (max-width: 1023px){.stk-47073ce .stk-block-heading__text{font-size:35px !important;}}<\/style><h2 class=\"stk-block-heading__text has-text-color has-text-align-center\">Contacto<\/h2><\/div>\n<\/div><\/div><\/div>\n<\/div><\/div>\n\n\n\n<div class=\"wp-block-stackable-columns alignfull stk-block-columns stk-block stk-d1a69df\" data-block-id=\"d1a69df\"><style>.stk-d1a69df .stk--block-align-d1a69df{align-items:center !important;}.stk-d1a69df {margin-top:50px !important;margin-bottom:50px !important;}.stk-d1a69df-column{max-width:1140px !important;min-width:auto !important;margin-right:auto !important;margin-left:auto !important;--stk-columns-spacing:0px !important;--stk-column-gap:50px !important;}<\/style><div class=\"stk-row stk-inner-blocks stk--block-align-d1a69df stk-block-content stk-content-align stk-d1a69df-column alignwide\">\n<div class=\"wp-block-stackable-column stk-block-column stk-column stk-block stk-de5ceb3\" data-v=\"4\" data-block-id=\"de5ceb3\"><style>@media screen and (min-width: 768px){.stk-de5ceb3 {flex:var(--stk-flex-grow, 1) 1 calc(50% - var(--stk-column-gap, 0px) * 1 \/ 2 ) !important;}}<\/style><div class=\"stk-column-wrapper stk-block-column__content stk-container stk-de5ceb3-container stk--no-background stk--no-padding\"><div class=\"stk-block-content stk-inner-blocks stk-de5ceb3-inner-blocks\">\n<div class=\"wp-block-stackable-heading stk-block-heading stk-block-heading--v2 stk-block stk-e0a32aa\" id=\"formulario\" data-block-id=\"e0a32aa\"><style>.stk-e0a32aa {margin-bottom:0px !important;}.stk-e0a32aa .stk-block-heading__text{font-size:26px !important;color:#bb80b7 !important;font-family:\"Montserrat\", Sans-serif !important;}@media screen and (max-width: 1023px){.stk-e0a32aa .stk-block-heading__text{font-size:26px !important;}}<\/style><h2 class=\"stk-block-heading__text has-text-color has-text-align-left\">Formulario<\/h2><\/div>\n\n\n\n<div class=\"wp-block-stackable-divider stk-block-divider has-text-align-left stk-block stk-d8329d4 is-style-bar\" data-block-id=\"d8329d4\"><style>.stk-d8329d4 hr.stk-block-divider__hr{background:#8484d4 !important;width:24% !important;}<\/style><hr class=\"stk-block-divider__hr\"\/><\/div>\n\n\n\n<div class=\"wp-block-stackable-text stk-block-text stk-block stk-8710f7d\" data-block-id=\"8710f7d\"><style>.stk-8710f7d .stk-block-text__text{font-size:15px !important;font-weight:400 !important;font-family:\"Montserrat\", Sans-serif !important;}@media screen and (max-width: 1023px){.stk-8710f7d .stk-block-text__text{font-size:15px !important;}}<\/style><p class=\"stk-block-text__text has-text-align-left\">Cont\u00e1ctanos a trav\u00e9s de este formulario si tienes algo que proponernos, alguna sugerencia o cualquier cuesti\u00f3n en la que podamos ayudarte.<\/p><\/div>\n<\/div><\/div><\/div>\n\n\n\n<div class=\"wp-block-stackable-column stk-block-column stk-column stk-block stk-58a8b98 stk-block-background\" data-v=\"4\" data-block-id=\"58a8b98\"><style>.stk-58a8b98 {background-color:#f7be69 !important;border-top-left-radius:12px !important;border-top-right-radius:12px !important;border-bottom-right-radius:12px !important;border-bottom-left-radius:12px !important;overflow:hidden !important;}.stk-58a8b98:before{background-color:#f7be69 !important;}@media screen and (min-width: 768px){.stk-58a8b98 {flex:var(--stk-flex-grow, 1) 1 calc(50% - var(--stk-column-gap, 0px) * 1 \/ 2 ) !important;}}<\/style><div class=\"stk-column-wrapper stk-block-column__content stk-container stk-58a8b98-container stk--no-background stk--no-padding\"><div class=\"stk-block-content stk-inner-blocks stk-58a8b98-inner-blocks\">\n<div class=\"wp-block-uagb-forms uagb-forms__outer-wrap uagb-block-28b86036 uagb-forms__full-btn\"><form class=\"uagb-forms-main-form\" method=\"post\" autocomplete=\"on\" name=\"uagb-form-28b86036\">\n\n<div class=\"wp-block-uagb-forms-name uagb-forms-name-wrap uagb-forms-field-set uagb-block-9dd9d6cb\"><div class=\"uagb-forms-name-label required uagb-forms-input-label\" id=\"9dd9d6cb\">Nombre<\/div><input type=\"text\" placeholder=\"Nombre\" required class=\"uagb-forms-name-input uagb-forms-input\" name=\"9dd9d6cb\" autocomplete=\"given-name\"\/><\/div>\n\n\n<div class=\"wp-block-uagb-forms-email uagb-forms-email-wrap uagb-forms-field-set uagb-block-df6b6a21\"><div class=\"uagb-forms-email-label required uagb-forms-input-label\" id=\"df6b6a21\">Correo electr\u00f3nico<\/div><input type=\"email\" class=\"uagb-forms-email-input uagb-forms-input\" placeholder=\"Correo electr\u00f3nico\" required name=\"df6b6a21\" autocomplete=\"email\"\/><\/div>\n\n\n<div class=\"wp-block-uagb-forms-textarea uagb-forms-textarea-wrap uagb-forms-field-set uagb-block-5cdb5692\"><div class=\"uagb-forms-textarea-label required uagb-forms-input-label\" id=\"5cdb5692\">Mensaje<\/div><textarea required class=\"uagb-forms-textarea-input uagb-forms-input\" rows=\"4\" placeholder=\"Mensaje\" name=\"5cdb5692\" autocomplete=\"off\"><\/textarea><\/div>\n\n<div class=\"uagb-forms-form-hidden-data\"><input type=\"hidden\" class=\"uagb_forms_form_label\" value=\"Formulario Spectra\"\/><input type=\"hidden\" class=\"uagb_forms_form_id\" value=\"uagb-form-28b86036\"\/><\/div><div class=\"uagb-form-reacaptcha-error-28b86036\"><\/div><div class=\"uagb-forms-main-submit-button-wrap wp-block-button\"><button class=\"uagb-forms-main-submit-button wp-block-button__link\"><div class=\"uagb-forms-main-submit-button-text\">Enviar<\/div><\/button><\/div><\/form><div class=\"uagb-forms-success-message-28b86036 uagb-forms-submit-message-hide\"><span>\u00a1El formulario ha sido enviado correctamente!<\/span><\/div><div class=\"uagb-forms-failed-message-28b86036 uagb-forms-submit-message-hide\"><span>Ha ocurrido alg\u00fan error al enviar el formulario. Por favor, revisa de nuevo todos los campos.<\/span><\/div><\/div>\n<\/div><\/div><\/div>\n<\/div><\/div>\n\n\n\n<div class=\"wp-block-stackable-columns alignfull stk-block-columns stk-block stk-515a889 stk-block-background\" data-block-id=\"515a889\"><style>.stk-515a889 .stk--block-align-515a889{align-items:center !important;}.stk-515a889 {background-color:#f2f2ff !important;margin-top:0px !important;margin-bottom:-80px !important;}.stk-515a889:before{background-color:#f2f2ff !important;}.stk-515a889-column{max-width:1140px !important;min-width:auto !important;margin-right:auto !important;margin-left:auto !important;--stk-columns-spacing:0px !important;--stk-column-gap:50px !important;}<\/style><div class=\"stk-row stk-inner-blocks stk--block-align-515a889 stk-block-content stk-content-align stk-515a889-column alignwide\">\n<div class=\"wp-block-stackable-column stk-block-column stk-column stk-block stk-ee5f1cc\" data-v=\"4\" data-block-id=\"ee5f1cc\"><style>@media screen and (min-width: 768px){.stk-ee5f1cc {flex:var(--stk-flex-grow, 1) 1 calc(50% - var(--stk-column-gap, 0px) * 1 \/ 2 ) !important;}}<\/style><div class=\"stk-column-wrapper stk-block-column__content stk-container stk-ee5f1cc-container stk--no-background stk--no-padding\"><div class=\"stk-block-content stk-inner-blocks stk-ee5f1cc-inner-blocks\">\n<div class=\"wp-block-stackable-image stk-block-image stk-block stk-e72001c\" data-block-id=\"e72001c\"><style>.stk-e72001c .stk-img-wrapper img{border-radius:12px !important;}<\/style><figure><span class=\"stk-img-wrapper stk-image--shape-stretch\"><img loading=\"lazy\" decoding=\"async\" class=\"stk-img wp-image-85\" src=\"http:\/\/www.ull.es\/observatorio-formacion-empleo\/wp-content\/uploads\/sites\/21\/2023\/10\/1200x800_0011_.jpg\" width=\"1200\" height=\"800\" srcset=\"https:\/\/www.ull.es\/observatorio-formacion-empleo\/wp-content\/uploads\/sites\/21\/2023\/10\/1200x800_0011_.jpg 1200w, https:\/\/www.ull.es\/observatorio-formacion-empleo\/wp-content\/uploads\/sites\/21\/2023\/10\/1200x800_0011_-300x200.jpg 300w, https:\/\/www.ull.es\/observatorio-formacion-empleo\/wp-content\/uploads\/sites\/21\/2023\/10\/1200x800_0011_-1024x683.jpg 1024w, https:\/\/www.ull.es\/observatorio-formacion-empleo\/wp-content\/uploads\/sites\/21\/2023\/10\/1200x800_0011_-768x512.jpg 768w, https:\/\/www.ull.es\/observatorio-formacion-empleo\/wp-content\/uploads\/sites\/21\/2023\/10\/1200x800_0011_-375x250.jpg 375w, https:\/\/www.ull.es\/observatorio-formacion-empleo\/wp-content\/uploads\/sites\/21\/2023\/10\/1200x800_0011_-750x500.jpg 750w, https:\/\/www.ull.es\/observatorio-formacion-empleo\/wp-content\/uploads\/sites\/21\/2023\/10\/1200x800_0011_-1140x760.jpg 1140w\" sizes=\"auto, (max-width: 1200px) 100vw, 1200px\" \/><\/span><\/figure><\/div>\n<\/div><\/div><\/div>\n\n\n\n<div class=\"wp-block-stackable-column stk-block-column stk-column stk-block stk-59a8bc0\" data-v=\"4\" data-block-id=\"59a8bc0\"><style>@media screen and (min-width: 768px){.stk-59a8bc0 {flex:var(--stk-flex-grow, 1) 1 calc(50% - var(--stk-column-gap, 0px) * 1 \/ 2 ) !important;}}<\/style><div class=\"stk-column-wrapper stk-block-column__content stk-container stk-59a8bc0-container stk--no-background stk--no-padding\"><div class=\"stk-block-content stk-inner-blocks stk-59a8bc0-inner-blocks\">\n<div class=\"wp-block-stackable-heading stk-block-heading stk-block-heading--v2 stk-block stk-5ee266d\" id=\"nuestros-datos-de-contacto\" data-block-id=\"5ee266d\"><style>.stk-5ee266d {margin-bottom:0px !important;}.stk-5ee266d .stk-block-heading__text{font-size:26px !important;color:#8a52fd !important;font-family:\"Montserrat\", Sans-serif !important;}@media screen and (max-width: 1023px){.stk-5ee266d .stk-block-heading__text{font-size:26px !important;}}<\/style><h2 class=\"stk-block-heading__text has-text-color has-text-align-left\">Nuestros datos de contacto<\/h2><\/div>\n\n\n\n<div class=\"wp-block-stackable-divider stk-block-divider has-text-align-left stk-block stk-2b80c14 is-style-bar\" data-block-id=\"2b80c14\"><style>.stk-2b80c14 hr.stk-block-divider__hr{background:#f7be69 !important;width:24% !important;}<\/style><hr class=\"stk-block-divider__hr\"\/><\/div>\n\n\n\n<div class=\"wp-block-stackable-icon-list stk-block-icon-list stk-block stk-4e31f40\" data-block-id=\"4e31f40\"><style>.stk-4e31f40 {--stk-icon-list-row-gap:10px !important;}.stk-4e31f40 ul, .stk-4e31f40 ol{padding-left:0px !important;}.stk-4e31f40 .stk-block-icon-list-item__content{margin-inline:0 auto !important;}<\/style><svg style=\"display:none\"><defs><g id=\"stk-icon-list__icon-svg-def-4e31f40\"><svg xmlns=\"http:\/\/www.w3.org\/2000\/svg\" viewBox=\"0 0 190 190\"><polygon points=\"173.8,28.4 60.4,141.8 15.7,97.2 5.1,107.8 60.4,163 184.4,39 173.8,28.4\"\/><\/svg><\/g><\/defs><\/svg><ul class=\"stk-block-icon-list__ul stk-block-icon-list--column\">\n<li class=\"wp-block-stackable-icon-list-item stk-block-icon-list-item stk-block stk-fcf404f\" data-block-id=\"fcf404f\"><style>.stk-fcf404f .stk-block-icon-list-item__text{font-size:16px !important;font-weight:500 !important;font-family:\"Montserrat\", Sans-serif !important;}@media screen and (max-width: 1023px){.stk-fcf404f .stk-block-icon-list-item__text{font-size:16px !important;}}<\/style><div class=\"stk-block-icon-list-item__content\"><span class=\"stk--svg-wrapper\"><div class=\"stk--inner-svg\"><svg xmlns=\"http:\/\/www.w3.org\/2000\/svg\" viewBox=\"0 0 512 512\" aria-hidden=\"true\" width=\"32\" height=\"32\"><path d=\"M164.9 24.6c-7.7-18.6-28-28.5-47.4-23.2l-88 24C12.1 30.2 0 46 0 64C0 311.4 200.6 512 448 512c18 0 33.8-12.1 38.6-29.5l24-88c5.3-19.4-4.6-39.7-23.2-47.4l-96-40c-16.3-6.8-35.2-2.1-46.3 11.6L304.7 368C234.3 334.7 177.3 277.7 144 207.3L193.3 167c13.7-11.2 18.4-30 11.6-46.3l-40-96z\"><\/path><\/svg><\/div><\/span><span class=\"stk-block-icon-list-item__text\">922 316 502 extensi\u00f3n 3204<\/span><\/div><\/li>\n\n\n\n<li class=\"wp-block-stackable-icon-list-item stk-block-icon-list-item stk-block stk-f4a2aa4\" data-block-id=\"f4a2aa4\"><style>.stk-f4a2aa4 .stk-block-icon-list-item__text{font-size:16px !important;font-weight:500 !important;font-family:\"Montserrat\", Sans-serif !important;}@media screen and (max-width: 1023px){.stk-f4a2aa4 .stk-block-icon-list-item__text{font-size:16px !important;}}<\/style><div class=\"stk-block-icon-list-item__content\"><span class=\"stk--svg-wrapper\"><div class=\"stk--inner-svg\"><svg xmlns=\"http:\/\/www.w3.org\/2000\/svg\" viewBox=\"0 0 512 512\" aria-hidden=\"true\" width=\"32\" height=\"32\"><path d=\"M48 64C21.5 64 0 85.5 0 112c0 15.1 7.1 29.3 19.2 38.4L236.8 313.6c11.4 8.5 27 8.5 38.4 0L492.8 150.4c12.1-9.1 19.2-23.3 19.2-38.4c0-26.5-21.5-48-48-48H48zM0 176V384c0 35.3 28.7 64 64 64H448c35.3 0 64-28.7 64-64V176L294.4 339.2c-22.8 17.1-54 17.1-76.8 0L0 176z\"><\/path><\/svg><\/div><\/span><span class=\"stk-block-icon-list-item__text\"> ofempull@ull.edu.es<\/span><\/div><\/li>\n\n\n\n<li class=\"wp-block-stackable-icon-list-item stk-block-icon-list-item stk-block stk-f4c2a0f\" data-block-id=\"f4c2a0f\"><style>.stk-f4c2a0f .stk-block-icon-list-item__text{font-size:16px !important;font-weight:500 !important;font-family:\"Montserrat\", Sans-serif !important;}@media screen and (max-width: 1023px){.stk-f4c2a0f .stk-block-icon-list-item__text{font-size:16px !important;}}<\/style><div class=\"stk-block-icon-list-item__content\"><span class=\"stk--svg-wrapper\"><div class=\"stk--inner-svg\"><svg xmlns=\"http:\/\/www.w3.org\/2000\/svg\" viewBox=\"0 0 384 512\" aria-hidden=\"true\" width=\"32\" height=\"32\"><path d=\"M48 0C21.5 0 0 21.5 0 48V464c0 26.5 21.5 48 48 48h96V432c0-26.5 21.5-48 48-48s48 21.5 48 48v80h96c26.5 0 48-21.5 48-48V48c0-26.5-21.5-48-48-48H48zM64 240c0-8.8 7.2-16 16-16h32c8.8 0 16 7.2 16 16v32c0 8.8-7.2 16-16 16H80c-8.8 0-16-7.2-16-16V240zm112-16h32c8.8 0 16 7.2 16 16v32c0 8.8-7.2 16-16 16H176c-8.8 0-16-7.2-16-16V240c0-8.8 7.2-16 16-16zm80 16c0-8.8 7.2-16 16-16h32c8.8 0 16 7.2 16 16v32c0 8.8-7.2 16-16 16H272c-8.8 0-16-7.2-16-16V240zM80 96h32c8.8 0 16 7.2 16 16v32c0 8.8-7.2 16-16 16H80c-8.8 0-16-7.2-16-16V112c0-8.8 7.2-16 16-16zm80 16c0-8.8 7.2-16 16-16h32c8.8 0 16 7.2 16 16v32c0 8.8-7.2 16-16 16H176c-8.8 0-16-7.2-16-16V112zM272 96h32c8.8 0 16 7.2 16 16v32c0 8.8-7.2 16-16 16H272c-8.8 0-16-7.2-16-16V112c0-8.8 7.2-16 16-16z\"><\/path><\/svg><\/div><\/span><span class=\"stk-block-icon-list-item__text\">Planta Baja del Aulario Torre Profesor Agust\u00edn Ar\u00e9valo<\/span><\/div><\/li>\n\n\n\n<li class=\"wp-block-stackable-icon-list-item stk-block-icon-list-item stk-block stk-69e7012\" data-block-id=\"69e7012\"><style>.stk-69e7012 .stk-block-icon-list-item__text{font-size:16px !important;font-weight:500 !important;font-family:\"Montserrat\", Sans-serif !important;}@media screen and (max-width: 1023px){.stk-69e7012 .stk-block-icon-list-item__text{font-size:16px !important;}}<\/style><div class=\"stk-block-icon-list-item__content\"><span class=\"stk--svg-wrapper\"><div class=\"stk--inner-svg\"><svg xmlns=\"http:\/\/www.w3.org\/2000\/svg\" viewBox=\"0 0 384 512\" aria-hidden=\"true\" width=\"32\" height=\"32\"><path d=\"M215.7 499.2C267 435 384 279.4 384 192C384 86 298 0 192 0S0 86 0 192c0 87.4 117 243 168.3 307.2c12.3 15.3 35.1 15.3 47.4 0zM192 128a64 64 0 1 1 0 128 64 64 0 1 1 0-128z\"><\/path><\/svg><\/div><\/span><span class=\"stk-block-icon-list-item__text\">Avenida de la Trinidad, 61. San Crist\u00f3bal de La Laguna<\/span><\/div><\/li>\n<\/ul><\/div>\n<\/div><\/div><\/div>\n<\/div><\/div>\n","protected":false},"excerpt":{"rendered":"<p>Contacto Formulario Cont\u00e1ctanos a trav\u00e9s de este formulario si tienes algo que proponernos, alguna sugerencia o cualquier cuesti\u00f3n en la que podamos ayudarte. Nuestros datos de contacto<\/p>\n","protected":false},"author":60,"featured_media":0,"parent":0,"menu_order":0,"comment_status":"closed","ping_status":"closed","template":"templates\/template-frontpage.php","meta":{"footnotes":""},"class_list":["post-143","page","type-page","status-publish","hentry"],"_links":{"self":[{"href":"https:\/\/www.ull.es\/observatorio-formacion-empleo\/wp-json\/wp\/v2\/pages\/143","targetHints":{"allow":["GET"]}}],"collection":[{"href":"https:\/\/www.ull.es\/observatorio-formacion-empleo\/wp-json\/wp\/v2\/pages"}],"about":[{"href":"https:\/\/www.ull.es\/observatorio-formacion-empleo\/wp-json\/wp\/v2\/types\/page"}],"author":[{"embeddable":true,"href":"https:\/\/www.ull.es\/observatorio-formacion-empleo\/wp-json\/wp\/v2\/users\/60"}],"replies":[{"embeddable":true,"href":"https:\/\/www.ull.es\/observatorio-formacion-empleo\/wp-json\/wp\/v2\/comments?post=143"}],"version-history":[{"count":38,"href":"https:\/\/www.ull.es\/observatorio-formacion-empleo\/wp-json\/wp\/v2\/pages\/143\/revisions"}],"predecessor-version":[{"id":559,"href":"https:\/\/www.ull.es\/observatorio-formacion-empleo\/wp-json\/wp\/v2\/pages\/143\/revisions\/559"}],"wp:attachment":[{"href":"https:\/\/www.ull.es\/observatorio-formacion-empleo\/wp-json\/wp\/v2\/media?parent=143"}],"curies":[{"name":"wp","href":"https:\/\/api.w.org\/{rel}","templated":true}]}}