{"id":18,"date":"2023-01-23T11:59:48","date_gmt":"2023-01-23T11:59:48","guid":{"rendered":"https:\/\/www.ull.es\/plan-de-modernizacion-administrativa\/?page_id=18"},"modified":"2025-04-09T06:33:39","modified_gmt":"2025-04-09T06:33:39","slug":"inicio","status":"publish","type":"page","link":"https:\/\/www.ull.es\/plan-de-modernizacion-administrativa\/fr\/","title":{"rendered":"Commencer"},"content":{"rendered":"<div class=\"wp-block-stackable-columns alignfull stk-block-columns stk-block stk-b02c5b9 stk-block-background stk--has-background-overlay\" data-block-id=\"b02c5b9\"><style>.stk-b02c5b9 {background-color:#603199 !important;background-image:url(http:\/\/www.ull.es\/plan-de-modernizacion-administrativa\/wp-content\/uploads\/sites\/24\/2024\/09\/Header_Web-Plan-de-Modernizacion-Impulso_Principal.jpg) !important;background-position:center left !important;background-repeat:no-repeat !important;background-size:contain !important;margin-top:-25px !important;margin-bottom:50px !important;z-index:0 !important;}.stk-b02c5b9:before{background-color:#603199 !important;opacity:0 !important;}<\/style><div class=\"stk-row stk-inner-blocks stk-block-content stk-content-align stk-b02c5b9-column alignfull\">\n<div class=\"wp-block-stackable-column stk-block-column stk-column stk-block stk-0bd5760\" data-v=\"4\" data-block-id=\"0bd5760\"><div class=\"stk-column-wrapper stk-block-column__content stk-container stk-0bd5760-container stk--no-background stk--no-padding\"><div class=\"stk-block-content stk-inner-blocks stk-0bd5760-inner-blocks\">\n<div class=\"wp-block-stackable-spacer stk-block-spacer stk--no-padding stk-block stk-418cc8d\" data-block-id=\"418cc8d\"><style>.stk-418cc8d {height:235px !important;}<\/style><\/div>\n<\/div><\/div><\/div>\n<\/div><\/div>\n\n\n\n<div class=\"wp-block-stackable-columns stk-block-columns stk-block stk-9a97cf6\" data-block-id=\"9a97cf6\"><div class=\"stk-row stk-inner-blocks stk-block-content stk-content-align stk-9a97cf6-column\">\n<div class=\"wp-block-stackable-column stk-block-column stk-column stk-block stk-22a3b61\" data-v=\"4\" data-block-id=\"22a3b61\"><div class=\"stk-column-wrapper stk-block-column__content stk-container stk-22a3b61-container stk--no-background stk--no-padding\"><div class=\"stk-block-content stk-inner-blocks stk-22a3b61-inner-blocks\">\n<div class=\"wp-block-stackable-image stk-block-image stk-block stk-cdf0ffc\" data-block-id=\"cdf0ffc\"><figure><span class=\"stk-img-wrapper stk-image--shape-stretch\"><img loading=\"lazy\" decoding=\"async\" class=\"stk-img wp-image-2002\" src=\"http:\/\/www.ull.es\/plan-de-modernizacion-administrativa\/wp-content\/uploads\/sites\/24\/2024\/09\/happy-female-employee-working-at-laptop-got-email-2023-11-27-04-59-29-utc.jpg\" width=\"500\" height=\"333\" srcset=\"https:\/\/www.ull.es\/plan-de-modernizacion-administrativa\/wp-content\/uploads\/sites\/24\/2024\/09\/happy-female-employee-working-at-laptop-got-email-2023-11-27-04-59-29-utc.jpg 500w, https:\/\/www.ull.es\/plan-de-modernizacion-administrativa\/wp-content\/uploads\/sites\/24\/2024\/09\/happy-female-employee-working-at-laptop-got-email-2023-11-27-04-59-29-utc-300x200.jpg 300w, https:\/\/www.ull.es\/plan-de-modernizacion-administrativa\/wp-content\/uploads\/sites\/24\/2024\/09\/happy-female-employee-working-at-laptop-got-email-2023-11-27-04-59-29-utc-200x133.jpg 200w, https:\/\/www.ull.es\/plan-de-modernizacion-administrativa\/wp-content\/uploads\/sites\/24\/2024\/09\/happy-female-employee-working-at-laptop-got-email-2023-11-27-04-59-29-utc-375x250.jpg 375w\" sizes=\"auto, (max-width: 500px) 100vw, 500px\" \/><\/span><\/figure><\/div>\n<\/div><\/div><\/div>\n\n\n\n<div class=\"wp-block-stackable-column stk-block-column stk-column stk-block stk-42938fe\" data-v=\"4\" data-block-id=\"42938fe\"><style>.stk-42938fe {align-self:center !important;}<\/style><div class=\"stk-column-wrapper stk-block-column__content stk-container stk-42938fe-container stk--no-background stk--no-padding\"><div class=\"stk-block-content stk-inner-blocks stk-42938fe-inner-blocks\">\n<div class=\"wp-block-stackable-text stk-block-text stk-block stk-34600ab\" data-block-id=\"34600ab\"><style>.stk-34600ab {margin-top:0px !important;margin-right:0px !important;margin-bottom:13.5px !important;margin-left:5px !important;}.stk-34600ab .stk-block-text__text{font-weight:400 !important;font-family:\"Roboto\", Sans-serif !important;}<\/style><p class=\"stk-block-text__text\">La mission de l&#039;Universit\u00e9 de La Laguna est de \u00ab Promouvoir le d\u00e9veloppement<br>sociale, culturelle et \u00e9conomique des \u00eeles Canaries \u00e0 partir de la connaissance&#039; et comme vision &#039;\u00catre une universit\u00e9 de r\u00e9f\u00e9rence dans le contexte atlantique pour les talents,<br>&#039;exp\u00e9rience d&#039;apprentissage, recherche et contribution sociale.&#039;<br>Pour y parvenir, nous entendons promouvoir r\u00e9solument la modernisation,<br>rationalisation et transformation num\u00e9rique de l&#039;Universit\u00e9 de La Laguna,<br>promouvoir un mod\u00e8le d&#039;administration plus efficace, efficient et plus proche,<br>avec lequel la communaut\u00e9 universitaire, les citoyens et les entreprises peuvent<br>se rapportent au confort, \u00e0 la simplicit\u00e9, \u00e0 l&#039;agilit\u00e9 et \u00e0 la s\u00e9curit\u00e9 juridique.<\/p><\/div>\n<\/div><\/div><\/div>\n<\/div><\/div>","protected":false},"excerpt":{"rendered":"<p>La mission de l&#039;Universit\u00e9 de La Laguna est de \u00ab Promouvoir le d\u00e9veloppement social, culturel et \u00e9conomique des \u00eeles Canaries par la connaissance \u00bb et sa vision est d&#039;\u00ab \u00catre une universit\u00e9 de premier plan dans le contexte atlantique gr\u00e2ce au talent, \u00e0 l&#039;exp\u00e9rience d&#039;apprentissage, \u00e0 la recherche et \u00e0 la contribution sociale. \u00bb Pour y parvenir, il est pr\u00e9vu de promouvoir de mani\u00e8re d\u00e9cisive la modernisation, la rationalisation et la transformation num\u00e9rique de l\u2019Universit\u00e9 de La Laguna.<\/p>","protected":false},"author":67,"featured_media":0,"parent":0,"menu_order":0,"comment_status":"closed","ping_status":"closed","template":"templates\/template-frontpage.php","meta":{"_acf_changed":false,"footnotes":""},"class_list":["post-18","page","type-page","status-publish","hentry"],"acf":[],"_links":{"self":[{"href":"https:\/\/www.ull.es\/plan-de-modernizacion-administrativa\/fr\/wp-json\/wp\/v2\/pages\/18","targetHints":{"allow":["GET"]}}],"collection":[{"href":"https:\/\/www.ull.es\/plan-de-modernizacion-administrativa\/fr\/wp-json\/wp\/v2\/pages"}],"about":[{"href":"https:\/\/www.ull.es\/plan-de-modernizacion-administrativa\/fr\/wp-json\/wp\/v2\/types\/page"}],"author":[{"embeddable":true,"href":"https:\/\/www.ull.es\/plan-de-modernizacion-administrativa\/fr\/wp-json\/wp\/v2\/users\/67"}],"replies":[{"embeddable":true,"href":"https:\/\/www.ull.es\/plan-de-modernizacion-administrativa\/fr\/wp-json\/wp\/v2\/comments?post=18"}],"version-history":[{"count":98,"href":"https:\/\/www.ull.es\/plan-de-modernizacion-administrativa\/fr\/wp-json\/wp\/v2\/pages\/18\/revisions"}],"predecessor-version":[{"id":2090,"href":"https:\/\/www.ull.es\/plan-de-modernizacion-administrativa\/fr\/wp-json\/wp\/v2\/pages\/18\/revisions\/2090"}],"wp:attachment":[{"href":"https:\/\/www.ull.es\/plan-de-modernizacion-administrativa\/fr\/wp-json\/wp\/v2\/media?parent=18"}],"curies":[{"name":"wp","href":"https:\/\/api.w.org\/{rel}","templated":true}]}}