{"id":2025,"date":"2024-09-25T07:14:39","date_gmt":"2024-09-25T07:14:39","guid":{"rendered":"https:\/\/www.ull.es\/plan-de-modernizacion-administrativa\/?page_id=2025"},"modified":"2026-03-24T11:57:26","modified_gmt":"2026-03-24T11:57:26","slug":"hoja-de-ruta","status":"publish","type":"page","link":"https:\/\/www.ull.es\/plan-de-modernizacion-administrativa\/hoja-de-ruta\/","title":{"rendered":"Hoja de ruta"},"content":{"rendered":"\n<div class=\"wp-block-stackable-columns alignfull stk-block-columns stk-block stk-b02c5b9 stk-block-background stk--has-background-overlay\" data-block-id=\"b02c5b9\"><style>.stk-b02c5b9 {background-color:#603199 !important;background-image:url(http:\/\/www.ull.es\/plan-de-modernizacion-administrativa\/wp-content\/uploads\/sites\/24\/2024\/09\/Header_Web-Plan-de-Modernizacion-Impulso_Hoja-de-ruta.jpg) !important;background-position:center left !important;background-repeat:no-repeat !important;background-size:contain !important;margin-top:-5px !important;margin-bottom:50px !important;}.stk-b02c5b9:before{background-color:#603199 !important;opacity:0 !important;}<\/style><div class=\"stk-row stk-inner-blocks stk-block-content stk-content-align stk-b02c5b9-column alignfull\">\n<div class=\"wp-block-stackable-column stk-block-column stk-column stk-block stk-0bd5760\" data-v=\"4\" data-block-id=\"0bd5760\"><div class=\"stk-column-wrapper stk-block-column__content stk-container stk-0bd5760-container stk--no-background stk--no-padding\"><div class=\"stk-block-content stk-inner-blocks stk-0bd5760-inner-blocks\">\n<div class=\"wp-block-stackable-spacer stk-block-spacer stk--no-padding stk-block stk-418cc8d\" data-block-id=\"418cc8d\"><style>.stk-418cc8d {height:235px !important;}<\/style><\/div>\n<\/div><\/div><\/div>\n<\/div><\/div>\n\n\n\n<div class=\"wp-block-stackable-columns stk-block-columns stk-block stk-f115f39\" data-block-id=\"f115f39\"><div class=\"stk-row stk-inner-blocks stk-block-content stk-content-align stk-f115f39-column\">\n<div class=\"wp-block-stackable-column stk-block-column stk-column stk-block stk-f7161f6\" data-v=\"4\" data-block-id=\"f7161f6\"><div class=\"stk-column-wrapper stk-block-column__content stk-container stk-f7161f6-container stk--no-background stk--no-padding\"><div class=\"stk-block-content stk-inner-blocks stk-f7161f6-inner-blocks\">\n<div class=\"wp-block-cp-timeline-content-timeline-block Cool-Content-Timeline\"><div class=\"cool-timeline-block-fe049431-8605-4121-b47e-e6f4501bbe7d\"><style>.cool-timeline-block-fe049431-8605-4121-b47e-e6f4501bbe7d .cool-vertical-timeline-body{--ctlb-icon-color: #ffffff;--ctlb-date-font-weight: 600;--ctlb-date-color: #5c068c;--ctlb-line-color: #5c068c;--ctlb-icon-bg: #5c068c;--ctlb-story-border-color: #5c068c;}<\/style><div class=\"cool-vertical-timeline-body ctlb-wrapper both-sided left\"><div class=\"cool-timeline-block-list\">\n<div class=\"wp-block-cp-timeline-content-timeline-block-child swiper-slide\"><div class=\"timeline-content icon-true \"><div class=\"timeline-block-timeline ctl-row  position-left\"><div class=\"ctl-6 timeline-block-time\"><div class=\"story-time\"><p>15 diciembre 2023<\/p><\/div><\/div><div class=\"timeline-block-icon\"><span class=\"timeline-block-render-icon\" style=\"fill:white\"><div class=\"iconpicker-item\" style=\"font-size:24px;color:white;padding:2px\"><svg stroke=\"currentColor\" fill=\"currentColor\" stroke-width=\"0\" viewBox=\"0 0 384 512\" height=\"1em\" width=\"1em\" xmlns=\"http:\/\/www.w3.org\/2000\/svg\"><path d=\"M288 248v28c0 6.6-5.4 12-12 12H108c-6.6 0-12-5.4-12-12v-28c0-6.6 5.4-12 12-12h168c6.6 0 12 5.4 12 12zm-12 72H108c-6.6 0-12 5.4-12 12v28c0 6.6 5.4 12 12 12h168c6.6 0 12-5.4 12-12v-28c0-6.6-5.4-12-12-12zm108-188.1V464c0 26.5-21.5 48-48 48H48c-26.5 0-48-21.5-48-48V48C0 21.5 21.5 0 48 0h204.1C264.8 0 277 5.1 286 14.1L369.9 98c9 8.9 14.1 21.2 14.1 33.9zm-128-80V128h76.1L256 51.9zM336 464V176H232c-13.3 0-24-10.7-24-24V48H48v416h288z\"><\/path><\/svg><\/div><\/span><\/div><div class=\"ctl-6 timeline-block-detail\"><div class=\"story-details\"><div class=\"story-content\">\n<p class=\"ctlb-block-desc\" style=\"padding-top:0px;padding-right:0px;padding-bottom:0px;padding-left:0px\">Resoluci\u00f3n por la que se ordena la elaboraci\u00f3n del Plan de Modernizaci\u00f3n<br>Administrativa de la Universidad de La Laguna 2024-2029<\/p>\n<\/div><\/div><\/div><\/div><\/div><\/div>\n\n\n\n<div class=\"wp-block-cp-timeline-content-timeline-block-child swiper-slide\"><div class=\"timeline-content icon-true \"><div class=\"timeline-block-timeline ctl-row  position-right\"><div class=\"ctl-6 timeline-block-time\"><div class=\"story-time\"><p>Diciembre 2023 a abril 2024<\/p><\/div><\/div><div class=\"timeline-block-icon\"><span class=\"timeline-block-render-icon\" style=\"fill:white\"><div class=\"iconpicker-item\" style=\"font-size:24px;color:white;padding:2px\"><svg stroke=\"currentColor\" fill=\"currentColor\" stroke-width=\"0\" viewBox=\"0 0 640 512\" height=\"1em\" width=\"1em\" xmlns=\"http:\/\/www.w3.org\/2000\/svg\"><path d=\"M434.7 64h-85.9c-8 0-15.7 3-21.6 8.4l-98.3 90c-.1.1-.2.3-.3.4-16.6 15.6-16.3 40.5-2.1 56 12.7 13.9 39.4 17.6 56.1 2.7.1-.1.3-.1.4-.2l79.9-73.2c6.5-5.9 16.7-5.5 22.6 1 6 6.5 5.5 16.6-1 22.6l-26.1 23.9L504 313.8c2.9 2.4 5.5 5 7.9 7.7V128l-54.6-54.6c-5.9-6-14.1-9.4-22.6-9.4zM544 128.2v223.9c0 17.7 14.3 32 32 32h64V128.2h-96zm48 223.9c-8.8 0-16-7.2-16-16s7.2-16 16-16 16 7.2 16 16-7.2 16-16 16zM0 384h64c17.7 0 32-14.3 32-32V128.2H0V384zm48-63.9c8.8 0 16 7.2 16 16s-7.2 16-16 16-16-7.2-16-16c0-8.9 7.2-16 16-16zm435.9 18.6L334.6 217.5l-30 27.5c-29.7 27.1-75.2 24.5-101.7-4.4-26.9-29.4-24.8-74.9 4.4-101.7L289.1 64h-83.8c-8.5 0-16.6 3.4-22.6 9.4L128 128v223.9h18.3l90.5 81.9c27.4 22.3 67.7 18.1 90-9.3l.2-.2 17.9 15.5c15.9 13 39.4 10.5 52.3-5.4l31.4-38.6 5.4 4.4c13.7 11.1 33.9 9.1 45-4.7l9.5-11.7c11.2-13.8 9.1-33.9-4.6-45.1z\"><\/path><\/svg><\/div><\/span><\/div><div class=\"ctl-6 timeline-block-detail\"><div class=\"story-details\"><div class=\"story-content\">\n<p class=\"ctlb-block-desc\" style=\"padding-top:0px;padding-right:0px;padding-bottom:0px;padding-left:0px\">Definici\u00f3n del borrador con los servicios gestores<\/p>\n<\/div><\/div><\/div><\/div><\/div><\/div>\n\n\n\n<div class=\"wp-block-cp-timeline-content-timeline-block-child swiper-slide\"><div class=\"timeline-content icon-true \"><div class=\"timeline-block-timeline ctl-row  position-left\"><div class=\"ctl-6 timeline-block-time\"><div class=\"story-time\"><p>Del 18 al 24 de junio<\/p><\/div><\/div><div class=\"timeline-block-icon\"><span class=\"timeline-block-render-icon\" style=\"fill:white\"><div class=\"iconpicker-item\" style=\"font-size:24px;color:white;padding:2px\"><svg stroke=\"currentColor\" fill=\"currentColor\" stroke-width=\"0\" viewBox=\"0 0 640 512\" height=\"1em\" width=\"1em\" xmlns=\"http:\/\/www.w3.org\/2000\/svg\"><path d=\"M96 224c35.3 0 64-28.7 64-64s-28.7-64-64-64-64 28.7-64 64 28.7 64 64 64zm448 0c35.3 0 64-28.7 64-64s-28.7-64-64-64-64 28.7-64 64 28.7 64 64 64zm32 32h-64c-17.6 0-33.5 7.1-45.1 18.6 40.3 22.1 68.9 62 75.1 109.4h66c17.7 0 32-14.3 32-32v-32c0-35.3-28.7-64-64-64zm-256 0c61.9 0 112-50.1 112-112S381.9 32 320 32 208 82.1 208 144s50.1 112 112 112zm76.8 32h-8.3c-20.8 10-43.9 16-68.5 16s-47.6-6-68.5-16h-8.3C179.6 288 128 339.6 128 403.2V432c0 26.5 21.5 48 48 48h288c26.5 0 48-21.5 48-48v-28.8c0-63.6-51.6-115.2-115.2-115.2zm-223.7-13.4C161.5 263.1 145.6 256 128 256H64c-35.3 0-64 28.7-64 64v32c0 17.7 14.3 32 32 32h65.9c6.3-47.4 34.9-87.3 75.2-109.4z\"><\/path><\/svg><\/div><\/span><\/div><div class=\"ctl-6 timeline-block-detail\"><div class=\"story-details\"><div class=\"story-content\">\n<p class=\"ctlb-block-desc\" style=\"padding-top:0px;padding-right:0px;padding-bottom:0px;padding-left:0px\">Proceso participativo voluntario<\/p>\n<\/div><\/div><\/div><\/div><\/div><\/div>\n\n\n\n<div class=\"wp-block-cp-timeline-content-timeline-block-child swiper-slide\"><div class=\"timeline-content icon-true \"><div class=\"timeline-block-timeline ctl-row  position-right\"><div class=\"ctl-6 timeline-block-time\"><div class=\"story-time\"><p>Julio 2024<\/p><\/div><\/div><div class=\"timeline-block-icon\"><span class=\"timeline-block-render-icon\" style=\"fill:white\"><div class=\"iconpicker-item\" style=\"font-size:24px;color:white;padding:2px\"><svg stroke=\"currentColor\" fill=\"currentColor\" stroke-width=\"0\" viewBox=\"0 0 576 512\" height=\"1em\" width=\"1em\" xmlns=\"http:\/\/www.w3.org\/2000\/svg\"><path d=\"M402.3 344.9l32-32c5-5 13.7-1.5 13.7 5.7V464c0 26.5-21.5 48-48 48H48c-26.5 0-48-21.5-48-48V112c0-26.5 21.5-48 48-48h273.5c7.1 0 10.7 8.6 5.7 13.7l-32 32c-1.5 1.5-3.5 2.3-5.7 2.3H48v352h352V350.5c0-2.1.8-4.1 2.3-5.6zm156.6-201.8L296.3 405.7l-90.4 10c-26.2 2.9-48.5-19.2-45.6-45.6l10-90.4L432.9 17.1c22.9-22.9 59.9-22.9 82.7 0l43.2 43.2c22.9 22.9 22.9 60 .1 82.8zM460.1 174L402 115.9 216.2 301.8l-7.3 65.3 65.3-7.3L460.1 174zm64.8-79.7l-43.2-43.2c-4.1-4.1-10.8-4.1-14.8 0L436 82l58.1 58.1 30.9-30.9c4-4.2 4-10.8-.1-14.9z\"><\/path><\/svg><\/div><\/span><\/div><div class=\"ctl-6 timeline-block-detail\"><div class=\"story-details\"><div class=\"story-content\">\n<p class=\"ctlb-block-desc\" style=\"padding-top:0px;padding-right:0px;padding-bottom:0px;padding-left:0px\">Redacci\u00f3n del Plan de Modernizaci\u00f3n Administrativa<\/p>\n<\/div><\/div><\/div><\/div><\/div><\/div>\n\n\n\n<div class=\"wp-block-cp-timeline-content-timeline-block-child swiper-slide\"><div class=\"timeline-content icon-true \"><div class=\"timeline-block-timeline ctl-row  position-left\"><div class=\"ctl-6 timeline-block-time\"><div class=\"story-time\"><p>19 de julio<\/p><\/div><\/div><div class=\"timeline-block-icon\"><span class=\"timeline-block-render-icon\" style=\"fill:white\"><div class=\"iconpicker-item\" style=\"font-size:24px;color:white;padding:2px\"><svg stroke=\"currentColor\" fill=\"currentColor\" stroke-width=\"0\" viewBox=\"0 0 512 512\" height=\"1em\" width=\"1em\" xmlns=\"http:\/\/www.w3.org\/2000\/svg\"><path d=\"M104 224H24c-13.255 0-24 10.745-24 24v240c0 13.255 10.745 24 24 24h80c13.255 0 24-10.745 24-24V248c0-13.255-10.745-24-24-24zM64 472c-13.255 0-24-10.745-24-24s10.745-24 24-24 24 10.745 24 24-10.745 24-24 24zM384 81.452c0 42.416-25.97 66.208-33.277 94.548h101.723c33.397 0 59.397 27.746 59.553 58.098.084 17.938-7.546 37.249-19.439 49.197l-.11.11c9.836 23.337 8.237 56.037-9.308 79.469 8.681 25.895-.069 57.704-16.382 74.757 4.298 17.598 2.244 32.575-6.148 44.632C440.202 511.587 389.616 512 346.839 512l-2.845-.001c-48.287-.017-87.806-17.598-119.56-31.725-15.957-7.099-36.821-15.887-52.651-16.178-6.54-.12-11.783-5.457-11.783-11.998v-213.77c0-3.2 1.282-6.271 3.558-8.521 39.614-39.144 56.648-80.587 89.117-113.111 14.804-14.832 20.188-37.236 25.393-58.902C282.515 39.293 291.817 0 312 0c24 0 72 8 72 81.452z\"><\/path><\/svg><\/div><\/span><\/div><div class=\"ctl-6 timeline-block-detail\"><div class=\"story-details\"><div class=\"story-content\">\n<p class=\"ctlb-block-desc\" style=\"padding-top:0px;padding-right:0px;padding-bottom:0px;padding-left:0px\">Resoluci\u00f3n del Rector por la que se aprueba el Plan de Modernizaci\u00f3n Administrativa<\/p>\n<\/div><\/div><\/div><\/div><\/div><\/div>\n\n\n\n<div class=\"wp-block-cp-timeline-content-timeline-block-child swiper-slide\"><div class=\"timeline-content icon-true \"><div class=\"timeline-block-timeline ctl-row  position-right\"><div class=\"ctl-6 timeline-block-time\"><div class=\"story-time\"><p>23 de septiembre<\/p><\/div><\/div><div class=\"timeline-block-icon\"><span class=\"timeline-block-render-icon\" style=\"fill:white\"><div class=\"iconpicker-item\" style=\"font-size:24px;color:white;padding:2px\"><svg stroke=\"currentColor\" fill=\"currentColor\" stroke-width=\"0\" viewBox=\"0 0 640 512\" height=\"1em\" width=\"1em\" xmlns=\"http:\/\/www.w3.org\/2000\/svg\"><path d=\"M208 352c-2.39 0-4.78.35-7.06 1.09C187.98 357.3 174.35 360 160 360c-14.35 0-27.98-2.7-40.95-6.91-2.28-.74-4.66-1.09-7.05-1.09C49.94 352-.33 402.48 0 464.62.14 490.88 21.73 512 48 512h224c26.27 0 47.86-21.12 48-47.38.33-62.14-49.94-112.62-112-112.62zm-48-32c53.02 0 96-42.98 96-96s-42.98-96-96-96-96 42.98-96 96 42.98 96 96 96zM592 0H208c-26.47 0-48 22.25-48 49.59V96c23.42 0 45.1 6.78 64 17.8V64h352v288h-64v-64H384v64h-76.24c19.1 16.69 33.12 38.73 39.69 64H592c26.47 0 48-22.25 48-49.59V49.59C640 22.25 618.47 0 592 0z\"><\/path><\/svg><\/div><\/span><\/div><div class=\"ctl-6 timeline-block-detail\"><div class=\"story-details\"><div class=\"story-content\">\n<p class=\"ctlb-block-desc\" style=\"padding-top:0px;padding-right:0px;padding-bottom:0px;padding-left:0px\">Presentaci\u00f3n del plan de Modernizaci\u00f3n Administrativa<\/p>\n<\/div><\/div><\/div><\/div><\/div><\/div>\n\n\n\n<div class=\"wp-block-cp-timeline-content-timeline-block-child swiper-slide\"><div class=\"timeline-content icon-true \"><div class=\"timeline-block-timeline ctl-row  position-left\"><div class=\"ctl-6 timeline-block-time\"><div class=\"story-time\"><p>De septiembre a diciembre<\/p><\/div><\/div><div class=\"timeline-block-icon\"><span class=\"timeline-block-render-icon\" style=\"fill:white\"><div class=\"iconpicker-item\" style=\"font-size:24px;color:white;padding:2px\"><svg stroke=\"currentColor\" fill=\"currentColor\" stroke-width=\"0\" viewBox=\"0 0 512 512\" height=\"1em\" width=\"1em\" xmlns=\"http:\/\/www.w3.org\/2000\/svg\"><path d=\"M243.2 189.9V258c26.1 5.9 49.3 15.6 73.6 22.3v-68.2c-26-5.8-49.4-15.5-73.6-22.2zm223.3-123c-34.3 15.9-76.5 31.9-117 31.9C296 98.8 251.7 64 184.3 64c-25 0-47.3 4.4-68 12 2.8-7.3 4.1-15.2 3.6-23.6C118.1 24 94.8 1.2 66.3 0 34.3-1.3 8 24.3 8 56c0 19 9.5 35.8 24 45.9V488c0 13.3 10.7 24 24 24h16c13.3 0 24-10.7 24-24v-94.4c28.3-12.1 63.6-22.1 114.4-22.1 53.6 0 97.8 34.8 165.2 34.8 48.2 0 86.7-16.3 122.5-40.9 8.7-6 13.8-15.8 13.8-26.4V95.9c.1-23.3-24.2-38.8-45.4-29zM169.6 325.5c-25.8 2.7-50 8.2-73.6 16.6v-70.5c26.2-9.3 47.5-15 73.6-17.4zM464 191c-23.6 9.8-46.3 19.5-73.6 23.9V286c24.8-3.4 51.4-11.8 73.6-26v70.5c-25.1 16.1-48.5 24.7-73.6 27.1V286c-27 3.7-47.9 1.5-73.6-5.6v67.4c-23.9-7.4-47.3-16.7-73.6-21.3V258c-19.7-4.4-40.8-6.8-73.6-3.8v-70c-22.4 3.1-44.6 10.2-73.6 20.9v-70.5c33.2-12.2 50.1-19.8 73.6-22v71.6c27-3.7 48.4-1.3 73.6 5.7v-67.4c23.7 7.4 47.2 16.7 73.6 21.3v68.4c23.7 5.3 47.6 6.9 73.6 2.7V143c27-4.8 52.3-13.6 73.6-22.5z\"><\/path><\/svg><\/div><\/span><\/div><div class=\"ctl-6 timeline-block-detail\"><div class=\"story-details\"><div class=\"story-content\">\n<p class=\"ctlb-block-desc\" style=\"padding-top:0px;padding-right:0px;padding-bottom:0px;padding-left:0px\">Elaboraci\u00f3n de los manuales de&nbsp;los proyectos<\/p>\n<\/div><\/div><\/div><\/div><\/div><\/div>\n\n\n\n<div class=\"wp-block-cp-timeline-content-timeline-block-child swiper-slide\"><div class=\"timeline-content icon-true \"><div class=\"timeline-block-timeline ctl-row  position-right\"><div class=\"ctl-6 timeline-block-time\"><div class=\"story-time\"><p>1 de abril de 2025<\/p><\/div><\/div><div class=\"timeline-block-icon\"><span class=\"timeline-block-render-icon\" style=\"fill:white\"><div class=\"iconpicker-item\" style=\"font-size:24px;color:white;padding:2px\"><svg stroke=\"currentColor\" fill=\"currentColor\" stroke-width=\"0\" viewBox=\"0 0 640 512\" height=\"1em\" width=\"1em\" xmlns=\"http:\/\/www.w3.org\/2000\/svg\"><path d=\"M208 352c-2.39 0-4.78.35-7.06 1.09C187.98 357.3 174.35 360 160 360c-14.35 0-27.98-2.7-40.95-6.91-2.28-.74-4.66-1.09-7.05-1.09C49.94 352-.33 402.48 0 464.62.14 490.88 21.73 512 48 512h224c26.27 0 47.86-21.12 48-47.38.33-62.14-49.94-112.62-112-112.62zm-48-32c53.02 0 96-42.98 96-96s-42.98-96-96-96-96 42.98-96 96 42.98 96 96 96zM592 0H208c-26.47 0-48 22.25-48 49.59V96c23.42 0 45.1 6.78 64 17.8V64h352v288h-64v-64H384v64h-76.24c19.1 16.69 33.12 38.73 39.69 64H592c26.47 0 48-22.25 48-49.59V49.59C640 22.25 618.47 0 592 0z\"><\/path><\/svg><\/div><\/span><\/div><div class=\"ctl-6 timeline-block-detail\"><div class=\"story-details\"><div class=\"story-content\">\n<p class=\"ctlb-block-desc\" style=\"padding-top:0px;padding-right:0px;padding-bottom:0px;padding-left:0px\">Comit\u00e9 de Direcci\u00f3n. Aprobaci\u00f3n del Plan Anual de Actuaciones 2025 y del&nbsp;Informe de Seguimiento 2024<\/p>\n<\/div><\/div><\/div><\/div><\/div><\/div>\n\n\n\n<div class=\"wp-block-cp-timeline-content-timeline-block-child swiper-slide\"><div class=\"timeline-content icon-true \"><div class=\"timeline-block-timeline ctl-row  position-left\"><div class=\"ctl-6 timeline-block-time\"><div class=\"story-time\"><p>19 de marzo de 2026<\/p><\/div><\/div><div class=\"timeline-block-icon\"><span class=\"timeline-block-render-icon\" style=\"fill:white\"><div class=\"iconpicker-item\" style=\"font-size:24px;color:white;padding:2px\"><svg stroke=\"currentColor\" fill=\"currentColor\" stroke-width=\"0\" viewBox=\"0 0 512 512\" height=\"1em\" width=\"1em\" xmlns=\"http:\/\/www.w3.org\/2000\/svg\"><path d=\"M243.2 189.9V258c26.1 5.9 49.3 15.6 73.6 22.3v-68.2c-26-5.8-49.4-15.5-73.6-22.2zm223.3-123c-34.3 15.9-76.5 31.9-117 31.9C296 98.8 251.7 64 184.3 64c-25 0-47.3 4.4-68 12 2.8-7.3 4.1-15.2 3.6-23.6C118.1 24 94.8 1.2 66.3 0 34.3-1.3 8 24.3 8 56c0 19 9.5 35.8 24 45.9V488c0 13.3 10.7 24 24 24h16c13.3 0 24-10.7 24-24v-94.4c28.3-12.1 63.6-22.1 114.4-22.1 53.6 0 97.8 34.8 165.2 34.8 48.2 0 86.7-16.3 122.5-40.9 8.7-6 13.8-15.8 13.8-26.4V95.9c.1-23.3-24.2-38.8-45.4-29zM169.6 325.5c-25.8 2.7-50 8.2-73.6 16.6v-70.5c26.2-9.3 47.5-15 73.6-17.4zM464 191c-23.6 9.8-46.3 19.5-73.6 23.9V286c24.8-3.4 51.4-11.8 73.6-26v70.5c-25.1 16.1-48.5 24.7-73.6 27.1V286c-27 3.7-47.9 1.5-73.6-5.6v67.4c-23.9-7.4-47.3-16.7-73.6-21.3V258c-19.7-4.4-40.8-6.8-73.6-3.8v-70c-22.4 3.1-44.6 10.2-73.6 20.9v-70.5c33.2-12.2 50.1-19.8 73.6-22v71.6c27-3.7 48.4-1.3 73.6 5.7v-67.4c23.7 7.4 47.2 16.7 73.6 21.3v68.4c23.7 5.3 47.6 6.9 73.6 2.7V143c27-4.8 52.3-13.6 73.6-22.5z\"><\/path><\/svg><\/div><\/span><\/div><div class=\"ctl-6 timeline-block-detail\"><div class=\"story-details\"><div class=\"story-content\">\n<p class=\"ctlb-block-desc\" style=\"padding-top:0px;padding-right:0px;padding-bottom:0px;padding-left:0px\">Comit\u00e9 de Direcci\u00f3n. Aprobaci\u00f3n del Plan Anual de Actuaciones 2026 y del Informe de Seguimiento 2025.<\/p>\n<\/div><\/div><\/div><\/div><\/div><\/div>\n<\/div><\/div><\/div><\/div>\n<\/div><\/div><\/div>\n<\/div><\/div>\n","protected":false},"excerpt":{"rendered":"","protected":false},"author":67,"featured_media":0,"parent":0,"menu_order":0,"comment_status":"closed","ping_status":"closed","template":"templates\/template-frontpage.php","meta":{"_acf_changed":false,"footnotes":""},"class_list":["post-2025","page","type-page","status-publish","hentry"],"acf":[],"_links":{"self":[{"href":"https:\/\/www.ull.es\/plan-de-modernizacion-administrativa\/wp-json\/wp\/v2\/pages\/2025","targetHints":{"allow":["GET"]}}],"collection":[{"href":"https:\/\/www.ull.es\/plan-de-modernizacion-administrativa\/wp-json\/wp\/v2\/pages"}],"about":[{"href":"https:\/\/www.ull.es\/plan-de-modernizacion-administrativa\/wp-json\/wp\/v2\/types\/page"}],"author":[{"embeddable":true,"href":"https:\/\/www.ull.es\/plan-de-modernizacion-administrativa\/wp-json\/wp\/v2\/users\/67"}],"replies":[{"embeddable":true,"href":"https:\/\/www.ull.es\/plan-de-modernizacion-administrativa\/wp-json\/wp\/v2\/comments?post=2025"}],"version-history":[{"count":15,"href":"https:\/\/www.ull.es\/plan-de-modernizacion-administrativa\/wp-json\/wp\/v2\/pages\/2025\/revisions"}],"predecessor-version":[{"id":2127,"href":"https:\/\/www.ull.es\/plan-de-modernizacion-administrativa\/wp-json\/wp\/v2\/pages\/2025\/revisions\/2127"}],"wp:attachment":[{"href":"https:\/\/www.ull.es\/plan-de-modernizacion-administrativa\/wp-json\/wp\/v2\/media?parent=2025"}],"curies":[{"name":"wp","href":"https:\/\/api.w.org\/{rel}","templated":true}]}}