{"id":2033,"date":"2024-09-25T07:27:58","date_gmt":"2024-09-25T07:27:58","guid":{"rendered":"https:\/\/www.ull.es\/plan-de-modernizacion-administrativa\/?page_id=2033"},"modified":"2026-03-24T11:56:03","modified_gmt":"2026-03-24T11:56:03","slug":"documentacion","status":"publish","type":"page","link":"https:\/\/www.ull.es\/plan-de-modernizacion-administrativa\/documentacion\/","title":{"rendered":"Documentaci\u00f3n"},"content":{"rendered":"\n<div class=\"wp-block-stackable-columns alignfull stk-block-columns stk-block stk-b02c5b9 stk-block-background stk--has-background-overlay\" data-block-id=\"b02c5b9\"><style>.stk-b02c5b9 {background-color:#603199 !important;background-image:url(http:\/\/www.ull.es\/plan-de-modernizacion-administrativa\/wp-content\/uploads\/sites\/24\/2024\/09\/Header_Web-Plan-de-Modernizacion-Impulso_Documentacion-1.jpg) !important;background-position:center left !important;background-repeat:no-repeat !important;background-size:contain !important;margin-top:-5px !important;margin-bottom:50px !important;}.stk-b02c5b9:before{background-color:#603199 !important;opacity:0 !important;}<\/style><div class=\"stk-row stk-inner-blocks stk-block-content stk-content-align stk-b02c5b9-column alignfull\">\n<div class=\"wp-block-stackable-column stk-block-column stk-column stk-block stk-0bd5760\" data-v=\"4\" data-block-id=\"0bd5760\"><div class=\"stk-column-wrapper stk-block-column__content stk-container stk-0bd5760-container stk--no-background stk--no-padding\"><div class=\"stk-block-content stk-inner-blocks stk-0bd5760-inner-blocks\">\n<div class=\"wp-block-stackable-spacer stk-block-spacer stk--no-padding stk-block stk-418cc8d\" data-block-id=\"418cc8d\"><style>.stk-418cc8d {height:235px !important;}<\/style><\/div>\n<\/div><\/div><\/div>\n<\/div><\/div>\n\n\n\n<div class=\"wp-block-stackable-text stk-block-text stk-block stk-91b5bb9\" data-block-id=\"91b5bb9\"><p class=\"stk-block-text__text\"><a href=\"https:\/\/drive.google.com\/file\/d\/1TS2GBH0NtIWS40GD4Le9Z9Fg9UukHE8L\/view?usp=sharing\" target=\"_blank\" rel=\"noreferrer noopener\" target=\"_blank\" rel=\"noopener\">Plan de Modernizaci\u00f3n de la Administraci\u00f3n 2024-2029<\/a><\/p><\/div>\n\n\n\n<p>Comit\u00e9 de Direcci\u00f3n del 19 de marzo de 2026<\/p>\n\n\n\n<ul class=\"wp-block-list\">\n<li><a href=\"https:\/\/drive.google.com\/file\/d\/1Aj14oj06uMzGwakDETHnsGp7O-uWgiLV\/view?usp=sharing\" target=\"_blank\" rel=\"noopener\">Informe de Seguimiento 2025<\/a><\/li>\n\n\n\n<li><a href=\"https:\/\/drive.google.com\/file\/d\/1YZ9eZJsmjcbZpqDlGvVzsej_4WlnTWaN\/view?usp=sharing\" target=\"_blank\" rel=\"noopener\">Plan Anual de Actuaciones 2026<\/a><\/li>\n\n\n\n<li><a href=\"https:\/\/drive.google.com\/file\/d\/17Rf2dNDbY0Nnm2ZWmmIcCiP-ZVXuNrCq\/view?usp=sharing\" target=\"_blank\" rel=\"noopener\">Plan de Modernizaci\u00f3n Administrativa actualizado a marzo de 2026<\/a><\/li>\n<\/ul>\n\n\n\n<p>Diagn\u00f3stico y proceso participativo<\/p>\n\n\n\n<ul class=\"wp-block-list\">\n<li><a href=\"https:\/\/drive.google.com\/file\/d\/1jHkCJiSzbZw3Gjua2ArGhslqOhAlQJYw\/view?usp=sharing\" data-type=\"link\" data-id=\"https:\/\/drive.google.com\/file\/d\/1jHkCJiSzbZw3Gjua2ArGhslqOhAlQJYw\/view?usp=sharing\" target=\"_blank\" rel=\"noreferrer noopener\" target=\"_blank\" rel=\"noopener\">Resultados de las sesiones de trabajo colaborativo<\/a><\/li>\n\n\n\n<li><a href=\"https:\/\/drive.google.com\/file\/d\/1Zl0FTiaR2k-uagSWyF6rNwzxbmyhdoPS\/view?usp=sharing\" data-type=\"link\" data-id=\"https:\/\/drive.google.com\/file\/d\/1Zl0FTiaR2k-uagSWyF6rNwzxbmyhdoPS\/view?usp=sharing\" target=\"_blank\" rel=\"noreferrer noopener\" target=\"_blank\" rel=\"noopener\">Propuestas y acciones que se integrar\u00e1n en el PMA<\/a><\/li>\n\n\n\n<li><a href=\"https:\/\/drive.google.com\/file\/d\/1S4d592MmW7en4eUvLOx1pxHh5m74VVW4\/view?usp=sharing\" data-type=\"link\" data-id=\"https:\/\/drive.google.com\/file\/d\/1S4d592MmW7en4eUvLOx1pxHh5m74VVW4\/view?usp=sharing\" target=\"_blank\" rel=\"noreferrer noopener\" target=\"_blank\" rel=\"noopener\">Diagn\u00f3stico y situaci\u00f3n de partida de los proyectos<\/a><\/li>\n<\/ul>\n\n\n\n<p>Comit\u00e9 de Direcci\u00f3n del 1 de abril de 2025<\/p>\n\n\n\n<ul class=\"wp-block-list\">\n<li><a href=\"https:\/\/drive.google.com\/file\/d\/1-wAhSBycTS9XBN-qNoXE5cLfEVxKfuqQ\/view?usp=sharing\" data-type=\"link\" data-id=\"https:\/\/drive.google.com\/file\/d\/1-wAhSBycTS9XBN-qNoXE5cLfEVxKfuqQ\/view?usp=sharing\" target=\"_blank\" rel=\"noreferrer noopener\" target=\"_blank\" rel=\"noopener\">Informe de Seguimiento 2024<\/a><\/li>\n\n\n\n<li><a href=\"https:\/\/drive.google.com\/file\/d\/1e6wUcgolWFGOM7WaZ6BNsNC1OW6wL9ro\/view?usp=sharing\" data-type=\"link\" data-id=\"https:\/\/drive.google.com\/file\/d\/1e6wUcgolWFGOM7WaZ6BNsNC1OW6wL9ro\/view?usp=sharing\" target=\"_blank\" rel=\"noreferrer noopener\" target=\"_blank\" rel=\"noopener\">Plan Anual de Actuaciones 2025<\/a><\/li>\n\n\n\n<li><a href=\"https:\/\/drive.google.com\/file\/d\/1TpvAOEDoaj9G89t8d5rvpIbioLcQfNmw\/view?usp=sharing\" data-type=\"link\" data-id=\"https:\/\/drive.google.com\/file\/d\/1TpvAOEDoaj9G89t8d5rvpIbioLcQfNmw\/view?usp=sharing\" target=\"_blank\" rel=\"noreferrer noopener\" target=\"_blank\" rel=\"noopener\">Plan de Modernizaci\u00f3n Administrativa actualizado a marzo de 2025<\/a><\/li>\n\n\n\n<li><a href=\"https:\/\/drive.google.com\/file\/d\/1v-0lVf_yd8kIY3lEPsffl5Augyz7dUVU\/view?usp=sharing\" data-type=\"link\" data-id=\"https:\/\/drive.google.com\/file\/d\/1v-0lVf_yd8kIY3lEPsffl5Augyz7dUVU\/view?usp=sharing\" target=\"_blank\" rel=\"noreferrer noopener\" target=\"_blank\" rel=\"noopener\">Acta del Comit\u00e9 de Direcci\u00f3n<\/a><\/li>\n<\/ul>\n\n\n\n<p><\/p>\n","protected":false},"excerpt":{"rendered":"<p>Plan de Modernizaci\u00f3n de la Administraci\u00f3n 2024-2029 Comit\u00e9 de Direcci\u00f3n del 19 de marzo de 2026 Diagn\u00f3stico y proceso participativo Comit\u00e9 de Direcci\u00f3n del 1 de abril de 2025<\/p>\n","protected":false},"author":67,"featured_media":0,"parent":0,"menu_order":0,"comment_status":"closed","ping_status":"closed","template":"templates\/template-frontpage.php","meta":{"_acf_changed":false,"footnotes":""},"class_list":["post-2033","page","type-page","status-publish","hentry"],"acf":[],"_links":{"self":[{"href":"https:\/\/www.ull.es\/plan-de-modernizacion-administrativa\/wp-json\/wp\/v2\/pages\/2033","targetHints":{"allow":["GET"]}}],"collection":[{"href":"https:\/\/www.ull.es\/plan-de-modernizacion-administrativa\/wp-json\/wp\/v2\/pages"}],"about":[{"href":"https:\/\/www.ull.es\/plan-de-modernizacion-administrativa\/wp-json\/wp\/v2\/types\/page"}],"author":[{"embeddable":true,"href":"https:\/\/www.ull.es\/plan-de-modernizacion-administrativa\/wp-json\/wp\/v2\/users\/67"}],"replies":[{"embeddable":true,"href":"https:\/\/www.ull.es\/plan-de-modernizacion-administrativa\/wp-json\/wp\/v2\/comments?post=2033"}],"version-history":[{"count":5,"href":"https:\/\/www.ull.es\/plan-de-modernizacion-administrativa\/wp-json\/wp\/v2\/pages\/2033\/revisions"}],"predecessor-version":[{"id":2126,"href":"https:\/\/www.ull.es\/plan-de-modernizacion-administrativa\/wp-json\/wp\/v2\/pages\/2033\/revisions\/2126"}],"wp:attachment":[{"href":"https:\/\/www.ull.es\/plan-de-modernizacion-administrativa\/wp-json\/wp\/v2\/media?parent=2033"}],"curies":[{"name":"wp","href":"https:\/\/api.w.org\/{rel}","templated":true}]}}