{"id":21,"date":"2017-02-24T12:43:51","date_gmt":"2017-02-24T12:43:51","guid":{"rendered":"http:\/\/localhost\/wordpress\/225aniversario\/?page_id=11"},"modified":"2017-03-13T10:18:33","modified_gmt":"2017-03-13T10:18:33","slug":"acto-institucional","status":"publish","type":"page","link":"https:\/\/www.ull.es\/portal\/225aniversario\/acto-institucional\/","title":{"rendered":"Acto Institucional"},"content":{"rendered":"<p>[vc_row][vc_column width=\u00bb1\/3&#8243;][vc_single_image image=\u00bb39&#8243; img_size=\u00bbfull\u00bb][\/vc_column][vc_column width=\u00bb2\/3&#8243;][vc_column_text]<\/p>\n<ul class=\"info-acto\">\n<li><i class=\"fa fa-calendar-o\"><\/i> 13 de marzo de 2017<\/li>\n<li><i class=\"fa fa-clock-o\"><\/i> 12:00 horas<\/li>\n<li><i class=\"fa fa-map-marker\"><\/i> <a href=\"https:\/\/www.google.es\/maps\/place\/Paraninfo+de+la+Universidad+de+La+Laguna\/@28.4816293,-16.317014,15z\/data=!4m12!1m6!3m5!1s0x0:0x60a55a62d654405e!2sParaninfo+de+la+Universidad+de+La+Laguna!8m2!3d28.4816293!4d-16.317014!3m4!1s0x0:0x60a55a62d654405e!8m2!3d28.4816293!4d-16.317014\" target=\"_blank\" rel=\"noopener\">Paraninfo Universitario<\/a><\/li>\n<\/ul>\n<h2>Programa<\/h2>\n<ol>\n<li>Apertura del acto por el Sr. Rector.<\/li>\n<li>Conferencia de <a href=\"https:\/\/www.ull.es\/Private\/folder\/institucional\/ull\/wull\/la_institucion\/dia_institucional\/2017\/mayor_zaragoza.pdf\" target=\"_blank\" rel=\"noopener\">D. Federico Mayor Zaragoza<\/a> titulada \u201cEl papel de la Universidad ante los retos globales\u201d.<\/li>\n<li>Entrega de la Medalla de Oro de la Universidad de La Laguna a la Ciudad de La Laguna.<\/li>\n<li>Intervenci\u00f3n del Sr. Alcalde del Excmo. Ayuntamiento de San Crist\u00f3bal de La Laguna.<\/li>\n<li>Actuaci\u00f3n musical a cargo de <a href=\"https:\/\/www.ull.es\/Private\/folder\/institucional\/ull\/wull\/la_institucion\/dia_institucional\/2017\/agustin.pdf\" target=\"_blank\" rel=\"noopener\">Agust\u00edn Prunell<\/a>, tenor y <a href=\"https:\/\/www.ull.es\/Private\/folder\/institucional\/ull\/wull\/la_institucion\/dia_institucional\/2017\/sophia.pdf\" target=\"_blank\" rel=\"noopener\">Sophia Unsworth<\/a>, piano.<\/li>\n<li>Intervenci\u00f3n del Sr. Rector Magfco.<\/li>\n<li>Intervenci\u00f3n del Presidente del Gobierno de Canarias.<\/li>\n<li>\u201cGaudeamus Igitur\u201d e Himno de Canarias.<\/li>\n<li>Clausura del Acto.<\/li>\n<li>Salida de la Comitiva Acad\u00e9mica.<\/li>\n<\/ol>\n<p>[\/vc_column_text][\/vc_column][\/vc_row]<\/p>\n","protected":false},"excerpt":{"rendered":"<p>[vc_row][vc_column width=\u00bb1\/3&#8243;][vc_single_image image=\u00bb39&#8243; img_size=\u00bbfull\u00bb][\/vc_column][vc_column width=\u00bb2\/3&#8243;][vc_column_text] 13 de marzo de 2017 12:00 horas Paraninfo Universitario Programa Apertura del acto por el Sr. Rector. Conferencia de D. Federico Mayor Zaragoza titulada \u201cEl papel de la Universidad ante los retos globales\u201d. Entrega de la Medalla de Oro de la Universidad de La Laguna a la Ciudad de La&#8230;<\/p>\n","protected":false},"author":1,"featured_media":0,"parent":0,"menu_order":0,"comment_status":"closed","ping_status":"closed","template":"templates\/template-aniversario.php","meta":{"inline_featured_image":false,"footnotes":""},"acf":[],"yoast_head":"<!-- This site is optimized with the Yoast SEO plugin v21.3 - https:\/\/yoast.com\/wordpress\/plugins\/seo\/ -->\n<title>Acto Institucional - 225 Aniversario ULL<\/title>\n<meta name=\"description\" content=\"Celebraci\u00f3n del D\u00eda Institucional de la Universidad de La Laguna y conmemoraci\u00f3n del 225 aniversario de su fundaci\u00f3n.\" \/>\n<meta name=\"robots\" content=\"index, follow, max-snippet:-1, max-image-preview:large, max-video-preview:-1\" \/>\n<link rel=\"canonical\" href=\"https:\/\/www.ull.es\/portal\/225aniversario\/acto-institucional\/\" \/>\n<meta property=\"og:locale\" content=\"es_ES\" \/>\n<meta property=\"og:type\" content=\"article\" \/>\n<meta property=\"og:title\" content=\"Acto Institucional - 225 Aniversario ULL\" \/>\n<meta property=\"og:description\" content=\"Celebraci\u00f3n del D\u00eda Institucional de la Universidad de La Laguna y conmemoraci\u00f3n del 225 aniversario de su fundaci\u00f3n.\" \/>\n<meta property=\"og:url\" content=\"https:\/\/www.ull.es\/portal\/225aniversario\/acto-institucional\/\" \/>\n<meta property=\"og:site_name\" content=\"225 Aniversario ULL\" \/>\n<meta property=\"article:modified_time\" content=\"2017-03-13T10:18:33+00:00\" \/>\n<meta name=\"twitter:card\" content=\"summary_large_image\" \/>\n<meta name=\"twitter:label1\" content=\"Tiempo de lectura\" \/>\n\t<meta name=\"twitter:data1\" content=\"1 minuto\" \/>\n<script type=\"application\/ld+json\" class=\"yoast-schema-graph\">{\"@context\":\"https:\/\/schema.org\",\"@graph\":[{\"@type\":\"WebPage\",\"@id\":\"https:\/\/www.ull.es\/portal\/225aniversario\/acto-institucional\/\",\"url\":\"https:\/\/www.ull.es\/portal\/225aniversario\/acto-institucional\/\",\"name\":\"Acto Institucional - 225 Aniversario ULL\",\"isPartOf\":{\"@id\":\"https:\/\/www.ull.es\/portal\/225aniversario\/#website\"},\"datePublished\":\"2017-02-24T12:43:51+00:00\",\"dateModified\":\"2017-03-13T10:18:33+00:00\",\"description\":\"Celebraci\u00f3n del D\u00eda Institucional de la Universidad de La Laguna y conmemoraci\u00f3n del 225 aniversario de su fundaci\u00f3n.\",\"breadcrumb\":{\"@id\":\"https:\/\/www.ull.es\/portal\/225aniversario\/acto-institucional\/#breadcrumb\"},\"inLanguage\":\"es\",\"potentialAction\":[{\"@type\":\"ReadAction\",\"target\":[\"https:\/\/www.ull.es\/portal\/225aniversario\/acto-institucional\/\"]}]},{\"@type\":\"BreadcrumbList\",\"@id\":\"https:\/\/www.ull.es\/portal\/225aniversario\/acto-institucional\/#breadcrumb\",\"itemListElement\":[{\"@type\":\"ListItem\",\"position\":1,\"name\":\"Portada\",\"item\":\"https:\/\/www.ull.es\/portal\/225aniversario\/\"},{\"@type\":\"ListItem\",\"position\":2,\"name\":\"Acto Institucional\"}]},{\"@type\":\"WebSite\",\"@id\":\"https:\/\/www.ull.es\/portal\/225aniversario\/#website\",\"url\":\"https:\/\/www.ull.es\/portal\/225aniversario\/\",\"name\":\"225 Aniversario ULL\",\"description\":\"\",\"potentialAction\":[{\"@type\":\"SearchAction\",\"target\":{\"@type\":\"EntryPoint\",\"urlTemplate\":\"https:\/\/www.ull.es\/portal\/225aniversario\/?s={search_term_string}\"},\"query-input\":\"required name=search_term_string\"}],\"inLanguage\":\"es\"}]}<\/script>\n<!-- \/ Yoast SEO plugin. -->","yoast_head_json":{"title":"Acto Institucional - 225 Aniversario ULL","description":"Celebraci\u00f3n del D\u00eda Institucional de la Universidad de La Laguna y conmemoraci\u00f3n del 225 aniversario de su fundaci\u00f3n.","robots":{"index":"index","follow":"follow","max-snippet":"max-snippet:-1","max-image-preview":"max-image-preview:large","max-video-preview":"max-video-preview:-1"},"canonical":"https:\/\/www.ull.es\/portal\/225aniversario\/acto-institucional\/","og_locale":"es_ES","og_type":"article","og_title":"Acto Institucional - 225 Aniversario ULL","og_description":"Celebraci\u00f3n del D\u00eda Institucional de la Universidad de La Laguna y conmemoraci\u00f3n del 225 aniversario de su fundaci\u00f3n.","og_url":"https:\/\/www.ull.es\/portal\/225aniversario\/acto-institucional\/","og_site_name":"225 Aniversario ULL","article_modified_time":"2017-03-13T10:18:33+00:00","twitter_card":"summary_large_image","twitter_misc":{"Tiempo de lectura":"1 minuto"},"schema":{"@context":"https:\/\/schema.org","@graph":[{"@type":"WebPage","@id":"https:\/\/www.ull.es\/portal\/225aniversario\/acto-institucional\/","url":"https:\/\/www.ull.es\/portal\/225aniversario\/acto-institucional\/","name":"Acto Institucional - 225 Aniversario ULL","isPartOf":{"@id":"https:\/\/www.ull.es\/portal\/225aniversario\/#website"},"datePublished":"2017-02-24T12:43:51+00:00","dateModified":"2017-03-13T10:18:33+00:00","description":"Celebraci\u00f3n del D\u00eda Institucional de la Universidad de La Laguna y conmemoraci\u00f3n del 225 aniversario de su fundaci\u00f3n.","breadcrumb":{"@id":"https:\/\/www.ull.es\/portal\/225aniversario\/acto-institucional\/#breadcrumb"},"inLanguage":"es","potentialAction":[{"@type":"ReadAction","target":["https:\/\/www.ull.es\/portal\/225aniversario\/acto-institucional\/"]}]},{"@type":"BreadcrumbList","@id":"https:\/\/www.ull.es\/portal\/225aniversario\/acto-institucional\/#breadcrumb","itemListElement":[{"@type":"ListItem","position":1,"name":"Portada","item":"https:\/\/www.ull.es\/portal\/225aniversario\/"},{"@type":"ListItem","position":2,"name":"Acto Institucional"}]},{"@type":"WebSite","@id":"https:\/\/www.ull.es\/portal\/225aniversario\/#website","url":"https:\/\/www.ull.es\/portal\/225aniversario\/","name":"225 Aniversario ULL","description":"","potentialAction":[{"@type":"SearchAction","target":{"@type":"EntryPoint","urlTemplate":"https:\/\/www.ull.es\/portal\/225aniversario\/?s={search_term_string}"},"query-input":"required name=search_term_string"}],"inLanguage":"es"}]}},"_links":{"self":[{"href":"https:\/\/www.ull.es\/portal\/225aniversario\/wp-json\/wp\/v2\/pages\/21"}],"collection":[{"href":"https:\/\/www.ull.es\/portal\/225aniversario\/wp-json\/wp\/v2\/pages"}],"about":[{"href":"https:\/\/www.ull.es\/portal\/225aniversario\/wp-json\/wp\/v2\/types\/page"}],"author":[{"embeddable":true,"href":"https:\/\/www.ull.es\/portal\/225aniversario\/wp-json\/wp\/v2\/users\/1"}],"replies":[{"embeddable":true,"href":"https:\/\/www.ull.es\/portal\/225aniversario\/wp-json\/wp\/v2\/comments?post=21"}],"version-history":[{"count":3,"href":"https:\/\/www.ull.es\/portal\/225aniversario\/wp-json\/wp\/v2\/pages\/21\/revisions"}],"predecessor-version":[{"id":272,"href":"https:\/\/www.ull.es\/portal\/225aniversario\/wp-json\/wp\/v2\/pages\/21\/revisions\/272"}],"wp:attachment":[{"href":"https:\/\/www.ull.es\/portal\/225aniversario\/wp-json\/wp\/v2\/media?parent=21"}],"curies":[{"name":"wp","href":"https:\/\/api.w.org\/{rel}","templated":true}]}}