{"id":261,"date":"2017-03-13T09:46:46","date_gmt":"2017-03-13T09:46:46","guid":{"rendered":"https:\/\/www.ull.es\/portal\/225aniversario\/?page_id=261"},"modified":"2017-03-16T10:52:23","modified_gmt":"2017-03-16T10:52:23","slug":"rector-honorario","status":"publish","type":"page","link":"https:\/\/www.ull.es\/portal\/225aniversario\/rector-honorario\/","title":{"rendered":"Rector Honorario"},"content":{"rendered":"<p>[vc_row][vc_column width=\u00bb1\/4&#8243;][vc_single_image image=\u00bb302&#8243; img_size=\u00bb200&#215;300&#8243; alignment=\u00bbcenter\u00bb][\/vc_column][vc_column width=\u00bb3\/4&#8243;][vc_column_text]<\/p>\n<h2 class=\"tit-honoris\">Dr. Antonio Gonz\u00e1lez Gonz\u00e1lez<\/h2>\n<h3 class=\"fecha-honoris\">1976<\/h3>\n<p align=\"justify\">Antonio Gonz\u00e1lez Gonz\u00e1lez (Los Realejos, 1917-La Laguna, 2002) fue Rector Honorario de la ULL (1976), primer Premio Canarias de Investigaci\u00f3n (1984) y \u00fanico canario hasta la fecha distinguido con el Premio Pr\u00edncipe de Asturias, de Investigaci\u00f3n Cient\u00edfica y T\u00e9cnica (1986).<\/p>\n<p align=\"justify\">La biograf\u00eda del Dr. D. Antonio Gonz\u00e1lez es extensa en m\u00e9ritos y resultados, pero tiene como elemento diferenciador fundamental el haber desarrollado una carrera cient\u00edfica, de alt\u00edsimo nivel internacional, en unos tiempos en que tanto la ciencia en Espa\u00f1a, y a\u00fan m\u00e1s en Canarias, se encontraba en una situaci\u00f3n de retraso, aislamiento y abandono dram\u00e1ticos, consecuencia de una posguerra devastadora que paraliz\u00f3 el pa\u00eds por d\u00e9cadas.<\/p>\n<p>[\/vc_column_text][\/vc_column][\/vc_row]<\/p>\n","protected":false},"excerpt":{"rendered":"<p>[vc_row][vc_column width=\u00bb1\/4&#8243;][vc_single_image image=\u00bb302&#8243; img_size=\u00bb200&#215;300&#8243; alignment=\u00bbcenter\u00bb][\/vc_column][vc_column width=\u00bb3\/4&#8243;][vc_column_text] Dr. Antonio Gonz\u00e1lez Gonz\u00e1lez 1976 Antonio Gonz\u00e1lez Gonz\u00e1lez (Los Realejos, 1917-La Laguna, 2002) fue Rector Honorario de la ULL (1976), primer Premio Canarias de Investigaci\u00f3n (1984) y \u00fanico canario hasta la fecha distinguido con el Premio Pr\u00edncipe de Asturias, de Investigaci\u00f3n Cient\u00edfica y T\u00e9cnica (1986). La biograf\u00eda del Dr&#8230;.<\/p>\n","protected":false},"author":20,"featured_media":0,"parent":0,"menu_order":0,"comment_status":"closed","ping_status":"closed","template":"templates\/template-aniversario.php","meta":{"inline_featured_image":false,"footnotes":""},"acf":[],"yoast_head":"<!-- This site is optimized with the Yoast SEO plugin v21.3 - https:\/\/yoast.com\/wordpress\/plugins\/seo\/ -->\n<title>Rector Honorario - 225 Aniversario ULL<\/title>\n<meta name=\"description\" content=\"Rector Honorario D. Antonio Gonz\u00e1lez Gonz\u00e1lez.\" \/>\n<meta name=\"robots\" content=\"index, follow, max-snippet:-1, max-image-preview:large, max-video-preview:-1\" \/>\n<link rel=\"canonical\" href=\"https:\/\/www.ull.es\/portal\/225aniversario\/rector-honorario\/\" \/>\n<meta property=\"og:locale\" content=\"es_ES\" \/>\n<meta property=\"og:type\" content=\"article\" \/>\n<meta property=\"og:title\" content=\"Rector Honorario - 225 Aniversario ULL\" \/>\n<meta property=\"og:description\" content=\"Rector Honorario D. Antonio Gonz\u00e1lez Gonz\u00e1lez.\" \/>\n<meta property=\"og:url\" content=\"https:\/\/www.ull.es\/portal\/225aniversario\/rector-honorario\/\" \/>\n<meta property=\"og:site_name\" content=\"225 Aniversario ULL\" \/>\n<meta property=\"article:modified_time\" content=\"2017-03-16T10:52:23+00:00\" \/>\n<meta name=\"twitter:card\" content=\"summary_large_image\" \/>\n<meta name=\"twitter:label1\" content=\"Tiempo de lectura\" \/>\n\t<meta name=\"twitter:data1\" content=\"1 minuto\" \/>\n<script type=\"application\/ld+json\" class=\"yoast-schema-graph\">{\"@context\":\"https:\/\/schema.org\",\"@graph\":[{\"@type\":\"WebPage\",\"@id\":\"https:\/\/www.ull.es\/portal\/225aniversario\/rector-honorario\/\",\"url\":\"https:\/\/www.ull.es\/portal\/225aniversario\/rector-honorario\/\",\"name\":\"Rector Honorario - 225 Aniversario ULL\",\"isPartOf\":{\"@id\":\"https:\/\/www.ull.es\/portal\/225aniversario\/#website\"},\"datePublished\":\"2017-03-13T09:46:46+00:00\",\"dateModified\":\"2017-03-16T10:52:23+00:00\",\"description\":\"Rector Honorario D. Antonio Gonz\u00e1lez Gonz\u00e1lez.\",\"breadcrumb\":{\"@id\":\"https:\/\/www.ull.es\/portal\/225aniversario\/rector-honorario\/#breadcrumb\"},\"inLanguage\":\"es\",\"potentialAction\":[{\"@type\":\"ReadAction\",\"target\":[\"https:\/\/www.ull.es\/portal\/225aniversario\/rector-honorario\/\"]}]},{\"@type\":\"BreadcrumbList\",\"@id\":\"https:\/\/www.ull.es\/portal\/225aniversario\/rector-honorario\/#breadcrumb\",\"itemListElement\":[{\"@type\":\"ListItem\",\"position\":1,\"name\":\"Portada\",\"item\":\"https:\/\/www.ull.es\/portal\/225aniversario\/\"},{\"@type\":\"ListItem\",\"position\":2,\"name\":\"Rector Honorario\"}]},{\"@type\":\"WebSite\",\"@id\":\"https:\/\/www.ull.es\/portal\/225aniversario\/#website\",\"url\":\"https:\/\/www.ull.es\/portal\/225aniversario\/\",\"name\":\"225 Aniversario ULL\",\"description\":\"\",\"potentialAction\":[{\"@type\":\"SearchAction\",\"target\":{\"@type\":\"EntryPoint\",\"urlTemplate\":\"https:\/\/www.ull.es\/portal\/225aniversario\/?s={search_term_string}\"},\"query-input\":\"required name=search_term_string\"}],\"inLanguage\":\"es\"}]}<\/script>\n<!-- \/ Yoast SEO plugin. -->","yoast_head_json":{"title":"Rector Honorario - 225 Aniversario ULL","description":"Rector Honorario D. Antonio Gonz\u00e1lez Gonz\u00e1lez.","robots":{"index":"index","follow":"follow","max-snippet":"max-snippet:-1","max-image-preview":"max-image-preview:large","max-video-preview":"max-video-preview:-1"},"canonical":"https:\/\/www.ull.es\/portal\/225aniversario\/rector-honorario\/","og_locale":"es_ES","og_type":"article","og_title":"Rector Honorario - 225 Aniversario ULL","og_description":"Rector Honorario D. Antonio Gonz\u00e1lez Gonz\u00e1lez.","og_url":"https:\/\/www.ull.es\/portal\/225aniversario\/rector-honorario\/","og_site_name":"225 Aniversario ULL","article_modified_time":"2017-03-16T10:52:23+00:00","twitter_card":"summary_large_image","twitter_misc":{"Tiempo de lectura":"1 minuto"},"schema":{"@context":"https:\/\/schema.org","@graph":[{"@type":"WebPage","@id":"https:\/\/www.ull.es\/portal\/225aniversario\/rector-honorario\/","url":"https:\/\/www.ull.es\/portal\/225aniversario\/rector-honorario\/","name":"Rector Honorario - 225 Aniversario ULL","isPartOf":{"@id":"https:\/\/www.ull.es\/portal\/225aniversario\/#website"},"datePublished":"2017-03-13T09:46:46+00:00","dateModified":"2017-03-16T10:52:23+00:00","description":"Rector Honorario D. Antonio Gonz\u00e1lez Gonz\u00e1lez.","breadcrumb":{"@id":"https:\/\/www.ull.es\/portal\/225aniversario\/rector-honorario\/#breadcrumb"},"inLanguage":"es","potentialAction":[{"@type":"ReadAction","target":["https:\/\/www.ull.es\/portal\/225aniversario\/rector-honorario\/"]}]},{"@type":"BreadcrumbList","@id":"https:\/\/www.ull.es\/portal\/225aniversario\/rector-honorario\/#breadcrumb","itemListElement":[{"@type":"ListItem","position":1,"name":"Portada","item":"https:\/\/www.ull.es\/portal\/225aniversario\/"},{"@type":"ListItem","position":2,"name":"Rector Honorario"}]},{"@type":"WebSite","@id":"https:\/\/www.ull.es\/portal\/225aniversario\/#website","url":"https:\/\/www.ull.es\/portal\/225aniversario\/","name":"225 Aniversario ULL","description":"","potentialAction":[{"@type":"SearchAction","target":{"@type":"EntryPoint","urlTemplate":"https:\/\/www.ull.es\/portal\/225aniversario\/?s={search_term_string}"},"query-input":"required name=search_term_string"}],"inLanguage":"es"}]}},"_links":{"self":[{"href":"https:\/\/www.ull.es\/portal\/225aniversario\/wp-json\/wp\/v2\/pages\/261"}],"collection":[{"href":"https:\/\/www.ull.es\/portal\/225aniversario\/wp-json\/wp\/v2\/pages"}],"about":[{"href":"https:\/\/www.ull.es\/portal\/225aniversario\/wp-json\/wp\/v2\/types\/page"}],"author":[{"embeddable":true,"href":"https:\/\/www.ull.es\/portal\/225aniversario\/wp-json\/wp\/v2\/users\/20"}],"replies":[{"embeddable":true,"href":"https:\/\/www.ull.es\/portal\/225aniversario\/wp-json\/wp\/v2\/comments?post=261"}],"version-history":[{"count":7,"href":"https:\/\/www.ull.es\/portal\/225aniversario\/wp-json\/wp\/v2\/pages\/261\/revisions"}],"predecessor-version":[{"id":307,"href":"https:\/\/www.ull.es\/portal\/225aniversario\/wp-json\/wp\/v2\/pages\/261\/revisions\/307"}],"wp:attachment":[{"href":"https:\/\/www.ull.es\/portal\/225aniversario\/wp-json\/wp\/v2\/media?parent=261"}],"curies":[{"name":"wp","href":"https:\/\/api.w.org\/{rel}","templated":true}]}}