{"id":29,"date":"2017-02-24T13:27:51","date_gmt":"2017-02-24T13:27:51","guid":{"rendered":"http:\/\/localhost\/wordpress\/225aniversario\/?page_id=29"},"modified":"2017-03-27T11:52:12","modified_gmt":"2017-03-27T11:52:12","slug":"medallas","status":"publish","type":"page","link":"https:\/\/www.ull.es\/portal\/225aniversario\/medallas\/","title":{"rendered":"Medallas"},"content":{"rendered":"<p>[vc_row][vc_column][vc_column_text]<\/p>\n<h1>Medallas de\u00a0Honor<\/h1>\n<p>[\/vc_column_text][vc_empty_space height=\u00bb30px\u00bb][\/vc_column][\/vc_row][vc_row][vc_column width=\u00bb1\/4&#8243;][vc_single_image image=\u00bb177&#8243; img_size=\u00bb200&#215;300&#8243; alignment=\u00bbcenter\u00bb el_class=\u00bbimg-medallas\u00bb][\/vc_column][vc_column width=\u00bb3\/4&#8243;][vc_column_text]<\/p>\n<h2 class=\"tit-honoris\">S. M. la Reina D.\u00aa Sof\u00eda<\/h2>\n<h3 class=\"fecha-honoris\">1991<\/h3>\n<p>La Universidad de La Laguna concedi\u00f3 la primera Medalla de Honor de la Instituci\u00f3n a\u00a0 S.M. la Reina D\u00f1a Sofia, que le fue entregada con motivo de su asistencia a la clausura del Curso Multidisciplinar de formaci\u00f3n continuada en drogodependencia. Curso que se ven\u00eda impartiendo en la Escuela de Enfermer\u00eda y Fisioterapia, en colaboraci\u00f3n con la Fundaci\u00f3n de Ayuda contra la Drogadicci\u00f3n (FAD) y el Colegio Oficial de Diplomados en Enfermer\u00eda. Como Presidenta de Honor de la FAD Su Majestad realiz\u00f3 una intensa labor en este campo.[\/vc_column_text][\/vc_column][\/vc_row][vc_row][vc_column][vc_separator css=\u00bb.vc_custom_1487943889860{margin-top: 50px !important;margin-bottom: 50px !important;}\u00bb][\/vc_column][\/vc_row][vc_row][vc_column width=\u00bb1\/4&#8243;][vc_single_image image=\u00bb178&#8243; img_size=\u00bb200&#215;300&#8243; alignment=\u00bbcenter\u00bb el_class=\u00bbimg-medallas\u00bb][\/vc_column][vc_column width=\u00bb3\/4&#8243;][vc_column_text]<\/p>\n<h2 class=\"tit-honoris\">Dr. D. Francisco Tom\u00e1s y Valiente<\/h2>\n<h3 class=\"fecha-honoris\">1996<\/h3>\n<p>La Universidad de La Laguna concedi\u00f3 la Medalla de Honor, a T\u00edtulo P\u00f3stumo, a D. Francisco Tom\u00e1s y Valiente, en reconocimiento de los extraordinarios servicios prestados a la Universidad y al Estado. Fue catedr\u00e1tico de Historia del Derecho en las universidades de La Laguna, Salamanca y Aut\u00f3noma de Madrid. Magistrado del Tribunal Constitucional desde su fundaci\u00f3n en 1980, fue su presidente entre 1986 y 1992. Acad\u00e9mico de n\u00famero de la Real Academia de Historia, Director del Anuario de Historia del Derecho Espa\u00f1ol y autor de numerosas aportaciones cient\u00edficas en el \u00e1mbito de la Historia del Derecho y del Derecho Constitucional.[\/vc_column_text][\/vc_column][\/vc_row][vc_row][vc_column][vc_empty_space height=\u00bb30px\u00bb][vc_column_text]<\/p>\n<h1>Medallas de Oro<\/h1>\n<p>[\/vc_column_text][vc_empty_space height=\u00bb30px\u00bb][\/vc_column][\/vc_row][vc_row][vc_column width=\u00bb1\/4&#8243;][vc_single_image image=\u00bb174&#8243; img_size=\u00bb200&#215;300&#8243; alignment=\u00bbcenter\u00bb el_class=\u00bbimg-medallas\u00bb][\/vc_column][vc_column width=\u00bb3\/4&#8243;][vc_column_text]<\/p>\n<h2 class=\"tit-honoris\">Dr. D. Felipe Gonz\u00e1lez Vic\u00e9n<\/h2>\n<h3 class=\"fecha-honoris\">1987<\/h3>\n<p>El Dr. D. Felipe Gonz\u00e1lez Vic\u00e9n fue catedr\u00e1tico de Filosof\u00eda del Derecho de la Universidad de La Laguna desde el a\u00f1o 1946. Atesora m\u00e9ritos relevantes y cualidades docentes, dada su extensa y profunda labor investigadora y elaboraci\u00f3n doctrinal. Goza de un reconocimiento cient\u00edfico general en la literatura jur\u00eddica nacional y europeo, a lo que hay que sumar su obra pionera en la traducci\u00f3n y difusi\u00f3n en nuestro pa\u00eds de los m\u00e1s importantes pensadores contempor\u00e1neos de la Filosof\u00eda el Derecho.[\/vc_column_text][\/vc_column][\/vc_row][vc_row][vc_column][vc_separator css=\u00bb.vc_custom_1487943889860{margin-top: 50px !important;margin-bottom: 50px !important;}\u00bb][\/vc_column][\/vc_row][vc_row][vc_column width=\u00bb1\/4&#8243;][vc_single_image image=\u00bb355&#8243; img_size=\u00bb200&#215;300&#8243; alignment=\u00bbcenter\u00bb el_class=\u00bbimg-medallas\u00bb][\/vc_column][vc_column width=\u00bb3\/4&#8243;][vc_column_text]<\/p>\n<h2 class=\"tit-honoris\">Dr. D. Jorge Fuentes Duchemin<\/h2>\n<h3 class=\"fecha-honoris\">1991<\/h3>\n<p>El Dr. D. Jorge Fuentes Duchemin ejerci\u00f3 en nuestra universidad la C\u00e1tedra de Qu\u00edmica General, y fue Decano de la Facultad de Qu\u00edmica. Miembro de la \u201cThe Chemical Society\u201d de Londres, de la \u201cReal Sociedad Econ\u00f3mica de Amigos del Pa\u00eds de Tenerife\u201d y Secretario General de la Academia Canaria de Ciencias. Public\u00f3 n\u00fameros trabajos cient\u00edficos as\u00ed como art\u00edculos de naturaleza variada en la prensa de las islas.[\/vc_column_text][\/vc_column][\/vc_row][vc_row][vc_column][vc_separator css=\u00bb.vc_custom_1487943889860{margin-top: 50px !important;margin-bottom: 50px !important;}\u00bb][\/vc_column][\/vc_row][vc_row][vc_column width=\u00bb1\/4&#8243;][vc_single_image image=\u00bb171&#8243; img_size=\u00bb200&#215;300&#8243; alignment=\u00bbcenter\u00bb el_class=\u00bbimg-medallas\u00bb][\/vc_column][vc_column width=\u00bb3\/4&#8243;][vc_column_text]<\/p>\n<h2 class=\"tit-honoris\">Dr. D. Antonio Bethencourt Massieu<\/h2>\n<h3 class=\"fecha-honoris\">1991<\/h3>\n<p>El Dr. D. Antonio Bethencourt Massieu, Catedr\u00e1tico de Historia Moderna, fue Rector de la Universidad de La Laguna en el periodo 1975-1980. Cuenta con un amplio curr\u00edculum de m\u00e9ritos acad\u00e9micos e investigadores, entre los que destaca su papel como historiador, \u00a0e impulsor decidido de la Facultad de Geograf\u00eda e Historia y de su Secci\u00f3n de Historia. En 1992 le fue concedido el Premio Canarias de Acervo Hist\u00f3rico.[\/vc_column_text][\/vc_column][\/vc_row][vc_row][vc_column][vc_separator css=\u00bb.vc_custom_1487943889860{margin-top: 50px !important;margin-bottom: 50px !important;}\u00bb][\/vc_column][\/vc_row][vc_row][vc_column width=\u00bb1\/4&#8243;][vc_single_image image=\u00bb371&#8243; img_size=\u00bb200&#215;300&#8243; alignment=\u00bbcenter\u00bb][\/vc_column][vc_column width=\u00bb3\/4&#8243;][vc_column_text]<\/p>\n<h2 class=\"tit-honoris\">Dr. D. Juan \u00c1lvarez Delgado<\/h2>\n<h3 class=\"fecha-honoris\">1991<\/h3>\n<p>El Dr. D. Juan \u00c1lvarez Delgado, Catedr\u00e1tico de Filolog\u00eda Latina de la Facultad de Filosof\u00eda y Letras, fue el fundador de la Secci\u00f3n de Filolog\u00eda Cl\u00e1sica de la Universidad de La Laguna en 1942, Destac\u00f3, especialmente, en los \u00e1mbitos de la Filolog\u00eda Cl\u00e1sica y la Historia de Canarias. Entre sus condecoraciones cabe destacar la de Hijo Predilecto de G\u00fc\u00edmar, la Medalla de Oro de la Isla de Tenerife concedida por el Excmo. Cabildo Insular, y Premio Canarias de trabajos sobre Acervo Socio-Hist\u00f3rico y Patrimonio Hist\u00f3rico-Art\u00edstico y Documental.[\/vc_column_text][\/vc_column][\/vc_row][vc_row][vc_column][vc_separator css=\u00bb.vc_custom_1487943889860{margin-top: 50px !important;margin-bottom: 50px !important;}\u00bb][\/vc_column][\/vc_row][vc_row][vc_column width=\u00bb1\/4&#8243;][vc_single_image image=\u00bb179&#8243; img_size=\u00bb200&#215;300&#8243; alignment=\u00bbcenter\u00bb el_class=\u00bbimg-medallas\u00bb][\/vc_column][vc_column width=\u00bb3\/4&#8243;][vc_column_text]<\/p>\n<h2 class=\"tit-honoris\">Dr. D. Agust\u00edn Ar\u00e9valo Medina<\/h2>\n<h3 class=\"fecha-honoris\">1991<\/h3>\n<p>El Dr. D. Agust\u00edn Ar\u00e9valo Medina fue Catedr\u00e1tico de Qu\u00edmica F\u00edsica durante treinta y tres a\u00f1os y Profesor Em\u00e9rito de La Universidad de La Laguna. Se le concedi\u00f3 la Medalla de Oro en reconocimiento a sus extraordinarios m\u00e9ritos acad\u00e9micos e investigadores y a la dedicaci\u00f3n que siempre prest\u00f3 a la instituci\u00f3n universitaria lagunera. Su actuaci\u00f3n fue fundamental para que se construyera un edificio, inicialmente para la Facultad de Qu\u00edmica, torre que hoy lleva su nombre.[\/vc_column_text][\/vc_column][\/vc_row][vc_row][vc_column][vc_separator css=\u00bb.vc_custom_1487943889860{margin-top: 50px !important;margin-bottom: 50px !important;}\u00bb][\/vc_column][\/vc_row][vc_row][vc_column width=\u00bb1\/4&#8243;][vc_single_image image=\u00bb176&#8243; img_size=\u00bb200&#215;300&#8243; alignment=\u00bbcenter\u00bb el_class=\u00bbimg-medallas\u00bb][\/vc_column][vc_column width=\u00bb3\/4&#8243;][vc_column_text]<\/p>\n<h2 class=\"tit-honoris\">Dr. D. N\u00e1cere Hayek Calil<\/h2>\n<h3 class=\"fecha-honoris\">1991<\/h3>\n<p>El Dr. D. N\u00e1cere Hayek Calil, investigador y catedr\u00e1tico de matem\u00e1ticas de la Facultad de Ciencias de la Universidad de La Laguna, fund\u00f3 el Departamento de An\u00e1lisis Matem\u00e1tico y la Facultad de Matem\u00e1ticas, de la que fue el primer decano. La actual plaza de entrada de la Facultad de Matem\u00e1ticas y F\u00edsica lleva su nombre. Su trayectoria cient\u00edfica queda reflejada en aproximadamente 200 trabajos de investigaci\u00f3n, sobre an\u00e1lisis matem\u00e1tico, publicados en revistas de alto \u00edndice cient\u00edfico y did\u00e1ctico, as\u00ed como en su contribuci\u00f3n a la formaci\u00f3n de j\u00f3venes investigadores.[\/vc_column_text][\/vc_column][\/vc_row][vc_row][vc_column][vc_separator css=\u00bb.vc_custom_1487943889860{margin-top: 50px !important;margin-bottom: 50px !important;}\u00bb][\/vc_column][\/vc_row][vc_row][vc_column width=\u00bb1\/4&#8243;][vc_single_image image=\u00bb216&#8243; img_size=\u00bb200&#215;300&#8243; alignment=\u00bbcenter\u00bb el_class=\u00bbimg-medallas\u00bb][\/vc_column][vc_column width=\u00bb3\/4&#8243;][vc_column_text]<\/p>\n<h2 class=\"tit-honoris\">Dr. D. Jes\u00fas Hern\u00e1ndez Perera<\/h2>\n<h3 class=\"fecha-honoris\">1991<\/h3>\n<p>El Dr. D. Jes\u00fas Hern\u00e1ndez Perera, catedr\u00e1tico de Historia del Arte, Rector de la Universidad de La Laguna entre 1968 y 1972, sobresali\u00f3 por la defensa de la libertad universitaria. Cre\u00f3 el Departamento de Arte de la Universidad de La Laguna y abri\u00f3 el centro a otras ense\u00f1anzas, sobre todo en el \u00e1mbito de las Letras, consolidando la imagen de esta universidad como un lugar abierto tambi\u00e9n a la relaci\u00f3n con la sociedad insular. Entre otros potenci\u00f3, en tiempos no del todo propicios, los estudios de Periodismo que hab\u00eda impulsado su antecesor. En 1994 le concedieron el Premio Canarias de Patrimonio Hist\u00f3rico.[\/vc_column_text][\/vc_column][\/vc_row][vc_row][vc_column][vc_separator css=\u00bb.vc_custom_1487943889860{margin-top: 50px !important;margin-bottom: 50px !important;}\u00bb][\/vc_column][\/vc_row][vc_row][vc_column width=\u00bb1\/4&#8243;][vc_single_image image=\u00bb220&#8243; img_size=\u00bb200&#215;300&#8243; alignment=\u00bbcenter\u00bb el_class=\u00bbimg-medallas\u00bb][\/vc_column][vc_column width=\u00bb3\/4&#8243;][vc_column_text]<\/p>\n<h2 class=\"tit-honoris\">D. Jos\u00e9 Manuel de Armas N\u00fa\u00f1ez<\/h2>\n<h3 class=\"fecha-honoris\">1991<\/h3>\n<p>El Sr. D. Jos\u00e9 Manuel de Armas N\u00fa\u00f1ez, conserje del Edificio Central de la Universidad de La Laguna, y muchos a\u00f1os adscrito a la Biblioteca General, tiene reconocido, entre sus servicios m\u00e1s destacados, el eficiente traslado de los 39.616 vol\u00famenes con que contaba entonces el fondo bibliogr\u00e1fico desde sus dos emplazamiento anteriores (Instituto de Canarias y edificio antiguo de la Universidad de La Laguna, ubicado en la calle San Agust\u00edn, 23) hasta su ubicaci\u00f3n actual. Este traslado se realiz\u00f3 en el a\u00f1o 1956. Posteriormente, desde su puesto de encargado de sala en la Biblioteca, fue por entonces el promotor de un modelo de comportamiento c\u00edvico en las salas de lectura que garantiz\u00f3 las funciones b\u00e1sicas de esta \u00e1rea de estudio y consulta bibliogr\u00e1fica en una \u00e9poca en que la masificaci\u00f3n de la ense\u00f1anza, junto a la escasez de personal, hab\u00edan convertido a numerosas salas de lectura de las bibliotecas universitarias en incontroladas salas de recreo.[\/vc_column_text][\/vc_column][\/vc_row][vc_row][vc_column][vc_separator css=\u00bb.vc_custom_1487943889860{margin-top: 50px !important;margin-bottom: 50px !important;}\u00bb][\/vc_column][\/vc_row][vc_row][vc_column width=\u00bb1\/4&#8243;][vc_single_image image=\u00bb173&#8243; img_size=\u00bbfull\u00bb alignment=\u00bbcenter\u00bb el_class=\u00bbimg-medallas\u00bb][\/vc_column][vc_column width=\u00bb3\/4&#8243;][vc_column_text]<\/p>\n<h2 class=\"tit-honoris\">Excmo. Cabildo Insular de Tenerife<\/h2>\n<h3 class=\"fecha-honoris\">2003<\/h3>\n<p>La Universidad de La Laguna entreg\u00f3 en 2003\u00a0 la Medalla de Oro al Excelent\u00edsimo Cabildo Insular de Tenerife como reconocimiento al apoyo que la corporaci\u00f3n insular ha prestado a la Universidad de La Laguna desde sus inicios. La colaboraci\u00f3n entre\u00a0 la Universidad de La Laguna y\u00a0 el \u00f3rgano de gobierno insular de la isla de Tenerife tiene un recorrido intenso y permanente desde su creaci\u00f3n con la Ley de Cabildos de 1912. As\u00ed, la expansi\u00f3n de la ULL gracias a cesi\u00f3n de terrenos propiedad del Cabildo, el apoyo econ\u00f3mico continuado para infinidad de acciones, y su apuesta decisiva en desarrollo de los centros cient\u00edficos son posiblemente algunas de las colaboraciones m\u00e1s destacadas. Citar que el Instituto Universitario de Bio-Org\u00e1nica Antonio Gonz\u00e1lez (IUBO-AG)\u00a0 y el Instituto Universitario de Enfermedades Tropicales y de Salud P\u00fablica de Canarias son dos de los mayores ejemplos de esta colaboraci\u00f3n de la ULL con el Cabildo Insular de Tenerife.[\/vc_column_text][\/vc_column][\/vc_row][vc_row][vc_column][vc_separator css=\u00bb.vc_custom_1487943889860{margin-top: 50px !important;margin-bottom: 50px !important;}\u00bb][\/vc_column][\/vc_row][vc_row][vc_column width=\u00bb1\/4&#8243;][vc_single_image image=\u00bb172&#8243; img_size=\u00bbfull\u00bb alignment=\u00bbcenter\u00bb][\/vc_column][vc_column width=\u00bb3\/4&#8243;][vc_column_text]<\/p>\n<h2 class=\"tit-honoris\">Excmo. Ayuntamiento de la Villa de Adeje<\/h2>\n<h3 class=\"fecha-honoris\">2014<\/h3>\n<p>La Universidad de La Laguna concedi\u00f3 la Medalla de Oro al Excelent\u00edsimo Ayuntamiento de la Villa de Adeje por su compromiso con la formaci\u00f3n Universitaria. Se trata de una colaboraci\u00f3n permanente que desde 1992 y a lo largo de los a\u00f1os ha configurado todo un referente cultural y acad\u00e9mico en este municipio sure\u00f1o de la isla de Tenerife. Esta estable relaci\u00f3n se materializa, entre otras colaboraciones, con las ediciones de la Universidad de Verano de Adeje.[\/vc_column_text][\/vc_column][\/vc_row]<\/p>\n","protected":false},"excerpt":{"rendered":"<p>[vc_row][vc_column][vc_column_text] Medallas de\u00a0Honor [\/vc_column_text][vc_empty_space height=\u00bb30px\u00bb][\/vc_column][\/vc_row][vc_row][vc_column width=\u00bb1\/4&#8243;][vc_single_image image=\u00bb177&#8243; img_size=\u00bb200&#215;300&#8243; alignment=\u00bbcenter\u00bb el_class=\u00bbimg-medallas\u00bb][\/vc_column][vc_column width=\u00bb3\/4&#8243;][vc_column_text] S. M. la Reina D.\u00aa Sof\u00eda 1991 La Universidad de La Laguna concedi\u00f3 la primera Medalla de Honor de la Instituci\u00f3n a\u00a0 S.M. la Reina D\u00f1a Sofia, que le fue entregada con motivo de su asistencia a la clausura del Curso Multidisciplinar de formaci\u00f3n&#8230;<\/p>\n","protected":false},"author":1,"featured_media":0,"parent":0,"menu_order":0,"comment_status":"closed","ping_status":"closed","template":"templates\/template-aniversario.php","meta":{"inline_featured_image":false,"footnotes":""},"acf":[],"yoast_head":"<!-- This site is optimized with the Yoast SEO plugin v21.3 - https:\/\/yoast.com\/wordpress\/plugins\/seo\/ -->\n<title>Medallas - 225 Aniversario ULL<\/title>\n<meta name=\"description\" content=\"Medallas de Oro y Medallas de Honor concedidas por la Universidad de La Laguna.\" \/>\n<meta name=\"robots\" content=\"index, follow, max-snippet:-1, max-image-preview:large, max-video-preview:-1\" \/>\n<link rel=\"canonical\" href=\"https:\/\/www.ull.es\/portal\/225aniversario\/medallas\/\" \/>\n<meta property=\"og:locale\" content=\"es_ES\" \/>\n<meta property=\"og:type\" content=\"article\" \/>\n<meta property=\"og:title\" content=\"Medallas - 225 Aniversario ULL\" \/>\n<meta property=\"og:description\" content=\"Medallas de Oro y Medallas de Honor concedidas por la Universidad de La Laguna.\" \/>\n<meta property=\"og:url\" content=\"https:\/\/www.ull.es\/portal\/225aniversario\/medallas\/\" \/>\n<meta property=\"og:site_name\" content=\"225 Aniversario ULL\" \/>\n<meta property=\"article:modified_time\" content=\"2017-03-27T11:52:12+00:00\" \/>\n<meta name=\"twitter:card\" content=\"summary_large_image\" \/>\n<meta name=\"twitter:label1\" content=\"Tiempo de lectura\" \/>\n\t<meta name=\"twitter:data1\" content=\"10 minutos\" \/>\n<script type=\"application\/ld+json\" class=\"yoast-schema-graph\">{\"@context\":\"https:\/\/schema.org\",\"@graph\":[{\"@type\":\"WebPage\",\"@id\":\"https:\/\/www.ull.es\/portal\/225aniversario\/medallas\/\",\"url\":\"https:\/\/www.ull.es\/portal\/225aniversario\/medallas\/\",\"name\":\"Medallas - 225 Aniversario ULL\",\"isPartOf\":{\"@id\":\"https:\/\/www.ull.es\/portal\/225aniversario\/#website\"},\"datePublished\":\"2017-02-24T13:27:51+00:00\",\"dateModified\":\"2017-03-27T11:52:12+00:00\",\"description\":\"Medallas de Oro y Medallas de Honor concedidas por la Universidad de La Laguna.\",\"breadcrumb\":{\"@id\":\"https:\/\/www.ull.es\/portal\/225aniversario\/medallas\/#breadcrumb\"},\"inLanguage\":\"es\",\"potentialAction\":[{\"@type\":\"ReadAction\",\"target\":[\"https:\/\/www.ull.es\/portal\/225aniversario\/medallas\/\"]}]},{\"@type\":\"BreadcrumbList\",\"@id\":\"https:\/\/www.ull.es\/portal\/225aniversario\/medallas\/#breadcrumb\",\"itemListElement\":[{\"@type\":\"ListItem\",\"position\":1,\"name\":\"Portada\",\"item\":\"https:\/\/www.ull.es\/portal\/225aniversario\/\"},{\"@type\":\"ListItem\",\"position\":2,\"name\":\"Medallas\"}]},{\"@type\":\"WebSite\",\"@id\":\"https:\/\/www.ull.es\/portal\/225aniversario\/#website\",\"url\":\"https:\/\/www.ull.es\/portal\/225aniversario\/\",\"name\":\"225 Aniversario ULL\",\"description\":\"\",\"potentialAction\":[{\"@type\":\"SearchAction\",\"target\":{\"@type\":\"EntryPoint\",\"urlTemplate\":\"https:\/\/www.ull.es\/portal\/225aniversario\/?s={search_term_string}\"},\"query-input\":\"required name=search_term_string\"}],\"inLanguage\":\"es\"}]}<\/script>\n<!-- \/ Yoast SEO plugin. -->","yoast_head_json":{"title":"Medallas - 225 Aniversario ULL","description":"Medallas de Oro y Medallas de Honor concedidas por la Universidad de La Laguna.","robots":{"index":"index","follow":"follow","max-snippet":"max-snippet:-1","max-image-preview":"max-image-preview:large","max-video-preview":"max-video-preview:-1"},"canonical":"https:\/\/www.ull.es\/portal\/225aniversario\/medallas\/","og_locale":"es_ES","og_type":"article","og_title":"Medallas - 225 Aniversario ULL","og_description":"Medallas de Oro y Medallas de Honor concedidas por la Universidad de La Laguna.","og_url":"https:\/\/www.ull.es\/portal\/225aniversario\/medallas\/","og_site_name":"225 Aniversario ULL","article_modified_time":"2017-03-27T11:52:12+00:00","twitter_card":"summary_large_image","twitter_misc":{"Tiempo de lectura":"10 minutos"},"schema":{"@context":"https:\/\/schema.org","@graph":[{"@type":"WebPage","@id":"https:\/\/www.ull.es\/portal\/225aniversario\/medallas\/","url":"https:\/\/www.ull.es\/portal\/225aniversario\/medallas\/","name":"Medallas - 225 Aniversario ULL","isPartOf":{"@id":"https:\/\/www.ull.es\/portal\/225aniversario\/#website"},"datePublished":"2017-02-24T13:27:51+00:00","dateModified":"2017-03-27T11:52:12+00:00","description":"Medallas de Oro y Medallas de Honor concedidas por la Universidad de La Laguna.","breadcrumb":{"@id":"https:\/\/www.ull.es\/portal\/225aniversario\/medallas\/#breadcrumb"},"inLanguage":"es","potentialAction":[{"@type":"ReadAction","target":["https:\/\/www.ull.es\/portal\/225aniversario\/medallas\/"]}]},{"@type":"BreadcrumbList","@id":"https:\/\/www.ull.es\/portal\/225aniversario\/medallas\/#breadcrumb","itemListElement":[{"@type":"ListItem","position":1,"name":"Portada","item":"https:\/\/www.ull.es\/portal\/225aniversario\/"},{"@type":"ListItem","position":2,"name":"Medallas"}]},{"@type":"WebSite","@id":"https:\/\/www.ull.es\/portal\/225aniversario\/#website","url":"https:\/\/www.ull.es\/portal\/225aniversario\/","name":"225 Aniversario ULL","description":"","potentialAction":[{"@type":"SearchAction","target":{"@type":"EntryPoint","urlTemplate":"https:\/\/www.ull.es\/portal\/225aniversario\/?s={search_term_string}"},"query-input":"required name=search_term_string"}],"inLanguage":"es"}]}},"_links":{"self":[{"href":"https:\/\/www.ull.es\/portal\/225aniversario\/wp-json\/wp\/v2\/pages\/29"}],"collection":[{"href":"https:\/\/www.ull.es\/portal\/225aniversario\/wp-json\/wp\/v2\/pages"}],"about":[{"href":"https:\/\/www.ull.es\/portal\/225aniversario\/wp-json\/wp\/v2\/types\/page"}],"author":[{"embeddable":true,"href":"https:\/\/www.ull.es\/portal\/225aniversario\/wp-json\/wp\/v2\/users\/1"}],"replies":[{"embeddable":true,"href":"https:\/\/www.ull.es\/portal\/225aniversario\/wp-json\/wp\/v2\/comments?post=29"}],"version-history":[{"count":26,"href":"https:\/\/www.ull.es\/portal\/225aniversario\/wp-json\/wp\/v2\/pages\/29\/revisions"}],"predecessor-version":[{"id":373,"href":"https:\/\/www.ull.es\/portal\/225aniversario\/wp-json\/wp\/v2\/pages\/29\/revisions\/373"}],"wp:attachment":[{"href":"https:\/\/www.ull.es\/portal\/225aniversario\/wp-json\/wp\/v2\/media?parent=29"}],"curies":[{"name":"wp","href":"https:\/\/api.w.org\/{rel}","templated":true}]}}