{"id":41,"date":"2017-03-01T10:04:05","date_gmt":"2017-03-01T10:04:05","guid":{"rendered":"https:\/\/www.ull.es\/portal\/225aniversario\/?page_id=41"},"modified":"2017-03-27T11:24:24","modified_gmt":"2017-03-27T11:24:24","slug":"comite-de-honor","status":"publish","type":"page","link":"https:\/\/www.ull.es\/portal\/225aniversario\/comite-de-honor\/","title":{"rendered":"Comit\u00e9 de Honor"},"content":{"rendered":"<p>[vc_row][vc_column width=\u00bb1\/3&#8243;][\/vc_column][vc_column width=\u00bb1\/3&#8243;][vc_single_image image=\u00bb75&#8243; img_size=\u00bb300&#215;300&#8243; alignment=\u00bbcenter\u00bb][vc_column_text el_class=\u00bbcomite\u00bb css=\u00bb.vc_custom_1489059294247{margin-bottom: 50px !important;}\u00bb]<\/p>\n<p class=\"componente-comite\">Sus Majestades los Reyes de Espa\u00f1a D. Felipe VI<br \/>\ny D\u00f1a. Letizia Ortiz Rocasolano<\/p>\n<p class=\"cargo-comite\">Presidencia del Comit\u00e9 de Honor<\/p>\n<p>[\/vc_column_text][vc_column_text]<\/p>\n<p class=\"componente-comite\">D. Mariano Rajoy Brey<\/p>\n<p class=\"cargo-comite\">Excmo. Sr. Presidente del Gobierno de Espa\u00f1a<\/p>\n<p>[\/vc_column_text][vc_column_text el_class=\u00bbcomite\u00bb]<\/p>\n<p class=\"componente-comite\">D. \u00cd\u00f1igo M\u00e9ndez de Vigo y Montojo<\/p>\n<p class=\"cargo-comite\">Excmo. Sr. Ministro de Educaci\u00f3n, Cultura y Deporte. Gobierno de Espa\u00f1a<\/p>\n<p>[\/vc_column_text][vc_column_text el_class=\u00bbcomite\u00bb]<\/p>\n<p class=\"componente-comite\">D. Fernando Clavijo Batlle<\/p>\n<p class=\"cargo-comite\">Excmo. Sr. Presidente del Gobierno de Canarias<\/p>\n<p>[\/vc_column_text][vc_column_text el_class=\u00bbcomite\u00bb]<\/p>\n<p class=\"componente-comite\">D\u00f1a. Soledad Monz\u00f3n Cabrera<\/p>\n<p class=\"cargo-comite\">Excma. Sra. Consejera de Educaci\u00f3n y Universidades. Gobierno de Canarias<\/p>\n<p>[\/vc_column_text][vc_column_text el_class=\u00bbcomite\u00bb]<\/p>\n<p class=\"componente-comite\">D. Carlos Alonso Rodr\u00edguez<\/p>\n<p class=\"cargo-comite\">Excmo. Sr. Presidente del Cabildo Insular de Tenerife<\/p>\n<p>[\/vc_column_text][vc_column_text el_class=\u00bbcomite\u00bb]<\/p>\n<p class=\"componente-comite\">D. Jos\u00e9 Alberto D\u00edaz Dom\u00ednguez<\/p>\n<p class=\"cargo-comite\">Excmo. Sr. Alcalde-Presidente. Ayuntamiento de San Crist\u00f3bal de La Laguna<\/p>\n<p>[\/vc_column_text][vc_column_text el_class=\u00bbcomite\u00bb]<\/p>\n<p class=\"componente-comite\">D. Antonio Morales M\u00e9ndez<\/p>\n<p class=\"cargo-comite\">Excmo. Sr. Presidente del Cabildo Insular de Gran Canaria<\/p>\n<p>[\/vc_column_text][vc_column_text el_class=\u00bbcomite\u00bb]<\/p>\n<p class=\"componente-comite\">D. Anselmo Francisco Pestana Padr\u00f3n<\/p>\n<p class=\"cargo-comite\">Excmo. Sr. Presidente del Cabildo Insular de La Palma<\/p>\n<p>[\/vc_column_text][vc_column_text el_class=\u00bbcomite\u00bb]<\/p>\n<p class=\"componente-comite\">D. Casimiro Curbelo Curbelo<\/p>\n<p class=\"cargo-comite\">Excmo. Sr. Presidente del Cabildo Insular de La Gomera<\/p>\n<p>[\/vc_column_text][vc_column_text el_class=\u00bbcomite\u00bb]<\/p>\n<p class=\"componente-comite\">D. Pedro San Gin\u00e9s Guit\u00e9rrez<\/p>\n<p class=\"cargo-comite\">Excmo. Sr. Presidente del Cabildo Insular de Lanzarote<\/p>\n<p>[\/vc_column_text][vc_column_text el_class=\u00bbcomite\u00bb]<\/p>\n<p class=\"componente-comite\">D. Marcial Morales Mart\u00edn<\/p>\n<p class=\"cargo-comite\">Excmo. Sr. Presidente del Cabildo Insular de Fuerteventura<\/p>\n<p>[\/vc_column_text][vc_column_text el_class=\u00bbcomite\u00bb]<\/p>\n<p class=\"componente-comite\">D\u00f1a. Mar\u00eda Bel\u00e9n Allende Riera<\/p>\n<p class=\"cargo-comite\">Excma. Sra. Presidenta del Cabildo Insular de El Hierro<\/p>\n<p>[\/vc_column_text][\/vc_column][vc_column width=\u00bb1\/3&#8243;][\/vc_column][\/vc_row]<\/p>\n","protected":false},"excerpt":{"rendered":"<p>[vc_row][vc_column width=\u00bb1\/3&#8243;][\/vc_column][vc_column width=\u00bb1\/3&#8243;][vc_single_image image=\u00bb75&#8243; img_size=\u00bb300&#215;300&#8243; alignment=\u00bbcenter\u00bb][vc_column_text el_class=\u00bbcomite\u00bb css=\u00bb.vc_custom_1489059294247{margin-bottom: 50px !important;}\u00bb] Sus Majestades los Reyes de Espa\u00f1a D. Felipe VI y D\u00f1a. Letizia Ortiz Rocasolano Presidencia del Comit\u00e9 de Honor [\/vc_column_text][vc_column_text] D. Mariano Rajoy Brey Excmo. Sr. Presidente del Gobierno de Espa\u00f1a [\/vc_column_text][vc_column_text el_class=\u00bbcomite\u00bb] D. \u00cd\u00f1igo M\u00e9ndez de Vigo y Montojo Excmo. Sr. Ministro de Educaci\u00f3n,&#8230;<\/p>\n","protected":false},"author":1,"featured_media":0,"parent":0,"menu_order":0,"comment_status":"closed","ping_status":"closed","template":"templates\/template-aniversario.php","meta":{"inline_featured_image":false,"footnotes":""},"acf":[],"yoast_head":"<!-- This site is optimized with the Yoast SEO plugin v21.3 - https:\/\/yoast.com\/wordpress\/plugins\/seo\/ -->\n<title>Comit\u00e9 de Honor - 225 Aniversario ULL<\/title>\n<meta name=\"robots\" content=\"index, follow, max-snippet:-1, max-image-preview:large, max-video-preview:-1\" \/>\n<link rel=\"canonical\" href=\"https:\/\/www.ull.es\/portal\/225aniversario\/comite-de-honor\/\" \/>\n<meta property=\"og:locale\" content=\"es_ES\" \/>\n<meta property=\"og:type\" content=\"article\" \/>\n<meta property=\"og:title\" content=\"Comit\u00e9 de Honor - 225 Aniversario ULL\" \/>\n<meta property=\"og:description\" content=\"[vc_row][vc_column width=\u00bb1\/3&#8243;][\/vc_column][vc_column width=\u00bb1\/3&#8243;][vc_single_image image=\u00bb75&#8243; img_size=\u00bb300&#215;300&#8243; alignment=\u00bbcenter\u00bb][vc_column_text el_class=\u00bbcomite\u00bb css=\u00bb.vc_custom_1489059294247{margin-bottom: 50px !important;}\u00bb] Sus Majestades los Reyes de Espa\u00f1a D. Felipe VI y D\u00f1a. Letizia Ortiz Rocasolano Presidencia del Comit\u00e9 de Honor [\/vc_column_text][vc_column_text] D. Mariano Rajoy Brey Excmo. Sr. Presidente del Gobierno de Espa\u00f1a [\/vc_column_text][vc_column_text el_class=\u00bbcomite\u00bb] D. \u00cd\u00f1igo M\u00e9ndez de Vigo y Montojo Excmo. Sr. Ministro de Educaci\u00f3n,...\" \/>\n<meta property=\"og:url\" content=\"https:\/\/www.ull.es\/portal\/225aniversario\/comite-de-honor\/\" \/>\n<meta property=\"og:site_name\" content=\"225 Aniversario ULL\" \/>\n<meta property=\"article:modified_time\" content=\"2017-03-27T11:24:24+00:00\" \/>\n<meta name=\"twitter:card\" content=\"summary_large_image\" \/>\n<meta name=\"twitter:label1\" content=\"Tiempo de lectura\" \/>\n\t<meta name=\"twitter:data1\" content=\"2 minutos\" \/>\n<script type=\"application\/ld+json\" class=\"yoast-schema-graph\">{\"@context\":\"https:\/\/schema.org\",\"@graph\":[{\"@type\":\"WebPage\",\"@id\":\"https:\/\/www.ull.es\/portal\/225aniversario\/comite-de-honor\/\",\"url\":\"https:\/\/www.ull.es\/portal\/225aniversario\/comite-de-honor\/\",\"name\":\"Comit\u00e9 de Honor - 225 Aniversario ULL\",\"isPartOf\":{\"@id\":\"https:\/\/www.ull.es\/portal\/225aniversario\/#website\"},\"datePublished\":\"2017-03-01T10:04:05+00:00\",\"dateModified\":\"2017-03-27T11:24:24+00:00\",\"breadcrumb\":{\"@id\":\"https:\/\/www.ull.es\/portal\/225aniversario\/comite-de-honor\/#breadcrumb\"},\"inLanguage\":\"es\",\"potentialAction\":[{\"@type\":\"ReadAction\",\"target\":[\"https:\/\/www.ull.es\/portal\/225aniversario\/comite-de-honor\/\"]}]},{\"@type\":\"BreadcrumbList\",\"@id\":\"https:\/\/www.ull.es\/portal\/225aniversario\/comite-de-honor\/#breadcrumb\",\"itemListElement\":[{\"@type\":\"ListItem\",\"position\":1,\"name\":\"Portada\",\"item\":\"https:\/\/www.ull.es\/portal\/225aniversario\/\"},{\"@type\":\"ListItem\",\"position\":2,\"name\":\"Comit\u00e9 de Honor\"}]},{\"@type\":\"WebSite\",\"@id\":\"https:\/\/www.ull.es\/portal\/225aniversario\/#website\",\"url\":\"https:\/\/www.ull.es\/portal\/225aniversario\/\",\"name\":\"225 Aniversario ULL\",\"description\":\"\",\"potentialAction\":[{\"@type\":\"SearchAction\",\"target\":{\"@type\":\"EntryPoint\",\"urlTemplate\":\"https:\/\/www.ull.es\/portal\/225aniversario\/?s={search_term_string}\"},\"query-input\":\"required name=search_term_string\"}],\"inLanguage\":\"es\"}]}<\/script>\n<!-- \/ Yoast SEO plugin. -->","yoast_head_json":{"title":"Comit\u00e9 de Honor - 225 Aniversario ULL","robots":{"index":"index","follow":"follow","max-snippet":"max-snippet:-1","max-image-preview":"max-image-preview:large","max-video-preview":"max-video-preview:-1"},"canonical":"https:\/\/www.ull.es\/portal\/225aniversario\/comite-de-honor\/","og_locale":"es_ES","og_type":"article","og_title":"Comit\u00e9 de Honor - 225 Aniversario ULL","og_description":"[vc_row][vc_column width=\u00bb1\/3&#8243;][\/vc_column][vc_column width=\u00bb1\/3&#8243;][vc_single_image image=\u00bb75&#8243; img_size=\u00bb300&#215;300&#8243; alignment=\u00bbcenter\u00bb][vc_column_text el_class=\u00bbcomite\u00bb css=\u00bb.vc_custom_1489059294247{margin-bottom: 50px !important;}\u00bb] Sus Majestades los Reyes de Espa\u00f1a D. Felipe VI y D\u00f1a. Letizia Ortiz Rocasolano Presidencia del Comit\u00e9 de Honor [\/vc_column_text][vc_column_text] D. Mariano Rajoy Brey Excmo. Sr. Presidente del Gobierno de Espa\u00f1a [\/vc_column_text][vc_column_text el_class=\u00bbcomite\u00bb] D. \u00cd\u00f1igo M\u00e9ndez de Vigo y Montojo Excmo. Sr. Ministro de Educaci\u00f3n,...","og_url":"https:\/\/www.ull.es\/portal\/225aniversario\/comite-de-honor\/","og_site_name":"225 Aniversario ULL","article_modified_time":"2017-03-27T11:24:24+00:00","twitter_card":"summary_large_image","twitter_misc":{"Tiempo de lectura":"2 minutos"},"schema":{"@context":"https:\/\/schema.org","@graph":[{"@type":"WebPage","@id":"https:\/\/www.ull.es\/portal\/225aniversario\/comite-de-honor\/","url":"https:\/\/www.ull.es\/portal\/225aniversario\/comite-de-honor\/","name":"Comit\u00e9 de Honor - 225 Aniversario ULL","isPartOf":{"@id":"https:\/\/www.ull.es\/portal\/225aniversario\/#website"},"datePublished":"2017-03-01T10:04:05+00:00","dateModified":"2017-03-27T11:24:24+00:00","breadcrumb":{"@id":"https:\/\/www.ull.es\/portal\/225aniversario\/comite-de-honor\/#breadcrumb"},"inLanguage":"es","potentialAction":[{"@type":"ReadAction","target":["https:\/\/www.ull.es\/portal\/225aniversario\/comite-de-honor\/"]}]},{"@type":"BreadcrumbList","@id":"https:\/\/www.ull.es\/portal\/225aniversario\/comite-de-honor\/#breadcrumb","itemListElement":[{"@type":"ListItem","position":1,"name":"Portada","item":"https:\/\/www.ull.es\/portal\/225aniversario\/"},{"@type":"ListItem","position":2,"name":"Comit\u00e9 de Honor"}]},{"@type":"WebSite","@id":"https:\/\/www.ull.es\/portal\/225aniversario\/#website","url":"https:\/\/www.ull.es\/portal\/225aniversario\/","name":"225 Aniversario ULL","description":"","potentialAction":[{"@type":"SearchAction","target":{"@type":"EntryPoint","urlTemplate":"https:\/\/www.ull.es\/portal\/225aniversario\/?s={search_term_string}"},"query-input":"required name=search_term_string"}],"inLanguage":"es"}]}},"_links":{"self":[{"href":"https:\/\/www.ull.es\/portal\/225aniversario\/wp-json\/wp\/v2\/pages\/41"}],"collection":[{"href":"https:\/\/www.ull.es\/portal\/225aniversario\/wp-json\/wp\/v2\/pages"}],"about":[{"href":"https:\/\/www.ull.es\/portal\/225aniversario\/wp-json\/wp\/v2\/types\/page"}],"author":[{"embeddable":true,"href":"https:\/\/www.ull.es\/portal\/225aniversario\/wp-json\/wp\/v2\/users\/1"}],"replies":[{"embeddable":true,"href":"https:\/\/www.ull.es\/portal\/225aniversario\/wp-json\/wp\/v2\/comments?post=41"}],"version-history":[{"count":27,"href":"https:\/\/www.ull.es\/portal\/225aniversario\/wp-json\/wp\/v2\/pages\/41\/revisions"}],"predecessor-version":[{"id":370,"href":"https:\/\/www.ull.es\/portal\/225aniversario\/wp-json\/wp\/v2\/pages\/41\/revisions\/370"}],"wp:attachment":[{"href":"https:\/\/www.ull.es\/portal\/225aniversario\/wp-json\/wp\/v2\/media?parent=41"}],"curies":[{"name":"wp","href":"https:\/\/api.w.org\/{rel}","templated":true}]}}