{"id":79,"date":"2017-03-06T12:11:10","date_gmt":"2017-03-06T12:11:10","guid":{"rendered":"https:\/\/www.ull.es\/portal\/225aniversario\/?page_id=79"},"modified":"2017-03-23T17:45:03","modified_gmt":"2017-03-23T17:45:03","slug":"inicio","status":"publish","type":"page","link":"https:\/\/www.ull.es\/portal\/225aniversario\/","title":{"rendered":"Inicio"},"content":{"rendered":"<p>[vc_row full_width=\u00bbstretch_row_content_no_spaces\u00bb][vc_column][rev_slider_vc alias=\u00bbinicio\u00bb][\/vc_column][\/vc_row][vc_row full_width=\u00bbstretch_row_content_no_spaces\u00bb css=\u00bb.vc_custom_1488448170256{padding-top: 20px !important;padding-bottom: 50px !important;background-color: #7a3b7a !important;}\u00bb][vc_column][vc_column_text]<\/p>\n<h1 style=\"text-align: center\"><span style=\"color: #ffffff\">Celebramos nuestro 225 aniversario<\/span><\/h1>\n<p style=\"text-align: center\"><span style=\"color: #ffffff\">En esta web encontrar\u00e1s toda la informaci\u00f3n relativa a esta efem\u00e9ride<\/span><\/p>\n<p>[\/vc_column_text][\/vc_column][\/vc_row]<\/p>\n","protected":false},"excerpt":{"rendered":"<p>[vc_row full_width=\u00bbstretch_row_content_no_spaces\u00bb][vc_column][rev_slider_vc alias=\u00bbinicio\u00bb][\/vc_column][\/vc_row][vc_row full_width=\u00bbstretch_row_content_no_spaces\u00bb css=\u00bb.vc_custom_1488448170256{padding-top: 20px !important;padding-bottom: 50px !important;background-color: #7a3b7a !important;}\u00bb][vc_column][vc_column_text] Celebramos nuestro 225 aniversario En esta web encontrar\u00e1s toda la informaci\u00f3n relativa a esta efem\u00e9ride [\/vc_column_text][\/vc_column][\/vc_row]<\/p>\n","protected":false},"author":1,"featured_media":0,"parent":0,"menu_order":0,"comment_status":"closed","ping_status":"closed","template":"templates\/template-frontpage.php","meta":{"inline_featured_image":false,"footnotes":""},"acf":[],"yoast_head":"<!-- This site is optimized with the Yoast SEO plugin v21.3 - https:\/\/yoast.com\/wordpress\/plugins\/seo\/ -->\n<title>Inicio - 225 Aniversario ULL<\/title>\n<meta name=\"robots\" content=\"index, follow, max-snippet:-1, max-image-preview:large, max-video-preview:-1\" \/>\n<link rel=\"canonical\" href=\"https:\/\/www.ull.es\/portal\/225aniversario\/\" \/>\n<meta property=\"og:locale\" content=\"es_ES\" \/>\n<meta property=\"og:type\" content=\"article\" \/>\n<meta property=\"og:title\" content=\"Inicio - 225 Aniversario ULL\" \/>\n<meta property=\"og:description\" content=\"[vc_row full_width=\u00bbstretch_row_content_no_spaces\u00bb][vc_column][rev_slider_vc alias=\u00bbinicio\u00bb][\/vc_column][\/vc_row][vc_row full_width=\u00bbstretch_row_content_no_spaces\u00bb css=\u00bb.vc_custom_1488448170256{padding-top: 20px !important;padding-bottom: 50px !important;background-color: #7a3b7a !important;}\u00bb][vc_column][vc_column_text] Celebramos nuestro 225 aniversario En esta web encontrar\u00e1s toda la informaci\u00f3n relativa a esta efem\u00e9ride [\/vc_column_text][\/vc_column][\/vc_row]\" \/>\n<meta property=\"og:url\" content=\"https:\/\/www.ull.es\/portal\/225aniversario\/\" \/>\n<meta property=\"og:site_name\" content=\"225 Aniversario ULL\" \/>\n<meta property=\"article:modified_time\" content=\"2017-03-23T17:45:03+00:00\" \/>\n<meta name=\"twitter:card\" content=\"summary_large_image\" \/>\n<script type=\"application\/ld+json\" class=\"yoast-schema-graph\">{\"@context\":\"https:\/\/schema.org\",\"@graph\":[{\"@type\":\"WebPage\",\"@id\":\"https:\/\/www.ull.es\/portal\/225aniversario\/\",\"url\":\"https:\/\/www.ull.es\/portal\/225aniversario\/\",\"name\":\"Inicio - 225 Aniversario ULL\",\"isPartOf\":{\"@id\":\"https:\/\/www.ull.es\/portal\/225aniversario\/#website\"},\"datePublished\":\"2017-03-06T12:11:10+00:00\",\"dateModified\":\"2017-03-23T17:45:03+00:00\",\"breadcrumb\":{\"@id\":\"https:\/\/www.ull.es\/portal\/225aniversario\/#breadcrumb\"},\"inLanguage\":\"es\",\"potentialAction\":[{\"@type\":\"ReadAction\",\"target\":[\"https:\/\/www.ull.es\/portal\/225aniversario\/\"]}]},{\"@type\":\"BreadcrumbList\",\"@id\":\"https:\/\/www.ull.es\/portal\/225aniversario\/#breadcrumb\",\"itemListElement\":[{\"@type\":\"ListItem\",\"position\":1,\"name\":\"Portada\",\"item\":\"https:\/\/www.ull.es\/portal\/225aniversario\/\"},{\"@type\":\"ListItem\",\"position\":2,\"name\":\"Inicio\"}]},{\"@type\":\"WebSite\",\"@id\":\"https:\/\/www.ull.es\/portal\/225aniversario\/#website\",\"url\":\"https:\/\/www.ull.es\/portal\/225aniversario\/\",\"name\":\"225 Aniversario ULL\",\"description\":\"\",\"potentialAction\":[{\"@type\":\"SearchAction\",\"target\":{\"@type\":\"EntryPoint\",\"urlTemplate\":\"https:\/\/www.ull.es\/portal\/225aniversario\/?s={search_term_string}\"},\"query-input\":\"required name=search_term_string\"}],\"inLanguage\":\"es\"}]}<\/script>\n<!-- \/ Yoast SEO plugin. -->","yoast_head_json":{"title":"Inicio - 225 Aniversario ULL","robots":{"index":"index","follow":"follow","max-snippet":"max-snippet:-1","max-image-preview":"max-image-preview:large","max-video-preview":"max-video-preview:-1"},"canonical":"https:\/\/www.ull.es\/portal\/225aniversario\/","og_locale":"es_ES","og_type":"article","og_title":"Inicio - 225 Aniversario ULL","og_description":"[vc_row full_width=\u00bbstretch_row_content_no_spaces\u00bb][vc_column][rev_slider_vc alias=\u00bbinicio\u00bb][\/vc_column][\/vc_row][vc_row full_width=\u00bbstretch_row_content_no_spaces\u00bb css=\u00bb.vc_custom_1488448170256{padding-top: 20px !important;padding-bottom: 50px !important;background-color: #7a3b7a !important;}\u00bb][vc_column][vc_column_text] Celebramos nuestro 225 aniversario En esta web encontrar\u00e1s toda la informaci\u00f3n relativa a esta efem\u00e9ride [\/vc_column_text][\/vc_column][\/vc_row]","og_url":"https:\/\/www.ull.es\/portal\/225aniversario\/","og_site_name":"225 Aniversario ULL","article_modified_time":"2017-03-23T17:45:03+00:00","twitter_card":"summary_large_image","schema":{"@context":"https:\/\/schema.org","@graph":[{"@type":"WebPage","@id":"https:\/\/www.ull.es\/portal\/225aniversario\/","url":"https:\/\/www.ull.es\/portal\/225aniversario\/","name":"Inicio - 225 Aniversario ULL","isPartOf":{"@id":"https:\/\/www.ull.es\/portal\/225aniversario\/#website"},"datePublished":"2017-03-06T12:11:10+00:00","dateModified":"2017-03-23T17:45:03+00:00","breadcrumb":{"@id":"https:\/\/www.ull.es\/portal\/225aniversario\/#breadcrumb"},"inLanguage":"es","potentialAction":[{"@type":"ReadAction","target":["https:\/\/www.ull.es\/portal\/225aniversario\/"]}]},{"@type":"BreadcrumbList","@id":"https:\/\/www.ull.es\/portal\/225aniversario\/#breadcrumb","itemListElement":[{"@type":"ListItem","position":1,"name":"Portada","item":"https:\/\/www.ull.es\/portal\/225aniversario\/"},{"@type":"ListItem","position":2,"name":"Inicio"}]},{"@type":"WebSite","@id":"https:\/\/www.ull.es\/portal\/225aniversario\/#website","url":"https:\/\/www.ull.es\/portal\/225aniversario\/","name":"225 Aniversario ULL","description":"","potentialAction":[{"@type":"SearchAction","target":{"@type":"EntryPoint","urlTemplate":"https:\/\/www.ull.es\/portal\/225aniversario\/?s={search_term_string}"},"query-input":"required name=search_term_string"}],"inLanguage":"es"}]}},"_links":{"self":[{"href":"https:\/\/www.ull.es\/portal\/225aniversario\/wp-json\/wp\/v2\/pages\/79"}],"collection":[{"href":"https:\/\/www.ull.es\/portal\/225aniversario\/wp-json\/wp\/v2\/pages"}],"about":[{"href":"https:\/\/www.ull.es\/portal\/225aniversario\/wp-json\/wp\/v2\/types\/page"}],"author":[{"embeddable":true,"href":"https:\/\/www.ull.es\/portal\/225aniversario\/wp-json\/wp\/v2\/users\/1"}],"replies":[{"embeddable":true,"href":"https:\/\/www.ull.es\/portal\/225aniversario\/wp-json\/wp\/v2\/comments?post=79"}],"version-history":[{"count":19,"href":"https:\/\/www.ull.es\/portal\/225aniversario\/wp-json\/wp\/v2\/pages\/79\/revisions"}],"predecessor-version":[{"id":350,"href":"https:\/\/www.ull.es\/portal\/225aniversario\/wp-json\/wp\/v2\/pages\/79\/revisions\/350"}],"wp:attachment":[{"href":"https:\/\/www.ull.es\/portal\/225aniversario\/wp-json\/wp\/v2\/media?parent=79"}],"curies":[{"name":"wp","href":"https:\/\/api.w.org\/{rel}","templated":true}]}}