{"id":82,"date":"2017-03-06T12:57:12","date_gmt":"2017-03-06T12:57:12","guid":{"rendered":"https:\/\/www.ull.es\/portal\/225aniversario\/?page_id=82"},"modified":"2017-03-13T10:15:18","modified_gmt":"2017-03-13T10:15:18","slug":"comite-organizador","status":"publish","type":"page","link":"https:\/\/www.ull.es\/portal\/225aniversario\/comite-organizador\/","title":{"rendered":"Comit\u00e9 Organizador"},"content":{"rendered":"<p>[vc_row][vc_column width=\u00bb1\/4&#8243;][\/vc_column][vc_column width=\u00bb1\/2&#8243;][vc_column_text el_class=\u00bbcomite\u00bb]<\/p>\n<p class=\"componente-comite\">Dra. Mar\u00eda Luisa Tejedor Salguero<\/p>\n<p class=\"cargo-comite\">Rectora Magfca. de la Universidad de La Laguna (1990-1995)<\/p>\n<p class=\"cargo-comite\">Catedr\u00e1tica de Universidad. \u00c1rea de Edafolog\u00eda y Qu\u00edmica Agr\u00edcola<\/p>\n<p class=\"componente-comite\">Dra. Dulce Mar\u00eda Cair\u00f3s Barreto<\/p>\n<p class=\"cargo-comite\">Secretaria General Universidad de La Laguna<\/p>\n<p class=\"componente-comite\">Dra. Dulce Mar\u00eda Gonz\u00e1lez Doreste<\/p>\n<p class=\"cargo-comite\">Asesora del Rector en Pol\u00edticas de Igualdad y Relaciones Institucionales<\/p>\n<p class=\"cargo-comite\">Catedr\u00e1tica de Universidad. \u00c1rea de Filolog\u00eda Francesa<\/p>\n<p class=\"componente-comite\">Dr. Bernardo Hern\u00e1ndez Ruiz<\/p>\n<p class=\"cargo-comite\">Catedr\u00e1tico de Universidad. \u00c1rea de Psicolog\u00eda Social<\/p>\n<p class=\"componente-comite\">Dr. Javier Medina L\u00f3pez<\/p>\n<p class=\"cargo-comite\">Catedr\u00e1tico de Universidad. \u00c1rea de Lengua Espa\u00f1ola<\/p>\n<p class=\"componente-comite\">Dr. Rodrigo Francisco Trujillo Gonz\u00e1lez<\/p>\n<p class=\"cargo-comite\">Profesor Titular de Universidad. \u00c1rea de An\u00e1lisis Matem\u00e1tico<\/p>\n<p class=\"componente-comite\">Dra. Carmen Pitti Garc\u00eda<\/p>\n<p class=\"cargo-comite\">Presidenta de Alumni ULL<\/p>\n<p class=\"componente-comite\">Sra. Mar\u00eda Candelaria Concepci\u00f3n Batista<\/p>\n<p class=\"cargo-comite\">Jefa de Negociado del Rectorado<\/p>\n<p>[\/vc_column_text][\/vc_column][vc_column width=\u00bb1\/4&#8243;][\/vc_column][\/vc_row]<\/p>\n","protected":false},"excerpt":{"rendered":"<p>[vc_row][vc_column width=\u00bb1\/4&#8243;][\/vc_column][vc_column width=\u00bb1\/2&#8243;][vc_column_text el_class=\u00bbcomite\u00bb] Dra. Mar\u00eda Luisa Tejedor Salguero Rectora Magfca. de la Universidad de La Laguna (1990-1995) Catedr\u00e1tica de Universidad. \u00c1rea de Edafolog\u00eda y Qu\u00edmica Agr\u00edcola Dra. Dulce Mar\u00eda Cair\u00f3s Barreto Secretaria General Universidad de La Laguna Dra. Dulce Mar\u00eda Gonz\u00e1lez Doreste Asesora del Rector en Pol\u00edticas de Igualdad y Relaciones Institucionales Catedr\u00e1tica de&#8230;<\/p>\n","protected":false},"author":1,"featured_media":0,"parent":0,"menu_order":0,"comment_status":"closed","ping_status":"closed","template":"templates\/template-aniversario.php","meta":{"inline_featured_image":false,"footnotes":""},"acf":[],"yoast_head":"<!-- This site is optimized with the Yoast SEO plugin v21.3 - https:\/\/yoast.com\/wordpress\/plugins\/seo\/ -->\n<title>Comit\u00e9 Organizador - 225 Aniversario ULL<\/title>\n<meta name=\"robots\" content=\"index, follow, max-snippet:-1, max-image-preview:large, max-video-preview:-1\" \/>\n<link rel=\"canonical\" href=\"https:\/\/www.ull.es\/portal\/225aniversario\/comite-organizador\/\" \/>\n<meta property=\"og:locale\" content=\"es_ES\" \/>\n<meta property=\"og:type\" content=\"article\" \/>\n<meta property=\"og:title\" content=\"Comit\u00e9 Organizador - 225 Aniversario ULL\" \/>\n<meta property=\"og:description\" content=\"[vc_row][vc_column width=\u00bb1\/4&#8243;][\/vc_column][vc_column width=\u00bb1\/2&#8243;][vc_column_text el_class=\u00bbcomite\u00bb] Dra. Mar\u00eda Luisa Tejedor Salguero Rectora Magfca. de la Universidad de La Laguna (1990-1995) Catedr\u00e1tica de Universidad. \u00c1rea de Edafolog\u00eda y Qu\u00edmica Agr\u00edcola Dra. Dulce Mar\u00eda Cair\u00f3s Barreto Secretaria General Universidad de La Laguna Dra. Dulce Mar\u00eda Gonz\u00e1lez Doreste Asesora del Rector en Pol\u00edticas de Igualdad y Relaciones Institucionales Catedr\u00e1tica de...\" \/>\n<meta property=\"og:url\" content=\"https:\/\/www.ull.es\/portal\/225aniversario\/comite-organizador\/\" \/>\n<meta property=\"og:site_name\" content=\"225 Aniversario ULL\" \/>\n<meta property=\"article:modified_time\" content=\"2017-03-13T10:15:18+00:00\" \/>\n<meta name=\"twitter:card\" content=\"summary_large_image\" \/>\n<meta name=\"twitter:label1\" content=\"Tiempo de lectura\" \/>\n\t<meta name=\"twitter:data1\" content=\"1 minuto\" \/>\n<script type=\"application\/ld+json\" class=\"yoast-schema-graph\">{\"@context\":\"https:\/\/schema.org\",\"@graph\":[{\"@type\":\"WebPage\",\"@id\":\"https:\/\/www.ull.es\/portal\/225aniversario\/comite-organizador\/\",\"url\":\"https:\/\/www.ull.es\/portal\/225aniversario\/comite-organizador\/\",\"name\":\"Comit\u00e9 Organizador - 225 Aniversario ULL\",\"isPartOf\":{\"@id\":\"https:\/\/www.ull.es\/portal\/225aniversario\/#website\"},\"datePublished\":\"2017-03-06T12:57:12+00:00\",\"dateModified\":\"2017-03-13T10:15:18+00:00\",\"breadcrumb\":{\"@id\":\"https:\/\/www.ull.es\/portal\/225aniversario\/comite-organizador\/#breadcrumb\"},\"inLanguage\":\"es\",\"potentialAction\":[{\"@type\":\"ReadAction\",\"target\":[\"https:\/\/www.ull.es\/portal\/225aniversario\/comite-organizador\/\"]}]},{\"@type\":\"BreadcrumbList\",\"@id\":\"https:\/\/www.ull.es\/portal\/225aniversario\/comite-organizador\/#breadcrumb\",\"itemListElement\":[{\"@type\":\"ListItem\",\"position\":1,\"name\":\"Portada\",\"item\":\"https:\/\/www.ull.es\/portal\/225aniversario\/\"},{\"@type\":\"ListItem\",\"position\":2,\"name\":\"Comit\u00e9 Organizador\"}]},{\"@type\":\"WebSite\",\"@id\":\"https:\/\/www.ull.es\/portal\/225aniversario\/#website\",\"url\":\"https:\/\/www.ull.es\/portal\/225aniversario\/\",\"name\":\"225 Aniversario ULL\",\"description\":\"\",\"potentialAction\":[{\"@type\":\"SearchAction\",\"target\":{\"@type\":\"EntryPoint\",\"urlTemplate\":\"https:\/\/www.ull.es\/portal\/225aniversario\/?s={search_term_string}\"},\"query-input\":\"required name=search_term_string\"}],\"inLanguage\":\"es\"}]}<\/script>\n<!-- \/ Yoast SEO plugin. -->","yoast_head_json":{"title":"Comit\u00e9 Organizador - 225 Aniversario ULL","robots":{"index":"index","follow":"follow","max-snippet":"max-snippet:-1","max-image-preview":"max-image-preview:large","max-video-preview":"max-video-preview:-1"},"canonical":"https:\/\/www.ull.es\/portal\/225aniversario\/comite-organizador\/","og_locale":"es_ES","og_type":"article","og_title":"Comit\u00e9 Organizador - 225 Aniversario ULL","og_description":"[vc_row][vc_column width=\u00bb1\/4&#8243;][\/vc_column][vc_column width=\u00bb1\/2&#8243;][vc_column_text el_class=\u00bbcomite\u00bb] Dra. Mar\u00eda Luisa Tejedor Salguero Rectora Magfca. de la Universidad de La Laguna (1990-1995) Catedr\u00e1tica de Universidad. \u00c1rea de Edafolog\u00eda y Qu\u00edmica Agr\u00edcola Dra. Dulce Mar\u00eda Cair\u00f3s Barreto Secretaria General Universidad de La Laguna Dra. Dulce Mar\u00eda Gonz\u00e1lez Doreste Asesora del Rector en Pol\u00edticas de Igualdad y Relaciones Institucionales Catedr\u00e1tica de...","og_url":"https:\/\/www.ull.es\/portal\/225aniversario\/comite-organizador\/","og_site_name":"225 Aniversario ULL","article_modified_time":"2017-03-13T10:15:18+00:00","twitter_card":"summary_large_image","twitter_misc":{"Tiempo de lectura":"1 minuto"},"schema":{"@context":"https:\/\/schema.org","@graph":[{"@type":"WebPage","@id":"https:\/\/www.ull.es\/portal\/225aniversario\/comite-organizador\/","url":"https:\/\/www.ull.es\/portal\/225aniversario\/comite-organizador\/","name":"Comit\u00e9 Organizador - 225 Aniversario ULL","isPartOf":{"@id":"https:\/\/www.ull.es\/portal\/225aniversario\/#website"},"datePublished":"2017-03-06T12:57:12+00:00","dateModified":"2017-03-13T10:15:18+00:00","breadcrumb":{"@id":"https:\/\/www.ull.es\/portal\/225aniversario\/comite-organizador\/#breadcrumb"},"inLanguage":"es","potentialAction":[{"@type":"ReadAction","target":["https:\/\/www.ull.es\/portal\/225aniversario\/comite-organizador\/"]}]},{"@type":"BreadcrumbList","@id":"https:\/\/www.ull.es\/portal\/225aniversario\/comite-organizador\/#breadcrumb","itemListElement":[{"@type":"ListItem","position":1,"name":"Portada","item":"https:\/\/www.ull.es\/portal\/225aniversario\/"},{"@type":"ListItem","position":2,"name":"Comit\u00e9 Organizador"}]},{"@type":"WebSite","@id":"https:\/\/www.ull.es\/portal\/225aniversario\/#website","url":"https:\/\/www.ull.es\/portal\/225aniversario\/","name":"225 Aniversario ULL","description":"","potentialAction":[{"@type":"SearchAction","target":{"@type":"EntryPoint","urlTemplate":"https:\/\/www.ull.es\/portal\/225aniversario\/?s={search_term_string}"},"query-input":"required name=search_term_string"}],"inLanguage":"es"}]}},"_links":{"self":[{"href":"https:\/\/www.ull.es\/portal\/225aniversario\/wp-json\/wp\/v2\/pages\/82"}],"collection":[{"href":"https:\/\/www.ull.es\/portal\/225aniversario\/wp-json\/wp\/v2\/pages"}],"about":[{"href":"https:\/\/www.ull.es\/portal\/225aniversario\/wp-json\/wp\/v2\/types\/page"}],"author":[{"embeddable":true,"href":"https:\/\/www.ull.es\/portal\/225aniversario\/wp-json\/wp\/v2\/users\/1"}],"replies":[{"embeddable":true,"href":"https:\/\/www.ull.es\/portal\/225aniversario\/wp-json\/wp\/v2\/comments?post=82"}],"version-history":[{"count":10,"href":"https:\/\/www.ull.es\/portal\/225aniversario\/wp-json\/wp\/v2\/pages\/82\/revisions"}],"predecessor-version":[{"id":271,"href":"https:\/\/www.ull.es\/portal\/225aniversario\/wp-json\/wp\/v2\/pages\/82\/revisions\/271"}],"wp:attachment":[{"href":"https:\/\/www.ull.es\/portal\/225aniversario\/wp-json\/wp\/v2\/media?parent=82"}],"curies":[{"name":"wp","href":"https:\/\/api.w.org\/{rel}","templated":true}]}}