{"id":141,"date":"2017-01-16T10:53:12","date_gmt":"2017-01-16T10:53:12","guid":{"rendered":"https:\/\/www.ull.es\/portal\/agenda\/?page_id=141"},"modified":"2022-05-09T11:01:34","modified_gmt":"2022-05-09T11:01:34","slug":"gestor-eventos","status":"publish","type":"page","link":"https:\/\/www.ull.es\/portal\/agenda\/gestor-eventos\/","title":{"rendered":"Gestor de eventos"},"content":{"rendered":"<p>[vc_row][vc_column width=\u00bb2\/3&#8243;][vc_column_text]<\/p>\n<h1>Gestor de eventos<\/h1>\n<p>[\/vc_column_text][vc_column_text]La Web de Eventos es una herramienta externa asociada a la ULL, que permite a los usuarios crear p\u00e1ginas web propias con seminarios, congresos o actividades de gran envergadura que tengan relaci\u00f3n con la Universidad de La Laguna. Si desea crear una web para su evento, el protocolo es el siguiente:<\/p>\n<ul>\n<li>Cumplimentar el siguiente\u00a0<a href=\"https:\/\/docs.google.com\/forms\/d\/e\/1FAIpQLSdZQM6H6vjAZLxZEjQnvkR2gRDkTw6747PpTzJXLU1piXd_xg\/viewform\" target=\"_blank\" rel=\"noopener\">formulario.<\/a><\/li>\n<li>El Gabinete de Comunicaci\u00f3n generar\u00e1 la web del evento en la plataforma y ceder\u00e1 el control a la persona especificada en el formulario (direcci\u00f3n de correo electr\u00f3nico institucional).<\/li>\n<li>Recibir\u00e1 un email para aceptar el control del evento.<\/li>\n<li>La web de su evento estar\u00e1 disponible en la plataforma\u00a0<a href=\"http:\/\/eventos.ull.es\/\" target=\"_blank\" rel=\"noopener noreferrer\" target=\"_blank\" rel=\"noopener\">eventos.ull.es<\/a>\u00a0en la pesta\u00f1a \u201cpanel de organizador\u201d.<\/li>\n<li>V\u00e9anse, a modo de ejemplo, los\u00a0<a href=\"http:\/\/eventos.ull.es\/\" target=\"_blank\" rel=\"noopener\">pr\u00f3ximos congresos, jornadas o seminarios<\/a>\u00a0publicados en la plataforma.<\/li>\n<\/ul>\n<p>[\/vc_column_text][vc_empty_space height=\u00bb20&#8243;][vc_btn title=\u00bbGestor de eventos\u00bb color=\u00bbprimary\u00bb align=\u00bbcenter\u00bb i_align=\u00bbright\u00bb i_icon_fontawesome=\u00bb\u00bb add_icon=\u00bbtrue\u00bb link=\u00bburl:https%3A%2F%2Feventos.ull.es%2F|title:Gestor%20de%20eventos\u00bb][\/vc_column][vc_column width=\u00bb1\/3&#8243;][vc_single_image image=\u00bb24508&#8243; img_size=\u00bbfull\u00bb alignment=\u00bbcenter\u00bb][\/vc_column][\/vc_row]<\/p>\n","protected":false},"excerpt":{"rendered":"<p>[vc_row][vc_column width=\u00bb2\/3&#8243;][vc_column_text] Gestor de eventos [\/vc_column_text][vc_column_text]La Web de Eventos es una herramienta externa asociada a la ULL, que permite a los usuarios crear p\u00e1ginas web propias con seminarios, congresos o actividades de gran envergadura que tengan relaci\u00f3n con la Universidad de La Laguna. Si desea crear una web para su evento, el protocolo es el&#8230;<\/p>\n","protected":false},"author":1,"featured_media":0,"parent":0,"menu_order":0,"comment_status":"closed","ping_status":"closed","template":"","meta":{"inline_featured_image":false,"footnotes":""},"acf":[],"yoast_head":"<!-- This site is optimized with the Yoast SEO plugin v21.3 - https:\/\/yoast.com\/wordpress\/plugins\/seo\/ -->\n<title>Gestor de eventos - ULL - Agenda<\/title>\n<meta name=\"robots\" content=\"index, follow, max-snippet:-1, max-image-preview:large, max-video-preview:-1\" \/>\n<link rel=\"canonical\" href=\"https:\/\/www.ull.es\/portal\/agenda\/gestor-eventos\/\" \/>\n<meta property=\"og:locale\" content=\"es_ES\" \/>\n<meta property=\"og:type\" content=\"article\" \/>\n<meta property=\"og:title\" content=\"Gestor de eventos - ULL - Agenda\" \/>\n<meta property=\"og:description\" content=\"[vc_row][vc_column width=\u00bb2\/3&#8243;][vc_column_text] Gestor de eventos [\/vc_column_text][vc_column_text]La Web de Eventos es una herramienta externa asociada a la ULL, que permite a los usuarios crear p\u00e1ginas web propias con seminarios, congresos o actividades de gran envergadura que tengan relaci\u00f3n con la Universidad de La Laguna. Si desea crear una web para su evento, el protocolo es el...\" \/>\n<meta property=\"og:url\" content=\"https:\/\/www.ull.es\/portal\/agenda\/gestor-eventos\/\" \/>\n<meta property=\"og:site_name\" content=\"ULL - Agenda\" \/>\n<meta property=\"article:modified_time\" content=\"2022-05-09T11:01:34+00:00\" \/>\n<meta name=\"twitter:card\" content=\"summary_large_image\" \/>\n<meta name=\"twitter:label1\" content=\"Tiempo de lectura\" \/>\n\t<meta name=\"twitter:data1\" content=\"1 minuto\" \/>\n<script type=\"application\/ld+json\" class=\"yoast-schema-graph\">{\"@context\":\"https:\/\/schema.org\",\"@graph\":[{\"@type\":\"WebPage\",\"@id\":\"https:\/\/www.ull.es\/portal\/agenda\/gestor-eventos\/\",\"url\":\"https:\/\/www.ull.es\/portal\/agenda\/gestor-eventos\/\",\"name\":\"Gestor de eventos - ULL - Agenda\",\"isPartOf\":{\"@id\":\"https:\/\/www.ull.es\/portal\/agenda\/#website\"},\"datePublished\":\"2017-01-16T10:53:12+00:00\",\"dateModified\":\"2022-05-09T11:01:34+00:00\",\"inLanguage\":\"es\",\"potentialAction\":[{\"@type\":\"ReadAction\",\"target\":[\"https:\/\/www.ull.es\/portal\/agenda\/gestor-eventos\/\"]}]},{\"@type\":\"WebSite\",\"@id\":\"https:\/\/www.ull.es\/portal\/agenda\/#website\",\"url\":\"https:\/\/www.ull.es\/portal\/agenda\/\",\"name\":\"ULL - Agenda\",\"description\":\"\",\"potentialAction\":[{\"@type\":\"SearchAction\",\"target\":{\"@type\":\"EntryPoint\",\"urlTemplate\":\"https:\/\/www.ull.es\/portal\/agenda\/?s={search_term_string}\"},\"query-input\":\"required name=search_term_string\"}],\"inLanguage\":\"es\"}]}<\/script>\n<!-- \/ Yoast SEO plugin. -->","yoast_head_json":{"title":"Gestor de eventos - ULL - Agenda","robots":{"index":"index","follow":"follow","max-snippet":"max-snippet:-1","max-image-preview":"max-image-preview:large","max-video-preview":"max-video-preview:-1"},"canonical":"https:\/\/www.ull.es\/portal\/agenda\/gestor-eventos\/","og_locale":"es_ES","og_type":"article","og_title":"Gestor de eventos - ULL - Agenda","og_description":"[vc_row][vc_column width=\u00bb2\/3&#8243;][vc_column_text] Gestor de eventos [\/vc_column_text][vc_column_text]La Web de Eventos es una herramienta externa asociada a la ULL, que permite a los usuarios crear p\u00e1ginas web propias con seminarios, congresos o actividades de gran envergadura que tengan relaci\u00f3n con la Universidad de La Laguna. Si desea crear una web para su evento, el protocolo es el...","og_url":"https:\/\/www.ull.es\/portal\/agenda\/gestor-eventos\/","og_site_name":"ULL - Agenda","article_modified_time":"2022-05-09T11:01:34+00:00","twitter_card":"summary_large_image","twitter_misc":{"Tiempo de lectura":"1 minuto"},"schema":{"@context":"https:\/\/schema.org","@graph":[{"@type":"WebPage","@id":"https:\/\/www.ull.es\/portal\/agenda\/gestor-eventos\/","url":"https:\/\/www.ull.es\/portal\/agenda\/gestor-eventos\/","name":"Gestor de eventos - ULL - Agenda","isPartOf":{"@id":"https:\/\/www.ull.es\/portal\/agenda\/#website"},"datePublished":"2017-01-16T10:53:12+00:00","dateModified":"2022-05-09T11:01:34+00:00","inLanguage":"es","potentialAction":[{"@type":"ReadAction","target":["https:\/\/www.ull.es\/portal\/agenda\/gestor-eventos\/"]}]},{"@type":"WebSite","@id":"https:\/\/www.ull.es\/portal\/agenda\/#website","url":"https:\/\/www.ull.es\/portal\/agenda\/","name":"ULL - Agenda","description":"","potentialAction":[{"@type":"SearchAction","target":{"@type":"EntryPoint","urlTemplate":"https:\/\/www.ull.es\/portal\/agenda\/?s={search_term_string}"},"query-input":"required name=search_term_string"}],"inLanguage":"es"}]}},"_links":{"self":[{"href":"https:\/\/www.ull.es\/portal\/agenda\/wp-json\/wp\/v2\/pages\/141"}],"collection":[{"href":"https:\/\/www.ull.es\/portal\/agenda\/wp-json\/wp\/v2\/pages"}],"about":[{"href":"https:\/\/www.ull.es\/portal\/agenda\/wp-json\/wp\/v2\/types\/page"}],"author":[{"embeddable":true,"href":"https:\/\/www.ull.es\/portal\/agenda\/wp-json\/wp\/v2\/users\/1"}],"replies":[{"embeddable":true,"href":"https:\/\/www.ull.es\/portal\/agenda\/wp-json\/wp\/v2\/comments?post=141"}],"version-history":[{"count":19,"href":"https:\/\/www.ull.es\/portal\/agenda\/wp-json\/wp\/v2\/pages\/141\/revisions"}],"predecessor-version":[{"id":24509,"href":"https:\/\/www.ull.es\/portal\/agenda\/wp-json\/wp\/v2\/pages\/141\/revisions\/24509"}],"wp:attachment":[{"href":"https:\/\/www.ull.es\/portal\/agenda\/wp-json\/wp\/v2\/media?parent=141"}],"curies":[{"name":"wp","href":"https:\/\/api.w.org\/{rel}","templated":true}]}}