{"id":1149,"date":"2025-07-15T08:33:47","date_gmt":"2025-07-15T08:33:47","guid":{"rendered":"https:\/\/www.ull.es\/portal\/aprendizajeservicio\/?page_id=1149"},"modified":"2025-07-15T08:34:06","modified_gmt":"2025-07-15T08:34:06","slug":"iv-jornadas-aps-2024-2025","status":"publish","type":"page","link":"https:\/\/www.ull.es\/portal\/aprendizajeservicio\/iv-jornadas-aps-2024-2025\/","title":{"rendered":"IV Jornadas ApS 2024\/2025"},"content":{"rendered":"\t\t<div data-elementor-type=\"wp-page\" data-elementor-id=\"1149\" class=\"elementor elementor-1149\">\n\t\t\t\t\t\t\t\t\t<section class=\"elementor-section elementor-top-section elementor-element elementor-element-4a92936 elementor-section-boxed elementor-section-height-default elementor-section-height-default\" data-id=\"4a92936\" data-element_type=\"section\">\n\t\t\t\t\t\t<div class=\"elementor-container elementor-column-gap-default\">\n\t\t\t\t\t<div class=\"elementor-column elementor-col-100 elementor-top-column elementor-element elementor-element-90a2d96\" data-id=\"90a2d96\" data-element_type=\"column\">\n\t\t\t<div class=\"elementor-widget-wrap elementor-element-populated\">\n\t\t\t\t\t\t\t\t<div class=\"elementor-element elementor-element-5b243fc elementor-widget elementor-widget-heading\" data-id=\"5b243fc\" data-element_type=\"widget\" data-widget_type=\"heading.default\">\n\t\t\t\t<div class=\"elementor-widget-container\">\n\t\t\t<style>\/*! elementor - v3.9.2 - 21-12-2022 *\/\n.elementor-heading-title{padding:0;margin:0;line-height:1}.elementor-widget-heading .elementor-heading-title[class*=elementor-size-]>a{color:inherit;font-size:inherit;line-height:inherit}.elementor-widget-heading .elementor-heading-title.elementor-size-small{font-size:15px}.elementor-widget-heading .elementor-heading-title.elementor-size-medium{font-size:19px}.elementor-widget-heading .elementor-heading-title.elementor-size-large{font-size:29px}.elementor-widget-heading .elementor-heading-title.elementor-size-xl{font-size:39px}.elementor-widget-heading .elementor-heading-title.elementor-size-xxl{font-size:59px}<\/style><h2 class=\"elementor-heading-title elementor-size-default\">IV Jornadas de Aprendizaje-Servicio<br><br>ULL-Cabildo de Tenerife   <br><\/h2>\t\t<\/div>\n\t\t\t\t<\/div>\n\t\t\t\t\t<\/div>\n\t\t<\/div>\n\t\t\t\t\t\t\t<\/div>\n\t\t<\/section>\n\t\t\t\t<section class=\"elementor-section elementor-top-section elementor-element elementor-element-4364d6e elementor-section-boxed elementor-section-height-default elementor-section-height-default\" data-id=\"4364d6e\" data-element_type=\"section\">\n\t\t\t\t\t\t<div class=\"elementor-container elementor-column-gap-default\">\n\t\t\t\t\t<div class=\"elementor-column elementor-col-100 elementor-top-column elementor-element elementor-element-083c413\" data-id=\"083c413\" data-element_type=\"column\">\n\t\t\t<div class=\"elementor-widget-wrap elementor-element-populated\">\n\t\t\t\t\t\t\t\t<div class=\"elementor-element elementor-element-0fcaac8 elementor-widget elementor-widget-image\" data-id=\"0fcaac8\" data-element_type=\"widget\" data-widget_type=\"image.default\">\n\t\t\t\t<div class=\"elementor-widget-container\">\n\t\t\t<style>\/*! elementor - v3.9.2 - 21-12-2022 *\/\n.elementor-widget-image{text-align:center}.elementor-widget-image a{display:inline-block}.elementor-widget-image a img[src$=\".svg\"]{width:48px}.elementor-widget-image img{vertical-align:middle;display:inline-block}<\/style>\t\t\t\t\t\t\t\t\t\t\t\t<img decoding=\"async\" loading=\"lazy\" width=\"1024\" height=\"473\" src=\"https:\/\/www.ull.es\/portal\/aprendizajeservicio\/wp-content\/uploads\/sites\/48\/2025\/07\/20250613_1119440-1-1024x473.jpg\" class=\"attachment-large size-large wp-image-1150\" alt=\"\" srcset=\"https:\/\/www.ull.es\/portal\/aprendizajeservicio\/wp-content\/uploads\/sites\/48\/2025\/07\/20250613_1119440-1-1024x473.jpg 1024w, https:\/\/www.ull.es\/portal\/aprendizajeservicio\/wp-content\/uploads\/sites\/48\/2025\/07\/20250613_1119440-1-300x139.jpg 300w, https:\/\/www.ull.es\/portal\/aprendizajeservicio\/wp-content\/uploads\/sites\/48\/2025\/07\/20250613_1119440-1-768x355.jpg 768w, https:\/\/www.ull.es\/portal\/aprendizajeservicio\/wp-content\/uploads\/sites\/48\/2025\/07\/20250613_1119440-1-1536x709.jpg 1536w, https:\/\/www.ull.es\/portal\/aprendizajeservicio\/wp-content\/uploads\/sites\/48\/2025\/07\/20250613_1119440-1-375x173.jpg 375w, https:\/\/www.ull.es\/portal\/aprendizajeservicio\/wp-content\/uploads\/sites\/48\/2025\/07\/20250613_1119440-1-750x346.jpg 750w, https:\/\/www.ull.es\/portal\/aprendizajeservicio\/wp-content\/uploads\/sites\/48\/2025\/07\/20250613_1119440-1-1140x527.jpg 1140w, https:\/\/www.ull.es\/portal\/aprendizajeservicio\/wp-content\/uploads\/sites\/48\/2025\/07\/20250613_1119440-1.jpg 1600w\" sizes=\"(max-width: 1024px) 100vw, 1024px\" \/>\t\t\t\t\t\t\t\t\t\t\t\t\t\t\t<\/div>\n\t\t\t\t<\/div>\n\t\t\t\t\t<\/div>\n\t\t<\/div>\n\t\t\t\t\t\t\t<\/div>\n\t\t<\/section>\n\t\t\t\t<section class=\"elementor-section elementor-top-section elementor-element elementor-element-d146d94 elementor-section-boxed elementor-section-height-default elementor-section-height-default\" data-id=\"d146d94\" data-element_type=\"section\">\n\t\t\t\t\t\t<div class=\"elementor-container elementor-column-gap-default\">\n\t\t\t\t\t<div class=\"elementor-column elementor-col-100 elementor-top-column elementor-element elementor-element-a5453d4\" data-id=\"a5453d4\" data-element_type=\"column\">\n\t\t\t<div class=\"elementor-widget-wrap elementor-element-populated\">\n\t\t\t\t\t\t\t\t<div class=\"elementor-element elementor-element-4ffcbe6 elementor-widget elementor-widget-text-editor\" data-id=\"4ffcbe6\" data-element_type=\"widget\" data-widget_type=\"text-editor.default\">\n\t\t\t\t<div class=\"elementor-widget-container\">\n\t\t\t<style>\/*! elementor - v3.9.2 - 21-12-2022 *\/\n.elementor-widget-text-editor.elementor-drop-cap-view-stacked .elementor-drop-cap{background-color:#818a91;color:#fff}.elementor-widget-text-editor.elementor-drop-cap-view-framed .elementor-drop-cap{color:#818a91;border:3px solid;background-color:transparent}.elementor-widget-text-editor:not(.elementor-drop-cap-view-default) .elementor-drop-cap{margin-top:8px}.elementor-widget-text-editor:not(.elementor-drop-cap-view-default) .elementor-drop-cap-letter{width:1em;height:1em}.elementor-widget-text-editor .elementor-drop-cap{float:left;text-align:center;line-height:1;font-size:50px}.elementor-widget-text-editor .elementor-drop-cap-letter{display:inline-block}<\/style>\t\t\t\t<p>La sostenibilidad siempre ha ido ligada a la idea de medioambiente y al color verde, pero puede tambi\u00e9n tener su foco en todo tipo de actividades, como el aprendizaje y la mejora de las comunidades y del planeta. Este ha sido el nudo gordiano de las IV Jornadas de Aprendizaje Servicio de la Universidad de La Laguna, celebradas hoy en el campus de Guajara.<\/p><p>El rector de la Universidad de La Laguna, Francisco Garc\u00eda, ha sido el encargado de inaugurar las jornadas en las que ha estado acompa\u00f1ado por Efra\u00edn Medina, consejero de Empleo, Educaci\u00f3n y Juventud del Cabildo de Tenerife; Yolanda Ortega, presidenta de la Asociaci\u00f3n de Aprendizaje Servicio de Canarias y Mar\u00eda Auxiliadora Gabino, directora acad\u00e9mica de este programa en la Universidad de La Laguna.<\/p><p>\u201cEl programa de aprendizaje servicio es un ejemplo de la colaboraci\u00f3n constante entre ambas entidades, Cabildo y Universidad\u201d, destac\u00f3 el rector, quien resalt\u00f3 que este programa afecta a diferentes niveles educativos que se relacionan a su vez con el tercer sector. \u201cEs un modelo magn\u00edfico en el que el alumnado aprende de manera pr\u00e1ctica, colaborando con la sociedad y resolviendo retos\u201d, a\u00f1adi\u00f3.<\/p><p>Efra\u00edn Medina, por su parte, sostuvo que esta iniciativa es fundamental para el desarrollo comunitario de la isla, \u201cporque hoy m\u00e1s que nunca la comunidad necesita esta responsabilidad social del estudiantado y que ponga en pr\u00e1ctica sus conocimientos apostando por esta metodolog\u00eda que revierte en la sociedad\u201d.<\/p>\t\t\t\t\t\t<\/div>\n\t\t\t\t<\/div>\n\t\t\t\t\t<\/div>\n\t\t<\/div>\n\t\t\t\t\t\t\t<\/div>\n\t\t<\/section>\n\t\t\t\t<section class=\"elementor-section elementor-top-section elementor-element elementor-element-c2514fa elementor-section-boxed elementor-section-height-default elementor-section-height-default\" data-id=\"c2514fa\" data-element_type=\"section\">\n\t\t\t\t\t\t<div class=\"elementor-container elementor-column-gap-default\">\n\t\t\t\t\t<div class=\"elementor-column elementor-col-100 elementor-top-column elementor-element elementor-element-eeed83e\" data-id=\"eeed83e\" data-element_type=\"column\">\n\t\t\t<div class=\"elementor-widget-wrap elementor-element-populated\">\n\t\t\t\t\t\t\t\t<div class=\"elementor-element elementor-element-509bf3d elementor-arrows-position-inside elementor-pagination-position-outside elementor-widget elementor-widget-image-carousel\" data-id=\"509bf3d\" data-element_type=\"widget\" data-settings=\"{&quot;navigation&quot;:&quot;both&quot;,&quot;autoplay&quot;:&quot;yes&quot;,&quot;pause_on_hover&quot;:&quot;yes&quot;,&quot;pause_on_interaction&quot;:&quot;yes&quot;,&quot;autoplay_speed&quot;:5000,&quot;infinite&quot;:&quot;yes&quot;,&quot;speed&quot;:500}\" data-widget_type=\"image-carousel.default\">\n\t\t\t\t<div class=\"elementor-widget-container\">\n\t\t\t<style>\/*! elementor - v3.9.2 - 21-12-2022 *\/\n.elementor-widget-image-carousel .swiper-container{position:static}.elementor-widget-image-carousel .swiper-container .swiper-slide figure{line-height:inherit}.elementor-widget-image-carousel .swiper-slide{text-align:center}.elementor-image-carousel-wrapper:not(.swiper-container-initialized) .swiper-slide{max-width:calc(100% \/ var(--e-image-carousel-slides-to-show, 3))}<\/style>\t\t<div class=\"elementor-image-carousel-wrapper swiper-container\" dir=\"ltr\">\n\t\t\t<div class=\"elementor-image-carousel swiper-wrapper\">\n\t\t\t\t\t\t\t\t<div class=\"swiper-slide\"><figure class=\"swiper-slide-inner\"><img decoding=\"async\" class=\"swiper-slide-image\" src=\"https:\/\/www.ull.es\/portal\/aprendizajeservicio\/wp-content\/uploads\/sites\/48\/2025\/07\/20250613_093355-1-150x250.jpg\" alt=\"20250613_093355\" \/><\/figure><\/div><div class=\"swiper-slide\"><figure class=\"swiper-slide-inner\"><img decoding=\"async\" class=\"swiper-slide-image\" src=\"https:\/\/www.ull.es\/portal\/aprendizajeservicio\/wp-content\/uploads\/sites\/48\/2025\/07\/20250613_093504-150x250.jpg\" alt=\"20250613_093504\" \/><\/figure><\/div><div class=\"swiper-slide\"><figure class=\"swiper-slide-inner\"><img decoding=\"async\" class=\"swiper-slide-image\" src=\"https:\/\/www.ull.es\/portal\/aprendizajeservicio\/wp-content\/uploads\/sites\/48\/2025\/07\/20250613_093512-150x250.jpg\" alt=\"20250613_093512\" \/><\/figure><\/div><div class=\"swiper-slide\"><figure class=\"swiper-slide-inner\"><img decoding=\"async\" class=\"swiper-slide-image\" src=\"https:\/\/www.ull.es\/portal\/aprendizajeservicio\/wp-content\/uploads\/sites\/48\/2025\/07\/20250613_105650-150x250.jpg\" alt=\"20250613_105650\" \/><\/figure><\/div><div class=\"swiper-slide\"><figure class=\"swiper-slide-inner\"><img decoding=\"async\" class=\"swiper-slide-image\" src=\"https:\/\/www.ull.es\/portal\/aprendizajeservicio\/wp-content\/uploads\/sites\/48\/2025\/07\/20250613_105653-150x250.jpg\" alt=\"20250613_105653\" \/><\/figure><\/div><div class=\"swiper-slide\"><figure class=\"swiper-slide-inner\"><img decoding=\"async\" class=\"swiper-slide-image\" src=\"https:\/\/www.ull.es\/portal\/aprendizajeservicio\/wp-content\/uploads\/sites\/48\/2025\/07\/20250613_105656-150x250.jpg\" alt=\"20250613_105656\" \/><\/figure><\/div><div class=\"swiper-slide\"><figure class=\"swiper-slide-inner\"><img decoding=\"async\" class=\"swiper-slide-image\" src=\"https:\/\/www.ull.es\/portal\/aprendizajeservicio\/wp-content\/uploads\/sites\/48\/2025\/07\/20250613_105658-150x250.jpg\" alt=\"20250613_105658\" \/><\/figure><\/div><div class=\"swiper-slide\"><figure class=\"swiper-slide-inner\"><img decoding=\"async\" class=\"swiper-slide-image\" src=\"https:\/\/www.ull.es\/portal\/aprendizajeservicio\/wp-content\/uploads\/sites\/48\/2025\/07\/20250613_110735-150x250.jpg\" alt=\"20250613_110735\" \/><\/figure><\/div><div class=\"swiper-slide\"><figure class=\"swiper-slide-inner\"><img decoding=\"async\" class=\"swiper-slide-image\" src=\"https:\/\/www.ull.es\/portal\/aprendizajeservicio\/wp-content\/uploads\/sites\/48\/2025\/07\/20250613_111531-150x250.jpg\" alt=\"20250613_111531\" \/><\/figure><\/div><div class=\"swiper-slide\"><figure class=\"swiper-slide-inner\"><img decoding=\"async\" class=\"swiper-slide-image\" src=\"https:\/\/www.ull.es\/portal\/aprendizajeservicio\/wp-content\/uploads\/sites\/48\/2025\/07\/20250613_1119440-150x250.jpg\" alt=\"20250613_111944(0)\" \/><\/figure><\/div><div class=\"swiper-slide\"><figure class=\"swiper-slide-inner\"><img decoding=\"async\" class=\"swiper-slide-image\" src=\"https:\/\/www.ull.es\/portal\/aprendizajeservicio\/wp-content\/uploads\/sites\/48\/2025\/07\/20250613_113923-1-150x250.jpg\" alt=\"20250613_113923\" \/><\/figure><\/div><div class=\"swiper-slide\"><figure class=\"swiper-slide-inner\"><img decoding=\"async\" class=\"swiper-slide-image\" src=\"https:\/\/www.ull.es\/portal\/aprendizajeservicio\/wp-content\/uploads\/sites\/48\/2025\/07\/20250613_121024-150x250.jpg\" alt=\"20250613_121024\" \/><\/figure><\/div>\t\t\t<\/div>\n\t\t\t\t\t\t\t\t\t\t\t\t<div class=\"swiper-pagination\"><\/div>\n\t\t\t\t\t\t\t\t\t\t\t\t\t<div class=\"elementor-swiper-button elementor-swiper-button-prev\">\n\t\t\t\t\t\t<i aria-hidden=\"true\" class=\"eicon-chevron-left\"><\/i>\t\t\t\t\t\t<span class=\"elementor-screen-only\">Anterior<\/span>\n\t\t\t\t\t<\/div>\n\t\t\t\t\t<div class=\"elementor-swiper-button elementor-swiper-button-next\">\n\t\t\t\t\t\t<i aria-hidden=\"true\" class=\"eicon-chevron-right\"><\/i>\t\t\t\t\t\t<span class=\"elementor-screen-only\">Siguiente<\/span>\n\t\t\t\t\t<\/div>\n\t\t\t\t\t\t\t\t\t<\/div>\n\t\t\t\t<\/div>\n\t\t\t\t<\/div>\n\t\t\t\t\t<\/div>\n\t\t<\/div>\n\t\t\t\t\t\t\t<\/div>\n\t\t<\/section>\n\t\t\t\t<section class=\"elementor-section elementor-top-section elementor-element elementor-element-caba98c elementor-section-boxed elementor-section-height-default elementor-section-height-default\" data-id=\"caba98c\" data-element_type=\"section\">\n\t\t\t\t\t\t<div class=\"elementor-container elementor-column-gap-default\">\n\t\t\t\t\t<div class=\"elementor-column elementor-col-100 elementor-top-column elementor-element elementor-element-e140188\" data-id=\"e140188\" data-element_type=\"column\">\n\t\t\t<div class=\"elementor-widget-wrap elementor-element-populated\">\n\t\t\t\t\t\t\t\t<div class=\"elementor-element elementor-element-6d535a4 elementor-widget elementor-widget-text-editor\" data-id=\"6d535a4\" data-element_type=\"widget\" data-widget_type=\"text-editor.default\">\n\t\t\t\t<div class=\"elementor-widget-container\">\n\t\t\t\t\t\t\t<p>Mar\u00eda Gabino, directora acad\u00e9mica del Programa de Aprendizaje-Servicio, ha querido destacar que esta metodolog\u00eda cambia la forma de ver la ense\u00f1anza. \u201cPara poder llevar a cabo un proyecto primero tenemos que ver una necesidad, un problema social y el alumnado tiene que crear un proyecto en el que se resuelva o que ayude a esa problem\u00e1tica. Y en el trasfondo de toda la metodolog\u00eda, lo que estamos es generando agentes de cambio, valores para la sociedad y ciudadan\u00eda comprometida con el futuro\u201d.<\/p><p>Desde hace cuatro a\u00f1os, el profesorado de la Universidad de La Laguna imparte cada a\u00f1o dos cursos sobre aprendizaje servicio tanto a profesorado de primaria, secundaria, formaci\u00f3n profesional o agentes institucionales. El primero es de iniciaci\u00f3n en el aprendizaje servicio y el otro es de dise\u00f1o de proyectos. Esos proyectos pueden aplicarlos tanto universitarios, para que presenten proyectos PITE (proyectos de innovaci\u00f3n educativa), hasta profesorado de cualquier nivel.<\/p><p>Mar\u00eda Gloria Sol\u00eds, del Grupo Extreme\u00f1o de la Red Nacional de Aprendizaje Servicio, ha impartido una ponencia sobre la vinculaci\u00f3n del aprendizaje servicio con el marco educativo y la sostenibilidad en la presentaci\u00f3n de este evento. Sol\u00eds realiz\u00f3 una ponencia en la que quiso resaltar la importancia de la responsabilidad social educativa, el desarrollo sostenible y la ciudadan\u00eda. En primer lugar, apunt\u00f3 que se trata de una \u00a0metodolog\u00eda muy \u00fatil para transformar la vida de las personas, las comunidades y la mejora del planeta a lo largo de las generaciones. \u201cTrabaja con necesidades sociales, de una manera real, con el objetivo de mejorar nuestro entorno, pero centr\u00e1ndose en problemas concretos\u201d. La ponente afirm\u00f3 que no hay que confundir el aprendizaje servicio con voluntariado ni tampoco con pr\u00e1cticas de campo. Su valor a\u00f1adido radica en ser un aprendizaje por proyectos, con fin solidario.<\/p><p>Tras la ponencia, se presentaron los diez proyectos realizados con la metodolog\u00eda de aprendizaje servicio durante este a\u00f1o, tanto por alumnado de la Universidad de La Laguna, como por alumnado de educaci\u00f3n primaria y secundaria de Tenerife. En el mes de septiembre se realizar\u00e1 una gala en la que se premiar\u00e1n los mejores trabajos de este curso seleccionados entre estas propuestas. Entre ellas cabe destacar \u201cManos j\u00f3venes, corazones compartidos\u201d, realizado por alumnado del Grado de Turismo y Psicolog\u00eda, \u201cActiva2: Envejecimiento activo y participaci\u00f3n grupal\u201d, desarrollado por alumnado de Trabajo Social, y \u201cOpini\u00f3n p\u00fablica y documentaci\u00f3n para el bien com\u00fan: aprendizaje por retos y servicios a la comunidad\u201d, por alumnado del Grado en Periodismo de la Universidad de La Laguna.<\/p>\t\t\t\t\t\t<\/div>\n\t\t\t\t<\/div>\n\t\t\t\t\t<\/div>\n\t\t<\/div>\n\t\t\t\t\t\t\t<\/div>\n\t\t<\/section>\n\t\t\t\t\t\t\t<\/div>\n\t\t","protected":false},"excerpt":{"rendered":"<p>IV Jornadas de Aprendizaje-Servicio ULL-Cabildo de Tenerife La sostenibilidad siempre ha ido ligada a la idea de medioambiente y al color verde, pero puede tambi\u00e9n tener su foco en todo tipo de actividades, como el aprendizaje y la mejora de las comunidades y del planeta. Este ha sido el nudo gordiano de las IV Jornadas&#8230;<\/p>\n","protected":false},"author":81,"featured_media":0,"parent":0,"menu_order":0,"comment_status":"closed","ping_status":"closed","template":"","meta":{"inline_featured_image":false,"footnotes":""},"acf":[],"yoast_head":"<!-- This site is optimized with the Yoast SEO plugin v21.3 - https:\/\/yoast.com\/wordpress\/plugins\/seo\/ -->\n<title>IV Jornadas ApS 2024\/2025 - Programa de Aprendizaje-Servicio ApS-ULL<\/title>\n<meta name=\"robots\" content=\"index, follow, max-snippet:-1, max-image-preview:large, max-video-preview:-1\" \/>\n<link rel=\"canonical\" href=\"https:\/\/www.ull.es\/portal\/aprendizajeservicio\/iv-jornadas-aps-2024-2025\/\" \/>\n<meta property=\"og:locale\" content=\"es_ES\" \/>\n<meta property=\"og:type\" content=\"article\" \/>\n<meta property=\"og:title\" content=\"IV Jornadas ApS 2024\/2025 - Programa de Aprendizaje-Servicio ApS-ULL\" \/>\n<meta property=\"og:description\" content=\"IV Jornadas de Aprendizaje-Servicio ULL-Cabildo de Tenerife La sostenibilidad siempre ha ido ligada a la idea de medioambiente y al color verde, pero puede tambi\u00e9n tener su foco en todo tipo de actividades, como el aprendizaje y la mejora de las comunidades y del planeta. Este ha sido el nudo gordiano de las IV Jornadas...\" \/>\n<meta property=\"og:url\" content=\"https:\/\/www.ull.es\/portal\/aprendizajeservicio\/iv-jornadas-aps-2024-2025\/\" \/>\n<meta property=\"og:site_name\" content=\"Programa de Aprendizaje-Servicio ApS-ULL\" \/>\n<meta property=\"article:modified_time\" content=\"2025-07-15T08:34:06+00:00\" \/>\n<meta property=\"og:image\" content=\"https:\/\/www.ull.es\/portal\/aprendizajeservicio\/wp-content\/uploads\/sites\/48\/2025\/07\/20250613_1119440-1-1024x473.jpg\" \/>\n<meta name=\"twitter:card\" content=\"summary_large_image\" \/>\n<meta name=\"twitter:label1\" content=\"Tiempo de lectura\" \/>\n\t<meta name=\"twitter:data1\" content=\"7 minutos\" \/>\n<script type=\"application\/ld+json\" class=\"yoast-schema-graph\">{\"@context\":\"https:\/\/schema.org\",\"@graph\":[{\"@type\":\"WebPage\",\"@id\":\"https:\/\/www.ull.es\/portal\/aprendizajeservicio\/iv-jornadas-aps-2024-2025\/\",\"url\":\"https:\/\/www.ull.es\/portal\/aprendizajeservicio\/iv-jornadas-aps-2024-2025\/\",\"name\":\"IV Jornadas ApS 2024\/2025 - Programa de Aprendizaje-Servicio ApS-ULL\",\"isPartOf\":{\"@id\":\"https:\/\/www.ull.es\/portal\/aprendizajeservicio\/#website\"},\"datePublished\":\"2025-07-15T08:33:47+00:00\",\"dateModified\":\"2025-07-15T08:34:06+00:00\",\"breadcrumb\":{\"@id\":\"https:\/\/www.ull.es\/portal\/aprendizajeservicio\/iv-jornadas-aps-2024-2025\/#breadcrumb\"},\"inLanguage\":\"es\",\"potentialAction\":[{\"@type\":\"ReadAction\",\"target\":[\"https:\/\/www.ull.es\/portal\/aprendizajeservicio\/iv-jornadas-aps-2024-2025\/\"]}]},{\"@type\":\"BreadcrumbList\",\"@id\":\"https:\/\/www.ull.es\/portal\/aprendizajeservicio\/iv-jornadas-aps-2024-2025\/#breadcrumb\",\"itemListElement\":[{\"@type\":\"ListItem\",\"position\":1,\"name\":\"Portada\",\"item\":\"https:\/\/www.ull.es\/portal\/aprendizajeservicio\/\"},{\"@type\":\"ListItem\",\"position\":2,\"name\":\"IV Jornadas ApS 2024\/2025\"}]},{\"@type\":\"WebSite\",\"@id\":\"https:\/\/www.ull.es\/portal\/aprendizajeservicio\/#website\",\"url\":\"https:\/\/www.ull.es\/portal\/aprendizajeservicio\/\",\"name\":\"Programa de Aprendizaje-Servicio ApS-ULL\",\"description\":\"\",\"potentialAction\":[{\"@type\":\"SearchAction\",\"target\":{\"@type\":\"EntryPoint\",\"urlTemplate\":\"https:\/\/www.ull.es\/portal\/aprendizajeservicio\/?s={search_term_string}\"},\"query-input\":\"required name=search_term_string\"}],\"inLanguage\":\"es\"}]}<\/script>\n<!-- \/ Yoast SEO plugin. -->","yoast_head_json":{"title":"IV Jornadas ApS 2024\/2025 - Programa de Aprendizaje-Servicio ApS-ULL","robots":{"index":"index","follow":"follow","max-snippet":"max-snippet:-1","max-image-preview":"max-image-preview:large","max-video-preview":"max-video-preview:-1"},"canonical":"https:\/\/www.ull.es\/portal\/aprendizajeservicio\/iv-jornadas-aps-2024-2025\/","og_locale":"es_ES","og_type":"article","og_title":"IV Jornadas ApS 2024\/2025 - Programa de Aprendizaje-Servicio ApS-ULL","og_description":"IV Jornadas de Aprendizaje-Servicio ULL-Cabildo de Tenerife La sostenibilidad siempre ha ido ligada a la idea de medioambiente y al color verde, pero puede tambi\u00e9n tener su foco en todo tipo de actividades, como el aprendizaje y la mejora de las comunidades y del planeta. Este ha sido el nudo gordiano de las IV Jornadas...","og_url":"https:\/\/www.ull.es\/portal\/aprendizajeservicio\/iv-jornadas-aps-2024-2025\/","og_site_name":"Programa de Aprendizaje-Servicio ApS-ULL","article_modified_time":"2025-07-15T08:34:06+00:00","og_image":[{"url":"https:\/\/www.ull.es\/portal\/aprendizajeservicio\/wp-content\/uploads\/sites\/48\/2025\/07\/20250613_1119440-1-1024x473.jpg"}],"twitter_card":"summary_large_image","twitter_misc":{"Tiempo de lectura":"7 minutos"},"schema":{"@context":"https:\/\/schema.org","@graph":[{"@type":"WebPage","@id":"https:\/\/www.ull.es\/portal\/aprendizajeservicio\/iv-jornadas-aps-2024-2025\/","url":"https:\/\/www.ull.es\/portal\/aprendizajeservicio\/iv-jornadas-aps-2024-2025\/","name":"IV Jornadas ApS 2024\/2025 - Programa de Aprendizaje-Servicio ApS-ULL","isPartOf":{"@id":"https:\/\/www.ull.es\/portal\/aprendizajeservicio\/#website"},"datePublished":"2025-07-15T08:33:47+00:00","dateModified":"2025-07-15T08:34:06+00:00","breadcrumb":{"@id":"https:\/\/www.ull.es\/portal\/aprendizajeservicio\/iv-jornadas-aps-2024-2025\/#breadcrumb"},"inLanguage":"es","potentialAction":[{"@type":"ReadAction","target":["https:\/\/www.ull.es\/portal\/aprendizajeservicio\/iv-jornadas-aps-2024-2025\/"]}]},{"@type":"BreadcrumbList","@id":"https:\/\/www.ull.es\/portal\/aprendizajeservicio\/iv-jornadas-aps-2024-2025\/#breadcrumb","itemListElement":[{"@type":"ListItem","position":1,"name":"Portada","item":"https:\/\/www.ull.es\/portal\/aprendizajeservicio\/"},{"@type":"ListItem","position":2,"name":"IV Jornadas ApS 2024\/2025"}]},{"@type":"WebSite","@id":"https:\/\/www.ull.es\/portal\/aprendizajeservicio\/#website","url":"https:\/\/www.ull.es\/portal\/aprendizajeservicio\/","name":"Programa de Aprendizaje-Servicio ApS-ULL","description":"","potentialAction":[{"@type":"SearchAction","target":{"@type":"EntryPoint","urlTemplate":"https:\/\/www.ull.es\/portal\/aprendizajeservicio\/?s={search_term_string}"},"query-input":"required name=search_term_string"}],"inLanguage":"es"}]}},"_links":{"self":[{"href":"https:\/\/www.ull.es\/portal\/aprendizajeservicio\/wp-json\/wp\/v2\/pages\/1149"}],"collection":[{"href":"https:\/\/www.ull.es\/portal\/aprendizajeservicio\/wp-json\/wp\/v2\/pages"}],"about":[{"href":"https:\/\/www.ull.es\/portal\/aprendizajeservicio\/wp-json\/wp\/v2\/types\/page"}],"author":[{"embeddable":true,"href":"https:\/\/www.ull.es\/portal\/aprendizajeservicio\/wp-json\/wp\/v2\/users\/81"}],"replies":[{"embeddable":true,"href":"https:\/\/www.ull.es\/portal\/aprendizajeservicio\/wp-json\/wp\/v2\/comments?post=1149"}],"version-history":[{"count":4,"href":"https:\/\/www.ull.es\/portal\/aprendizajeservicio\/wp-json\/wp\/v2\/pages\/1149\/revisions"}],"predecessor-version":[{"id":1178,"href":"https:\/\/www.ull.es\/portal\/aprendizajeservicio\/wp-json\/wp\/v2\/pages\/1149\/revisions\/1178"}],"wp:attachment":[{"href":"https:\/\/www.ull.es\/portal\/aprendizajeservicio\/wp-json\/wp\/v2\/media?parent=1149"}],"curies":[{"name":"wp","href":"https:\/\/api.w.org\/{rel}","templated":true}]}}