{"id":222,"date":"2022-04-12T22:59:50","date_gmt":"2022-04-12T22:59:50","guid":{"rendered":"https:\/\/www.ull.es\/portal\/aprendizajeservicio\/?page_id=222"},"modified":"2026-01-14T12:56:18","modified_gmt":"2026-01-14T12:56:18","slug":"profesorado","status":"publish","type":"page","link":"https:\/\/www.ull.es\/portal\/aprendizajeservicio\/como-participar\/profesorado\/","title":{"rendered":"Profesorado"},"content":{"rendered":"\t\t<div data-elementor-type=\"wp-page\" data-elementor-id=\"222\" class=\"elementor elementor-222\">\n\t\t\t\t\t\t\t\t\t<section class=\"elementor-section elementor-top-section elementor-element elementor-element-d0523d2 elementor-section-boxed elementor-section-height-default elementor-section-height-default\" data-id=\"d0523d2\" data-element_type=\"section\" data-settings=\"{&quot;background_background&quot;:&quot;classic&quot;}\">\n\t\t\t\t\t\t<div class=\"elementor-container elementor-column-gap-default\">\n\t\t\t\t\t<div class=\"elementor-column elementor-col-100 elementor-top-column elementor-element elementor-element-484d55f\" data-id=\"484d55f\" data-element_type=\"column\">\n\t\t\t<div class=\"elementor-widget-wrap elementor-element-populated\">\n\t\t\t\t\t\t\t\t<div class=\"elementor-element elementor-element-56fe78a elementor-widget elementor-widget-heading\" data-id=\"56fe78a\" data-element_type=\"widget\" data-widget_type=\"heading.default\">\n\t\t\t\t<div class=\"elementor-widget-container\">\n\t\t\t<style>\/*! elementor - v3.9.2 - 21-12-2022 *\/\n.elementor-heading-title{padding:0;margin:0;line-height:1}.elementor-widget-heading .elementor-heading-title[class*=elementor-size-]>a{color:inherit;font-size:inherit;line-height:inherit}.elementor-widget-heading .elementor-heading-title.elementor-size-small{font-size:15px}.elementor-widget-heading .elementor-heading-title.elementor-size-medium{font-size:19px}.elementor-widget-heading .elementor-heading-title.elementor-size-large{font-size:29px}.elementor-widget-heading .elementor-heading-title.elementor-size-xl{font-size:39px}.elementor-widget-heading .elementor-heading-title.elementor-size-xxl{font-size:59px}<\/style><h2 class=\"elementor-heading-title elementor-size-default\">Profesorado<\/h2>\t\t<\/div>\n\t\t\t\t<\/div>\n\t\t\t\t\t<\/div>\n\t\t<\/div>\n\t\t\t\t\t\t\t<\/div>\n\t\t<\/section>\n\t\t\t\t<section class=\"elementor-section elementor-top-section elementor-element elementor-element-429c4471 elementor-section-boxed elementor-section-height-default elementor-section-height-default\" data-id=\"429c4471\" data-element_type=\"section\" data-settings=\"{&quot;background_background&quot;:&quot;gradient&quot;}\">\n\t\t\t\t\t\t<div class=\"elementor-container elementor-column-gap-default\">\n\t\t\t\t\t<div class=\"elementor-column elementor-col-50 elementor-top-column elementor-element elementor-element-674f785d\" data-id=\"674f785d\" data-element_type=\"column\">\n\t\t\t<div class=\"elementor-widget-wrap elementor-element-populated\">\n\t\t\t\t\t\t\t\t<div class=\"elementor-element elementor-element-2abee67a elementor-widget elementor-widget-text-editor\" data-id=\"2abee67a\" data-element_type=\"widget\" data-widget_type=\"text-editor.default\">\n\t\t\t\t<div class=\"elementor-widget-container\">\n\t\t\t<style>\/*! elementor - v3.9.2 - 21-12-2022 *\/\n.elementor-widget-text-editor.elementor-drop-cap-view-stacked .elementor-drop-cap{background-color:#818a91;color:#fff}.elementor-widget-text-editor.elementor-drop-cap-view-framed .elementor-drop-cap{color:#818a91;border:3px solid;background-color:transparent}.elementor-widget-text-editor:not(.elementor-drop-cap-view-default) .elementor-drop-cap{margin-top:8px}.elementor-widget-text-editor:not(.elementor-drop-cap-view-default) .elementor-drop-cap-letter{width:1em;height:1em}.elementor-widget-text-editor .elementor-drop-cap{float:left;text-align:center;line-height:1;font-size:50px}.elementor-widget-text-editor .elementor-drop-cap-letter{display:inline-block}<\/style>\t\t\t\t<h4><span style=\"color: #993366\"><strong>\u00bfPor qu\u00e9 hacer ApS?<\/strong><\/span><\/h4><p><span style=\"font-weight: 400\">Los proyectos de ApS permiten relacionar los contenidos y competencias a desarrollar en las asignaturas con las necesidades sociales que enfrentan las organizaciones sociales, centros educativos y otras instituciones de la sociedad con el objetivo de que el alumnado contribuya con su trabajo a mejorar el entorno que le rodea\u00a0 y sea \u00fatil a la sociedad, al mismo tiempo que aprende.\u00a0<\/span><\/p><p><span style=\"font-weight: 400\">El aprendizaje mejora el servicio a la comunidad, porque \u00e9ste gana en calidad, y el servicio le da sentido al aprendizaje, porque lo que se aprende se puede transferir a la realidad en forma de acci\u00f3n. El aprendizaje se produce entonces a trav\u00e9s de un ciclo virtuoso de acci\u00f3n y reflexi\u00f3n que persigue la formaci\u00f3n de una ciudadan\u00eda reflexiva, capaz de pensar por cuenta propia y de aportar soluciones creativas.\u00a0<\/span><\/p><p><span style=\"font-weight: 400\">Introducir el ApS en la docencia es una f\u00f3rmula para llevar a cabo proyectos de innovaci\u00f3n docente y transferencia educativa\u00a0 (PITE) reconocidos por nuestra Universidad.<\/span><\/p><p><strong>La literatura cient\u00edfica ha puesto de manifiesto que con el ApS:<\/strong><\/p><ul><li>Se mejoran los aprendizajes (Taxonom\u00eda de Bloom) (<a href=\"https:\/\/www.scirp.org\/(S(i43dyn45teexjx455qlt3d2q))\/reference\/ReferencesPapers.aspx?ReferenceID=1479992\" target=\"_blank\" rel=\"noopener\">Eyler &amp; Giles, 1999<\/a>).<\/li><li>El alumnado est\u00e1 m\u00e1s satisfechos con su aprendizaje (<a href=\"http:\/\/diposit.ub.edu\/dspace\/bitstream\/2445\/65896\/1\/586668.pdf\" target=\"_blank\" rel=\"noopener\">Folgueiras et al., 2013<\/a>)<\/li><li>Mejoran las posibilidades de inserci\u00f3n laboral (<a href=\"http:\/\/www.bnm.me.gov.ar\/giga1\/documentos\/EL001802.pdf\" target=\"_blank\" rel=\"noopener\">Tapia, 2008;<\/a> <a href=\"https:\/\/journals.sfu.ca\/iarslce\/iarslce\/index.php\/journal\/article\/view\/109\" target=\"_blank\" rel=\"noopener\">Matthews,\u00a0 Dorfman\u00a0 y\u00a0 Wu,\u00a0 2015<\/a>)<\/li><li>Se transforman las personas\u00a0 y sus valores (<a href=\"https:\/\/dialnet.unirioja.es\/servlet\/articulo?codigo=3125464\" target=\"_blank\" rel=\"noopener\">Palos, 2009)<\/a><\/li><\/ul>\t\t\t\t\t\t<\/div>\n\t\t\t\t<\/div>\n\t\t\t\t\t<\/div>\n\t\t<\/div>\n\t\t\t\t<div class=\"elementor-column elementor-col-50 elementor-top-column elementor-element elementor-element-3ee7e69\" data-id=\"3ee7e69\" data-element_type=\"column\" data-settings=\"{&quot;background_background&quot;:&quot;gradient&quot;}\">\n\t\t\t<div class=\"elementor-widget-wrap elementor-element-populated\">\n\t\t\t\t\t<div class=\"elementor-background-overlay\"><\/div>\n\t\t\t\t\t\t\t\t<div class=\"elementor-element elementor-element-0564331 elementor-widget elementor-widget-spacer\" data-id=\"0564331\" data-element_type=\"widget\" data-widget_type=\"spacer.default\">\n\t\t\t\t<div class=\"elementor-widget-container\">\n\t\t\t<style>\/*! elementor - v3.9.2 - 21-12-2022 *\/\n.elementor-column .elementor-spacer-inner{height:var(--spacer-size)}.e-con{--container-widget-width:100%}.e-con-inner>.elementor-widget-spacer,.e-con>.elementor-widget-spacer{width:var(--container-widget-width,var(--spacer-size));--align-self:var(--container-widget-align-self,initial);--flex-shrink:0}.e-con-inner>.elementor-widget-spacer>.elementor-widget-container,.e-con-inner>.elementor-widget-spacer>.elementor-widget-container>.elementor-spacer,.e-con>.elementor-widget-spacer>.elementor-widget-container,.e-con>.elementor-widget-spacer>.elementor-widget-container>.elementor-spacer{height:100%}.e-con-inner>.elementor-widget-spacer>.elementor-widget-container>.elementor-spacer>.elementor-spacer-inner,.e-con>.elementor-widget-spacer>.elementor-widget-container>.elementor-spacer>.elementor-spacer-inner{height:var(--container-widget-height,var(--spacer-size))}<\/style>\t\t<div class=\"elementor-spacer\">\n\t\t\t<div class=\"elementor-spacer-inner\"><\/div>\n\t\t<\/div>\n\t\t\t\t<\/div>\n\t\t\t\t<\/div>\n\t\t\t\t\t<\/div>\n\t\t<\/div>\n\t\t\t\t\t\t\t<\/div>\n\t\t<\/section>\n\t\t\t\t<section class=\"elementor-section elementor-top-section elementor-element elementor-element-203078c elementor-section-boxed elementor-section-height-default elementor-section-height-default\" data-id=\"203078c\" data-element_type=\"section\" data-settings=\"{&quot;background_background&quot;:&quot;gradient&quot;}\">\n\t\t\t\t\t\t<div class=\"elementor-container elementor-column-gap-default\">\n\t\t\t\t\t<div class=\"elementor-column elementor-col-50 elementor-top-column elementor-element elementor-element-cbcdde8\" data-id=\"cbcdde8\" data-element_type=\"column\" data-settings=\"{&quot;background_background&quot;:&quot;classic&quot;}\">\n\t\t\t<div class=\"elementor-widget-wrap elementor-element-populated\">\n\t\t\t\t\t<div class=\"elementor-background-overlay\"><\/div>\n\t\t\t\t\t\t\t\t<div class=\"elementor-element elementor-element-347274b elementor-widget elementor-widget-spacer\" data-id=\"347274b\" data-element_type=\"widget\" data-widget_type=\"spacer.default\">\n\t\t\t\t<div class=\"elementor-widget-container\">\n\t\t\t\t\t<div class=\"elementor-spacer\">\n\t\t\t<div class=\"elementor-spacer-inner\"><\/div>\n\t\t<\/div>\n\t\t\t\t<\/div>\n\t\t\t\t<\/div>\n\t\t\t\t\t<\/div>\n\t\t<\/div>\n\t\t\t\t<div class=\"elementor-column elementor-col-50 elementor-top-column elementor-element elementor-element-4190932\" data-id=\"4190932\" data-element_type=\"column\">\n\t\t\t<div class=\"elementor-widget-wrap elementor-element-populated\">\n\t\t\t\t\t\t\t\t<div class=\"elementor-element elementor-element-1dc9dbe elementor-widget elementor-widget-text-editor\" data-id=\"1dc9dbe\" data-element_type=\"widget\" data-widget_type=\"text-editor.default\">\n\t\t\t\t<div class=\"elementor-widget-container\">\n\t\t\t\t\t\t\t<h4><span style=\"color: #993366\"><strong>\u00bfEn qu\u00e9 asignaturas puedes llevar a cabo un proyecto de ApS?<\/strong><\/span><\/h4><p><span style=\"font-weight: 400\">Los proyectos de ApS pueden llevarse a cabo tanto en asignaturas, como en pr\u00e1cticas curriculares, TFGs y TFMs.<\/span><\/p><p><span style=\"font-weight: 400\">Los TFG y TFM en clave ApS plantean investigar problemas relevantes para la comunidad. Son trabajos acordados con agentes sociales y dirigidos a resolver problemas sociales del entorno con la intenci\u00f3n clara de mejorarlo.\u00a0<\/span><\/p><p><span style=\"font-weight: 400\">Las pr\u00e1cticas curriculares, en convenio con entidades sociales, administraciones y otras instituciones, resultan un espacio id\u00f3neo para desarrollar proyectos de ApS en algunas disciplinas.<\/span><\/p><p><span style=\"font-weight: 400\">Tambi\u00e9n es posible plantear proyectos de ApS en actividades de extensi\u00f3n universitaria con derecho a reconocimiento de cr\u00e9ditos ECTS.\u00a0<\/span><\/p>\t\t\t\t\t\t<\/div>\n\t\t\t\t<\/div>\n\t\t\t\t\t<\/div>\n\t\t<\/div>\n\t\t\t\t\t\t\t<\/div>\n\t\t<\/section>\n\t\t\t\t<section class=\"elementor-section elementor-top-section elementor-element elementor-element-458a504 elementor-section-boxed elementor-section-height-default elementor-section-height-default\" data-id=\"458a504\" data-element_type=\"section\" data-settings=\"{&quot;background_background&quot;:&quot;gradient&quot;}\">\n\t\t\t\t\t\t<div class=\"elementor-container elementor-column-gap-default\">\n\t\t\t\t\t<div class=\"elementor-column elementor-col-50 elementor-top-column elementor-element elementor-element-76ae1d4\" data-id=\"76ae1d4\" data-element_type=\"column\">\n\t\t\t<div class=\"elementor-widget-wrap elementor-element-populated\">\n\t\t\t\t\t\t\t\t<div class=\"elementor-element elementor-element-01dbc31 elementor-widget elementor-widget-text-editor\" data-id=\"01dbc31\" data-element_type=\"widget\" data-widget_type=\"text-editor.default\">\n\t\t\t\t<div class=\"elementor-widget-container\">\n\t\t\t\t\t\t\t<h4><span style=\"color: #993366\"><strong>\u00bfC\u00f3mo contactar con una entidad colaboradora?<\/strong><\/span><\/h4><p><span style=\"font-weight: 400\">Muchos proyectos de ApS se desarrollan en colaboraci\u00f3n con otros centros educativos, o bien con entidades sociales\u00a0 y\/o administraciones p\u00fablicas vinculadas a alguna necesidad social de nuestro entorno.<\/span><\/p><p><span style=\"font-weight: 400\">Para contactar con una entidad interesada en participar en proyectos de ApS puedes:\u00a0<\/span><\/p><ul><li style=\"font-weight: 400\"><span style=\"font-weight: 400\">Consultar el <a href=\"https:\/\/www.ull.es\/portal\/aprendizajeservicio\/wp-content\/uploads\/sites\/48\/2025\/09\/3.-Entidades-ApS-2022-2025.pptx_compressed-1.pdf\" target=\"_blank\" rel=\"noopener\">cat\u00e1logo de entidades colaboradoras<\/a><\/span><\/li><li style=\"font-weight: 400\"><span style=\"font-weight: 400\">Solicitar a ApS-ULL que busque una entidad colaboradora para tu proyecto ApS<\/span><\/li><\/ul><p><strong>Es importante preguntar a la entidad si ya hay otros docentes de la ULL realizando ApS con ellos y tratar de coordinarse con ellos. Esto mejora la comunicaci\u00f3n con la entidad y favorece que aparezcan proyectos multidisciplinares de mayor impacto.<\/strong><\/p><h4><span style=\"color: #993366\"><strong>\u00bfQu\u00e9\u00a0 ofrece ApS-ULL al profesorado?<\/strong><\/span><\/h4><ul><li style=\"font-weight: 400\"><span style=\"font-weight: 400\">Formaci\u00f3n sobre ApS<\/span><\/li><li style=\"font-weight: 400\"><span style=\"font-weight: 400\">Informaci\u00f3n sobre proyectos de ApS que se han desarrollado en la ULL\u00a0<\/span><\/li><li style=\"font-weight: 400\"><a href=\"https:\/\/www.ull.es\/portal\/aprendizajeservicio\/wp-content\/uploads\/sites\/48\/2025\/09\/3.-Entidades-ApS-2022-2025.pptx_compressed-1.pdf\" target=\"_blank\" rel=\"noopener\"><span style=\"font-weight: 400\">Cat\u00e1logo de entidades colaboradoras<\/span><\/a><\/li><li>B\u00fasqueda y puesta en contacto con entidades colaboradoras<\/li><li style=\"font-weight: 400\"><span style=\"font-weight: 400\">Asesoramiento sobre el dise\u00f1o de proyectos de ApS.<\/span><\/li><li style=\"font-weight: 400\"><span style=\"font-weight: 400\"><a href=\"https:\/\/www.ull.es\/portal\/aprendizajeservicio\/videos\/\" target=\"_blank\" rel=\"noopener\">Visibilizar su proyecto de ApS<\/a>.<\/span><\/li><li style=\"font-weight: 400\"><span style=\"font-weight: 400\">Canalizar propuestas y peticiones en materia de ApS al equipo de gobierno.<\/span><\/li><li>Informaci\u00f3n sobre proyectos de ApS en Ense\u00f1anzas No Universitarias en Tenerife.<\/li><\/ul><p><span style=\"font-weight: 400\">Para m\u00e1s informaci\u00f3n, escribir un correo electr\u00f3nico a <\/span><a href=\"mailto:apsull@ull.edu.es\" target=\"_blank\" rel=\"noopener\"><span style=\"font-weight: 400\">apsull@ull.edu.es<\/span><\/a><span style=\"font-weight: 400\">.\u00a0<\/span><\/p>\t\t\t\t\t\t<\/div>\n\t\t\t\t<\/div>\n\t\t\t\t\t<\/div>\n\t\t<\/div>\n\t\t\t\t<div class=\"elementor-column elementor-col-50 elementor-top-column elementor-element elementor-element-fce9dd9\" data-id=\"fce9dd9\" data-element_type=\"column\" data-settings=\"{&quot;background_background&quot;:&quot;gradient&quot;}\">\n\t\t\t<div class=\"elementor-widget-wrap elementor-element-populated\">\n\t\t\t\t\t<div class=\"elementor-background-overlay\"><\/div>\n\t\t\t\t\t\t\t\t<div class=\"elementor-element elementor-element-d233421 elementor-widget elementor-widget-spacer\" data-id=\"d233421\" data-element_type=\"widget\" data-widget_type=\"spacer.default\">\n\t\t\t\t<div class=\"elementor-widget-container\">\n\t\t\t\t\t<div class=\"elementor-spacer\">\n\t\t\t<div class=\"elementor-spacer-inner\"><\/div>\n\t\t<\/div>\n\t\t\t\t<\/div>\n\t\t\t\t<\/div>\n\t\t\t\t\t<\/div>\n\t\t<\/div>\n\t\t\t\t\t\t\t<\/div>\n\t\t<\/section>\n\t\t\t\t\t\t\t<\/div>\n\t\t","protected":false},"excerpt":{"rendered":"<p>Profesorado \u00bfPor qu\u00e9 hacer ApS? Los proyectos de ApS permiten relacionar los contenidos y competencias a desarrollar en las asignaturas con las necesidades sociales que enfrentan las organizaciones sociales, centros educativos y otras instituciones de la sociedad con el objetivo de que el alumnado contribuya con su trabajo a mejorar el entorno que le rodea\u00a0&#8230;<\/p>\n","protected":false},"author":81,"featured_media":0,"parent":89,"menu_order":0,"comment_status":"closed","ping_status":"closed","template":"elementor_header_footer","meta":{"inline_featured_image":false,"footnotes":""},"acf":[],"yoast_head":"<!-- This site is optimized with the Yoast SEO plugin v21.3 - https:\/\/yoast.com\/wordpress\/plugins\/seo\/ -->\n<title>Profesorado - Programa de Aprendizaje-Servicio ApS-ULL<\/title>\n<meta name=\"robots\" content=\"index, follow, max-snippet:-1, max-image-preview:large, max-video-preview:-1\" \/>\n<link rel=\"canonical\" href=\"https:\/\/www.ull.es\/portal\/aprendizajeservicio\/como-participar\/profesorado\/\" \/>\n<meta property=\"og:locale\" content=\"es_ES\" \/>\n<meta property=\"og:type\" content=\"article\" \/>\n<meta property=\"og:title\" content=\"Profesorado - Programa de Aprendizaje-Servicio ApS-ULL\" \/>\n<meta property=\"og:description\" content=\"Profesorado \u00bfPor qu\u00e9 hacer ApS? Los proyectos de ApS permiten relacionar los contenidos y competencias a desarrollar en las asignaturas con las necesidades sociales que enfrentan las organizaciones sociales, centros educativos y otras instituciones de la sociedad con el objetivo de que el alumnado contribuya con su trabajo a mejorar el entorno que le rodea\u00a0...\" \/>\n<meta property=\"og:url\" content=\"https:\/\/www.ull.es\/portal\/aprendizajeservicio\/como-participar\/profesorado\/\" \/>\n<meta property=\"og:site_name\" content=\"Programa de Aprendizaje-Servicio ApS-ULL\" \/>\n<meta property=\"article:modified_time\" content=\"2026-01-14T12:56:18+00:00\" \/>\n<meta name=\"twitter:card\" content=\"summary_large_image\" \/>\n<meta name=\"twitter:label1\" content=\"Tiempo de lectura\" \/>\n\t<meta name=\"twitter:data1\" content=\"3 minutos\" \/>\n<script type=\"application\/ld+json\" class=\"yoast-schema-graph\">{\"@context\":\"https:\/\/schema.org\",\"@graph\":[{\"@type\":\"WebPage\",\"@id\":\"https:\/\/www.ull.es\/portal\/aprendizajeservicio\/como-participar\/profesorado\/\",\"url\":\"https:\/\/www.ull.es\/portal\/aprendizajeservicio\/como-participar\/profesorado\/\",\"name\":\"Profesorado - Programa de Aprendizaje-Servicio ApS-ULL\",\"isPartOf\":{\"@id\":\"https:\/\/www.ull.es\/portal\/aprendizajeservicio\/#website\"},\"datePublished\":\"2022-04-12T22:59:50+00:00\",\"dateModified\":\"2026-01-14T12:56:18+00:00\",\"breadcrumb\":{\"@id\":\"https:\/\/www.ull.es\/portal\/aprendizajeservicio\/como-participar\/profesorado\/#breadcrumb\"},\"inLanguage\":\"es\",\"potentialAction\":[{\"@type\":\"ReadAction\",\"target\":[\"https:\/\/www.ull.es\/portal\/aprendizajeservicio\/como-participar\/profesorado\/\"]}]},{\"@type\":\"BreadcrumbList\",\"@id\":\"https:\/\/www.ull.es\/portal\/aprendizajeservicio\/como-participar\/profesorado\/#breadcrumb\",\"itemListElement\":[{\"@type\":\"ListItem\",\"position\":1,\"name\":\"Portada\",\"item\":\"https:\/\/www.ull.es\/portal\/aprendizajeservicio\/\"},{\"@type\":\"ListItem\",\"position\":2,\"name\":\"\u00danete\",\"item\":\"https:\/\/www.ull.es\/portal\/aprendizajeservicio\/como-participar\/\"},{\"@type\":\"ListItem\",\"position\":3,\"name\":\"Profesorado\"}]},{\"@type\":\"WebSite\",\"@id\":\"https:\/\/www.ull.es\/portal\/aprendizajeservicio\/#website\",\"url\":\"https:\/\/www.ull.es\/portal\/aprendizajeservicio\/\",\"name\":\"Programa de Aprendizaje-Servicio ApS-ULL\",\"description\":\"\",\"potentialAction\":[{\"@type\":\"SearchAction\",\"target\":{\"@type\":\"EntryPoint\",\"urlTemplate\":\"https:\/\/www.ull.es\/portal\/aprendizajeservicio\/?s={search_term_string}\"},\"query-input\":\"required name=search_term_string\"}],\"inLanguage\":\"es\"}]}<\/script>\n<!-- \/ Yoast SEO plugin. -->","yoast_head_json":{"title":"Profesorado - Programa de Aprendizaje-Servicio ApS-ULL","robots":{"index":"index","follow":"follow","max-snippet":"max-snippet:-1","max-image-preview":"max-image-preview:large","max-video-preview":"max-video-preview:-1"},"canonical":"https:\/\/www.ull.es\/portal\/aprendizajeservicio\/como-participar\/profesorado\/","og_locale":"es_ES","og_type":"article","og_title":"Profesorado - Programa de Aprendizaje-Servicio ApS-ULL","og_description":"Profesorado \u00bfPor qu\u00e9 hacer ApS? Los proyectos de ApS permiten relacionar los contenidos y competencias a desarrollar en las asignaturas con las necesidades sociales que enfrentan las organizaciones sociales, centros educativos y otras instituciones de la sociedad con el objetivo de que el alumnado contribuya con su trabajo a mejorar el entorno que le rodea\u00a0...","og_url":"https:\/\/www.ull.es\/portal\/aprendizajeservicio\/como-participar\/profesorado\/","og_site_name":"Programa de Aprendizaje-Servicio ApS-ULL","article_modified_time":"2026-01-14T12:56:18+00:00","twitter_card":"summary_large_image","twitter_misc":{"Tiempo de lectura":"3 minutos"},"schema":{"@context":"https:\/\/schema.org","@graph":[{"@type":"WebPage","@id":"https:\/\/www.ull.es\/portal\/aprendizajeservicio\/como-participar\/profesorado\/","url":"https:\/\/www.ull.es\/portal\/aprendizajeservicio\/como-participar\/profesorado\/","name":"Profesorado - Programa de Aprendizaje-Servicio ApS-ULL","isPartOf":{"@id":"https:\/\/www.ull.es\/portal\/aprendizajeservicio\/#website"},"datePublished":"2022-04-12T22:59:50+00:00","dateModified":"2026-01-14T12:56:18+00:00","breadcrumb":{"@id":"https:\/\/www.ull.es\/portal\/aprendizajeservicio\/como-participar\/profesorado\/#breadcrumb"},"inLanguage":"es","potentialAction":[{"@type":"ReadAction","target":["https:\/\/www.ull.es\/portal\/aprendizajeservicio\/como-participar\/profesorado\/"]}]},{"@type":"BreadcrumbList","@id":"https:\/\/www.ull.es\/portal\/aprendizajeservicio\/como-participar\/profesorado\/#breadcrumb","itemListElement":[{"@type":"ListItem","position":1,"name":"Portada","item":"https:\/\/www.ull.es\/portal\/aprendizajeservicio\/"},{"@type":"ListItem","position":2,"name":"\u00danete","item":"https:\/\/www.ull.es\/portal\/aprendizajeservicio\/como-participar\/"},{"@type":"ListItem","position":3,"name":"Profesorado"}]},{"@type":"WebSite","@id":"https:\/\/www.ull.es\/portal\/aprendizajeservicio\/#website","url":"https:\/\/www.ull.es\/portal\/aprendizajeservicio\/","name":"Programa de Aprendizaje-Servicio ApS-ULL","description":"","potentialAction":[{"@type":"SearchAction","target":{"@type":"EntryPoint","urlTemplate":"https:\/\/www.ull.es\/portal\/aprendizajeservicio\/?s={search_term_string}"},"query-input":"required name=search_term_string"}],"inLanguage":"es"}]}},"_links":{"self":[{"href":"https:\/\/www.ull.es\/portal\/aprendizajeservicio\/wp-json\/wp\/v2\/pages\/222"}],"collection":[{"href":"https:\/\/www.ull.es\/portal\/aprendizajeservicio\/wp-json\/wp\/v2\/pages"}],"about":[{"href":"https:\/\/www.ull.es\/portal\/aprendizajeservicio\/wp-json\/wp\/v2\/types\/page"}],"author":[{"embeddable":true,"href":"https:\/\/www.ull.es\/portal\/aprendizajeservicio\/wp-json\/wp\/v2\/users\/81"}],"replies":[{"embeddable":true,"href":"https:\/\/www.ull.es\/portal\/aprendizajeservicio\/wp-json\/wp\/v2\/comments?post=222"}],"version-history":[{"count":37,"href":"https:\/\/www.ull.es\/portal\/aprendizajeservicio\/wp-json\/wp\/v2\/pages\/222\/revisions"}],"predecessor-version":[{"id":1218,"href":"https:\/\/www.ull.es\/portal\/aprendizajeservicio\/wp-json\/wp\/v2\/pages\/222\/revisions\/1218"}],"up":[{"embeddable":true,"href":"https:\/\/www.ull.es\/portal\/aprendizajeservicio\/wp-json\/wp\/v2\/pages\/89"}],"wp:attachment":[{"href":"https:\/\/www.ull.es\/portal\/aprendizajeservicio\/wp-json\/wp\/v2\/media?parent=222"}],"curies":[{"name":"wp","href":"https:\/\/api.w.org\/{rel}","templated":true}]}}