{"id":244,"date":"2022-04-18T13:31:33","date_gmt":"2022-04-18T13:31:33","guid":{"rendered":"https:\/\/www.ull.es\/portal\/aprendizajeservicio\/?page_id=244"},"modified":"2023-10-04T07:36:07","modified_gmt":"2023-10-04T07:36:07","slug":"antecedentes","status":"publish","type":"page","link":"https:\/\/www.ull.es\/portal\/aprendizajeservicio\/aps-ull\/antecedentes\/","title":{"rendered":"Antecedentes"},"content":{"rendered":"<p>[vc_row][vc_column][vc_column_text]<\/p>\n<h1>Antecedentes<\/h1>\n<p>La Agenda 2030 para el Desarrollo Sostenible ha puesto de manifiesto la diversidad y gravedad de los problemas que ponen en riesgo el planeta y la humanidad en este momento y su cumplimiento constituye una oportunidad para responder a los desaf\u00edos del mundo.\u00a0 Las universidades, y todo el sistema educativo en general,\u00a0 est\u00e1n llamadas a dar respuestas a estos retos y a promover la adopci\u00f3n de nuevas metodolog\u00edas docentes que permitan aumentar su compromiso social y su contribuci\u00f3n al desarrollo sostenible. Es en este contexto donde cobra relevancia la metodolog\u00eda de Aprendizaje-Servicio (ApS).<\/p>\n<p>&nbsp;<\/p>\n<p>La Universidad de La Laguna viene apostando hace tiempo por un cambio en la concepci\u00f3n de la docencia, impulsando un\u00a0\u00a0<a href=\"https:\/\/drive.google.com\/file\/d\/1bk0OhstxUt2NT_PP2G75Hfw-lT-AkwH6\/view\" target=\"_blank\" rel=\"noopener\"><i>Modelo de Ense\u00f1anza Centrada en el Alumnado<\/i><\/a>\u00a0 (MECA-ULL).\u00a0Fruto de esa apuesta se han ido concretando diversas iniciativas para promover el ApS en colaboraci\u00f3n con las entidades sociales y administraciones p\u00fablicas de su entorno. El pasado mes de julio de 2021 la ULL formaliz\u00f3 su compromiso con esta metodolog\u00eda mediante una\u00a0<a href=\"https:\/\/riull.ull.es\/xmlui\/handle\/915\/24792\" target=\"_blank\" rel=\"noopener\">declaraci\u00f3n en apoyo de la institucionalizaci\u00f3n de la metodolog\u00eda de ApS<\/a>\u00a0aprobada por su Consejo de Gobierno. Por \u00faltimo, la ULL tambi\u00e9n ha impulsado y se ha adherido a la\u00a0<a href=\"https:\/\/www.ull.es\/portal\/noticias\/2021\/el-consejo-de-gobierno-de-la-ull-aprueba-el-manual-de-evaluacion-docente-y-varios-titulos-de-posgrado\/\" target=\"_blank\" rel=\"noopener\"><i>Declaraci\u00f3n de Canarias sobre ApS en la educaci\u00f3n superior,<\/i><\/a>\u00a0 un manifiesto emanado de la Red Asociaci\u00f3n Espa\u00f1ola de Aprendizaje-Servicio Universitario y \u00a0la Asociaci\u00f3n de ApS(U)\u00a0en el que se invita a todas las instituciones de educaci\u00f3n superior a impulsar el ApS.<\/p>\n<p>&nbsp;<\/p>\n<p>En este contexto, se pone en marcha en septiembre de 2021 el\u00a0<b>Programa de Aprendizaje-Servicio (ApS-ULL),\u00a0<\/b>una<b>\u00a0iniciativa institucional\u00a0<\/b>que pretende dar a conocer e impulsar esta propuesta\u00a0pedag\u00f3gica dentro y fuera de la comunidad universitaria, que cuenta\u00a0con el apoyo y la implicaci\u00f3n del Cabildo Insular de Tenerife.[\/vc_column_text][\/vc_column][\/vc_row][vc_row][vc_column][vc_single_image image=\u00bb150&#8243; img_size=\u00bbfull\u00bb alignment=\u00bbcenter\u00bb][\/vc_column][\/vc_row]<\/p>\n","protected":false},"excerpt":{"rendered":"<p>[vc_row][vc_column][vc_column_text] Antecedentes La Agenda 2030 para el Desarrollo Sostenible ha puesto de manifiesto la diversidad y gravedad de los problemas que ponen en riesgo el planeta y la humanidad en este momento y su cumplimiento constituye una oportunidad para responder a los desaf\u00edos del mundo.\u00a0 Las universidades, y todo el sistema educativo en general,\u00a0 est\u00e1n&#8230;<\/p>\n","protected":false},"author":81,"featured_media":0,"parent":40,"menu_order":0,"comment_status":"closed","ping_status":"closed","template":"templates\/template-frontpage.php","meta":{"inline_featured_image":false,"footnotes":""},"acf":[],"yoast_head":"<!-- This site is optimized with the Yoast SEO plugin v21.3 - https:\/\/yoast.com\/wordpress\/plugins\/seo\/ -->\n<title>Antecedentes - Programa de Aprendizaje-Servicio ApS-ULL<\/title>\n<meta name=\"robots\" content=\"index, follow, max-snippet:-1, max-image-preview:large, max-video-preview:-1\" \/>\n<link rel=\"canonical\" href=\"https:\/\/www.ull.es\/portal\/aprendizajeservicio\/aps-ull\/antecedentes\/\" \/>\n<meta property=\"og:locale\" content=\"es_ES\" \/>\n<meta property=\"og:type\" content=\"article\" \/>\n<meta property=\"og:title\" content=\"Antecedentes - Programa de Aprendizaje-Servicio ApS-ULL\" \/>\n<meta property=\"og:description\" content=\"[vc_row][vc_column][vc_column_text] Antecedentes La Agenda 2030 para el Desarrollo Sostenible ha puesto de manifiesto la diversidad y gravedad de los problemas que ponen en riesgo el planeta y la humanidad en este momento y su cumplimiento constituye una oportunidad para responder a los desaf\u00edos del mundo.\u00a0 Las universidades, y todo el sistema educativo en general,\u00a0 est\u00e1n...\" \/>\n<meta property=\"og:url\" content=\"https:\/\/www.ull.es\/portal\/aprendizajeservicio\/aps-ull\/antecedentes\/\" \/>\n<meta property=\"og:site_name\" content=\"Programa de Aprendizaje-Servicio ApS-ULL\" \/>\n<meta property=\"article:modified_time\" content=\"2023-10-04T07:36:07+00:00\" \/>\n<meta name=\"twitter:card\" content=\"summary_large_image\" \/>\n<meta name=\"twitter:label1\" content=\"Tiempo de lectura\" \/>\n\t<meta name=\"twitter:data1\" content=\"2 minutos\" \/>\n<script type=\"application\/ld+json\" class=\"yoast-schema-graph\">{\"@context\":\"https:\/\/schema.org\",\"@graph\":[{\"@type\":\"WebPage\",\"@id\":\"https:\/\/www.ull.es\/portal\/aprendizajeservicio\/aps-ull\/antecedentes\/\",\"url\":\"https:\/\/www.ull.es\/portal\/aprendizajeservicio\/aps-ull\/antecedentes\/\",\"name\":\"Antecedentes - Programa de Aprendizaje-Servicio ApS-ULL\",\"isPartOf\":{\"@id\":\"https:\/\/www.ull.es\/portal\/aprendizajeservicio\/#website\"},\"datePublished\":\"2022-04-18T13:31:33+00:00\",\"dateModified\":\"2023-10-04T07:36:07+00:00\",\"breadcrumb\":{\"@id\":\"https:\/\/www.ull.es\/portal\/aprendizajeservicio\/aps-ull\/antecedentes\/#breadcrumb\"},\"inLanguage\":\"es\",\"potentialAction\":[{\"@type\":\"ReadAction\",\"target\":[\"https:\/\/www.ull.es\/portal\/aprendizajeservicio\/aps-ull\/antecedentes\/\"]}]},{\"@type\":\"BreadcrumbList\",\"@id\":\"https:\/\/www.ull.es\/portal\/aprendizajeservicio\/aps-ull\/antecedentes\/#breadcrumb\",\"itemListElement\":[{\"@type\":\"ListItem\",\"position\":1,\"name\":\"Portada\",\"item\":\"https:\/\/www.ull.es\/portal\/aprendizajeservicio\/\"},{\"@type\":\"ListItem\",\"position\":2,\"name\":\"ApS-ULL\",\"item\":\"https:\/\/www.ull.es\/portal\/aprendizajeservicio\/aps-ull\/\"},{\"@type\":\"ListItem\",\"position\":3,\"name\":\"Antecedentes\"}]},{\"@type\":\"WebSite\",\"@id\":\"https:\/\/www.ull.es\/portal\/aprendizajeservicio\/#website\",\"url\":\"https:\/\/www.ull.es\/portal\/aprendizajeservicio\/\",\"name\":\"Programa de Aprendizaje-Servicio ApS-ULL\",\"description\":\"\",\"potentialAction\":[{\"@type\":\"SearchAction\",\"target\":{\"@type\":\"EntryPoint\",\"urlTemplate\":\"https:\/\/www.ull.es\/portal\/aprendizajeservicio\/?s={search_term_string}\"},\"query-input\":\"required name=search_term_string\"}],\"inLanguage\":\"es\"}]}<\/script>\n<!-- \/ Yoast SEO plugin. -->","yoast_head_json":{"title":"Antecedentes - Programa de Aprendizaje-Servicio ApS-ULL","robots":{"index":"index","follow":"follow","max-snippet":"max-snippet:-1","max-image-preview":"max-image-preview:large","max-video-preview":"max-video-preview:-1"},"canonical":"https:\/\/www.ull.es\/portal\/aprendizajeservicio\/aps-ull\/antecedentes\/","og_locale":"es_ES","og_type":"article","og_title":"Antecedentes - Programa de Aprendizaje-Servicio ApS-ULL","og_description":"[vc_row][vc_column][vc_column_text] Antecedentes La Agenda 2030 para el Desarrollo Sostenible ha puesto de manifiesto la diversidad y gravedad de los problemas que ponen en riesgo el planeta y la humanidad en este momento y su cumplimiento constituye una oportunidad para responder a los desaf\u00edos del mundo.\u00a0 Las universidades, y todo el sistema educativo en general,\u00a0 est\u00e1n...","og_url":"https:\/\/www.ull.es\/portal\/aprendizajeservicio\/aps-ull\/antecedentes\/","og_site_name":"Programa de Aprendizaje-Servicio ApS-ULL","article_modified_time":"2023-10-04T07:36:07+00:00","twitter_card":"summary_large_image","twitter_misc":{"Tiempo de lectura":"2 minutos"},"schema":{"@context":"https:\/\/schema.org","@graph":[{"@type":"WebPage","@id":"https:\/\/www.ull.es\/portal\/aprendizajeservicio\/aps-ull\/antecedentes\/","url":"https:\/\/www.ull.es\/portal\/aprendizajeservicio\/aps-ull\/antecedentes\/","name":"Antecedentes - Programa de Aprendizaje-Servicio ApS-ULL","isPartOf":{"@id":"https:\/\/www.ull.es\/portal\/aprendizajeservicio\/#website"},"datePublished":"2022-04-18T13:31:33+00:00","dateModified":"2023-10-04T07:36:07+00:00","breadcrumb":{"@id":"https:\/\/www.ull.es\/portal\/aprendizajeservicio\/aps-ull\/antecedentes\/#breadcrumb"},"inLanguage":"es","potentialAction":[{"@type":"ReadAction","target":["https:\/\/www.ull.es\/portal\/aprendizajeservicio\/aps-ull\/antecedentes\/"]}]},{"@type":"BreadcrumbList","@id":"https:\/\/www.ull.es\/portal\/aprendizajeservicio\/aps-ull\/antecedentes\/#breadcrumb","itemListElement":[{"@type":"ListItem","position":1,"name":"Portada","item":"https:\/\/www.ull.es\/portal\/aprendizajeservicio\/"},{"@type":"ListItem","position":2,"name":"ApS-ULL","item":"https:\/\/www.ull.es\/portal\/aprendizajeservicio\/aps-ull\/"},{"@type":"ListItem","position":3,"name":"Antecedentes"}]},{"@type":"WebSite","@id":"https:\/\/www.ull.es\/portal\/aprendizajeservicio\/#website","url":"https:\/\/www.ull.es\/portal\/aprendizajeservicio\/","name":"Programa de Aprendizaje-Servicio ApS-ULL","description":"","potentialAction":[{"@type":"SearchAction","target":{"@type":"EntryPoint","urlTemplate":"https:\/\/www.ull.es\/portal\/aprendizajeservicio\/?s={search_term_string}"},"query-input":"required name=search_term_string"}],"inLanguage":"es"}]}},"_links":{"self":[{"href":"https:\/\/www.ull.es\/portal\/aprendizajeservicio\/wp-json\/wp\/v2\/pages\/244"}],"collection":[{"href":"https:\/\/www.ull.es\/portal\/aprendizajeservicio\/wp-json\/wp\/v2\/pages"}],"about":[{"href":"https:\/\/www.ull.es\/portal\/aprendizajeservicio\/wp-json\/wp\/v2\/types\/page"}],"author":[{"embeddable":true,"href":"https:\/\/www.ull.es\/portal\/aprendizajeservicio\/wp-json\/wp\/v2\/users\/81"}],"replies":[{"embeddable":true,"href":"https:\/\/www.ull.es\/portal\/aprendizajeservicio\/wp-json\/wp\/v2\/comments?post=244"}],"version-history":[{"count":5,"href":"https:\/\/www.ull.es\/portal\/aprendizajeservicio\/wp-json\/wp\/v2\/pages\/244\/revisions"}],"predecessor-version":[{"id":255,"href":"https:\/\/www.ull.es\/portal\/aprendizajeservicio\/wp-json\/wp\/v2\/pages\/244\/revisions\/255"}],"up":[{"embeddable":true,"href":"https:\/\/www.ull.es\/portal\/aprendizajeservicio\/wp-json\/wp\/v2\/pages\/40"}],"wp:attachment":[{"href":"https:\/\/www.ull.es\/portal\/aprendizajeservicio\/wp-json\/wp\/v2\/media?parent=244"}],"curies":[{"name":"wp","href":"https:\/\/api.w.org\/{rel}","templated":true}]}}