{"id":247,"date":"2022-04-18T13:31:04","date_gmt":"2022-04-18T13:31:04","guid":{"rendered":"https:\/\/www.ull.es\/portal\/aprendizajeservicio\/?page_id=247"},"modified":"2023-10-04T07:36:07","modified_gmt":"2023-10-04T07:36:07","slug":"que-ofrecemos","status":"publish","type":"page","link":"https:\/\/www.ull.es\/portal\/aprendizajeservicio\/aps-ull\/que-ofrecemos\/","title":{"rendered":"\u00bfQu\u00e9 ofrecemos?"},"content":{"rendered":"<p>[vc_row][vc_column][vc_column_text]<\/p>\n<h1>\u00bfQu\u00e9 ofrecemos?<\/h1>\n<ul>\n<li><b>Formaci\u00f3n<\/b>\u00a0del profesorado (universitario y no universitario), organizaciones sociales y administraciones p\u00fablicas en la metodolog\u00eda ApS.<\/li>\n<li><b>Asesoramiento<\/b>\u00a0en el dise\u00f1o y evaluaci\u00f3n de los proyectos ApS.<\/li>\n<li><b>Dinamizaci\u00f3n<\/b>\u00a0de proyectos ApS y de comunidades de aprendizaje mutuo con entidades sociales.<\/li>\n<li><b>Reconocimiento y visibilizaci\u00f3n<\/b>\u00a0de los proyectos ApS y sus responsables.<\/li>\n<\/ul>\n<p>[\/vc_column_text][\/vc_column][\/vc_row][vc_row][vc_column][vc_single_image image=\u00bb151&#8243; img_size=\u00bbfull\u00bb alignment=\u00bbcenter\u00bb][\/vc_column][\/vc_row]<\/p>\n","protected":false},"excerpt":{"rendered":"<p>[vc_row][vc_column][vc_column_text] \u00bfQu\u00e9 ofrecemos? Formaci\u00f3n\u00a0del profesorado (universitario y no universitario), organizaciones sociales y administraciones p\u00fablicas en la metodolog\u00eda ApS. Asesoramiento\u00a0en el dise\u00f1o y evaluaci\u00f3n de los proyectos ApS. Dinamizaci\u00f3n\u00a0de proyectos ApS y de comunidades de aprendizaje mutuo con entidades sociales. Reconocimiento y visibilizaci\u00f3n\u00a0de los proyectos ApS y sus responsables. [\/vc_column_text][\/vc_column][\/vc_row][vc_row][vc_column][vc_single_image image=\u00bb151&#8243; img_size=\u00bbfull\u00bb alignment=\u00bbcenter\u00bb][\/vc_column][\/vc_row]<\/p>\n","protected":false},"author":81,"featured_media":0,"parent":40,"menu_order":0,"comment_status":"closed","ping_status":"closed","template":"templates\/template-frontpage.php","meta":{"inline_featured_image":false,"footnotes":""},"acf":[],"yoast_head":"<!-- This site is optimized with the Yoast SEO plugin v21.3 - https:\/\/yoast.com\/wordpress\/plugins\/seo\/ -->\n<title>\u00bfQu\u00e9 ofrecemos? - Programa de Aprendizaje-Servicio ApS-ULL<\/title>\n<meta name=\"robots\" content=\"index, follow, max-snippet:-1, max-image-preview:large, max-video-preview:-1\" \/>\n<link rel=\"canonical\" href=\"https:\/\/www.ull.es\/portal\/aprendizajeservicio\/aps-ull\/que-ofrecemos\/\" \/>\n<meta property=\"og:locale\" content=\"es_ES\" \/>\n<meta property=\"og:type\" content=\"article\" \/>\n<meta property=\"og:title\" content=\"\u00bfQu\u00e9 ofrecemos? - Programa de Aprendizaje-Servicio ApS-ULL\" \/>\n<meta property=\"og:description\" content=\"[vc_row][vc_column][vc_column_text] \u00bfQu\u00e9 ofrecemos? Formaci\u00f3n\u00a0del profesorado (universitario y no universitario), organizaciones sociales y administraciones p\u00fablicas en la metodolog\u00eda ApS. Asesoramiento\u00a0en el dise\u00f1o y evaluaci\u00f3n de los proyectos ApS. Dinamizaci\u00f3n\u00a0de proyectos ApS y de comunidades de aprendizaje mutuo con entidades sociales. Reconocimiento y visibilizaci\u00f3n\u00a0de los proyectos ApS y sus responsables. [\/vc_column_text][\/vc_column][\/vc_row][vc_row][vc_column][vc_single_image image=\u00bb151&#8243; img_size=\u00bbfull\u00bb alignment=\u00bbcenter\u00bb][\/vc_column][\/vc_row]\" \/>\n<meta property=\"og:url\" content=\"https:\/\/www.ull.es\/portal\/aprendizajeservicio\/aps-ull\/que-ofrecemos\/\" \/>\n<meta property=\"og:site_name\" content=\"Programa de Aprendizaje-Servicio ApS-ULL\" \/>\n<meta property=\"article:modified_time\" content=\"2023-10-04T07:36:07+00:00\" \/>\n<meta name=\"twitter:card\" content=\"summary_large_image\" \/>\n<meta name=\"twitter:label1\" content=\"Tiempo de lectura\" \/>\n\t<meta name=\"twitter:data1\" content=\"1 minuto\" \/>\n<script type=\"application\/ld+json\" class=\"yoast-schema-graph\">{\"@context\":\"https:\/\/schema.org\",\"@graph\":[{\"@type\":\"WebPage\",\"@id\":\"https:\/\/www.ull.es\/portal\/aprendizajeservicio\/aps-ull\/que-ofrecemos\/\",\"url\":\"https:\/\/www.ull.es\/portal\/aprendizajeservicio\/aps-ull\/que-ofrecemos\/\",\"name\":\"\u00bfQu\u00e9 ofrecemos? - Programa de Aprendizaje-Servicio ApS-ULL\",\"isPartOf\":{\"@id\":\"https:\/\/www.ull.es\/portal\/aprendizajeservicio\/#website\"},\"datePublished\":\"2022-04-18T13:31:04+00:00\",\"dateModified\":\"2023-10-04T07:36:07+00:00\",\"breadcrumb\":{\"@id\":\"https:\/\/www.ull.es\/portal\/aprendizajeservicio\/aps-ull\/que-ofrecemos\/#breadcrumb\"},\"inLanguage\":\"es\",\"potentialAction\":[{\"@type\":\"ReadAction\",\"target\":[\"https:\/\/www.ull.es\/portal\/aprendizajeservicio\/aps-ull\/que-ofrecemos\/\"]}]},{\"@type\":\"BreadcrumbList\",\"@id\":\"https:\/\/www.ull.es\/portal\/aprendizajeservicio\/aps-ull\/que-ofrecemos\/#breadcrumb\",\"itemListElement\":[{\"@type\":\"ListItem\",\"position\":1,\"name\":\"Portada\",\"item\":\"https:\/\/www.ull.es\/portal\/aprendizajeservicio\/\"},{\"@type\":\"ListItem\",\"position\":2,\"name\":\"ApS-ULL\",\"item\":\"https:\/\/www.ull.es\/portal\/aprendizajeservicio\/aps-ull\/\"},{\"@type\":\"ListItem\",\"position\":3,\"name\":\"\u00bfQu\u00e9 ofrecemos?\"}]},{\"@type\":\"WebSite\",\"@id\":\"https:\/\/www.ull.es\/portal\/aprendizajeservicio\/#website\",\"url\":\"https:\/\/www.ull.es\/portal\/aprendizajeservicio\/\",\"name\":\"Programa de Aprendizaje-Servicio ApS-ULL\",\"description\":\"\",\"potentialAction\":[{\"@type\":\"SearchAction\",\"target\":{\"@type\":\"EntryPoint\",\"urlTemplate\":\"https:\/\/www.ull.es\/portal\/aprendizajeservicio\/?s={search_term_string}\"},\"query-input\":\"required name=search_term_string\"}],\"inLanguage\":\"es\"}]}<\/script>\n<!-- \/ Yoast SEO plugin. -->","yoast_head_json":{"title":"\u00bfQu\u00e9 ofrecemos? - Programa de Aprendizaje-Servicio ApS-ULL","robots":{"index":"index","follow":"follow","max-snippet":"max-snippet:-1","max-image-preview":"max-image-preview:large","max-video-preview":"max-video-preview:-1"},"canonical":"https:\/\/www.ull.es\/portal\/aprendizajeservicio\/aps-ull\/que-ofrecemos\/","og_locale":"es_ES","og_type":"article","og_title":"\u00bfQu\u00e9 ofrecemos? - Programa de Aprendizaje-Servicio ApS-ULL","og_description":"[vc_row][vc_column][vc_column_text] \u00bfQu\u00e9 ofrecemos? Formaci\u00f3n\u00a0del profesorado (universitario y no universitario), organizaciones sociales y administraciones p\u00fablicas en la metodolog\u00eda ApS. Asesoramiento\u00a0en el dise\u00f1o y evaluaci\u00f3n de los proyectos ApS. Dinamizaci\u00f3n\u00a0de proyectos ApS y de comunidades de aprendizaje mutuo con entidades sociales. Reconocimiento y visibilizaci\u00f3n\u00a0de los proyectos ApS y sus responsables. [\/vc_column_text][\/vc_column][\/vc_row][vc_row][vc_column][vc_single_image image=\u00bb151&#8243; img_size=\u00bbfull\u00bb alignment=\u00bbcenter\u00bb][\/vc_column][\/vc_row]","og_url":"https:\/\/www.ull.es\/portal\/aprendizajeservicio\/aps-ull\/que-ofrecemos\/","og_site_name":"Programa de Aprendizaje-Servicio ApS-ULL","article_modified_time":"2023-10-04T07:36:07+00:00","twitter_card":"summary_large_image","twitter_misc":{"Tiempo de lectura":"1 minuto"},"schema":{"@context":"https:\/\/schema.org","@graph":[{"@type":"WebPage","@id":"https:\/\/www.ull.es\/portal\/aprendizajeservicio\/aps-ull\/que-ofrecemos\/","url":"https:\/\/www.ull.es\/portal\/aprendizajeservicio\/aps-ull\/que-ofrecemos\/","name":"\u00bfQu\u00e9 ofrecemos? - Programa de Aprendizaje-Servicio ApS-ULL","isPartOf":{"@id":"https:\/\/www.ull.es\/portal\/aprendizajeservicio\/#website"},"datePublished":"2022-04-18T13:31:04+00:00","dateModified":"2023-10-04T07:36:07+00:00","breadcrumb":{"@id":"https:\/\/www.ull.es\/portal\/aprendizajeservicio\/aps-ull\/que-ofrecemos\/#breadcrumb"},"inLanguage":"es","potentialAction":[{"@type":"ReadAction","target":["https:\/\/www.ull.es\/portal\/aprendizajeservicio\/aps-ull\/que-ofrecemos\/"]}]},{"@type":"BreadcrumbList","@id":"https:\/\/www.ull.es\/portal\/aprendizajeservicio\/aps-ull\/que-ofrecemos\/#breadcrumb","itemListElement":[{"@type":"ListItem","position":1,"name":"Portada","item":"https:\/\/www.ull.es\/portal\/aprendizajeservicio\/"},{"@type":"ListItem","position":2,"name":"ApS-ULL","item":"https:\/\/www.ull.es\/portal\/aprendizajeservicio\/aps-ull\/"},{"@type":"ListItem","position":3,"name":"\u00bfQu\u00e9 ofrecemos?"}]},{"@type":"WebSite","@id":"https:\/\/www.ull.es\/portal\/aprendizajeservicio\/#website","url":"https:\/\/www.ull.es\/portal\/aprendizajeservicio\/","name":"Programa de Aprendizaje-Servicio ApS-ULL","description":"","potentialAction":[{"@type":"SearchAction","target":{"@type":"EntryPoint","urlTemplate":"https:\/\/www.ull.es\/portal\/aprendizajeservicio\/?s={search_term_string}"},"query-input":"required name=search_term_string"}],"inLanguage":"es"}]}},"_links":{"self":[{"href":"https:\/\/www.ull.es\/portal\/aprendizajeservicio\/wp-json\/wp\/v2\/pages\/247"}],"collection":[{"href":"https:\/\/www.ull.es\/portal\/aprendizajeservicio\/wp-json\/wp\/v2\/pages"}],"about":[{"href":"https:\/\/www.ull.es\/portal\/aprendizajeservicio\/wp-json\/wp\/v2\/types\/page"}],"author":[{"embeddable":true,"href":"https:\/\/www.ull.es\/portal\/aprendizajeservicio\/wp-json\/wp\/v2\/users\/81"}],"replies":[{"embeddable":true,"href":"https:\/\/www.ull.es\/portal\/aprendizajeservicio\/wp-json\/wp\/v2\/comments?post=247"}],"version-history":[{"count":4,"href":"https:\/\/www.ull.es\/portal\/aprendizajeservicio\/wp-json\/wp\/v2\/pages\/247\/revisions"}],"predecessor-version":[{"id":258,"href":"https:\/\/www.ull.es\/portal\/aprendizajeservicio\/wp-json\/wp\/v2\/pages\/247\/revisions\/258"}],"up":[{"embeddable":true,"href":"https:\/\/www.ull.es\/portal\/aprendizajeservicio\/wp-json\/wp\/v2\/pages\/40"}],"wp:attachment":[{"href":"https:\/\/www.ull.es\/portal\/aprendizajeservicio\/wp-json\/wp\/v2\/media?parent=247"}],"curies":[{"name":"wp","href":"https:\/\/api.w.org\/{rel}","templated":true}]}}