{"id":283,"date":"2022-05-18T21:50:03","date_gmt":"2022-05-18T21:50:03","guid":{"rendered":"https:\/\/www.ull.es\/portal\/aprendizajeservicio\/?page_id=283"},"modified":"2023-10-04T07:36:09","modified_gmt":"2023-10-04T07:36:09","slug":"declaracion-de-canarias-sobre-aps","status":"publish","type":"page","link":"https:\/\/www.ull.es\/portal\/aprendizajeservicio\/declaracion-de-canarias-sobre-aps\/","title":{"rendered":"Declaraci\u00f3n de Canarias sobre ApS"},"content":{"rendered":"<p>[vc_row][vc_column][vc_column_text]<\/p>\n<h3><span style=\"color: #570585\">Declaraci\u00f3n de Canarias sobre ApS en la educaci\u00f3n superior<\/span><\/h3>\n<p>La ULL tambi\u00e9n ha impulsado y se ha adherido el pasado 8 de noviembre de 2021 a la <a href=\"https:\/\/www.ull.es\/portal\/noticias\/2021\/el-consejo-de-gobierno-de-la-ull-aprueba-el-manual-de-evaluacion-docente-y-varios-titulos-de-posgrado\/\" target=\"_blank\" rel=\"noopener\"><i>Declaraci\u00f3n de Canarias sobre ApS en la educaci\u00f3n superior,<\/i><\/a>\u00a0 un manifiesto emanado de la Red Asociaci\u00f3n Espa\u00f1ola de Aprendizaje-Servicio Universitario y \u00a0la <a href=\"https:\/\/www.apsuniversitario.org\" target=\"_blank\" rel=\"noopener\">Asociaci\u00f3n de ApS(U)<\/a> en el \u00faltimo Congreso Nacional de Aprendizaje-Servicio Universitario que se invita a todas las instituciones de educaci\u00f3n superior a impulsar el ApS.<\/p>\n<p>&nbsp;<\/p>\n<p>[\/vc_column_text][\/vc_column][\/vc_row][vc_row][vc_column][vc_single_image image=\u00bb348&#8243; img_size=\u00bblarge\u00bb add_caption=\u00bbyes\u00bb alignment=\u00bbcenter\u00bb onclick=\u00bbzoom\u00bb title=\u00bbAdhesi\u00f3n a la Declaraci\u00f3n de Canarias sobre ApS en la Educaci\u00f3n Superior\u00bb][\/vc_column][\/vc_row]<\/p>\n","protected":false},"excerpt":{"rendered":"<p>[vc_row][vc_column][vc_column_text] Declaraci\u00f3n de Canarias sobre ApS en la educaci\u00f3n superior La ULL tambi\u00e9n ha impulsado y se ha adherido el pasado 8 de noviembre de 2021 a la Declaraci\u00f3n de Canarias sobre ApS en la educaci\u00f3n superior,\u00a0 un manifiesto emanado de la Red Asociaci\u00f3n Espa\u00f1ola de Aprendizaje-Servicio Universitario y \u00a0la Asociaci\u00f3n de ApS(U) en el&#8230;<\/p>\n","protected":false},"author":81,"featured_media":0,"parent":0,"menu_order":0,"comment_status":"closed","ping_status":"closed","template":"templates\/template-frontpage.php","meta":{"inline_featured_image":false,"footnotes":""},"acf":[],"yoast_head":"<!-- This site is optimized with the Yoast SEO plugin v21.3 - https:\/\/yoast.com\/wordpress\/plugins\/seo\/ -->\n<title>Declaraci\u00f3n de Canarias sobre ApS - Programa de Aprendizaje-Servicio ApS-ULL<\/title>\n<meta name=\"robots\" content=\"index, follow, max-snippet:-1, max-image-preview:large, max-video-preview:-1\" \/>\n<link rel=\"canonical\" href=\"https:\/\/www.ull.es\/portal\/aprendizajeservicio\/declaracion-de-canarias-sobre-aps\/\" \/>\n<meta property=\"og:locale\" content=\"es_ES\" \/>\n<meta property=\"og:type\" content=\"article\" \/>\n<meta property=\"og:title\" content=\"Declaraci\u00f3n de Canarias sobre ApS - Programa de Aprendizaje-Servicio ApS-ULL\" \/>\n<meta property=\"og:description\" content=\"[vc_row][vc_column][vc_column_text] Declaraci\u00f3n de Canarias sobre ApS en la educaci\u00f3n superior La ULL tambi\u00e9n ha impulsado y se ha adherido el pasado 8 de noviembre de 2021 a la Declaraci\u00f3n de Canarias sobre ApS en la educaci\u00f3n superior,\u00a0 un manifiesto emanado de la Red Asociaci\u00f3n Espa\u00f1ola de Aprendizaje-Servicio Universitario y \u00a0la Asociaci\u00f3n de ApS(U) en el...\" \/>\n<meta property=\"og:url\" content=\"https:\/\/www.ull.es\/portal\/aprendizajeservicio\/declaracion-de-canarias-sobre-aps\/\" \/>\n<meta property=\"og:site_name\" content=\"Programa de Aprendizaje-Servicio ApS-ULL\" \/>\n<meta property=\"article:modified_time\" content=\"2023-10-04T07:36:09+00:00\" \/>\n<meta name=\"twitter:card\" content=\"summary_large_image\" \/>\n<meta name=\"twitter:label1\" content=\"Tiempo de lectura\" \/>\n\t<meta name=\"twitter:data1\" content=\"1 minuto\" \/>\n<script type=\"application\/ld+json\" class=\"yoast-schema-graph\">{\"@context\":\"https:\/\/schema.org\",\"@graph\":[{\"@type\":\"WebPage\",\"@id\":\"https:\/\/www.ull.es\/portal\/aprendizajeservicio\/declaracion-de-canarias-sobre-aps\/\",\"url\":\"https:\/\/www.ull.es\/portal\/aprendizajeservicio\/declaracion-de-canarias-sobre-aps\/\",\"name\":\"Declaraci\u00f3n de Canarias sobre ApS - Programa de Aprendizaje-Servicio ApS-ULL\",\"isPartOf\":{\"@id\":\"https:\/\/www.ull.es\/portal\/aprendizajeservicio\/#website\"},\"datePublished\":\"2022-05-18T21:50:03+00:00\",\"dateModified\":\"2023-10-04T07:36:09+00:00\",\"breadcrumb\":{\"@id\":\"https:\/\/www.ull.es\/portal\/aprendizajeservicio\/declaracion-de-canarias-sobre-aps\/#breadcrumb\"},\"inLanguage\":\"es\",\"potentialAction\":[{\"@type\":\"ReadAction\",\"target\":[\"https:\/\/www.ull.es\/portal\/aprendizajeservicio\/declaracion-de-canarias-sobre-aps\/\"]}]},{\"@type\":\"BreadcrumbList\",\"@id\":\"https:\/\/www.ull.es\/portal\/aprendizajeservicio\/declaracion-de-canarias-sobre-aps\/#breadcrumb\",\"itemListElement\":[{\"@type\":\"ListItem\",\"position\":1,\"name\":\"Portada\",\"item\":\"https:\/\/www.ull.es\/portal\/aprendizajeservicio\/\"},{\"@type\":\"ListItem\",\"position\":2,\"name\":\"Declaraci\u00f3n de Canarias sobre ApS\"}]},{\"@type\":\"WebSite\",\"@id\":\"https:\/\/www.ull.es\/portal\/aprendizajeservicio\/#website\",\"url\":\"https:\/\/www.ull.es\/portal\/aprendizajeservicio\/\",\"name\":\"Programa de Aprendizaje-Servicio ApS-ULL\",\"description\":\"\",\"potentialAction\":[{\"@type\":\"SearchAction\",\"target\":{\"@type\":\"EntryPoint\",\"urlTemplate\":\"https:\/\/www.ull.es\/portal\/aprendizajeservicio\/?s={search_term_string}\"},\"query-input\":\"required name=search_term_string\"}],\"inLanguage\":\"es\"}]}<\/script>\n<!-- \/ Yoast SEO plugin. -->","yoast_head_json":{"title":"Declaraci\u00f3n de Canarias sobre ApS - Programa de Aprendizaje-Servicio ApS-ULL","robots":{"index":"index","follow":"follow","max-snippet":"max-snippet:-1","max-image-preview":"max-image-preview:large","max-video-preview":"max-video-preview:-1"},"canonical":"https:\/\/www.ull.es\/portal\/aprendizajeservicio\/declaracion-de-canarias-sobre-aps\/","og_locale":"es_ES","og_type":"article","og_title":"Declaraci\u00f3n de Canarias sobre ApS - Programa de Aprendizaje-Servicio ApS-ULL","og_description":"[vc_row][vc_column][vc_column_text] Declaraci\u00f3n de Canarias sobre ApS en la educaci\u00f3n superior La ULL tambi\u00e9n ha impulsado y se ha adherido el pasado 8 de noviembre de 2021 a la Declaraci\u00f3n de Canarias sobre ApS en la educaci\u00f3n superior,\u00a0 un manifiesto emanado de la Red Asociaci\u00f3n Espa\u00f1ola de Aprendizaje-Servicio Universitario y \u00a0la Asociaci\u00f3n de ApS(U) en el...","og_url":"https:\/\/www.ull.es\/portal\/aprendizajeservicio\/declaracion-de-canarias-sobre-aps\/","og_site_name":"Programa de Aprendizaje-Servicio ApS-ULL","article_modified_time":"2023-10-04T07:36:09+00:00","twitter_card":"summary_large_image","twitter_misc":{"Tiempo de lectura":"1 minuto"},"schema":{"@context":"https:\/\/schema.org","@graph":[{"@type":"WebPage","@id":"https:\/\/www.ull.es\/portal\/aprendizajeservicio\/declaracion-de-canarias-sobre-aps\/","url":"https:\/\/www.ull.es\/portal\/aprendizajeservicio\/declaracion-de-canarias-sobre-aps\/","name":"Declaraci\u00f3n de Canarias sobre ApS - Programa de Aprendizaje-Servicio ApS-ULL","isPartOf":{"@id":"https:\/\/www.ull.es\/portal\/aprendizajeservicio\/#website"},"datePublished":"2022-05-18T21:50:03+00:00","dateModified":"2023-10-04T07:36:09+00:00","breadcrumb":{"@id":"https:\/\/www.ull.es\/portal\/aprendizajeservicio\/declaracion-de-canarias-sobre-aps\/#breadcrumb"},"inLanguage":"es","potentialAction":[{"@type":"ReadAction","target":["https:\/\/www.ull.es\/portal\/aprendizajeservicio\/declaracion-de-canarias-sobre-aps\/"]}]},{"@type":"BreadcrumbList","@id":"https:\/\/www.ull.es\/portal\/aprendizajeservicio\/declaracion-de-canarias-sobre-aps\/#breadcrumb","itemListElement":[{"@type":"ListItem","position":1,"name":"Portada","item":"https:\/\/www.ull.es\/portal\/aprendizajeservicio\/"},{"@type":"ListItem","position":2,"name":"Declaraci\u00f3n de Canarias sobre ApS"}]},{"@type":"WebSite","@id":"https:\/\/www.ull.es\/portal\/aprendizajeservicio\/#website","url":"https:\/\/www.ull.es\/portal\/aprendizajeservicio\/","name":"Programa de Aprendizaje-Servicio ApS-ULL","description":"","potentialAction":[{"@type":"SearchAction","target":{"@type":"EntryPoint","urlTemplate":"https:\/\/www.ull.es\/portal\/aprendizajeservicio\/?s={search_term_string}"},"query-input":"required name=search_term_string"}],"inLanguage":"es"}]}},"_links":{"self":[{"href":"https:\/\/www.ull.es\/portal\/aprendizajeservicio\/wp-json\/wp\/v2\/pages\/283"}],"collection":[{"href":"https:\/\/www.ull.es\/portal\/aprendizajeservicio\/wp-json\/wp\/v2\/pages"}],"about":[{"href":"https:\/\/www.ull.es\/portal\/aprendizajeservicio\/wp-json\/wp\/v2\/types\/page"}],"author":[{"embeddable":true,"href":"https:\/\/www.ull.es\/portal\/aprendizajeservicio\/wp-json\/wp\/v2\/users\/81"}],"replies":[{"embeddable":true,"href":"https:\/\/www.ull.es\/portal\/aprendizajeservicio\/wp-json\/wp\/v2\/comments?post=283"}],"version-history":[{"count":8,"href":"https:\/\/www.ull.es\/portal\/aprendizajeservicio\/wp-json\/wp\/v2\/pages\/283\/revisions"}],"predecessor-version":[{"id":982,"href":"https:\/\/www.ull.es\/portal\/aprendizajeservicio\/wp-json\/wp\/v2\/pages\/283\/revisions\/982"}],"wp:attachment":[{"href":"https:\/\/www.ull.es\/portal\/aprendizajeservicio\/wp-json\/wp\/v2\/media?parent=283"}],"curies":[{"name":"wp","href":"https:\/\/api.w.org\/{rel}","templated":true}]}}