{"id":449,"date":"2023-10-03T09:37:32","date_gmt":"2023-10-03T09:37:32","guid":{"rendered":"https:\/\/www.ull.es\/portal\/aprendizajeservicio\/?page_id=449"},"modified":"2023-10-04T12:04:26","modified_gmt":"2023-10-04T12:04:26","slug":"mision-vision-valores","status":"publish","type":"page","link":"https:\/\/www.ull.es\/portal\/aprendizajeservicio\/mision-vision-valores\/","title":{"rendered":"misi\u00f3n, visi\u00f3n y valores"},"content":{"rendered":"\t\t<div data-elementor-type=\"wp-page\" data-elementor-id=\"449\" class=\"elementor elementor-449\">\n\t\t\t\t\t\t\t\t\t<section class=\"elementor-section elementor-top-section elementor-element elementor-element-87c2e97 elementor-section-boxed elementor-section-height-default elementor-section-height-default\" data-id=\"87c2e97\" data-element_type=\"section\" data-settings=\"{&quot;background_background&quot;:&quot;classic&quot;}\">\n\t\t\t\t\t\t<div class=\"elementor-container elementor-column-gap-default\">\n\t\t\t\t\t<div class=\"elementor-column elementor-col-100 elementor-top-column elementor-element elementor-element-f9d6e7f\" data-id=\"f9d6e7f\" data-element_type=\"column\">\n\t\t\t<div class=\"elementor-widget-wrap elementor-element-populated\">\n\t\t\t\t\t\t\t\t<div class=\"elementor-element elementor-element-14b11a7 elementor-widget elementor-widget-heading\" data-id=\"14b11a7\" data-element_type=\"widget\" data-widget_type=\"heading.default\">\n\t\t\t\t<div class=\"elementor-widget-container\">\n\t\t\t<style>\/*! elementor - v3.9.2 - 21-12-2022 *\/\n.elementor-heading-title{padding:0;margin:0;line-height:1}.elementor-widget-heading .elementor-heading-title[class*=elementor-size-]>a{color:inherit;font-size:inherit;line-height:inherit}.elementor-widget-heading .elementor-heading-title.elementor-size-small{font-size:15px}.elementor-widget-heading .elementor-heading-title.elementor-size-medium{font-size:19px}.elementor-widget-heading .elementor-heading-title.elementor-size-large{font-size:29px}.elementor-widget-heading .elementor-heading-title.elementor-size-xl{font-size:39px}.elementor-widget-heading .elementor-heading-title.elementor-size-xxl{font-size:59px}<\/style><h2 class=\"elementor-heading-title elementor-size-default\">Misi\u00f3n, visi\u00f3n y valores<\/h2>\t\t<\/div>\n\t\t\t\t<\/div>\n\t\t\t\t\t<\/div>\n\t\t<\/div>\n\t\t\t\t\t\t\t<\/div>\n\t\t<\/section>\n\t\t\t\t<section class=\"elementor-section elementor-top-section elementor-element elementor-element-09529f4 elementor-section-boxed elementor-section-height-default elementor-section-height-default\" data-id=\"09529f4\" data-element_type=\"section\" data-settings=\"{&quot;background_background&quot;:&quot;gradient&quot;}\">\n\t\t\t\t\t\t<div class=\"elementor-container elementor-column-gap-default\">\n\t\t\t\t\t<div class=\"elementor-column elementor-col-50 elementor-top-column elementor-element elementor-element-c20c207\" data-id=\"c20c207\" data-element_type=\"column\">\n\t\t\t<div class=\"elementor-widget-wrap elementor-element-populated\">\n\t\t\t\t\t\t\t\t<div class=\"elementor-element elementor-element-9197b54 elementor-widget elementor-widget-heading\" data-id=\"9197b54\" data-element_type=\"widget\" data-widget_type=\"heading.default\">\n\t\t\t\t<div class=\"elementor-widget-container\">\n\t\t\t<h2 class=\"elementor-heading-title elementor-size-default\">Misi\u00f3n y visi\u00f3n<\/h2>\t\t<\/div>\n\t\t\t\t<\/div>\n\t\t\t\t<div class=\"elementor-element elementor-element-7e9c878 elementor-widget elementor-widget-text-editor\" data-id=\"7e9c878\" data-element_type=\"widget\" data-widget_type=\"text-editor.default\">\n\t\t\t\t<div class=\"elementor-widget-container\">\n\t\t\t<style>\/*! elementor - v3.9.2 - 21-12-2022 *\/\n.elementor-widget-text-editor.elementor-drop-cap-view-stacked .elementor-drop-cap{background-color:#818a91;color:#fff}.elementor-widget-text-editor.elementor-drop-cap-view-framed .elementor-drop-cap{color:#818a91;border:3px solid;background-color:transparent}.elementor-widget-text-editor:not(.elementor-drop-cap-view-default) .elementor-drop-cap{margin-top:8px}.elementor-widget-text-editor:not(.elementor-drop-cap-view-default) .elementor-drop-cap-letter{width:1em;height:1em}.elementor-widget-text-editor .elementor-drop-cap{float:left;text-align:center;line-height:1;font-size:50px}.elementor-widget-text-editor .elementor-drop-cap-letter{display:inline-block}<\/style>\t\t\t\tEl programa de Aprendizaje-Servicios tiene como misi\u00f3n crear una estructura de apoyo institucional en la Universidad de la Laguna para ofrecer una formaci\u00f3n integral del alumnado y favorecer la transformaci\u00f3n social al crear ciudadanos activos.<br>\n<br>La visi\u00f3n del programa es consolidar la metodolog\u00eda, consiguiendo que sea principal dentro de las diferentes formaciones acad\u00e9micas. \t\t\t\t\t\t<\/div>\n\t\t\t\t<\/div>\n\t\t\t\t\t<\/div>\n\t\t<\/div>\n\t\t\t\t<div class=\"elementor-column elementor-col-50 elementor-top-column elementor-element elementor-element-a23ebe9\" data-id=\"a23ebe9\" data-element_type=\"column\" data-settings=\"{&quot;background_background&quot;:&quot;classic&quot;}\">\n\t\t\t<div class=\"elementor-widget-wrap elementor-element-populated\">\n\t\t\t\t\t\t\t\t<div class=\"elementor-element elementor-element-3874cd0 elementor-widget elementor-widget-spacer\" data-id=\"3874cd0\" data-element_type=\"widget\" data-widget_type=\"spacer.default\">\n\t\t\t\t<div class=\"elementor-widget-container\">\n\t\t\t<style>\/*! elementor - v3.9.2 - 21-12-2022 *\/\n.elementor-column .elementor-spacer-inner{height:var(--spacer-size)}.e-con{--container-widget-width:100%}.e-con-inner>.elementor-widget-spacer,.e-con>.elementor-widget-spacer{width:var(--container-widget-width,var(--spacer-size));--align-self:var(--container-widget-align-self,initial);--flex-shrink:0}.e-con-inner>.elementor-widget-spacer>.elementor-widget-container,.e-con-inner>.elementor-widget-spacer>.elementor-widget-container>.elementor-spacer,.e-con>.elementor-widget-spacer>.elementor-widget-container,.e-con>.elementor-widget-spacer>.elementor-widget-container>.elementor-spacer{height:100%}.e-con-inner>.elementor-widget-spacer>.elementor-widget-container>.elementor-spacer>.elementor-spacer-inner,.e-con>.elementor-widget-spacer>.elementor-widget-container>.elementor-spacer>.elementor-spacer-inner{height:var(--container-widget-height,var(--spacer-size))}<\/style>\t\t<div class=\"elementor-spacer\">\n\t\t\t<div class=\"elementor-spacer-inner\"><\/div>\n\t\t<\/div>\n\t\t\t\t<\/div>\n\t\t\t\t<\/div>\n\t\t\t\t\t<\/div>\n\t\t<\/div>\n\t\t\t\t\t\t\t<\/div>\n\t\t<\/section>\n\t\t\t\t<section class=\"elementor-section elementor-top-section elementor-element elementor-element-76d5599 elementor-section-boxed elementor-section-height-default elementor-section-height-default\" data-id=\"76d5599\" data-element_type=\"section\" data-settings=\"{&quot;background_background&quot;:&quot;gradient&quot;}\">\n\t\t\t\t\t\t<div class=\"elementor-container elementor-column-gap-default\">\n\t\t\t\t\t<div class=\"elementor-column elementor-col-50 elementor-top-column elementor-element elementor-element-1029d61\" data-id=\"1029d61\" data-element_type=\"column\" data-settings=\"{&quot;background_background&quot;:&quot;classic&quot;}\">\n\t\t\t<div class=\"elementor-widget-wrap elementor-element-populated\">\n\t\t\t\t\t\t\t\t<div class=\"elementor-element elementor-element-d1f5385 elementor-widget elementor-widget-spacer\" data-id=\"d1f5385\" data-element_type=\"widget\" data-widget_type=\"spacer.default\">\n\t\t\t\t<div class=\"elementor-widget-container\">\n\t\t\t\t\t<div class=\"elementor-spacer\">\n\t\t\t<div class=\"elementor-spacer-inner\"><\/div>\n\t\t<\/div>\n\t\t\t\t<\/div>\n\t\t\t\t<\/div>\n\t\t\t\t\t<\/div>\n\t\t<\/div>\n\t\t\t\t<div class=\"elementor-column elementor-col-50 elementor-top-column elementor-element elementor-element-e00edab\" data-id=\"e00edab\" data-element_type=\"column\">\n\t\t\t<div class=\"elementor-widget-wrap elementor-element-populated\">\n\t\t\t\t\t\t\t\t<div class=\"elementor-element elementor-element-f3d1e2c elementor-widget elementor-widget-heading\" data-id=\"f3d1e2c\" data-element_type=\"widget\" data-widget_type=\"heading.default\">\n\t\t\t\t<div class=\"elementor-widget-container\">\n\t\t\t<h2 class=\"elementor-heading-title elementor-size-default\">Valores<\/h2>\t\t<\/div>\n\t\t\t\t<\/div>\n\t\t\t\t<div class=\"elementor-element elementor-element-e9ef21f elementor-widget elementor-widget-text-editor\" data-id=\"e9ef21f\" data-element_type=\"widget\" data-widget_type=\"text-editor.default\">\n\t\t\t\t<div class=\"elementor-widget-container\">\n\t\t\t\t\t\t\tLas universidades est\u00e1n llamadas a dar respuestas a todos los retos incluidos en la <a href=\"https:\/\/www.un.org\/sustainabledevelopment\/es\/development-agenda\/\" target=\"_blank\" rel=\"noopener\">Agenda 2030 para el Desarrollo sostenible<\/a> y a promover, entre otras medidas, la adopci\u00f3n de metodolog\u00edas docentes que permitan aumentar su compromiso social y su contribuci\u00f3n al desarrollo sostenible.<br>\n\n<br>Por su propia naturaleza, el programa de Aprendizaje &#8211; Servicios ULL se compromete con los proyectos que contribuyen significativamente al logro de las metas\nque se contemplan en la <a href=\"https:\/\/www.gobiernodecanarias.org\/agendacanaria2030\/\" target=\"_blank\" rel=\"noopener\">Agenda Canaria 2030.<\/a>\t\t\t\t\t\t<\/div>\n\t\t\t\t<\/div>\n\t\t\t\t\t<\/div>\n\t\t<\/div>\n\t\t\t\t\t\t\t<\/div>\n\t\t<\/section>\n\t\t\t\t<section class=\"elementor-section elementor-top-section elementor-element elementor-element-ffa5dd6 elementor-section-boxed elementor-section-height-default elementor-section-height-default\" data-id=\"ffa5dd6\" data-element_type=\"section\" data-settings=\"{&quot;background_background&quot;:&quot;gradient&quot;}\">\n\t\t\t\t\t\t<div class=\"elementor-container elementor-column-gap-default\">\n\t\t\t\t\t<div class=\"elementor-column elementor-col-50 elementor-top-column elementor-element elementor-element-8836bed\" data-id=\"8836bed\" data-element_type=\"column\">\n\t\t\t<div class=\"elementor-widget-wrap elementor-element-populated\">\n\t\t\t\t\t\t\t\t<div class=\"elementor-element elementor-element-b5efc58 elementor-widget elementor-widget-heading\" data-id=\"b5efc58\" data-element_type=\"widget\" data-widget_type=\"heading.default\">\n\t\t\t\t<div class=\"elementor-widget-container\">\n\t\t\t<h2 class=\"elementor-heading-title elementor-size-default\">Objetivos<\/h2>\t\t<\/div>\n\t\t\t\t<\/div>\n\t\t\t\t<div class=\"elementor-element elementor-element-fdd9258 elementor-widget elementor-widget-text-editor\" data-id=\"fdd9258\" data-element_type=\"widget\" data-widget_type=\"text-editor.default\">\n\t\t\t\t<div class=\"elementor-widget-container\">\n\t\t\t\t\t\t\t<p>El objetivo principal es la formaci\u00f3n de profesionales socialmente responsables, ya que, junto con el aprendizaje de contenidos, competencias y habilidades propias de cada titulaci\u00f3n, desarrolla el compromiso c\u00edvico y social a partir de la pr\u00e1ctica reflexiva y una ciudadan\u00eda activa.<\/p>\t\t\t\t\t\t<\/div>\n\t\t\t\t<\/div>\n\t\t\t\t\t<\/div>\n\t\t<\/div>\n\t\t\t\t<div class=\"elementor-column elementor-col-50 elementor-top-column elementor-element elementor-element-fb0d356\" data-id=\"fb0d356\" data-element_type=\"column\" data-settings=\"{&quot;background_background&quot;:&quot;classic&quot;}\">\n\t\t\t<div class=\"elementor-widget-wrap elementor-element-populated\">\n\t\t\t\t\t\t\t\t<div class=\"elementor-element elementor-element-718528e elementor-widget elementor-widget-spacer\" data-id=\"718528e\" data-element_type=\"widget\" data-widget_type=\"spacer.default\">\n\t\t\t\t<div class=\"elementor-widget-container\">\n\t\t\t\t\t<div class=\"elementor-spacer\">\n\t\t\t<div class=\"elementor-spacer-inner\"><\/div>\n\t\t<\/div>\n\t\t\t\t<\/div>\n\t\t\t\t<\/div>\n\t\t\t\t\t<\/div>\n\t\t<\/div>\n\t\t\t\t\t\t\t<\/div>\n\t\t<\/section>\n\t\t\t\t\t\t\t<\/div>\n\t\t","protected":false},"excerpt":{"rendered":"<p>Misi\u00f3n, visi\u00f3n y valores Misi\u00f3n y visi\u00f3n El programa de Aprendizaje-Servicios tiene como misi\u00f3n crear una estructura de apoyo institucional en la Universidad de la Laguna para ofrecer una formaci\u00f3n integral del alumnado y favorecer la transformaci\u00f3n social al crear ciudadanos activos. La visi\u00f3n del programa es consolidar la metodolog\u00eda, consiguiendo que sea principal dentro&#8230;<\/p>\n","protected":false},"author":97,"featured_media":0,"parent":0,"menu_order":0,"comment_status":"closed","ping_status":"closed","template":"elementor_header_footer","meta":{"inline_featured_image":false,"footnotes":""},"acf":[],"yoast_head":"<!-- This site is optimized with the Yoast SEO plugin v21.3 - https:\/\/yoast.com\/wordpress\/plugins\/seo\/ -->\n<title>misi\u00f3n, visi\u00f3n y valores - Programa de Aprendizaje-Servicio ApS-ULL<\/title>\n<meta name=\"robots\" content=\"index, follow, max-snippet:-1, max-image-preview:large, max-video-preview:-1\" \/>\n<link rel=\"canonical\" href=\"https:\/\/www.ull.es\/portal\/aprendizajeservicio\/mision-vision-valores\/\" \/>\n<meta property=\"og:locale\" content=\"es_ES\" \/>\n<meta property=\"og:type\" content=\"article\" \/>\n<meta property=\"og:title\" content=\"misi\u00f3n, visi\u00f3n y valores - Programa de Aprendizaje-Servicio ApS-ULL\" \/>\n<meta property=\"og:description\" content=\"Misi\u00f3n, visi\u00f3n y valores Misi\u00f3n y visi\u00f3n El programa de Aprendizaje-Servicios tiene como misi\u00f3n crear una estructura de apoyo institucional en la Universidad de la Laguna para ofrecer una formaci\u00f3n integral del alumnado y favorecer la transformaci\u00f3n social al crear ciudadanos activos. La visi\u00f3n del programa es consolidar la metodolog\u00eda, consiguiendo que sea principal dentro...\" \/>\n<meta property=\"og:url\" content=\"https:\/\/www.ull.es\/portal\/aprendizajeservicio\/mision-vision-valores\/\" \/>\n<meta property=\"og:site_name\" content=\"Programa de Aprendizaje-Servicio ApS-ULL\" \/>\n<meta property=\"article:modified_time\" content=\"2023-10-04T12:04:26+00:00\" \/>\n<meta name=\"twitter:card\" content=\"summary_large_image\" \/>\n<meta name=\"twitter:label1\" content=\"Tiempo de lectura\" \/>\n\t<meta name=\"twitter:data1\" content=\"1 minuto\" \/>\n<script type=\"application\/ld+json\" class=\"yoast-schema-graph\">{\"@context\":\"https:\/\/schema.org\",\"@graph\":[{\"@type\":\"WebPage\",\"@id\":\"https:\/\/www.ull.es\/portal\/aprendizajeservicio\/mision-vision-valores\/\",\"url\":\"https:\/\/www.ull.es\/portal\/aprendizajeservicio\/mision-vision-valores\/\",\"name\":\"misi\u00f3n, visi\u00f3n y valores - Programa de Aprendizaje-Servicio ApS-ULL\",\"isPartOf\":{\"@id\":\"https:\/\/www.ull.es\/portal\/aprendizajeservicio\/#website\"},\"datePublished\":\"2023-10-03T09:37:32+00:00\",\"dateModified\":\"2023-10-04T12:04:26+00:00\",\"breadcrumb\":{\"@id\":\"https:\/\/www.ull.es\/portal\/aprendizajeservicio\/mision-vision-valores\/#breadcrumb\"},\"inLanguage\":\"es\",\"potentialAction\":[{\"@type\":\"ReadAction\",\"target\":[\"https:\/\/www.ull.es\/portal\/aprendizajeservicio\/mision-vision-valores\/\"]}]},{\"@type\":\"BreadcrumbList\",\"@id\":\"https:\/\/www.ull.es\/portal\/aprendizajeservicio\/mision-vision-valores\/#breadcrumb\",\"itemListElement\":[{\"@type\":\"ListItem\",\"position\":1,\"name\":\"Portada\",\"item\":\"https:\/\/www.ull.es\/portal\/aprendizajeservicio\/\"},{\"@type\":\"ListItem\",\"position\":2,\"name\":\"misi\u00f3n, visi\u00f3n y valores\"}]},{\"@type\":\"WebSite\",\"@id\":\"https:\/\/www.ull.es\/portal\/aprendizajeservicio\/#website\",\"url\":\"https:\/\/www.ull.es\/portal\/aprendizajeservicio\/\",\"name\":\"Programa de Aprendizaje-Servicio ApS-ULL\",\"description\":\"\",\"potentialAction\":[{\"@type\":\"SearchAction\",\"target\":{\"@type\":\"EntryPoint\",\"urlTemplate\":\"https:\/\/www.ull.es\/portal\/aprendizajeservicio\/?s={search_term_string}\"},\"query-input\":\"required name=search_term_string\"}],\"inLanguage\":\"es\"}]}<\/script>\n<!-- \/ Yoast SEO plugin. -->","yoast_head_json":{"title":"misi\u00f3n, visi\u00f3n y valores - Programa de Aprendizaje-Servicio ApS-ULL","robots":{"index":"index","follow":"follow","max-snippet":"max-snippet:-1","max-image-preview":"max-image-preview:large","max-video-preview":"max-video-preview:-1"},"canonical":"https:\/\/www.ull.es\/portal\/aprendizajeservicio\/mision-vision-valores\/","og_locale":"es_ES","og_type":"article","og_title":"misi\u00f3n, visi\u00f3n y valores - Programa de Aprendizaje-Servicio ApS-ULL","og_description":"Misi\u00f3n, visi\u00f3n y valores Misi\u00f3n y visi\u00f3n El programa de Aprendizaje-Servicios tiene como misi\u00f3n crear una estructura de apoyo institucional en la Universidad de la Laguna para ofrecer una formaci\u00f3n integral del alumnado y favorecer la transformaci\u00f3n social al crear ciudadanos activos. La visi\u00f3n del programa es consolidar la metodolog\u00eda, consiguiendo que sea principal dentro...","og_url":"https:\/\/www.ull.es\/portal\/aprendizajeservicio\/mision-vision-valores\/","og_site_name":"Programa de Aprendizaje-Servicio ApS-ULL","article_modified_time":"2023-10-04T12:04:26+00:00","twitter_card":"summary_large_image","twitter_misc":{"Tiempo de lectura":"1 minuto"},"schema":{"@context":"https:\/\/schema.org","@graph":[{"@type":"WebPage","@id":"https:\/\/www.ull.es\/portal\/aprendizajeservicio\/mision-vision-valores\/","url":"https:\/\/www.ull.es\/portal\/aprendizajeservicio\/mision-vision-valores\/","name":"misi\u00f3n, visi\u00f3n y valores - Programa de Aprendizaje-Servicio ApS-ULL","isPartOf":{"@id":"https:\/\/www.ull.es\/portal\/aprendizajeservicio\/#website"},"datePublished":"2023-10-03T09:37:32+00:00","dateModified":"2023-10-04T12:04:26+00:00","breadcrumb":{"@id":"https:\/\/www.ull.es\/portal\/aprendizajeservicio\/mision-vision-valores\/#breadcrumb"},"inLanguage":"es","potentialAction":[{"@type":"ReadAction","target":["https:\/\/www.ull.es\/portal\/aprendizajeservicio\/mision-vision-valores\/"]}]},{"@type":"BreadcrumbList","@id":"https:\/\/www.ull.es\/portal\/aprendizajeservicio\/mision-vision-valores\/#breadcrumb","itemListElement":[{"@type":"ListItem","position":1,"name":"Portada","item":"https:\/\/www.ull.es\/portal\/aprendizajeservicio\/"},{"@type":"ListItem","position":2,"name":"misi\u00f3n, visi\u00f3n y valores"}]},{"@type":"WebSite","@id":"https:\/\/www.ull.es\/portal\/aprendizajeservicio\/#website","url":"https:\/\/www.ull.es\/portal\/aprendizajeservicio\/","name":"Programa de Aprendizaje-Servicio ApS-ULL","description":"","potentialAction":[{"@type":"SearchAction","target":{"@type":"EntryPoint","urlTemplate":"https:\/\/www.ull.es\/portal\/aprendizajeservicio\/?s={search_term_string}"},"query-input":"required name=search_term_string"}],"inLanguage":"es"}]}},"_links":{"self":[{"href":"https:\/\/www.ull.es\/portal\/aprendizajeservicio\/wp-json\/wp\/v2\/pages\/449"}],"collection":[{"href":"https:\/\/www.ull.es\/portal\/aprendizajeservicio\/wp-json\/wp\/v2\/pages"}],"about":[{"href":"https:\/\/www.ull.es\/portal\/aprendizajeservicio\/wp-json\/wp\/v2\/types\/page"}],"author":[{"embeddable":true,"href":"https:\/\/www.ull.es\/portal\/aprendizajeservicio\/wp-json\/wp\/v2\/users\/97"}],"replies":[{"embeddable":true,"href":"https:\/\/www.ull.es\/portal\/aprendizajeservicio\/wp-json\/wp\/v2\/comments?post=449"}],"version-history":[{"count":19,"href":"https:\/\/www.ull.es\/portal\/aprendizajeservicio\/wp-json\/wp\/v2\/pages\/449\/revisions"}],"predecessor-version":[{"id":605,"href":"https:\/\/www.ull.es\/portal\/aprendizajeservicio\/wp-json\/wp\/v2\/pages\/449\/revisions\/605"}],"wp:attachment":[{"href":"https:\/\/www.ull.es\/portal\/aprendizajeservicio\/wp-json\/wp\/v2\/media?parent=449"}],"curies":[{"name":"wp","href":"https:\/\/api.w.org\/{rel}","templated":true}]}}