{"id":682,"date":"2024-04-11T10:57:13","date_gmt":"2024-04-11T10:57:13","guid":{"rendered":"https:\/\/www.ull.es\/portal\/aprendizajeservicio\/?page_id=682"},"modified":"2024-04-11T10:57:13","modified_gmt":"2024-04-11T10:57:13","slug":"guias","status":"publish","type":"page","link":"https:\/\/www.ull.es\/portal\/aprendizajeservicio\/guias\/","title":{"rendered":"Gu\u00edas"},"content":{"rendered":"\t\t<div data-elementor-type=\"wp-page\" data-elementor-id=\"682\" class=\"elementor elementor-682\">\n\t\t\t\t\t\t\t\t\t<section class=\"elementor-section elementor-top-section elementor-element elementor-element-12359f26 elementor-section-boxed elementor-section-height-default elementor-section-height-default\" data-id=\"12359f26\" data-element_type=\"section\">\n\t\t\t\t\t\t<div class=\"elementor-container elementor-column-gap-default\">\n\t\t\t\t\t<div class=\"elementor-column elementor-col-100 elementor-top-column elementor-element elementor-element-5ebc1735\" data-id=\"5ebc1735\" data-element_type=\"column\">\n\t\t\t<div class=\"elementor-widget-wrap elementor-element-populated\">\n\t\t\t\t\t\t\t\t<div class=\"elementor-element elementor-element-e0f5e2a elementor-widget elementor-widget-spacer\" data-id=\"e0f5e2a\" data-element_type=\"widget\" data-widget_type=\"spacer.default\">\n\t\t\t\t<div class=\"elementor-widget-container\">\n\t\t\t<style>\/*! elementor - v3.9.2 - 21-12-2022 *\/\n.elementor-column .elementor-spacer-inner{height:var(--spacer-size)}.e-con{--container-widget-width:100%}.e-con-inner>.elementor-widget-spacer,.e-con>.elementor-widget-spacer{width:var(--container-widget-width,var(--spacer-size));--align-self:var(--container-widget-align-self,initial);--flex-shrink:0}.e-con-inner>.elementor-widget-spacer>.elementor-widget-container,.e-con-inner>.elementor-widget-spacer>.elementor-widget-container>.elementor-spacer,.e-con>.elementor-widget-spacer>.elementor-widget-container,.e-con>.elementor-widget-spacer>.elementor-widget-container>.elementor-spacer{height:100%}.e-con-inner>.elementor-widget-spacer>.elementor-widget-container>.elementor-spacer>.elementor-spacer-inner,.e-con>.elementor-widget-spacer>.elementor-widget-container>.elementor-spacer>.elementor-spacer-inner{height:var(--container-widget-height,var(--spacer-size))}<\/style>\t\t<div class=\"elementor-spacer\">\n\t\t\t<div class=\"elementor-spacer-inner\"><\/div>\n\t\t<\/div>\n\t\t\t\t<\/div>\n\t\t\t\t<\/div>\n\t\t\t\t<div class=\"elementor-element elementor-element-08c4e4b elementor-widget elementor-widget-heading\" data-id=\"08c4e4b\" data-element_type=\"widget\" data-widget_type=\"heading.default\">\n\t\t\t\t<div class=\"elementor-widget-container\">\n\t\t\t<style>\/*! elementor - v3.9.2 - 21-12-2022 *\/\n.elementor-heading-title{padding:0;margin:0;line-height:1}.elementor-widget-heading .elementor-heading-title[class*=elementor-size-]>a{color:inherit;font-size:inherit;line-height:inherit}.elementor-widget-heading .elementor-heading-title.elementor-size-small{font-size:15px}.elementor-widget-heading .elementor-heading-title.elementor-size-medium{font-size:19px}.elementor-widget-heading .elementor-heading-title.elementor-size-large{font-size:29px}.elementor-widget-heading .elementor-heading-title.elementor-size-xl{font-size:39px}.elementor-widget-heading .elementor-heading-title.elementor-size-xxl{font-size:59px}<\/style><h2 class=\"elementor-heading-title elementor-size-default\">Gu\u00edas<\/h2>\t\t<\/div>\n\t\t\t\t<\/div>\n\t\t\t\t<div class=\"elementor-element elementor-element-84f8117 elementor-widget elementor-widget-text-editor\" data-id=\"84f8117\" data-element_type=\"widget\" data-widget_type=\"text-editor.default\">\n\t\t\t\t<div class=\"elementor-widget-container\">\n\t\t\t<style>\/*! elementor - v3.9.2 - 21-12-2022 *\/\n.elementor-widget-text-editor.elementor-drop-cap-view-stacked .elementor-drop-cap{background-color:#818a91;color:#fff}.elementor-widget-text-editor.elementor-drop-cap-view-framed .elementor-drop-cap{color:#818a91;border:3px solid;background-color:transparent}.elementor-widget-text-editor:not(.elementor-drop-cap-view-default) .elementor-drop-cap{margin-top:8px}.elementor-widget-text-editor:not(.elementor-drop-cap-view-default) .elementor-drop-cap-letter{width:1em;height:1em}.elementor-widget-text-editor .elementor-drop-cap{float:left;text-align:center;line-height:1;font-size:50px}.elementor-widget-text-editor .elementor-drop-cap-letter{display:inline-block}<\/style>\t\t\t\t[vc_row][vc_column][vc_column_text]\r\n<ul>\r\n \t<li><a href=\"https:\/\/www.acup.cat\/es\/publicacion\/guia-0-hacer-aprendizaje-servicio-en-la-universidad\" target=\"_blank\" rel=\"noopener\">Hacer ApS en la universidad. Gu\u00edas de la Red de ApS de las universidades catalanas<\/a><\/li>\r\n \t<li><a href=\"https:\/\/plataformavoluntariado.org\/wp-content\/uploads\/2020\/04\/guia-aps-para-organizaciones-1.pdf\" target=\"_blank\" rel=\"noopener\">Gu\u00eda b\u00e1sica para organizaciones.<\/a> Plataforma de Voluntariado de Espa\u00f1a.<\/li>\r\n \t<li><a href=\"https:\/\/escuelasdesarrollosostenible.org\/wp-content\/uploads\/2020\/11\/METODOLOGIA-3-Castellano.pdf\" target=\"_blank\" rel=\"noopener\">Aprendizaje-Servicio en la Educaci\u00f3n para la Ciudadan\u00eda Global.<\/a> Red Navarra de Aprendizaje y Servicio Solidario.<\/li>\r\n \t<li><a href=\"https:\/\/roserbatlle.net\/aprendizaje-servicio\/guias-practicas\/\" target=\"_blank\" rel=\"noopener\">Relaci\u00f3n de gu\u00edas pr\u00e1cticas sobre ApS compiladas por Roser Batll\u00e9.<\/a> Blog sobre ApS roserbatll\u00e9.net<\/li>\r\n<\/ul>\r\n[\/vc_column_text][\/vc_column][\/vc_row]\t\t\t\t\t\t<\/div>\n\t\t\t\t<\/div>\n\t\t\t\t\t<\/div>\n\t\t<\/div>\n\t\t\t\t\t\t\t<\/div>\n\t\t<\/section>\n\t\t\t\t<section class=\"elementor-section elementor-top-section elementor-element elementor-element-7ecc200 elementor-section-boxed elementor-section-height-default elementor-section-height-default\" data-id=\"7ecc200\" data-element_type=\"section\">\n\t\t\t\t\t\t<div class=\"elementor-container elementor-column-gap-default\">\n\t\t\t\t\t<div class=\"elementor-column elementor-col-100 elementor-top-column elementor-element elementor-element-6f4f90d\" data-id=\"6f4f90d\" data-element_type=\"column\">\n\t\t\t<div class=\"elementor-widget-wrap\">\n\t\t\t\t\t\t\t\t\t<\/div>\n\t\t<\/div>\n\t\t\t\t\t\t\t<\/div>\n\t\t<\/section>\n\t\t\t\t\t\t\t<\/div>\n\t\t","protected":false},"excerpt":{"rendered":"<p>\/*! elementor &#8211; v3.9.2 &#8211; 21-12-2022 *\/ .elementor-column .elementor-spacer-inner{height:var(&#8211;spacer-size)}.e-con{&#8211;container-widget-width:100%}.e-con-inner&gt;.elementor-widget-spacer,.e-con&gt;.elementor-widget-spacer{width:var(&#8211;container-widget-width,var(&#8211;spacer-size));&#8211;align-self:var(&#8211;container-widget-align-self,initial);&#8211;flex-shrink:0}.e-con-inner&gt;.elementor-widget-spacer&gt;.elementor-widget-container,.e-con-inner&gt;.elementor-widget-spacer&gt;.elementor-widget-container&gt;.elementor-spacer,.e-con&gt;.elementor-widget-spacer&gt;.elementor-widget-container,.e-con&gt;.elementor-widget-spacer&gt;.elementor-widget-container&gt;.elementor-spacer{height:100%}.e-con-inner&gt;.elementor-widget-spacer&gt;.elementor-widget-container&gt;.elementor-spacer&gt;.elementor-spacer-inner,.e-con&gt;.elementor-widget-spacer&gt;.elementor-widget-container&gt;.elementor-spacer&gt;.elementor-spacer-inner{height:var(&#8211;container-widget-height,var(&#8211;spacer-size))} \/*! elementor &#8211; v3.9.2 &#8211; 21-12-2022 *\/ .elementor-heading-title{padding:0;margin:0;line-height:1}.elementor-widget-heading .elementor-heading-title[class*=elementor-size-]&gt;a{color:inherit;font-size:inherit;line-height:inherit}.elementor-widget-heading .elementor-heading-title.elementor-size-small{font-size:15px}.elementor-widget-heading .elementor-heading-title.elementor-size-medium{font-size:19px}.elementor-widget-heading .elementor-heading-title.elementor-size-large{font-size:29px}.elementor-widget-heading .elementor-heading-title.elementor-size-xl{font-size:39px}.elementor-widget-heading .elementor-heading-title.elementor-size-xxl{font-size:59px} Gu\u00edas [vc_row][vc_column][vc_column_text] Hacer ApS en la universidad. Gu\u00edas de la Red de ApS de las universidades catalanas Gu\u00eda b\u00e1sica para organizaciones. Plataforma de Voluntariado de Espa\u00f1a. Aprendizaje-Servicio en la Educaci\u00f3n para la&#8230;<\/p>\n","protected":false},"author":81,"featured_media":0,"parent":0,"menu_order":0,"comment_status":"closed","ping_status":"closed","template":"","meta":{"inline_featured_image":false,"footnotes":""},"acf":[],"yoast_head":"<!-- This site is optimized with the Yoast SEO plugin v21.3 - https:\/\/yoast.com\/wordpress\/plugins\/seo\/ -->\n<title>Gu\u00edas - Programa de Aprendizaje-Servicio ApS-ULL<\/title>\n<meta name=\"robots\" content=\"index, follow, max-snippet:-1, max-image-preview:large, max-video-preview:-1\" \/>\n<link rel=\"canonical\" href=\"https:\/\/www.ull.es\/portal\/aprendizajeservicio\/guias\/\" \/>\n<meta property=\"og:locale\" content=\"es_ES\" \/>\n<meta property=\"og:type\" content=\"article\" \/>\n<meta property=\"og:title\" content=\"Gu\u00edas - Programa de Aprendizaje-Servicio ApS-ULL\" \/>\n<meta property=\"og:description\" content=\"\/*! elementor &#8211; v3.9.2 &#8211; 21-12-2022 *\/ .elementor-column .elementor-spacer-inner{height:var(&#8211;spacer-size)}.e-con{&#8211;container-widget-width:100%}.e-con-inner&gt;.elementor-widget-spacer,.e-con&gt;.elementor-widget-spacer{width:var(&#8211;container-widget-width,var(&#8211;spacer-size));&#8211;align-self:var(&#8211;container-widget-align-self,initial);&#8211;flex-shrink:0}.e-con-inner&gt;.elementor-widget-spacer&gt;.elementor-widget-container,.e-con-inner&gt;.elementor-widget-spacer&gt;.elementor-widget-container&gt;.elementor-spacer,.e-con&gt;.elementor-widget-spacer&gt;.elementor-widget-container,.e-con&gt;.elementor-widget-spacer&gt;.elementor-widget-container&gt;.elementor-spacer{height:100%}.e-con-inner&gt;.elementor-widget-spacer&gt;.elementor-widget-container&gt;.elementor-spacer&gt;.elementor-spacer-inner,.e-con&gt;.elementor-widget-spacer&gt;.elementor-widget-container&gt;.elementor-spacer&gt;.elementor-spacer-inner{height:var(&#8211;container-widget-height,var(&#8211;spacer-size))} \/*! elementor &#8211; v3.9.2 &#8211; 21-12-2022 *\/ .elementor-heading-title{padding:0;margin:0;line-height:1}.elementor-widget-heading .elementor-heading-title[class*=elementor-size-]&gt;a{color:inherit;font-size:inherit;line-height:inherit}.elementor-widget-heading .elementor-heading-title.elementor-size-small{font-size:15px}.elementor-widget-heading .elementor-heading-title.elementor-size-medium{font-size:19px}.elementor-widget-heading .elementor-heading-title.elementor-size-large{font-size:29px}.elementor-widget-heading .elementor-heading-title.elementor-size-xl{font-size:39px}.elementor-widget-heading .elementor-heading-title.elementor-size-xxl{font-size:59px} Gu\u00edas [vc_row][vc_column][vc_column_text] Hacer ApS en la universidad. Gu\u00edas de la Red de ApS de las universidades catalanas Gu\u00eda b\u00e1sica para organizaciones. Plataforma de Voluntariado de Espa\u00f1a. Aprendizaje-Servicio en la Educaci\u00f3n para la...\" \/>\n<meta property=\"og:url\" content=\"https:\/\/www.ull.es\/portal\/aprendizajeservicio\/guias\/\" \/>\n<meta property=\"og:site_name\" content=\"Programa de Aprendizaje-Servicio ApS-ULL\" \/>\n<meta name=\"twitter:card\" content=\"summary_large_image\" \/>\n<meta name=\"twitter:label1\" content=\"Tiempo de lectura\" \/>\n\t<meta name=\"twitter:data1\" content=\"1 minuto\" \/>\n<script type=\"application\/ld+json\" class=\"yoast-schema-graph\">{\"@context\":\"https:\/\/schema.org\",\"@graph\":[{\"@type\":\"WebPage\",\"@id\":\"https:\/\/www.ull.es\/portal\/aprendizajeservicio\/guias\/\",\"url\":\"https:\/\/www.ull.es\/portal\/aprendizajeservicio\/guias\/\",\"name\":\"Gu\u00edas - Programa de Aprendizaje-Servicio ApS-ULL\",\"isPartOf\":{\"@id\":\"https:\/\/www.ull.es\/portal\/aprendizajeservicio\/#website\"},\"datePublished\":\"2024-04-11T10:57:13+00:00\",\"dateModified\":\"2024-04-11T10:57:13+00:00\",\"breadcrumb\":{\"@id\":\"https:\/\/www.ull.es\/portal\/aprendizajeservicio\/guias\/#breadcrumb\"},\"inLanguage\":\"es\",\"potentialAction\":[{\"@type\":\"ReadAction\",\"target\":[\"https:\/\/www.ull.es\/portal\/aprendizajeservicio\/guias\/\"]}]},{\"@type\":\"BreadcrumbList\",\"@id\":\"https:\/\/www.ull.es\/portal\/aprendizajeservicio\/guias\/#breadcrumb\",\"itemListElement\":[{\"@type\":\"ListItem\",\"position\":1,\"name\":\"Portada\",\"item\":\"https:\/\/www.ull.es\/portal\/aprendizajeservicio\/\"},{\"@type\":\"ListItem\",\"position\":2,\"name\":\"Gu\u00edas\"}]},{\"@type\":\"WebSite\",\"@id\":\"https:\/\/www.ull.es\/portal\/aprendizajeservicio\/#website\",\"url\":\"https:\/\/www.ull.es\/portal\/aprendizajeservicio\/\",\"name\":\"Programa de Aprendizaje-Servicio ApS-ULL\",\"description\":\"\",\"potentialAction\":[{\"@type\":\"SearchAction\",\"target\":{\"@type\":\"EntryPoint\",\"urlTemplate\":\"https:\/\/www.ull.es\/portal\/aprendizajeservicio\/?s={search_term_string}\"},\"query-input\":\"required name=search_term_string\"}],\"inLanguage\":\"es\"}]}<\/script>\n<!-- \/ Yoast SEO plugin. -->","yoast_head_json":{"title":"Gu\u00edas - Programa de Aprendizaje-Servicio ApS-ULL","robots":{"index":"index","follow":"follow","max-snippet":"max-snippet:-1","max-image-preview":"max-image-preview:large","max-video-preview":"max-video-preview:-1"},"canonical":"https:\/\/www.ull.es\/portal\/aprendizajeservicio\/guias\/","og_locale":"es_ES","og_type":"article","og_title":"Gu\u00edas - Programa de Aprendizaje-Servicio ApS-ULL","og_description":"\/*! elementor &#8211; v3.9.2 &#8211; 21-12-2022 *\/ .elementor-column .elementor-spacer-inner{height:var(&#8211;spacer-size)}.e-con{&#8211;container-widget-width:100%}.e-con-inner&gt;.elementor-widget-spacer,.e-con&gt;.elementor-widget-spacer{width:var(&#8211;container-widget-width,var(&#8211;spacer-size));&#8211;align-self:var(&#8211;container-widget-align-self,initial);&#8211;flex-shrink:0}.e-con-inner&gt;.elementor-widget-spacer&gt;.elementor-widget-container,.e-con-inner&gt;.elementor-widget-spacer&gt;.elementor-widget-container&gt;.elementor-spacer,.e-con&gt;.elementor-widget-spacer&gt;.elementor-widget-container,.e-con&gt;.elementor-widget-spacer&gt;.elementor-widget-container&gt;.elementor-spacer{height:100%}.e-con-inner&gt;.elementor-widget-spacer&gt;.elementor-widget-container&gt;.elementor-spacer&gt;.elementor-spacer-inner,.e-con&gt;.elementor-widget-spacer&gt;.elementor-widget-container&gt;.elementor-spacer&gt;.elementor-spacer-inner{height:var(&#8211;container-widget-height,var(&#8211;spacer-size))} \/*! elementor &#8211; v3.9.2 &#8211; 21-12-2022 *\/ .elementor-heading-title{padding:0;margin:0;line-height:1}.elementor-widget-heading .elementor-heading-title[class*=elementor-size-]&gt;a{color:inherit;font-size:inherit;line-height:inherit}.elementor-widget-heading .elementor-heading-title.elementor-size-small{font-size:15px}.elementor-widget-heading .elementor-heading-title.elementor-size-medium{font-size:19px}.elementor-widget-heading .elementor-heading-title.elementor-size-large{font-size:29px}.elementor-widget-heading .elementor-heading-title.elementor-size-xl{font-size:39px}.elementor-widget-heading .elementor-heading-title.elementor-size-xxl{font-size:59px} Gu\u00edas [vc_row][vc_column][vc_column_text] Hacer ApS en la universidad. Gu\u00edas de la Red de ApS de las universidades catalanas Gu\u00eda b\u00e1sica para organizaciones. Plataforma de Voluntariado de Espa\u00f1a. Aprendizaje-Servicio en la Educaci\u00f3n para la...","og_url":"https:\/\/www.ull.es\/portal\/aprendizajeservicio\/guias\/","og_site_name":"Programa de Aprendizaje-Servicio ApS-ULL","twitter_card":"summary_large_image","twitter_misc":{"Tiempo de lectura":"1 minuto"},"schema":{"@context":"https:\/\/schema.org","@graph":[{"@type":"WebPage","@id":"https:\/\/www.ull.es\/portal\/aprendizajeservicio\/guias\/","url":"https:\/\/www.ull.es\/portal\/aprendizajeservicio\/guias\/","name":"Gu\u00edas - Programa de Aprendizaje-Servicio ApS-ULL","isPartOf":{"@id":"https:\/\/www.ull.es\/portal\/aprendizajeservicio\/#website"},"datePublished":"2024-04-11T10:57:13+00:00","dateModified":"2024-04-11T10:57:13+00:00","breadcrumb":{"@id":"https:\/\/www.ull.es\/portal\/aprendizajeservicio\/guias\/#breadcrumb"},"inLanguage":"es","potentialAction":[{"@type":"ReadAction","target":["https:\/\/www.ull.es\/portal\/aprendizajeservicio\/guias\/"]}]},{"@type":"BreadcrumbList","@id":"https:\/\/www.ull.es\/portal\/aprendizajeservicio\/guias\/#breadcrumb","itemListElement":[{"@type":"ListItem","position":1,"name":"Portada","item":"https:\/\/www.ull.es\/portal\/aprendizajeservicio\/"},{"@type":"ListItem","position":2,"name":"Gu\u00edas"}]},{"@type":"WebSite","@id":"https:\/\/www.ull.es\/portal\/aprendizajeservicio\/#website","url":"https:\/\/www.ull.es\/portal\/aprendizajeservicio\/","name":"Programa de Aprendizaje-Servicio ApS-ULL","description":"","potentialAction":[{"@type":"SearchAction","target":{"@type":"EntryPoint","urlTemplate":"https:\/\/www.ull.es\/portal\/aprendizajeservicio\/?s={search_term_string}"},"query-input":"required name=search_term_string"}],"inLanguage":"es"}]}},"_links":{"self":[{"href":"https:\/\/www.ull.es\/portal\/aprendizajeservicio\/wp-json\/wp\/v2\/pages\/682"}],"collection":[{"href":"https:\/\/www.ull.es\/portal\/aprendizajeservicio\/wp-json\/wp\/v2\/pages"}],"about":[{"href":"https:\/\/www.ull.es\/portal\/aprendizajeservicio\/wp-json\/wp\/v2\/types\/page"}],"author":[{"embeddable":true,"href":"https:\/\/www.ull.es\/portal\/aprendizajeservicio\/wp-json\/wp\/v2\/users\/81"}],"replies":[{"embeddable":true,"href":"https:\/\/www.ull.es\/portal\/aprendizajeservicio\/wp-json\/wp\/v2\/comments?post=682"}],"version-history":[{"count":9,"href":"https:\/\/www.ull.es\/portal\/aprendizajeservicio\/wp-json\/wp\/v2\/pages\/682\/revisions"}],"predecessor-version":[{"id":795,"href":"https:\/\/www.ull.es\/portal\/aprendizajeservicio\/wp-json\/wp\/v2\/pages\/682\/revisions\/795"}],"wp:attachment":[{"href":"https:\/\/www.ull.es\/portal\/aprendizajeservicio\/wp-json\/wp\/v2\/media?parent=682"}],"curies":[{"name":"wp","href":"https:\/\/api.w.org\/{rel}","templated":true}]}}