{"id":686,"date":"2024-04-11T10:54:52","date_gmt":"2024-04-11T10:54:52","guid":{"rendered":"https:\/\/www.ull.es\/portal\/aprendizajeservicio\/?page_id=686"},"modified":"2024-04-22T10:19:30","modified_gmt":"2024-04-22T10:19:30","slug":"oficinas-de-aps-en-otras-universidades","status":"publish","type":"page","link":"https:\/\/www.ull.es\/portal\/aprendizajeservicio\/oficinas-de-aps-en-otras-universidades\/","title":{"rendered":"Oficinas de ApS en otras universidades"},"content":{"rendered":"\t\t<div data-elementor-type=\"wp-page\" data-elementor-id=\"686\" class=\"elementor elementor-686\">\n\t\t\t\t\t\t\t\t\t<section class=\"elementor-section elementor-top-section elementor-element elementor-element-3179d168 elementor-section-boxed elementor-section-height-default elementor-section-height-default\" data-id=\"3179d168\" data-element_type=\"section\">\n\t\t\t\t\t\t<div class=\"elementor-container elementor-column-gap-default\">\n\t\t\t\t\t<div class=\"elementor-column elementor-col-100 elementor-top-column elementor-element elementor-element-49b0ff7\" data-id=\"49b0ff7\" data-element_type=\"column\">\n\t\t\t<div class=\"elementor-widget-wrap elementor-element-populated\">\n\t\t\t\t\t\t\t\t<div class=\"elementor-element elementor-element-244229b elementor-widget elementor-widget-spacer\" data-id=\"244229b\" data-element_type=\"widget\" data-widget_type=\"spacer.default\">\n\t\t\t\t<div class=\"elementor-widget-container\">\n\t\t\t<style>\/*! elementor - v3.9.2 - 21-12-2022 *\/\n.elementor-column .elementor-spacer-inner{height:var(--spacer-size)}.e-con{--container-widget-width:100%}.e-con-inner>.elementor-widget-spacer,.e-con>.elementor-widget-spacer{width:var(--container-widget-width,var(--spacer-size));--align-self:var(--container-widget-align-self,initial);--flex-shrink:0}.e-con-inner>.elementor-widget-spacer>.elementor-widget-container,.e-con-inner>.elementor-widget-spacer>.elementor-widget-container>.elementor-spacer,.e-con>.elementor-widget-spacer>.elementor-widget-container,.e-con>.elementor-widget-spacer>.elementor-widget-container>.elementor-spacer{height:100%}.e-con-inner>.elementor-widget-spacer>.elementor-widget-container>.elementor-spacer>.elementor-spacer-inner,.e-con>.elementor-widget-spacer>.elementor-widget-container>.elementor-spacer>.elementor-spacer-inner{height:var(--container-widget-height,var(--spacer-size))}<\/style>\t\t<div class=\"elementor-spacer\">\n\t\t\t<div class=\"elementor-spacer-inner\"><\/div>\n\t\t<\/div>\n\t\t\t\t<\/div>\n\t\t\t\t<\/div>\n\t\t\t\t<div class=\"elementor-element elementor-element-a1874c2 elementor-widget elementor-widget-heading\" data-id=\"a1874c2\" data-element_type=\"widget\" data-widget_type=\"heading.default\">\n\t\t\t\t<div class=\"elementor-widget-container\">\n\t\t\t<style>\/*! elementor - v3.9.2 - 21-12-2022 *\/\n.elementor-heading-title{padding:0;margin:0;line-height:1}.elementor-widget-heading .elementor-heading-title[class*=elementor-size-]>a{color:inherit;font-size:inherit;line-height:inherit}.elementor-widget-heading .elementor-heading-title.elementor-size-small{font-size:15px}.elementor-widget-heading .elementor-heading-title.elementor-size-medium{font-size:19px}.elementor-widget-heading .elementor-heading-title.elementor-size-large{font-size:29px}.elementor-widget-heading .elementor-heading-title.elementor-size-xl{font-size:39px}.elementor-widget-heading .elementor-heading-title.elementor-size-xxl{font-size:59px}<\/style><h2 class=\"elementor-heading-title elementor-size-default\">Oficinas de ApS en otras universidades<\/h2>\t\t<\/div>\n\t\t\t\t<\/div>\n\t\t\t\t<div class=\"elementor-element elementor-element-1c805bc6 elementor-widget elementor-widget-text-editor\" data-id=\"1c805bc6\" data-element_type=\"widget\" data-widget_type=\"text-editor.default\">\n\t\t\t\t<div class=\"elementor-widget-container\">\n\t\t\t<style>\/*! elementor - v3.9.2 - 21-12-2022 *\/\n.elementor-widget-text-editor.elementor-drop-cap-view-stacked .elementor-drop-cap{background-color:#818a91;color:#fff}.elementor-widget-text-editor.elementor-drop-cap-view-framed .elementor-drop-cap{color:#818a91;border:3px solid;background-color:transparent}.elementor-widget-text-editor:not(.elementor-drop-cap-view-default) .elementor-drop-cap{margin-top:8px}.elementor-widget-text-editor:not(.elementor-drop-cap-view-default) .elementor-drop-cap-letter{width:1em;height:1em}.elementor-widget-text-editor .elementor-drop-cap{float:left;text-align:center;line-height:1;font-size:50px}.elementor-widget-text-editor .elementor-drop-cap-letter{display:inline-block}<\/style>\t\t\t\t<p>[vc_row][vc_column][vc_column_text]<\/p><ul><li><a href=\"https:\/\/www.ucm.es\/diversidad\/aprendizaje-servicio\" target=\"_blank\" rel=\"noopener\">Universidad Complutense de Madrid (UCM)<\/a><\/li><li><a href=\"https:\/\/www.urv.cat\/es\/universidad\/estructura\/gestion\/apoyo-actividad\/compromiso-social\/aprendizaje-servicio\/\" target=\"_blank\" rel=\"noopener\">Universitat Rovira i Virgili (URV)<\/a><\/li><li><a href=\"https:\/\/aprendizajeservicio.upm.es\/\" target=\"_blank\" rel=\"noopener\">Universidad Polit\u00e9cnica de Madrid (UPM)<\/a><\/li><li><a href=\"https:\/\/www.urjc2030.es\/ouas\/\" target=\"_blank\" rel=\"noopener\">Universidad Rey Juan Carlos<\/a><\/li><li><a href=\"http:\/\/www.upv.es\/contenidos\/APS\/indexc.html\" target=\"_blank\" rel=\"noopener\">Universidad Polit\u00e9cnica de Valencia (UPV)<\/a><\/li><li><a href=\"https:\/\/www.ubu.es\/programa-aprendizaje-servicio\" target=\"_blank\" rel=\"noopener\">Universidad de Burgos<\/a><\/li><li><a href=\"https:\/\/www.usc.gal\/apsuni\/apsuni\/aps-usc\" target=\"_blank\" rel=\"noopener\">Universidad de Santiago de Compostela<\/a><\/li><li><a href=\"https:\/\/blogs.uned.es\/aps\/\" target=\"_blank\" rel=\"noopener\">UNED<\/a><\/li><li><a href=\"http:\/\/www.uimp.es\/actividades-academicas\/postgrado-e-investigacion\/apoyo-a-estudiantes\/aprendizaje-por-servicio\/oficina-aprendizaje-por-servicio.html\" target=\"_blank\" rel=\"noopener\">Universidad Internacional Men\u00e9ndez Pelayo\u00a0<\/a><\/li><li><a href=\"https:\/\/aps.uib.es\/\" target=\"_blank\" rel=\"noopener\">Universidad de las Islas Baleares<\/a><\/li><li><a href=\"https:\/\/www.uniservitate.org\/es\/\" target=\"_blank\" rel=\"noopener\">Universitate (Universiades Cat\u00f3licas)<\/a><\/li><li><a href=\"https:\/\/riadis.es\/\" target=\"_blank\" rel=\"noopener\">RIADIS. red de Investigaci\u00f3n en Aprendizaje-Servicio en Actividad f\u00edsica y el Deporte<\/a><\/li><li><a href=\"https:\/\/www.usc.es\/apsuni\/\" target=\"_blank\" rel=\"noopener\">APSUNI<\/a><\/li><\/ul><p>[\/vc_column_text][\/vc_column][\/vc_row]<\/p>\t\t\t\t\t\t<\/div>\n\t\t\t\t<\/div>\n\t\t\t\t\t<\/div>\n\t\t<\/div>\n\t\t\t\t\t\t\t<\/div>\n\t\t<\/section>\n\t\t\t\t\t\t\t<\/div>\n\t\t","protected":false},"excerpt":{"rendered":"<p>Oficinas de ApS en otras universidades [vc_row][vc_column][vc_column_text] Universidad Complutense de Madrid (UCM) Universitat Rovira i Virgili (URV) Universidad Polit\u00e9cnica de Madrid (UPM) Universidad Rey Juan Carlos Universidad Polit\u00e9cnica de Valencia (UPV) Universidad de Burgos Universidad de Santiago de Compostela UNED Universidad Internacional Men\u00e9ndez Pelayo\u00a0 Universidad de las Islas Baleares Universitate (Universiades Cat\u00f3licas) RIADIS. red de&#8230;<\/p>\n","protected":false},"author":81,"featured_media":0,"parent":0,"menu_order":0,"comment_status":"closed","ping_status":"closed","template":"","meta":{"inline_featured_image":false,"footnotes":""},"acf":[],"yoast_head":"<!-- This site is optimized with the Yoast SEO plugin v21.3 - https:\/\/yoast.com\/wordpress\/plugins\/seo\/ -->\n<title>Oficinas de ApS en otras universidades - Programa de Aprendizaje-Servicio ApS-ULL<\/title>\n<meta name=\"robots\" content=\"index, follow, max-snippet:-1, max-image-preview:large, max-video-preview:-1\" \/>\n<link rel=\"canonical\" href=\"https:\/\/www.ull.es\/portal\/aprendizajeservicio\/oficinas-de-aps-en-otras-universidades\/\" \/>\n<meta property=\"og:locale\" content=\"es_ES\" \/>\n<meta property=\"og:type\" content=\"article\" \/>\n<meta property=\"og:title\" content=\"Oficinas de ApS en otras universidades - Programa de Aprendizaje-Servicio ApS-ULL\" \/>\n<meta property=\"og:description\" content=\"Oficinas de ApS en otras universidades [vc_row][vc_column][vc_column_text] Universidad Complutense de Madrid (UCM) Universitat Rovira i Virgili (URV) Universidad Polit\u00e9cnica de Madrid (UPM) Universidad Rey Juan Carlos Universidad Polit\u00e9cnica de Valencia (UPV) Universidad de Burgos Universidad de Santiago de Compostela UNED Universidad Internacional Men\u00e9ndez Pelayo\u00a0 Universidad de las Islas Baleares Universitate (Universiades Cat\u00f3licas) RIADIS. red de...\" \/>\n<meta property=\"og:url\" content=\"https:\/\/www.ull.es\/portal\/aprendizajeservicio\/oficinas-de-aps-en-otras-universidades\/\" \/>\n<meta property=\"og:site_name\" content=\"Programa de Aprendizaje-Servicio ApS-ULL\" \/>\n<meta property=\"article:modified_time\" content=\"2024-04-22T10:19:30+00:00\" \/>\n<meta name=\"twitter:card\" content=\"summary_large_image\" \/>\n<meta name=\"twitter:label1\" content=\"Tiempo de lectura\" \/>\n\t<meta name=\"twitter:data1\" content=\"1 minuto\" \/>\n<script type=\"application\/ld+json\" class=\"yoast-schema-graph\">{\"@context\":\"https:\/\/schema.org\",\"@graph\":[{\"@type\":\"WebPage\",\"@id\":\"https:\/\/www.ull.es\/portal\/aprendizajeservicio\/oficinas-de-aps-en-otras-universidades\/\",\"url\":\"https:\/\/www.ull.es\/portal\/aprendizajeservicio\/oficinas-de-aps-en-otras-universidades\/\",\"name\":\"Oficinas de ApS en otras universidades - Programa de Aprendizaje-Servicio ApS-ULL\",\"isPartOf\":{\"@id\":\"https:\/\/www.ull.es\/portal\/aprendizajeservicio\/#website\"},\"datePublished\":\"2024-04-11T10:54:52+00:00\",\"dateModified\":\"2024-04-22T10:19:30+00:00\",\"breadcrumb\":{\"@id\":\"https:\/\/www.ull.es\/portal\/aprendizajeservicio\/oficinas-de-aps-en-otras-universidades\/#breadcrumb\"},\"inLanguage\":\"es\",\"potentialAction\":[{\"@type\":\"ReadAction\",\"target\":[\"https:\/\/www.ull.es\/portal\/aprendizajeservicio\/oficinas-de-aps-en-otras-universidades\/\"]}]},{\"@type\":\"BreadcrumbList\",\"@id\":\"https:\/\/www.ull.es\/portal\/aprendizajeservicio\/oficinas-de-aps-en-otras-universidades\/#breadcrumb\",\"itemListElement\":[{\"@type\":\"ListItem\",\"position\":1,\"name\":\"Portada\",\"item\":\"https:\/\/www.ull.es\/portal\/aprendizajeservicio\/\"},{\"@type\":\"ListItem\",\"position\":2,\"name\":\"Oficinas de ApS en otras universidades\"}]},{\"@type\":\"WebSite\",\"@id\":\"https:\/\/www.ull.es\/portal\/aprendizajeservicio\/#website\",\"url\":\"https:\/\/www.ull.es\/portal\/aprendizajeservicio\/\",\"name\":\"Programa de Aprendizaje-Servicio ApS-ULL\",\"description\":\"\",\"potentialAction\":[{\"@type\":\"SearchAction\",\"target\":{\"@type\":\"EntryPoint\",\"urlTemplate\":\"https:\/\/www.ull.es\/portal\/aprendizajeservicio\/?s={search_term_string}\"},\"query-input\":\"required name=search_term_string\"}],\"inLanguage\":\"es\"}]}<\/script>\n<!-- \/ Yoast SEO plugin. -->","yoast_head_json":{"title":"Oficinas de ApS en otras universidades - Programa de Aprendizaje-Servicio ApS-ULL","robots":{"index":"index","follow":"follow","max-snippet":"max-snippet:-1","max-image-preview":"max-image-preview:large","max-video-preview":"max-video-preview:-1"},"canonical":"https:\/\/www.ull.es\/portal\/aprendizajeservicio\/oficinas-de-aps-en-otras-universidades\/","og_locale":"es_ES","og_type":"article","og_title":"Oficinas de ApS en otras universidades - Programa de Aprendizaje-Servicio ApS-ULL","og_description":"Oficinas de ApS en otras universidades [vc_row][vc_column][vc_column_text] Universidad Complutense de Madrid (UCM) Universitat Rovira i Virgili (URV) Universidad Polit\u00e9cnica de Madrid (UPM) Universidad Rey Juan Carlos Universidad Polit\u00e9cnica de Valencia (UPV) Universidad de Burgos Universidad de Santiago de Compostela UNED Universidad Internacional Men\u00e9ndez Pelayo\u00a0 Universidad de las Islas Baleares Universitate (Universiades Cat\u00f3licas) RIADIS. red de...","og_url":"https:\/\/www.ull.es\/portal\/aprendizajeservicio\/oficinas-de-aps-en-otras-universidades\/","og_site_name":"Programa de Aprendizaje-Servicio ApS-ULL","article_modified_time":"2024-04-22T10:19:30+00:00","twitter_card":"summary_large_image","twitter_misc":{"Tiempo de lectura":"1 minuto"},"schema":{"@context":"https:\/\/schema.org","@graph":[{"@type":"WebPage","@id":"https:\/\/www.ull.es\/portal\/aprendizajeservicio\/oficinas-de-aps-en-otras-universidades\/","url":"https:\/\/www.ull.es\/portal\/aprendizajeservicio\/oficinas-de-aps-en-otras-universidades\/","name":"Oficinas de ApS en otras universidades - Programa de Aprendizaje-Servicio ApS-ULL","isPartOf":{"@id":"https:\/\/www.ull.es\/portal\/aprendizajeservicio\/#website"},"datePublished":"2024-04-11T10:54:52+00:00","dateModified":"2024-04-22T10:19:30+00:00","breadcrumb":{"@id":"https:\/\/www.ull.es\/portal\/aprendizajeservicio\/oficinas-de-aps-en-otras-universidades\/#breadcrumb"},"inLanguage":"es","potentialAction":[{"@type":"ReadAction","target":["https:\/\/www.ull.es\/portal\/aprendizajeservicio\/oficinas-de-aps-en-otras-universidades\/"]}]},{"@type":"BreadcrumbList","@id":"https:\/\/www.ull.es\/portal\/aprendizajeservicio\/oficinas-de-aps-en-otras-universidades\/#breadcrumb","itemListElement":[{"@type":"ListItem","position":1,"name":"Portada","item":"https:\/\/www.ull.es\/portal\/aprendizajeservicio\/"},{"@type":"ListItem","position":2,"name":"Oficinas de ApS en otras universidades"}]},{"@type":"WebSite","@id":"https:\/\/www.ull.es\/portal\/aprendizajeservicio\/#website","url":"https:\/\/www.ull.es\/portal\/aprendizajeservicio\/","name":"Programa de Aprendizaje-Servicio ApS-ULL","description":"","potentialAction":[{"@type":"SearchAction","target":{"@type":"EntryPoint","urlTemplate":"https:\/\/www.ull.es\/portal\/aprendizajeservicio\/?s={search_term_string}"},"query-input":"required name=search_term_string"}],"inLanguage":"es"}]}},"_links":{"self":[{"href":"https:\/\/www.ull.es\/portal\/aprendizajeservicio\/wp-json\/wp\/v2\/pages\/686"}],"collection":[{"href":"https:\/\/www.ull.es\/portal\/aprendizajeservicio\/wp-json\/wp\/v2\/pages"}],"about":[{"href":"https:\/\/www.ull.es\/portal\/aprendizajeservicio\/wp-json\/wp\/v2\/types\/page"}],"author":[{"embeddable":true,"href":"https:\/\/www.ull.es\/portal\/aprendizajeservicio\/wp-json\/wp\/v2\/users\/81"}],"replies":[{"embeddable":true,"href":"https:\/\/www.ull.es\/portal\/aprendizajeservicio\/wp-json\/wp\/v2\/comments?post=686"}],"version-history":[{"count":13,"href":"https:\/\/www.ull.es\/portal\/aprendizajeservicio\/wp-json\/wp\/v2\/pages\/686\/revisions"}],"predecessor-version":[{"id":980,"href":"https:\/\/www.ull.es\/portal\/aprendizajeservicio\/wp-json\/wp\/v2\/pages\/686\/revisions\/980"}],"wp:attachment":[{"href":"https:\/\/www.ull.es\/portal\/aprendizajeservicio\/wp-json\/wp\/v2\/media?parent=686"}],"curies":[{"name":"wp","href":"https:\/\/api.w.org\/{rel}","templated":true}]}}