{"id":863,"date":"2024-04-23T10:49:56","date_gmt":"2024-04-23T10:49:56","guid":{"rendered":"https:\/\/www.ull.es\/portal\/aprendizajeservicio\/?page_id=863"},"modified":"2024-07-23T11:48:29","modified_gmt":"2024-07-23T11:48:29","slug":"jornadas-2022-2023","status":"publish","type":"page","link":"https:\/\/www.ull.es\/portal\/aprendizajeservicio\/jornadas-2022-2023\/","title":{"rendered":"II Jornadas ApS 2022\/2023"},"content":{"rendered":"\t\t<div data-elementor-type=\"wp-page\" data-elementor-id=\"863\" class=\"elementor elementor-863\">\n\t\t\t\t\t\t\t\t\t<section class=\"elementor-section elementor-top-section elementor-element elementor-element-8ec266e elementor-section-boxed elementor-section-height-default elementor-section-height-default\" data-id=\"8ec266e\" data-element_type=\"section\">\n\t\t\t\t\t\t<div class=\"elementor-container elementor-column-gap-default\">\n\t\t\t\t\t<div class=\"elementor-column elementor-col-100 elementor-top-column elementor-element elementor-element-b3a536e\" data-id=\"b3a536e\" data-element_type=\"column\">\n\t\t\t<div class=\"elementor-widget-wrap elementor-element-populated\">\n\t\t\t\t\t\t\t\t<div class=\"elementor-element elementor-element-43cb236 elementor-widget elementor-widget-heading\" data-id=\"43cb236\" data-element_type=\"widget\" data-widget_type=\"heading.default\">\n\t\t\t\t<div class=\"elementor-widget-container\">\n\t\t\t<style>\/*! elementor - v3.9.2 - 21-12-2022 *\/\n.elementor-heading-title{padding:0;margin:0;line-height:1}.elementor-widget-heading .elementor-heading-title[class*=elementor-size-]>a{color:inherit;font-size:inherit;line-height:inherit}.elementor-widget-heading .elementor-heading-title.elementor-size-small{font-size:15px}.elementor-widget-heading .elementor-heading-title.elementor-size-medium{font-size:19px}.elementor-widget-heading .elementor-heading-title.elementor-size-large{font-size:29px}.elementor-widget-heading .elementor-heading-title.elementor-size-xl{font-size:39px}.elementor-widget-heading .elementor-heading-title.elementor-size-xxl{font-size:59px}<\/style><h2 class=\"elementor-heading-title elementor-size-default\">II Jornadas de Aprendizaje- Servicio<\/h2>\t\t<\/div>\n\t\t\t\t<\/div>\n\t\t\t\t\t<\/div>\n\t\t<\/div>\n\t\t\t\t\t\t\t<\/div>\n\t\t<\/section>\n\t\t\t\t<section class=\"elementor-section elementor-top-section elementor-element elementor-element-8156f74 elementor-section-boxed elementor-section-height-default elementor-section-height-default\" data-id=\"8156f74\" data-element_type=\"section\">\n\t\t\t\t\t\t<div class=\"elementor-container elementor-column-gap-default\">\n\t\t\t\t\t<div class=\"elementor-column elementor-col-100 elementor-top-column elementor-element elementor-element-49bf6d6\" data-id=\"49bf6d6\" data-element_type=\"column\">\n\t\t\t<div class=\"elementor-widget-wrap elementor-element-populated\">\n\t\t\t\t\t\t\t\t<div class=\"elementor-element elementor-element-2b2ba01 elementor-widget elementor-widget-heading\" data-id=\"2b2ba01\" data-element_type=\"widget\" data-widget_type=\"heading.default\">\n\t\t\t\t<div class=\"elementor-widget-container\">\n\t\t\t<h2 class=\"elementor-heading-title elementor-size-default\">ULL- Cabildo de Tenerife<\/h2>\t\t<\/div>\n\t\t\t\t<\/div>\n\t\t\t\t\t<\/div>\n\t\t<\/div>\n\t\t\t\t\t\t\t<\/div>\n\t\t<\/section>\n\t\t\t\t<section class=\"elementor-section elementor-top-section elementor-element elementor-element-85195b0 elementor-section-boxed elementor-section-height-default elementor-section-height-default\" data-id=\"85195b0\" data-element_type=\"section\">\n\t\t\t\t\t\t<div class=\"elementor-container elementor-column-gap-default\">\n\t\t\t\t\t<div class=\"elementor-column elementor-col-100 elementor-top-column elementor-element elementor-element-3c55caa\" data-id=\"3c55caa\" data-element_type=\"column\">\n\t\t\t<div class=\"elementor-widget-wrap elementor-element-populated\">\n\t\t\t\t\t\t\t\t<div class=\"elementor-element elementor-element-f10a7dd elementor-arrows-position-inside elementor-pagination-position-outside elementor-widget elementor-widget-image-carousel\" data-id=\"f10a7dd\" data-element_type=\"widget\" data-settings=\"{&quot;navigation&quot;:&quot;both&quot;,&quot;autoplay&quot;:&quot;yes&quot;,&quot;pause_on_hover&quot;:&quot;yes&quot;,&quot;pause_on_interaction&quot;:&quot;yes&quot;,&quot;autoplay_speed&quot;:5000,&quot;infinite&quot;:&quot;yes&quot;,&quot;speed&quot;:500}\" data-widget_type=\"image-carousel.default\">\n\t\t\t\t<div class=\"elementor-widget-container\">\n\t\t\t<style>\/*! elementor - v3.9.2 - 21-12-2022 *\/\n.elementor-widget-image-carousel .swiper-container{position:static}.elementor-widget-image-carousel .swiper-container .swiper-slide figure{line-height:inherit}.elementor-widget-image-carousel .swiper-slide{text-align:center}.elementor-image-carousel-wrapper:not(.swiper-container-initialized) .swiper-slide{max-width:calc(100% \/ var(--e-image-carousel-slides-to-show, 3))}<\/style>\t\t<div class=\"elementor-image-carousel-wrapper swiper-container\" dir=\"ltr\">\n\t\t\t<div class=\"elementor-image-carousel swiper-wrapper\">\n\t\t\t\t\t\t\t\t<div class=\"swiper-slide\"><figure class=\"swiper-slide-inner\"><img decoding=\"async\" class=\"swiper-slide-image\" src=\"https:\/\/www.ull.es\/portal\/aprendizajeservicio\/wp-content\/uploads\/sites\/48\/2024\/04\/88e35426-1652-46ec-bfd0-97614e024ac6-150x250.jpg\" alt=\"88e35426-1652-46ec-bfd0-97614e024ac6\" \/><\/figure><\/div><div class=\"swiper-slide\"><figure class=\"swiper-slide-inner\"><img decoding=\"async\" class=\"swiper-slide-image\" src=\"https:\/\/www.ull.es\/portal\/aprendizajeservicio\/wp-content\/uploads\/sites\/48\/2024\/04\/22062023-DSC_0042-150x250.jpg\" alt=\"22062023-DSC_0042\" \/><\/figure><\/div><div class=\"swiper-slide\"><figure class=\"swiper-slide-inner\"><img decoding=\"async\" class=\"swiper-slide-image\" src=\"https:\/\/www.ull.es\/portal\/aprendizajeservicio\/wp-content\/uploads\/sites\/48\/2024\/04\/22062023-DSC_0052-150x250.jpg\" alt=\"22062023-DSC_0052\" \/><\/figure><\/div><div class=\"swiper-slide\"><figure class=\"swiper-slide-inner\"><img decoding=\"async\" class=\"swiper-slide-image\" src=\"https:\/\/www.ull.es\/portal\/aprendizajeservicio\/wp-content\/uploads\/sites\/48\/2024\/04\/22062023-DSC_0062-150x250.jpg\" alt=\"22062023-DSC_0062\" \/><\/figure><\/div><div class=\"swiper-slide\"><figure class=\"swiper-slide-inner\"><img decoding=\"async\" class=\"swiper-slide-image\" src=\"https:\/\/www.ull.es\/portal\/aprendizajeservicio\/wp-content\/uploads\/sites\/48\/2024\/04\/22062023-DSC_0017-150x250.jpg\" alt=\"22062023-DSC_0017\" \/><\/figure><\/div><div class=\"swiper-slide\"><figure class=\"swiper-slide-inner\"><img decoding=\"async\" class=\"swiper-slide-image\" src=\"https:\/\/www.ull.es\/portal\/aprendizajeservicio\/wp-content\/uploads\/sites\/48\/2024\/04\/1654177976369-150x250.jpg\" alt=\"1654177976369\" \/><\/figure><\/div><div class=\"swiper-slide\"><figure class=\"swiper-slide-inner\"><img decoding=\"async\" class=\"swiper-slide-image\" src=\"https:\/\/www.ull.es\/portal\/aprendizajeservicio\/wp-content\/uploads\/sites\/48\/2024\/04\/22062023-DSC_0017-1-150x250.jpg\" alt=\"22062023-DSC_0017\" \/><\/figure><\/div><div class=\"swiper-slide\"><figure class=\"swiper-slide-inner\"><img decoding=\"async\" class=\"swiper-slide-image\" src=\"https:\/\/www.ull.es\/portal\/aprendizajeservicio\/wp-content\/uploads\/sites\/48\/2024\/04\/IMG_20230622_111700-150x250.jpg\" alt=\"IMG_20230622_111700\" \/><\/figure><\/div><div class=\"swiper-slide\"><figure class=\"swiper-slide-inner\"><img decoding=\"async\" class=\"swiper-slide-image\" src=\"https:\/\/www.ull.es\/portal\/aprendizajeservicio\/wp-content\/uploads\/sites\/48\/2024\/04\/IMG_20230622_114612-150x250.jpg\" alt=\"IMG_20230622_114612\" \/><\/figure><\/div><div class=\"swiper-slide\"><figure class=\"swiper-slide-inner\"><img decoding=\"async\" class=\"swiper-slide-image\" src=\"https:\/\/www.ull.es\/portal\/aprendizajeservicio\/wp-content\/uploads\/sites\/48\/2024\/04\/IMG_20230622_112328-150x250.jpg\" alt=\"IMG_20230622_112328\" \/><\/figure><\/div>\t\t\t<\/div>\n\t\t\t\t\t\t\t\t\t\t\t\t<div class=\"swiper-pagination\"><\/div>\n\t\t\t\t\t\t\t\t\t\t\t\t\t<div class=\"elementor-swiper-button elementor-swiper-button-prev\">\n\t\t\t\t\t\t<i aria-hidden=\"true\" class=\"eicon-chevron-left\"><\/i>\t\t\t\t\t\t<span class=\"elementor-screen-only\">Anterior<\/span>\n\t\t\t\t\t<\/div>\n\t\t\t\t\t<div class=\"elementor-swiper-button elementor-swiper-button-next\">\n\t\t\t\t\t\t<i aria-hidden=\"true\" class=\"eicon-chevron-right\"><\/i>\t\t\t\t\t\t<span class=\"elementor-screen-only\">Siguiente<\/span>\n\t\t\t\t\t<\/div>\n\t\t\t\t\t\t\t\t\t<\/div>\n\t\t\t\t<\/div>\n\t\t\t\t<\/div>\n\t\t\t\t\t<\/div>\n\t\t<\/div>\n\t\t\t\t\t\t\t<\/div>\n\t\t<\/section>\n\t\t\t\t<section class=\"elementor-section elementor-top-section elementor-element elementor-element-60fd558 elementor-section-boxed elementor-section-height-default elementor-section-height-default\" data-id=\"60fd558\" data-element_type=\"section\">\n\t\t\t\t\t\t<div class=\"elementor-container elementor-column-gap-default\">\n\t\t\t\t\t<div class=\"elementor-column elementor-col-100 elementor-top-column elementor-element elementor-element-97ee574\" data-id=\"97ee574\" data-element_type=\"column\">\n\t\t\t<div class=\"elementor-widget-wrap elementor-element-populated\">\n\t\t\t\t\t\t\t\t<div class=\"elementor-element elementor-element-191e5b7 elementor-widget elementor-widget-text-editor\" data-id=\"191e5b7\" data-element_type=\"widget\" data-widget_type=\"text-editor.default\">\n\t\t\t\t<div class=\"elementor-widget-container\">\n\t\t\t<style>\/*! elementor - v3.9.2 - 21-12-2022 *\/\n.elementor-widget-text-editor.elementor-drop-cap-view-stacked .elementor-drop-cap{background-color:#818a91;color:#fff}.elementor-widget-text-editor.elementor-drop-cap-view-framed .elementor-drop-cap{color:#818a91;border:3px solid;background-color:transparent}.elementor-widget-text-editor:not(.elementor-drop-cap-view-default) .elementor-drop-cap{margin-top:8px}.elementor-widget-text-editor:not(.elementor-drop-cap-view-default) .elementor-drop-cap-letter{width:1em;height:1em}.elementor-widget-text-editor .elementor-drop-cap{float:left;text-align:center;line-height:1;font-size:50px}.elementor-widget-text-editor .elementor-drop-cap-letter{display:inline-block}<\/style>\t\t\t\t<p>La Universidad de La Laguna ha sido sede de las II Jornadas de Aprendizaje-Servicio (ApS), celebradas el jueves 22 de junio en colaboraci\u00f3n con el Cabildo de Tenerife. Este evento tuvo como objetivo reconocer la labor de diversos colectivos, instituciones y entidades que han implementado casi una decena de proyectos utilizando esta metodolog\u00eda educativa para mejorar la sociedad.\u00a0<\/p><p>\u00abSin generosidad, sin fraternidad, sin responsabilidad, sin cuidados hacia los dem\u00e1s, la vida perece\u00bb. As\u00ed comenz\u00f3 la conferencia inaugural de las jornadas la pedagoga Roser Batlle, referente del Aprendizaje-Servicio en Espa\u00f1a y fundadora de la red nacional de esta metodolog\u00eda. Analizando los \u00faltimos a\u00f1os marcados por pandemias, confinamientos y conflictos, Batlle detall\u00f3 los requisitos necesarios para un futuro m\u00e1s justo, menos hostil y cohesionado.<\/p><p>El Aprendizaje-Servicio se ha consolidado como una herramienta fundamental para fomentar la participaci\u00f3n activa de los estudiantes en su entorno. Por ello, la instituci\u00f3n acad\u00e9mica, en colaboraci\u00f3n con el Cabildo, seleccion\u00f3 diversas iniciativas tanto universitarias como no universitarias que abordan problemas reales. Entre ellas se encuentra el proyecto \u00abApadrina\u00bb, impulsado por el IES Mencey Acaymo, que recibi\u00f3 uno de los premios y buscaba promover la concienciaci\u00f3n ambiental entre los estudiantes mediante salidas al Barranco de Badajoz para ayudar en la eliminaci\u00f3n de especies invasoras como el rabo de gato.<\/p><p>Varios proyectos compitieron en la categor\u00eda universitaria, siendo reconocida la iniciativa centrada en la aplicaci\u00f3n del Aprendizaje-Servicio en los Trabajos de Fin de Grado y Fin de M\u00e1ster de la Universidad de La Laguna. M\u00e1s de un centenar de estudiantes y una treintena de entidades participaron en esta experiencia durante 2022, brindando servicios de asesoramiento especializado, estudios aplicados y te\u00f3ricos, formaci\u00f3n, e incluso dise\u00f1o de cursos, para abordar las necesidades planteadas por las entidades colaboradoras.<\/p><p>\u00abYo soy de ciencias y siempre he pensado que quedarse en el aula era un poco feo. Vamos a llevarlo al laboratorio, pensaba. Y el laboratorio m\u00e1s grande se llama sociedad\u00bb, coment\u00f3 Jos\u00e9 Manuel Garc\u00eda Fraga, vicerrector de Docencia de la Universidad de La Laguna, durante el acto inaugural, destacando la importancia de estas jornadas que trascienden la ense\u00f1anza universitaria para incluir a centros de primaria y secundaria con el objetivo de contribuir a la sociedad.<\/p><p>Concepci\u00f3n Rivero, consejera insular del \u00c1rea de Educaci\u00f3n, Juventud, Museos y Deportes, se sum\u00f3 a este reconocimiento y resalt\u00f3 las ventajas que obtendr\u00e1n los participantes, quienes ya tienen experiencia en la elaboraci\u00f3n y presentaci\u00f3n rigurosa de proyectos ante otras instituciones, lo que a\u00f1adir\u00e1 un gran valor a la sociedad.<\/p><p>\u00abDejarnos llevar por la desconfianza y el odio nos llevar\u00e1 a minusvalorar la democracia. El ApS debe servir de br\u00fajula para orientar el talento\u00bb, apunt\u00f3 Batlle, destacando esta metodolog\u00eda como clave para instaurar un pensamiento social que trascienda el individualismo y promueva el bien com\u00fan. Seg\u00fan ella, el Aprendizaje-Servicio motiva a los estudiantes al hacerles ver la utilidad de su trabajo y fomenta la \u00e9tica del cuidado.<\/p><p>\u00abLos j\u00f3venes no son el futuro de la sociedad, ya son la sociedad, y es preciso orientarlos. Que sean capaces de ver qui\u00e9n sufre, qui\u00e9n est\u00e1 solo, qui\u00e9n est\u00e1 amenazado, y que se eduquen mientras ayudan a los m\u00e1s fr\u00e1giles es Aprendizaje-Servicio\u00bb, concluy\u00f3 Batlle.<\/p><p><strong>\u00a0<\/strong><\/p>\t\t\t\t\t\t<\/div>\n\t\t\t\t<\/div>\n\t\t\t\t\t<\/div>\n\t\t<\/div>\n\t\t\t\t\t\t\t<\/div>\n\t\t<\/section>\n\t\t\t\t<section class=\"elementor-section elementor-top-section elementor-element elementor-element-3943677 elementor-section-boxed elementor-section-height-default elementor-section-height-default\" data-id=\"3943677\" data-element_type=\"section\">\n\t\t\t\t\t\t<div class=\"elementor-container elementor-column-gap-default\">\n\t\t\t\t\t<div class=\"elementor-column elementor-col-100 elementor-top-column elementor-element elementor-element-ca6ef30\" data-id=\"ca6ef30\" data-element_type=\"column\">\n\t\t\t<div class=\"elementor-widget-wrap elementor-element-populated\">\n\t\t\t\t\t\t\t\t<div class=\"elementor-element elementor-element-e485ad7 elementor-widget elementor-widget-image\" data-id=\"e485ad7\" data-element_type=\"widget\" data-widget_type=\"image.default\">\n\t\t\t\t<div class=\"elementor-widget-container\">\n\t\t\t<style>\/*! elementor - v3.9.2 - 21-12-2022 *\/\n.elementor-widget-image{text-align:center}.elementor-widget-image a{display:inline-block}.elementor-widget-image a img[src$=\".svg\"]{width:48px}.elementor-widget-image img{vertical-align:middle;display:inline-block}<\/style>\t\t\t\t\t\t\t\t\t\t\t\t<img decoding=\"async\" loading=\"lazy\" width=\"728\" height=\"1024\" src=\"https:\/\/www.ull.es\/portal\/aprendizajeservicio\/wp-content\/uploads\/sites\/48\/2024\/07\/cartel-II-Jornadas-ApS-22-de-junio-2023-728x1024.png\" class=\"attachment-large size-large wp-image-1036\" alt=\"\" srcset=\"https:\/\/www.ull.es\/portal\/aprendizajeservicio\/wp-content\/uploads\/sites\/48\/2024\/07\/cartel-II-Jornadas-ApS-22-de-junio-2023-728x1024.png 728w, https:\/\/www.ull.es\/portal\/aprendizajeservicio\/wp-content\/uploads\/sites\/48\/2024\/07\/cartel-II-Jornadas-ApS-22-de-junio-2023-213x300.png 213w, https:\/\/www.ull.es\/portal\/aprendizajeservicio\/wp-content\/uploads\/sites\/48\/2024\/07\/cartel-II-Jornadas-ApS-22-de-junio-2023-768x1080.png 768w, https:\/\/www.ull.es\/portal\/aprendizajeservicio\/wp-content\/uploads\/sites\/48\/2024\/07\/cartel-II-Jornadas-ApS-22-de-junio-2023-1093x1536.png 1093w, https:\/\/www.ull.es\/portal\/aprendizajeservicio\/wp-content\/uploads\/sites\/48\/2024\/07\/cartel-II-Jornadas-ApS-22-de-junio-2023-1457x2048.png 1457w, https:\/\/www.ull.es\/portal\/aprendizajeservicio\/wp-content\/uploads\/sites\/48\/2024\/07\/cartel-II-Jornadas-ApS-22-de-junio-2023-375x527.png 375w, https:\/\/www.ull.es\/portal\/aprendizajeservicio\/wp-content\/uploads\/sites\/48\/2024\/07\/cartel-II-Jornadas-ApS-22-de-junio-2023-750x1054.png 750w, https:\/\/www.ull.es\/portal\/aprendizajeservicio\/wp-content\/uploads\/sites\/48\/2024\/07\/cartel-II-Jornadas-ApS-22-de-junio-2023-1140x1602.png 1140w\" sizes=\"(max-width: 728px) 100vw, 728px\" \/>\t\t\t\t\t\t\t\t\t\t\t\t\t\t\t<\/div>\n\t\t\t\t<\/div>\n\t\t\t\t\t<\/div>\n\t\t<\/div>\n\t\t\t\t\t\t\t<\/div>\n\t\t<\/section>\n\t\t\t\t\t\t\t<\/div>\n\t\t","protected":false},"excerpt":{"rendered":"<p>\/*! elementor &#8211; v3.9.2 &#8211; 21-12-2022 *\/ .elementor-heading-title{padding:0;margin:0;line-height:1}.elementor-widget-heading .elementor-heading-title[class*=elementor-size-]&gt;a{color:inherit;font-size:inherit;line-height:inherit}.elementor-widget-heading .elementor-heading-title.elementor-size-small{font-size:15px}.elementor-widget-heading .elementor-heading-title.elementor-size-medium{font-size:19px}.elementor-widget-heading .elementor-heading-title.elementor-size-large{font-size:29px}.elementor-widget-heading .elementor-heading-title.elementor-size-xl{font-size:39px}.elementor-widget-heading .elementor-heading-title.elementor-size-xxl{font-size:59px} II Jornadas de Aprendizaje- Servicio ULL- Cabildo de Tenerife \/*! elementor &#8211; v3.9.2 &#8211; 21-12-2022 *\/ .elementor-widget-image-carousel .swiper-container{position:static}.elementor-widget-image-carousel .swiper-container .swiper-slide figure{line-height:inherit}.elementor-widget-image-carousel .swiper-slide{text-align:center}.elementor-image-carousel-wrapper:not(.swiper-container-initialized) .swiper-slide{max-width:calc(100% \/ var(&#8211;e-image-carousel-slides-to-show, 3))} Anterior Siguiente La Universidad de La Laguna ha sido sede de las II Jornadas de&#8230;<\/p>\n","protected":false},"author":81,"featured_media":0,"parent":0,"menu_order":0,"comment_status":"closed","ping_status":"closed","template":"","meta":{"inline_featured_image":false,"footnotes":""},"acf":[],"yoast_head":"<!-- This site is optimized with the Yoast SEO plugin v21.3 - https:\/\/yoast.com\/wordpress\/plugins\/seo\/ -->\n<title>II Jornadas ApS 2022\/2023 - Programa de Aprendizaje-Servicio ApS-ULL<\/title>\n<meta name=\"robots\" content=\"index, follow, max-snippet:-1, max-image-preview:large, max-video-preview:-1\" \/>\n<link rel=\"canonical\" href=\"https:\/\/www.ull.es\/portal\/aprendizajeservicio\/jornadas-2022-2023\/\" \/>\n<meta property=\"og:locale\" content=\"es_ES\" \/>\n<meta property=\"og:type\" content=\"article\" \/>\n<meta property=\"og:title\" content=\"II Jornadas ApS 2022\/2023 - Programa de Aprendizaje-Servicio ApS-ULL\" \/>\n<meta property=\"og:description\" content=\"\/*! elementor &#8211; v3.9.2 &#8211; 21-12-2022 *\/ .elementor-heading-title{padding:0;margin:0;line-height:1}.elementor-widget-heading .elementor-heading-title[class*=elementor-size-]&gt;a{color:inherit;font-size:inherit;line-height:inherit}.elementor-widget-heading .elementor-heading-title.elementor-size-small{font-size:15px}.elementor-widget-heading .elementor-heading-title.elementor-size-medium{font-size:19px}.elementor-widget-heading .elementor-heading-title.elementor-size-large{font-size:29px}.elementor-widget-heading .elementor-heading-title.elementor-size-xl{font-size:39px}.elementor-widget-heading .elementor-heading-title.elementor-size-xxl{font-size:59px} II Jornadas de Aprendizaje- Servicio ULL- Cabildo de Tenerife \/*! elementor &#8211; v3.9.2 &#8211; 21-12-2022 *\/ .elementor-widget-image-carousel .swiper-container{position:static}.elementor-widget-image-carousel .swiper-container .swiper-slide figure{line-height:inherit}.elementor-widget-image-carousel .swiper-slide{text-align:center}.elementor-image-carousel-wrapper:not(.swiper-container-initialized) .swiper-slide{max-width:calc(100% \/ var(&#8211;e-image-carousel-slides-to-show, 3))} Anterior Siguiente La Universidad de La Laguna ha sido sede de las II Jornadas de...\" \/>\n<meta property=\"og:url\" content=\"https:\/\/www.ull.es\/portal\/aprendizajeservicio\/jornadas-2022-2023\/\" \/>\n<meta property=\"og:site_name\" content=\"Programa de Aprendizaje-Servicio ApS-ULL\" \/>\n<meta property=\"article:modified_time\" content=\"2024-07-23T11:48:29+00:00\" \/>\n<meta property=\"og:image\" content=\"https:\/\/www.ull.es\/portal\/aprendizajeservicio\/wp-content\/uploads\/sites\/48\/2024\/04\/88e35426-1652-46ec-bfd0-97614e024ac6-150x250.jpg\" \/>\n<meta name=\"twitter:card\" content=\"summary_large_image\" \/>\n<meta name=\"twitter:label1\" content=\"Tiempo de lectura\" \/>\n\t<meta name=\"twitter:data1\" content=\"5 minutos\" \/>\n<script type=\"application\/ld+json\" class=\"yoast-schema-graph\">{\"@context\":\"https:\/\/schema.org\",\"@graph\":[{\"@type\":\"WebPage\",\"@id\":\"https:\/\/www.ull.es\/portal\/aprendizajeservicio\/jornadas-2022-2023\/\",\"url\":\"https:\/\/www.ull.es\/portal\/aprendizajeservicio\/jornadas-2022-2023\/\",\"name\":\"II Jornadas ApS 2022\/2023 - Programa de Aprendizaje-Servicio ApS-ULL\",\"isPartOf\":{\"@id\":\"https:\/\/www.ull.es\/portal\/aprendizajeservicio\/#website\"},\"datePublished\":\"2024-04-23T10:49:56+00:00\",\"dateModified\":\"2024-07-23T11:48:29+00:00\",\"breadcrumb\":{\"@id\":\"https:\/\/www.ull.es\/portal\/aprendizajeservicio\/jornadas-2022-2023\/#breadcrumb\"},\"inLanguage\":\"es\",\"potentialAction\":[{\"@type\":\"ReadAction\",\"target\":[\"https:\/\/www.ull.es\/portal\/aprendizajeservicio\/jornadas-2022-2023\/\"]}]},{\"@type\":\"BreadcrumbList\",\"@id\":\"https:\/\/www.ull.es\/portal\/aprendizajeservicio\/jornadas-2022-2023\/#breadcrumb\",\"itemListElement\":[{\"@type\":\"ListItem\",\"position\":1,\"name\":\"Portada\",\"item\":\"https:\/\/www.ull.es\/portal\/aprendizajeservicio\/\"},{\"@type\":\"ListItem\",\"position\":2,\"name\":\"II Jornadas ApS 2022\/2023\"}]},{\"@type\":\"WebSite\",\"@id\":\"https:\/\/www.ull.es\/portal\/aprendizajeservicio\/#website\",\"url\":\"https:\/\/www.ull.es\/portal\/aprendizajeservicio\/\",\"name\":\"Programa de Aprendizaje-Servicio ApS-ULL\",\"description\":\"\",\"potentialAction\":[{\"@type\":\"SearchAction\",\"target\":{\"@type\":\"EntryPoint\",\"urlTemplate\":\"https:\/\/www.ull.es\/portal\/aprendizajeservicio\/?s={search_term_string}\"},\"query-input\":\"required name=search_term_string\"}],\"inLanguage\":\"es\"}]}<\/script>\n<!-- \/ Yoast SEO plugin. -->","yoast_head_json":{"title":"II Jornadas ApS 2022\/2023 - Programa de Aprendizaje-Servicio ApS-ULL","robots":{"index":"index","follow":"follow","max-snippet":"max-snippet:-1","max-image-preview":"max-image-preview:large","max-video-preview":"max-video-preview:-1"},"canonical":"https:\/\/www.ull.es\/portal\/aprendizajeservicio\/jornadas-2022-2023\/","og_locale":"es_ES","og_type":"article","og_title":"II Jornadas ApS 2022\/2023 - Programa de Aprendizaje-Servicio ApS-ULL","og_description":"\/*! elementor &#8211; v3.9.2 &#8211; 21-12-2022 *\/ .elementor-heading-title{padding:0;margin:0;line-height:1}.elementor-widget-heading .elementor-heading-title[class*=elementor-size-]&gt;a{color:inherit;font-size:inherit;line-height:inherit}.elementor-widget-heading .elementor-heading-title.elementor-size-small{font-size:15px}.elementor-widget-heading .elementor-heading-title.elementor-size-medium{font-size:19px}.elementor-widget-heading .elementor-heading-title.elementor-size-large{font-size:29px}.elementor-widget-heading .elementor-heading-title.elementor-size-xl{font-size:39px}.elementor-widget-heading .elementor-heading-title.elementor-size-xxl{font-size:59px} II Jornadas de Aprendizaje- Servicio ULL- Cabildo de Tenerife \/*! elementor &#8211; v3.9.2 &#8211; 21-12-2022 *\/ .elementor-widget-image-carousel .swiper-container{position:static}.elementor-widget-image-carousel .swiper-container .swiper-slide figure{line-height:inherit}.elementor-widget-image-carousel .swiper-slide{text-align:center}.elementor-image-carousel-wrapper:not(.swiper-container-initialized) .swiper-slide{max-width:calc(100% \/ var(&#8211;e-image-carousel-slides-to-show, 3))} Anterior Siguiente La Universidad de La Laguna ha sido sede de las II Jornadas de...","og_url":"https:\/\/www.ull.es\/portal\/aprendizajeservicio\/jornadas-2022-2023\/","og_site_name":"Programa de Aprendizaje-Servicio ApS-ULL","article_modified_time":"2024-07-23T11:48:29+00:00","og_image":[{"url":"https:\/\/www.ull.es\/portal\/aprendizajeservicio\/wp-content\/uploads\/sites\/48\/2024\/04\/88e35426-1652-46ec-bfd0-97614e024ac6-150x250.jpg"}],"twitter_card":"summary_large_image","twitter_misc":{"Tiempo de lectura":"5 minutos"},"schema":{"@context":"https:\/\/schema.org","@graph":[{"@type":"WebPage","@id":"https:\/\/www.ull.es\/portal\/aprendizajeservicio\/jornadas-2022-2023\/","url":"https:\/\/www.ull.es\/portal\/aprendizajeservicio\/jornadas-2022-2023\/","name":"II Jornadas ApS 2022\/2023 - Programa de Aprendizaje-Servicio ApS-ULL","isPartOf":{"@id":"https:\/\/www.ull.es\/portal\/aprendizajeservicio\/#website"},"datePublished":"2024-04-23T10:49:56+00:00","dateModified":"2024-07-23T11:48:29+00:00","breadcrumb":{"@id":"https:\/\/www.ull.es\/portal\/aprendizajeservicio\/jornadas-2022-2023\/#breadcrumb"},"inLanguage":"es","potentialAction":[{"@type":"ReadAction","target":["https:\/\/www.ull.es\/portal\/aprendizajeservicio\/jornadas-2022-2023\/"]}]},{"@type":"BreadcrumbList","@id":"https:\/\/www.ull.es\/portal\/aprendizajeservicio\/jornadas-2022-2023\/#breadcrumb","itemListElement":[{"@type":"ListItem","position":1,"name":"Portada","item":"https:\/\/www.ull.es\/portal\/aprendizajeservicio\/"},{"@type":"ListItem","position":2,"name":"II Jornadas ApS 2022\/2023"}]},{"@type":"WebSite","@id":"https:\/\/www.ull.es\/portal\/aprendizajeservicio\/#website","url":"https:\/\/www.ull.es\/portal\/aprendizajeservicio\/","name":"Programa de Aprendizaje-Servicio ApS-ULL","description":"","potentialAction":[{"@type":"SearchAction","target":{"@type":"EntryPoint","urlTemplate":"https:\/\/www.ull.es\/portal\/aprendizajeservicio\/?s={search_term_string}"},"query-input":"required name=search_term_string"}],"inLanguage":"es"}]}},"_links":{"self":[{"href":"https:\/\/www.ull.es\/portal\/aprendizajeservicio\/wp-json\/wp\/v2\/pages\/863"}],"collection":[{"href":"https:\/\/www.ull.es\/portal\/aprendizajeservicio\/wp-json\/wp\/v2\/pages"}],"about":[{"href":"https:\/\/www.ull.es\/portal\/aprendizajeservicio\/wp-json\/wp\/v2\/types\/page"}],"author":[{"embeddable":true,"href":"https:\/\/www.ull.es\/portal\/aprendizajeservicio\/wp-json\/wp\/v2\/users\/81"}],"replies":[{"embeddable":true,"href":"https:\/\/www.ull.es\/portal\/aprendizajeservicio\/wp-json\/wp\/v2\/comments?post=863"}],"version-history":[{"count":23,"href":"https:\/\/www.ull.es\/portal\/aprendizajeservicio\/wp-json\/wp\/v2\/pages\/863\/revisions"}],"predecessor-version":[{"id":1044,"href":"https:\/\/www.ull.es\/portal\/aprendizajeservicio\/wp-json\/wp\/v2\/pages\/863\/revisions\/1044"}],"wp:attachment":[{"href":"https:\/\/www.ull.es\/portal\/aprendizajeservicio\/wp-json\/wp\/v2\/media?parent=863"}],"curies":[{"name":"wp","href":"https:\/\/api.w.org\/{rel}","templated":true}]}}