{"id":89,"date":"2022-03-02T12:35:50","date_gmt":"2022-03-02T12:35:50","guid":{"rendered":"https:\/\/www.ull.es\/portal\/aprendizajeservicio\/?page_id=89"},"modified":"2023-10-04T12:47:07","modified_gmt":"2023-10-04T12:47:07","slug":"como-participar","status":"publish","type":"page","link":"https:\/\/www.ull.es\/portal\/aprendizajeservicio\/como-participar\/","title":{"rendered":"\u00danete"},"content":{"rendered":"\t\t<div data-elementor-type=\"wp-page\" data-elementor-id=\"89\" class=\"elementor elementor-89\">\n\t\t\t\t\t\t\t\t\t<section class=\"elementor-section elementor-top-section elementor-element elementor-element-4e51443 elementor-section-boxed elementor-section-height-default elementor-section-height-default\" data-id=\"4e51443\" data-element_type=\"section\" data-settings=\"{&quot;background_background&quot;:&quot;classic&quot;}\">\n\t\t\t\t\t\t<div class=\"elementor-container elementor-column-gap-default\">\n\t\t\t\t\t<div class=\"elementor-column elementor-col-100 elementor-top-column elementor-element elementor-element-01eecb0\" data-id=\"01eecb0\" data-element_type=\"column\">\n\t\t\t<div class=\"elementor-widget-wrap elementor-element-populated\">\n\t\t\t\t\t\t\t\t<div class=\"elementor-element elementor-element-14f31fe elementor-widget elementor-widget-heading\" data-id=\"14f31fe\" data-element_type=\"widget\" data-widget_type=\"heading.default\">\n\t\t\t\t<div class=\"elementor-widget-container\">\n\t\t\t<style>\/*! elementor - v3.9.2 - 21-12-2022 *\/\n.elementor-heading-title{padding:0;margin:0;line-height:1}.elementor-widget-heading .elementor-heading-title[class*=elementor-size-]>a{color:inherit;font-size:inherit;line-height:inherit}.elementor-widget-heading .elementor-heading-title.elementor-size-small{font-size:15px}.elementor-widget-heading .elementor-heading-title.elementor-size-medium{font-size:19px}.elementor-widget-heading .elementor-heading-title.elementor-size-large{font-size:29px}.elementor-widget-heading .elementor-heading-title.elementor-size-xl{font-size:39px}.elementor-widget-heading .elementor-heading-title.elementor-size-xxl{font-size:59px}<\/style><h2 class=\"elementor-heading-title elementor-size-default\">\u00danete<\/h2>\t\t<\/div>\n\t\t\t\t<\/div>\n\t\t\t\t\t<\/div>\n\t\t<\/div>\n\t\t\t\t\t\t\t<\/div>\n\t\t<\/section>\n\t\t\t\t<section class=\"elementor-section elementor-top-section elementor-element elementor-element-577d67b8 elementor-section-boxed elementor-section-height-default elementor-section-height-default\" data-id=\"577d67b8\" data-element_type=\"section\">\n\t\t\t\t\t\t<div class=\"elementor-container elementor-column-gap-default\">\n\t\t\t\t\t<div class=\"elementor-column elementor-col-100 elementor-top-column elementor-element elementor-element-321f7320\" data-id=\"321f7320\" data-element_type=\"column\">\n\t\t\t<div class=\"elementor-widget-wrap elementor-element-populated\">\n\t\t\t\t\t\t\t\t<div class=\"elementor-element elementor-element-496a880 elementor-widget elementor-widget-heading\" data-id=\"496a880\" data-element_type=\"widget\" data-widget_type=\"heading.default\">\n\t\t\t\t<div class=\"elementor-widget-container\">\n\t\t\t<h2 class=\"elementor-heading-title elementor-size-default\">C\u00f3mo participar<\/h2>\t\t<\/div>\n\t\t\t\t<\/div>\n\t\t\t\t<div class=\"elementor-element elementor-element-4c4da7c9 elementor-widget elementor-widget-text-editor\" data-id=\"4c4da7c9\" data-element_type=\"widget\" data-widget_type=\"text-editor.default\">\n\t\t\t\t<div class=\"elementor-widget-container\">\n\t\t\t<style>\/*! elementor - v3.9.2 - 21-12-2022 *\/\n.elementor-widget-text-editor.elementor-drop-cap-view-stacked .elementor-drop-cap{background-color:#818a91;color:#fff}.elementor-widget-text-editor.elementor-drop-cap-view-framed .elementor-drop-cap{color:#818a91;border:3px solid;background-color:transparent}.elementor-widget-text-editor:not(.elementor-drop-cap-view-default) .elementor-drop-cap{margin-top:8px}.elementor-widget-text-editor:not(.elementor-drop-cap-view-default) .elementor-drop-cap-letter{width:1em;height:1em}.elementor-widget-text-editor .elementor-drop-cap{float:left;text-align:center;line-height:1;font-size:50px}.elementor-widget-text-editor .elementor-drop-cap-letter{display:inline-block}<\/style>\t\t\t\tParticipar en proyectos de Aprendizaje-Servicio (ApS) tiene beneficios para todos los agentes que intervienen en ellos, ya que se atienden necesidades sociales a la vez que se adquieren conocimientos y habilidades sociales.\n\nLos proyectos de ApS pueden ser impulsados por:\n<ul>\n \t<li>Profesorado<\/li>\n<\/ul>\n<ul>\n \t<li>Entidades sociales, colectivos, centros educativos y administraciones p\u00fablicas<\/li>\n<\/ul>\n<ul>\n \t<li>Alumnado.<\/li>\n<\/ul>\nNo obstante, para que el proyecto se pueda desarrollar con \u00e9xito es recomendable que los distintos actores se pongan en contacto y dise\u00f1en conjuntamente el proyecto, de manera que todos se beneficien con el mismo. Facilitar esa puesta en contacto es uno de los cometidos m\u00e1s importantes de ApS-ULL.\n\nConsulta tu perfil para conocer c\u00f3mo participar\u00a0 y los recursos que te ofrece ApS-ULL.\t\t\t\t\t\t<\/div>\n\t\t\t\t<\/div>\n\t\t\t\t\t<\/div>\n\t\t<\/div>\n\t\t\t\t\t\t\t<\/div>\n\t\t<\/section>\n\t\t\t\t<section class=\"elementor-section elementor-top-section elementor-element elementor-element-f1cdd4f elementor-section-boxed elementor-section-height-default elementor-section-height-default\" data-id=\"f1cdd4f\" data-element_type=\"section\">\n\t\t\t\t\t\t<div class=\"elementor-container elementor-column-gap-default\">\n\t\t\t\t\t<div class=\"elementor-column elementor-col-33 elementor-top-column elementor-element elementor-element-17ce273 animated-fast elementor-invisible\" data-id=\"17ce273\" data-element_type=\"column\" data-settings=\"{&quot;background_background&quot;:&quot;gradient&quot;,&quot;animation&quot;:&quot;fadeInLeft&quot;}\">\n\t\t\t<div class=\"elementor-widget-wrap elementor-element-populated\">\n\t\t\t\t\t\t\t\t<div class=\"elementor-element elementor-element-dc78d5f elementor-widget elementor-widget-heading\" data-id=\"dc78d5f\" data-element_type=\"widget\" data-widget_type=\"heading.default\">\n\t\t\t\t<div class=\"elementor-widget-container\">\n\t\t\t<h2 class=\"elementor-heading-title elementor-size-default\">Profesorado<\/h2>\t\t<\/div>\n\t\t\t\t<\/div>\n\t\t\t\t<div class=\"elementor-element elementor-element-498367c elementor-widget elementor-widget-text-editor\" data-id=\"498367c\" data-element_type=\"widget\" data-widget_type=\"text-editor.default\">\n\t\t\t\t<div class=\"elementor-widget-container\">\n\t\t\t\t\t\t\t<p><span style=\"color: #ffffff;\">Puede participar:<\/span><\/p><ul><li class=\"first\">Integrando el Aprendizaje Servicio en tu docencia.<\/li><li class=\"last\">Sugiriendo Entidades sociales con las que colaborar.<\/li><li>Mejorando su formaci\u00f3n<\/li><li>Visibilizando su proyecto de ApS<\/li><li>Participando en encuentros y jornadas sobre ApS<\/li><\/ul>\t\t\t\t\t\t<\/div>\n\t\t\t\t<\/div>\n\t\t\t\t\t<\/div>\n\t\t<\/div>\n\t\t\t\t<div class=\"elementor-column elementor-col-33 elementor-top-column elementor-element elementor-element-1543ac6 elementor-invisible\" data-id=\"1543ac6\" data-element_type=\"column\" data-settings=\"{&quot;background_background&quot;:&quot;gradient&quot;,&quot;animation&quot;:&quot;fadeInLeft&quot;}\">\n\t\t\t<div class=\"elementor-widget-wrap elementor-element-populated\">\n\t\t\t\t\t\t\t\t<div class=\"elementor-element elementor-element-8a564b1 elementor-widget elementor-widget-heading\" data-id=\"8a564b1\" data-element_type=\"widget\" data-widget_type=\"heading.default\">\n\t\t\t\t<div class=\"elementor-widget-container\">\n\t\t\t<h2 class=\"elementor-heading-title elementor-size-default\">Entidades<\/h2>\t\t<\/div>\n\t\t\t\t<\/div>\n\t\t\t\t<div class=\"elementor-element elementor-element-f0ec98d elementor-widget elementor-widget-text-editor\" data-id=\"f0ec98d\" data-element_type=\"widget\" data-widget_type=\"text-editor.default\">\n\t\t\t\t<div class=\"elementor-widget-container\">\n\t\t\t\t\t\t\t<p><span style=\"font-family: var( --e-global-typography-text-font-family ), Sans-serif; background-color: transparent; color: #ffffff;\">Trabajamos con entidades e instituciones muy diversas como ONGs, asociaciones de vecinos, asociaciones sin \u00e1nimo de lucro, federaciones, fundaciones, plataformas ciudadanas, residencias de tercera edad, Ayuntamientos, escuelas y otros organismos p\u00fablicos. Pueden participar:<\/span><\/p><ul><li class=\"first\"><span style=\"text-decoration: underline;\"><span style=\"color: #99ccff;\"><strong><a class=\"external\" style=\"color: #99ccff; text-decoration: underline;\" href=\"https:\/\/forms.gle\/7jyHzsQC4WQjFD4S8\" target=\"_blank\" rel=\"external noopener\" target=\"_blank\" rel=\"noopener\">Haci\u00e9ndonos llegar propuestas de experiencias de Aprendizaje Servicio con su entidad.<\/a><\/strong><\/span><\/span><\/li><li class=\"last\">Aceptando las propuestas que les planteen desde la Universidad.<\/li><li style=\"font-weight: 400;\"><span style=\"font-weight: 400;\">Solicitando asesoramiento sobre el dise\u00f1o de proyectos de ApS.<\/span><\/li><li>Participando en encuentros y jornadas<\/li><li>Mejorando su formaci\u00f3n sobre ApS<\/li><\/ul>\t\t\t\t\t\t<\/div>\n\t\t\t\t<\/div>\n\t\t\t\t\t<\/div>\n\t\t<\/div>\n\t\t\t\t<div class=\"elementor-column elementor-col-33 elementor-top-column elementor-element elementor-element-c497cb9 animated-slow elementor-invisible\" data-id=\"c497cb9\" data-element_type=\"column\" data-settings=\"{&quot;background_background&quot;:&quot;gradient&quot;,&quot;animation&quot;:&quot;fadeInLeft&quot;}\">\n\t\t\t<div class=\"elementor-widget-wrap elementor-element-populated\">\n\t\t\t\t\t\t\t\t<div class=\"elementor-element elementor-element-a71eb87 elementor-widget elementor-widget-heading\" data-id=\"a71eb87\" data-element_type=\"widget\" data-widget_type=\"heading.default\">\n\t\t\t\t<div class=\"elementor-widget-container\">\n\t\t\t<h2 class=\"elementor-heading-title elementor-size-default\">Alumnado<\/h2>\t\t<\/div>\n\t\t\t\t<\/div>\n\t\t\t\t<div class=\"elementor-element elementor-element-e0b1df0 elementor-widget elementor-widget-text-editor\" data-id=\"e0b1df0\" data-element_type=\"widget\" data-widget_type=\"text-editor.default\">\n\t\t\t\t<div class=\"elementor-widget-container\">\n\t\t\t\t\t\t\t<p><span style=\"color: #ffffff;\">Puede participar:<\/span><\/p><ul><li><span style=\"font-weight: 400;\">Realizando Aprendizaje-Servicio en una asignatura<\/span><\/li><li><span style=\"font-weight: 400;\">Proponiendo realizar su TFG\/TFM o pr\u00e1cticas externas en clave de ApS.<\/span><\/li><li style=\"font-weight: 400;\"><span style=\"font-weight: 400;\">Sugiriendo entidades colaboradoras <\/span><span style=\"font-weight: 400;\"> interesadas en participar en proyectos de ApS<\/span><\/li><li>Mejorando su formaci\u00f3n en ApS<\/li><li>Participando en encuentros y jornadas<\/li><\/ul>\t\t\t\t\t\t<\/div>\n\t\t\t\t<\/div>\n\t\t\t\t\t<\/div>\n\t\t<\/div>\n\t\t\t\t\t\t\t<\/div>\n\t\t<\/section>\n\t\t\t\t<section class=\"elementor-section elementor-top-section elementor-element elementor-element-19657f9 elementor-section-boxed elementor-section-height-default elementor-section-height-default\" data-id=\"19657f9\" data-element_type=\"section\">\n\t\t\t\t\t\t<div class=\"elementor-container elementor-column-gap-default\">\n\t\t\t\t\t<div class=\"elementor-column elementor-col-33 elementor-top-column elementor-element elementor-element-df1f6c7 animated-fast elementor-invisible\" data-id=\"df1f6c7\" data-element_type=\"column\" data-settings=\"{&quot;background_background&quot;:&quot;gradient&quot;,&quot;animation&quot;:&quot;fadeInRight&quot;}\">\n\t\t\t<div class=\"elementor-widget-wrap elementor-element-populated\">\n\t\t\t\t\t\t\t\t<div class=\"elementor-element elementor-element-8755228 elementor-widget elementor-widget-heading\" data-id=\"8755228\" data-element_type=\"widget\" data-widget_type=\"heading.default\">\n\t\t\t\t<div class=\"elementor-widget-container\">\n\t\t\t<h2 class=\"elementor-heading-title elementor-size-default\"><a href=\"https:\/\/www.ull.es\/portal\/aprendizajeservicio\/como-participar\/profesorado\/\" target=\"_blank\" rel=\"noopener\">Ver profesorado<\/a><\/h2>\t\t<\/div>\n\t\t\t\t<\/div>\n\t\t\t\t\t<\/div>\n\t\t<\/div>\n\t\t\t\t<div class=\"elementor-column elementor-col-33 elementor-top-column elementor-element elementor-element-4659f6f elementor-invisible\" data-id=\"4659f6f\" data-element_type=\"column\" data-settings=\"{&quot;background_background&quot;:&quot;gradient&quot;,&quot;animation&quot;:&quot;fadeInRight&quot;}\">\n\t\t\t<div class=\"elementor-widget-wrap elementor-element-populated\">\n\t\t\t\t\t\t\t\t<div class=\"elementor-element elementor-element-03ba8d8 elementor-widget elementor-widget-heading\" data-id=\"03ba8d8\" data-element_type=\"widget\" data-widget_type=\"heading.default\">\n\t\t\t\t<div class=\"elementor-widget-container\">\n\t\t\t<h2 class=\"elementor-heading-title elementor-size-default\"><a href=\"https:\/\/www.ull.es\/portal\/aprendizajeservicio\/como-participar\/entidades\/\" target=\"_blank\" rel=\"noopener\">Ver entidades<\/a><\/h2>\t\t<\/div>\n\t\t\t\t<\/div>\n\t\t\t\t\t<\/div>\n\t\t<\/div>\n\t\t\t\t<div class=\"elementor-column elementor-col-33 elementor-top-column elementor-element elementor-element-e94d5cc animated-slow elementor-invisible\" data-id=\"e94d5cc\" data-element_type=\"column\" data-settings=\"{&quot;background_background&quot;:&quot;gradient&quot;,&quot;animation&quot;:&quot;fadeInRight&quot;}\">\n\t\t\t<div class=\"elementor-widget-wrap elementor-element-populated\">\n\t\t\t\t\t\t\t\t<div class=\"elementor-element elementor-element-b383437 elementor-widget elementor-widget-heading\" data-id=\"b383437\" data-element_type=\"widget\" data-widget_type=\"heading.default\">\n\t\t\t\t<div class=\"elementor-widget-container\">\n\t\t\t<h2 class=\"elementor-heading-title elementor-size-default\"><a href=\"https:\/\/www.ull.es\/portal\/aprendizajeservicio\/como-participar\/alumnado\/\" target=\"_blank\" rel=\"noopener\">Ver alumnado<\/a><\/h2>\t\t<\/div>\n\t\t\t\t<\/div>\n\t\t\t\t\t<\/div>\n\t\t<\/div>\n\t\t\t\t\t\t\t<\/div>\n\t\t<\/section>\n\t\t\t\t<section class=\"elementor-section elementor-top-section elementor-element elementor-element-7d2a9b4 elementor-section-boxed elementor-section-height-default elementor-section-height-default\" data-id=\"7d2a9b4\" data-element_type=\"section\">\n\t\t\t\t\t\t<div class=\"elementor-container elementor-column-gap-default\">\n\t\t\t\t\t<div class=\"elementor-column elementor-col-100 elementor-top-column elementor-element elementor-element-ceab1cb\" data-id=\"ceab1cb\" data-element_type=\"column\">\n\t\t\t<div class=\"elementor-widget-wrap elementor-element-populated\">\n\t\t\t\t\t\t\t\t<div class=\"elementor-element elementor-element-3b963c4 elementor-widget elementor-widget-text-editor\" data-id=\"3b963c4\" data-element_type=\"widget\" data-widget_type=\"text-editor.default\">\n\t\t\t\t<div class=\"elementor-widget-container\">\n\t\t\t\t\t\t\t<h5 style=\"text-align: center;\"><span style=\"font-weight: 400;\">Para m\u00e1s informaci\u00f3n, escribe un correo electr\u00f3nico a <\/span><a href=\"mailto:apsull@ull.es\" target=\"_blank\" rel=\"noopener\"><span style=\"font-weight: 400;\">apsull@ull.es<\/span><\/a><span style=\"font-weight: 400;\">.\u00a0<\/span><\/h5>\t\t\t\t\t\t<\/div>\n\t\t\t\t<\/div>\n\t\t\t\t\t<\/div>\n\t\t<\/div>\n\t\t\t\t\t\t\t<\/div>\n\t\t<\/section>\n\t\t\t\t\t\t\t<\/div>\n\t\t","protected":false},"excerpt":{"rendered":"<p>\u00danete C\u00f3mo participar Participar en proyectos de Aprendizaje-Servicio (ApS) tiene beneficios para todos los agentes que intervienen en ellos, ya que se atienden necesidades sociales a la vez que se adquieren conocimientos y habilidades sociales. Los proyectos de ApS pueden ser impulsados por: Profesorado Entidades sociales, colectivos, centros educativos y administraciones p\u00fablicas Alumnado. No obstante,&#8230;<\/p>\n","protected":false},"author":81,"featured_media":0,"parent":0,"menu_order":0,"comment_status":"closed","ping_status":"closed","template":"elementor_header_footer","meta":{"inline_featured_image":false,"footnotes":""},"acf":[],"yoast_head":"<!-- This site is optimized with the Yoast SEO plugin v21.3 - https:\/\/yoast.com\/wordpress\/plugins\/seo\/ -->\n<title>\u00danete - Programa de Aprendizaje-Servicio ApS-ULL<\/title>\n<meta name=\"robots\" content=\"index, follow, max-snippet:-1, max-image-preview:large, max-video-preview:-1\" \/>\n<link rel=\"canonical\" href=\"https:\/\/www.ull.es\/portal\/aprendizajeservicio\/como-participar\/\" \/>\n<meta property=\"og:locale\" content=\"es_ES\" \/>\n<meta property=\"og:type\" content=\"article\" \/>\n<meta property=\"og:title\" content=\"\u00danete - Programa de Aprendizaje-Servicio ApS-ULL\" \/>\n<meta property=\"og:description\" content=\"\u00danete C\u00f3mo participar Participar en proyectos de Aprendizaje-Servicio (ApS) tiene beneficios para todos los agentes que intervienen en ellos, ya que se atienden necesidades sociales a la vez que se adquieren conocimientos y habilidades sociales. Los proyectos de ApS pueden ser impulsados por: Profesorado Entidades sociales, colectivos, centros educativos y administraciones p\u00fablicas Alumnado. No obstante,...\" \/>\n<meta property=\"og:url\" content=\"https:\/\/www.ull.es\/portal\/aprendizajeservicio\/como-participar\/\" \/>\n<meta property=\"og:site_name\" content=\"Programa de Aprendizaje-Servicio ApS-ULL\" \/>\n<meta property=\"article:modified_time\" content=\"2023-10-04T12:47:07+00:00\" \/>\n<meta name=\"twitter:card\" content=\"summary_large_image\" \/>\n<meta name=\"twitter:label1\" content=\"Tiempo de lectura\" \/>\n\t<meta name=\"twitter:data1\" content=\"2 minutos\" \/>\n<script type=\"application\/ld+json\" class=\"yoast-schema-graph\">{\"@context\":\"https:\/\/schema.org\",\"@graph\":[{\"@type\":\"WebPage\",\"@id\":\"https:\/\/www.ull.es\/portal\/aprendizajeservicio\/como-participar\/\",\"url\":\"https:\/\/www.ull.es\/portal\/aprendizajeservicio\/como-participar\/\",\"name\":\"\u00danete - Programa de Aprendizaje-Servicio ApS-ULL\",\"isPartOf\":{\"@id\":\"https:\/\/www.ull.es\/portal\/aprendizajeservicio\/#website\"},\"datePublished\":\"2022-03-02T12:35:50+00:00\",\"dateModified\":\"2023-10-04T12:47:07+00:00\",\"breadcrumb\":{\"@id\":\"https:\/\/www.ull.es\/portal\/aprendizajeservicio\/como-participar\/#breadcrumb\"},\"inLanguage\":\"es\",\"potentialAction\":[{\"@type\":\"ReadAction\",\"target\":[\"https:\/\/www.ull.es\/portal\/aprendizajeservicio\/como-participar\/\"]}]},{\"@type\":\"BreadcrumbList\",\"@id\":\"https:\/\/www.ull.es\/portal\/aprendizajeservicio\/como-participar\/#breadcrumb\",\"itemListElement\":[{\"@type\":\"ListItem\",\"position\":1,\"name\":\"Portada\",\"item\":\"https:\/\/www.ull.es\/portal\/aprendizajeservicio\/\"},{\"@type\":\"ListItem\",\"position\":2,\"name\":\"\u00danete\"}]},{\"@type\":\"WebSite\",\"@id\":\"https:\/\/www.ull.es\/portal\/aprendizajeservicio\/#website\",\"url\":\"https:\/\/www.ull.es\/portal\/aprendizajeservicio\/\",\"name\":\"Programa de Aprendizaje-Servicio ApS-ULL\",\"description\":\"\",\"potentialAction\":[{\"@type\":\"SearchAction\",\"target\":{\"@type\":\"EntryPoint\",\"urlTemplate\":\"https:\/\/www.ull.es\/portal\/aprendizajeservicio\/?s={search_term_string}\"},\"query-input\":\"required name=search_term_string\"}],\"inLanguage\":\"es\"}]}<\/script>\n<!-- \/ Yoast SEO plugin. -->","yoast_head_json":{"title":"\u00danete - Programa de Aprendizaje-Servicio ApS-ULL","robots":{"index":"index","follow":"follow","max-snippet":"max-snippet:-1","max-image-preview":"max-image-preview:large","max-video-preview":"max-video-preview:-1"},"canonical":"https:\/\/www.ull.es\/portal\/aprendizajeservicio\/como-participar\/","og_locale":"es_ES","og_type":"article","og_title":"\u00danete - Programa de Aprendizaje-Servicio ApS-ULL","og_description":"\u00danete C\u00f3mo participar Participar en proyectos de Aprendizaje-Servicio (ApS) tiene beneficios para todos los agentes que intervienen en ellos, ya que se atienden necesidades sociales a la vez que se adquieren conocimientos y habilidades sociales. Los proyectos de ApS pueden ser impulsados por: Profesorado Entidades sociales, colectivos, centros educativos y administraciones p\u00fablicas Alumnado. No obstante,...","og_url":"https:\/\/www.ull.es\/portal\/aprendizajeservicio\/como-participar\/","og_site_name":"Programa de Aprendizaje-Servicio ApS-ULL","article_modified_time":"2023-10-04T12:47:07+00:00","twitter_card":"summary_large_image","twitter_misc":{"Tiempo de lectura":"2 minutos"},"schema":{"@context":"https:\/\/schema.org","@graph":[{"@type":"WebPage","@id":"https:\/\/www.ull.es\/portal\/aprendizajeservicio\/como-participar\/","url":"https:\/\/www.ull.es\/portal\/aprendizajeservicio\/como-participar\/","name":"\u00danete - Programa de Aprendizaje-Servicio ApS-ULL","isPartOf":{"@id":"https:\/\/www.ull.es\/portal\/aprendizajeservicio\/#website"},"datePublished":"2022-03-02T12:35:50+00:00","dateModified":"2023-10-04T12:47:07+00:00","breadcrumb":{"@id":"https:\/\/www.ull.es\/portal\/aprendizajeservicio\/como-participar\/#breadcrumb"},"inLanguage":"es","potentialAction":[{"@type":"ReadAction","target":["https:\/\/www.ull.es\/portal\/aprendizajeservicio\/como-participar\/"]}]},{"@type":"BreadcrumbList","@id":"https:\/\/www.ull.es\/portal\/aprendizajeservicio\/como-participar\/#breadcrumb","itemListElement":[{"@type":"ListItem","position":1,"name":"Portada","item":"https:\/\/www.ull.es\/portal\/aprendizajeservicio\/"},{"@type":"ListItem","position":2,"name":"\u00danete"}]},{"@type":"WebSite","@id":"https:\/\/www.ull.es\/portal\/aprendizajeservicio\/#website","url":"https:\/\/www.ull.es\/portal\/aprendizajeservicio\/","name":"Programa de Aprendizaje-Servicio ApS-ULL","description":"","potentialAction":[{"@type":"SearchAction","target":{"@type":"EntryPoint","urlTemplate":"https:\/\/www.ull.es\/portal\/aprendizajeservicio\/?s={search_term_string}"},"query-input":"required name=search_term_string"}],"inLanguage":"es"}]}},"_links":{"self":[{"href":"https:\/\/www.ull.es\/portal\/aprendizajeservicio\/wp-json\/wp\/v2\/pages\/89"}],"collection":[{"href":"https:\/\/www.ull.es\/portal\/aprendizajeservicio\/wp-json\/wp\/v2\/pages"}],"about":[{"href":"https:\/\/www.ull.es\/portal\/aprendizajeservicio\/wp-json\/wp\/v2\/types\/page"}],"author":[{"embeddable":true,"href":"https:\/\/www.ull.es\/portal\/aprendizajeservicio\/wp-json\/wp\/v2\/users\/81"}],"replies":[{"embeddable":true,"href":"https:\/\/www.ull.es\/portal\/aprendizajeservicio\/wp-json\/wp\/v2\/comments?post=89"}],"version-history":[{"count":45,"href":"https:\/\/www.ull.es\/portal\/aprendizajeservicio\/wp-json\/wp\/v2\/pages\/89\/revisions"}],"predecessor-version":[{"id":615,"href":"https:\/\/www.ull.es\/portal\/aprendizajeservicio\/wp-json\/wp\/v2\/pages\/89\/revisions\/615"}],"wp:attachment":[{"href":"https:\/\/www.ull.es\/portal\/aprendizajeservicio\/wp-json\/wp\/v2\/media?parent=89"}],"curies":[{"name":"wp","href":"https:\/\/api.w.org\/{rel}","templated":true}]}}