{"id":899,"date":"2024-04-29T11:45:45","date_gmt":"2024-04-29T11:45:45","guid":{"rendered":"https:\/\/www.ull.es\/portal\/aprendizajeservicio\/?page_id=899"},"modified":"2024-07-24T09:42:35","modified_gmt":"2024-07-24T09:42:35","slug":"jornadas-23-24","status":"publish","type":"page","link":"https:\/\/www.ull.es\/portal\/aprendizajeservicio\/jornadas-23-24\/","title":{"rendered":"III Jornadas ApS 2023\/2024"},"content":{"rendered":"\t\t<div data-elementor-type=\"wp-page\" data-elementor-id=\"899\" class=\"elementor elementor-899\">\n\t\t\t\t\t\t\t\t\t<section class=\"elementor-section elementor-top-section elementor-element elementor-element-5776f2c elementor-section-boxed elementor-section-height-default elementor-section-height-default\" data-id=\"5776f2c\" data-element_type=\"section\">\n\t\t\t\t\t\t<div class=\"elementor-container elementor-column-gap-default\">\n\t\t\t\t\t<div class=\"elementor-column elementor-col-100 elementor-top-column elementor-element elementor-element-62676c3\" data-id=\"62676c3\" data-element_type=\"column\">\n\t\t\t<div class=\"elementor-widget-wrap elementor-element-populated\">\n\t\t\t\t\t\t\t\t<div class=\"elementor-element elementor-element-95b90d4 elementor-skin-carousel elementor-arrows-yes elementor-pagination-type-bullets elementor-pagination-position-outside elementor-widget elementor-widget-media-carousel\" data-id=\"95b90d4\" data-element_type=\"widget\" data-settings=\"{&quot;skin&quot;:&quot;carousel&quot;,&quot;effect&quot;:&quot;slide&quot;,&quot;show_arrows&quot;:&quot;yes&quot;,&quot;pagination&quot;:&quot;bullets&quot;,&quot;speed&quot;:500,&quot;autoplay&quot;:&quot;yes&quot;,&quot;autoplay_speed&quot;:5000,&quot;loop&quot;:&quot;yes&quot;,&quot;pause_on_hover&quot;:&quot;yes&quot;,&quot;pause_on_interaction&quot;:&quot;yes&quot;,&quot;space_between&quot;:{&quot;unit&quot;:&quot;px&quot;,&quot;size&quot;:10,&quot;sizes&quot;:[]},&quot;space_between_tablet&quot;:{&quot;unit&quot;:&quot;px&quot;,&quot;size&quot;:10,&quot;sizes&quot;:[]},&quot;space_between_mobile&quot;:{&quot;unit&quot;:&quot;px&quot;,&quot;size&quot;:10,&quot;sizes&quot;:[]}}\" data-widget_type=\"media-carousel.default\">\n\t\t\t\t<div class=\"elementor-widget-container\">\n\t\t\t<link rel=\"stylesheet\" href=\"https:\/\/www.ull.es\/portal\/aprendizajeservicio\/wp-content\/plugins\/elementor-pro\/assets\/css\/widget-carousel.min.css\">\t\t<div class=\"elementor-swiper\">\n\t\t\t<div class=\"elementor-main-swiper swiper-container\">\n\t\t\t\t<div class=\"swiper-wrapper\">\n\t\t\t\t\t\t\t\t\t\t\t<div class=\"swiper-slide\">\n\t\t\t\t\t\t\t\t\t<div class=\"elementor-carousel-image\" style=\"background-image: url(https:\/\/www.ull.es\/portal\/aprendizajeservicio\/wp-content\/uploads\/sites\/48\/2024\/07\/WhatsApp-Image-2024-07-24-at-09.55.52.jpeg)\">\n\n\t\t\t\n\t\t\t\t\t<\/div>\n\t\t\t\t\t\t\t\t<\/div>\n\t\t\t\t\t\t\t\t\t\t\t<div class=\"swiper-slide\">\n\t\t\t\t\t\t\t\t\t<div class=\"elementor-carousel-image\" style=\"background-image: url(https:\/\/www.ull.es\/portal\/aprendizajeservicio\/wp-content\/uploads\/sites\/48\/2024\/07\/WhatsApp-Image-2024-07-24-at-09.55.50.jpeg)\">\n\n\t\t\t\n\t\t\t\t\t<\/div>\n\t\t\t\t\t\t\t\t<\/div>\n\t\t\t\t\t\t\t\t\t\t\t<div class=\"swiper-slide\">\n\t\t\t\t\t\t\t\t\t<div class=\"elementor-carousel-image\" style=\"background-image: url(https:\/\/www.ull.es\/portal\/aprendizajeservicio\/wp-content\/uploads\/sites\/48\/2024\/07\/WhatsApp-Image-2024-07-24-at-09.55.54.jpeg)\">\n\n\t\t\t\n\t\t\t\t\t<\/div>\n\t\t\t\t\t\t\t\t<\/div>\n\t\t\t\t\t\t\t\t\t\t\t<div class=\"swiper-slide\">\n\t\t\t\t\t\t\t\t\t<div class=\"elementor-carousel-image\" style=\"background-image: url(https:\/\/www.ull.es\/portal\/aprendizajeservicio\/wp-content\/uploads\/sites\/48\/2024\/07\/WhatsApp-Image-2024-07-24-at-09.55.54-1.jpeg)\">\n\n\t\t\t\n\t\t\t\t\t<\/div>\n\t\t\t\t\t\t\t\t<\/div>\n\t\t\t\t\t\t\t\t\t\t\t<div class=\"swiper-slide\">\n\t\t\t\t\t\t\t\t\t<div class=\"elementor-carousel-image\" style=\"background-image: url(https:\/\/www.ull.es\/portal\/aprendizajeservicio\/wp-content\/uploads\/sites\/48\/2024\/07\/WhatsApp-Image-2024-07-24-at-09.55.54-2.jpeg)\">\n\n\t\t\t\n\t\t\t\t\t<\/div>\n\t\t\t\t\t\t\t\t<\/div>\n\t\t\t\t\t\t\t\t\t\t\t<div class=\"swiper-slide\">\n\t\t\t\t\t\t\t\t\t<div class=\"elementor-carousel-image\" style=\"background-image: url(https:\/\/www.ull.es\/portal\/aprendizajeservicio\/wp-content\/uploads\/sites\/48\/2024\/07\/WhatsApp-Image-2024-07-24-at-09.55.55.jpeg)\">\n\n\t\t\t\n\t\t\t\t\t<\/div>\n\t\t\t\t\t\t\t\t<\/div>\n\t\t\t\t\t\t\t\t\t\t\t<div class=\"swiper-slide\">\n\t\t\t\t\t\t\t\t\t<div class=\"elementor-carousel-image\" style=\"background-image: url(https:\/\/www.ull.es\/portal\/aprendizajeservicio\/wp-content\/uploads\/sites\/48\/2024\/07\/WhatsApp-Image-2024-07-24-at-09.55.55-1.jpeg)\">\n\n\t\t\t\n\t\t\t\t\t<\/div>\n\t\t\t\t\t\t\t\t<\/div>\n\t\t\t\t\t\t\t\t\t\t\t<div class=\"swiper-slide\">\n\t\t\t\t\t\t\t\t\t<div class=\"elementor-carousel-image\" style=\"background-image: url(https:\/\/www.ull.es\/portal\/aprendizajeservicio\/wp-content\/uploads\/sites\/48\/2024\/07\/WhatsApp-Image-2024-07-24-at-09.55.55-2.jpeg)\">\n\n\t\t\t\n\t\t\t\t\t<\/div>\n\t\t\t\t\t\t\t\t<\/div>\n\t\t\t\t\t\t\t\t\t\t\t<div class=\"swiper-slide\">\n\t\t\t\t\t\t\t\t\t<div class=\"elementor-carousel-image\" style=\"background-image: url(https:\/\/www.ull.es\/portal\/aprendizajeservicio\/wp-content\/uploads\/sites\/48\/2024\/07\/WhatsApp-Image-2024-07-24-at-09.55.55-3.jpeg)\">\n\n\t\t\t\n\t\t\t\t\t<\/div>\n\t\t\t\t\t\t\t\t<\/div>\n\t\t\t\t\t\t\t\t\t<\/div>\n\t\t\t\t\t\t\t\t\t\t\t\t\t\t\t<div class=\"swiper-pagination\"><\/div>\n\t\t\t\t\t\t\t\t\t\t\t\t\t\t\t\t<div class=\"elementor-swiper-button elementor-swiper-button-prev\">\n\t\t\t\t\t\t\t<i aria-hidden=\"true\" class=\"eicon-chevron-left\"><\/i>\t\t\t\t\t\t\t<span class=\"elementor-screen-only\">Previous<\/span>\n\t\t\t\t\t\t<\/div>\n\t\t\t\t\t\t<div class=\"elementor-swiper-button elementor-swiper-button-next\">\n\t\t\t\t\t\t\t<i aria-hidden=\"true\" class=\"eicon-chevron-right\"><\/i>\t\t\t\t\t\t\t<span class=\"elementor-screen-only\">Next<\/span>\n\t\t\t\t\t\t<\/div>\n\t\t\t\t\t\t\t\t\t\t\t\t<\/div>\n\t\t<\/div>\n\t\t\t\t<\/div>\n\t\t\t\t<\/div>\n\t\t\t\t<div class=\"elementor-element elementor-element-6a12ca8 elementor-widget elementor-widget-text-editor\" data-id=\"6a12ca8\" data-element_type=\"widget\" data-widget_type=\"text-editor.default\">\n\t\t\t\t<div class=\"elementor-widget-container\">\n\t\t\t<style>\/*! elementor - v3.9.2 - 21-12-2022 *\/\n.elementor-widget-text-editor.elementor-drop-cap-view-stacked .elementor-drop-cap{background-color:#818a91;color:#fff}.elementor-widget-text-editor.elementor-drop-cap-view-framed .elementor-drop-cap{color:#818a91;border:3px solid;background-color:transparent}.elementor-widget-text-editor:not(.elementor-drop-cap-view-default) .elementor-drop-cap{margin-top:8px}.elementor-widget-text-editor:not(.elementor-drop-cap-view-default) .elementor-drop-cap-letter{width:1em;height:1em}.elementor-widget-text-editor .elementor-drop-cap{float:left;text-align:center;line-height:1;font-size:50px}.elementor-widget-text-editor .elementor-drop-cap-letter{display:inline-block}<\/style>\t\t\t\t<p style=\"font-family: ArgentumSans, sans-serif;text-align: start\">El impacto positivo de la metodolog\u00eda de Aprendizaje-Servicio por medio del servicio a la comunidad ha sido el eje central de las terceras jornadas de este programa celebradas hoy, viernes 14 de junio, en el Edificio La Pir\u00e1mide de la Facultad de Ciencias Sociales y de la Comunicaci\u00f3n de la Universidad de La Laguna.<\/p><p style=\"font-family: ArgentumSans, sans-serif;text-align: start\">El lema de estas jornadas \u201cCultivar un futuro comprometido con Aprendizaje-Servicio\u201d, refleja la idea de sembrar compromiso social que contribuya a lograr una sociedad m\u00e1s justa y una educaci\u00f3n con valores. El acto ha sido inaugurado por Francisco Garc\u00eda, rector de la Universidad de La Laguna, y ha estado acompa\u00f1ado por Efra\u00edn Medina, consejero de Empleo, Educaci\u00f3n y Juventud del Cabildo de Tenerife; Jos\u00e9 Manuel Garc\u00eda Fraga, vicerrector de Docencia; Cintia Hern\u00e1ndez, directora de Secretariado de Sostenibilidad y Mar\u00eda Gabino Campos, directora acad\u00e9mica del programa.<\/p><p style=\"font-family: ArgentumSans, sans-serif;text-align: start\">En el evento se realz\u00f3 la colaboraci\u00f3n interinstitucional entre la Universidad de La Laguna y el Cabildo de Tenerife, que permite que este tipo de iniciativas puedan llevarse a cabo y sean \u00fatiles a la sociedad, impactando donde est\u00e1n las necesidades. \u201cEs importante que las metodolog\u00edas docentes sean cada vez m\u00e1s pr\u00e1cticas, y este es el objetivo del aprendizaje-servicio. En este mundo de tanto populismo y simplismo, desde la universidad tenemos que evidenciar que no hay respuestas simplistas, sino pr\u00e1cticas\u201d, comenta Francisco Garc\u00eda.<\/p><p style=\"font-family: ArgentumSans, sans-serif;text-align: start\">Por su parte, Efra\u00edn Medina destac\u00f3 que el aprendizaje-servicio es una metodolog\u00eda de vanguardia y es esencial que el Cabildo invierta en ella. \u201cEs clave potenciar el desarrollo comunitario y gracias a esta metodolog\u00eda se promueven proyectos que llevan a una verdadera inclusi\u00f3n social. Hay que practicar m\u00e1s que pregonar, para poder tener una isla m\u00e1s cohesionada, por lo que necesitamos que el desarrollo comunitario se potencie\u201d.<\/p><p style=\"font-family: ArgentumSans, sans-serif;text-align: start\">Mar\u00eda Gabino, directora acad\u00e9mica de este programa, se\u00f1al\u00f3 que se ha pasado de nueve a quince proyectos presentados este a\u00f1o, tanto por alumnado de centros de educaci\u00f3n secundaria como de la universidad. \u201cHemos plantado la semilla del compromiso social y esperamos que siga creciendo. Es muy importante la institucionalizaci\u00f3n de esta metodolog\u00eda\u201d, subray\u00f3.\u00a0<\/p><p style=\"font-family: ArgentumSans, sans-serif;text-align: start\">Entre los proyectos universitarios destacan \u2018Depurando las aguas residuales en el Parque rural de Anaga\u2019, coordinado por la profesora de Qu\u00edmica Luisa Vera, en el que una alumna ha realizado su Trabajo de Fin de Grado con la ayuda de los vecinos y las vecinas de la zona; \u2018En mi barrio, lo p\u00fablico mola\u2019 coordinado por el profesor de Geograf\u00eda Vicente Zapata, donde se ha trabajado con los ODS en el barrio de San Mat\u00edas; o \u2018Pensamiento computacional\u2019, a cargo de Coromoto Le\u00f3n, profesora de la Escuela Superior de Ingenier\u00eda y Tecnolog\u00eda, en el que se ense\u00f1a al alumnado de secundaria a pensar de otra manera, haciendo uso de la l\u00f3gica y las matem\u00e1ticas.<\/p><p style=\"font-family: ArgentumSans, sans-serif;text-align: start\"><b>Empresas con prop\u00f3sito<\/b><\/p><p style=\"font-family: ArgentumSans, sans-serif;text-align: start\">Antes de la presentaci\u00f3n de la quincena de proyectos de aprendizaje-servicio realizados dentro de este programa durante el curso 2023-204, Bel\u00e9n Barroso, emprendedora y doctora en comunicaci\u00f3n para las organizaciones sostenibles por la Universidad de M\u00e1laga, expuso la importancia de impulsar empresas con prop\u00f3sito.\u00a0<\/p><p style=\"font-family: ArgentumSans, sans-serif;text-align: start\">El mundo globalizado ha llevado a una crisis que afecta a lo ambiental y a lo social. Para poner remedio a esta situaci\u00f3n, se requieren soluciones colaborativas y las empresas son agentes fundamentales para conseguir este cambio, se\u00f1al\u00f3 Barroso. Desde hace varios a\u00f1os han empezado a establecerse en Espa\u00f1a empresas con \u00e1nimo de lucro pero con prop\u00f3sitos de sostenibilidad, certificadas con\u00a0<a href=\"https:\/\/www.bcorpspain.es\/\" target=\"_blank\" rel=\"noopener\" target=\"_blank\" rel=\"noopener\">B Corp<\/a>, a\u00f1adi\u00f3 la ponente. En el mundo hay 8.200 empresas con prop\u00f3sito y en Espa\u00f1a existen actualmente 270 con esta certificaci\u00f3n, entre las que destacan Natura o La casa de Carlota, agencia de publicidad que ha incorporado a personas con autismo y s\u00edndrome de Down, por ejemplo.\u00a0<\/p>\t\t\t\t\t\t<\/div>\n\t\t\t\t<\/div>\n\t\t\t\t\t<\/div>\n\t\t<\/div>\n\t\t\t\t\t\t\t<\/div>\n\t\t<\/section>\n\t\t\t\t<section class=\"elementor-section elementor-top-section elementor-element elementor-element-0ca5f3f elementor-section-boxed elementor-section-height-default elementor-section-height-default\" data-id=\"0ca5f3f\" data-element_type=\"section\">\n\t\t\t\t\t\t<div class=\"elementor-container elementor-column-gap-default\">\n\t\t\t\t\t<div class=\"elementor-column elementor-col-100 elementor-top-column elementor-element elementor-element-63f6950\" data-id=\"63f6950\" data-element_type=\"column\">\n\t\t\t<div class=\"elementor-widget-wrap elementor-element-populated\">\n\t\t\t\t\t\t\t\t<div class=\"elementor-element elementor-element-e29839b elementor-widget elementor-widget-image\" data-id=\"e29839b\" data-element_type=\"widget\" data-widget_type=\"image.default\">\n\t\t\t\t<div class=\"elementor-widget-container\">\n\t\t\t<style>\/*! elementor - v3.9.2 - 21-12-2022 *\/\n.elementor-widget-image{text-align:center}.elementor-widget-image a{display:inline-block}.elementor-widget-image a img[src$=\".svg\"]{width:48px}.elementor-widget-image img{vertical-align:middle;display:inline-block}<\/style>\t\t\t\t\t\t\t\t\t\t\t\t<img decoding=\"async\" loading=\"lazy\" width=\"750\" height=\"370\" src=\"https:\/\/www.ull.es\/portal\/aprendizajeservicio\/wp-content\/uploads\/sites\/48\/2024\/05\/Plantilla-APS-Eventos-1-3.jpg\" class=\"attachment-large size-large wp-image-942\" alt=\"\" srcset=\"https:\/\/www.ull.es\/portal\/aprendizajeservicio\/wp-content\/uploads\/sites\/48\/2024\/05\/Plantilla-APS-Eventos-1-3.jpg 750w, https:\/\/www.ull.es\/portal\/aprendizajeservicio\/wp-content\/uploads\/sites\/48\/2024\/05\/Plantilla-APS-Eventos-1-3-300x148.jpg 300w, https:\/\/www.ull.es\/portal\/aprendizajeservicio\/wp-content\/uploads\/sites\/48\/2024\/05\/Plantilla-APS-Eventos-1-3-375x185.jpg 375w\" sizes=\"(max-width: 750px) 100vw, 750px\" \/>\t\t\t\t\t\t\t\t\t\t\t\t\t\t\t<\/div>\n\t\t\t\t<\/div>\n\t\t\t\t\t<\/div>\n\t\t<\/div>\n\t\t\t\t\t\t\t<\/div>\n\t\t<\/section>\n\t\t\t\t<section class=\"elementor-section elementor-top-section elementor-element elementor-element-e887a3a elementor-section-boxed elementor-section-height-default elementor-section-height-default\" data-id=\"e887a3a\" data-element_type=\"section\">\n\t\t\t\t\t\t<div class=\"elementor-container elementor-column-gap-default\">\n\t\t\t\t\t<div class=\"elementor-column elementor-col-100 elementor-top-column elementor-element elementor-element-cac9516\" data-id=\"cac9516\" data-element_type=\"column\">\n\t\t\t<div class=\"elementor-widget-wrap\">\n\t\t\t\t\t\t\t\t\t<\/div>\n\t\t<\/div>\n\t\t\t\t\t\t\t<\/div>\n\t\t<\/section>\n\t\t\t\t<section class=\"elementor-section elementor-top-section elementor-element elementor-element-120e665 elementor-section-boxed elementor-section-height-default elementor-section-height-default\" data-id=\"120e665\" data-element_type=\"section\">\n\t\t\t\t\t\t<div class=\"elementor-container elementor-column-gap-default\">\n\t\t\t\t\t<div class=\"elementor-column elementor-col-100 elementor-top-column elementor-element elementor-element-9f8c1d0\" data-id=\"9f8c1d0\" data-element_type=\"column\">\n\t\t\t<div class=\"elementor-widget-wrap\">\n\t\t\t\t\t\t\t\t\t<\/div>\n\t\t<\/div>\n\t\t\t\t\t\t\t<\/div>\n\t\t<\/section>\n\t\t\t\t\t\t\t<\/div>\n\t\t","protected":false},"excerpt":{"rendered":"<p>Previous Next El impacto positivo de la metodolog\u00eda de Aprendizaje-Servicio por medio del servicio a la comunidad ha sido el eje central de las terceras jornadas de este programa celebradas hoy, viernes 14 de junio, en el Edificio La Pir\u00e1mide de la Facultad de Ciencias Sociales y de la Comunicaci\u00f3n de la Universidad de La&#8230;<\/p>\n","protected":false},"author":81,"featured_media":0,"parent":0,"menu_order":0,"comment_status":"closed","ping_status":"closed","template":"","meta":{"inline_featured_image":false,"footnotes":""},"acf":[],"yoast_head":"<!-- This site is optimized with the Yoast SEO plugin v21.3 - https:\/\/yoast.com\/wordpress\/plugins\/seo\/ -->\n<title>III Jornadas ApS 2023\/2024 - Programa de Aprendizaje-Servicio ApS-ULL<\/title>\n<meta name=\"robots\" content=\"index, follow, max-snippet:-1, max-image-preview:large, max-video-preview:-1\" \/>\n<link rel=\"canonical\" href=\"https:\/\/www.ull.es\/portal\/aprendizajeservicio\/jornadas-23-24\/\" \/>\n<meta property=\"og:locale\" content=\"es_ES\" \/>\n<meta property=\"og:type\" content=\"article\" \/>\n<meta property=\"og:title\" content=\"III Jornadas ApS 2023\/2024 - Programa de Aprendizaje-Servicio ApS-ULL\" \/>\n<meta property=\"og:description\" content=\"Previous Next El impacto positivo de la metodolog\u00eda de Aprendizaje-Servicio por medio del servicio a la comunidad ha sido el eje central de las terceras jornadas de este programa celebradas hoy, viernes 14 de junio, en el Edificio La Pir\u00e1mide de la Facultad de Ciencias Sociales y de la Comunicaci\u00f3n de la Universidad de La...\" \/>\n<meta property=\"og:url\" content=\"https:\/\/www.ull.es\/portal\/aprendizajeservicio\/jornadas-23-24\/\" \/>\n<meta property=\"og:site_name\" content=\"Programa de Aprendizaje-Servicio ApS-ULL\" \/>\n<meta property=\"article:modified_time\" content=\"2024-07-24T09:42:35+00:00\" \/>\n<meta property=\"og:image\" content=\"https:\/\/www.ull.es\/portal\/aprendizajeservicio\/wp-content\/uploads\/sites\/48\/2024\/05\/Plantilla-APS-Eventos-1-3.jpg\" \/>\n<meta name=\"twitter:card\" content=\"summary_large_image\" \/>\n<meta name=\"twitter:label1\" content=\"Tiempo de lectura\" \/>\n\t<meta name=\"twitter:data1\" content=\"4 minutos\" \/>\n<script type=\"application\/ld+json\" class=\"yoast-schema-graph\">{\"@context\":\"https:\/\/schema.org\",\"@graph\":[{\"@type\":\"WebPage\",\"@id\":\"https:\/\/www.ull.es\/portal\/aprendizajeservicio\/jornadas-23-24\/\",\"url\":\"https:\/\/www.ull.es\/portal\/aprendizajeservicio\/jornadas-23-24\/\",\"name\":\"III Jornadas ApS 2023\/2024 - Programa de Aprendizaje-Servicio ApS-ULL\",\"isPartOf\":{\"@id\":\"https:\/\/www.ull.es\/portal\/aprendizajeservicio\/#website\"},\"datePublished\":\"2024-04-29T11:45:45+00:00\",\"dateModified\":\"2024-07-24T09:42:35+00:00\",\"breadcrumb\":{\"@id\":\"https:\/\/www.ull.es\/portal\/aprendizajeservicio\/jornadas-23-24\/#breadcrumb\"},\"inLanguage\":\"es\",\"potentialAction\":[{\"@type\":\"ReadAction\",\"target\":[\"https:\/\/www.ull.es\/portal\/aprendizajeservicio\/jornadas-23-24\/\"]}]},{\"@type\":\"BreadcrumbList\",\"@id\":\"https:\/\/www.ull.es\/portal\/aprendizajeservicio\/jornadas-23-24\/#breadcrumb\",\"itemListElement\":[{\"@type\":\"ListItem\",\"position\":1,\"name\":\"Portada\",\"item\":\"https:\/\/www.ull.es\/portal\/aprendizajeservicio\/\"},{\"@type\":\"ListItem\",\"position\":2,\"name\":\"III Jornadas ApS 2023\/2024\"}]},{\"@type\":\"WebSite\",\"@id\":\"https:\/\/www.ull.es\/portal\/aprendizajeservicio\/#website\",\"url\":\"https:\/\/www.ull.es\/portal\/aprendizajeservicio\/\",\"name\":\"Programa de Aprendizaje-Servicio ApS-ULL\",\"description\":\"\",\"potentialAction\":[{\"@type\":\"SearchAction\",\"target\":{\"@type\":\"EntryPoint\",\"urlTemplate\":\"https:\/\/www.ull.es\/portal\/aprendizajeservicio\/?s={search_term_string}\"},\"query-input\":\"required name=search_term_string\"}],\"inLanguage\":\"es\"}]}<\/script>\n<!-- \/ Yoast SEO plugin. -->","yoast_head_json":{"title":"III Jornadas ApS 2023\/2024 - Programa de Aprendizaje-Servicio ApS-ULL","robots":{"index":"index","follow":"follow","max-snippet":"max-snippet:-1","max-image-preview":"max-image-preview:large","max-video-preview":"max-video-preview:-1"},"canonical":"https:\/\/www.ull.es\/portal\/aprendizajeservicio\/jornadas-23-24\/","og_locale":"es_ES","og_type":"article","og_title":"III Jornadas ApS 2023\/2024 - Programa de Aprendizaje-Servicio ApS-ULL","og_description":"Previous Next El impacto positivo de la metodolog\u00eda de Aprendizaje-Servicio por medio del servicio a la comunidad ha sido el eje central de las terceras jornadas de este programa celebradas hoy, viernes 14 de junio, en el Edificio La Pir\u00e1mide de la Facultad de Ciencias Sociales y de la Comunicaci\u00f3n de la Universidad de La...","og_url":"https:\/\/www.ull.es\/portal\/aprendizajeservicio\/jornadas-23-24\/","og_site_name":"Programa de Aprendizaje-Servicio ApS-ULL","article_modified_time":"2024-07-24T09:42:35+00:00","og_image":[{"url":"https:\/\/www.ull.es\/portal\/aprendizajeservicio\/wp-content\/uploads\/sites\/48\/2024\/05\/Plantilla-APS-Eventos-1-3.jpg"}],"twitter_card":"summary_large_image","twitter_misc":{"Tiempo de lectura":"4 minutos"},"schema":{"@context":"https:\/\/schema.org","@graph":[{"@type":"WebPage","@id":"https:\/\/www.ull.es\/portal\/aprendizajeservicio\/jornadas-23-24\/","url":"https:\/\/www.ull.es\/portal\/aprendizajeservicio\/jornadas-23-24\/","name":"III Jornadas ApS 2023\/2024 - Programa de Aprendizaje-Servicio ApS-ULL","isPartOf":{"@id":"https:\/\/www.ull.es\/portal\/aprendizajeservicio\/#website"},"datePublished":"2024-04-29T11:45:45+00:00","dateModified":"2024-07-24T09:42:35+00:00","breadcrumb":{"@id":"https:\/\/www.ull.es\/portal\/aprendizajeservicio\/jornadas-23-24\/#breadcrumb"},"inLanguage":"es","potentialAction":[{"@type":"ReadAction","target":["https:\/\/www.ull.es\/portal\/aprendizajeservicio\/jornadas-23-24\/"]}]},{"@type":"BreadcrumbList","@id":"https:\/\/www.ull.es\/portal\/aprendizajeservicio\/jornadas-23-24\/#breadcrumb","itemListElement":[{"@type":"ListItem","position":1,"name":"Portada","item":"https:\/\/www.ull.es\/portal\/aprendizajeservicio\/"},{"@type":"ListItem","position":2,"name":"III Jornadas ApS 2023\/2024"}]},{"@type":"WebSite","@id":"https:\/\/www.ull.es\/portal\/aprendizajeservicio\/#website","url":"https:\/\/www.ull.es\/portal\/aprendizajeservicio\/","name":"Programa de Aprendizaje-Servicio ApS-ULL","description":"","potentialAction":[{"@type":"SearchAction","target":{"@type":"EntryPoint","urlTemplate":"https:\/\/www.ull.es\/portal\/aprendizajeservicio\/?s={search_term_string}"},"query-input":"required name=search_term_string"}],"inLanguage":"es"}]}},"_links":{"self":[{"href":"https:\/\/www.ull.es\/portal\/aprendizajeservicio\/wp-json\/wp\/v2\/pages\/899"}],"collection":[{"href":"https:\/\/www.ull.es\/portal\/aprendizajeservicio\/wp-json\/wp\/v2\/pages"}],"about":[{"href":"https:\/\/www.ull.es\/portal\/aprendizajeservicio\/wp-json\/wp\/v2\/types\/page"}],"author":[{"embeddable":true,"href":"https:\/\/www.ull.es\/portal\/aprendizajeservicio\/wp-json\/wp\/v2\/users\/81"}],"replies":[{"embeddable":true,"href":"https:\/\/www.ull.es\/portal\/aprendizajeservicio\/wp-json\/wp\/v2\/comments?post=899"}],"version-history":[{"count":63,"href":"https:\/\/www.ull.es\/portal\/aprendizajeservicio\/wp-json\/wp\/v2\/pages\/899\/revisions"}],"predecessor-version":[{"id":1072,"href":"https:\/\/www.ull.es\/portal\/aprendizajeservicio\/wp-json\/wp\/v2\/pages\/899\/revisions\/1072"}],"wp:attachment":[{"href":"https:\/\/www.ull.es\/portal\/aprendizajeservicio\/wp-json\/wp\/v2\/media?parent=899"}],"curies":[{"name":"wp","href":"https:\/\/api.w.org\/{rel}","templated":true}]}}