{"id":104,"date":"2016-12-19T12:05:10","date_gmt":"2016-12-19T12:05:10","guid":{"rendered":"https:\/\/www.ull.es\/portal\/aulasycatedrasculturales\/?page_id=104"},"modified":"2023-12-19T09:19:46","modified_gmt":"2023-12-19T09:19:46","slug":"aula-de-lengua-y-literatura","status":"publish","type":"page","link":"https:\/\/www.ull.es\/portal\/aulasycatedrasculturales\/aula-de-lengua-y-literatura\/","title":{"rendered":"Aula Cultural de Lengua y Literatura"},"content":{"rendered":"<p>[vc_row][vc_column][vc_empty_space][\/vc_column][\/vc_row][vc_row][vc_column width=\u00bb1\/3&#8243;][vc_single_image image=\u00bb1455&#8243; img_size=\u00bbfull\u00bb][vc_column_text]<strong>Directora:<\/strong> Nieves Mar\u00eda Concepci\u00f3n Lorenzo<\/p>\n<ul>\n<li><i class=\"fa fa-phone\"><\/i> (+34) 669 41 10 84<\/li>\n<li><a href=\"mailto:nmarcolo@ull.edu.es\" target=\"_blank\" rel=\"noopener\" target=\"_blank\" rel=\"noopener\">nmarcolo@ull.es<\/a><\/li>\n<\/ul>\n<p>[\/vc_column_text][\/vc_column][vc_column width=\u00bb2\/3&#8243;][vc_column_text]<\/p>\n<h2>Aula Cultural de Lengua y Literatura<\/h2>\n<p>[\/vc_column_text][vc_column_text]<\/p>\n<p style=\"text-align: justify;\">El Aula de Lengua y Literatura tiene como principal objetivo el propiciar un di\u00e1logo intergeneracional en el que participen alumnos y profesores de distintas promociones tanto del Grado en Espa\u00f1ol: lengua y literatura como de otras titulaciones vinculadas a los estudios de Humanidades. Es objetivo primordial, adem\u00e1s, del Aula que este di\u00e1logo entre generaciones y disciplinas se haga extensivo al resto de la sociedad. Para ello, intentamos vincular nuestras actividades con otros espacios tanto del municipio de La Laguna como del resto de la isla, no solo en Instituciones que desean colaborar con nosotros permiti\u00e9ndonos realizarlas en sus instalaciones, sino tambi\u00e9n en la propia calle, convertida tambi\u00e9n en espacio de indagaci\u00f3n y disfrute cultural.<\/p>\n<p style=\"text-align: justify;\">En el esp\u00edritu del Aula de Lengua y Literatura est\u00e1, ante todo, el deseo de realizar actividades diferentes, l\u00fadicas, creativas, pero no por ello menos profundas, que ofrezcan una dimensi\u00f3n del hecho cultural &#8211; literario, ling\u00fc\u00edstico, pict\u00f3rico, cinematogr\u00e1fico, etc. &#8211;\u00a0 complementaria a los contenidos te\u00f3ricos e historiogr\u00e1ficos que se imparten en las distintas asignaturas de los Grados.<\/p>\n<p style=\"text-align: justify;\">Es, por otra parte, un objetivo muy claro el de propiciar el di\u00e1logo entre miembros de la ULL -profesorado y alumnado- y profesionales de otros \u00e1mbitos, sean o no universitarios, a fin de ofrecer una visi\u00f3n integral del fen\u00f3meno art\u00edstico desde distintos \u00e1ngulos, atendiendo tanto a la recepci\u00f3n como a la creaci\u00f3n. Consideramos, as\u00ed, enormemente inspiradora la presencia de distintas figuras del panorama cultural espa\u00f1ol, tanto escritores como cineastas o dramaturgos.<\/p>\n<p style=\"text-align: justify;\">Se trata, pues, de que, a trav\u00e9s del Aula, la literatura y otras artes afines palpiten y se hagan visibles en la sociedad que las crea y contempla, desde una visi\u00f3n globalizadora que se extiende fuera del aula y fuera de la isla.<\/p>\n<p>[\/vc_column_text][\/vc_column][\/vc_row]<\/p>\n","protected":false},"excerpt":{"rendered":"<p>[vc_row][vc_column][vc_empty_space][\/vc_column][\/vc_row][vc_row][vc_column width=\u00bb1\/3&#8243;][vc_single_image image=\u00bb1455&#8243; img_size=\u00bbfull\u00bb][vc_column_text]Directora: Nieves Mar\u00eda Concepci\u00f3n Lorenzo (+34) 669 41 10 84 nmarcolo@ull.es [\/vc_column_text][\/vc_column][vc_column width=\u00bb2\/3&#8243;][vc_column_text] Aula Cultural de Lengua&#8230;<\/p>\n","protected":false},"author":22,"featured_media":1455,"parent":0,"menu_order":0,"comment_status":"closed","ping_status":"closed","template":"","meta":{"inline_featured_image":false,"footnotes":""},"acf":[],"yoast_head":"<!-- This site is optimized with the Yoast SEO plugin v21.3 - https:\/\/yoast.com\/wordpress\/plugins\/seo\/ -->\n<title>Aula Cultural de Lengua y Literatura - Aulas y C\u00e1tedras Culturales<\/title>\n<meta name=\"robots\" content=\"index, follow, max-snippet:-1, max-image-preview:large, max-video-preview:-1\" \/>\n<link rel=\"canonical\" href=\"https:\/\/www.ull.es\/portal\/aulasycatedrasculturales\/aula-de-lengua-y-literatura\/\" \/>\n<meta property=\"og:locale\" content=\"es_ES\" \/>\n<meta property=\"og:type\" content=\"article\" \/>\n<meta property=\"og:title\" content=\"Aula Cultural de Lengua y Literatura - Aulas y C\u00e1tedras Culturales\" \/>\n<meta property=\"og:description\" content=\"[vc_row][vc_column][vc_empty_space][\/vc_column][\/vc_row][vc_row][vc_column width=\u00bb1\/3&#8243;][vc_single_image image=\u00bb1455&#8243; img_size=\u00bbfull\u00bb][vc_column_text]Directora: Nieves Mar\u00eda Concepci\u00f3n Lorenzo (+34) 669 41 10 84 nmarcolo@ull.es [\/vc_column_text][\/vc_column][vc_column width=\u00bb2\/3&#8243;][vc_column_text] Aula Cultural de Lengua...\" \/>\n<meta property=\"og:url\" content=\"https:\/\/www.ull.es\/portal\/aulasycatedrasculturales\/aula-de-lengua-y-literatura\/\" \/>\n<meta property=\"og:site_name\" content=\"Aulas y C\u00e1tedras Culturales\" \/>\n<meta property=\"article:modified_time\" content=\"2023-12-19T09:19:46+00:00\" \/>\n<meta property=\"og:image\" content=\"https:\/\/www.ull.es\/portal\/aulasycatedrasculturales\/wp-content\/uploads\/sites\/19\/2016\/12\/aula-literatura1.jpg.jpg\" \/>\n\t<meta property=\"og:image:width\" content=\"300\" \/>\n\t<meta property=\"og:image:height\" content=\"300\" \/>\n\t<meta property=\"og:image:type\" content=\"image\/jpeg\" \/>\n<meta name=\"twitter:card\" content=\"summary_large_image\" \/>\n<meta name=\"twitter:label1\" content=\"Tiempo de lectura\" \/>\n\t<meta name=\"twitter:data1\" content=\"2 minutos\" \/>\n<script type=\"application\/ld+json\" class=\"yoast-schema-graph\">{\"@context\":\"https:\/\/schema.org\",\"@graph\":[{\"@type\":\"WebPage\",\"@id\":\"https:\/\/www.ull.es\/portal\/aulasycatedrasculturales\/aula-de-lengua-y-literatura\/\",\"url\":\"https:\/\/www.ull.es\/portal\/aulasycatedrasculturales\/aula-de-lengua-y-literatura\/\",\"name\":\"Aula Cultural de Lengua y Literatura - Aulas y C\u00e1tedras Culturales\",\"isPartOf\":{\"@id\":\"https:\/\/www.ull.es\/portal\/aulasycatedrasculturales\/#website\"},\"datePublished\":\"2016-12-19T12:05:10+00:00\",\"dateModified\":\"2023-12-19T09:19:46+00:00\",\"breadcrumb\":{\"@id\":\"https:\/\/www.ull.es\/portal\/aulasycatedrasculturales\/aula-de-lengua-y-literatura\/#breadcrumb\"},\"inLanguage\":\"es\",\"potentialAction\":[{\"@type\":\"ReadAction\",\"target\":[\"https:\/\/www.ull.es\/portal\/aulasycatedrasculturales\/aula-de-lengua-y-literatura\/\"]}]},{\"@type\":\"BreadcrumbList\",\"@id\":\"https:\/\/www.ull.es\/portal\/aulasycatedrasculturales\/aula-de-lengua-y-literatura\/#breadcrumb\",\"itemListElement\":[{\"@type\":\"ListItem\",\"position\":1,\"name\":\"Portada\",\"item\":\"https:\/\/www.ull.es\/portal\/aulasycatedrasculturales\/\"},{\"@type\":\"ListItem\",\"position\":2,\"name\":\"Aula Cultural de Lengua y Literatura\"}]},{\"@type\":\"WebSite\",\"@id\":\"https:\/\/www.ull.es\/portal\/aulasycatedrasculturales\/#website\",\"url\":\"https:\/\/www.ull.es\/portal\/aulasycatedrasculturales\/\",\"name\":\"Aulas y C\u00e1tedras Culturales\",\"description\":\"\",\"potentialAction\":[{\"@type\":\"SearchAction\",\"target\":{\"@type\":\"EntryPoint\",\"urlTemplate\":\"https:\/\/www.ull.es\/portal\/aulasycatedrasculturales\/?s={search_term_string}\"},\"query-input\":\"required name=search_term_string\"}],\"inLanguage\":\"es\"}]}<\/script>\n<!-- \/ Yoast SEO plugin. -->","yoast_head_json":{"title":"Aula Cultural de Lengua y Literatura - Aulas y C\u00e1tedras Culturales","robots":{"index":"index","follow":"follow","max-snippet":"max-snippet:-1","max-image-preview":"max-image-preview:large","max-video-preview":"max-video-preview:-1"},"canonical":"https:\/\/www.ull.es\/portal\/aulasycatedrasculturales\/aula-de-lengua-y-literatura\/","og_locale":"es_ES","og_type":"article","og_title":"Aula Cultural de Lengua y Literatura - Aulas y C\u00e1tedras Culturales","og_description":"[vc_row][vc_column][vc_empty_space][\/vc_column][\/vc_row][vc_row][vc_column width=\u00bb1\/3&#8243;][vc_single_image image=\u00bb1455&#8243; img_size=\u00bbfull\u00bb][vc_column_text]Directora: Nieves Mar\u00eda Concepci\u00f3n Lorenzo (+34) 669 41 10 84 nmarcolo@ull.es [\/vc_column_text][\/vc_column][vc_column width=\u00bb2\/3&#8243;][vc_column_text] Aula Cultural de Lengua...","og_url":"https:\/\/www.ull.es\/portal\/aulasycatedrasculturales\/aula-de-lengua-y-literatura\/","og_site_name":"Aulas y C\u00e1tedras Culturales","article_modified_time":"2023-12-19T09:19:46+00:00","og_image":[{"width":300,"height":300,"url":"https:\/\/www.ull.es\/portal\/aulasycatedrasculturales\/wp-content\/uploads\/sites\/19\/2016\/12\/aula-literatura1.jpg.jpg","type":"image\/jpeg"}],"twitter_card":"summary_large_image","twitter_misc":{"Tiempo de lectura":"2 minutos"},"schema":{"@context":"https:\/\/schema.org","@graph":[{"@type":"WebPage","@id":"https:\/\/www.ull.es\/portal\/aulasycatedrasculturales\/aula-de-lengua-y-literatura\/","url":"https:\/\/www.ull.es\/portal\/aulasycatedrasculturales\/aula-de-lengua-y-literatura\/","name":"Aula Cultural de Lengua y Literatura - Aulas y C\u00e1tedras Culturales","isPartOf":{"@id":"https:\/\/www.ull.es\/portal\/aulasycatedrasculturales\/#website"},"datePublished":"2016-12-19T12:05:10+00:00","dateModified":"2023-12-19T09:19:46+00:00","breadcrumb":{"@id":"https:\/\/www.ull.es\/portal\/aulasycatedrasculturales\/aula-de-lengua-y-literatura\/#breadcrumb"},"inLanguage":"es","potentialAction":[{"@type":"ReadAction","target":["https:\/\/www.ull.es\/portal\/aulasycatedrasculturales\/aula-de-lengua-y-literatura\/"]}]},{"@type":"BreadcrumbList","@id":"https:\/\/www.ull.es\/portal\/aulasycatedrasculturales\/aula-de-lengua-y-literatura\/#breadcrumb","itemListElement":[{"@type":"ListItem","position":1,"name":"Portada","item":"https:\/\/www.ull.es\/portal\/aulasycatedrasculturales\/"},{"@type":"ListItem","position":2,"name":"Aula Cultural de Lengua y Literatura"}]},{"@type":"WebSite","@id":"https:\/\/www.ull.es\/portal\/aulasycatedrasculturales\/#website","url":"https:\/\/www.ull.es\/portal\/aulasycatedrasculturales\/","name":"Aulas y C\u00e1tedras Culturales","description":"","potentialAction":[{"@type":"SearchAction","target":{"@type":"EntryPoint","urlTemplate":"https:\/\/www.ull.es\/portal\/aulasycatedrasculturales\/?s={search_term_string}"},"query-input":"required name=search_term_string"}],"inLanguage":"es"}]}},"_links":{"self":[{"href":"https:\/\/www.ull.es\/portal\/aulasycatedrasculturales\/wp-json\/wp\/v2\/pages\/104"}],"collection":[{"href":"https:\/\/www.ull.es\/portal\/aulasycatedrasculturales\/wp-json\/wp\/v2\/pages"}],"about":[{"href":"https:\/\/www.ull.es\/portal\/aulasycatedrasculturales\/wp-json\/wp\/v2\/types\/page"}],"author":[{"embeddable":true,"href":"https:\/\/www.ull.es\/portal\/aulasycatedrasculturales\/wp-json\/wp\/v2\/users\/22"}],"replies":[{"embeddable":true,"href":"https:\/\/www.ull.es\/portal\/aulasycatedrasculturales\/wp-json\/wp\/v2\/comments?post=104"}],"version-history":[{"count":7,"href":"https:\/\/www.ull.es\/portal\/aulasycatedrasculturales\/wp-json\/wp\/v2\/pages\/104\/revisions"}],"predecessor-version":[{"id":2297,"href":"https:\/\/www.ull.es\/portal\/aulasycatedrasculturales\/wp-json\/wp\/v2\/pages\/104\/revisions\/2297"}],"wp:featuredmedia":[{"embeddable":true,"href":"https:\/\/www.ull.es\/portal\/aulasycatedrasculturales\/wp-json\/wp\/v2\/media\/1455"}],"wp:attachment":[{"href":"https:\/\/www.ull.es\/portal\/aulasycatedrasculturales\/wp-json\/wp\/v2\/media?parent=104"}],"curies":[{"name":"wp","href":"https:\/\/api.w.org\/{rel}","templated":true}]}}