{"id":119,"date":"2016-12-19T13:01:09","date_gmt":"2016-12-19T13:01:09","guid":{"rendered":"https:\/\/www.ull.es\/portal\/aulasycatedrasculturales\/?page_id=119"},"modified":"2025-10-13T13:52:53","modified_gmt":"2025-10-13T13:52:53","slug":"aula-seminario-de-psicomotricidad","status":"publish","type":"page","link":"https:\/\/www.ull.es\/portal\/aulasycatedrasculturales\/aula-seminario-de-psicomotricidad\/","title":{"rendered":"Aula Cultural Seminario de Psicomotricidad"},"content":{"rendered":"<p>[vc_row][vc_column][vc_empty_space][\/vc_column][\/vc_row][vc_row][vc_column width=\u00bb1\/3&#8243;][vc_single_image image=\u00bb1489&#8243; img_size=\u00bbfull\u00bb][vc_column_text]<strong>Directora: <\/strong>Tal\u00eda Cristina Morillo Lesme<\/p>\n<ul>\n<li><i class=\"fa fa-envelope\"><\/i><a href=\"mailto:tmorillo@ull.edu.es\" target=\"_blank\" rel=\"noopener\" target=\"_blank\" rel=\"noopener\">tmorillo@ull.edu.es<\/a><\/li>\n<\/ul>\n<p><strong>Secretaria:<\/strong> Raquel Gonz\u00e1lez Hern\u00e1ndez<\/p>\n<ul>\n<li><i class=\"fa fa-envelope\"><\/i>\u00a0<a href=\"mailto:rgonzalh@ull.edu.es\" target=\"_blank\" rel=\"noopener\" target=\"_blank\" rel=\"noopener\">rgonzalh@ull.edu.es<\/a><\/li>\n<li>(+34) 922 31 91 12<\/li>\n<li><i class=\"fa fa-external-link\"><\/i> <a href=\"https:\/\/campusvirtual.ull.es\/entornos\/course\/view.php?id=266\" target=\"_blank\" rel=\"noopener\">Campus virtual<\/a><\/li>\n<\/ul>\n<p>[\/vc_column_text][\/vc_column][vc_column width=\u00bb2\/3&#8243;][vc_column_text]<\/p>\n<h2>Aula Cultural Seminario de Psicomotricidad<\/h2>\n<p>[\/vc_column_text][vc_column_text]<\/p>\n<p align=\"justify\">Nuestra intenci\u00f3n con esta Aula es tener un espacio de reflexi\u00f3n grupal para todos los profesionales y estudiantes interesados en la formaci\u00f3n continua en la intervenci\u00f3n psicomotriz. Este seminario se desarrolla mediante encuentros semanales de trabajo grupal todos los mi\u00e9rcoles de 20 a 22 horas en el aula B1004 de la Facultad de Educaci\u00f3n.<\/p>\n<p align=\"justify\">La psicomotricidad es una disciplina con m\u00e1s de un siglo de existencia. El desarrollo profesional requiere de actitudes personales para saber responder a las necesidades que presentan los ni\u00f1os y adultos en un entorno basado en el juego espont\u00e1neo. La formaci\u00f3n continua para la revisi\u00f3n de las actitudes personales, la disponibilidad y la capacidad de escucha es fundamental en esta profesi\u00f3n por lo que se hace necesaria la supervisi\u00f3n de la intervenci\u00f3n por un grupo de profesionales que ayude a tener una mirada global tanto sobre las dificultades y competencias profesionales como sobre las necesidades de los ni\u00f1os y j\u00f3venes atendidos. Compartir las im\u00e1genes y reflexiones sobre la intervenci\u00f3n favorece el aprendizaje en grupo al ofrecer la posibilidad de conocer diferentes modos de hacer en la pr\u00e1ctica y compartir las reflexiones sobre lo que se presenta.<\/p>\n<p align=\"justify\">Pertenecer a esta Aula Cultural permite adem\u00e1s poder compartir las informaciones relativas a la asistencia a diferentes congresos que guardan relaci\u00f3n con los contenidos de esta disciplina y conocer y debatir las nuevas publicaciones e investigaciones relacionadas con esta disciplina.<\/p>\n<p align=\"justify\">La participaci\u00f3n continua en esta Aula supone una formaci\u00f3n gratuita y colaborativa para la profundizaci\u00f3n en esta disciplina de todos aquellos profesionales y estudiantes de la ULL que quieran continuar aprendiendo.<\/p>\n<p>[\/vc_column_text][\/vc_column][\/vc_row]<\/p>\n","protected":false},"excerpt":{"rendered":"<p>[vc_row][vc_column][vc_empty_space][\/vc_column][\/vc_row][vc_row][vc_column width=\u00bb1\/3&#8243;][vc_single_image image=\u00bb1489&#8243; img_size=\u00bbfull\u00bb][vc_column_text]Directora: Tal\u00eda Cristina Morillo Lesme tmorillo@ull.edu.es Secretaria: Raquel Gonz\u00e1lez Hern\u00e1ndez \u00a0rgonzalh@ull.edu.es (+34) 922 31 91 12 Campus&#8230;<\/p>\n","protected":false},"author":22,"featured_media":1490,"parent":0,"menu_order":0,"comment_status":"closed","ping_status":"closed","template":"","meta":{"inline_featured_image":false,"footnotes":""},"acf":[],"yoast_head":"<!-- This site is optimized with the Yoast SEO plugin v21.3 - https:\/\/yoast.com\/wordpress\/plugins\/seo\/ -->\n<title>Aula Cultural Seminario de Psicomotricidad - Aulas y C\u00e1tedras Culturales<\/title>\n<meta name=\"robots\" content=\"index, follow, max-snippet:-1, max-image-preview:large, max-video-preview:-1\" \/>\n<link rel=\"canonical\" href=\"https:\/\/www.ull.es\/portal\/aulasycatedrasculturales\/aula-seminario-de-psicomotricidad\/\" \/>\n<meta property=\"og:locale\" content=\"es_ES\" \/>\n<meta property=\"og:type\" content=\"article\" \/>\n<meta property=\"og:title\" content=\"Aula Cultural Seminario de Psicomotricidad - Aulas y C\u00e1tedras Culturales\" \/>\n<meta property=\"og:description\" content=\"[vc_row][vc_column][vc_empty_space][\/vc_column][\/vc_row][vc_row][vc_column width=\u00bb1\/3&#8243;][vc_single_image image=\u00bb1489&#8243; img_size=\u00bbfull\u00bb][vc_column_text]Directora: Tal\u00eda Cristina Morillo Lesme tmorillo@ull.edu.es Secretaria: Raquel Gonz\u00e1lez Hern\u00e1ndez \u00a0rgonzalh@ull.edu.es (+34) 922 31 91 12 Campus...\" \/>\n<meta property=\"og:url\" content=\"https:\/\/www.ull.es\/portal\/aulasycatedrasculturales\/aula-seminario-de-psicomotricidad\/\" \/>\n<meta property=\"og:site_name\" content=\"Aulas y C\u00e1tedras Culturales\" \/>\n<meta property=\"article:modified_time\" content=\"2025-10-13T13:52:53+00:00\" \/>\n<meta property=\"og:image\" content=\"https:\/\/www.ull.es\/portal\/aulasycatedrasculturales\/wp-content\/uploads\/sites\/19\/2016\/12\/aula-psico2.jpg\" \/>\n\t<meta property=\"og:image:width\" content=\"700\" \/>\n\t<meta property=\"og:image:height\" content=\"394\" \/>\n\t<meta property=\"og:image:type\" content=\"image\/jpeg\" \/>\n<meta name=\"twitter:card\" content=\"summary_large_image\" \/>\n<meta name=\"twitter:label1\" content=\"Tiempo de lectura\" \/>\n\t<meta name=\"twitter:data1\" content=\"2 minutos\" \/>\n<script type=\"application\/ld+json\" class=\"yoast-schema-graph\">{\"@context\":\"https:\/\/schema.org\",\"@graph\":[{\"@type\":\"WebPage\",\"@id\":\"https:\/\/www.ull.es\/portal\/aulasycatedrasculturales\/aula-seminario-de-psicomotricidad\/\",\"url\":\"https:\/\/www.ull.es\/portal\/aulasycatedrasculturales\/aula-seminario-de-psicomotricidad\/\",\"name\":\"Aula Cultural Seminario de Psicomotricidad - Aulas y C\u00e1tedras Culturales\",\"isPartOf\":{\"@id\":\"https:\/\/www.ull.es\/portal\/aulasycatedrasculturales\/#website\"},\"datePublished\":\"2016-12-19T13:01:09+00:00\",\"dateModified\":\"2025-10-13T13:52:53+00:00\",\"breadcrumb\":{\"@id\":\"https:\/\/www.ull.es\/portal\/aulasycatedrasculturales\/aula-seminario-de-psicomotricidad\/#breadcrumb\"},\"inLanguage\":\"es\",\"potentialAction\":[{\"@type\":\"ReadAction\",\"target\":[\"https:\/\/www.ull.es\/portal\/aulasycatedrasculturales\/aula-seminario-de-psicomotricidad\/\"]}]},{\"@type\":\"BreadcrumbList\",\"@id\":\"https:\/\/www.ull.es\/portal\/aulasycatedrasculturales\/aula-seminario-de-psicomotricidad\/#breadcrumb\",\"itemListElement\":[{\"@type\":\"ListItem\",\"position\":1,\"name\":\"Portada\",\"item\":\"https:\/\/www.ull.es\/portal\/aulasycatedrasculturales\/\"},{\"@type\":\"ListItem\",\"position\":2,\"name\":\"Aula Cultural Seminario de Psicomotricidad\"}]},{\"@type\":\"WebSite\",\"@id\":\"https:\/\/www.ull.es\/portal\/aulasycatedrasculturales\/#website\",\"url\":\"https:\/\/www.ull.es\/portal\/aulasycatedrasculturales\/\",\"name\":\"Aulas y C\u00e1tedras Culturales\",\"description\":\"\",\"potentialAction\":[{\"@type\":\"SearchAction\",\"target\":{\"@type\":\"EntryPoint\",\"urlTemplate\":\"https:\/\/www.ull.es\/portal\/aulasycatedrasculturales\/?s={search_term_string}\"},\"query-input\":\"required name=search_term_string\"}],\"inLanguage\":\"es\"}]}<\/script>\n<!-- \/ Yoast SEO plugin. -->","yoast_head_json":{"title":"Aula Cultural Seminario de Psicomotricidad - Aulas y C\u00e1tedras Culturales","robots":{"index":"index","follow":"follow","max-snippet":"max-snippet:-1","max-image-preview":"max-image-preview:large","max-video-preview":"max-video-preview:-1"},"canonical":"https:\/\/www.ull.es\/portal\/aulasycatedrasculturales\/aula-seminario-de-psicomotricidad\/","og_locale":"es_ES","og_type":"article","og_title":"Aula Cultural Seminario de Psicomotricidad - Aulas y C\u00e1tedras Culturales","og_description":"[vc_row][vc_column][vc_empty_space][\/vc_column][\/vc_row][vc_row][vc_column width=\u00bb1\/3&#8243;][vc_single_image image=\u00bb1489&#8243; img_size=\u00bbfull\u00bb][vc_column_text]Directora: Tal\u00eda Cristina Morillo Lesme tmorillo@ull.edu.es Secretaria: Raquel Gonz\u00e1lez Hern\u00e1ndez \u00a0rgonzalh@ull.edu.es (+34) 922 31 91 12 Campus...","og_url":"https:\/\/www.ull.es\/portal\/aulasycatedrasculturales\/aula-seminario-de-psicomotricidad\/","og_site_name":"Aulas y C\u00e1tedras Culturales","article_modified_time":"2025-10-13T13:52:53+00:00","og_image":[{"width":700,"height":394,"url":"https:\/\/www.ull.es\/portal\/aulasycatedrasculturales\/wp-content\/uploads\/sites\/19\/2016\/12\/aula-psico2.jpg","type":"image\/jpeg"}],"twitter_card":"summary_large_image","twitter_misc":{"Tiempo de lectura":"2 minutos"},"schema":{"@context":"https:\/\/schema.org","@graph":[{"@type":"WebPage","@id":"https:\/\/www.ull.es\/portal\/aulasycatedrasculturales\/aula-seminario-de-psicomotricidad\/","url":"https:\/\/www.ull.es\/portal\/aulasycatedrasculturales\/aula-seminario-de-psicomotricidad\/","name":"Aula Cultural Seminario de Psicomotricidad - Aulas y C\u00e1tedras Culturales","isPartOf":{"@id":"https:\/\/www.ull.es\/portal\/aulasycatedrasculturales\/#website"},"datePublished":"2016-12-19T13:01:09+00:00","dateModified":"2025-10-13T13:52:53+00:00","breadcrumb":{"@id":"https:\/\/www.ull.es\/portal\/aulasycatedrasculturales\/aula-seminario-de-psicomotricidad\/#breadcrumb"},"inLanguage":"es","potentialAction":[{"@type":"ReadAction","target":["https:\/\/www.ull.es\/portal\/aulasycatedrasculturales\/aula-seminario-de-psicomotricidad\/"]}]},{"@type":"BreadcrumbList","@id":"https:\/\/www.ull.es\/portal\/aulasycatedrasculturales\/aula-seminario-de-psicomotricidad\/#breadcrumb","itemListElement":[{"@type":"ListItem","position":1,"name":"Portada","item":"https:\/\/www.ull.es\/portal\/aulasycatedrasculturales\/"},{"@type":"ListItem","position":2,"name":"Aula Cultural Seminario de Psicomotricidad"}]},{"@type":"WebSite","@id":"https:\/\/www.ull.es\/portal\/aulasycatedrasculturales\/#website","url":"https:\/\/www.ull.es\/portal\/aulasycatedrasculturales\/","name":"Aulas y C\u00e1tedras Culturales","description":"","potentialAction":[{"@type":"SearchAction","target":{"@type":"EntryPoint","urlTemplate":"https:\/\/www.ull.es\/portal\/aulasycatedrasculturales\/?s={search_term_string}"},"query-input":"required name=search_term_string"}],"inLanguage":"es"}]}},"_links":{"self":[{"href":"https:\/\/www.ull.es\/portal\/aulasycatedrasculturales\/wp-json\/wp\/v2\/pages\/119"}],"collection":[{"href":"https:\/\/www.ull.es\/portal\/aulasycatedrasculturales\/wp-json\/wp\/v2\/pages"}],"about":[{"href":"https:\/\/www.ull.es\/portal\/aulasycatedrasculturales\/wp-json\/wp\/v2\/types\/page"}],"author":[{"embeddable":true,"href":"https:\/\/www.ull.es\/portal\/aulasycatedrasculturales\/wp-json\/wp\/v2\/users\/22"}],"replies":[{"embeddable":true,"href":"https:\/\/www.ull.es\/portal\/aulasycatedrasculturales\/wp-json\/wp\/v2\/comments?post=119"}],"version-history":[{"count":9,"href":"https:\/\/www.ull.es\/portal\/aulasycatedrasculturales\/wp-json\/wp\/v2\/pages\/119\/revisions"}],"predecessor-version":[{"id":2391,"href":"https:\/\/www.ull.es\/portal\/aulasycatedrasculturales\/wp-json\/wp\/v2\/pages\/119\/revisions\/2391"}],"wp:featuredmedia":[{"embeddable":true,"href":"https:\/\/www.ull.es\/portal\/aulasycatedrasculturales\/wp-json\/wp\/v2\/media\/1490"}],"wp:attachment":[{"href":"https:\/\/www.ull.es\/portal\/aulasycatedrasculturales\/wp-json\/wp\/v2\/media?parent=119"}],"curies":[{"name":"wp","href":"https:\/\/api.w.org\/{rel}","templated":true}]}}