{"id":122,"date":"2016-12-19T13:04:39","date_gmt":"2016-12-19T13:04:39","guid":{"rendered":"https:\/\/www.ull.es\/portal\/aulasycatedrasculturales\/?page_id=122"},"modified":"2022-12-09T09:32:39","modified_gmt":"2022-12-09T09:32:39","slug":"aula-cultural-radio-campus","status":"publish","type":"page","link":"https:\/\/www.ull.es\/portal\/aulasycatedrasculturales\/aula-cultural-radio-campus\/","title":{"rendered":"Aula Cultural Radio Campus"},"content":{"rendered":"<p>[vc_row][vc_column][vc_empty_space][\/vc_column][\/vc_row][vc_row][vc_column width=\u00bb1\/3&#8243;][vc_single_image image=\u00bb1924&#8243; img_size=\u00bb360&#215;360&#8243; alignment=\u00bbcenter\u00bb][vc_column_text]<strong>Director: <\/strong>Luis Javier Capote P\u00e9rez<br \/>\n<strong>Co-directora:<\/strong> Eva Mar\u00eda Gonz\u00e1lez Lorenzo.<\/p>\n<ul>\n<li><i class=\"fa fa-phone\"><\/i>(+34 922 31 74 19<\/li>\n<li><i class=\"fa fa-envelope\"><\/i> <a href=\"mailto:rcampus@ull.es\" target=\"_blank\" rel=\"noopener\"> rcampus@ull.es <\/a><\/li>\n<li><i class=\"fa fa-external-link\"><\/i> <a href=\"https:\/\/www.ull.es\/rcampus\" target=\"_blank\" rel=\"noopener\">web<\/a><\/li>\n<\/ul>\n<p>[\/vc_column_text][\/vc_column][vc_column width=\u00bb2\/3&#8243;][vc_column_text]<\/p>\n<h2><strong>Aula Cultural Radio Campus<\/strong><\/h2>\n<p>[\/vc_column_text][vc_column_text]Emisora radiof\u00f3nica de la Universidad de La Laguna. La Radio universitaria m\u00e1s antigua de Espa\u00f1a[\/vc_column_text][\/vc_column][\/vc_row]<\/p>\n","protected":false},"excerpt":{"rendered":"<p>[vc_row][vc_column][vc_empty_space][\/vc_column][\/vc_row][vc_row][vc_column width=\u00bb1\/3&#8243;][vc_single_image image=\u00bb1924&#8243; img_size=\u00bb360&#215;360&#8243; alignment=\u00bbcenter\u00bb][vc_column_text]Director: Luis Javier Capote P\u00e9rez Co-directora: Eva Mar\u00eda Gonz\u00e1lez Lorenzo. (+34 922 31 74 19 rcampus@ull.es&#8230;<\/p>\n","protected":false},"author":22,"featured_media":1402,"parent":0,"menu_order":0,"comment_status":"closed","ping_status":"closed","template":"","meta":{"inline_featured_image":false,"footnotes":""},"acf":[],"yoast_head":"<!-- This site is optimized with the Yoast SEO plugin v21.3 - https:\/\/yoast.com\/wordpress\/plugins\/seo\/ -->\n<title>Aula Cultural Radio Campus - Aulas y C\u00e1tedras Culturales<\/title>\n<meta name=\"robots\" content=\"index, follow, max-snippet:-1, max-image-preview:large, max-video-preview:-1\" \/>\n<link rel=\"canonical\" href=\"https:\/\/www.ull.es\/portal\/aulasycatedrasculturales\/aula-cultural-radio-campus\/\" \/>\n<meta property=\"og:locale\" content=\"es_ES\" \/>\n<meta property=\"og:type\" content=\"article\" \/>\n<meta property=\"og:title\" content=\"Aula Cultural Radio Campus - Aulas y C\u00e1tedras Culturales\" \/>\n<meta property=\"og:description\" content=\"[vc_row][vc_column][vc_empty_space][\/vc_column][\/vc_row][vc_row][vc_column width=\u00bb1\/3&#8243;][vc_single_image image=\u00bb1924&#8243; img_size=\u00bb360&#215;360&#8243; alignment=\u00bbcenter\u00bb][vc_column_text]Director: Luis Javier Capote P\u00e9rez Co-directora: Eva Mar\u00eda Gonz\u00e1lez Lorenzo. (+34 922 31 74 19 rcampus@ull.es...\" \/>\n<meta property=\"og:url\" content=\"https:\/\/www.ull.es\/portal\/aulasycatedrasculturales\/aula-cultural-radio-campus\/\" \/>\n<meta property=\"og:site_name\" content=\"Aulas y C\u00e1tedras Culturales\" \/>\n<meta property=\"article:modified_time\" content=\"2022-12-09T09:32:39+00:00\" \/>\n<meta property=\"og:image\" content=\"https:\/\/www.ull.es\/portal\/aulasycatedrasculturales\/wp-content\/uploads\/sites\/19\/2016\/12\/aula_radio.png\" \/>\n\t<meta property=\"og:image:width\" content=\"360\" \/>\n\t<meta property=\"og:image:height\" content=\"360\" \/>\n\t<meta property=\"og:image:type\" content=\"image\/png\" \/>\n<meta name=\"twitter:card\" content=\"summary_large_image\" \/>\n<meta name=\"twitter:label1\" content=\"Tiempo de lectura\" \/>\n\t<meta name=\"twitter:data1\" content=\"1 minuto\" \/>\n<script type=\"application\/ld+json\" class=\"yoast-schema-graph\">{\"@context\":\"https:\/\/schema.org\",\"@graph\":[{\"@type\":\"WebPage\",\"@id\":\"https:\/\/www.ull.es\/portal\/aulasycatedrasculturales\/aula-cultural-radio-campus\/\",\"url\":\"https:\/\/www.ull.es\/portal\/aulasycatedrasculturales\/aula-cultural-radio-campus\/\",\"name\":\"Aula Cultural Radio Campus - Aulas y C\u00e1tedras Culturales\",\"isPartOf\":{\"@id\":\"https:\/\/www.ull.es\/portal\/aulasycatedrasculturales\/#website\"},\"datePublished\":\"2016-12-19T13:04:39+00:00\",\"dateModified\":\"2022-12-09T09:32:39+00:00\",\"breadcrumb\":{\"@id\":\"https:\/\/www.ull.es\/portal\/aulasycatedrasculturales\/aula-cultural-radio-campus\/#breadcrumb\"},\"inLanguage\":\"es\",\"potentialAction\":[{\"@type\":\"ReadAction\",\"target\":[\"https:\/\/www.ull.es\/portal\/aulasycatedrasculturales\/aula-cultural-radio-campus\/\"]}]},{\"@type\":\"BreadcrumbList\",\"@id\":\"https:\/\/www.ull.es\/portal\/aulasycatedrasculturales\/aula-cultural-radio-campus\/#breadcrumb\",\"itemListElement\":[{\"@type\":\"ListItem\",\"position\":1,\"name\":\"Portada\",\"item\":\"https:\/\/www.ull.es\/portal\/aulasycatedrasculturales\/\"},{\"@type\":\"ListItem\",\"position\":2,\"name\":\"Aula Cultural Radio Campus\"}]},{\"@type\":\"WebSite\",\"@id\":\"https:\/\/www.ull.es\/portal\/aulasycatedrasculturales\/#website\",\"url\":\"https:\/\/www.ull.es\/portal\/aulasycatedrasculturales\/\",\"name\":\"Aulas y C\u00e1tedras Culturales\",\"description\":\"\",\"potentialAction\":[{\"@type\":\"SearchAction\",\"target\":{\"@type\":\"EntryPoint\",\"urlTemplate\":\"https:\/\/www.ull.es\/portal\/aulasycatedrasculturales\/?s={search_term_string}\"},\"query-input\":\"required name=search_term_string\"}],\"inLanguage\":\"es\"}]}<\/script>\n<!-- \/ Yoast SEO plugin. -->","yoast_head_json":{"title":"Aula Cultural Radio Campus - Aulas y C\u00e1tedras Culturales","robots":{"index":"index","follow":"follow","max-snippet":"max-snippet:-1","max-image-preview":"max-image-preview:large","max-video-preview":"max-video-preview:-1"},"canonical":"https:\/\/www.ull.es\/portal\/aulasycatedrasculturales\/aula-cultural-radio-campus\/","og_locale":"es_ES","og_type":"article","og_title":"Aula Cultural Radio Campus - Aulas y C\u00e1tedras Culturales","og_description":"[vc_row][vc_column][vc_empty_space][\/vc_column][\/vc_row][vc_row][vc_column width=\u00bb1\/3&#8243;][vc_single_image image=\u00bb1924&#8243; img_size=\u00bb360&#215;360&#8243; alignment=\u00bbcenter\u00bb][vc_column_text]Director: Luis Javier Capote P\u00e9rez Co-directora: Eva Mar\u00eda Gonz\u00e1lez Lorenzo. (+34 922 31 74 19 rcampus@ull.es...","og_url":"https:\/\/www.ull.es\/portal\/aulasycatedrasculturales\/aula-cultural-radio-campus\/","og_site_name":"Aulas y C\u00e1tedras Culturales","article_modified_time":"2022-12-09T09:32:39+00:00","og_image":[{"width":360,"height":360,"url":"https:\/\/www.ull.es\/portal\/aulasycatedrasculturales\/wp-content\/uploads\/sites\/19\/2016\/12\/aula_radio.png","type":"image\/png"}],"twitter_card":"summary_large_image","twitter_misc":{"Tiempo de lectura":"1 minuto"},"schema":{"@context":"https:\/\/schema.org","@graph":[{"@type":"WebPage","@id":"https:\/\/www.ull.es\/portal\/aulasycatedrasculturales\/aula-cultural-radio-campus\/","url":"https:\/\/www.ull.es\/portal\/aulasycatedrasculturales\/aula-cultural-radio-campus\/","name":"Aula Cultural Radio Campus - Aulas y C\u00e1tedras Culturales","isPartOf":{"@id":"https:\/\/www.ull.es\/portal\/aulasycatedrasculturales\/#website"},"datePublished":"2016-12-19T13:04:39+00:00","dateModified":"2022-12-09T09:32:39+00:00","breadcrumb":{"@id":"https:\/\/www.ull.es\/portal\/aulasycatedrasculturales\/aula-cultural-radio-campus\/#breadcrumb"},"inLanguage":"es","potentialAction":[{"@type":"ReadAction","target":["https:\/\/www.ull.es\/portal\/aulasycatedrasculturales\/aula-cultural-radio-campus\/"]}]},{"@type":"BreadcrumbList","@id":"https:\/\/www.ull.es\/portal\/aulasycatedrasculturales\/aula-cultural-radio-campus\/#breadcrumb","itemListElement":[{"@type":"ListItem","position":1,"name":"Portada","item":"https:\/\/www.ull.es\/portal\/aulasycatedrasculturales\/"},{"@type":"ListItem","position":2,"name":"Aula Cultural Radio Campus"}]},{"@type":"WebSite","@id":"https:\/\/www.ull.es\/portal\/aulasycatedrasculturales\/#website","url":"https:\/\/www.ull.es\/portal\/aulasycatedrasculturales\/","name":"Aulas y C\u00e1tedras Culturales","description":"","potentialAction":[{"@type":"SearchAction","target":{"@type":"EntryPoint","urlTemplate":"https:\/\/www.ull.es\/portal\/aulasycatedrasculturales\/?s={search_term_string}"},"query-input":"required name=search_term_string"}],"inLanguage":"es"}]}},"_links":{"self":[{"href":"https:\/\/www.ull.es\/portal\/aulasycatedrasculturales\/wp-json\/wp\/v2\/pages\/122"}],"collection":[{"href":"https:\/\/www.ull.es\/portal\/aulasycatedrasculturales\/wp-json\/wp\/v2\/pages"}],"about":[{"href":"https:\/\/www.ull.es\/portal\/aulasycatedrasculturales\/wp-json\/wp\/v2\/types\/page"}],"author":[{"embeddable":true,"href":"https:\/\/www.ull.es\/portal\/aulasycatedrasculturales\/wp-json\/wp\/v2\/users\/22"}],"replies":[{"embeddable":true,"href":"https:\/\/www.ull.es\/portal\/aulasycatedrasculturales\/wp-json\/wp\/v2\/comments?post=122"}],"version-history":[{"count":7,"href":"https:\/\/www.ull.es\/portal\/aulasycatedrasculturales\/wp-json\/wp\/v2\/pages\/122\/revisions"}],"predecessor-version":[{"id":2258,"href":"https:\/\/www.ull.es\/portal\/aulasycatedrasculturales\/wp-json\/wp\/v2\/pages\/122\/revisions\/2258"}],"wp:featuredmedia":[{"embeddable":true,"href":"https:\/\/www.ull.es\/portal\/aulasycatedrasculturales\/wp-json\/wp\/v2\/media\/1402"}],"wp:attachment":[{"href":"https:\/\/www.ull.es\/portal\/aulasycatedrasculturales\/wp-json\/wp\/v2\/media?parent=122"}],"curies":[{"name":"wp","href":"https:\/\/api.w.org\/{rel}","templated":true}]}}